{"id":83,"date":"2022-05-31T06:47:46","date_gmt":"2022-05-31T03:47:46","guid":{"rendered":"https:\/\/help.jamk.fi\/tekstitaidot\/1-tekstilajit\/1-2-asiantuntijablogitekstit\/"},"modified":"2025-03-21T15:54:44","modified_gmt":"2025-03-21T13:54:44","slug":"1-2-asiantuntijablogitekstit","status":"publish","type":"page","link":"https:\/\/help.jamk.fi\/tekstitaidot\/fi\/1-tekstilajit\/1-2-asiantuntijablogitekstit\/","title":{"rendered":"1.2 Asiantuntijablogit"},"content":{"rendered":"\n<p>Asiantuntijablogi on yleiskielinen asiantuntijateksti, jota k\u00e4ytet\u00e4\u00e4n erityisesti ty\u00f6el\u00e4m\u00e4ss\u00e4. My\u00f6s opinnoissa saatetaan tutustua ja jopa kirjoittaa asiantuntijablogitekstej\u00e4. Kyseess\u00e4 on raporttiin ja esseeseen verrattuna hyvin erilainen tekstilaji. T\u00e4ll\u00e4 sivulla esitell\u00e4\u00e4n asiantuntijablogin keskeisimm\u00e4t piirteet sek\u00e4 ohjeistetaan blogitekstin kirjoittamista.<\/p>\n\n\n\n<h2 class=\"wp-block-heading\">Millainen on asiantuntijablogi?<\/h2>\n\n\n\n<p>Videolla esitell\u00e4\u00e4n asiantuntijablogin keskeisimm\u00e4t tuntomerkit. Katso video painamalla kuvaa tai <a href=\"https:\/\/panopto.jamk.fi\/Panopto\/Pages\/Viewer.aspx?id=1e9e5933-02c4-4e50-b3b7-af4f00bbf6bf\">&#8221;Millainen on asiantuntijablogi?&#8221;<\/a>.<\/p>\n\n\n\r\n<div id=\"embed-block_d763ff971756b6a64adf99df810925dd\" class=\"embed block-embed\">\r\n      <div class=\"block-embed__wrapper\">\r\n\r\n      \r\n          <div class=\"block-embed__cookie-notice--wrapper\" id=\"cookie-notice\">\r\n              <div class=\"block-embed__cookie-notice--text\">\r\n                                    <p>Hyv\u00e4ksy v\u00e4ltt\u00e4m\u00e4tt\u00f6m\u00e4t ev\u00e4steet n\u00e4hd\u00e4ksesi upotetun sis\u00e4ll\u00f6n: preferences.<\/p>\r\n                  <a href=\"#\" class=\"ch2-open-settings-btn\"> Hyv\u00e4ksy v\u00e4ltt\u00e4m\u00e4tt\u00f6m\u00e4t ev\u00e4steet<\/a>\r\n              <\/div>\r\n              <div class=\"block-embed__cookie-reload-notice\">\r\n                  <p class=\"cookie-reload-text\">\r\n                    (Jos olet hyv\u00e4ksynyt ev\u00e4steet, mutta n\u00e4et silti t\u00e4m\u00e4n viestin, lataa sivu uudelleen.)                  <\/p>\r\n                  <a href=\"#\" onclick=\"location.reload(); return false;\">\r\n                    Lataa sivu uudelleen                  <\/a>\r\n              <\/div>\r\n          <\/div>\r\n\r\n      \r\n      <\/div>\r\n<\/div>\r\n\n\n\n<p><a href=\"https:\/\/help.jamk.fi\/tekstitaidot\/wp-content\/uploads\/sites\/63\/2023\/09\/Millainen-on-asiantuntijablogi.pdf\">Diaesitys pdf-tiedostona<\/a><\/p>\n\n\n\n<h2 class=\"wp-block-heading\">N\u00e4in kirjoitat blogitekstin<\/h2>\n\n\n\n<p>Videolla neuvotaan, mit\u00e4 asioita blogiteksti\u00e4 kirjoittaessa tulisi muistaa. Katso video painamalla kuvaa tai <a href=\"https:\/\/panopto.jamk.fi\/Panopto\/Pages\/Viewer.aspx?id=3786f731-1ec7-444a-8dea-af4f00bad182\">&#8221;N\u00e4in kirjoitat blogitekstin&#8221;<\/a>.<\/p>\n\n\n\r\n<div id=\"embed-block_e1ab267b3fbabb282b6a553a6fa2e89c\" class=\"embed block-embed\">\r\n      <div class=\"block-embed__wrapper\">\r\n\r\n      \r\n          <div class=\"block-embed__cookie-notice--wrapper\" id=\"cookie-notice\">\r\n              <div class=\"block-embed__cookie-notice--text\">\r\n                                    <p>Hyv\u00e4ksy v\u00e4ltt\u00e4m\u00e4tt\u00f6m\u00e4t ev\u00e4steet n\u00e4hd\u00e4ksesi upotetun sis\u00e4ll\u00f6n: preferences.<\/p>\r\n                  <a href=\"#\" class=\"ch2-open-settings-btn\"> Hyv\u00e4ksy v\u00e4ltt\u00e4m\u00e4tt\u00f6m\u00e4t ev\u00e4steet<\/a>\r\n              <\/div>\r\n              <div class=\"block-embed__cookie-reload-notice\">\r\n                  <p class=\"cookie-reload-text\">\r\n                    (Jos olet hyv\u00e4ksynyt ev\u00e4steet, mutta n\u00e4et silti t\u00e4m\u00e4n viestin, lataa sivu uudelleen.)                  <\/p>\r\n                  <a href=\"#\" onclick=\"location.reload(); return false;\">\r\n                    Lataa sivu uudelleen                  <\/a>\r\n              <\/div>\r\n          <\/div>\r\n\r\n      \r\n      <\/div>\r\n<\/div>\r\n\n\n\n<p><a href=\"https:\/\/help.jamk.fi\/tekstitaidot\/wp-content\/uploads\/sites\/63\/2023\/09\/Nain-kirjoitat-blogitekstin.pdf\">Diaesitys pdf-tiedostona<\/a><\/p>\n","protected":false},"excerpt":{"rendered":"<p>Asiantuntijablogi on yleiskielinen asiantuntijateksti, jota k\u00e4ytet\u00e4\u00e4n erityisesti ty\u00f6el\u00e4m\u00e4ss\u00e4. My\u00f6s opinnoissa saatetaan tutustua ja jopa kirjoittaa asiantuntijablogitekstej\u00e4. Kyseess\u00e4 on raporttiin ja esseeseen verrattuna hyvin erilainen tekstilaji. T\u00e4ll\u00e4 sivulla esitell\u00e4\u00e4n asiantuntijablogin keskeisimm\u00e4t piirteet sek\u00e4 ohjeistetaan blogitekstin kirjoittamista. Millainen on asiantuntijablogi? Videolla esitell\u00e4\u00e4n asiantuntijablogin keskeisimm\u00e4t tuntomerkit. Katso video painamalla kuvaa tai &#8221;Millainen on asiantuntijablogi?&#8221;. Diaesitys pdf-tiedostona N\u00e4in kirjoitat [&hellip;]<\/p>\n","protected":false},"author":93,"featured_media":0,"parent":8,"menu_order":0,"comment_status":"closed","ping_status":"closed","template":"","meta":{"_acf_changed":false,"_relevanssi_hide_post":"","_relevanssi_hide_content":"","_relevanssi_pin_for_all":"","_relevanssi_pin_keywords":"","_relevanssi_unpin_keywords":"","_relevanssi_related_keywords":"","_relevanssi_related_include_ids":"","_relevanssi_related_exclude_ids":"","_relevanssi_related_no_append":"","_relevanssi_related_not_related":"","_relevanssi_related_posts":"","_relevanssi_noindex_reason":"","footnotes":""},"categories":[1],"tags":[],"class_list":["post-83","page","type-page","status-publish","hentry","category-yleinen"],"acf":[],"yoast_head":"<!-- This site is optimized with the Yoast SEO plugin v27.3 - https:\/\/yoast.com\/product\/yoast-seo-wordpress\/ -->\n<title>1.2 Asiantuntijablogit - Tekstitaidot haltuun<\/title>\n<meta name=\"robots\" content=\"index, follow, max-snippet:-1, max-image-preview:large, max-video-preview:-1\" \/>\n<link rel=\"canonical\" href=\"https:\/\/help.jamk.fi\/tekstitaidot\/fi\/1-tekstilajit\/1-2-asiantuntijablogitekstit\/\" \/>\n<meta property=\"og:locale\" content=\"fi_FI\" \/>\n<meta property=\"og:type\" content=\"article\" \/>\n<meta property=\"og:title\" content=\"1.2 Asiantuntijablogit - Tekstitaidot haltuun\" \/>\n<meta property=\"og:description\" content=\"Asiantuntijablogi on yleiskielinen asiantuntijateksti, jota k\u00e4ytet\u00e4\u00e4n erityisesti ty\u00f6el\u00e4m\u00e4ss\u00e4. My\u00f6s opinnoissa saatetaan tutustua ja jopa kirjoittaa asiantuntijablogitekstej\u00e4. Kyseess\u00e4 on raporttiin ja esseeseen verrattuna hyvin erilainen tekstilaji. T\u00e4ll\u00e4 sivulla esitell\u00e4\u00e4n asiantuntijablogin keskeisimm\u00e4t piirteet sek\u00e4 ohjeistetaan blogitekstin kirjoittamista. Millainen on asiantuntijablogi? Videolla esitell\u00e4\u00e4n asiantuntijablogin keskeisimm\u00e4t tuntomerkit. Katso video painamalla kuvaa tai &#8221;Millainen on asiantuntijablogi?&#8221;. Diaesitys pdf-tiedostona N\u00e4in kirjoitat [&hellip;]\" \/>\n<meta property=\"og:url\" content=\"https:\/\/help.jamk.fi\/tekstitaidot\/fi\/1-tekstilajit\/1-2-asiantuntijablogitekstit\/\" \/>\n<meta property=\"og:site_name\" content=\"Tekstitaidot haltuun\" \/>\n<meta property=\"article:modified_time\" content=\"2025-03-21T13:54:44+00:00\" \/>\n<meta name=\"twitter:card\" content=\"summary_large_image\" \/>\n<meta name=\"twitter:label1\" content=\"Arvioitu lukuaika\" \/>\n\t<meta name=\"twitter:data1\" content=\"1 minuutti\" \/>\n<script type=\"application\/ld+json\" class=\"yoast-schema-graph\">{\"@context\":\"https:\\\/\\\/schema.org\",\"@graph\":[{\"@type\":\"WebPage\",\"@id\":\"https:\\\/\\\/help.jamk.fi\\\/tekstitaidot\\\/fi\\\/1-tekstilajit\\\/1-2-asiantuntijablogitekstit\\\/\",\"url\":\"https:\\\/\\\/help.jamk.fi\\\/tekstitaidot\\\/fi\\\/1-tekstilajit\\\/1-2-asiantuntijablogitekstit\\\/\",\"name\":\"1.2 Asiantuntijablogit - Tekstitaidot haltuun\",\"isPartOf\":{\"@id\":\"https:\\\/\\\/help.jamk.fi\\\/tekstitaidot\\\/#website\"},\"datePublished\":\"2022-05-31T03:47:46+00:00\",\"dateModified\":\"2025-03-21T13:54:44+00:00\",\"breadcrumb\":{\"@id\":\"https:\\\/\\\/help.jamk.fi\\\/tekstitaidot\\\/fi\\\/1-tekstilajit\\\/1-2-asiantuntijablogitekstit\\\/#breadcrumb\"},\"inLanguage\":\"fi\",\"potentialAction\":[{\"@type\":\"ReadAction\",\"target\":[\"https:\\\/\\\/help.jamk.fi\\\/tekstitaidot\\\/fi\\\/1-tekstilajit\\\/1-2-asiantuntijablogitekstit\\\/\"]}]},{\"@type\":\"BreadcrumbList\",\"@id\":\"https:\\\/\\\/help.jamk.fi\\\/tekstitaidot\\\/fi\\\/1-tekstilajit\\\/1-2-asiantuntijablogitekstit\\\/#breadcrumb\",\"itemListElement\":[{\"@type\":\"ListItem\",\"position\":1,\"name\":\"Etusivu\",\"item\":\"https:\\\/\\\/help.jamk.fi\\\/tekstitaidot\\\/fi\\\/\"},{\"@type\":\"ListItem\",\"position\":2,\"name\":\"1 Tekstilajit\",\"item\":\"https:\\\/\\\/help.jamk.fi\\\/tekstitaidot\\\/fi\\\/1-tekstilajit\\\/\"},{\"@type\":\"ListItem\",\"position\":3,\"name\":\"1.2 Asiantuntijablogit\"}]},{\"@type\":\"WebSite\",\"@id\":\"https:\\\/\\\/help.jamk.fi\\\/tekstitaidot\\\/#website\",\"url\":\"https:\\\/\\\/help.jamk.fi\\\/tekstitaidot\\\/\",\"name\":\"Tekstitaidot haltuun\",\"description\":\"\",\"potentialAction\":[{\"@type\":\"SearchAction\",\"target\":{\"@type\":\"EntryPoint\",\"urlTemplate\":\"https:\\\/\\\/help.jamk.fi\\\/tekstitaidot\\\/?s={search_term_string}\"},\"query-input\":{\"@type\":\"PropertyValueSpecification\",\"valueRequired\":true,\"valueName\":\"search_term_string\"}}],\"inLanguage\":\"fi\"}]}<\/script>\n<!-- \/ Yoast SEO plugin. -->","yoast_head_json":{"title":"1.2 Asiantuntijablogit - Tekstitaidot haltuun","robots":{"index":"index","follow":"follow","max-snippet":"max-snippet:-1","max-image-preview":"max-image-preview:large","max-video-preview":"max-video-preview:-1"},"canonical":"https:\/\/help.jamk.fi\/tekstitaidot\/fi\/1-tekstilajit\/1-2-asiantuntijablogitekstit\/","og_locale":"fi_FI","og_type":"article","og_title":"1.2 Asiantuntijablogit - Tekstitaidot haltuun","og_description":"Asiantuntijablogi on yleiskielinen asiantuntijateksti, jota k\u00e4ytet\u00e4\u00e4n erityisesti ty\u00f6el\u00e4m\u00e4ss\u00e4. My\u00f6s opinnoissa saatetaan tutustua ja jopa kirjoittaa asiantuntijablogitekstej\u00e4. Kyseess\u00e4 on raporttiin ja esseeseen verrattuna hyvin erilainen tekstilaji. T\u00e4ll\u00e4 sivulla esitell\u00e4\u00e4n asiantuntijablogin keskeisimm\u00e4t piirteet sek\u00e4 ohjeistetaan blogitekstin kirjoittamista. Millainen on asiantuntijablogi? Videolla esitell\u00e4\u00e4n asiantuntijablogin keskeisimm\u00e4t tuntomerkit. Katso video painamalla kuvaa tai &#8221;Millainen on asiantuntijablogi?&#8221;. Diaesitys pdf-tiedostona N\u00e4in kirjoitat [&hellip;]","og_url":"https:\/\/help.jamk.fi\/tekstitaidot\/fi\/1-tekstilajit\/1-2-asiantuntijablogitekstit\/","og_site_name":"Tekstitaidot haltuun","article_modified_time":"2025-03-21T13:54:44+00:00","twitter_card":"summary_large_image","twitter_misc":{"Arvioitu lukuaika":"1 minuutti"},"schema":{"@context":"https:\/\/schema.org","@graph":[{"@type":"WebPage","@id":"https:\/\/help.jamk.fi\/tekstitaidot\/fi\/1-tekstilajit\/1-2-asiantuntijablogitekstit\/","url":"https:\/\/help.jamk.fi\/tekstitaidot\/fi\/1-tekstilajit\/1-2-asiantuntijablogitekstit\/","name":"1.2 Asiantuntijablogit - Tekstitaidot haltuun","isPartOf":{"@id":"https:\/\/help.jamk.fi\/tekstitaidot\/#website"},"datePublished":"2022-05-31T03:47:46+00:00","dateModified":"2025-03-21T13:54:44+00:00","breadcrumb":{"@id":"https:\/\/help.jamk.fi\/tekstitaidot\/fi\/1-tekstilajit\/1-2-asiantuntijablogitekstit\/#breadcrumb"},"inLanguage":"fi","potentialAction":[{"@type":"ReadAction","target":["https:\/\/help.jamk.fi\/tekstitaidot\/fi\/1-tekstilajit\/1-2-asiantuntijablogitekstit\/"]}]},{"@type":"BreadcrumbList","@id":"https:\/\/help.jamk.fi\/tekstitaidot\/fi\/1-tekstilajit\/1-2-asiantuntijablogitekstit\/#breadcrumb","itemListElement":[{"@type":"ListItem","position":1,"name":"Etusivu","item":"https:\/\/help.jamk.fi\/tekstitaidot\/fi\/"},{"@type":"ListItem","position":2,"name":"1 Tekstilajit","item":"https:\/\/help.jamk.fi\/tekstitaidot\/fi\/1-tekstilajit\/"},{"@type":"ListItem","position":3,"name":"1.2 Asiantuntijablogit"}]},{"@type":"WebSite","@id":"https:\/\/help.jamk.fi\/tekstitaidot\/#website","url":"https:\/\/help.jamk.fi\/tekstitaidot\/","name":"Tekstitaidot haltuun","description":"","potentialAction":[{"@type":"SearchAction","target":{"@type":"EntryPoint","urlTemplate":"https:\/\/help.jamk.fi\/tekstitaidot\/?s={search_term_string}"},"query-input":{"@type":"PropertyValueSpecification","valueRequired":true,"valueName":"search_term_string"}}],"inLanguage":"fi"}]}},"_links":{"self":[{"href":"https:\/\/help.jamk.fi\/tekstitaidot\/wp-json\/wp\/v2\/pages\/83","targetHints":{"allow":["GET"]}}],"collection":[{"href":"https:\/\/help.jamk.fi\/tekstitaidot\/wp-json\/wp\/v2\/pages"}],"about":[{"href":"https:\/\/help.jamk.fi\/tekstitaidot\/wp-json\/wp\/v2\/types\/page"}],"author":[{"embeddable":true,"href":"https:\/\/help.jamk.fi\/tekstitaidot\/wp-json\/wp\/v2\/users\/93"}],"replies":[{"embeddable":true,"href":"https:\/\/help.jamk.fi\/tekstitaidot\/wp-json\/wp\/v2\/comments?post=83"}],"version-history":[{"count":14,"href":"https:\/\/help.jamk.fi\/tekstitaidot\/wp-json\/wp\/v2\/pages\/83\/revisions"}],"predecessor-version":[{"id":639,"href":"https:\/\/help.jamk.fi\/tekstitaidot\/wp-json\/wp\/v2\/pages\/83\/revisions\/639"}],"up":[{"embeddable":true,"href":"https:\/\/help.jamk.fi\/tekstitaidot\/wp-json\/wp\/v2\/pages\/8"}],"wp:attachment":[{"href":"https:\/\/help.jamk.fi\/tekstitaidot\/wp-json\/wp\/v2\/media?parent=83"}],"wp:term":[{"taxonomy":"category","embeddable":true,"href":"https:\/\/help.jamk.fi\/tekstitaidot\/wp-json\/wp\/v2\/categories?post=83"},{"taxonomy":"post_tag","embeddable":true,"href":"https:\/\/help.jamk.fi\/tekstitaidot\/wp-json\/wp\/v2\/tags?post=83"}],"curies":[{"name":"wp","href":"https:\/\/api.w.org\/{rel}","templated":true}]}}