{"id":89,"date":"2022-05-31T06:52:40","date_gmt":"2022-05-31T03:52:40","guid":{"rendered":"https:\/\/help.jamk.fi\/tekstitaidot\/1-tekstilajit\/1-3-muut-tekstilajit\/"},"modified":"2025-03-21T13:11:52","modified_gmt":"2025-03-21T11:11:52","slug":"1-3-muut-tekstilajit","status":"publish","type":"page","link":"https:\/\/help.jamk.fi\/tekstitaidot\/fi\/1-tekstilajit\/1-3-muut-tekstilajit\/","title":{"rendered":"1.3 Muut tekstilajit"},"content":{"rendered":"\n<p>Vaikka raportti ja essee ovat yleisimm\u00e4t korkeakouluteht\u00e4vien tekstilajit, saatat t\u00f6rm\u00e4t\u00e4 my\u00f6s muihin tekstilajeihin opinnoissasi. T\u00e4lle sivulle on koottu linkkej\u00e4 muiden tekstilajien esittelemiseen. <\/p>\n\n\n\n<h2 class=\"wp-block-heading\">Referaatti<\/h2>\n\n\n\n<p><a href=\"https:\/\/oppimateriaalit.jamk.fi\/kirjoittajanapu\/tekstilajeista\/referaatti\/\">Referaatti | Kirjoittajan apu (jamk.fi)<\/a><\/p>\n\n\n\n<p><a href=\"https:\/\/opiskelijanopas.humak.fi\/?page_id=21806\">Referaatti &#8211; Pieni opas kirjoittamiseen &#8211; LibGuides at Humak University of Applied Sciences<\/a><\/p>\n\n\n\n<p><a href=\"https:\/\/www.kielikello.fi\/-\/asiatekstin-referointi-kielenkayton-perustaito\">Asiatekstin referointi \u2013 kielenk\u00e4yt\u00f6n perustaito &#8211; Kielikello<\/a><\/p>\n\n\n\n<h2 class=\"wp-block-heading\">Oppimisp\u00e4iv\u00e4kirja<\/h2>\n\n\n\n<p><a href=\"https:\/\/blogs.helsinki.fi\/kielijelppi\/oppimispaivakirja\/\">Oppimisp\u00e4iv\u00e4kirja \u2013 Kielijelppi \u2013 Spr\u00e5khj\u00e4lpen (helsinki.fi)<\/a><\/p>\n\n\n\n<p><a href=\"https:\/\/opiskelijanopas.humak.fi\/?page_id=21806\">Oppimisp\u00e4iv\u00e4kirja &#8211; Pieni opas kirjoittamiseen &#8211; LibGuides at Humak University of Applied Sciences<\/a><\/p>\n","protected":false},"excerpt":{"rendered":"<p>Vaikka raportti ja essee ovat yleisimm\u00e4t korkeakouluteht\u00e4vien tekstilajit, saatat t\u00f6rm\u00e4t\u00e4 my\u00f6s muihin tekstilajeihin opinnoissasi. T\u00e4lle sivulle on koottu linkkej\u00e4 muiden tekstilajien esittelemiseen. Referaatti Referaatti | Kirjoittajan apu (jamk.fi) Referaatti &#8211; Pieni opas kirjoittamiseen &#8211; LibGuides at Humak University of Applied Sciences Asiatekstin referointi \u2013 kielenk\u00e4yt\u00f6n perustaito &#8211; Kielikello Oppimisp\u00e4iv\u00e4kirja Oppimisp\u00e4iv\u00e4kirja \u2013 Kielijelppi \u2013 Spr\u00e5khj\u00e4lpen (helsinki.fi) [&hellip;]<\/p>\n","protected":false},"author":93,"featured_media":0,"parent":8,"menu_order":0,"comment_status":"closed","ping_status":"closed","template":"","meta":{"_acf_changed":false,"_relevanssi_hide_post":"","_relevanssi_hide_content":"","_relevanssi_pin_for_all":"","_relevanssi_pin_keywords":"","_relevanssi_unpin_keywords":"","_relevanssi_related_keywords":"","_relevanssi_related_include_ids":"","_relevanssi_related_exclude_ids":"","_relevanssi_related_no_append":"","_relevanssi_related_not_related":"","_relevanssi_related_posts":"","_relevanssi_noindex_reason":"","footnotes":""},"categories":[1],"tags":[],"class_list":["post-89","page","type-page","status-publish","hentry","category-yleinen"],"acf":[],"yoast_head":"<!-- This site is optimized with the Yoast SEO plugin v27.4 - https:\/\/yoast.com\/product\/yoast-seo-wordpress\/ -->\n<title>1.3 Muut tekstilajit - Tekstitaidot haltuun<\/title>\n<meta name=\"robots\" content=\"index, follow, max-snippet:-1, max-image-preview:large, max-video-preview:-1\" \/>\n<link rel=\"canonical\" href=\"https:\/\/help.jamk.fi\/tekstitaidot\/fi\/1-tekstilajit\/1-3-muut-tekstilajit\/\" \/>\n<meta property=\"og:locale\" content=\"fi_FI\" \/>\n<meta property=\"og:type\" content=\"article\" \/>\n<meta property=\"og:title\" content=\"1.3 Muut tekstilajit - Tekstitaidot haltuun\" \/>\n<meta property=\"og:description\" content=\"Vaikka raportti ja essee ovat yleisimm\u00e4t korkeakouluteht\u00e4vien tekstilajit, saatat t\u00f6rm\u00e4t\u00e4 my\u00f6s muihin tekstilajeihin opinnoissasi. T\u00e4lle sivulle on koottu linkkej\u00e4 muiden tekstilajien esittelemiseen. Referaatti Referaatti | Kirjoittajan apu (jamk.fi) Referaatti &#8211; Pieni opas kirjoittamiseen &#8211; LibGuides at Humak University of Applied Sciences Asiatekstin referointi \u2013 kielenk\u00e4yt\u00f6n perustaito &#8211; Kielikello Oppimisp\u00e4iv\u00e4kirja Oppimisp\u00e4iv\u00e4kirja \u2013 Kielijelppi \u2013 Spr\u00e5khj\u00e4lpen (helsinki.fi) [&hellip;]\" \/>\n<meta property=\"og:url\" content=\"https:\/\/help.jamk.fi\/tekstitaidot\/fi\/1-tekstilajit\/1-3-muut-tekstilajit\/\" \/>\n<meta property=\"og:site_name\" content=\"Tekstitaidot haltuun\" \/>\n<meta property=\"article:modified_time\" content=\"2025-03-21T11:11:52+00:00\" \/>\n<meta name=\"twitter:card\" content=\"summary_large_image\" \/>\n<meta name=\"twitter:label1\" content=\"Arvioitu lukuaika\" \/>\n\t<meta name=\"twitter:data1\" content=\"1 minuutti\" \/>\n<script type=\"application\/ld+json\" class=\"yoast-schema-graph\">{\"@context\":\"https:\\\/\\\/schema.org\",\"@graph\":[{\"@type\":\"WebPage\",\"@id\":\"https:\\\/\\\/help.jamk.fi\\\/tekstitaidot\\\/fi\\\/1-tekstilajit\\\/1-3-muut-tekstilajit\\\/\",\"url\":\"https:\\\/\\\/help.jamk.fi\\\/tekstitaidot\\\/fi\\\/1-tekstilajit\\\/1-3-muut-tekstilajit\\\/\",\"name\":\"1.3 Muut tekstilajit - Tekstitaidot haltuun\",\"isPartOf\":{\"@id\":\"https:\\\/\\\/help.jamk.fi\\\/tekstitaidot\\\/#website\"},\"datePublished\":\"2022-05-31T03:52:40+00:00\",\"dateModified\":\"2025-03-21T11:11:52+00:00\",\"breadcrumb\":{\"@id\":\"https:\\\/\\\/help.jamk.fi\\\/tekstitaidot\\\/fi\\\/1-tekstilajit\\\/1-3-muut-tekstilajit\\\/#breadcrumb\"},\"inLanguage\":\"fi\",\"potentialAction\":[{\"@type\":\"ReadAction\",\"target\":[\"https:\\\/\\\/help.jamk.fi\\\/tekstitaidot\\\/fi\\\/1-tekstilajit\\\/1-3-muut-tekstilajit\\\/\"]}]},{\"@type\":\"BreadcrumbList\",\"@id\":\"https:\\\/\\\/help.jamk.fi\\\/tekstitaidot\\\/fi\\\/1-tekstilajit\\\/1-3-muut-tekstilajit\\\/#breadcrumb\",\"itemListElement\":[{\"@type\":\"ListItem\",\"position\":1,\"name\":\"Etusivu\",\"item\":\"https:\\\/\\\/help.jamk.fi\\\/tekstitaidot\\\/fi\\\/\"},{\"@type\":\"ListItem\",\"position\":2,\"name\":\"1 Tekstilajit\",\"item\":\"https:\\\/\\\/help.jamk.fi\\\/tekstitaidot\\\/fi\\\/1-tekstilajit\\\/\"},{\"@type\":\"ListItem\",\"position\":3,\"name\":\"1.3 Muut tekstilajit\"}]},{\"@type\":\"WebSite\",\"@id\":\"https:\\\/\\\/help.jamk.fi\\\/tekstitaidot\\\/#website\",\"url\":\"https:\\\/\\\/help.jamk.fi\\\/tekstitaidot\\\/\",\"name\":\"Tekstitaidot haltuun\",\"description\":\"\",\"potentialAction\":[{\"@type\":\"SearchAction\",\"target\":{\"@type\":\"EntryPoint\",\"urlTemplate\":\"https:\\\/\\\/help.jamk.fi\\\/tekstitaidot\\\/?s={search_term_string}\"},\"query-input\":{\"@type\":\"PropertyValueSpecification\",\"valueRequired\":true,\"valueName\":\"search_term_string\"}}],\"inLanguage\":\"fi\"}]}<\/script>\n<!-- \/ Yoast SEO plugin. -->","yoast_head_json":{"title":"1.3 Muut tekstilajit - Tekstitaidot haltuun","robots":{"index":"index","follow":"follow","max-snippet":"max-snippet:-1","max-image-preview":"max-image-preview:large","max-video-preview":"max-video-preview:-1"},"canonical":"https:\/\/help.jamk.fi\/tekstitaidot\/fi\/1-tekstilajit\/1-3-muut-tekstilajit\/","og_locale":"fi_FI","og_type":"article","og_title":"1.3 Muut tekstilajit - Tekstitaidot haltuun","og_description":"Vaikka raportti ja essee ovat yleisimm\u00e4t korkeakouluteht\u00e4vien tekstilajit, saatat t\u00f6rm\u00e4t\u00e4 my\u00f6s muihin tekstilajeihin opinnoissasi. T\u00e4lle sivulle on koottu linkkej\u00e4 muiden tekstilajien esittelemiseen. Referaatti Referaatti | Kirjoittajan apu (jamk.fi) Referaatti &#8211; Pieni opas kirjoittamiseen &#8211; LibGuides at Humak University of Applied Sciences Asiatekstin referointi \u2013 kielenk\u00e4yt\u00f6n perustaito &#8211; Kielikello Oppimisp\u00e4iv\u00e4kirja Oppimisp\u00e4iv\u00e4kirja \u2013 Kielijelppi \u2013 Spr\u00e5khj\u00e4lpen (helsinki.fi) [&hellip;]","og_url":"https:\/\/help.jamk.fi\/tekstitaidot\/fi\/1-tekstilajit\/1-3-muut-tekstilajit\/","og_site_name":"Tekstitaidot haltuun","article_modified_time":"2025-03-21T11:11:52+00:00","twitter_card":"summary_large_image","twitter_misc":{"Arvioitu lukuaika":"1 minuutti"},"schema":{"@context":"https:\/\/schema.org","@graph":[{"@type":"WebPage","@id":"https:\/\/help.jamk.fi\/tekstitaidot\/fi\/1-tekstilajit\/1-3-muut-tekstilajit\/","url":"https:\/\/help.jamk.fi\/tekstitaidot\/fi\/1-tekstilajit\/1-3-muut-tekstilajit\/","name":"1.3 Muut tekstilajit - Tekstitaidot haltuun","isPartOf":{"@id":"https:\/\/help.jamk.fi\/tekstitaidot\/#website"},"datePublished":"2022-05-31T03:52:40+00:00","dateModified":"2025-03-21T11:11:52+00:00","breadcrumb":{"@id":"https:\/\/help.jamk.fi\/tekstitaidot\/fi\/1-tekstilajit\/1-3-muut-tekstilajit\/#breadcrumb"},"inLanguage":"fi","potentialAction":[{"@type":"ReadAction","target":["https:\/\/help.jamk.fi\/tekstitaidot\/fi\/1-tekstilajit\/1-3-muut-tekstilajit\/"]}]},{"@type":"BreadcrumbList","@id":"https:\/\/help.jamk.fi\/tekstitaidot\/fi\/1-tekstilajit\/1-3-muut-tekstilajit\/#breadcrumb","itemListElement":[{"@type":"ListItem","position":1,"name":"Etusivu","item":"https:\/\/help.jamk.fi\/tekstitaidot\/fi\/"},{"@type":"ListItem","position":2,"name":"1 Tekstilajit","item":"https:\/\/help.jamk.fi\/tekstitaidot\/fi\/1-tekstilajit\/"},{"@type":"ListItem","position":3,"name":"1.3 Muut tekstilajit"}]},{"@type":"WebSite","@id":"https:\/\/help.jamk.fi\/tekstitaidot\/#website","url":"https:\/\/help.jamk.fi\/tekstitaidot\/","name":"Tekstitaidot haltuun","description":"","potentialAction":[{"@type":"SearchAction","target":{"@type":"EntryPoint","urlTemplate":"https:\/\/help.jamk.fi\/tekstitaidot\/?s={search_term_string}"},"query-input":{"@type":"PropertyValueSpecification","valueRequired":true,"valueName":"search_term_string"}}],"inLanguage":"fi"}]}},"_links":{"self":[{"href":"https:\/\/help.jamk.fi\/tekstitaidot\/wp-json\/wp\/v2\/pages\/89","targetHints":{"allow":["GET"]}}],"collection":[{"href":"https:\/\/help.jamk.fi\/tekstitaidot\/wp-json\/wp\/v2\/pages"}],"about":[{"href":"https:\/\/help.jamk.fi\/tekstitaidot\/wp-json\/wp\/v2\/types\/page"}],"author":[{"embeddable":true,"href":"https:\/\/help.jamk.fi\/tekstitaidot\/wp-json\/wp\/v2\/users\/93"}],"replies":[{"embeddable":true,"href":"https:\/\/help.jamk.fi\/tekstitaidot\/wp-json\/wp\/v2\/comments?post=89"}],"version-history":[{"count":8,"href":"https:\/\/help.jamk.fi\/tekstitaidot\/wp-json\/wp\/v2\/pages\/89\/revisions"}],"predecessor-version":[{"id":604,"href":"https:\/\/help.jamk.fi\/tekstitaidot\/wp-json\/wp\/v2\/pages\/89\/revisions\/604"}],"up":[{"embeddable":true,"href":"https:\/\/help.jamk.fi\/tekstitaidot\/wp-json\/wp\/v2\/pages\/8"}],"wp:attachment":[{"href":"https:\/\/help.jamk.fi\/tekstitaidot\/wp-json\/wp\/v2\/media?parent=89"}],"wp:term":[{"taxonomy":"category","embeddable":true,"href":"https:\/\/help.jamk.fi\/tekstitaidot\/wp-json\/wp\/v2\/categories?post=89"},{"taxonomy":"post_tag","embeddable":true,"href":"https:\/\/help.jamk.fi\/tekstitaidot\/wp-json\/wp\/v2\/tags?post=89"}],"curies":[{"name":"wp","href":"https:\/\/api.w.org\/{rel}","templated":true}]}}