{"id":92,"date":"2022-06-16T07:18:05","date_gmt":"2022-06-16T04:18:05","guid":{"rendered":"https:\/\/help.jamk.fi\/tekstitaidot\/5-asiatyyli-ja-oikeinkirjoitus\/5-2-tekstikappaleet\/"},"modified":"2025-03-21T16:01:02","modified_gmt":"2025-03-21T14:01:02","slug":"5-2-tekstikappaleet","status":"publish","type":"page","link":"https:\/\/help.jamk.fi\/tekstitaidot\/fi\/4-tekstin-rakenne\/5-2-tekstikappaleet\/","title":{"rendered":"4.2 Tekstikappaleet"},"content":{"rendered":"\n<p>V\u00e4lilehdell\u00e4 4.1 k\u00e4siteltiin virkerakenteita. Jotta asia etenee tekstiss\u00e4 loogisesti ja sujuvasti, virkkeet tulee j\u00e4rjest\u00e4\u00e4 tekstikappaleissa johdonmukaisesti. T\u00e4ll\u00e4 sivulla keskityt\u00e4\u00e4n tekstikappaleiden rakenteeseen. <\/p>\n\n\n\n<p><\/p>\n\n\n\n<h2 class=\"wp-block-heading\">Miten virkkeist\u00e4 muodostetaan loogisia kappaleita?<\/h2>\n\n\n\n<p>Videolla tarkastellaan tekstikappaleen perusrakennetta esimerkkien kautta. Katso video painamalla kuvaa tai <a href=\"https:\/\/panopto.jamk.fi\/Panopto\/Pages\/Viewer.aspx?id=378ea788-9151-4f6f-887b-af3f006c6c07\">&#8221;Miten virkkeist\u00e4 muodostetaan loogisia kappaleita?&#8221;<\/a>.<\/p>\n\n\n\r\n<div id=\"embed-block_01129d25f58132c9c34c35e1fe5e30d2\" class=\"embed block-embed\">\r\n      <div class=\"block-embed__wrapper\">\r\n\r\n      \r\n          <div class=\"block-embed__cookie-notice--wrapper\" id=\"cookie-notice\">\r\n              <div class=\"block-embed__cookie-notice--text\">\r\n                                    <p>Hyv\u00e4ksy v\u00e4ltt\u00e4m\u00e4tt\u00f6m\u00e4t ev\u00e4steet n\u00e4hd\u00e4ksesi upotetun sis\u00e4ll\u00f6n: preferences.<\/p>\r\n                  <a href=\"#\" class=\"ch2-open-settings-btn\"> Hyv\u00e4ksy v\u00e4ltt\u00e4m\u00e4tt\u00f6m\u00e4t ev\u00e4steet<\/a>\r\n              <\/div>\r\n              <div class=\"block-embed__cookie-reload-notice\">\r\n                  <p class=\"cookie-reload-text\">\r\n                    (Jos olet hyv\u00e4ksynyt ev\u00e4steet, mutta n\u00e4et silti t\u00e4m\u00e4n viestin, lataa sivu uudelleen.)                  <\/p>\r\n                  <a href=\"#\" onclick=\"location.reload(); return false;\">\r\n                    Lataa sivu uudelleen                  <\/a>\r\n              <\/div>\r\n          <\/div>\r\n\r\n      \r\n      <\/div>\r\n<\/div>\r\n\n\n\n<p><a href=\"https:\/\/help.jamk.fi\/tekstitaidot\/wp-content\/uploads\/sites\/63\/2023\/09\/Miten-virkkeeista-muodostetaan-loogisia-kappaleita.pdf\">Diaesitys pdf-tiedostona<\/a><\/p>\n\n\n\n<p><\/p>\n\n\n\n<h2 class=\"wp-block-heading\">Mill\u00e4 kielen keinoilla tekstist\u00e4 saa sujuvaa?<\/h2>\n\n\n\n<p>Videolla kerrotaan tekstin sidosteisuudesta sidossanojen ja metatekstin avulla. Katso video painamalla kuvaa tai <a href=\"https:\/\/panopto.jamk.fi\/Panopto\/Pages\/Viewer.aspx?id=ceb9f10d-bbd3-44a7-a189-af3f006c745c\">&#8221;Mill\u00e4 kielen keinoilla tekstist\u00e4 saa sujuvaa?&#8221;<\/a>.<\/p>\n\n\n\r\n<div id=\"embed-block_37cc20f88e8461d392a0a73052628a4b\" class=\"embed block-embed\">\r\n      <div class=\"block-embed__wrapper\">\r\n\r\n      \r\n          <div class=\"block-embed__cookie-notice--wrapper\" id=\"cookie-notice\">\r\n              <div class=\"block-embed__cookie-notice--text\">\r\n                                    <p>Hyv\u00e4ksy v\u00e4ltt\u00e4m\u00e4tt\u00f6m\u00e4t ev\u00e4steet n\u00e4hd\u00e4ksesi upotetun sis\u00e4ll\u00f6n: preferences.<\/p>\r\n                  <a href=\"#\" class=\"ch2-open-settings-btn\"> Hyv\u00e4ksy v\u00e4ltt\u00e4m\u00e4tt\u00f6m\u00e4t ev\u00e4steet<\/a>\r\n              <\/div>\r\n              <div class=\"block-embed__cookie-reload-notice\">\r\n                  <p class=\"cookie-reload-text\">\r\n                    (Jos olet hyv\u00e4ksynyt ev\u00e4steet, mutta n\u00e4et silti t\u00e4m\u00e4n viestin, lataa sivu uudelleen.)                  <\/p>\r\n                  <a href=\"#\" onclick=\"location.reload(); return false;\">\r\n                    Lataa sivu uudelleen                  <\/a>\r\n              <\/div>\r\n          <\/div>\r\n\r\n      \r\n      <\/div>\r\n<\/div>\r\n\n\n\n<p><a href=\"https:\/\/help.jamk.fi\/tekstitaidot\/wp-content\/uploads\/sites\/63\/2023\/11\/Milla-kielen-keinoilla-tekstista-saa-sujuvaa.pdf\">Diaesitys pdf-tiedostona<\/a><\/p>\n","protected":false},"excerpt":{"rendered":"<p>V\u00e4lilehdell\u00e4 4.1 k\u00e4siteltiin virkerakenteita. Jotta asia etenee tekstiss\u00e4 loogisesti ja sujuvasti, virkkeet tulee j\u00e4rjest\u00e4\u00e4 tekstikappaleissa johdonmukaisesti. T\u00e4ll\u00e4 sivulla keskityt\u00e4\u00e4n tekstikappaleiden rakenteeseen. Miten virkkeist\u00e4 muodostetaan loogisia kappaleita? Videolla tarkastellaan tekstikappaleen perusrakennetta esimerkkien kautta. Katso video painamalla kuvaa tai &#8221;Miten virkkeist\u00e4 muodostetaan loogisia kappaleita?&#8221;. Diaesitys pdf-tiedostona Mill\u00e4 kielen keinoilla tekstist\u00e4 saa sujuvaa? Videolla kerrotaan tekstin sidosteisuudesta sidossanojen [&hellip;]<\/p>\n","protected":false},"author":93,"featured_media":0,"parent":44,"menu_order":52,"comment_status":"closed","ping_status":"closed","template":"","meta":{"_acf_changed":false,"_relevanssi_hide_post":"","_relevanssi_hide_content":"","_relevanssi_pin_for_all":"","_relevanssi_pin_keywords":"","_relevanssi_unpin_keywords":"","_relevanssi_related_keywords":"","_relevanssi_related_include_ids":"","_relevanssi_related_exclude_ids":"","_relevanssi_related_no_append":"","_relevanssi_related_not_related":"","_relevanssi_related_posts":"","_relevanssi_noindex_reason":"","footnotes":""},"categories":[1],"tags":[],"class_list":["post-92","page","type-page","status-publish","hentry","category-yleinen"],"acf":[],"yoast_head":"<!-- This site is optimized with the Yoast SEO plugin v27.4 - https:\/\/yoast.com\/product\/yoast-seo-wordpress\/ -->\n<title>4.2 Tekstikappaleet - Tekstitaidot haltuun<\/title>\n<meta name=\"robots\" content=\"index, follow, max-snippet:-1, max-image-preview:large, max-video-preview:-1\" \/>\n<link rel=\"canonical\" href=\"https:\/\/help.jamk.fi\/tekstitaidot\/fi\/4-tekstin-rakenne\/5-2-tekstikappaleet\/\" \/>\n<meta property=\"og:locale\" content=\"fi_FI\" \/>\n<meta property=\"og:type\" content=\"article\" \/>\n<meta property=\"og:title\" content=\"4.2 Tekstikappaleet - Tekstitaidot haltuun\" \/>\n<meta property=\"og:description\" content=\"V\u00e4lilehdell\u00e4 4.1 k\u00e4siteltiin virkerakenteita. Jotta asia etenee tekstiss\u00e4 loogisesti ja sujuvasti, virkkeet tulee j\u00e4rjest\u00e4\u00e4 tekstikappaleissa johdonmukaisesti. T\u00e4ll\u00e4 sivulla keskityt\u00e4\u00e4n tekstikappaleiden rakenteeseen. Miten virkkeist\u00e4 muodostetaan loogisia kappaleita? Videolla tarkastellaan tekstikappaleen perusrakennetta esimerkkien kautta. Katso video painamalla kuvaa tai &#8221;Miten virkkeist\u00e4 muodostetaan loogisia kappaleita?&#8221;. Diaesitys pdf-tiedostona Mill\u00e4 kielen keinoilla tekstist\u00e4 saa sujuvaa? Videolla kerrotaan tekstin sidosteisuudesta sidossanojen [&hellip;]\" \/>\n<meta property=\"og:url\" content=\"https:\/\/help.jamk.fi\/tekstitaidot\/fi\/4-tekstin-rakenne\/5-2-tekstikappaleet\/\" \/>\n<meta property=\"og:site_name\" content=\"Tekstitaidot haltuun\" \/>\n<meta property=\"article:modified_time\" content=\"2025-03-21T14:01:02+00:00\" \/>\n<meta name=\"twitter:card\" content=\"summary_large_image\" \/>\n<meta name=\"twitter:label1\" content=\"Arvioitu lukuaika\" \/>\n\t<meta name=\"twitter:data1\" content=\"1 minuutti\" \/>\n<script type=\"application\/ld+json\" class=\"yoast-schema-graph\">{\"@context\":\"https:\\\/\\\/schema.org\",\"@graph\":[{\"@type\":\"WebPage\",\"@id\":\"https:\\\/\\\/help.jamk.fi\\\/tekstitaidot\\\/fi\\\/4-tekstin-rakenne\\\/5-2-tekstikappaleet\\\/\",\"url\":\"https:\\\/\\\/help.jamk.fi\\\/tekstitaidot\\\/fi\\\/4-tekstin-rakenne\\\/5-2-tekstikappaleet\\\/\",\"name\":\"4.2 Tekstikappaleet - Tekstitaidot haltuun\",\"isPartOf\":{\"@id\":\"https:\\\/\\\/help.jamk.fi\\\/tekstitaidot\\\/#website\"},\"datePublished\":\"2022-06-16T04:18:05+00:00\",\"dateModified\":\"2025-03-21T14:01:02+00:00\",\"breadcrumb\":{\"@id\":\"https:\\\/\\\/help.jamk.fi\\\/tekstitaidot\\\/fi\\\/4-tekstin-rakenne\\\/5-2-tekstikappaleet\\\/#breadcrumb\"},\"inLanguage\":\"fi\",\"potentialAction\":[{\"@type\":\"ReadAction\",\"target\":[\"https:\\\/\\\/help.jamk.fi\\\/tekstitaidot\\\/fi\\\/4-tekstin-rakenne\\\/5-2-tekstikappaleet\\\/\"]}]},{\"@type\":\"BreadcrumbList\",\"@id\":\"https:\\\/\\\/help.jamk.fi\\\/tekstitaidot\\\/fi\\\/4-tekstin-rakenne\\\/5-2-tekstikappaleet\\\/#breadcrumb\",\"itemListElement\":[{\"@type\":\"ListItem\",\"position\":1,\"name\":\"Etusivu\",\"item\":\"https:\\\/\\\/help.jamk.fi\\\/tekstitaidot\\\/fi\\\/\"},{\"@type\":\"ListItem\",\"position\":2,\"name\":\"4 Tekstin rakenne\",\"item\":\"https:\\\/\\\/help.jamk.fi\\\/tekstitaidot\\\/fi\\\/4-tekstin-rakenne\\\/\"},{\"@type\":\"ListItem\",\"position\":3,\"name\":\"4.2 Tekstikappaleet\"}]},{\"@type\":\"WebSite\",\"@id\":\"https:\\\/\\\/help.jamk.fi\\\/tekstitaidot\\\/#website\",\"url\":\"https:\\\/\\\/help.jamk.fi\\\/tekstitaidot\\\/\",\"name\":\"Tekstitaidot haltuun\",\"description\":\"\",\"potentialAction\":[{\"@type\":\"SearchAction\",\"target\":{\"@type\":\"EntryPoint\",\"urlTemplate\":\"https:\\\/\\\/help.jamk.fi\\\/tekstitaidot\\\/?s={search_term_string}\"},\"query-input\":{\"@type\":\"PropertyValueSpecification\",\"valueRequired\":true,\"valueName\":\"search_term_string\"}}],\"inLanguage\":\"fi\"}]}<\/script>\n<!-- \/ Yoast SEO plugin. -->","yoast_head_json":{"title":"4.2 Tekstikappaleet - Tekstitaidot haltuun","robots":{"index":"index","follow":"follow","max-snippet":"max-snippet:-1","max-image-preview":"max-image-preview:large","max-video-preview":"max-video-preview:-1"},"canonical":"https:\/\/help.jamk.fi\/tekstitaidot\/fi\/4-tekstin-rakenne\/5-2-tekstikappaleet\/","og_locale":"fi_FI","og_type":"article","og_title":"4.2 Tekstikappaleet - Tekstitaidot haltuun","og_description":"V\u00e4lilehdell\u00e4 4.1 k\u00e4siteltiin virkerakenteita. Jotta asia etenee tekstiss\u00e4 loogisesti ja sujuvasti, virkkeet tulee j\u00e4rjest\u00e4\u00e4 tekstikappaleissa johdonmukaisesti. T\u00e4ll\u00e4 sivulla keskityt\u00e4\u00e4n tekstikappaleiden rakenteeseen. Miten virkkeist\u00e4 muodostetaan loogisia kappaleita? Videolla tarkastellaan tekstikappaleen perusrakennetta esimerkkien kautta. Katso video painamalla kuvaa tai &#8221;Miten virkkeist\u00e4 muodostetaan loogisia kappaleita?&#8221;. Diaesitys pdf-tiedostona Mill\u00e4 kielen keinoilla tekstist\u00e4 saa sujuvaa? Videolla kerrotaan tekstin sidosteisuudesta sidossanojen [&hellip;]","og_url":"https:\/\/help.jamk.fi\/tekstitaidot\/fi\/4-tekstin-rakenne\/5-2-tekstikappaleet\/","og_site_name":"Tekstitaidot haltuun","article_modified_time":"2025-03-21T14:01:02+00:00","twitter_card":"summary_large_image","twitter_misc":{"Arvioitu lukuaika":"1 minuutti"},"schema":{"@context":"https:\/\/schema.org","@graph":[{"@type":"WebPage","@id":"https:\/\/help.jamk.fi\/tekstitaidot\/fi\/4-tekstin-rakenne\/5-2-tekstikappaleet\/","url":"https:\/\/help.jamk.fi\/tekstitaidot\/fi\/4-tekstin-rakenne\/5-2-tekstikappaleet\/","name":"4.2 Tekstikappaleet - Tekstitaidot haltuun","isPartOf":{"@id":"https:\/\/help.jamk.fi\/tekstitaidot\/#website"},"datePublished":"2022-06-16T04:18:05+00:00","dateModified":"2025-03-21T14:01:02+00:00","breadcrumb":{"@id":"https:\/\/help.jamk.fi\/tekstitaidot\/fi\/4-tekstin-rakenne\/5-2-tekstikappaleet\/#breadcrumb"},"inLanguage":"fi","potentialAction":[{"@type":"ReadAction","target":["https:\/\/help.jamk.fi\/tekstitaidot\/fi\/4-tekstin-rakenne\/5-2-tekstikappaleet\/"]}]},{"@type":"BreadcrumbList","@id":"https:\/\/help.jamk.fi\/tekstitaidot\/fi\/4-tekstin-rakenne\/5-2-tekstikappaleet\/#breadcrumb","itemListElement":[{"@type":"ListItem","position":1,"name":"Etusivu","item":"https:\/\/help.jamk.fi\/tekstitaidot\/fi\/"},{"@type":"ListItem","position":2,"name":"4 Tekstin rakenne","item":"https:\/\/help.jamk.fi\/tekstitaidot\/fi\/4-tekstin-rakenne\/"},{"@type":"ListItem","position":3,"name":"4.2 Tekstikappaleet"}]},{"@type":"WebSite","@id":"https:\/\/help.jamk.fi\/tekstitaidot\/#website","url":"https:\/\/help.jamk.fi\/tekstitaidot\/","name":"Tekstitaidot haltuun","description":"","potentialAction":[{"@type":"SearchAction","target":{"@type":"EntryPoint","urlTemplate":"https:\/\/help.jamk.fi\/tekstitaidot\/?s={search_term_string}"},"query-input":{"@type":"PropertyValueSpecification","valueRequired":true,"valueName":"search_term_string"}}],"inLanguage":"fi"}]}},"_links":{"self":[{"href":"https:\/\/help.jamk.fi\/tekstitaidot\/wp-json\/wp\/v2\/pages\/92","targetHints":{"allow":["GET"]}}],"collection":[{"href":"https:\/\/help.jamk.fi\/tekstitaidot\/wp-json\/wp\/v2\/pages"}],"about":[{"href":"https:\/\/help.jamk.fi\/tekstitaidot\/wp-json\/wp\/v2\/types\/page"}],"author":[{"embeddable":true,"href":"https:\/\/help.jamk.fi\/tekstitaidot\/wp-json\/wp\/v2\/users\/93"}],"replies":[{"embeddable":true,"href":"https:\/\/help.jamk.fi\/tekstitaidot\/wp-json\/wp\/v2\/comments?post=92"}],"version-history":[{"count":12,"href":"https:\/\/help.jamk.fi\/tekstitaidot\/wp-json\/wp\/v2\/pages\/92\/revisions"}],"predecessor-version":[{"id":645,"href":"https:\/\/help.jamk.fi\/tekstitaidot\/wp-json\/wp\/v2\/pages\/92\/revisions\/645"}],"up":[{"embeddable":true,"href":"https:\/\/help.jamk.fi\/tekstitaidot\/wp-json\/wp\/v2\/pages\/44"}],"wp:attachment":[{"href":"https:\/\/help.jamk.fi\/tekstitaidot\/wp-json\/wp\/v2\/media?parent=92"}],"wp:term":[{"taxonomy":"category","embeddable":true,"href":"https:\/\/help.jamk.fi\/tekstitaidot\/wp-json\/wp\/v2\/categories?post=92"},{"taxonomy":"post_tag","embeddable":true,"href":"https:\/\/help.jamk.fi\/tekstitaidot\/wp-json\/wp\/v2\/tags?post=92"}],"curies":[{"name":"wp","href":"https:\/\/api.w.org\/{rel}","templated":true}]}}