{"id":98,"date":"2022-06-16T07:18:05","date_gmt":"2022-06-16T04:18:05","guid":{"rendered":"https:\/\/help.jamk.fi\/tekstitaidot\/5-asiatyyli-ja-oikeinkirjoitus\/5-1-virkerakenteet\/"},"modified":"2025-03-21T16:00:01","modified_gmt":"2025-03-21T14:00:01","slug":"5-1-virkerakenteet","status":"publish","type":"page","link":"https:\/\/help.jamk.fi\/tekstitaidot\/fi\/4-tekstin-rakenne\/5-1-virkerakenteet\/","title":{"rendered":"4.1 Virkerakenteet"},"content":{"rendered":"\n<p>Virke alkaa isolla alkukirjaimella ja p\u00e4\u00e4ttyy johonkin lopetusmerkkiin. Virkkeet ovat siis tekstin perusyksik\u00f6it\u00e4, joista muodostetaan muun muassa tekstikappaleita. T\u00e4ll\u00e4 sivulla keskityt\u00e4\u00e4n virkerakenteisiin.<\/p>\n\n\n\n<p><\/p>\n\n\n\n<h2 class=\"wp-block-heading\">Millainen on selke\u00e4 virke?<\/h2>\n\n\n\n<p>Videolla esitell\u00e4\u00e4n virkkeen perusrakenne esimerkkien kautta. Katso video painamalla kuvaa tai&nbsp;<a href=\"https:\/\/panopto.jamk.fi\/Panopto\/Pages\/Viewer.aspx?id=13079e6f-7423-4422-922d-af3f006c71fb\">&#8221;Millainen on selke\u00e4 virke?&#8221;<\/a>.<\/p>\n\n\n\r\n<div id=\"embed-block_4fa3aa8cb1f8519afbe9d88fc9de5797\" class=\"embed block-embed\">\r\n      <div class=\"block-embed__wrapper\">\r\n\r\n      \r\n          <div class=\"block-embed__cookie-notice--wrapper\" id=\"cookie-notice\">\r\n              <div class=\"block-embed__cookie-notice--text\">\r\n                                    <p>Hyv\u00e4ksy v\u00e4ltt\u00e4m\u00e4tt\u00f6m\u00e4t ev\u00e4steet n\u00e4hd\u00e4ksesi upotetun sis\u00e4ll\u00f6n: preferences.<\/p>\r\n                  <a href=\"#\" class=\"ch2-open-settings-btn\"> Hyv\u00e4ksy v\u00e4ltt\u00e4m\u00e4tt\u00f6m\u00e4t ev\u00e4steet<\/a>\r\n              <\/div>\r\n              <div class=\"block-embed__cookie-reload-notice\">\r\n                  <p class=\"cookie-reload-text\">\r\n                    (Jos olet hyv\u00e4ksynyt ev\u00e4steet, mutta n\u00e4et silti t\u00e4m\u00e4n viestin, lataa sivu uudelleen.)                  <\/p>\r\n                  <a href=\"#\" onclick=\"location.reload(); return false;\">\r\n                    Lataa sivu uudelleen                  <\/a>\r\n              <\/div>\r\n          <\/div>\r\n\r\n      \r\n      <\/div>\r\n<\/div>\r\n\n\n\n<p><a href=\"https:\/\/help.jamk.fi\/tekstitaidot\/wp-content\/uploads\/sites\/63\/2023\/11\/Millainen-on-selkea-virke.pdf\">Diaesitys pdf-tiedostona<\/a><\/p>\n\n\n\n<p><\/p>\n\n\n\n<h2 class=\"wp-block-heading\">Mik\u00e4 tekee virkkeest\u00e4 monimutkaisen?<\/h2>\n\n\n\n<p>Videolla k\u00e4sitell\u00e4\u00e4n huonoja virkerakenteita esimerkkien kautta. Katso video painamalla kuvaa tai&nbsp;<a href=\"https:\/\/panopto.jamk.fi\/Panopto\/Pages\/Viewer.aspx?id=c6b480cf-ca77-4e48-bebc-af3f006c6b97\">&#8221;Mik\u00e4 tekee virkkeest\u00e4 monimutkaisen?&#8221;<\/a>.<\/p>\n\n\n\r\n<div id=\"embed-block_3dbf21639f9ee099b8b678f82175a38f\" class=\"embed block-embed\">\r\n      <div class=\"block-embed__wrapper\">\r\n\r\n      \r\n          <div class=\"block-embed__cookie-notice--wrapper\" id=\"cookie-notice\">\r\n              <div class=\"block-embed__cookie-notice--text\">\r\n                                    <p>Hyv\u00e4ksy v\u00e4ltt\u00e4m\u00e4tt\u00f6m\u00e4t ev\u00e4steet n\u00e4hd\u00e4ksesi upotetun sis\u00e4ll\u00f6n: preferences.<\/p>\r\n                  <a href=\"#\" class=\"ch2-open-settings-btn\"> Hyv\u00e4ksy v\u00e4ltt\u00e4m\u00e4tt\u00f6m\u00e4t ev\u00e4steet<\/a>\r\n              <\/div>\r\n              <div class=\"block-embed__cookie-reload-notice\">\r\n                  <p class=\"cookie-reload-text\">\r\n                    (Jos olet hyv\u00e4ksynyt ev\u00e4steet, mutta n\u00e4et silti t\u00e4m\u00e4n viestin, lataa sivu uudelleen.)                  <\/p>\r\n                  <a href=\"#\" onclick=\"location.reload(); return false;\">\r\n                    Lataa sivu uudelleen                  <\/a>\r\n              <\/div>\r\n          <\/div>\r\n\r\n      \r\n      <\/div>\r\n<\/div>\r\n\n\n\n<p><a href=\"https:\/\/help.jamk.fi\/tekstitaidot\/wp-content\/uploads\/sites\/63\/2023\/09\/Mika-tekee-virkkeesta-monimutkaisen.pdf\">Diaesitys pdf-tiedostona<\/a><\/p>\n\n\n\n<p><\/p>\n\n\n\n<h2 class=\"wp-block-heading\">Miten luetelma tehd\u00e4\u00e4n?<\/h2>\n\n\n\n<p>Kielikellon artikkelissa kerrotaan, miten luetelma muodostetaan. Mik\u00e4 on johtolause? Mit\u00e4 tarkoittaa luetelmakohtien samanmuotoisuus? Milloin johtolauseen per\u00e4\u00e4n merkit\u00e4\u00e4n kaksoispiste? Ent\u00e4 mihin piste merkit\u00e4\u00e4n? Milloin puolestaan pilkkua k\u00e4ytet\u00e4\u00e4n?<\/p>\n\n\n\n<p><strong><a href=\"https:\/\/www.kielikello.fi\/-\/luetelma\">Lue artikkeli<\/a>.<\/strong><\/p>\n\n\n\n<p><\/p>\n\n\n\n<p>Jamkin Oppariblogissa kerrotaan, miten tekstiviite merkit\u00e4\u00e4n luetelmaan. Miten tekstiviite merkit\u00e4\u00e4n johtolauseeseen? Ent\u00e4 miten tekstiviite merkit\u00e4\u00e4n luetelman j\u00e4lkeen? Mihin kohtaan pisteet milloinkin sijoitetaan?<\/p>\n\n\n\n<p><strong><a href=\"https:\/\/blogit.jamk.fi\/oppari\/2014\/12\/10\/tekstiviite-luetelman-eteen-peraan-vai-alle\/\">Lue blogiteksti<\/a>.<\/strong><\/p>\n","protected":false},"excerpt":{"rendered":"<p>Virke alkaa isolla alkukirjaimella ja p\u00e4\u00e4ttyy johonkin lopetusmerkkiin. Virkkeet ovat siis tekstin perusyksik\u00f6it\u00e4, joista muodostetaan muun muassa tekstikappaleita. T\u00e4ll\u00e4 sivulla keskityt\u00e4\u00e4n virkerakenteisiin. Millainen on selke\u00e4 virke? Videolla esitell\u00e4\u00e4n virkkeen perusrakenne esimerkkien kautta. Katso video painamalla kuvaa tai&nbsp;&#8221;Millainen on selke\u00e4 virke?&#8221;. Diaesitys pdf-tiedostona Mik\u00e4 tekee virkkeest\u00e4 monimutkaisen? Videolla k\u00e4sitell\u00e4\u00e4n huonoja virkerakenteita esimerkkien kautta. Katso video painamalla [&hellip;]<\/p>\n","protected":false},"author":93,"featured_media":0,"parent":44,"menu_order":51,"comment_status":"closed","ping_status":"closed","template":"","meta":{"_acf_changed":false,"_relevanssi_hide_post":"","_relevanssi_hide_content":"","_relevanssi_pin_for_all":"","_relevanssi_pin_keywords":"","_relevanssi_unpin_keywords":"","_relevanssi_related_keywords":"","_relevanssi_related_include_ids":"","_relevanssi_related_exclude_ids":"","_relevanssi_related_no_append":"","_relevanssi_related_not_related":"","_relevanssi_related_posts":"","_relevanssi_noindex_reason":"","footnotes":""},"categories":[1],"tags":[],"class_list":["post-98","page","type-page","status-publish","hentry","category-yleinen"],"acf":[],"yoast_head":"<!-- This site is optimized with the Yoast SEO plugin v27.3 - https:\/\/yoast.com\/product\/yoast-seo-wordpress\/ -->\n<title>4.1 Virkerakenteet - Tekstitaidot haltuun<\/title>\n<meta name=\"robots\" content=\"index, follow, max-snippet:-1, max-image-preview:large, max-video-preview:-1\" \/>\n<link rel=\"canonical\" href=\"https:\/\/help.jamk.fi\/tekstitaidot\/fi\/4-tekstin-rakenne\/5-1-virkerakenteet\/\" \/>\n<meta property=\"og:locale\" content=\"fi_FI\" \/>\n<meta property=\"og:type\" content=\"article\" \/>\n<meta property=\"og:title\" content=\"4.1 Virkerakenteet - Tekstitaidot haltuun\" \/>\n<meta property=\"og:description\" content=\"Virke alkaa isolla alkukirjaimella ja p\u00e4\u00e4ttyy johonkin lopetusmerkkiin. Virkkeet ovat siis tekstin perusyksik\u00f6it\u00e4, joista muodostetaan muun muassa tekstikappaleita. T\u00e4ll\u00e4 sivulla keskityt\u00e4\u00e4n virkerakenteisiin. Millainen on selke\u00e4 virke? Videolla esitell\u00e4\u00e4n virkkeen perusrakenne esimerkkien kautta. Katso video painamalla kuvaa tai&nbsp;&#8221;Millainen on selke\u00e4 virke?&#8221;. Diaesitys pdf-tiedostona Mik\u00e4 tekee virkkeest\u00e4 monimutkaisen? Videolla k\u00e4sitell\u00e4\u00e4n huonoja virkerakenteita esimerkkien kautta. Katso video painamalla [&hellip;]\" \/>\n<meta property=\"og:url\" content=\"https:\/\/help.jamk.fi\/tekstitaidot\/fi\/4-tekstin-rakenne\/5-1-virkerakenteet\/\" \/>\n<meta property=\"og:site_name\" content=\"Tekstitaidot haltuun\" \/>\n<meta property=\"article:modified_time\" content=\"2025-03-21T14:00:01+00:00\" \/>\n<meta name=\"twitter:card\" content=\"summary_large_image\" \/>\n<meta name=\"twitter:label1\" content=\"Arvioitu lukuaika\" \/>\n\t<meta name=\"twitter:data1\" content=\"1 minuutti\" \/>\n<script type=\"application\/ld+json\" class=\"yoast-schema-graph\">{\"@context\":\"https:\\\/\\\/schema.org\",\"@graph\":[{\"@type\":\"WebPage\",\"@id\":\"https:\\\/\\\/help.jamk.fi\\\/tekstitaidot\\\/fi\\\/4-tekstin-rakenne\\\/5-1-virkerakenteet\\\/\",\"url\":\"https:\\\/\\\/help.jamk.fi\\\/tekstitaidot\\\/fi\\\/4-tekstin-rakenne\\\/5-1-virkerakenteet\\\/\",\"name\":\"4.1 Virkerakenteet - Tekstitaidot haltuun\",\"isPartOf\":{\"@id\":\"https:\\\/\\\/help.jamk.fi\\\/tekstitaidot\\\/#website\"},\"datePublished\":\"2022-06-16T04:18:05+00:00\",\"dateModified\":\"2025-03-21T14:00:01+00:00\",\"breadcrumb\":{\"@id\":\"https:\\\/\\\/help.jamk.fi\\\/tekstitaidot\\\/fi\\\/4-tekstin-rakenne\\\/5-1-virkerakenteet\\\/#breadcrumb\"},\"inLanguage\":\"fi\",\"potentialAction\":[{\"@type\":\"ReadAction\",\"target\":[\"https:\\\/\\\/help.jamk.fi\\\/tekstitaidot\\\/fi\\\/4-tekstin-rakenne\\\/5-1-virkerakenteet\\\/\"]}]},{\"@type\":\"BreadcrumbList\",\"@id\":\"https:\\\/\\\/help.jamk.fi\\\/tekstitaidot\\\/fi\\\/4-tekstin-rakenne\\\/5-1-virkerakenteet\\\/#breadcrumb\",\"itemListElement\":[{\"@type\":\"ListItem\",\"position\":1,\"name\":\"Etusivu\",\"item\":\"https:\\\/\\\/help.jamk.fi\\\/tekstitaidot\\\/fi\\\/\"},{\"@type\":\"ListItem\",\"position\":2,\"name\":\"4 Tekstin rakenne\",\"item\":\"https:\\\/\\\/help.jamk.fi\\\/tekstitaidot\\\/fi\\\/4-tekstin-rakenne\\\/\"},{\"@type\":\"ListItem\",\"position\":3,\"name\":\"4.1 Virkerakenteet\"}]},{\"@type\":\"WebSite\",\"@id\":\"https:\\\/\\\/help.jamk.fi\\\/tekstitaidot\\\/#website\",\"url\":\"https:\\\/\\\/help.jamk.fi\\\/tekstitaidot\\\/\",\"name\":\"Tekstitaidot haltuun\",\"description\":\"\",\"potentialAction\":[{\"@type\":\"SearchAction\",\"target\":{\"@type\":\"EntryPoint\",\"urlTemplate\":\"https:\\\/\\\/help.jamk.fi\\\/tekstitaidot\\\/?s={search_term_string}\"},\"query-input\":{\"@type\":\"PropertyValueSpecification\",\"valueRequired\":true,\"valueName\":\"search_term_string\"}}],\"inLanguage\":\"fi\"}]}<\/script>\n<!-- \/ Yoast SEO plugin. -->","yoast_head_json":{"title":"4.1 Virkerakenteet - Tekstitaidot haltuun","robots":{"index":"index","follow":"follow","max-snippet":"max-snippet:-1","max-image-preview":"max-image-preview:large","max-video-preview":"max-video-preview:-1"},"canonical":"https:\/\/help.jamk.fi\/tekstitaidot\/fi\/4-tekstin-rakenne\/5-1-virkerakenteet\/","og_locale":"fi_FI","og_type":"article","og_title":"4.1 Virkerakenteet - Tekstitaidot haltuun","og_description":"Virke alkaa isolla alkukirjaimella ja p\u00e4\u00e4ttyy johonkin lopetusmerkkiin. Virkkeet ovat siis tekstin perusyksik\u00f6it\u00e4, joista muodostetaan muun muassa tekstikappaleita. T\u00e4ll\u00e4 sivulla keskityt\u00e4\u00e4n virkerakenteisiin. Millainen on selke\u00e4 virke? Videolla esitell\u00e4\u00e4n virkkeen perusrakenne esimerkkien kautta. Katso video painamalla kuvaa tai&nbsp;&#8221;Millainen on selke\u00e4 virke?&#8221;. Diaesitys pdf-tiedostona Mik\u00e4 tekee virkkeest\u00e4 monimutkaisen? Videolla k\u00e4sitell\u00e4\u00e4n huonoja virkerakenteita esimerkkien kautta. Katso video painamalla [&hellip;]","og_url":"https:\/\/help.jamk.fi\/tekstitaidot\/fi\/4-tekstin-rakenne\/5-1-virkerakenteet\/","og_site_name":"Tekstitaidot haltuun","article_modified_time":"2025-03-21T14:00:01+00:00","twitter_card":"summary_large_image","twitter_misc":{"Arvioitu lukuaika":"1 minuutti"},"schema":{"@context":"https:\/\/schema.org","@graph":[{"@type":"WebPage","@id":"https:\/\/help.jamk.fi\/tekstitaidot\/fi\/4-tekstin-rakenne\/5-1-virkerakenteet\/","url":"https:\/\/help.jamk.fi\/tekstitaidot\/fi\/4-tekstin-rakenne\/5-1-virkerakenteet\/","name":"4.1 Virkerakenteet - Tekstitaidot haltuun","isPartOf":{"@id":"https:\/\/help.jamk.fi\/tekstitaidot\/#website"},"datePublished":"2022-06-16T04:18:05+00:00","dateModified":"2025-03-21T14:00:01+00:00","breadcrumb":{"@id":"https:\/\/help.jamk.fi\/tekstitaidot\/fi\/4-tekstin-rakenne\/5-1-virkerakenteet\/#breadcrumb"},"inLanguage":"fi","potentialAction":[{"@type":"ReadAction","target":["https:\/\/help.jamk.fi\/tekstitaidot\/fi\/4-tekstin-rakenne\/5-1-virkerakenteet\/"]}]},{"@type":"BreadcrumbList","@id":"https:\/\/help.jamk.fi\/tekstitaidot\/fi\/4-tekstin-rakenne\/5-1-virkerakenteet\/#breadcrumb","itemListElement":[{"@type":"ListItem","position":1,"name":"Etusivu","item":"https:\/\/help.jamk.fi\/tekstitaidot\/fi\/"},{"@type":"ListItem","position":2,"name":"4 Tekstin rakenne","item":"https:\/\/help.jamk.fi\/tekstitaidot\/fi\/4-tekstin-rakenne\/"},{"@type":"ListItem","position":3,"name":"4.1 Virkerakenteet"}]},{"@type":"WebSite","@id":"https:\/\/help.jamk.fi\/tekstitaidot\/#website","url":"https:\/\/help.jamk.fi\/tekstitaidot\/","name":"Tekstitaidot haltuun","description":"","potentialAction":[{"@type":"SearchAction","target":{"@type":"EntryPoint","urlTemplate":"https:\/\/help.jamk.fi\/tekstitaidot\/?s={search_term_string}"},"query-input":{"@type":"PropertyValueSpecification","valueRequired":true,"valueName":"search_term_string"}}],"inLanguage":"fi"}]}},"_links":{"self":[{"href":"https:\/\/help.jamk.fi\/tekstitaidot\/wp-json\/wp\/v2\/pages\/98","targetHints":{"allow":["GET"]}}],"collection":[{"href":"https:\/\/help.jamk.fi\/tekstitaidot\/wp-json\/wp\/v2\/pages"}],"about":[{"href":"https:\/\/help.jamk.fi\/tekstitaidot\/wp-json\/wp\/v2\/types\/page"}],"author":[{"embeddable":true,"href":"https:\/\/help.jamk.fi\/tekstitaidot\/wp-json\/wp\/v2\/users\/93"}],"replies":[{"embeddable":true,"href":"https:\/\/help.jamk.fi\/tekstitaidot\/wp-json\/wp\/v2\/comments?post=98"}],"version-history":[{"count":17,"href":"https:\/\/help.jamk.fi\/tekstitaidot\/wp-json\/wp\/v2\/pages\/98\/revisions"}],"predecessor-version":[{"id":644,"href":"https:\/\/help.jamk.fi\/tekstitaidot\/wp-json\/wp\/v2\/pages\/98\/revisions\/644"}],"up":[{"embeddable":true,"href":"https:\/\/help.jamk.fi\/tekstitaidot\/wp-json\/wp\/v2\/pages\/44"}],"wp:attachment":[{"href":"https:\/\/help.jamk.fi\/tekstitaidot\/wp-json\/wp\/v2\/media?parent=98"}],"wp:term":[{"taxonomy":"category","embeddable":true,"href":"https:\/\/help.jamk.fi\/tekstitaidot\/wp-json\/wp\/v2\/categories?post=98"},{"taxonomy":"post_tag","embeddable":true,"href":"https:\/\/help.jamk.fi\/tekstitaidot\/wp-json\/wp\/v2\/tags?post=98"}],"curies":[{"name":"wp","href":"https:\/\/api.w.org\/{rel}","templated":true}]}}