{"id":1001,"date":"2025-03-03T16:14:28","date_gmt":"2025-03-03T14:14:28","guid":{"rendered":"https:\/\/help.jamk.fi\/tietosuoja\/?page_id=1001"},"modified":"2025-03-03T16:14:29","modified_gmt":"2025-03-03T14:14:29","slug":"hankinnat-ja-kilpailutus-tietosuojaseloste","status":"publish","type":"page","link":"https:\/\/help.jamk.fi\/tietosuoja\/fi\/talouspalvelut\/hankinnat-ja-kilpailutus-tietosuojaseloste\/","title":{"rendered":"Hankinnat ja kilpailutus &#8211; tietosuojaseloste"},"content":{"rendered":"\n<p><a href=\"https:\/\/eur-lex.europa.eu\/legal-content\/FI\/TXT\/?uri=uriserv:OJ.L_.2016.119.01.0001.01.FIN&amp;toc=OJ:L:2016:119:FULL\" target=\"_blank\" rel=\"noreferrer noopener\">EU yleinen tietosuoja-asetus<\/a> (2016\/679) (linkki ohjautuu EUR-lex sivustolle)&nbsp;<\/p>\n\n\n\n<p><a href=\"https:\/\/www.finlex.fi\/fi\/laki\/ajantasa\/2018\/20181050\" target=\"_blank\" rel=\"noreferrer noopener\">Tietosuojalaki (2018\/1050)<\/a> (linkki ohjautuu Finlex-sivustolle)&nbsp;<\/p>\n\n\n\n<p>P\u00e4ivitetty 11.2.2025&nbsp;<\/p>\n\n\n\n<ol start=\"1\" class=\"wp-block-list\">\n<li><strong>Rekisterin nimi<\/strong>\u00a0<\/li>\n<\/ol>\n\n\n\n<p>Hankintojen ja kilpailutusten henkil\u00f6rekisteri&nbsp;<\/p>\n\n\n\n<ol start=\"2\" class=\"wp-block-list\">\n<li><strong>Rekisterinpit\u00e4j\u00e4<\/strong>\u00a0<\/li>\n<\/ol>\n\n\n\n<p>Jyv\u00e4skyl\u00e4n Ammattikorkeakoulu Oy&nbsp;<br>PL 207, 40101 Jyv\u00e4skyl\u00e4&nbsp;<br>+358 20 743 8100&nbsp;<\/p>\n\n\n\n<p>Tietosuojavastaavan s\u00e4hk\u00f6posti: tietosuoja@jamk.fi&nbsp;<\/p>\n\n\n\n<ol start=\"3\" class=\"wp-block-list\">\n<li><strong>Yhteyshenkil\u00f6 rekisteri\u00e4 koskevissa asioissa, yhteystiedot virka-aikana<\/strong>\u00a0<\/li>\n<\/ol>\n\n\n\n<ul class=\"wp-block-list\">\n<li>Rekisterist\u00e4 vastaava johtaja: Hallintojohtaja\u00a0<\/li>\n<\/ul>\n\n\n\n<ul class=\"wp-block-list\">\n<li>Prosessin omistaja: Hankinta-asiantuntijat\u00a0<\/li>\n<\/ul>\n\n\n\n<ul class=\"wp-block-list\">\n<li>Yksikk\u00f6\/Tukipalvelu: Korkeakoulupalvelut\u00a0<\/li>\n<\/ul>\n\n\n\n<ol start=\"4\" class=\"wp-block-list\">\n<li><strong>Henkil\u00f6tietojen k\u00e4sittelyn tarkoitus<\/strong>\u00a0<\/li>\n<\/ol>\n\n\n\n<p>Henkil\u00f6tietojen k\u00e4sittelyn tarkoituksena on Jamkin toiminnan vaatimien hankintojen toteuttaminen sek\u00e4 tavarantoimittaja- ja palveluntarjoajasuhteiden hoitaminen.&nbsp;<\/p>\n\n\n\n<p>Hankinta-asiakirjat, mukaan lukien tarjoukset, ovat asiakirjojen julkisuutta koskevan lains\u00e4\u00e4d\u00e4nn\u00f6n mukaan p\u00e4\u00e4s\u00e4\u00e4nt\u00f6isesti julkisia. Tarjoajalla on oikeus saada tieto hankinta-asiakirjoista p\u00e4\u00e4t\u00f6ksen allekirjoittamisen j\u00e4lkeen, ei kuitenkaan\u202ftoisen tarjoajan liike- tai ammattisalaisuuksista. Tietoja voivat k\u00e4sitell\u00e4 my\u00f6s tilintarkastajat sek\u00e4 hankkeita rahoittavien viranomaisten maksatustarkastukseen liittyv\u00e4t henkil\u00f6t.&nbsp;<\/p>\n\n\n\n<ol start=\"5\" class=\"wp-block-list\">\n<li><strong>Rekisterin tietosis\u00e4lt\u00f6 ja rekister\u00f6ityjen ryhm\u00e4t<\/strong>\u00a0<\/li>\n<\/ol>\n\n\n\n<p>Rekister\u00f6idyt ryhm\u00e4t: Hankintaan osallistuvat toimijat, tarjouksen j\u00e4tt\u00e4neet toimijat, tietopyynn\u00f6n tehneet toimijat sek\u00e4 Jamkin henkil\u00f6st\u00f6.&nbsp;<\/p>\n\n\n\n<p>Hankinnat: Nimi, s\u00e4hk\u00f6postiosoite, puhelinnumero, nimike, organisaatiotieto, mahdollisesti referenssitiedot (esimerkiksi voimassa olevat p\u00e4tev\u00f6itymiset, suoritetut tutkinnot, valmistumisvuosi ja oppilaitos, ty\u00f6teht\u00e4v\u00e4t, ty\u00f6nantaja ja ty\u00f6suhteen ajankohta).&nbsp;<\/p>\n\n\n\n<p>Tarjouksen j\u00e4tt\u00e4neet: Yhteyshenkil\u00f6n nimi, teht\u00e4v\u00e4, puhelinnumero, s\u00e4hk\u00f6postiosoite, postiosoite. N\u00e4iden lis\u00e4ksi tarjouksessa nimetyist\u00e4, palvelun suorittavista henkil\u00f6ist\u00e4 voidaan tallentaa kussakin tarjouspyynn\u00f6ss\u00e4 eritellyn mukaisesti esim. seuraavia: voimassa olevat p\u00e4tev\u00f6itymiset, suoritetut tutkinnot, valmistumisvuosi ja oppilaitos, ty\u00f6teht\u00e4v\u00e4t, ty\u00f6nantaja ja ty\u00f6suhteen ajankohta. Lis\u00e4ksi voidaan tallentaa asiantuntemuksen osoittavia referenssitietoja aiemmista toteutetuista palveluista. Lis\u00e4ksi tarjouspyynt\u00f6\u00f6ntutustuneilta rekister\u00f6id\u00e4\u00e4n nimi ja organisaatiotieto.&nbsp;<\/p>\n\n\n\n<p>Tietopyynt\u00f6: Nimi, s\u00e4hk\u00f6postiosoite, mahdollisesti puhelinnumero ja organisaatiotieto.&nbsp;&nbsp;<\/p>\n\n\n\n<ol start=\"6\" class=\"wp-block-list\">\n<li><strong>K\u00e4sittelyperuste<\/strong>\u00a0<\/li>\n<\/ol>\n\n\n\n<p>Rekisterin henkil\u00f6tietojen k\u00e4sittely perustuu lakiin julkisista hankinnoista ja k\u00e4ytt\u00f6oikeussopimuksista (1397\/2016).&nbsp;<\/p>\n\n\n\n<p>Rekisterin henkil\u00f6tietojen k\u00e4sittely perustuu asialliseen yhteyteen tai sellaisen sopimuksen t\u00e4yt\u00e4nt\u00f6\u00f6npanoon, jossa rekister\u00f6ity on osallisena. K\u00e4sittelyn perusteena on ammattikorkeakoulun oikeutettu etu silloin, kun kyseess\u00e4 on liiketoiminta ja k\u00e4sitell\u00e4\u00e4n potentiaalisten toimittajien tietoja. Henkil\u00f6tiedot tallennetaan osana potentiaalisten toimittajien tarjouksia. Tarjoustiedot s\u00e4ilytet\u00e4\u00e4n rekisterinpit\u00e4j\u00e4n tiedonohjaussuunnitelman mukaisen ajan, jonka j\u00e4lkeen ne poistetaan.&nbsp;<\/p>\n\n\n\n<p>K\u00e4sittely on tarpeen rekisterinpit\u00e4j\u00e4n tai kolmannen osapuolen oikeutettujen etujen toteuttamiseksi (GDPR 6 art. 1.f). Edell\u00e4 mainittu rekisterinpit\u00e4j\u00e4n oikeutettu etu voi olla olemassa esimerkiksi, kun rekister\u00f6idyn ja rekisterinpit\u00e4j\u00e4n v\u00e4lill\u00e4 on merkityksellinen ja asianmukainen suhde, joka syntyy, kun rekister\u00f6ity on rekisterin k\u00e4ytt\u00f6tarkoitukseen liittyv\u00e4ss\u00e4 suhteessa rekisterinpit\u00e4j\u00e4\u00e4n, ja kun k\u00e4sittely tapahtuu tarkoituksiin, joita rekister\u00f6ity on kohtuudella voinut odottaa henkil\u00f6tietojen ker\u00e4\u00e4misen ajankohtana ja sen yhteydess\u00e4. Esimerkiksi, kun kyseess\u00e4 on liiketoiminta ja k\u00e4sitell\u00e4\u00e4n potentiaalisten toimittajien tietoja. Henkil\u00f6tiedot tallennetaan t\u00e4ss\u00e4 vaiheessa, jotta potentiaaliseen toimittajaan voidaan olla yhteydess\u00e4 ja jotta tarjouksissa ilmoitetut, tarjousten laatuun vaikuttavat seikat voidaan tarkistaa ja todentaa.&nbsp;<\/p>\n\n\n\n<p>Henkil\u00f6tietoja k\u00e4sitell\u00e4\u00e4n <a href=\"https:\/\/www.jamk.fi\/fi\/tietosuoja-jamkissa\" target=\"_blank\" rel=\"noreferrer noopener\">Jamkin yleisen tietosuojailmoituksen mukaisesti<\/a> (linkki ohjautuu jamk.fi-sivustolle).&nbsp;<\/p>\n\n\n\n<ol start=\"7\" class=\"wp-block-list\">\n<li><strong>Henkil\u00f6tietojen k\u00e4sittelij\u00e4t<\/strong>\u00a0<\/li>\n<\/ol>\n\n\n\n<p>Henkil\u00f6tietoja k\u00e4sittelev\u00e4t Jamkissa hankintatoimeen osallistuvat ty\u00f6ntekij\u00e4t.&nbsp;<\/p>\n\n\n\n<ol start=\"8\" class=\"wp-block-list\">\n<li><strong>S\u00e4\u00e4nn\u00f6nmukaiset tietol\u00e4hteet<\/strong>\u00a0<\/li>\n<\/ol>\n\n\n\n<p>Henkil\u00f6tiedot on saatu rekister\u00f6idyilt\u00e4 itselt\u00e4\u00e4n tai rekister\u00f6idyn ty\u00f6nantajalta tarjouksen osana, tietopyynt\u00f6in\u00e4 tai julkisista l\u00e4hteist\u00e4, kuten internetsivuilta tai yritystietohakemistoista.&nbsp;<\/p>\n\n\n\n<ol start=\"9\" class=\"wp-block-list\">\n<li><strong>S\u00e4\u00e4nn\u00f6nmukaiset tietojen luovutukset ja tietojen siirto Euroopan talousalueen ulkopuolelle<\/strong>\u00a0<\/li>\n<\/ol>\n\n\n\n<p>Rekisterist\u00e4 ei siirret\u00e4 tietoja ETA-alueen ulkopuolelle.&nbsp;<\/p>\n\n\n\n<ol start=\"10\" class=\"wp-block-list\">\n<li><strong>Rekisterin suojauksen periaatteet<\/strong>\u00a0<\/li>\n<\/ol>\n\n\n\n<p>Henkil\u00f6tietoja sis\u00e4lt\u00e4v\u00e4n j\u00e4rjestelm\u00e4n k\u00e4ytt\u00f6\u00f6n ovat oikeutettuja vain ne ty\u00f6ntekij\u00e4t, joilla ty\u00f6ns\u00e4 ja\/tai muun toimenkuvansa puolesta on oikeus k\u00e4sitell\u00e4 henkil\u00f6tietoja. Ty\u00f6ntekij\u00e4t ja muut henkil\u00f6t ovat sitoutuneet noudattamaan vaitiolovelvollisuutta ja pit\u00e4m\u00e4\u00e4n salassa henkil\u00f6tietojen k\u00e4sittelyn yhteydess\u00e4 saamansa tiedot.&nbsp;<\/p>\n\n\n\n<p>Jokainen k\u00e4ytt\u00e4j\u00e4 tunnistautuu j\u00e4rjestelm\u00e4\u00e4n henkil\u00f6kohtaisilla tunnuksillaan, jotka annetaan k\u00e4ytt\u00f6oikeuden my\u00f6nt\u00e4misen yhteydess\u00e4. K\u00e4ytt\u00f6oikeus p\u00e4\u00e4ttyy henkil\u00f6n siirtyess\u00e4 pois niist\u00e4 teht\u00e4vist\u00e4, joita varten k\u00e4ytt\u00f6oikeus on h\u00e4nelle my\u00f6nnetty.&nbsp;<\/p>\n\n\n\n<p>Henkil\u00f6tietoja suojataan asianmukaisin teknisin ja hallinnollisin toimin luvattomalta tai laittomalta k\u00e4sittelylt\u00e4 sek\u00e4 henkil\u00f6tietojen vahingoittumiselta tai h\u00e4vi\u00e4miselt\u00e4. N\u00e4it\u00e4 keinoja ovat mm. palomuurien, salaustekniikoiden ja turvallisten laitetilojen k\u00e4ytt\u00f6, asianmukainen kulunvalvonta, hallittu k\u00e4ytt\u00f6oikeuksien my\u00f6nt\u00e4minen ja niiden k\u00e4yt\u00f6n valvonta, henkil\u00f6tietojen k\u00e4sittelyyn osallistuvan henkil\u00f6st\u00f6n ohjeistaminen sek\u00e4 tietoja k\u00e4sittelevien huolellinen valinta.&nbsp;<\/p>\n\n\n\n<p>J\u00e4rjestelm\u00e4toimittajan palvelimet sijaitsevat Jamkin tai palveluntarjoajan tiloissa. Palveluntarjoaja vastaa teknisest\u00e4 ja tietoturvallisesta suojauksesta. Palveluntarjoaja voi esimerkiksi teknisiss\u00e4 selvityksiss\u00e4 joutua k\u00e4sittelem\u00e4\u00e4n henkil\u00f6tietoja. Palveluntarjoajan henkil\u00f6st\u00f6 sitoutuu k\u00e4sittelem\u00e4\u00e4n henkil\u00f6tietoja tietoturvallisesti, luottamuksellisesti ja vain tuottaakseen palvelua.&nbsp;<\/p>\n\n\n\n<p>Ker\u00e4tt\u00e4v\u00e4 ja k\u00e4sitelt\u00e4v\u00e4 henkil\u00f6tieto pidet\u00e4\u00e4n luottamuksellisena eik\u00e4 sit\u00e4 ilmaista muille kuin sit\u00e4 ty\u00f6ss\u00e4\u00e4n tarvitseville taikka luottamuksellisesti ja rajoitetusti palvelusopimusten perusteella rekisterinpit\u00e4j\u00e4n asiakkaille.&nbsp;<\/p>\n\n\n\n<ol start=\"11\" class=\"wp-block-list\">\n<li><strong>Henkil\u00f6tietojen s\u00e4ilytt\u00e4misaika tai s\u00e4ilytt\u00e4misajan m\u00e4\u00e4ritt\u00e4miskriteerit<\/strong>\u00a0<\/li>\n<\/ol>\n\n\n\n<p>Rekisteriin tallennetaan vain ne hankintojen kannalta oleelliset henkil\u00f6tiedot, joiden tallentaminen on asian k\u00e4sittelyn kannalta tarpeellista. Henkil\u00f6tietoja s\u00e4ilytet\u00e4\u00e4n niin kauan kuin se on tarpeen julkisten hankintojen toteuttamiseksi.&nbsp;&nbsp;<\/p>\n\n\n\n<p>Tietojen s\u00e4ilytysaika m\u00e4\u00e4r\u00e4ytyy tiedonohjaussuunnitelman mukaisesti. M\u00e4\u00e4r\u00e4ajan s\u00e4ilytett\u00e4vien asiakirjojen henkil\u00f6tiedot poistetaan asianmukaisesti ja tietoturvallisesti.&nbsp;&nbsp;<\/p>\n\n\n\n<p>K\u00e4ytt\u00e4jien tietoja s\u00e4ilytet\u00e4\u00e4n j\u00e4rjestelm\u00e4ss\u00e4 ty\u00f6suhteen keston ajan. K\u00e4ytt\u00e4j\u00e4n ty\u00f6suhteen p\u00e4\u00e4ttyess\u00e4, poistetaan h\u00e4nen tietonsa j\u00e4rjestelm\u00e4st\u00e4.&nbsp;<\/p>\n\n\n\n<p>Hankintaan ja kilpailutukseen voi sis\u00e4lty\u00e4 luottamuksellisia tietoja tai liikesalaisuuksia, jolloin asiakirjat ovat n\u00e4ilt\u00e4 osin salassa pidett\u00e4vi\u00e4.&nbsp;<\/p>\n\n\n\n<ol start=\"12\" class=\"wp-block-list\">\n<li><strong>Profilointi ja automaattinen p\u00e4\u00e4t\u00f6ksenteko<\/strong>\u00a0<\/li>\n<\/ol>\n\n\n\n<p>Rekisterin tietoja ei k\u00e4ytet\u00e4 automatisoituihin yksitt\u00e4isp\u00e4\u00e4t\u00f6ksiin eik\u00e4 profilointiin.&nbsp;<\/p>\n\n\n\n<ol start=\"13\" class=\"wp-block-list\">\n<li><strong>Rekister\u00f6idyn oikeudet<\/strong>\u00a0<\/li>\n<\/ol>\n\n\n\n<p>Tietosuojavastaavasta ja rekister\u00f6idyn oikeuksista ja niiden toteuttamisesta kerrotaan <a href=\"https:\/\/www.jamk.fi\/fi\/tietosuoja-jamkissa\" target=\"_blank\" rel=\"noreferrer noopener\">Tietosuoja Jamkissa<\/a>-sivulla (linkki avautuu jamk.fi-sivustolle).&nbsp;<\/p>\n","protected":false},"excerpt":{"rendered":"<p>EU yleinen tietosuoja-asetus (2016\/679) (linkki ohjautuu EUR-lex sivustolle)&nbsp; Tietosuojalaki (2018\/1050) (linkki ohjautuu Finlex-sivustolle)&nbsp; P\u00e4ivitetty 11.2.2025&nbsp; Hankintojen ja kilpailutusten henkil\u00f6rekisteri&nbsp; Jyv\u00e4skyl\u00e4n Ammattikorkeakoulu Oy&nbsp;PL 207, 40101 Jyv\u00e4skyl\u00e4&nbsp;+358 20 743 8100&nbsp; Tietosuojavastaavan s\u00e4hk\u00f6posti: tietosuoja@jamk.fi&nbsp; Henkil\u00f6tietojen k\u00e4sittelyn tarkoituksena on Jamkin toiminnan vaatimien hankintojen toteuttaminen sek\u00e4 tavarantoimittaja- ja palveluntarjoajasuhteiden hoitaminen.&nbsp; Hankinta-asiakirjat, mukaan lukien tarjoukset, ovat asiakirjojen julkisuutta koskevan lains\u00e4\u00e4d\u00e4nn\u00f6n mukaan [&hellip;]<\/p>\n","protected":false},"author":178,"featured_media":0,"parent":501,"menu_order":0,"comment_status":"closed","ping_status":"closed","template":"","meta":{"_acf_changed":false,"_relevanssi_hide_post":"","_relevanssi_hide_content":"","_relevanssi_pin_for_all":"","_relevanssi_pin_keywords":"","_relevanssi_unpin_keywords":"","_relevanssi_related_keywords":"","_relevanssi_related_include_ids":"","_relevanssi_related_exclude_ids":"","_relevanssi_related_no_append":"","_relevanssi_related_not_related":"","_relevanssi_related_posts":"","_relevanssi_noindex_reason":"","footnotes":""},"categories":[],"tags":[],"class_list":["post-1001","page","type-page","status-publish","hentry"],"acf":[],"yoast_head":"<!-- This site is optimized with the Yoast SEO plugin v27.4 - https:\/\/yoast.com\/product\/yoast-seo-wordpress\/ -->\n<title>Hankinnat ja kilpailutus - tietosuojaseloste - Tietosuoja<\/title>\n<meta name=\"robots\" content=\"index, follow, max-snippet:-1, max-image-preview:large, max-video-preview:-1\" \/>\n<link rel=\"canonical\" href=\"https:\/\/help.jamk.fi\/tietosuoja\/fi\/talouspalvelut\/hankinnat-ja-kilpailutus-tietosuojaseloste\/\" \/>\n<meta property=\"og:locale\" content=\"fi_FI\" \/>\n<meta property=\"og:type\" content=\"article\" \/>\n<meta property=\"og:title\" content=\"Hankinnat ja kilpailutus - tietosuojaseloste - Tietosuoja\" \/>\n<meta property=\"og:description\" content=\"EU yleinen tietosuoja-asetus (2016\/679) (linkki ohjautuu EUR-lex sivustolle)&nbsp; Tietosuojalaki (2018\/1050) (linkki ohjautuu Finlex-sivustolle)&nbsp; P\u00e4ivitetty 11.2.2025&nbsp; Hankintojen ja kilpailutusten henkil\u00f6rekisteri&nbsp; Jyv\u00e4skyl\u00e4n Ammattikorkeakoulu Oy&nbsp;PL 207, 40101 Jyv\u00e4skyl\u00e4&nbsp;+358 20 743 8100&nbsp; Tietosuojavastaavan s\u00e4hk\u00f6posti: tietosuoja@jamk.fi&nbsp; Henkil\u00f6tietojen k\u00e4sittelyn tarkoituksena on Jamkin toiminnan vaatimien hankintojen toteuttaminen sek\u00e4 tavarantoimittaja- ja palveluntarjoajasuhteiden hoitaminen.&nbsp; Hankinta-asiakirjat, mukaan lukien tarjoukset, ovat asiakirjojen julkisuutta koskevan lains\u00e4\u00e4d\u00e4nn\u00f6n mukaan [&hellip;]\" \/>\n<meta property=\"og:url\" content=\"https:\/\/help.jamk.fi\/tietosuoja\/fi\/talouspalvelut\/hankinnat-ja-kilpailutus-tietosuojaseloste\/\" \/>\n<meta property=\"og:site_name\" content=\"Tietosuoja\" \/>\n<meta property=\"article:modified_time\" content=\"2025-03-03T14:14:29+00:00\" \/>\n<meta name=\"twitter:card\" content=\"summary_large_image\" \/>\n<meta name=\"twitter:label1\" content=\"Arvioitu lukuaika\" \/>\n\t<meta name=\"twitter:data1\" content=\"5 minuuttia\" \/>\n<script type=\"application\/ld+json\" class=\"yoast-schema-graph\">{\"@context\":\"https:\\\/\\\/schema.org\",\"@graph\":[{\"@type\":\"WebPage\",\"@id\":\"https:\\\/\\\/help.jamk.fi\\\/tietosuoja\\\/fi\\\/talouspalvelut\\\/hankinnat-ja-kilpailutus-tietosuojaseloste\\\/\",\"url\":\"https:\\\/\\\/help.jamk.fi\\\/tietosuoja\\\/fi\\\/talouspalvelut\\\/hankinnat-ja-kilpailutus-tietosuojaseloste\\\/\",\"name\":\"Hankinnat ja kilpailutus - tietosuojaseloste - Tietosuoja\",\"isPartOf\":{\"@id\":\"https:\\\/\\\/help.jamk.fi\\\/tietosuoja\\\/#website\"},\"datePublished\":\"2025-03-03T14:14:28+00:00\",\"dateModified\":\"2025-03-03T14:14:29+00:00\",\"breadcrumb\":{\"@id\":\"https:\\\/\\\/help.jamk.fi\\\/tietosuoja\\\/fi\\\/talouspalvelut\\\/hankinnat-ja-kilpailutus-tietosuojaseloste\\\/#breadcrumb\"},\"inLanguage\":\"fi\",\"potentialAction\":[{\"@type\":\"ReadAction\",\"target\":[\"https:\\\/\\\/help.jamk.fi\\\/tietosuoja\\\/fi\\\/talouspalvelut\\\/hankinnat-ja-kilpailutus-tietosuojaseloste\\\/\"]}]},{\"@type\":\"BreadcrumbList\",\"@id\":\"https:\\\/\\\/help.jamk.fi\\\/tietosuoja\\\/fi\\\/talouspalvelut\\\/hankinnat-ja-kilpailutus-tietosuojaseloste\\\/#breadcrumb\",\"itemListElement\":[{\"@type\":\"ListItem\",\"position\":1,\"name\":\"Etusivu\",\"item\":\"https:\\\/\\\/help.jamk.fi\\\/tietosuoja\\\/fi\\\/\"},{\"@type\":\"ListItem\",\"position\":2,\"name\":\"Talouspalvelut\",\"item\":\"https:\\\/\\\/help.jamk.fi\\\/tietosuoja\\\/fi\\\/talouspalvelut\\\/\"},{\"@type\":\"ListItem\",\"position\":3,\"name\":\"Hankinnat ja kilpailutus &#8211; tietosuojaseloste\"}]},{\"@type\":\"WebSite\",\"@id\":\"https:\\\/\\\/help.jamk.fi\\\/tietosuoja\\\/#website\",\"url\":\"https:\\\/\\\/help.jamk.fi\\\/tietosuoja\\\/\",\"name\":\"Tietosuoja\",\"description\":\"\",\"potentialAction\":[{\"@type\":\"SearchAction\",\"target\":{\"@type\":\"EntryPoint\",\"urlTemplate\":\"https:\\\/\\\/help.jamk.fi\\\/tietosuoja\\\/?s={search_term_string}\"},\"query-input\":{\"@type\":\"PropertyValueSpecification\",\"valueRequired\":true,\"valueName\":\"search_term_string\"}}],\"inLanguage\":\"fi\"}]}<\/script>\n<!-- \/ Yoast SEO plugin. -->","yoast_head_json":{"title":"Hankinnat ja kilpailutus - tietosuojaseloste - Tietosuoja","robots":{"index":"index","follow":"follow","max-snippet":"max-snippet:-1","max-image-preview":"max-image-preview:large","max-video-preview":"max-video-preview:-1"},"canonical":"https:\/\/help.jamk.fi\/tietosuoja\/fi\/talouspalvelut\/hankinnat-ja-kilpailutus-tietosuojaseloste\/","og_locale":"fi_FI","og_type":"article","og_title":"Hankinnat ja kilpailutus - tietosuojaseloste - Tietosuoja","og_description":"EU yleinen tietosuoja-asetus (2016\/679) (linkki ohjautuu EUR-lex sivustolle)&nbsp; Tietosuojalaki (2018\/1050) (linkki ohjautuu Finlex-sivustolle)&nbsp; P\u00e4ivitetty 11.2.2025&nbsp; Hankintojen ja kilpailutusten henkil\u00f6rekisteri&nbsp; Jyv\u00e4skyl\u00e4n Ammattikorkeakoulu Oy&nbsp;PL 207, 40101 Jyv\u00e4skyl\u00e4&nbsp;+358 20 743 8100&nbsp; Tietosuojavastaavan s\u00e4hk\u00f6posti: tietosuoja@jamk.fi&nbsp; Henkil\u00f6tietojen k\u00e4sittelyn tarkoituksena on Jamkin toiminnan vaatimien hankintojen toteuttaminen sek\u00e4 tavarantoimittaja- ja palveluntarjoajasuhteiden hoitaminen.&nbsp; Hankinta-asiakirjat, mukaan lukien tarjoukset, ovat asiakirjojen julkisuutta koskevan lains\u00e4\u00e4d\u00e4nn\u00f6n mukaan [&hellip;]","og_url":"https:\/\/help.jamk.fi\/tietosuoja\/fi\/talouspalvelut\/hankinnat-ja-kilpailutus-tietosuojaseloste\/","og_site_name":"Tietosuoja","article_modified_time":"2025-03-03T14:14:29+00:00","twitter_card":"summary_large_image","twitter_misc":{"Arvioitu lukuaika":"5 minuuttia"},"schema":{"@context":"https:\/\/schema.org","@graph":[{"@type":"WebPage","@id":"https:\/\/help.jamk.fi\/tietosuoja\/fi\/talouspalvelut\/hankinnat-ja-kilpailutus-tietosuojaseloste\/","url":"https:\/\/help.jamk.fi\/tietosuoja\/fi\/talouspalvelut\/hankinnat-ja-kilpailutus-tietosuojaseloste\/","name":"Hankinnat ja kilpailutus - tietosuojaseloste - Tietosuoja","isPartOf":{"@id":"https:\/\/help.jamk.fi\/tietosuoja\/#website"},"datePublished":"2025-03-03T14:14:28+00:00","dateModified":"2025-03-03T14:14:29+00:00","breadcrumb":{"@id":"https:\/\/help.jamk.fi\/tietosuoja\/fi\/talouspalvelut\/hankinnat-ja-kilpailutus-tietosuojaseloste\/#breadcrumb"},"inLanguage":"fi","potentialAction":[{"@type":"ReadAction","target":["https:\/\/help.jamk.fi\/tietosuoja\/fi\/talouspalvelut\/hankinnat-ja-kilpailutus-tietosuojaseloste\/"]}]},{"@type":"BreadcrumbList","@id":"https:\/\/help.jamk.fi\/tietosuoja\/fi\/talouspalvelut\/hankinnat-ja-kilpailutus-tietosuojaseloste\/#breadcrumb","itemListElement":[{"@type":"ListItem","position":1,"name":"Etusivu","item":"https:\/\/help.jamk.fi\/tietosuoja\/fi\/"},{"@type":"ListItem","position":2,"name":"Talouspalvelut","item":"https:\/\/help.jamk.fi\/tietosuoja\/fi\/talouspalvelut\/"},{"@type":"ListItem","position":3,"name":"Hankinnat ja kilpailutus &#8211; tietosuojaseloste"}]},{"@type":"WebSite","@id":"https:\/\/help.jamk.fi\/tietosuoja\/#website","url":"https:\/\/help.jamk.fi\/tietosuoja\/","name":"Tietosuoja","description":"","potentialAction":[{"@type":"SearchAction","target":{"@type":"EntryPoint","urlTemplate":"https:\/\/help.jamk.fi\/tietosuoja\/?s={search_term_string}"},"query-input":{"@type":"PropertyValueSpecification","valueRequired":true,"valueName":"search_term_string"}}],"inLanguage":"fi"}]}},"_links":{"self":[{"href":"https:\/\/help.jamk.fi\/tietosuoja\/wp-json\/wp\/v2\/pages\/1001","targetHints":{"allow":["GET"]}}],"collection":[{"href":"https:\/\/help.jamk.fi\/tietosuoja\/wp-json\/wp\/v2\/pages"}],"about":[{"href":"https:\/\/help.jamk.fi\/tietosuoja\/wp-json\/wp\/v2\/types\/page"}],"author":[{"embeddable":true,"href":"https:\/\/help.jamk.fi\/tietosuoja\/wp-json\/wp\/v2\/users\/178"}],"replies":[{"embeddable":true,"href":"https:\/\/help.jamk.fi\/tietosuoja\/wp-json\/wp\/v2\/comments?post=1001"}],"version-history":[{"count":1,"href":"https:\/\/help.jamk.fi\/tietosuoja\/wp-json\/wp\/v2\/pages\/1001\/revisions"}],"predecessor-version":[{"id":1002,"href":"https:\/\/help.jamk.fi\/tietosuoja\/wp-json\/wp\/v2\/pages\/1001\/revisions\/1002"}],"up":[{"embeddable":true,"href":"https:\/\/help.jamk.fi\/tietosuoja\/wp-json\/wp\/v2\/pages\/501"}],"wp:attachment":[{"href":"https:\/\/help.jamk.fi\/tietosuoja\/wp-json\/wp\/v2\/media?parent=1001"}],"wp:term":[{"taxonomy":"category","embeddable":true,"href":"https:\/\/help.jamk.fi\/tietosuoja\/wp-json\/wp\/v2\/categories?post=1001"},{"taxonomy":"post_tag","embeddable":true,"href":"https:\/\/help.jamk.fi\/tietosuoja\/wp-json\/wp\/v2\/tags?post=1001"}],"curies":[{"name":"wp","href":"https:\/\/api.w.org\/{rel}","templated":true}]}}