{"id":1003,"date":"2025-03-03T16:18:25","date_gmt":"2025-03-03T14:18:25","guid":{"rendered":"https:\/\/help.jamk.fi\/tietosuoja\/?page_id=1003"},"modified":"2025-03-04T08:43:29","modified_gmt":"2025-03-04T06:43:29","slug":"sopimustenhallinta-tietosuojaseloste","status":"publish","type":"page","link":"https:\/\/help.jamk.fi\/tietosuoja\/fi\/yleishallinto\/sopimustenhallinta-tietosuojaseloste\/","title":{"rendered":"Sopimustenhallinta &#8211; tietosuojaseloste"},"content":{"rendered":"\n<p><a href=\"https:\/\/eur-lex.europa.eu\/legal-content\/FI\/TXT\/?uri=uriserv:OJ.L_.2016.119.01.0001.01.FIN&amp;toc=OJ:L:2016:119:FULL\" target=\"_blank\" rel=\"noreferrer noopener\">EU yleinen tietosuoja-asetus<\/a> (2016\/679) (linkki ohjautuu EUR-Lex sivustolle)&nbsp;<\/p>\n\n\n\n<p><a href=\"https:\/\/www.finlex.fi\/fi\/laki\/ajantasa\/2018\/20181050\" target=\"_blank\" rel=\"noreferrer noopener\">Tietosuojalaki (2018\/1050)<\/a> (linkki ohjautuu Finlex sivustolle)&nbsp;<\/p>\n\n\n\n<p>P\u00e4ivitetty 11.2.2025&nbsp;<\/p>\n\n\n\n<ol start=\"1\" class=\"wp-block-list\">\n<li><strong>Rekisterin nimi<\/strong>&nbsp;<\/li>\n<\/ol>\n\n\n\n<p>Sopimustenhallinnan henkil\u00f6rekisteri&nbsp;<\/p>\n\n\n\n<ol start=\"2\" class=\"wp-block-list\">\n<li><strong>Rekisterinpit\u00e4j\u00e4&nbsp;<\/strong>&nbsp;<\/li>\n<\/ol>\n\n\n\n<p><strong>Jyv\u00e4skyl\u00e4n Ammattikorkeakoulu Oy<\/strong>&nbsp;<br>PL 207, 40101 Jyv\u00e4skyl\u00e4&nbsp;<br>+358 20 743 8100&nbsp;<\/p>\n\n\n\n<p>Tietosuojavastaavan s\u00e4hk\u00f6posti: tietosuoja@jamk.fi&nbsp;<\/p>\n\n\n\n<ol start=\"3\" class=\"wp-block-list\">\n<li><strong>Rekisterinpit\u00e4j\u00e4n yhteyshenkil\u00f6t<\/strong>&nbsp;<\/li>\n<\/ol>\n\n\n\n<ul class=\"wp-block-list\">\n<li>Prosessin johtaja: Hallintojohtaja&nbsp;&nbsp;<\/li>\n<\/ul>\n\n\n\n<ul class=\"wp-block-list\">\n<li>Prosessin omistaja: Toimitusjohtaja&nbsp;<\/li>\n<\/ul>\n\n\n\n<ul class=\"wp-block-list\">\n<li>Yksikk\u00f6\/tukipalvelu: Korkeakoulupalvelut&nbsp;<br>&nbsp;<\/li>\n<\/ul>\n\n\n\n<ol start=\"4\" class=\"wp-block-list\">\n<li><strong>Henkil\u00f6tietojen k\u00e4sittelyn tarkoitus<\/strong>&nbsp;<\/li>\n<\/ol>\n\n\n\n<p>Sopimustenhallinnan sis\u00e4lt\u00e4mien henkil\u00f6tietojen k\u00e4sittelyn tarkoitus on toteuttaa s\u00e4hk\u00f6isten ja paperisten sopimusten hallintaa ja sopimuksiin liittyvi\u00e4 velvoitteita.&nbsp;&nbsp;<\/p>\n\n\n\n<ol start=\"5\" class=\"wp-block-list\">\n<li><strong>Rekisterin tietosis\u00e4lt\u00f6 ja rekister\u00f6ityjen ryhm\u00e4t<\/strong>&nbsp;<\/li>\n<\/ol>\n\n\n\n<p>Sopimustenhallintaan tallennetaan ammattikorkeakoulussa k\u00e4sitelt\u00e4viin sopimuksiin liittyvi\u00e4 henkil\u00f6tietoja.&nbsp;&nbsp;<\/p>\n\n\n\n<p>Rekister\u00f6idyt ryhm\u00e4t: Sopimuskumppanit ja Jamkin henkil\u00f6st\u00f6&nbsp;<\/p>\n\n\n\n<ul class=\"wp-block-list\">\n<li>Luonnollinen henkil\u00f6 tai oikeushenkil\u00f6n puolesta yhteyshenkil\u00f6 (nimi, nimike, organisaatiotieto, osoitetiedot, s\u00e4hk\u00f6postiosoite, mahdollisesti opiskelijanumero\/henkil\u00f6tunnus)&nbsp;<\/li>\n<\/ul>\n\n\n\n<ul class=\"wp-block-list\">\n<li>Sopimuksen l\u00e4hett\u00e4j\u00e4st\u00e4\/vastaanottajasta, sopimuksen osapuolien allekirjoittajista ja muut sopimuksiin ja niiden osapuoliin liittyv\u00e4t henkil\u00f6tiedot (esim. yksityis-\/yhteyshenkil\u00f6n yhteystiedot).&nbsp;<\/li>\n<\/ul>\n\n\n\n<p>Sopimustenhallintarekisteriin sis\u00e4lt\u00e4\u00e4 sopimuksen metatiedot sek\u00e4 asiakirjatiedostot.&nbsp;<\/p>\n\n\n\n<ol start=\"6\" class=\"wp-block-list\">\n<li><strong>K\u00e4sittelyperusteet<\/strong>&nbsp;<\/li>\n<\/ol>\n\n\n\n<p>Henkil\u00f6tietoja k\u00e4sitell\u00e4\u00e4n lakis\u00e4\u00e4teisen teht\u00e4v\u00e4n (hankintalaki ja muut erityislait) sek\u00e4 rekisterinpit\u00e4j\u00e4n oikeutetun edun nojalla.&nbsp;&nbsp;<\/p>\n\n\n\n<p>Henkil\u00f6tietojen k\u00e4sittelyn oikeusperuste on k\u00e4sittelyn tarpeellisuus rekisterinpit\u00e4j\u00e4n lakis\u00e4\u00e4teisen velvoitteen noudattamiseksi (EU:n yleinen tietosuoja-asetus, \u201dGDPR\u201d 6.1 artiklan c alakohta).&nbsp;<\/p>\n\n\n\n<ol start=\"4\" class=\"wp-block-list\"><\/ol>\n\n\n\n<p>Lis\u00e4ksi henkil\u00f6tietojen k\u00e4sittely on tarpeen yleist\u00e4 etua koskevan teht\u00e4v\u00e4n suorittamiseksi tai rekisterinpit\u00e4j\u00e4lle kuuluvan julkisen vallan k\u00e4ytt\u00e4miseksi (GDPR 6.1 artiklan e alakohta).&nbsp;<\/p>\n\n\n\n<ol start=\"5\" class=\"wp-block-list\"><\/ol>\n\n\n\n<p>Henkil\u00f6tietoja k\u00e4sitell\u00e4\u00e4n <a href=\"https:\/\/www.jamk.fi\/fi\/tietosuoja-jamkissa\" target=\"_blank\" rel=\"noreferrer noopener\">Jamkin yleisen tietosuojailmoituksen mukaisesti<\/a> (linkki ohjautuu jamk.fi-sivustolle).&nbsp;<\/p>\n\n\n\n<ol start=\"7\" class=\"wp-block-list\">\n<li><strong>Henkil\u00f6tietojen k\u00e4sittelij\u00e4t<\/strong>&nbsp;<\/li>\n<\/ol>\n\n\n\n<p>Henkil\u00f6tietoja k\u00e4sittelev\u00e4t Jamkissa sopimusten laatimiseen ja sopimushallintaan osallistuvat ty\u00f6ntekij\u00e4t.&nbsp;<\/p>\n\n\n\n<p>Sopimustenhallinnan sis\u00e4lt\u00e4miin henkil\u00f6tietoihin annetaan tarpeen vaatiessa p\u00e4\u00e4sy esim. teknisen vian korjaustilanteessa j\u00e4rjestelm\u00e4toimittajalle.&nbsp;<\/p>\n\n\n\n<ol start=\"8\" class=\"wp-block-list\">\n<li><strong>S\u00e4\u00e4nn\u00f6nmukaiset tietol\u00e4hteet<\/strong>&nbsp;<\/li>\n<\/ol>\n\n\n\n<p>Rekisteriin tallennetut henkil\u00f6tiedot on osittain saatu rekister\u00f6idylt\u00e4 itselt\u00e4\u00e4n tai sopimuskumppanilta. Lis\u00e4ksi henkil\u00f6tietoja saadaan julkisista tietokannoista, viranomaisilta sek\u00e4 eri sidosryhmilt\u00e4 ja yhteysty\u00f6kumppaneilta.&nbsp;&nbsp;<\/p>\n\n\n\n<p>Rekister\u00f6idyn henkil\u00f6tietoja k\u00e4sitell\u00e4\u00e4n ja tallennetaan sopimustenhallinnan k\u00e4ytt\u00e4miin j\u00e4rjestelmiin (sopimustenhallinta ja asianhallinta).&nbsp;&nbsp;<\/p>\n\n\n\n<ol start=\"9\" class=\"wp-block-list\">\n<li><strong>S\u00e4\u00e4nn\u00f6nmukaiset tietojen luovutukset ja tietojen siirto Euroopan talousalueen ulkopuolelle<\/strong>&nbsp;<\/li>\n<\/ol>\n\n\n\n<p>Rekisterist\u00e4 ei siirret\u00e4 tietoja ETA-alueen ulkopuolelle.&nbsp;<\/p>\n\n\n\n<ol start=\"10\" class=\"wp-block-list\">\n<li><strong>Rekisterin suojauksen periaatteet<\/strong>&nbsp;<\/li>\n<\/ol>\n\n\n\n<p>Henkil\u00f6tietoja sis\u00e4lt\u00e4v\u00e4n j\u00e4rjestelm\u00e4n k\u00e4ytt\u00f6\u00f6n ovat oikeutettuja vain ne ty\u00f6ntekij\u00e4t, joilla ty\u00f6ns\u00e4 ja\/tai muun toimenkuvansa puolesta on oikeus k\u00e4sitell\u00e4 henkil\u00f6tietoja. Ty\u00f6ntekij\u00e4t ja muut henkil\u00f6t ovat sitoutuneet noudattamaan vaitiolovelvollisuutta ja pit\u00e4m\u00e4\u00e4n salassa henkil\u00f6tietojen k\u00e4sittelyn yhteydess\u00e4 saamansa tiedot.&nbsp;<\/p>\n\n\n\n<p>Jokainen k\u00e4ytt\u00e4j\u00e4 tunnistautuu j\u00e4rjestelm\u00e4\u00e4n henkil\u00f6kohtaisilla tunnuksillaan, jotka annetaan k\u00e4ytt\u00f6oikeuden my\u00f6nt\u00e4misen yhteydess\u00e4. K\u00e4ytt\u00f6oikeus p\u00e4\u00e4ttyy henkil\u00f6n siirtyess\u00e4 pois niist\u00e4 teht\u00e4vist\u00e4, joita varten k\u00e4ytt\u00f6oikeus on h\u00e4nelle my\u00f6nnetty.&nbsp;<\/p>\n\n\n\n<p>Henkil\u00f6tietoja suojataan asianmukaisin teknisin ja hallinnollisin toimin luvattomalta tai laittomalta k\u00e4sittelylt\u00e4 sek\u00e4 henkil\u00f6tietojen vahingoittumiselta tai h\u00e4vi\u00e4miselt\u00e4. N\u00e4it\u00e4 keinoja ovat mm. palomuurien, salaustekniikoiden ja turvallisten laitetilojen k\u00e4ytt\u00f6, asianmukainen kulunvalvonta, hallittu k\u00e4ytt\u00f6oikeuksien my\u00f6nt\u00e4minen ja niiden k\u00e4yt\u00f6n valvonta, henkil\u00f6tietojen k\u00e4sittelyyn osallistuvan henkil\u00f6st\u00f6n ohjeistaminen sek\u00e4 tietoja k\u00e4sittelevien huolellinen valinta.&nbsp;<\/p>\n\n\n\n<p>Sopimustenhallintaan liittyvien j\u00e4rjestelm\u00e4toimittajien palvelimet sijaitsevat Jamkin tai palveluntarjoajan tiloissa. Palveluntarjoaja vastaa teknisest\u00e4 ja tietoturvallisesta suojauksesta. Palveluntarjoaja voi esimerkiksi teknisiss\u00e4 selvityksiss\u00e4 joutua k\u00e4sittelem\u00e4\u00e4n henkil\u00f6tietoja. Palveluntarjoajan henkil\u00f6st\u00f6 sitoutuu k\u00e4sittelem\u00e4\u00e4n henkil\u00f6tietoja tietoturvallisesti, luottamuksellisesti ja vain tuottaakseen palvelua.&nbsp;<\/p>\n\n\n\n<p>Ker\u00e4tt\u00e4v\u00e4 ja k\u00e4sitelt\u00e4v\u00e4 henkil\u00f6tieto pidet\u00e4\u00e4n luottamuksellisena eik\u00e4 sit\u00e4 ilmaista muille kuin sit\u00e4 ty\u00f6ss\u00e4\u00e4n tarvitseville taikka luottamuksellisesti ja rajoitetusti palvelusopimusten perusteella rekisterinpit\u00e4j\u00e4n asiakkaille.&nbsp;<\/p>\n\n\n\n<ol start=\"11\" class=\"wp-block-list\">\n<li><strong>Henkil\u00f6tietojen s\u00e4ilytysaika tai s\u00e4ilytt\u00e4misajan m\u00e4\u00e4ritt\u00e4miskriteerit<\/strong>&nbsp;<\/li>\n<\/ol>\n\n\n\n<p>Rekisteriin tallennetaan vain ne sopimuksen kannalta oleelliset henkil\u00f6tiedot, joiden tallentaminen on asian k\u00e4sittelyn kannalta tarpeellista. Henkil\u00f6tietoja s\u00e4ilytet\u00e4\u00e4n niin kauan kuin se on tarpeen sopimustenhallinnan toteuttamiseksi.&nbsp;<\/p>\n\n\n\n<p>Sopimusten s\u00e4ilytysaika m\u00e4\u00e4r\u00e4ytyy tiedonohjaussuunnitelman mukaisesti. Osa sopimuksien sis\u00e4lt\u00e4mist\u00e4 henkil\u00f6tiedoista s\u00e4ilytet\u00e4\u00e4n m\u00e4\u00e4r\u00e4ajan ja osa pysyv\u00e4sti s\u00e4hk\u00f6isess\u00e4 muodossa.&nbsp;&nbsp;<\/p>\n\n\n\n<p>M\u00e4\u00e4r\u00e4ajan s\u00e4ilytett\u00e4vien asiakirjojen henkil\u00f6tiedot poistetaan asianmukaisesti ja tietoturvallisesti. Pysyv\u00e4sti s\u00e4ilytett\u00e4v\u00e4t tiedot arkistoidaan Jamkin tiedonohjaussuunnitelman mukaisesti.&nbsp;&nbsp;<\/p>\n\n\n\n<p>K\u00e4ytt\u00e4jien tietoja s\u00e4ilytet\u00e4\u00e4n j\u00e4rjestelm\u00e4ss\u00e4 ty\u00f6suhteen keston ajan. K\u00e4ytt\u00e4j\u00e4n ty\u00f6suhteen p\u00e4\u00e4ttyess\u00e4, poistetaan h\u00e4nen tietonsa j\u00e4rjestelm\u00e4st\u00e4.&nbsp;<\/p>\n\n\n\n<p>Sopimuksiin voi sis\u00e4lty\u00e4 luottamuksellisia tietoja tai liikesalaisuuksia, jolloin asiakirjat ovat n\u00e4ilt\u00e4 osin salassa pidett\u00e4vi\u00e4.&nbsp;<\/p>\n\n\n\n<ol start=\"12\" class=\"wp-block-list\">\n<li><strong>Automaattinen p\u00e4\u00e4t\u00f6ksenteko ja profilointi<\/strong>&nbsp;<\/li>\n<\/ol>\n\n\n\n<p>Rekisterin henkil\u00f6tietoihin ei kohdistu automaattista p\u00e4\u00e4t\u00f6ksentekoa eik\u00e4 profilointia.&nbsp;<\/p>\n\n\n\n<ol start=\"13\" class=\"wp-block-list\">\n<li><strong>Rekister\u00f6idyn oikeudet<\/strong>&nbsp;<\/li>\n<\/ol>\n\n\n\n<p>Tietosuojavastaavasta ja rekister\u00f6idyn oikeuksista ja niiden toteuttamisesta kerrotaan <a href=\"https:\/\/www.jamk.fi\/fi\/tietosuoja-jamkissa\" target=\"_blank\" rel=\"noreferrer noopener\">Tietosuoja Jamkissa<\/a>-sivulla (linkki avautuu jamk.fi-sivustolle).&nbsp;<\/p>\n","protected":false},"excerpt":{"rendered":"<p>EU yleinen tietosuoja-asetus (2016\/679) (linkki ohjautuu EUR-Lex sivustolle)&nbsp; Tietosuojalaki (2018\/1050) (linkki ohjautuu Finlex sivustolle)&nbsp; P\u00e4ivitetty 11.2.2025&nbsp; Sopimustenhallinnan henkil\u00f6rekisteri&nbsp; Jyv\u00e4skyl\u00e4n Ammattikorkeakoulu Oy&nbsp;PL 207, 40101 Jyv\u00e4skyl\u00e4&nbsp;+358 20 743 8100&nbsp; Tietosuojavastaavan s\u00e4hk\u00f6posti: tietosuoja@jamk.fi&nbsp; Sopimustenhallinnan sis\u00e4lt\u00e4mien henkil\u00f6tietojen k\u00e4sittelyn tarkoitus on toteuttaa s\u00e4hk\u00f6isten ja paperisten sopimusten hallintaa ja sopimuksiin liittyvi\u00e4 velvoitteita.&nbsp;&nbsp; Sopimustenhallintaan tallennetaan ammattikorkeakoulussa k\u00e4sitelt\u00e4viin sopimuksiin liittyvi\u00e4 henkil\u00f6tietoja.&nbsp;&nbsp; Rekister\u00f6idyt ryhm\u00e4t: [&hellip;]<\/p>\n","protected":false},"author":178,"featured_media":0,"parent":494,"menu_order":0,"comment_status":"closed","ping_status":"closed","template":"","meta":{"_acf_changed":false,"_relevanssi_hide_post":"","_relevanssi_hide_content":"","_relevanssi_pin_for_all":"","_relevanssi_pin_keywords":"","_relevanssi_unpin_keywords":"","_relevanssi_related_keywords":"","_relevanssi_related_include_ids":"","_relevanssi_related_exclude_ids":"","_relevanssi_related_no_append":"","_relevanssi_related_not_related":"","_relevanssi_related_posts":"","_relevanssi_noindex_reason":"","footnotes":""},"categories":[],"tags":[],"class_list":["post-1003","page","type-page","status-publish","hentry"],"acf":[],"yoast_head":"<!-- This site is optimized with the Yoast SEO plugin v27.3 - https:\/\/yoast.com\/product\/yoast-seo-wordpress\/ -->\n<title>Sopimustenhallinta - tietosuojaseloste - Tietosuoja<\/title>\n<meta name=\"robots\" content=\"index, follow, max-snippet:-1, max-image-preview:large, max-video-preview:-1\" \/>\n<link rel=\"canonical\" href=\"https:\/\/help.jamk.fi\/tietosuoja\/fi\/yleishallinto\/sopimustenhallinta-tietosuojaseloste\/\" \/>\n<meta property=\"og:locale\" content=\"fi_FI\" \/>\n<meta property=\"og:type\" content=\"article\" \/>\n<meta property=\"og:title\" content=\"Sopimustenhallinta - tietosuojaseloste - Tietosuoja\" \/>\n<meta property=\"og:description\" content=\"EU yleinen tietosuoja-asetus (2016\/679) (linkki ohjautuu EUR-Lex sivustolle)&nbsp; Tietosuojalaki (2018\/1050) (linkki ohjautuu Finlex sivustolle)&nbsp; P\u00e4ivitetty 11.2.2025&nbsp; Sopimustenhallinnan henkil\u00f6rekisteri&nbsp; Jyv\u00e4skyl\u00e4n Ammattikorkeakoulu Oy&nbsp;PL 207, 40101 Jyv\u00e4skyl\u00e4&nbsp;+358 20 743 8100&nbsp; Tietosuojavastaavan s\u00e4hk\u00f6posti: tietosuoja@jamk.fi&nbsp; Sopimustenhallinnan sis\u00e4lt\u00e4mien henkil\u00f6tietojen k\u00e4sittelyn tarkoitus on toteuttaa s\u00e4hk\u00f6isten ja paperisten sopimusten hallintaa ja sopimuksiin liittyvi\u00e4 velvoitteita.&nbsp;&nbsp; Sopimustenhallintaan tallennetaan ammattikorkeakoulussa k\u00e4sitelt\u00e4viin sopimuksiin liittyvi\u00e4 henkil\u00f6tietoja.&nbsp;&nbsp; Rekister\u00f6idyt ryhm\u00e4t: [&hellip;]\" \/>\n<meta property=\"og:url\" content=\"https:\/\/help.jamk.fi\/tietosuoja\/fi\/yleishallinto\/sopimustenhallinta-tietosuojaseloste\/\" \/>\n<meta property=\"og:site_name\" content=\"Tietosuoja\" \/>\n<meta property=\"article:modified_time\" content=\"2025-03-04T06:43:29+00:00\" \/>\n<meta name=\"twitter:card\" content=\"summary_large_image\" \/>\n<meta name=\"twitter:label1\" content=\"Arvioitu lukuaika\" \/>\n\t<meta name=\"twitter:data1\" content=\"4 minuuttia\" \/>\n<script type=\"application\/ld+json\" class=\"yoast-schema-graph\">{\"@context\":\"https:\\\/\\\/schema.org\",\"@graph\":[{\"@type\":\"WebPage\",\"@id\":\"https:\\\/\\\/help.jamk.fi\\\/tietosuoja\\\/fi\\\/yleishallinto\\\/sopimustenhallinta-tietosuojaseloste\\\/\",\"url\":\"https:\\\/\\\/help.jamk.fi\\\/tietosuoja\\\/fi\\\/yleishallinto\\\/sopimustenhallinta-tietosuojaseloste\\\/\",\"name\":\"Sopimustenhallinta - tietosuojaseloste - Tietosuoja\",\"isPartOf\":{\"@id\":\"https:\\\/\\\/help.jamk.fi\\\/tietosuoja\\\/#website\"},\"datePublished\":\"2025-03-03T14:18:25+00:00\",\"dateModified\":\"2025-03-04T06:43:29+00:00\",\"breadcrumb\":{\"@id\":\"https:\\\/\\\/help.jamk.fi\\\/tietosuoja\\\/fi\\\/yleishallinto\\\/sopimustenhallinta-tietosuojaseloste\\\/#breadcrumb\"},\"inLanguage\":\"fi\",\"potentialAction\":[{\"@type\":\"ReadAction\",\"target\":[\"https:\\\/\\\/help.jamk.fi\\\/tietosuoja\\\/fi\\\/yleishallinto\\\/sopimustenhallinta-tietosuojaseloste\\\/\"]}]},{\"@type\":\"BreadcrumbList\",\"@id\":\"https:\\\/\\\/help.jamk.fi\\\/tietosuoja\\\/fi\\\/yleishallinto\\\/sopimustenhallinta-tietosuojaseloste\\\/#breadcrumb\",\"itemListElement\":[{\"@type\":\"ListItem\",\"position\":1,\"name\":\"Etusivu\",\"item\":\"https:\\\/\\\/help.jamk.fi\\\/tietosuoja\\\/fi\\\/\"},{\"@type\":\"ListItem\",\"position\":2,\"name\":\"Yleishallinto\",\"item\":\"https:\\\/\\\/help.jamk.fi\\\/tietosuoja\\\/fi\\\/yleishallinto\\\/\"},{\"@type\":\"ListItem\",\"position\":3,\"name\":\"Sopimustenhallinta &#8211; tietosuojaseloste\"}]},{\"@type\":\"WebSite\",\"@id\":\"https:\\\/\\\/help.jamk.fi\\\/tietosuoja\\\/#website\",\"url\":\"https:\\\/\\\/help.jamk.fi\\\/tietosuoja\\\/\",\"name\":\"Tietosuoja\",\"description\":\"\",\"potentialAction\":[{\"@type\":\"SearchAction\",\"target\":{\"@type\":\"EntryPoint\",\"urlTemplate\":\"https:\\\/\\\/help.jamk.fi\\\/tietosuoja\\\/?s={search_term_string}\"},\"query-input\":{\"@type\":\"PropertyValueSpecification\",\"valueRequired\":true,\"valueName\":\"search_term_string\"}}],\"inLanguage\":\"fi\"}]}<\/script>\n<!-- \/ Yoast SEO plugin. -->","yoast_head_json":{"title":"Sopimustenhallinta - tietosuojaseloste - Tietosuoja","robots":{"index":"index","follow":"follow","max-snippet":"max-snippet:-1","max-image-preview":"max-image-preview:large","max-video-preview":"max-video-preview:-1"},"canonical":"https:\/\/help.jamk.fi\/tietosuoja\/fi\/yleishallinto\/sopimustenhallinta-tietosuojaseloste\/","og_locale":"fi_FI","og_type":"article","og_title":"Sopimustenhallinta - tietosuojaseloste - Tietosuoja","og_description":"EU yleinen tietosuoja-asetus (2016\/679) (linkki ohjautuu EUR-Lex sivustolle)&nbsp; Tietosuojalaki (2018\/1050) (linkki ohjautuu Finlex sivustolle)&nbsp; P\u00e4ivitetty 11.2.2025&nbsp; Sopimustenhallinnan henkil\u00f6rekisteri&nbsp; Jyv\u00e4skyl\u00e4n Ammattikorkeakoulu Oy&nbsp;PL 207, 40101 Jyv\u00e4skyl\u00e4&nbsp;+358 20 743 8100&nbsp; Tietosuojavastaavan s\u00e4hk\u00f6posti: tietosuoja@jamk.fi&nbsp; Sopimustenhallinnan sis\u00e4lt\u00e4mien henkil\u00f6tietojen k\u00e4sittelyn tarkoitus on toteuttaa s\u00e4hk\u00f6isten ja paperisten sopimusten hallintaa ja sopimuksiin liittyvi\u00e4 velvoitteita.&nbsp;&nbsp; Sopimustenhallintaan tallennetaan ammattikorkeakoulussa k\u00e4sitelt\u00e4viin sopimuksiin liittyvi\u00e4 henkil\u00f6tietoja.&nbsp;&nbsp; Rekister\u00f6idyt ryhm\u00e4t: [&hellip;]","og_url":"https:\/\/help.jamk.fi\/tietosuoja\/fi\/yleishallinto\/sopimustenhallinta-tietosuojaseloste\/","og_site_name":"Tietosuoja","article_modified_time":"2025-03-04T06:43:29+00:00","twitter_card":"summary_large_image","twitter_misc":{"Arvioitu lukuaika":"4 minuuttia"},"schema":{"@context":"https:\/\/schema.org","@graph":[{"@type":"WebPage","@id":"https:\/\/help.jamk.fi\/tietosuoja\/fi\/yleishallinto\/sopimustenhallinta-tietosuojaseloste\/","url":"https:\/\/help.jamk.fi\/tietosuoja\/fi\/yleishallinto\/sopimustenhallinta-tietosuojaseloste\/","name":"Sopimustenhallinta - tietosuojaseloste - Tietosuoja","isPartOf":{"@id":"https:\/\/help.jamk.fi\/tietosuoja\/#website"},"datePublished":"2025-03-03T14:18:25+00:00","dateModified":"2025-03-04T06:43:29+00:00","breadcrumb":{"@id":"https:\/\/help.jamk.fi\/tietosuoja\/fi\/yleishallinto\/sopimustenhallinta-tietosuojaseloste\/#breadcrumb"},"inLanguage":"fi","potentialAction":[{"@type":"ReadAction","target":["https:\/\/help.jamk.fi\/tietosuoja\/fi\/yleishallinto\/sopimustenhallinta-tietosuojaseloste\/"]}]},{"@type":"BreadcrumbList","@id":"https:\/\/help.jamk.fi\/tietosuoja\/fi\/yleishallinto\/sopimustenhallinta-tietosuojaseloste\/#breadcrumb","itemListElement":[{"@type":"ListItem","position":1,"name":"Etusivu","item":"https:\/\/help.jamk.fi\/tietosuoja\/fi\/"},{"@type":"ListItem","position":2,"name":"Yleishallinto","item":"https:\/\/help.jamk.fi\/tietosuoja\/fi\/yleishallinto\/"},{"@type":"ListItem","position":3,"name":"Sopimustenhallinta &#8211; tietosuojaseloste"}]},{"@type":"WebSite","@id":"https:\/\/help.jamk.fi\/tietosuoja\/#website","url":"https:\/\/help.jamk.fi\/tietosuoja\/","name":"Tietosuoja","description":"","potentialAction":[{"@type":"SearchAction","target":{"@type":"EntryPoint","urlTemplate":"https:\/\/help.jamk.fi\/tietosuoja\/?s={search_term_string}"},"query-input":{"@type":"PropertyValueSpecification","valueRequired":true,"valueName":"search_term_string"}}],"inLanguage":"fi"}]}},"_links":{"self":[{"href":"https:\/\/help.jamk.fi\/tietosuoja\/wp-json\/wp\/v2\/pages\/1003","targetHints":{"allow":["GET"]}}],"collection":[{"href":"https:\/\/help.jamk.fi\/tietosuoja\/wp-json\/wp\/v2\/pages"}],"about":[{"href":"https:\/\/help.jamk.fi\/tietosuoja\/wp-json\/wp\/v2\/types\/page"}],"author":[{"embeddable":true,"href":"https:\/\/help.jamk.fi\/tietosuoja\/wp-json\/wp\/v2\/users\/178"}],"replies":[{"embeddable":true,"href":"https:\/\/help.jamk.fi\/tietosuoja\/wp-json\/wp\/v2\/comments?post=1003"}],"version-history":[{"count":2,"href":"https:\/\/help.jamk.fi\/tietosuoja\/wp-json\/wp\/v2\/pages\/1003\/revisions"}],"predecessor-version":[{"id":1006,"href":"https:\/\/help.jamk.fi\/tietosuoja\/wp-json\/wp\/v2\/pages\/1003\/revisions\/1006"}],"up":[{"embeddable":true,"href":"https:\/\/help.jamk.fi\/tietosuoja\/wp-json\/wp\/v2\/pages\/494"}],"wp:attachment":[{"href":"https:\/\/help.jamk.fi\/tietosuoja\/wp-json\/wp\/v2\/media?parent=1003"}],"wp:term":[{"taxonomy":"category","embeddable":true,"href":"https:\/\/help.jamk.fi\/tietosuoja\/wp-json\/wp\/v2\/categories?post=1003"},{"taxonomy":"post_tag","embeddable":true,"href":"https:\/\/help.jamk.fi\/tietosuoja\/wp-json\/wp\/v2\/tags?post=1003"}],"curies":[{"name":"wp","href":"https:\/\/api.w.org\/{rel}","templated":true}]}}