{"id":1013,"date":"2025-03-04T10:31:25","date_gmt":"2025-03-04T08:31:25","guid":{"rendered":"https:\/\/help.jamk.fi\/tietosuoja\/?page_id=1013"},"modified":"2025-03-04T10:31:26","modified_gmt":"2025-03-04T08:31:26","slug":"ceepos-verkkokauppa-tietosuojaseloste","status":"publish","type":"page","link":"https:\/\/help.jamk.fi\/tietosuoja\/fi\/talouspalvelut\/ceepos-verkkokauppa-tietosuojaseloste\/","title":{"rendered":"Ceepos-verkkokauppa \u2013 tietosuojaseloste"},"content":{"rendered":"\n<h2 class=\"wp-block-heading\">\u00a0<\/h2>\n\n\n\n<h2 class=\"wp-block-heading\"><a>1. Rekisterin pit\u00e4j\u00e4<\/a><\/h2>\n\n\n\n<p>Jyv\u00e4skyl\u00e4n Ammattikorkeakoulu Oy<\/p>\n\n\n\n<p>PL 207, 40101 Jyv\u00e4skyl\u00e4<\/p>\n\n\n\n<h4 class=\"wp-block-heading\"><\/h4>\n\n\n\n<h2 class=\"wp-block-heading\">2. Yhteyshenkil\u00f6 rekisteri\u00e4 koskevissa asioissa<\/h2>\n\n\n\n<p>Prosessin omistaja: Hallintojohtaja<\/p>\n\n\n\n<p>Sis\u00e4ll\u00f6llinen p\u00e4\u00e4k\u00e4ytt\u00e4j\u00e4: Talousp\u00e4\u00e4llikk\u00f6<\/p>\n\n\n\n<p>Tekninen p\u00e4\u00e4k\u00e4ytt\u00e4j\u00e4: ICT-palvelut<\/p>\n\n\n\n<h2 class=\"wp-block-heading\">3. Rekisterin nimi<\/h2>\n\n\n\n<p>Ceepos-verkkokauppa<\/p>\n\n\n\n<h2 class=\"wp-block-heading\">4. Henkil\u00f6tietojen k\u00e4sittelyn tarkoitus<\/h2>\n\n\n\n<p>Henkil\u00f6tietoja ker\u00e4t\u00e4\u00e4n mm. tilausten toimittamisen, maksujen oikean kohdistamisen, asiakkaan ja\/tai asiakkaan ilmoittaman henkil\u00f6n tunnistamisen, asiakkaan asiointihistorian ja asiointioikeuksien todentamisen, raportoinnin sek\u00e4 markkinoinnin vuoksi.<\/p>\n\n\n\n<p>Ohjelmiston k\u00e4ytt\u00e4jist\u00e4 ker\u00e4t\u00e4\u00e4n tietoja k\u00e4ytt\u00f6oikeuksien m\u00e4\u00e4rittelemiseksi sek\u00e4 k\u00e4yt\u00f6n valvomiseksi. Ohjelmisto luo henkil\u00f6tietoja sis\u00e4lt\u00e4vi\u00e4 lokitietoja ohjelmiston k\u00e4ytt\u00f6historian ja ongelmatapausten selvitystarpeita varten.<\/p>\n\n\n\n<p>Henkil\u00f6tietojen k\u00e4sittelyn perusteina ovat rekister\u00f6idyn eli palvelunk\u00e4ytt\u00e4j\u00e4n suostumus sek\u00e4 rekisterinpit\u00e4j\u00e4n lakis\u00e4\u00e4teinen velvoite koulutuksen j\u00e4rjest\u00e4j\u00e4n\u00e4 (koskee erityisesti lukukausimaksuja).<\/p>\n\n\n\n<h2 class=\"wp-block-heading\">5. Rekisterin tietosis\u00e4lt\u00f6<\/h2>\n\n\n\n<p>Mahdollisia rekistereihin tallennettavia henkil\u00f6tietoja ovat:<\/p>\n\n\n\n<p>Yleinen asiakasrekisteri: asiakasnumero, etunimi, sukunimi, l\u00e4hiosoite, postitoimipaikka, puhelinnumero, s\u00e4hk\u00f6postiosoite, tilaushistoria, k\u00e4ytt\u00e4j\u00e4tunnus ja suoramarkkinointilupa.<\/p>\n\n\n\n<p>Tilausrekisteri: Yhteystiedot, tilatut tuotteet.<\/p>\n\n\n\n<p>Asiakaskortit\/-tunnisteet: korttinumero ja pin-tunnus.<\/p>\n\n\n\n<p>Ilmoittautumiset: Ilmoitettavan nimi, yhteystiedot, terveydentila (allergiat ja muut rajoitteet), huoltajan tiedot.<\/p>\n\n\n\n<p>Postituslistat: S\u00e4hk\u00f6postiosoite.<\/p>\n\n\n\n<p>Henkil\u00f6tietoja s\u00e4ilytet\u00e4\u00e4n rekistereiss\u00e4, kunnes niiden poistot tehd\u00e4\u00e4n manuaalisesti. Tilaustiedot s\u00e4ilytet\u00e4\u00e4n, kunnes poistot tehd\u00e4\u00e4n manuaalisesti tai ajastetusti. S\u00e4hk\u00f6iset kuittihistoriat s\u00e4ilytet\u00e4\u00e4n, kunnes poistot tehd\u00e4\u00e4n manuaalisesti, mutta kuitenkin v\u00e4hint\u00e4\u00e4n kuusi vuotta.<\/p>\n\n\n\n<h2 class=\"wp-block-heading\">6. S\u00e4\u00e4nn\u00f6nmukaiset tietol\u00e4hteet<\/h2>\n\n\n\n<p>Maksutapahtumia liittymien kautta v\u00e4litt\u00e4v\u00e4t ulkoiset j\u00e4rjestelm\u00e4t, jotka ovat integroituneet verkkokauppaan. P\u00e4\u00e4s\u00e4\u00e4nt\u00f6isen\u00e4 tietol\u00e4hteen\u00e4 ovat verkkokaupan asiakkaat tehdess\u00e4\u00e4n tilauksia, ilmoittautumisia ja maksaessaan verkkomaksujaan.<\/p>\n\n\n\n<h2 class=\"wp-block-heading\">7. Tietojen s\u00e4\u00e4nn\u00f6nmukaiset luovutukset<\/h2>\n\n\n\n<p>Henkil\u00f6tietoja ei luovuteta ulkopuolisille. Henkil\u00f6tietoja voidaan siirt\u00e4\u00e4 rekisterin pit\u00e4j\u00e4n muihin j\u00e4rjestelmiin, kuten kassaj\u00e4rjestelm\u00e4, kirjanpito, laskutus, kulunvalvonta. Maksupalveluntarjoajasta riippuen tilauksen maksamisen yhteydess\u00e4 maksuj\u00e4rjestelm\u00e4\u00e4n v\u00e4litet\u00e4\u00e4n asiakkaan yhteystietoja ongelmatilanteiden ja maksujen palauttamisen helpottamiseksi.<\/p>\n\n\n\n<h2 class=\"wp-block-heading\">8. Tietojen siirto EU:n tai ETA:n ulkopuolelle<\/h2>\n\n\n\n<p>Henkil\u00f6tietoja ei siirret\u00e4 EU:n tai ETA:n ulkopuolelle.<\/p>\n\n\n\n<h2 class=\"wp-block-heading\">9. Rekisterin suojauksen periaatteet<\/h2>\n\n\n\n<p>Ohjelmiston yll\u00e4pito on suojattu k\u00e4ytt\u00e4j\u00e4tunnuksin ja salasanoin sek\u00e4 k\u00e4ytt\u00e4j\u00e4ryhm\u00e4kohtaisin k\u00e4ytt\u00f6oikeuksin. Tietokannassa olevat tiedot on suojattu k\u00e4ytt\u00e4j\u00e4tunnuksilla ja salasanoilla ja tiedon k\u00e4sittely on rajattu vain verkkokauppaj\u00e4rjestelm\u00e4n k\u00e4ytett\u00e4v\u00e4ksi. Levyille tallennetut tiedot on suojattu k\u00e4ytt\u00f6j\u00e4rjestelm\u00e4tason k\u00e4ytt\u00f6oikeuksin. Kaikki tietoliikenne j\u00e4rjestelm\u00e4ntoimittajan j\u00e4rjestelmien sek\u00e4 verkkokaupan ja maksupalveluntarjoajan v\u00e4lill\u00e4 tapahtuu SSL-suojattuna.<\/p>\n\n\n\n<p>Verkkokauppapalvelimen huoltoyhteys on sallittu vain palvelin- ja j\u00e4rjestelm\u00e4toimittajille. Ohjelmiston toimittajalla on t\u00e4ysi p\u00e4\u00e4sy kaiken ker\u00e4tyn tiedon tarkasteluun ja poistamiseen.<\/p>\n\n\n\n<h2 class=\"wp-block-heading\">10. Henkil\u00f6tietojen k\u00e4sittelyn hyv\u00e4ksyminen<\/h2>\n\n\n\n<p>Verkkokauppaostosten ja -maksujen tekeminen katsotaan henkil\u00f6tietojen k\u00e4sittelyn hyv\u00e4ksynn\u00e4ksi, eik\u00e4 t\u00e4t\u00e4 erikseen kuluttajalta vaadita j\u00e4rjestelm\u00e4n k\u00e4ytt\u00e4miseksi. Henkil\u00f6tietojen tullessa ulkopuolisesta j\u00e4rjestelm\u00e4st\u00e4 henkil\u00f6tietojen k\u00e4sittelemisen hyv\u00e4ksyminen hoidetaan verkkokauppaj\u00e4rjestelm\u00e4n ulkopuolella.<\/p>\n\n\n\n<h2 class=\"wp-block-heading\"><a>11. Tarkastusoikeus<\/a><\/h2>\n\n\n\n<p>Rekister\u00f6idyll\u00e4 on tietosuoja-asetuksen nojalla oikeus:<\/p>\n\n\n\n<p>-suostumuksen peruuttamiseen<\/p>\n\n\n\n<p>-p\u00e4\u00e4sy omiin henkil\u00f6tietoihin<\/p>\n\n\n\n<p>-oikeus saada virheet korjatuksi<\/p>\n\n\n\n<p>-oikeus kielt\u00e4\u00e4 suoramarkkinointi<\/p>\n\n\n\n<p>-oikeus vastustaa k\u00e4sittely\u00e4<\/p>\n\n\n\n<p>-oikeus rajoittaa k\u00e4sittely\u00e4<\/p>\n\n\n\n<p>-oikeus saada tiedot siirretyksi<\/p>\n\n\n\n<p>Rekister\u00f6idyn oikeuksien toteuttamiseksi pyydet\u00e4\u00e4n tekem\u00e4\u00e4n pyynt\u00f6 Jamkin tietosuojavastaavalle tietosuoja@jamk.fi.<\/p>\n\n\n\n<p>Jamkin henkil\u00f6tietojen k\u00e4sittelyst\u00e4 kerrotaan lis\u00e4\u00e4 https:\/\/www.jamk.fi\/fi\/jamk\/tietosuoja-jamkissa<\/p>\n\n\n\n<h2 class=\"wp-block-heading\"><\/h2>\n\n\n\n<h2 class=\"wp-block-heading\">12. Oikeus vaatia tiedon korjaamista<\/h2>\n\n\n\n<p>Rekister\u00f6idyll\u00e4 on oikeus vaatia henkil\u00f6rekisteriss\u00e4 olevan virheellisen tiedon korjaamista tai poistamista. Pyynn\u00f6t tulee osoittaa s\u00e4hk\u00f6isesti tai kirjallisesti rekisterin yhteyshenkil\u00f6lle.<\/p>\n\n\n\n<h2 class=\"wp-block-heading\">13. Automaattinen p\u00e4\u00e4t\u00f6ksenteko ja profilointi<\/h2>\n\n\n\n<p>Ei automaattista p\u00e4\u00e4t\u00f6ksentekoa eik\u00e4 profilointia.<\/p>\n\n\n\n<h2 class=\"wp-block-heading\"><\/h2>\n\n\n\n<p><\/p>\n","protected":false},"excerpt":{"rendered":"<p>\u00a0 1. Rekisterin pit\u00e4j\u00e4 Jyv\u00e4skyl\u00e4n Ammattikorkeakoulu Oy PL 207, 40101 Jyv\u00e4skyl\u00e4 2. Yhteyshenkil\u00f6 rekisteri\u00e4 koskevissa asioissa Prosessin omistaja: Hallintojohtaja Sis\u00e4ll\u00f6llinen p\u00e4\u00e4k\u00e4ytt\u00e4j\u00e4: Talousp\u00e4\u00e4llikk\u00f6 Tekninen p\u00e4\u00e4k\u00e4ytt\u00e4j\u00e4: ICT-palvelut 3. Rekisterin nimi Ceepos-verkkokauppa 4. Henkil\u00f6tietojen k\u00e4sittelyn tarkoitus Henkil\u00f6tietoja ker\u00e4t\u00e4\u00e4n mm. tilausten toimittamisen, maksujen oikean kohdistamisen, asiakkaan ja\/tai asiakkaan ilmoittaman henkil\u00f6n tunnistamisen, asiakkaan asiointihistorian ja asiointioikeuksien todentamisen, raportoinnin sek\u00e4 markkinoinnin [&hellip;]<\/p>\n","protected":false},"author":178,"featured_media":0,"parent":501,"menu_order":0,"comment_status":"closed","ping_status":"closed","template":"","meta":{"_acf_changed":false,"_relevanssi_hide_post":"","_relevanssi_hide_content":"","_relevanssi_pin_for_all":"","_relevanssi_pin_keywords":"","_relevanssi_unpin_keywords":"","_relevanssi_related_keywords":"","_relevanssi_related_include_ids":"","_relevanssi_related_exclude_ids":"","_relevanssi_related_no_append":"","_relevanssi_related_not_related":"","_relevanssi_related_posts":"","_relevanssi_noindex_reason":"","footnotes":""},"categories":[],"tags":[],"class_list":["post-1013","page","type-page","status-publish","hentry"],"acf":[],"yoast_head":"<!-- This site is optimized with the Yoast SEO plugin v27.3 - https:\/\/yoast.com\/product\/yoast-seo-wordpress\/ -->\n<title>Ceepos-verkkokauppa \u2013 tietosuojaseloste - Tietosuoja<\/title>\n<meta name=\"robots\" content=\"index, follow, max-snippet:-1, max-image-preview:large, max-video-preview:-1\" \/>\n<link rel=\"canonical\" href=\"https:\/\/help.jamk.fi\/tietosuoja\/fi\/talouspalvelut\/ceepos-verkkokauppa-tietosuojaseloste\/\" \/>\n<meta property=\"og:locale\" content=\"fi_FI\" \/>\n<meta property=\"og:type\" content=\"article\" \/>\n<meta property=\"og:title\" content=\"Ceepos-verkkokauppa \u2013 tietosuojaseloste - Tietosuoja\" \/>\n<meta property=\"og:description\" content=\"\u00a0 1. Rekisterin pit\u00e4j\u00e4 Jyv\u00e4skyl\u00e4n Ammattikorkeakoulu Oy PL 207, 40101 Jyv\u00e4skyl\u00e4 2. Yhteyshenkil\u00f6 rekisteri\u00e4 koskevissa asioissa Prosessin omistaja: Hallintojohtaja Sis\u00e4ll\u00f6llinen p\u00e4\u00e4k\u00e4ytt\u00e4j\u00e4: Talousp\u00e4\u00e4llikk\u00f6 Tekninen p\u00e4\u00e4k\u00e4ytt\u00e4j\u00e4: ICT-palvelut 3. Rekisterin nimi Ceepos-verkkokauppa 4. Henkil\u00f6tietojen k\u00e4sittelyn tarkoitus Henkil\u00f6tietoja ker\u00e4t\u00e4\u00e4n mm. tilausten toimittamisen, maksujen oikean kohdistamisen, asiakkaan ja\/tai asiakkaan ilmoittaman henkil\u00f6n tunnistamisen, asiakkaan asiointihistorian ja asiointioikeuksien todentamisen, raportoinnin sek\u00e4 markkinoinnin [&hellip;]\" \/>\n<meta property=\"og:url\" content=\"https:\/\/help.jamk.fi\/tietosuoja\/fi\/talouspalvelut\/ceepos-verkkokauppa-tietosuojaseloste\/\" \/>\n<meta property=\"og:site_name\" content=\"Tietosuoja\" \/>\n<meta property=\"article:modified_time\" content=\"2025-03-04T08:31:26+00:00\" \/>\n<meta name=\"twitter:card\" content=\"summary_large_image\" \/>\n<meta name=\"twitter:label1\" content=\"Arvioitu lukuaika\" \/>\n\t<meta name=\"twitter:data1\" content=\"3 minuuttia\" \/>\n<script type=\"application\/ld+json\" class=\"yoast-schema-graph\">{\"@context\":\"https:\\\/\\\/schema.org\",\"@graph\":[{\"@type\":\"WebPage\",\"@id\":\"https:\\\/\\\/help.jamk.fi\\\/tietosuoja\\\/fi\\\/talouspalvelut\\\/ceepos-verkkokauppa-tietosuojaseloste\\\/\",\"url\":\"https:\\\/\\\/help.jamk.fi\\\/tietosuoja\\\/fi\\\/talouspalvelut\\\/ceepos-verkkokauppa-tietosuojaseloste\\\/\",\"name\":\"Ceepos-verkkokauppa \u2013 tietosuojaseloste - Tietosuoja\",\"isPartOf\":{\"@id\":\"https:\\\/\\\/help.jamk.fi\\\/tietosuoja\\\/#website\"},\"datePublished\":\"2025-03-04T08:31:25+00:00\",\"dateModified\":\"2025-03-04T08:31:26+00:00\",\"breadcrumb\":{\"@id\":\"https:\\\/\\\/help.jamk.fi\\\/tietosuoja\\\/fi\\\/talouspalvelut\\\/ceepos-verkkokauppa-tietosuojaseloste\\\/#breadcrumb\"},\"inLanguage\":\"fi\",\"potentialAction\":[{\"@type\":\"ReadAction\",\"target\":[\"https:\\\/\\\/help.jamk.fi\\\/tietosuoja\\\/fi\\\/talouspalvelut\\\/ceepos-verkkokauppa-tietosuojaseloste\\\/\"]}]},{\"@type\":\"BreadcrumbList\",\"@id\":\"https:\\\/\\\/help.jamk.fi\\\/tietosuoja\\\/fi\\\/talouspalvelut\\\/ceepos-verkkokauppa-tietosuojaseloste\\\/#breadcrumb\",\"itemListElement\":[{\"@type\":\"ListItem\",\"position\":1,\"name\":\"Etusivu\",\"item\":\"https:\\\/\\\/help.jamk.fi\\\/tietosuoja\\\/fi\\\/\"},{\"@type\":\"ListItem\",\"position\":2,\"name\":\"Talouspalvelut\",\"item\":\"https:\\\/\\\/help.jamk.fi\\\/tietosuoja\\\/fi\\\/talouspalvelut\\\/\"},{\"@type\":\"ListItem\",\"position\":3,\"name\":\"Ceepos-verkkokauppa \u2013 tietosuojaseloste\"}]},{\"@type\":\"WebSite\",\"@id\":\"https:\\\/\\\/help.jamk.fi\\\/tietosuoja\\\/#website\",\"url\":\"https:\\\/\\\/help.jamk.fi\\\/tietosuoja\\\/\",\"name\":\"Tietosuoja\",\"description\":\"\",\"potentialAction\":[{\"@type\":\"SearchAction\",\"target\":{\"@type\":\"EntryPoint\",\"urlTemplate\":\"https:\\\/\\\/help.jamk.fi\\\/tietosuoja\\\/?s={search_term_string}\"},\"query-input\":{\"@type\":\"PropertyValueSpecification\",\"valueRequired\":true,\"valueName\":\"search_term_string\"}}],\"inLanguage\":\"fi\"}]}<\/script>\n<!-- \/ Yoast SEO plugin. -->","yoast_head_json":{"title":"Ceepos-verkkokauppa \u2013 tietosuojaseloste - Tietosuoja","robots":{"index":"index","follow":"follow","max-snippet":"max-snippet:-1","max-image-preview":"max-image-preview:large","max-video-preview":"max-video-preview:-1"},"canonical":"https:\/\/help.jamk.fi\/tietosuoja\/fi\/talouspalvelut\/ceepos-verkkokauppa-tietosuojaseloste\/","og_locale":"fi_FI","og_type":"article","og_title":"Ceepos-verkkokauppa \u2013 tietosuojaseloste - Tietosuoja","og_description":"\u00a0 1. Rekisterin pit\u00e4j\u00e4 Jyv\u00e4skyl\u00e4n Ammattikorkeakoulu Oy PL 207, 40101 Jyv\u00e4skyl\u00e4 2. Yhteyshenkil\u00f6 rekisteri\u00e4 koskevissa asioissa Prosessin omistaja: Hallintojohtaja Sis\u00e4ll\u00f6llinen p\u00e4\u00e4k\u00e4ytt\u00e4j\u00e4: Talousp\u00e4\u00e4llikk\u00f6 Tekninen p\u00e4\u00e4k\u00e4ytt\u00e4j\u00e4: ICT-palvelut 3. Rekisterin nimi Ceepos-verkkokauppa 4. Henkil\u00f6tietojen k\u00e4sittelyn tarkoitus Henkil\u00f6tietoja ker\u00e4t\u00e4\u00e4n mm. tilausten toimittamisen, maksujen oikean kohdistamisen, asiakkaan ja\/tai asiakkaan ilmoittaman henkil\u00f6n tunnistamisen, asiakkaan asiointihistorian ja asiointioikeuksien todentamisen, raportoinnin sek\u00e4 markkinoinnin [&hellip;]","og_url":"https:\/\/help.jamk.fi\/tietosuoja\/fi\/talouspalvelut\/ceepos-verkkokauppa-tietosuojaseloste\/","og_site_name":"Tietosuoja","article_modified_time":"2025-03-04T08:31:26+00:00","twitter_card":"summary_large_image","twitter_misc":{"Arvioitu lukuaika":"3 minuuttia"},"schema":{"@context":"https:\/\/schema.org","@graph":[{"@type":"WebPage","@id":"https:\/\/help.jamk.fi\/tietosuoja\/fi\/talouspalvelut\/ceepos-verkkokauppa-tietosuojaseloste\/","url":"https:\/\/help.jamk.fi\/tietosuoja\/fi\/talouspalvelut\/ceepos-verkkokauppa-tietosuojaseloste\/","name":"Ceepos-verkkokauppa \u2013 tietosuojaseloste - Tietosuoja","isPartOf":{"@id":"https:\/\/help.jamk.fi\/tietosuoja\/#website"},"datePublished":"2025-03-04T08:31:25+00:00","dateModified":"2025-03-04T08:31:26+00:00","breadcrumb":{"@id":"https:\/\/help.jamk.fi\/tietosuoja\/fi\/talouspalvelut\/ceepos-verkkokauppa-tietosuojaseloste\/#breadcrumb"},"inLanguage":"fi","potentialAction":[{"@type":"ReadAction","target":["https:\/\/help.jamk.fi\/tietosuoja\/fi\/talouspalvelut\/ceepos-verkkokauppa-tietosuojaseloste\/"]}]},{"@type":"BreadcrumbList","@id":"https:\/\/help.jamk.fi\/tietosuoja\/fi\/talouspalvelut\/ceepos-verkkokauppa-tietosuojaseloste\/#breadcrumb","itemListElement":[{"@type":"ListItem","position":1,"name":"Etusivu","item":"https:\/\/help.jamk.fi\/tietosuoja\/fi\/"},{"@type":"ListItem","position":2,"name":"Talouspalvelut","item":"https:\/\/help.jamk.fi\/tietosuoja\/fi\/talouspalvelut\/"},{"@type":"ListItem","position":3,"name":"Ceepos-verkkokauppa \u2013 tietosuojaseloste"}]},{"@type":"WebSite","@id":"https:\/\/help.jamk.fi\/tietosuoja\/#website","url":"https:\/\/help.jamk.fi\/tietosuoja\/","name":"Tietosuoja","description":"","potentialAction":[{"@type":"SearchAction","target":{"@type":"EntryPoint","urlTemplate":"https:\/\/help.jamk.fi\/tietosuoja\/?s={search_term_string}"},"query-input":{"@type":"PropertyValueSpecification","valueRequired":true,"valueName":"search_term_string"}}],"inLanguage":"fi"}]}},"_links":{"self":[{"href":"https:\/\/help.jamk.fi\/tietosuoja\/wp-json\/wp\/v2\/pages\/1013","targetHints":{"allow":["GET"]}}],"collection":[{"href":"https:\/\/help.jamk.fi\/tietosuoja\/wp-json\/wp\/v2\/pages"}],"about":[{"href":"https:\/\/help.jamk.fi\/tietosuoja\/wp-json\/wp\/v2\/types\/page"}],"author":[{"embeddable":true,"href":"https:\/\/help.jamk.fi\/tietosuoja\/wp-json\/wp\/v2\/users\/178"}],"replies":[{"embeddable":true,"href":"https:\/\/help.jamk.fi\/tietosuoja\/wp-json\/wp\/v2\/comments?post=1013"}],"version-history":[{"count":1,"href":"https:\/\/help.jamk.fi\/tietosuoja\/wp-json\/wp\/v2\/pages\/1013\/revisions"}],"predecessor-version":[{"id":1014,"href":"https:\/\/help.jamk.fi\/tietosuoja\/wp-json\/wp\/v2\/pages\/1013\/revisions\/1014"}],"up":[{"embeddable":true,"href":"https:\/\/help.jamk.fi\/tietosuoja\/wp-json\/wp\/v2\/pages\/501"}],"wp:attachment":[{"href":"https:\/\/help.jamk.fi\/tietosuoja\/wp-json\/wp\/v2\/media?parent=1013"}],"wp:term":[{"taxonomy":"category","embeddable":true,"href":"https:\/\/help.jamk.fi\/tietosuoja\/wp-json\/wp\/v2\/categories?post=1013"},{"taxonomy":"post_tag","embeddable":true,"href":"https:\/\/help.jamk.fi\/tietosuoja\/wp-json\/wp\/v2\/tags?post=1013"}],"curies":[{"name":"wp","href":"https:\/\/api.w.org\/{rel}","templated":true}]}}