{"id":1019,"date":"2025-03-04T11:02:46","date_gmt":"2025-03-04T09:02:46","guid":{"rendered":"https:\/\/help.jamk.fi\/tietosuoja\/?page_id=1019"},"modified":"2025-03-04T11:02:46","modified_gmt":"2025-03-04T09:02:46","slug":"rakennustiedon-verkkopalvelu-tietosuojaseloste","status":"publish","type":"page","link":"https:\/\/help.jamk.fi\/tietosuoja\/fi\/kirjasto\/rakennustiedon-verkkopalvelu-tietosuojaseloste\/","title":{"rendered":"Rakennustiedon verkkopalvelu &#8211; tietosuojaseloste"},"content":{"rendered":"\n<p>EU yleinen tietosuoja-asetus (2016\/679)<br>P\u00e4ivitetty 25.2.2025<br><\/p>\n\n\n\n<p><strong>1 Rekisterin nimi<\/strong><br>Rakennustiedon verkkopalvelun k\u00e4ytt\u00e4j\u00e4rekisteri<br><\/p>\n\n\n\n<p><strong>2 Rekisterinpit\u00e4j\u00e4<\/strong><br>Jyv\u00e4skyl\u00e4n Ammattikorkeakoulu Oy<br>PL 207, 40101 Jyv\u00e4skyl\u00e4<br>+358 20 743 8100<br>Palveluntarjoajan tietosuojaseloste:<br>https:\/\/www.rakennustieto.fi\/tietosuojaseloste<br><\/p>\n\n\n\n<p><strong>3 Yhteyshenkil\u00f6 rekisteri\u00e4 koskevissa asioissa<\/strong><br>Rekisterist\u00e4 vastaava johtaja\/prosessin omistaja: kirjastonjohtaja<br>Sis\u00e4ll\u00f6llinen p\u00e4\u00e4k\u00e4ytt\u00e4j\u00e4\/yhteyshenkil\u00f6: informaatikko tai vastaava<br>etunimi.sukunimi[at]jamk.fi<br><\/p>\n\n\n\n<p><strong>4 Rekisterinpit\u00e4j\u00e4n tietosuojavastaava<\/strong><br>Rekister\u00f6idyn oikeuksien toteuttamista koskevat pyynn\u00f6t osoitetaan rekisterinpit\u00e4j\u00e4n tietosuojavastaavalle: tietosuoja[at]jamk.fi<br>Kysy neuvoja ja ohjeita: tietosuoja[at]jamk.fi<br><\/p>\n\n\n\n<p><strong>5 Henkil\u00f6tietojen k\u00e4sittelyn tarkoitus<\/strong><br>Henkil\u00f6tietojen k\u00e4sittely mahdollistaa Rakennustiedon verkkopalveluun kirjautumisen ja palvelun k\u00e4yt\u00f6n.<br><\/p>\n\n\n\n<p><strong>6 Rekisterin tietosis\u00e4lt\u00f6 ja rekister\u00f6ityjen ryhm\u00e4t<\/strong><br>Henkil\u00f6tietoja k\u00e4sitell\u00e4\u00e4n Jamkin henkil\u00f6tietojen k\u00e4sittelyohjeen mukaisesti.<br>Rekister\u00f6ityjen ryhm\u00e4t: Ty\u00f6ntekij\u00e4t ja opiskelijat.<br>Tallennettavia tietoja ovat:<br>\u2212 nimi (pakollinen)<br>\u2212 s\u00e4hk\u00f6postiosoite (pakollinen)<br>\u2212 organisaatio (pakollinen)<br><\/p>\n\n\n\n<p><strong>7 K\u00e4sittelyperuste<\/strong><br>\u2212 Suostumus: Henkil\u00f6tiedot tallentuvat rekisteriin ensimm\u00e4isen kirjautumisen yhteydess\u00e4. Suostumuksen voi peruuttaa olemalla yhteydess\u00e4 rekisterin yhteyshenkil\u00f6\u00f6n.<br>\u2212 Rekisterinpit\u00e4j\u00e4n oikeutettu etu: Ty\u00f6suhde ja opiskeluoikeus rekisterinpit\u00e4j\u00e4\u00e4n.<br><\/p>\n\n\n\n<p><strong>8 S\u00e4\u00e4nn\u00f6nmukaiset tietol\u00e4hteet<\/strong><br>Tiedot siirtyv\u00e4t palveluun ensimm\u00e4isen organisaatiotunnuksilla (Microsoft) tehdyn SSO-kirjautumisen yhteydess\u00e4.<br><\/p>\n\n\n\n<p><strong>9 S\u00e4\u00e4nn\u00f6nmukaiset tietojen luovutukset ja tietojen siirto EU:n tai Euroopan talousalueen ulkopuolelle<\/strong><br>Tietoja ei siirret\u00e4 kolmansille tahoille, EU:n tai ETA-alueen ulkopuolelle ja\/tai kansainv\u00e4lisille j\u00e4rjest\u00f6ille.<br><\/p>\n\n\n\n<p><strong>10 Rekisterin suojauksen periaatteet<\/strong><br>Rakennustiedon verkkopalvelussa henkil\u00f6tietoja suojataan tarkoituksenmukaisin teknisin ja hallinnollisin toimin niiden suojaamiseksi v\u00e4\u00e4rink\u00e4yt\u00f6ksilt\u00e4, luvattomalta p\u00e4\u00e4sylt\u00e4, luovuttamiselta, h\u00e4vi\u00e4miselt\u00e4 ja tuhoamiselta. Henkil\u00f6tietoihin on p\u00e4\u00e4sy vain henkil\u00f6ill\u00e4, jotka tarvitsevat niit\u00e4 ty\u00f6teht\u00e4viens\u00e4 hoitamiseksi. Henkil\u00f6tietoja sis\u00e4lt\u00e4v\u00e4\u00e4n tietoj\u00e4rjestelm\u00e4\u00e4n p\u00e4\u00e4sy edellytt\u00e4\u00e4 Jamkin k\u00e4ytt\u00e4j\u00e4kohtaista kirjautumistunnusta.<br><\/p>\n\n\n\n<p><strong>11 Henkil\u00f6tietojen s\u00e4ilytt\u00e4misaika tai s\u00e4ilytt\u00e4misajan m\u00e4\u00e4ritt\u00e4miskriteerit<\/strong><br>Henkil\u00f6tietoja s\u00e4ilytet\u00e4\u00e4n vuoden ajan, mink\u00e4 j\u00e4lkeen ne poistetaan. Lis\u00e4ksi tiedot poistetaan Rakennustiedon verkkopalvelusta sopimuksen p\u00e4\u00e4ttyess\u00e4 tai erikseen rekister\u00f6idyn pyynn\u00f6st\u00e4.<br><\/p>\n\n\n\n<p><strong>12 Profilointi ja automaattinen p\u00e4\u00e4t\u00f6ksenteko<\/strong><br>Rekisterin tietoja ei k\u00e4ytet\u00e4 automatisoituihin yksitt\u00e4isp\u00e4\u00e4t\u00f6ksiin eik\u00e4 profilointiin.<br><\/p>\n\n\n\n<p><strong>13 Rekister\u00f6idyn oikeudet<\/strong><br>Tietosuojavastaavasta ja rekister\u00f6idyn oikeuksista ja niiden toteuttamisesta kerrotaan Tietosuoja Jamkissa-sivulla.<\/p>\n\n\n\n<p><\/p>\n","protected":false},"excerpt":{"rendered":"<p>EU yleinen tietosuoja-asetus (2016\/679)P\u00e4ivitetty 25.2.2025 1 Rekisterin nimiRakennustiedon verkkopalvelun k\u00e4ytt\u00e4j\u00e4rekisteri 2 Rekisterinpit\u00e4j\u00e4Jyv\u00e4skyl\u00e4n Ammattikorkeakoulu OyPL 207, 40101 Jyv\u00e4skyl\u00e4+358 20 743 8100Palveluntarjoajan tietosuojaseloste:https:\/\/www.rakennustieto.fi\/tietosuojaseloste 3 Yhteyshenkil\u00f6 rekisteri\u00e4 koskevissa asioissaRekisterist\u00e4 vastaava johtaja\/prosessin omistaja: kirjastonjohtajaSis\u00e4ll\u00f6llinen p\u00e4\u00e4k\u00e4ytt\u00e4j\u00e4\/yhteyshenkil\u00f6: informaatikko tai vastaavaetunimi.sukunimi[at]jamk.fi 4 Rekisterinpit\u00e4j\u00e4n tietosuojavastaavaRekister\u00f6idyn oikeuksien toteuttamista koskevat pyynn\u00f6t osoitetaan rekisterinpit\u00e4j\u00e4n tietosuojavastaavalle: tietosuoja[at]jamk.fiKysy neuvoja ja ohjeita: tietosuoja[at]jamk.fi 5 Henkil\u00f6tietojen k\u00e4sittelyn tarkoitusHenkil\u00f6tietojen k\u00e4sittely mahdollistaa [&hellip;]<\/p>\n","protected":false},"author":178,"featured_media":0,"parent":513,"menu_order":0,"comment_status":"closed","ping_status":"closed","template":"","meta":{"_acf_changed":false,"_relevanssi_hide_post":"","_relevanssi_hide_content":"","_relevanssi_pin_for_all":"","_relevanssi_pin_keywords":"","_relevanssi_unpin_keywords":"","_relevanssi_related_keywords":"","_relevanssi_related_include_ids":"","_relevanssi_related_exclude_ids":"","_relevanssi_related_no_append":"","_relevanssi_related_not_related":"","_relevanssi_related_posts":"","_relevanssi_noindex_reason":"","footnotes":""},"categories":[],"tags":[],"class_list":["post-1019","page","type-page","status-publish","hentry"],"acf":[],"yoast_head":"<!-- This site is optimized with the Yoast SEO plugin v27.4 - https:\/\/yoast.com\/product\/yoast-seo-wordpress\/ -->\n<title>Rakennustiedon verkkopalvelu - tietosuojaseloste - Tietosuoja<\/title>\n<meta name=\"robots\" content=\"index, follow, max-snippet:-1, max-image-preview:large, max-video-preview:-1\" \/>\n<link rel=\"canonical\" href=\"https:\/\/help.jamk.fi\/tietosuoja\/fi\/kirjasto\/rakennustiedon-verkkopalvelu-tietosuojaseloste\/\" \/>\n<meta property=\"og:locale\" content=\"fi_FI\" \/>\n<meta property=\"og:type\" content=\"article\" \/>\n<meta property=\"og:title\" content=\"Rakennustiedon verkkopalvelu - tietosuojaseloste - Tietosuoja\" \/>\n<meta property=\"og:description\" content=\"EU yleinen tietosuoja-asetus (2016\/679)P\u00e4ivitetty 25.2.2025 1 Rekisterin nimiRakennustiedon verkkopalvelun k\u00e4ytt\u00e4j\u00e4rekisteri 2 Rekisterinpit\u00e4j\u00e4Jyv\u00e4skyl\u00e4n Ammattikorkeakoulu OyPL 207, 40101 Jyv\u00e4skyl\u00e4+358 20 743 8100Palveluntarjoajan tietosuojaseloste:https:\/\/www.rakennustieto.fi\/tietosuojaseloste 3 Yhteyshenkil\u00f6 rekisteri\u00e4 koskevissa asioissaRekisterist\u00e4 vastaava johtaja\/prosessin omistaja: kirjastonjohtajaSis\u00e4ll\u00f6llinen p\u00e4\u00e4k\u00e4ytt\u00e4j\u00e4\/yhteyshenkil\u00f6: informaatikko tai vastaavaetunimi.sukunimi[at]jamk.fi 4 Rekisterinpit\u00e4j\u00e4n tietosuojavastaavaRekister\u00f6idyn oikeuksien toteuttamista koskevat pyynn\u00f6t osoitetaan rekisterinpit\u00e4j\u00e4n tietosuojavastaavalle: tietosuoja[at]jamk.fiKysy neuvoja ja ohjeita: tietosuoja[at]jamk.fi 5 Henkil\u00f6tietojen k\u00e4sittelyn tarkoitusHenkil\u00f6tietojen k\u00e4sittely mahdollistaa [&hellip;]\" \/>\n<meta property=\"og:url\" content=\"https:\/\/help.jamk.fi\/tietosuoja\/fi\/kirjasto\/rakennustiedon-verkkopalvelu-tietosuojaseloste\/\" \/>\n<meta property=\"og:site_name\" content=\"Tietosuoja\" \/>\n<meta name=\"twitter:card\" content=\"summary_large_image\" \/>\n<meta name=\"twitter:label1\" content=\"Arvioitu lukuaika\" \/>\n\t<meta name=\"twitter:data1\" content=\"2 minuuttia\" \/>\n<script type=\"application\/ld+json\" class=\"yoast-schema-graph\">{\"@context\":\"https:\\\/\\\/schema.org\",\"@graph\":[{\"@type\":\"WebPage\",\"@id\":\"https:\\\/\\\/help.jamk.fi\\\/tietosuoja\\\/fi\\\/kirjasto\\\/rakennustiedon-verkkopalvelu-tietosuojaseloste\\\/\",\"url\":\"https:\\\/\\\/help.jamk.fi\\\/tietosuoja\\\/fi\\\/kirjasto\\\/rakennustiedon-verkkopalvelu-tietosuojaseloste\\\/\",\"name\":\"Rakennustiedon verkkopalvelu - tietosuojaseloste - Tietosuoja\",\"isPartOf\":{\"@id\":\"https:\\\/\\\/help.jamk.fi\\\/tietosuoja\\\/#website\"},\"datePublished\":\"2025-03-04T09:02:46+00:00\",\"breadcrumb\":{\"@id\":\"https:\\\/\\\/help.jamk.fi\\\/tietosuoja\\\/fi\\\/kirjasto\\\/rakennustiedon-verkkopalvelu-tietosuojaseloste\\\/#breadcrumb\"},\"inLanguage\":\"fi\",\"potentialAction\":[{\"@type\":\"ReadAction\",\"target\":[\"https:\\\/\\\/help.jamk.fi\\\/tietosuoja\\\/fi\\\/kirjasto\\\/rakennustiedon-verkkopalvelu-tietosuojaseloste\\\/\"]}]},{\"@type\":\"BreadcrumbList\",\"@id\":\"https:\\\/\\\/help.jamk.fi\\\/tietosuoja\\\/fi\\\/kirjasto\\\/rakennustiedon-verkkopalvelu-tietosuojaseloste\\\/#breadcrumb\",\"itemListElement\":[{\"@type\":\"ListItem\",\"position\":1,\"name\":\"Etusivu\",\"item\":\"https:\\\/\\\/help.jamk.fi\\\/tietosuoja\\\/fi\\\/\"},{\"@type\":\"ListItem\",\"position\":2,\"name\":\"Kirjasto\",\"item\":\"https:\\\/\\\/help.jamk.fi\\\/tietosuoja\\\/fi\\\/kirjasto\\\/\"},{\"@type\":\"ListItem\",\"position\":3,\"name\":\"Rakennustiedon verkkopalvelu &#8211; tietosuojaseloste\"}]},{\"@type\":\"WebSite\",\"@id\":\"https:\\\/\\\/help.jamk.fi\\\/tietosuoja\\\/#website\",\"url\":\"https:\\\/\\\/help.jamk.fi\\\/tietosuoja\\\/\",\"name\":\"Tietosuoja\",\"description\":\"\",\"potentialAction\":[{\"@type\":\"SearchAction\",\"target\":{\"@type\":\"EntryPoint\",\"urlTemplate\":\"https:\\\/\\\/help.jamk.fi\\\/tietosuoja\\\/?s={search_term_string}\"},\"query-input\":{\"@type\":\"PropertyValueSpecification\",\"valueRequired\":true,\"valueName\":\"search_term_string\"}}],\"inLanguage\":\"fi\"}]}<\/script>\n<!-- \/ Yoast SEO plugin. -->","yoast_head_json":{"title":"Rakennustiedon verkkopalvelu - tietosuojaseloste - Tietosuoja","robots":{"index":"index","follow":"follow","max-snippet":"max-snippet:-1","max-image-preview":"max-image-preview:large","max-video-preview":"max-video-preview:-1"},"canonical":"https:\/\/help.jamk.fi\/tietosuoja\/fi\/kirjasto\/rakennustiedon-verkkopalvelu-tietosuojaseloste\/","og_locale":"fi_FI","og_type":"article","og_title":"Rakennustiedon verkkopalvelu - tietosuojaseloste - Tietosuoja","og_description":"EU yleinen tietosuoja-asetus (2016\/679)P\u00e4ivitetty 25.2.2025 1 Rekisterin nimiRakennustiedon verkkopalvelun k\u00e4ytt\u00e4j\u00e4rekisteri 2 Rekisterinpit\u00e4j\u00e4Jyv\u00e4skyl\u00e4n Ammattikorkeakoulu OyPL 207, 40101 Jyv\u00e4skyl\u00e4+358 20 743 8100Palveluntarjoajan tietosuojaseloste:https:\/\/www.rakennustieto.fi\/tietosuojaseloste 3 Yhteyshenkil\u00f6 rekisteri\u00e4 koskevissa asioissaRekisterist\u00e4 vastaava johtaja\/prosessin omistaja: kirjastonjohtajaSis\u00e4ll\u00f6llinen p\u00e4\u00e4k\u00e4ytt\u00e4j\u00e4\/yhteyshenkil\u00f6: informaatikko tai vastaavaetunimi.sukunimi[at]jamk.fi 4 Rekisterinpit\u00e4j\u00e4n tietosuojavastaavaRekister\u00f6idyn oikeuksien toteuttamista koskevat pyynn\u00f6t osoitetaan rekisterinpit\u00e4j\u00e4n tietosuojavastaavalle: tietosuoja[at]jamk.fiKysy neuvoja ja ohjeita: tietosuoja[at]jamk.fi 5 Henkil\u00f6tietojen k\u00e4sittelyn tarkoitusHenkil\u00f6tietojen k\u00e4sittely mahdollistaa [&hellip;]","og_url":"https:\/\/help.jamk.fi\/tietosuoja\/fi\/kirjasto\/rakennustiedon-verkkopalvelu-tietosuojaseloste\/","og_site_name":"Tietosuoja","twitter_card":"summary_large_image","twitter_misc":{"Arvioitu lukuaika":"2 minuuttia"},"schema":{"@context":"https:\/\/schema.org","@graph":[{"@type":"WebPage","@id":"https:\/\/help.jamk.fi\/tietosuoja\/fi\/kirjasto\/rakennustiedon-verkkopalvelu-tietosuojaseloste\/","url":"https:\/\/help.jamk.fi\/tietosuoja\/fi\/kirjasto\/rakennustiedon-verkkopalvelu-tietosuojaseloste\/","name":"Rakennustiedon verkkopalvelu - tietosuojaseloste - Tietosuoja","isPartOf":{"@id":"https:\/\/help.jamk.fi\/tietosuoja\/#website"},"datePublished":"2025-03-04T09:02:46+00:00","breadcrumb":{"@id":"https:\/\/help.jamk.fi\/tietosuoja\/fi\/kirjasto\/rakennustiedon-verkkopalvelu-tietosuojaseloste\/#breadcrumb"},"inLanguage":"fi","potentialAction":[{"@type":"ReadAction","target":["https:\/\/help.jamk.fi\/tietosuoja\/fi\/kirjasto\/rakennustiedon-verkkopalvelu-tietosuojaseloste\/"]}]},{"@type":"BreadcrumbList","@id":"https:\/\/help.jamk.fi\/tietosuoja\/fi\/kirjasto\/rakennustiedon-verkkopalvelu-tietosuojaseloste\/#breadcrumb","itemListElement":[{"@type":"ListItem","position":1,"name":"Etusivu","item":"https:\/\/help.jamk.fi\/tietosuoja\/fi\/"},{"@type":"ListItem","position":2,"name":"Kirjasto","item":"https:\/\/help.jamk.fi\/tietosuoja\/fi\/kirjasto\/"},{"@type":"ListItem","position":3,"name":"Rakennustiedon verkkopalvelu &#8211; tietosuojaseloste"}]},{"@type":"WebSite","@id":"https:\/\/help.jamk.fi\/tietosuoja\/#website","url":"https:\/\/help.jamk.fi\/tietosuoja\/","name":"Tietosuoja","description":"","potentialAction":[{"@type":"SearchAction","target":{"@type":"EntryPoint","urlTemplate":"https:\/\/help.jamk.fi\/tietosuoja\/?s={search_term_string}"},"query-input":{"@type":"PropertyValueSpecification","valueRequired":true,"valueName":"search_term_string"}}],"inLanguage":"fi"}]}},"_links":{"self":[{"href":"https:\/\/help.jamk.fi\/tietosuoja\/wp-json\/wp\/v2\/pages\/1019","targetHints":{"allow":["GET"]}}],"collection":[{"href":"https:\/\/help.jamk.fi\/tietosuoja\/wp-json\/wp\/v2\/pages"}],"about":[{"href":"https:\/\/help.jamk.fi\/tietosuoja\/wp-json\/wp\/v2\/types\/page"}],"author":[{"embeddable":true,"href":"https:\/\/help.jamk.fi\/tietosuoja\/wp-json\/wp\/v2\/users\/178"}],"replies":[{"embeddable":true,"href":"https:\/\/help.jamk.fi\/tietosuoja\/wp-json\/wp\/v2\/comments?post=1019"}],"version-history":[{"count":1,"href":"https:\/\/help.jamk.fi\/tietosuoja\/wp-json\/wp\/v2\/pages\/1019\/revisions"}],"predecessor-version":[{"id":1020,"href":"https:\/\/help.jamk.fi\/tietosuoja\/wp-json\/wp\/v2\/pages\/1019\/revisions\/1020"}],"up":[{"embeddable":true,"href":"https:\/\/help.jamk.fi\/tietosuoja\/wp-json\/wp\/v2\/pages\/513"}],"wp:attachment":[{"href":"https:\/\/help.jamk.fi\/tietosuoja\/wp-json\/wp\/v2\/media?parent=1019"}],"wp:term":[{"taxonomy":"category","embeddable":true,"href":"https:\/\/help.jamk.fi\/tietosuoja\/wp-json\/wp\/v2\/categories?post=1019"},{"taxonomy":"post_tag","embeddable":true,"href":"https:\/\/help.jamk.fi\/tietosuoja\/wp-json\/wp\/v2\/tags?post=1019"}],"curies":[{"name":"wp","href":"https:\/\/api.w.org\/{rel}","templated":true}]}}