{"id":1040,"date":"2025-09-02T09:49:12","date_gmt":"2025-09-02T06:49:12","guid":{"rendered":"https:\/\/help.jamk.fi\/tietosuoja\/?page_id=1040"},"modified":"2025-09-02T09:50:00","modified_gmt":"2025-09-02T06:50:00","slug":"tietosuojaseloste-tyoajanseuranta-promid","status":"publish","type":"page","link":"https:\/\/help.jamk.fi\/tietosuoja\/fi\/henkilostopalvelut\/tietosuojaseloste-tyoajanseuranta-promid\/","title":{"rendered":"Tietosuojaseloste ty\u00f6ajanseuranta Promid"},"content":{"rendered":"\n<p>Tietosuoja-asetus 2016\/679&nbsp;<\/p>\n\n\n\n<p>P\u00e4ivitetty 2.9.2025\u00a0<\/p>\n\n\n\n<h2 class=\"wp-block-heading\">1. Rekisterinpit\u00e4j\u00e4\u00a0<\/h2>\n\n\n\n<p>\u00a0Jyv\u00e4skyl\u00e4n Ammattikorkeakoulu Oy\u00a0<\/p>\n\n\n\n<ol start=\"1\" class=\"wp-block-list\"><\/ol>\n\n\n\n<p>PL 207, 40101 Jyv\u00e4skyl\u00e4&nbsp;<\/p>\n\n\n\n<p>+358 20 743 8100&nbsp;<\/p>\n\n\n\n<h2 class=\"wp-block-heading\">2. Rekisterinpit\u00e4j\u00e4n yhteyshenkil\u00f6t\u00a0<\/h2>\n\n\n\n<p>&nbsp;<br>Prosessin omistaja: henkil\u00f6st\u00f6johtaja, korkeakoulupalvelut-yksikk\u00f6&nbsp;<\/p>\n\n\n\n<p>Sis\u00e4ll\u00f6llinen p\u00e4\u00e4k\u00e4ytt\u00e4j\u00e4: HR- ja palkka-asiantuntijat, HR-j\u00e4rjestelm\u00e4asiantuntija&nbsp;<\/p>\n\n\n\n<p>Tekninen p\u00e4\u00e4k\u00e4ytt\u00e4j\u00e4: j\u00e4rjestelm\u00e4asiantuntija ICT-palvelut&nbsp;<\/p>\n\n\n\n<p>etunimi.sukunimi@jamk.fi\u00a0<\/p>\n\n\n\n<h2 class=\"wp-block-heading\">3. Rekisterin tiedot ja rekister\u00f6idyt ryhm\u00e4t\u00a0<\/h2>\n\n\n\n<p>Jamk ker\u00e4\u00e4 rekisterinpit\u00e4j\u00e4n\u00e4 henkil\u00f6tietoja Promid-j\u00e4rjestelm\u00e4\u00e4n. Toimittaja on DevNet Oy (palveluntarjoaja).<br>Rekister\u00f6idyt ryhm\u00e4t: Jamkin asiantuntija- ja tukihenkil\u00f6st\u00f6\u00a0<\/p>\n\n\n\n<p>Rekisteriin ker\u00e4t\u00e4\u00e4n seuraavia tietoja:&nbsp;<\/p>\n\n\n\n<p>Kutsumanimi&nbsp;<\/p>\n\n\n\n<p>Ty\u00f6suhteen alkup\u00e4iv\u00e4&nbsp;<\/p>\n\n\n\n<p>Ty\u00f6suhteen loppup\u00e4iv\u00e4&nbsp;<\/p>\n\n\n\n<p>S\u00e4hk\u00f6postiosoite&nbsp;<\/p>\n\n\n\n<p>Henkil\u00f6numero&nbsp;<\/p>\n\n\n\n<p>Esihenkil\u00f6&nbsp;<\/p>\n\n\n\n<p>Yksikk\u00f6&nbsp;<\/p>\n\n\n\n<p>Tulosalue&nbsp;<\/p>\n\n\n\n<p>Kustannuspaikka&nbsp;<\/p>\n\n\n\n<p>Ammattinimike&nbsp;<\/p>\n\n\n\n<p>Leimausaika&nbsp;<\/p>\n\n\n\n<p>Tilakoodi&nbsp;<\/p>\n\n\n\n<p>Poissaolon syykoodi&nbsp;<\/p>\n\n\n\n<p>Ty\u00f6aikasaldo&nbsp;<\/p>\n\n\n\n<p>Ylity\u00f6saldo&nbsp;<\/p>\n\n\n\n<h2 class=\"wp-block-heading\">4. Henkil\u00f6tietojen k\u00e4sittelyn tarkoitus ja perusteet\u00a0<\/h2>\n\n\n\n<p>Jamk ker\u00e4\u00e4 ja k\u00e4sittelee rekisterinpit\u00e4j\u00e4n\u00e4 henkil\u00f6tietoja suorittaakseen ty\u00f6ajan seurantaan liittyvi\u00e4 toimenpiteit\u00e4. Henkil\u00f6tietoja k\u00e4sitell\u00e4\u00e4n lakis\u00e4\u00e4teisen teht\u00e4v\u00e4n nojalla. Henkil\u00f6tietoja k\u00e4sitell\u00e4\u00e4n Jamkin henkil\u00f6tietojen k\u00e4sittelyohjeen ja yleisen tietosuojaselosteen <a href=\"https:\/\/www.jamk.fi\/fi\/jamk\/tietosuoja-jamkissa\" target=\"_blank\" rel=\"noreferrer noopener\">https:\/\/www.jamk.fi\/fi\/jamk\/tietosuoja-jamkissa<\/a>&nbsp; mukaisesti.&nbsp;<\/p>\n\n\n\n<h2 class=\"wp-block-heading\">5. Henkil\u00f6tietojen k\u00e4sittelij\u00e4t\u00a0<\/h2>\n\n\n\n<p>Henkil\u00f6tietoja k\u00e4sittelev\u00e4t Jamkissa HR-palveluiden henkil\u00f6t. Esihenkil\u00f6t tai esihenkil\u00f6n asettama sijainen k\u00e4sittelee omien alaistensa henkil\u00f6tietoja.<\/p>\n\n\n\n<h2 class=\"wp-block-heading\">6. Tietol\u00e4hteet\u00a0<\/h2>\n\n\n\n<p>Tietol\u00e4hteen\u00e4 on Jamkin k\u00e4ytt\u00f6oikeuksien hallintaj\u00e4rjestelm\u00e4 ja palkanlaskentaohjelmisto. \u00a0<\/p>\n\n\n\n<h2 class=\"wp-block-heading\">7. Henkil\u00f6tietojen s\u00e4ilytysaika\u00a0<\/h2>\n\n\n\n<p>K\u00e4ytt\u00e4jien tietoja s\u00e4ilytet\u00e4\u00e4n j\u00e4rjestelm\u00e4ss\u00e4 ty\u00f6suhteen keston ajan. K\u00e4ytt\u00e4j\u00e4n ty\u00f6suhteen p\u00e4\u00e4ttyess\u00e4 h\u00e4nen tietonsa poistetaan.\u00a0<\/p>\n\n\n\n<p><\/p>\n\n\n\n<h2 class=\"wp-block-heading\">8. Rekister\u00f6idyn oikeudet ja niiden toteuttaminen\u00a0<\/h2>\n\n\n\n<ol start=\"8\" class=\"wp-block-list\"><\/ol>\n\n\n\n<p>&nbsp;<br>Rekister\u00f6idyll\u00e4 on tietosuoja-asetuksen nojalla oikeus:&nbsp;<\/p>\n\n\n\n<ul class=\"wp-block-list\">\n<li>Suostumuksen peruuttamiseen\u00a0<\/li>\n<\/ul>\n\n\n\n<ul class=\"wp-block-list\">\n<li>P\u00e4\u00e4sy omiin henkil\u00f6tietoihin\u00a0<\/li>\n<\/ul>\n\n\n\n<ul class=\"wp-block-list\">\n<li>Oikeus saada virheet korjatuksi\u00a0<\/li>\n<\/ul>\n\n\n\n<ul class=\"wp-block-list\">\n<li>Oikeus kielt\u00e4\u00e4 suoramarkkinointi\u00a0<\/li>\n<\/ul>\n\n\n\n<ul class=\"wp-block-list\">\n<li>Oikeus vastustaa k\u00e4sittely\u00e4\u00a0<\/li>\n<\/ul>\n\n\n\n<ul class=\"wp-block-list\">\n<li>Oikeus rajoittaa k\u00e4sittely\u00e4\u00a0<\/li>\n<\/ul>\n\n\n\n<ul class=\"wp-block-list\">\n<li>Oikeus saada tiedot siirretyksi.\u00a0<\/li>\n<\/ul>\n\n\n\n<p>Rekister\u00f6idyn oikeuksien toteuttamiseksi pyydet\u00e4\u00e4n tekem\u00e4\u00e4n pyynt\u00f6 Jamkin tietosuojavastaavalle tietosuoja@jamk.fi. Jamkin tietosuojavastaavasta ja rekister\u00f6idyn oikeuksista ja niiden toteuttamisesta kerrotaan lis\u00e4\u00e4 Jamkin henkil\u00f6tietojen k\u00e4sittelyohjeessa ja yleisess\u00e4 tietosuojaselosteessa <a href=\"https:\/\/www.jamk.fi\/fi\/jamk\/tietosuoja-jamkissa\" target=\"_blank\" rel=\"noreferrer noopener\">https:\/\/www.jamk.fi\/fi\/jamk\/tietosuoja-jamkissa<\/a>&nbsp;&nbsp;<\/p>\n\n\n\n<h2 class=\"wp-block-heading\">9. Tietoturva ja rekisterin suojauksen periaatteet\u00a0<\/h2>\n\n\n\n<ol start=\"9\" class=\"wp-block-list\"><\/ol>\n\n\n\n<p>J\u00e4rjestelm\u00e4\u00e4n kirjaudutaan Jamkin henkil\u00f6kohtaisella kirjautumistunnuksella.&nbsp;<\/p>\n\n\n\n<p>J\u00e4rjestelm\u00e4ss\u00e4 henkil\u00f6tietoja suojataan asianmukaisin teknisin ja hallinnollisin toimin luvattomalta tai laittomalta k\u00e4sittelylt\u00e4 sek\u00e4 henkil\u00f6tietojen vahingoittumiselta tai h\u00e4vi\u00e4miselt\u00e4. N\u00e4it\u00e4 keinoja ovat mm. palomuurien, salaustekniikoiden ja turvallisten laitetilojen k\u00e4ytt\u00f6, asianmukainen kulunvalvonta, hallittu k\u00e4ytt\u00f6oikeuksien my\u00f6nt\u00e4minen ja niiden k\u00e4yt\u00f6n valvonta, henkil\u00f6tietojen k\u00e4sittelyyn osallistuvan henkil\u00f6st\u00f6n ohjeistaminen sek\u00e4 tietoja k\u00e4sittelevien huolellinen valinta.&nbsp;<\/p>\n\n\n\n<p>Ker\u00e4tt\u00e4v\u00e4 ja k\u00e4sitelt\u00e4v\u00e4 henkil\u00f6tieto pidet\u00e4\u00e4n luottamuksellisena eik\u00e4 sit\u00e4 ilmaista muille kuin sit\u00e4 ty\u00f6ss\u00e4\u00e4n tarvitseville taikka luottamuksellisesti ja rajoitetusti palvelusopimusten perusteella rekisterinpit\u00e4j\u00e4n asiakkaille.&nbsp;&nbsp;<\/p>\n\n\n\n<p>Palveluntarjoaja vastaa teknisest\u00e4 ja tietoturvallisesta suojauksesta. Palveluntarjoaja voi esimerkiksi teknisiss\u00e4 selvityksiss\u00e4 joutua k\u00e4sittelem\u00e4\u00e4n henkil\u00f6tietoja. Palveluntarjoajan henkil\u00f6st\u00f6 sitoutuu k\u00e4sittelem\u00e4\u00e4n henkil\u00f6tietoja tietoturvallisesti, luottamuksellisesti ja vain tuottaakseen palvelua.&nbsp;<\/p>\n\n\n\n<h2 class=\"wp-block-heading\">10. Tietojensiirto\u00a0<\/h2>\n\n\n\n<ol start=\"10\" class=\"wp-block-list\"><\/ol>\n\n\n\n<p>Henkil\u00f6tietoja tallennetaan vain EU- ja ETA-alueella ja k\u00e4sitell\u00e4\u00e4n vain EU- ja ETA-alueella. Tietojensiirtoa EU- ja ETA-alueen ulkopuolelle voi tapahtua vain viranomaisvaatimuksen niin pakottaessa. T\u00e4ll\u00f6in palveluntarjoaja huolehtii, ett\u00e4 henkil\u00f6tietoja k\u00e4sitell\u00e4\u00e4n tietosuoja-asetuksen vaatimusten mukaisesti ja asetuksen mukainen k\u00e4sittely on sovittu asetuksen vaatimin tietojenk\u00e4sittelysopimuksin.&nbsp;<\/p>\n\n\n\n<h2 class=\"wp-block-heading\">11. Automaattinen p\u00e4\u00e4t\u00f6ksenteko ja profilointi\u00a0<\/h2>\n\n\n\n<ol start=\"11\" class=\"wp-block-list\"><\/ol>\n\n\n\n<p>Rekisterin henkil\u00f6tietoihin ei kohdistu automaattista p\u00e4\u00e4t\u00f6ksentekoa eik\u00e4 profilointia.&nbsp;<\/p>\n","protected":false},"excerpt":{"rendered":"<p>Tietosuoja-asetus 2016\/679&nbsp; P\u00e4ivitetty 2.9.2025\u00a0 1. Rekisterinpit\u00e4j\u00e4\u00a0 \u00a0Jyv\u00e4skyl\u00e4n Ammattikorkeakoulu Oy\u00a0 PL 207, 40101 Jyv\u00e4skyl\u00e4&nbsp; +358 20 743 8100&nbsp; 2. Rekisterinpit\u00e4j\u00e4n yhteyshenkil\u00f6t\u00a0 &nbsp;Prosessin omistaja: henkil\u00f6st\u00f6johtaja, korkeakoulupalvelut-yksikk\u00f6&nbsp; Sis\u00e4ll\u00f6llinen p\u00e4\u00e4k\u00e4ytt\u00e4j\u00e4: HR- ja palkka-asiantuntijat, HR-j\u00e4rjestelm\u00e4asiantuntija&nbsp; Tekninen p\u00e4\u00e4k\u00e4ytt\u00e4j\u00e4: j\u00e4rjestelm\u00e4asiantuntija ICT-palvelut&nbsp; etunimi.sukunimi@jamk.fi\u00a0 3. Rekisterin tiedot ja rekister\u00f6idyt ryhm\u00e4t\u00a0 Jamk ker\u00e4\u00e4 rekisterinpit\u00e4j\u00e4n\u00e4 henkil\u00f6tietoja Promid-j\u00e4rjestelm\u00e4\u00e4n. Toimittaja on DevNet Oy (palveluntarjoaja).Rekister\u00f6idyt ryhm\u00e4t: Jamkin asiantuntija- ja [&hellip;]<\/p>\n","protected":false},"author":471,"featured_media":0,"parent":504,"menu_order":4,"comment_status":"closed","ping_status":"closed","template":"","meta":{"_acf_changed":false,"_relevanssi_hide_post":"","_relevanssi_hide_content":"","_relevanssi_pin_for_all":"","_relevanssi_pin_keywords":"","_relevanssi_unpin_keywords":"","_relevanssi_related_keywords":"","_relevanssi_related_include_ids":"","_relevanssi_related_exclude_ids":"","_relevanssi_related_no_append":"","_relevanssi_related_not_related":"","_relevanssi_related_posts":"","_relevanssi_noindex_reason":"","footnotes":""},"categories":[],"tags":[],"class_list":["post-1040","page","type-page","status-publish","hentry"],"acf":[],"yoast_head":"<!-- This site is optimized with the Yoast SEO plugin v27.3 - https:\/\/yoast.com\/product\/yoast-seo-wordpress\/ -->\n<title>Tietosuojaseloste ty\u00f6ajanseuranta Promid - Tietosuoja<\/title>\n<meta name=\"robots\" content=\"index, follow, max-snippet:-1, max-image-preview:large, max-video-preview:-1\" \/>\n<link rel=\"canonical\" href=\"https:\/\/help.jamk.fi\/tietosuoja\/fi\/henkilostopalvelut\/tietosuojaseloste-tyoajanseuranta-promid\/\" \/>\n<meta property=\"og:locale\" content=\"fi_FI\" \/>\n<meta property=\"og:type\" content=\"article\" \/>\n<meta property=\"og:title\" content=\"Tietosuojaseloste ty\u00f6ajanseuranta Promid - Tietosuoja\" \/>\n<meta property=\"og:description\" content=\"Tietosuoja-asetus 2016\/679&nbsp; P\u00e4ivitetty 2.9.2025\u00a0 1. Rekisterinpit\u00e4j\u00e4\u00a0 \u00a0Jyv\u00e4skyl\u00e4n Ammattikorkeakoulu Oy\u00a0 PL 207, 40101 Jyv\u00e4skyl\u00e4&nbsp; +358 20 743 8100&nbsp; 2. Rekisterinpit\u00e4j\u00e4n yhteyshenkil\u00f6t\u00a0 &nbsp;Prosessin omistaja: henkil\u00f6st\u00f6johtaja, korkeakoulupalvelut-yksikk\u00f6&nbsp; Sis\u00e4ll\u00f6llinen p\u00e4\u00e4k\u00e4ytt\u00e4j\u00e4: HR- ja palkka-asiantuntijat, HR-j\u00e4rjestelm\u00e4asiantuntija&nbsp; Tekninen p\u00e4\u00e4k\u00e4ytt\u00e4j\u00e4: j\u00e4rjestelm\u00e4asiantuntija ICT-palvelut&nbsp; etunimi.sukunimi@jamk.fi\u00a0 3. Rekisterin tiedot ja rekister\u00f6idyt ryhm\u00e4t\u00a0 Jamk ker\u00e4\u00e4 rekisterinpit\u00e4j\u00e4n\u00e4 henkil\u00f6tietoja Promid-j\u00e4rjestelm\u00e4\u00e4n. Toimittaja on DevNet Oy (palveluntarjoaja).Rekister\u00f6idyt ryhm\u00e4t: Jamkin asiantuntija- ja [&hellip;]\" \/>\n<meta property=\"og:url\" content=\"https:\/\/help.jamk.fi\/tietosuoja\/fi\/henkilostopalvelut\/tietosuojaseloste-tyoajanseuranta-promid\/\" \/>\n<meta property=\"og:site_name\" content=\"Tietosuoja\" \/>\n<meta property=\"article:modified_time\" content=\"2025-09-02T06:50:00+00:00\" \/>\n<meta name=\"twitter:card\" content=\"summary_large_image\" \/>\n<meta name=\"twitter:label1\" content=\"Arvioitu lukuaika\" \/>\n\t<meta name=\"twitter:data1\" content=\"3 minuuttia\" \/>\n<script type=\"application\/ld+json\" class=\"yoast-schema-graph\">{\"@context\":\"https:\\\/\\\/schema.org\",\"@graph\":[{\"@type\":\"WebPage\",\"@id\":\"https:\\\/\\\/help.jamk.fi\\\/tietosuoja\\\/fi\\\/henkilostopalvelut\\\/tietosuojaseloste-tyoajanseuranta-promid\\\/\",\"url\":\"https:\\\/\\\/help.jamk.fi\\\/tietosuoja\\\/fi\\\/henkilostopalvelut\\\/tietosuojaseloste-tyoajanseuranta-promid\\\/\",\"name\":\"Tietosuojaseloste ty\u00f6ajanseuranta Promid - Tietosuoja\",\"isPartOf\":{\"@id\":\"https:\\\/\\\/help.jamk.fi\\\/tietosuoja\\\/#website\"},\"datePublished\":\"2025-09-02T06:49:12+00:00\",\"dateModified\":\"2025-09-02T06:50:00+00:00\",\"breadcrumb\":{\"@id\":\"https:\\\/\\\/help.jamk.fi\\\/tietosuoja\\\/fi\\\/henkilostopalvelut\\\/tietosuojaseloste-tyoajanseuranta-promid\\\/#breadcrumb\"},\"inLanguage\":\"fi\",\"potentialAction\":[{\"@type\":\"ReadAction\",\"target\":[\"https:\\\/\\\/help.jamk.fi\\\/tietosuoja\\\/fi\\\/henkilostopalvelut\\\/tietosuojaseloste-tyoajanseuranta-promid\\\/\"]}]},{\"@type\":\"BreadcrumbList\",\"@id\":\"https:\\\/\\\/help.jamk.fi\\\/tietosuoja\\\/fi\\\/henkilostopalvelut\\\/tietosuojaseloste-tyoajanseuranta-promid\\\/#breadcrumb\",\"itemListElement\":[{\"@type\":\"ListItem\",\"position\":1,\"name\":\"Etusivu\",\"item\":\"https:\\\/\\\/help.jamk.fi\\\/tietosuoja\\\/fi\\\/\"},{\"@type\":\"ListItem\",\"position\":2,\"name\":\"Henkil\u00f6st\u00f6palvelut\",\"item\":\"https:\\\/\\\/help.jamk.fi\\\/tietosuoja\\\/fi\\\/henkilostopalvelut\\\/\"},{\"@type\":\"ListItem\",\"position\":3,\"name\":\"Tietosuojaseloste ty\u00f6ajanseuranta Promid\"}]},{\"@type\":\"WebSite\",\"@id\":\"https:\\\/\\\/help.jamk.fi\\\/tietosuoja\\\/#website\",\"url\":\"https:\\\/\\\/help.jamk.fi\\\/tietosuoja\\\/\",\"name\":\"Tietosuoja\",\"description\":\"\",\"potentialAction\":[{\"@type\":\"SearchAction\",\"target\":{\"@type\":\"EntryPoint\",\"urlTemplate\":\"https:\\\/\\\/help.jamk.fi\\\/tietosuoja\\\/?s={search_term_string}\"},\"query-input\":{\"@type\":\"PropertyValueSpecification\",\"valueRequired\":true,\"valueName\":\"search_term_string\"}}],\"inLanguage\":\"fi\"}]}<\/script>\n<!-- \/ Yoast SEO plugin. -->","yoast_head_json":{"title":"Tietosuojaseloste ty\u00f6ajanseuranta Promid - Tietosuoja","robots":{"index":"index","follow":"follow","max-snippet":"max-snippet:-1","max-image-preview":"max-image-preview:large","max-video-preview":"max-video-preview:-1"},"canonical":"https:\/\/help.jamk.fi\/tietosuoja\/fi\/henkilostopalvelut\/tietosuojaseloste-tyoajanseuranta-promid\/","og_locale":"fi_FI","og_type":"article","og_title":"Tietosuojaseloste ty\u00f6ajanseuranta Promid - Tietosuoja","og_description":"Tietosuoja-asetus 2016\/679&nbsp; P\u00e4ivitetty 2.9.2025\u00a0 1. Rekisterinpit\u00e4j\u00e4\u00a0 \u00a0Jyv\u00e4skyl\u00e4n Ammattikorkeakoulu Oy\u00a0 PL 207, 40101 Jyv\u00e4skyl\u00e4&nbsp; +358 20 743 8100&nbsp; 2. Rekisterinpit\u00e4j\u00e4n yhteyshenkil\u00f6t\u00a0 &nbsp;Prosessin omistaja: henkil\u00f6st\u00f6johtaja, korkeakoulupalvelut-yksikk\u00f6&nbsp; Sis\u00e4ll\u00f6llinen p\u00e4\u00e4k\u00e4ytt\u00e4j\u00e4: HR- ja palkka-asiantuntijat, HR-j\u00e4rjestelm\u00e4asiantuntija&nbsp; Tekninen p\u00e4\u00e4k\u00e4ytt\u00e4j\u00e4: j\u00e4rjestelm\u00e4asiantuntija ICT-palvelut&nbsp; etunimi.sukunimi@jamk.fi\u00a0 3. Rekisterin tiedot ja rekister\u00f6idyt ryhm\u00e4t\u00a0 Jamk ker\u00e4\u00e4 rekisterinpit\u00e4j\u00e4n\u00e4 henkil\u00f6tietoja Promid-j\u00e4rjestelm\u00e4\u00e4n. Toimittaja on DevNet Oy (palveluntarjoaja).Rekister\u00f6idyt ryhm\u00e4t: Jamkin asiantuntija- ja [&hellip;]","og_url":"https:\/\/help.jamk.fi\/tietosuoja\/fi\/henkilostopalvelut\/tietosuojaseloste-tyoajanseuranta-promid\/","og_site_name":"Tietosuoja","article_modified_time":"2025-09-02T06:50:00+00:00","twitter_card":"summary_large_image","twitter_misc":{"Arvioitu lukuaika":"3 minuuttia"},"schema":{"@context":"https:\/\/schema.org","@graph":[{"@type":"WebPage","@id":"https:\/\/help.jamk.fi\/tietosuoja\/fi\/henkilostopalvelut\/tietosuojaseloste-tyoajanseuranta-promid\/","url":"https:\/\/help.jamk.fi\/tietosuoja\/fi\/henkilostopalvelut\/tietosuojaseloste-tyoajanseuranta-promid\/","name":"Tietosuojaseloste ty\u00f6ajanseuranta Promid - Tietosuoja","isPartOf":{"@id":"https:\/\/help.jamk.fi\/tietosuoja\/#website"},"datePublished":"2025-09-02T06:49:12+00:00","dateModified":"2025-09-02T06:50:00+00:00","breadcrumb":{"@id":"https:\/\/help.jamk.fi\/tietosuoja\/fi\/henkilostopalvelut\/tietosuojaseloste-tyoajanseuranta-promid\/#breadcrumb"},"inLanguage":"fi","potentialAction":[{"@type":"ReadAction","target":["https:\/\/help.jamk.fi\/tietosuoja\/fi\/henkilostopalvelut\/tietosuojaseloste-tyoajanseuranta-promid\/"]}]},{"@type":"BreadcrumbList","@id":"https:\/\/help.jamk.fi\/tietosuoja\/fi\/henkilostopalvelut\/tietosuojaseloste-tyoajanseuranta-promid\/#breadcrumb","itemListElement":[{"@type":"ListItem","position":1,"name":"Etusivu","item":"https:\/\/help.jamk.fi\/tietosuoja\/fi\/"},{"@type":"ListItem","position":2,"name":"Henkil\u00f6st\u00f6palvelut","item":"https:\/\/help.jamk.fi\/tietosuoja\/fi\/henkilostopalvelut\/"},{"@type":"ListItem","position":3,"name":"Tietosuojaseloste ty\u00f6ajanseuranta Promid"}]},{"@type":"WebSite","@id":"https:\/\/help.jamk.fi\/tietosuoja\/#website","url":"https:\/\/help.jamk.fi\/tietosuoja\/","name":"Tietosuoja","description":"","potentialAction":[{"@type":"SearchAction","target":{"@type":"EntryPoint","urlTemplate":"https:\/\/help.jamk.fi\/tietosuoja\/?s={search_term_string}"},"query-input":{"@type":"PropertyValueSpecification","valueRequired":true,"valueName":"search_term_string"}}],"inLanguage":"fi"}]}},"_links":{"self":[{"href":"https:\/\/help.jamk.fi\/tietosuoja\/wp-json\/wp\/v2\/pages\/1040","targetHints":{"allow":["GET"]}}],"collection":[{"href":"https:\/\/help.jamk.fi\/tietosuoja\/wp-json\/wp\/v2\/pages"}],"about":[{"href":"https:\/\/help.jamk.fi\/tietosuoja\/wp-json\/wp\/v2\/types\/page"}],"author":[{"embeddable":true,"href":"https:\/\/help.jamk.fi\/tietosuoja\/wp-json\/wp\/v2\/users\/471"}],"replies":[{"embeddable":true,"href":"https:\/\/help.jamk.fi\/tietosuoja\/wp-json\/wp\/v2\/comments?post=1040"}],"version-history":[{"count":1,"href":"https:\/\/help.jamk.fi\/tietosuoja\/wp-json\/wp\/v2\/pages\/1040\/revisions"}],"predecessor-version":[{"id":1041,"href":"https:\/\/help.jamk.fi\/tietosuoja\/wp-json\/wp\/v2\/pages\/1040\/revisions\/1041"}],"up":[{"embeddable":true,"href":"https:\/\/help.jamk.fi\/tietosuoja\/wp-json\/wp\/v2\/pages\/504"}],"wp:attachment":[{"href":"https:\/\/help.jamk.fi\/tietosuoja\/wp-json\/wp\/v2\/media?parent=1040"}],"wp:term":[{"taxonomy":"category","embeddable":true,"href":"https:\/\/help.jamk.fi\/tietosuoja\/wp-json\/wp\/v2\/categories?post=1040"},{"taxonomy":"post_tag","embeddable":true,"href":"https:\/\/help.jamk.fi\/tietosuoja\/wp-json\/wp\/v2\/tags?post=1040"}],"curies":[{"name":"wp","href":"https:\/\/api.w.org\/{rel}","templated":true}]}}