{"id":1045,"date":"2025-09-02T10:26:04","date_gmt":"2025-09-02T07:26:04","guid":{"rendered":"https:\/\/help.jamk.fi\/tietosuoja\/?page_id=1045"},"modified":"2025-11-17T10:02:35","modified_gmt":"2025-11-17T08:02:35","slug":"tietosuojaseloste-matkavaraustenhallinta","status":"publish","type":"page","link":"https:\/\/help.jamk.fi\/tietosuoja\/fi\/talouspalvelut\/tietosuojaseloste-matkavaraustenhallinta\/","title":{"rendered":"Tietosuojaseloste matkavarausten hallinta"},"content":{"rendered":"\n<h2 class=\"wp-block-heading\">Matkatoimistopalvelut GBT Finland Oy (online-varausj\u00e4rjestelm\u00e4: NEO)<\/h2>\n\n\n\n<p>Tietosuoja-asetus (2016\/679) <\/p>\n\n\n\n<p>P\u00e4ivitetty 2.9.2025 <\/p>\n\n\n\n<h2 class=\"wp-block-heading\"><br>1 Rekisterinpit\u00e4j\u00e4<\/h2>\n\n\n\n<p><br>Jyv\u00e4skyl\u00e4n Ammattikorkeakoulu Oy<br>PL 207, 40101 Jyv\u00e4skyl\u00e4<br>+358 20 743 8100<br><a href=\"https:\/\/www.egencia.fi\/fi\/egencian-tietosuojakaytanto\">Palveluntarjoajan\/j\u00e4rjestelm\u00e4toimittajan tietosuojaseloste<\/a> (linkki ohjautuu GBT Finland Oy:n sivustolle).<\/p>\n\n\n\n<h2 class=\"wp-block-heading\">2 Rekisterinpit\u00e4j\u00e4n yhteystiedot<\/h2>\n\n\n\n<p>Rekisterist\u00e4 vastaava johtaja: Hallintojohtaja<\/p>\n\n\n\n<p>Prosessin omistaja: Hankinta-asiantuntijat<\/p>\n\n\n\n<p>Yksikk\u00f6\/Tukipalvelu: Korkeakoulupalvelut<\/p>\n\n\n\n<p>Yhteystiedot: etunimi.sukunimi@jamk.fi<\/p>\n\n\n\n<h2 class=\"wp-block-heading\">3 Rekisterin tietosis\u00e4lt\u00f6 ja rekister\u00f6ityjen ryhm\u00e4t<\/h2>\n\n\n\n<p>Rekister\u00f6ityjen ryhm\u00e4t: Ty\u00f6ntekij\u00e4t, Jamkin vieraat<br>Henkil\u00f6tietoina rekisteriin voidaan tallentaa ty\u00f6matkojen suunnittelun sek\u00e4 varaamisen vuoksi:<\/p>\n\n\n\n<ul class=\"wp-block-list\">\n<li>Nimi<\/li>\n\n\n\n<li>Puhelinnumero<\/li>\n\n\n\n<li>S\u00e4hk\u00f6postiosoite Jamk<\/li>\n\n\n\n<li>Organisaatio, kustannuspaikka, henkil\u00f6n id-numero Jamk j\u00e4rjestelm\u00e4st\u00e4<\/li>\n\n\n\n<li>Sukupuoli<\/li>\n<\/ul>\n\n\n\n<p>Lis\u00e4ksi henkil\u00f6n on sy\u00f6tett\u00e4v\u00e4 itse oma syntym\u00e4aikansa sek\u00e4 tarkistettava ett\u00e4 nimitiedot ovat kuin passissa. Lis\u00e4ksi tarvittaessa matkustaja sy\u00f6tt\u00e4\u00e4 maksukorttinsa tiedot<br>j\u00e4rjestelm\u00e4\u00e4n. <\/p>\n\n\n\n<h2 class=\"wp-block-heading\"><br>4 Henkil\u00f6tietojen k\u00e4sittelyn tarkoitus ja perusteet<\/h2>\n\n\n\n<p>Henkil\u00f6tietoja k\u00e4sitell\u00e4\u00e4n ty\u00f6matkustukseen liittyen. Sis\u00e4lt\u00e4\u00e4 seurantatietoja Jyv\u00e4skyl\u00e4n ammattikorkeakoulun ty\u00f6matkustuksesta.<br>Jamkilla on oikeus k\u00e4sitell\u00e4 henkil\u00f6tietoja rekisterinpit\u00e4j\u00e4n\u00e4, koska k\u00e4sittely on tarpeen lakis\u00e4\u00e4teisen teht\u00e4v\u00e4n ja velvoitteen vuoksi. Ty\u00f6matkustuksen mahdollistaminen edellytt\u00e4\u00e4 rekisterin olemassaoloa. Jamkin yksik\u00f6iden matkavastaavilla on p\u00e4\u00e4sy p\u00e4\u00e4k\u00e4ytt\u00e4jien lis\u00e4ksi matkustajatietoihin ty\u00f6teht\u00e4viens\u00e4 vuoksi.<\/p>\n\n\n\n<h2 class=\"wp-block-heading\"><br>5 Tietol\u00e4hteet<\/h2>\n\n\n\n<p>Henkil\u00f6st\u00f6n perustiedot siirtyv\u00e4t henkil\u00f6st\u00f6nhallinnon palkkaj\u00e4rjestelm\u00e4st\u00e4 IDM j\u00e4rjestelm\u00e4n kautta ja loput tiedoista yll\u00e4pidet\u00e4\u00e4n suoraan matkatoimiston j\u00e4rjestelm\u00e4ss\u00e4. <br>Vierasmatkustajien tietoja yll\u00e4pidet\u00e4\u00e4n k\u00e4sin matkatoimiston j\u00e4rjestelm\u00e4ss\u00e4 ns. yksik\u00f6iden matkayhteyshenkil\u00f6iden toimesta. Vierasmatkustajien tiedot saadaan<br>henkil\u00f6lt\u00e4 itselt\u00e4\u00e4n tai h\u00e4nen Jamkin yhteyshenkil\u00f6lt\u00e4\u00e4n ja yll\u00e4pidet\u00e4\u00e4n suoraan j\u00e4rjestelm\u00e4ss\u00e4.<\/p>\n\n\n\n<h2 class=\"wp-block-heading\"><br>6 S\u00e4\u00e4nn\u00f6nmukaiset tietojen luovutukset ja tietojen siirto EU:n tai Euroopan talousalueen ulkopuolelle<\/h2>\n\n\n\n<p>Palveluntuottajalla (Amex GBT Egencia) on oikeus k\u00e4sitell\u00e4 matkustaja-, varaus- ja matkustustietoja ainoastaan Euroopan talousalueella ja maissa, joiden osalta komissio on tehnyt vastaavuusp\u00e4\u00e4t\u00f6ksen tietosuoja-asetuksen 45 artiklan perusteella (ml. Yhdysvallat sopimuksen tekohetkell\u00e4). Puitesopimuksen tekohetkell\u00e4 (2\/2024) palveluntuottaja s\u00e4ilytt\u00e4\u00e4 ja k\u00e4sittelee matkustaja-, varaus- ja matkustustietoja seuraavissa maantieteellisiss\u00e4 sijainneissa: Ranska, Saksa ja Yhdysvallat. T\u00e4ss\u00e4 tarkoitetuksi k\u00e4sittelyksi katsotaan my\u00f6s henkil\u00f6tietoihin p\u00e4\u00e4sy esimerkiksi hallinta- tai valvontayhteyden v\u00e4lityksell\u00e4.<\/p>\n\n\n\n<h2 class=\"wp-block-heading\"><br>7 Rekisterin suojauksen periaatteet<\/h2>\n\n\n\n<p>Rekisterin k\u00e4sittelyss\u00e4 noudatetaan huolellisuutta ja tietoj\u00e4rjestelmien avulla k\u00e4sitelt\u00e4v\u00e4t tiedot suojataan asianmukaisesti. Rekisterink\u00e4sittelij\u00e4 huolehtii siit\u00e4, ett\u00e4 tallennettuja tietoja sek\u00e4 k\u00e4ytt\u00f6oikeuksia ja muita henkil\u00f6tietojen turvallisuuden kannalta kriittisi\u00e4 tietoja k\u00e4sitell\u00e4\u00e4n luottamuksellisesti ja vain niiden ty\u00f6ntekij\u00f6iden toimesta, joiden ty\u00f6nkuvaan se kuuluu.<\/p>\n\n\n\n<h2 class=\"wp-block-heading\">8 Henkil\u00f6tietojen s\u00e4ilytt\u00e4misaika<\/h2>\n\n\n\n<p>Henkil\u00f6tiedot s\u00e4ilytet\u00e4\u00e4n j\u00e4rjestelm\u00e4ss\u00e4 toistaiseksi ty\u00f6suhteen keston ajan ja t\u00e4m\u00e4n j\u00e4lkeen<br>tunnus passivoidaan. 30 p\u00e4iv\u00e4\u00e4 passivoinnin j\u00e4lkeen tiedot poistetaan j\u00e4rjestelm\u00e4st\u00e4.<\/p>\n\n\n\n<h2 class=\"wp-block-heading\"><br>9 Profilointi ja automaattinen p\u00e4\u00e4t\u00f6ksenteko<\/h2>\n\n\n\n<p>Rekisterin tietoja ei k\u00e4ytet\u00e4 automatisoituihin yksitt\u00e4isp\u00e4\u00e4t\u00f6ksiin eik\u00e4 profilointiin.<\/p>\n\n\n\n<h2 class=\"wp-block-heading\"><br>10 Rekister\u00f6idyn oikeudet<\/h2>\n\n\n\n<p>Tietosuojavastaavasta ja rekister\u00f6idyn oikeuksista ja niiden toteuttamisesta kerrotaan<br><a href=\"https:\/\/www.jamk.fi\/fi\/tietosuoja-jamkissa\">Tietosuoja Jamkissa-sivulla<\/a> (linkki ohjautuu Jamkin tietosuoja-sivustolle).<\/p>\n","protected":false},"excerpt":{"rendered":"<p>Matkatoimistopalvelut GBT Finland Oy (online-varausj\u00e4rjestelm\u00e4: NEO) Tietosuoja-asetus (2016\/679) P\u00e4ivitetty 2.9.2025 1 Rekisterinpit\u00e4j\u00e4 Jyv\u00e4skyl\u00e4n Ammattikorkeakoulu OyPL 207, 40101 Jyv\u00e4skyl\u00e4+358 20 743 8100Palveluntarjoajan\/j\u00e4rjestelm\u00e4toimittajan tietosuojaseloste (linkki ohjautuu GBT Finland Oy:n sivustolle). 2 Rekisterinpit\u00e4j\u00e4n yhteystiedot Rekisterist\u00e4 vastaava johtaja: Hallintojohtaja Prosessin omistaja: Hankinta-asiantuntijat Yksikk\u00f6\/Tukipalvelu: Korkeakoulupalvelut Yhteystiedot: etunimi.sukunimi@jamk.fi 3 Rekisterin tietosis\u00e4lt\u00f6 ja rekister\u00f6ityjen ryhm\u00e4t Rekister\u00f6ityjen ryhm\u00e4t: Ty\u00f6ntekij\u00e4t, Jamkin vieraatHenkil\u00f6tietoina rekisteriin voidaan [&hellip;]<\/p>\n","protected":false},"author":471,"featured_media":0,"parent":501,"menu_order":5,"comment_status":"closed","ping_status":"closed","template":"","meta":{"_acf_changed":false,"_relevanssi_hide_post":"","_relevanssi_hide_content":"","_relevanssi_pin_for_all":"","_relevanssi_pin_keywords":"","_relevanssi_unpin_keywords":"","_relevanssi_related_keywords":"","_relevanssi_related_include_ids":"","_relevanssi_related_exclude_ids":"","_relevanssi_related_no_append":"","_relevanssi_related_not_related":"","_relevanssi_related_posts":"","_relevanssi_noindex_reason":"","footnotes":""},"categories":[],"tags":[375,377,379,76],"class_list":["post-1045","page","type-page","status-publish","hentry","tag-matkustaminen","tag-matkustuksenhallinta","tag-neo","tag-tietosuojaseloste"],"acf":[],"yoast_head":"<!-- This site is optimized with the Yoast SEO plugin v27.3 - https:\/\/yoast.com\/product\/yoast-seo-wordpress\/ -->\n<title>Tietosuojaseloste matkavarausten hallinta - Tietosuoja<\/title>\n<meta name=\"robots\" content=\"index, follow, max-snippet:-1, max-image-preview:large, max-video-preview:-1\" \/>\n<link rel=\"canonical\" href=\"https:\/\/help.jamk.fi\/tietosuoja\/fi\/talouspalvelut\/tietosuojaseloste-matkavaraustenhallinta\/\" \/>\n<meta property=\"og:locale\" content=\"fi_FI\" \/>\n<meta property=\"og:type\" content=\"article\" \/>\n<meta property=\"og:title\" content=\"Tietosuojaseloste matkavarausten hallinta - Tietosuoja\" \/>\n<meta property=\"og:description\" content=\"Matkatoimistopalvelut GBT Finland Oy (online-varausj\u00e4rjestelm\u00e4: NEO) Tietosuoja-asetus (2016\/679) P\u00e4ivitetty 2.9.2025 1 Rekisterinpit\u00e4j\u00e4 Jyv\u00e4skyl\u00e4n Ammattikorkeakoulu OyPL 207, 40101 Jyv\u00e4skyl\u00e4+358 20 743 8100Palveluntarjoajan\/j\u00e4rjestelm\u00e4toimittajan tietosuojaseloste (linkki ohjautuu GBT Finland Oy:n sivustolle). 2 Rekisterinpit\u00e4j\u00e4n yhteystiedot Rekisterist\u00e4 vastaava johtaja: Hallintojohtaja Prosessin omistaja: Hankinta-asiantuntijat Yksikk\u00f6\/Tukipalvelu: Korkeakoulupalvelut Yhteystiedot: etunimi.sukunimi@jamk.fi 3 Rekisterin tietosis\u00e4lt\u00f6 ja rekister\u00f6ityjen ryhm\u00e4t Rekister\u00f6ityjen ryhm\u00e4t: Ty\u00f6ntekij\u00e4t, Jamkin vieraatHenkil\u00f6tietoina rekisteriin voidaan [&hellip;]\" \/>\n<meta property=\"og:url\" content=\"https:\/\/help.jamk.fi\/tietosuoja\/fi\/talouspalvelut\/tietosuojaseloste-matkavaraustenhallinta\/\" \/>\n<meta property=\"og:site_name\" content=\"Tietosuoja\" \/>\n<meta property=\"article:modified_time\" content=\"2025-11-17T08:02:35+00:00\" \/>\n<meta name=\"twitter:card\" content=\"summary_large_image\" \/>\n<meta name=\"twitter:label1\" content=\"Arvioitu lukuaika\" \/>\n\t<meta name=\"twitter:data1\" content=\"3 minuuttia\" \/>\n<script type=\"application\/ld+json\" class=\"yoast-schema-graph\">{\"@context\":\"https:\\\/\\\/schema.org\",\"@graph\":[{\"@type\":\"WebPage\",\"@id\":\"https:\\\/\\\/help.jamk.fi\\\/tietosuoja\\\/fi\\\/talouspalvelut\\\/tietosuojaseloste-matkavaraustenhallinta\\\/\",\"url\":\"https:\\\/\\\/help.jamk.fi\\\/tietosuoja\\\/fi\\\/talouspalvelut\\\/tietosuojaseloste-matkavaraustenhallinta\\\/\",\"name\":\"Tietosuojaseloste matkavarausten hallinta - Tietosuoja\",\"isPartOf\":{\"@id\":\"https:\\\/\\\/help.jamk.fi\\\/tietosuoja\\\/#website\"},\"datePublished\":\"2025-09-02T07:26:04+00:00\",\"dateModified\":\"2025-11-17T08:02:35+00:00\",\"breadcrumb\":{\"@id\":\"https:\\\/\\\/help.jamk.fi\\\/tietosuoja\\\/fi\\\/talouspalvelut\\\/tietosuojaseloste-matkavaraustenhallinta\\\/#breadcrumb\"},\"inLanguage\":\"fi\",\"potentialAction\":[{\"@type\":\"ReadAction\",\"target\":[\"https:\\\/\\\/help.jamk.fi\\\/tietosuoja\\\/fi\\\/talouspalvelut\\\/tietosuojaseloste-matkavaraustenhallinta\\\/\"]}]},{\"@type\":\"BreadcrumbList\",\"@id\":\"https:\\\/\\\/help.jamk.fi\\\/tietosuoja\\\/fi\\\/talouspalvelut\\\/tietosuojaseloste-matkavaraustenhallinta\\\/#breadcrumb\",\"itemListElement\":[{\"@type\":\"ListItem\",\"position\":1,\"name\":\"Etusivu\",\"item\":\"https:\\\/\\\/help.jamk.fi\\\/tietosuoja\\\/fi\\\/\"},{\"@type\":\"ListItem\",\"position\":2,\"name\":\"Talouspalvelut\",\"item\":\"https:\\\/\\\/help.jamk.fi\\\/tietosuoja\\\/fi\\\/talouspalvelut\\\/\"},{\"@type\":\"ListItem\",\"position\":3,\"name\":\"Tietosuojaseloste matkavarausten hallinta\"}]},{\"@type\":\"WebSite\",\"@id\":\"https:\\\/\\\/help.jamk.fi\\\/tietosuoja\\\/#website\",\"url\":\"https:\\\/\\\/help.jamk.fi\\\/tietosuoja\\\/\",\"name\":\"Tietosuoja\",\"description\":\"\",\"potentialAction\":[{\"@type\":\"SearchAction\",\"target\":{\"@type\":\"EntryPoint\",\"urlTemplate\":\"https:\\\/\\\/help.jamk.fi\\\/tietosuoja\\\/?s={search_term_string}\"},\"query-input\":{\"@type\":\"PropertyValueSpecification\",\"valueRequired\":true,\"valueName\":\"search_term_string\"}}],\"inLanguage\":\"fi\"}]}<\/script>\n<!-- \/ Yoast SEO plugin. -->","yoast_head_json":{"title":"Tietosuojaseloste matkavarausten hallinta - Tietosuoja","robots":{"index":"index","follow":"follow","max-snippet":"max-snippet:-1","max-image-preview":"max-image-preview:large","max-video-preview":"max-video-preview:-1"},"canonical":"https:\/\/help.jamk.fi\/tietosuoja\/fi\/talouspalvelut\/tietosuojaseloste-matkavaraustenhallinta\/","og_locale":"fi_FI","og_type":"article","og_title":"Tietosuojaseloste matkavarausten hallinta - Tietosuoja","og_description":"Matkatoimistopalvelut GBT Finland Oy (online-varausj\u00e4rjestelm\u00e4: NEO) Tietosuoja-asetus (2016\/679) P\u00e4ivitetty 2.9.2025 1 Rekisterinpit\u00e4j\u00e4 Jyv\u00e4skyl\u00e4n Ammattikorkeakoulu OyPL 207, 40101 Jyv\u00e4skyl\u00e4+358 20 743 8100Palveluntarjoajan\/j\u00e4rjestelm\u00e4toimittajan tietosuojaseloste (linkki ohjautuu GBT Finland Oy:n sivustolle). 2 Rekisterinpit\u00e4j\u00e4n yhteystiedot Rekisterist\u00e4 vastaava johtaja: Hallintojohtaja Prosessin omistaja: Hankinta-asiantuntijat Yksikk\u00f6\/Tukipalvelu: Korkeakoulupalvelut Yhteystiedot: etunimi.sukunimi@jamk.fi 3 Rekisterin tietosis\u00e4lt\u00f6 ja rekister\u00f6ityjen ryhm\u00e4t Rekister\u00f6ityjen ryhm\u00e4t: Ty\u00f6ntekij\u00e4t, Jamkin vieraatHenkil\u00f6tietoina rekisteriin voidaan [&hellip;]","og_url":"https:\/\/help.jamk.fi\/tietosuoja\/fi\/talouspalvelut\/tietosuojaseloste-matkavaraustenhallinta\/","og_site_name":"Tietosuoja","article_modified_time":"2025-11-17T08:02:35+00:00","twitter_card":"summary_large_image","twitter_misc":{"Arvioitu lukuaika":"3 minuuttia"},"schema":{"@context":"https:\/\/schema.org","@graph":[{"@type":"WebPage","@id":"https:\/\/help.jamk.fi\/tietosuoja\/fi\/talouspalvelut\/tietosuojaseloste-matkavaraustenhallinta\/","url":"https:\/\/help.jamk.fi\/tietosuoja\/fi\/talouspalvelut\/tietosuojaseloste-matkavaraustenhallinta\/","name":"Tietosuojaseloste matkavarausten hallinta - Tietosuoja","isPartOf":{"@id":"https:\/\/help.jamk.fi\/tietosuoja\/#website"},"datePublished":"2025-09-02T07:26:04+00:00","dateModified":"2025-11-17T08:02:35+00:00","breadcrumb":{"@id":"https:\/\/help.jamk.fi\/tietosuoja\/fi\/talouspalvelut\/tietosuojaseloste-matkavaraustenhallinta\/#breadcrumb"},"inLanguage":"fi","potentialAction":[{"@type":"ReadAction","target":["https:\/\/help.jamk.fi\/tietosuoja\/fi\/talouspalvelut\/tietosuojaseloste-matkavaraustenhallinta\/"]}]},{"@type":"BreadcrumbList","@id":"https:\/\/help.jamk.fi\/tietosuoja\/fi\/talouspalvelut\/tietosuojaseloste-matkavaraustenhallinta\/#breadcrumb","itemListElement":[{"@type":"ListItem","position":1,"name":"Etusivu","item":"https:\/\/help.jamk.fi\/tietosuoja\/fi\/"},{"@type":"ListItem","position":2,"name":"Talouspalvelut","item":"https:\/\/help.jamk.fi\/tietosuoja\/fi\/talouspalvelut\/"},{"@type":"ListItem","position":3,"name":"Tietosuojaseloste matkavarausten hallinta"}]},{"@type":"WebSite","@id":"https:\/\/help.jamk.fi\/tietosuoja\/#website","url":"https:\/\/help.jamk.fi\/tietosuoja\/","name":"Tietosuoja","description":"","potentialAction":[{"@type":"SearchAction","target":{"@type":"EntryPoint","urlTemplate":"https:\/\/help.jamk.fi\/tietosuoja\/?s={search_term_string}"},"query-input":{"@type":"PropertyValueSpecification","valueRequired":true,"valueName":"search_term_string"}}],"inLanguage":"fi"}]}},"_links":{"self":[{"href":"https:\/\/help.jamk.fi\/tietosuoja\/wp-json\/wp\/v2\/pages\/1045","targetHints":{"allow":["GET"]}}],"collection":[{"href":"https:\/\/help.jamk.fi\/tietosuoja\/wp-json\/wp\/v2\/pages"}],"about":[{"href":"https:\/\/help.jamk.fi\/tietosuoja\/wp-json\/wp\/v2\/types\/page"}],"author":[{"embeddable":true,"href":"https:\/\/help.jamk.fi\/tietosuoja\/wp-json\/wp\/v2\/users\/471"}],"replies":[{"embeddable":true,"href":"https:\/\/help.jamk.fi\/tietosuoja\/wp-json\/wp\/v2\/comments?post=1045"}],"version-history":[{"count":6,"href":"https:\/\/help.jamk.fi\/tietosuoja\/wp-json\/wp\/v2\/pages\/1045\/revisions"}],"predecessor-version":[{"id":1083,"href":"https:\/\/help.jamk.fi\/tietosuoja\/wp-json\/wp\/v2\/pages\/1045\/revisions\/1083"}],"up":[{"embeddable":true,"href":"https:\/\/help.jamk.fi\/tietosuoja\/wp-json\/wp\/v2\/pages\/501"}],"wp:attachment":[{"href":"https:\/\/help.jamk.fi\/tietosuoja\/wp-json\/wp\/v2\/media?parent=1045"}],"wp:term":[{"taxonomy":"category","embeddable":true,"href":"https:\/\/help.jamk.fi\/tietosuoja\/wp-json\/wp\/v2\/categories?post=1045"},{"taxonomy":"post_tag","embeddable":true,"href":"https:\/\/help.jamk.fi\/tietosuoja\/wp-json\/wp\/v2\/tags?post=1045"}],"curies":[{"name":"wp","href":"https:\/\/api.w.org\/{rel}","templated":true}]}}