{"id":106,"date":"2019-02-11T07:09:25","date_gmt":"2019-02-11T05:09:25","guid":{"rendered":"https:\/\/help.jamk.fi\/tietosuoja\/sahkoinen-tenttipalvelu-tietosuojaseloste\/"},"modified":"2024-01-23T15:35:18","modified_gmt":"2024-01-23T13:35:18","slug":"sahkoinen-tenttipalvelu-tietosuojaseloste","status":"publish","type":"page","link":"https:\/\/help.jamk.fi\/tietosuoja\/fi\/opiskelija-opetus\/sahkoinen-tenttipalvelu-tietosuojaseloste\/","title":{"rendered":"Tietosuojaseloste &#8211; S\u00e4hk\u00f6inen tenttipalvelu"},"content":{"rendered":"\n<p><a href=\"https:\/\/eur-lex.europa.eu\/legal-content\/FI\/TXT\/?uri=uriserv:OJ.L_.2016.119.01.0001.01.FIN&amp;toc=OJ:L:2016:119:FULL\">EU yleinen tietosuoja-asetu <\/a>(2016\/679) <\/p>\n\n\n\n<p>P\u00e4ivitetty 13.1.2022<\/p>\n\n\n\n<h2 class=\"wp-block-heading\">1 Rekisterin nimi <\/h2>\n\n\n\n<p>S\u00e4hk\u00f6inen tenttipalvelu  <\/p>\n\n\n\n<h2 class=\"wp-block-heading\">2 Rekisterinpit\u00e4j\u00e4<\/h2>\n\n\n\n<p>Jyv\u00e4skyl\u00e4n ammattikorkeakoulu Oy <\/p>\n\n\n\n<p>PL 207<\/p>\n\n\n\n<p>40101 Jyv\u00e4skyl\u00e4 <\/p>\n\n\n\n<p>+358 20 743 8100 <\/p>\n\n\n\n<h2 class=\"wp-block-heading\">3 Yhteyshenkil\u00f6 rekisteri\u00e4 koskevissa asioissa, yhteystiedot virka-aikana <\/h2>\n\n\n\n<p>Rekisterist\u00e4 vastaavan johtaja: Vararehtori Heikki Malinen<br><br>Prosessista vastaava: Koulutuksen kehitt\u00e4misp\u00e4\u00e4llikk\u00f6 Sirpa Tuomi<br><br>Rekisterin yhteyshenkil\u00f6: Suunnittelija Rika Nakamura etunimi.sukunimi@jamk.fi<\/p>\n\n\n\n<h2 class=\"wp-block-heading\">4 Henkil\u00f6tietojen k\u00e4sittelyn tarkoitus <\/h2>\n\n\n\n<p>S\u00e4hk\u00f6inen tenttipalvelun tarkoitus on p\u00e4\u00e4s\u00e4\u00e4nt\u00f6isesti s\u00e4hk\u00f6iseen tenttimiseen kohdennetussa tilassa suoritettavien tenttien laadinta, varaaminen, suorittaminen ja arviointi.  Ker\u00e4tt\u00e4vi\u00e4 henkil\u00f6tietoja k\u00e4ytet\u00e4\u00e4n:<\/p>\n\n\n\n<ul class=\"wp-block-list\">\n<li>tenttij\u00e4rjestelm\u00e4n k\u00e4ytt\u00f6oikeuksien hallintaan, <\/li>\n\n\n\n<li>tenttij\u00e4rjestelm\u00e4n edellytt\u00e4mien yhteydenottojen mahdollistamiseen,<\/li>\n\n\n\n<li>oppimisen ohjaukseen ja opintosuoritusten arviointiin, <\/li>\n\n\n\n<li>sen tarkistamiseen, onko opiskelija k\u00e4ynyt suorittamassa tentin henkil\u00f6kohtaisesti, <\/li>\n\n\n\n<li>sen tarkistamiseen, onko tentti\u00e4 suoritettaessa toimittu ohjeiden ja k\u00e4ytt\u00f6s\u00e4\u00e4nt\u00f6jen mukaisesti. J\u00e4rjestelm\u00e4n k\u00e4yt\u00f6st\u00e4 lokiin tallentuvia tietoja k\u00e4ytet\u00e4\u00e4n teknisten ongelmien ja v\u00e4\u00e4rink\u00e4yt\u00f6sten selvitt\u00e4miseen. <\/li>\n\n\n\n<li>tenttij\u00e4rjestelm\u00e4n k\u00e4ytt\u00f6oikeuksien hallintaan, <\/li>\n\n\n\n<li>tenttij\u00e4rjestelm\u00e4n edellytt\u00e4mien yhteydenottojen mahdollistamiseen,oppimisen ohjaukseen ja opintosuoritusten arviointiin, <\/li>\n\n\n\n<li>sen tarkistamiseen, onko opiskelija k\u00e4ynyt suorittamassa tentin henkil\u00f6kohtaisesti, <\/li>\n\n\n\n<li>sen tarkistamiseen, onko tentti\u00e4 suoritettaessa toimittu ohjeiden ja k\u00e4ytt\u00f6s\u00e4\u00e4nt\u00f6jen mukaisesti. <\/li>\n\n\n\n<li>J\u00e4rjestelm\u00e4n k\u00e4yt\u00f6st\u00e4 lokiin tallentuvia tietoja k\u00e4ytet\u00e4\u00e4n teknisten ongelmien ja v\u00e4\u00e4rink\u00e4yt\u00f6sten selvitt\u00e4miseen. <\/li>\n<\/ul>\n\n\n\n<h2 class=\"wp-block-heading\">5 Rekisterin tietosis\u00e4lt\u00f6 <\/h2>\n\n\n\n<p>Rekisteri sis\u00e4lt\u00e4\u00e4 tietoa opintojaksoista, opiskelijoista, opettajista sek\u00e4 tenttisuorituksista. <\/p>\n\n\n\n<ul class=\"wp-block-list\">\n<li>Pakolliset henkil\u00f6tiedot k\u00e4ytt\u00e4jist\u00e4:&nbsp;<\/li>\n\n\n\n<li>Nimi   <\/li>\n\n\n\n<li>S\u00e4hk\u00f6postiosoite&nbsp; <\/li>\n\n\n\n<li>Kotiorganisaatio&nbsp; <\/li>\n\n\n\n<li>Opiskelijanumero <\/li>\n\n\n\n<li>K\u00e4ytt\u00e4j\u00e4rooli&nbsp;&nbsp; <\/li>\n\n\n\n<li>Tentitt\u00e4v\u00e4n opintojakson tiedot&nbsp; <\/li>\n\n\n\n<li>Tenttivarauksen tiedot (aika, paikka, tenttiin k\u00e4ytett\u00e4v\u00e4 tietokone)&nbsp; <\/li>\n\n\n\n<li>Tenttikysymykset ja -vastaukset (s\u00e4ilytett\u00e4v\u00e4 v\u00e4hint\u00e4\u00e4n 6kk tentin suorittamisesta)&nbsp; <\/li>\n\n\n\n<li>Arviointitiedot ja arvosanat&nbsp; <\/li>\n\n\n\n<li>Tenttitilasta tallennetaan kuva ja \u00e4\u00e4ni (<a href=\"https:\/\/help.jamk.fi\/tietosuoja\/kameravalvonta-sahkoinen-tenttitila-tietosuojaseloste\/\">kameravalvonnan tietosuojaseloste<\/a>). <\/li>\n<\/ul>\n\n\n\n<h2 class=\"wp-block-heading\">6 K\u00e4sittelyperuste <\/h2>\n\n\n\n<p>Lakis\u00e4\u00e4teinen teht\u00e4v\u00e4\/velvoite ja yleinen etu ja julkinen valta (opetuksen toteuttaminen) Suostumus. Suostumuksen voi peruuttaa olemalla yhteydess\u00e4 rekisterin yhteyshenkil\u00f6\u00f6n. <\/p>\n\n\n\n<h2 class=\"wp-block-heading\">7 S\u00e4\u00e4nn\u00f6nmukaiset tietol\u00e4hteet <\/h2>\n\n\n\n<p>Tiedot noudetaan rekister\u00f6idyn kotiorganisaatiosta k\u00e4ytt\u00e4j\u00e4n suostumuksella aina, kun palveluun kirjaudutaan.<\/p>\n\n\n\n<h2 class=\"wp-block-heading\">8 S\u00e4\u00e4nn\u00f6nmukaiset tietojen luovutukset ja tietojen siirto EU:n tai Euroopan talousalueen ulkopuolelle <\/h2>\n\n\n\n<p>Tietoja ei luovuteta s\u00e4\u00e4nn\u00f6nmukaisesti kolmansille tahoille. Tietoja ei siirret\u00e4 EU:n tai ETA-alueen ulkopuolelle eik\u00e4 kansainv\u00e4lisille j\u00e4rjest\u00f6ille. Rekisterin henkil\u00f6tietojen k\u00e4sittely\u00e4 ei ole ulkoistettu toimeksiantosopimuksella  <\/p>\n\n\n\n<h2 class=\"wp-block-heading\">9 Rekisterin suojauksen periaatteet <\/h2>\n\n\n\n<p>Ei manuaalista aineistoa. <\/p>\n\n\n\n<p>Tietoverkossa siirrett\u00e4ess\u00e4 henkil\u00f6tiedot on suojattu TLS\/SSL-tekniikalla. Henkil\u00f6tiedoista palvelimelle syntyv\u00e4 henkil\u00f6rekisteri on suojattu yll\u00e4pit\u00e4jien henkil\u00f6kohtaisilla k\u00e4ytt\u00f6oikeuksilla. <\/p>\n\n\n\n<h2 class=\"wp-block-heading\">10 Henkil\u00f6tietojen s\u00e4ilytt\u00e4misaika tai s\u00e4ilytt\u00e4misajan m\u00e4\u00e4ritt\u00e4miskriteerit<\/h2>\n\n\n\n<p>Henkil\u00f6tietoja s\u00e4ilytet\u00e4\u00e4n ty\u00f6- tai opiskelusuhteen ajan. Tenttivastauksia s\u00e4ilytet\u00e4\u00e4n 18 kuukautta. Tentin s\u00e4ilytysajan umpeutuessa poistetaan yhteys henkil\u00f6n ja tenttivastauksen v\u00e4lill\u00e4.    <\/p>\n\n\n\n<h2 class=\"wp-block-heading\">11 Profilointi ja automaattinen p\u00e4\u00e4t\u00f6ksenteko <\/h2>\n\n\n\n<p>Rekisterin tietoja ei k\u00e4ytet\u00e4 automatisoituihin yksitt\u00e4isp\u00e4\u00e4t\u00f6ksiin eik\u00e4 profilointiin  <\/p>\n\n\n\n<h2 class=\"wp-block-heading\">12 Rekister\u00f6idyn oikeudet <\/h2>\n\n\n\n<p>Tietosuojavastaavasta ja rekister\u00f6idyn oikeuksista ja niiden toteuttamisesta kerrotaan <a href=\"https:\/\/www.jamk.fi\/fi\/jamk\/tietosuoja-jamkissa\">Jamkin tietosuojalausekkeessa<\/a> ja <a href=\"https:\/\/www.jamk.fi\/fi\/jamk\/tietosuoja-jamkissa\">Rekister\u00f6idyn oikeudet<\/a>-sivulla. <\/p>\n","protected":false},"excerpt":{"rendered":"<p>EU yleinen tietosuoja-asetu (2016\/679) P\u00e4ivitetty 13.1.2022 1 Rekisterin nimi S\u00e4hk\u00f6inen tenttipalvelu 2 Rekisterinpit\u00e4j\u00e4 Jyv\u00e4skyl\u00e4n ammattikorkeakoulu Oy PL 207 40101 Jyv\u00e4skyl\u00e4 +358 20 743 8100 3 Yhteyshenkil\u00f6 rekisteri\u00e4 koskevissa asioissa, yhteystiedot virka-aikana Rekisterist\u00e4 vastaavan johtaja: Vararehtori Heikki Malinen Prosessista vastaava: Koulutuksen kehitt\u00e4misp\u00e4\u00e4llikk\u00f6 Sirpa Tuomi Rekisterin yhteyshenkil\u00f6: Suunnittelija Rika Nakamura etunimi.sukunimi@jamk.fi 4 Henkil\u00f6tietojen k\u00e4sittelyn tarkoitus S\u00e4hk\u00f6inen tenttipalvelun [&hellip;]<\/p>\n","protected":false},"author":178,"featured_media":0,"parent":541,"menu_order":0,"comment_status":"closed","ping_status":"closed","template":"","meta":{"_acf_changed":false,"_relevanssi_hide_post":"","_relevanssi_hide_content":"","_relevanssi_pin_for_all":"","_relevanssi_pin_keywords":"","_relevanssi_unpin_keywords":"","_relevanssi_related_keywords":"","_relevanssi_related_include_ids":"","_relevanssi_related_exclude_ids":"","_relevanssi_related_no_append":"","_relevanssi_related_not_related":"","_relevanssi_related_posts":"","_relevanssi_noindex_reason":"","footnotes":""},"categories":[],"tags":[244,22,28,34,40,250,58,76],"class_list":["post-106","page","type-page","status-publish","hentry","tag-exam","tag-gdpr","tag-henkilotieto","tag-rekisteri","tag-rekisteriseloste","tag-sahkoinen-tentti","tag-tietosuoja","tag-tietosuojaseloste"],"acf":[],"yoast_head":"<!-- This site is optimized with the Yoast SEO plugin v27.4 - https:\/\/yoast.com\/product\/yoast-seo-wordpress\/ -->\n<title>Tietosuojaseloste - S\u00e4hk\u00f6inen tenttipalvelu - Tietosuoja<\/title>\n<meta name=\"robots\" content=\"index, follow, max-snippet:-1, max-image-preview:large, max-video-preview:-1\" \/>\n<link rel=\"canonical\" href=\"https:\/\/help.jamk.fi\/tietosuoja\/fi\/opiskelija-opetus\/sahkoinen-tenttipalvelu-tietosuojaseloste\/\" \/>\n<meta property=\"og:locale\" content=\"fi_FI\" \/>\n<meta property=\"og:type\" content=\"article\" \/>\n<meta property=\"og:title\" content=\"Tietosuojaseloste - S\u00e4hk\u00f6inen tenttipalvelu - Tietosuoja\" \/>\n<meta property=\"og:description\" content=\"EU yleinen tietosuoja-asetu (2016\/679) P\u00e4ivitetty 13.1.2022 1 Rekisterin nimi S\u00e4hk\u00f6inen tenttipalvelu 2 Rekisterinpit\u00e4j\u00e4 Jyv\u00e4skyl\u00e4n ammattikorkeakoulu Oy PL 207 40101 Jyv\u00e4skyl\u00e4 +358 20 743 8100 3 Yhteyshenkil\u00f6 rekisteri\u00e4 koskevissa asioissa, yhteystiedot virka-aikana Rekisterist\u00e4 vastaavan johtaja: Vararehtori Heikki Malinen Prosessista vastaava: Koulutuksen kehitt\u00e4misp\u00e4\u00e4llikk\u00f6 Sirpa Tuomi Rekisterin yhteyshenkil\u00f6: Suunnittelija Rika Nakamura etunimi.sukunimi@jamk.fi 4 Henkil\u00f6tietojen k\u00e4sittelyn tarkoitus S\u00e4hk\u00f6inen tenttipalvelun [&hellip;]\" \/>\n<meta property=\"og:url\" content=\"https:\/\/help.jamk.fi\/tietosuoja\/fi\/opiskelija-opetus\/sahkoinen-tenttipalvelu-tietosuojaseloste\/\" \/>\n<meta property=\"og:site_name\" content=\"Tietosuoja\" \/>\n<meta property=\"article:modified_time\" content=\"2024-01-23T13:35:18+00:00\" \/>\n<meta name=\"twitter:card\" content=\"summary_large_image\" \/>\n<meta name=\"twitter:label1\" content=\"Arvioitu lukuaika\" \/>\n\t<meta name=\"twitter:data1\" content=\"3 minuuttia\" \/>\n<script type=\"application\/ld+json\" class=\"yoast-schema-graph\">{\"@context\":\"https:\\\/\\\/schema.org\",\"@graph\":[{\"@type\":\"WebPage\",\"@id\":\"https:\\\/\\\/help.jamk.fi\\\/tietosuoja\\\/fi\\\/opiskelija-opetus\\\/sahkoinen-tenttipalvelu-tietosuojaseloste\\\/\",\"url\":\"https:\\\/\\\/help.jamk.fi\\\/tietosuoja\\\/fi\\\/opiskelija-opetus\\\/sahkoinen-tenttipalvelu-tietosuojaseloste\\\/\",\"name\":\"Tietosuojaseloste - S\u00e4hk\u00f6inen tenttipalvelu - Tietosuoja\",\"isPartOf\":{\"@id\":\"https:\\\/\\\/help.jamk.fi\\\/tietosuoja\\\/#website\"},\"datePublished\":\"2019-02-11T05:09:25+00:00\",\"dateModified\":\"2024-01-23T13:35:18+00:00\",\"breadcrumb\":{\"@id\":\"https:\\\/\\\/help.jamk.fi\\\/tietosuoja\\\/fi\\\/opiskelija-opetus\\\/sahkoinen-tenttipalvelu-tietosuojaseloste\\\/#breadcrumb\"},\"inLanguage\":\"fi\",\"potentialAction\":[{\"@type\":\"ReadAction\",\"target\":[\"https:\\\/\\\/help.jamk.fi\\\/tietosuoja\\\/fi\\\/opiskelija-opetus\\\/sahkoinen-tenttipalvelu-tietosuojaseloste\\\/\"]}]},{\"@type\":\"BreadcrumbList\",\"@id\":\"https:\\\/\\\/help.jamk.fi\\\/tietosuoja\\\/fi\\\/opiskelija-opetus\\\/sahkoinen-tenttipalvelu-tietosuojaseloste\\\/#breadcrumb\",\"itemListElement\":[{\"@type\":\"ListItem\",\"position\":1,\"name\":\"Etusivu\",\"item\":\"https:\\\/\\\/help.jamk.fi\\\/tietosuoja\\\/fi\\\/\"},{\"@type\":\"ListItem\",\"position\":2,\"name\":\"Opiskelija &#8211; Opetus\",\"item\":\"https:\\\/\\\/help.jamk.fi\\\/tietosuoja\\\/fi\\\/opiskelija-opetus\\\/\"},{\"@type\":\"ListItem\",\"position\":3,\"name\":\"Tietosuojaseloste &#8211; S\u00e4hk\u00f6inen tenttipalvelu\"}]},{\"@type\":\"WebSite\",\"@id\":\"https:\\\/\\\/help.jamk.fi\\\/tietosuoja\\\/#website\",\"url\":\"https:\\\/\\\/help.jamk.fi\\\/tietosuoja\\\/\",\"name\":\"Tietosuoja\",\"description\":\"\",\"potentialAction\":[{\"@type\":\"SearchAction\",\"target\":{\"@type\":\"EntryPoint\",\"urlTemplate\":\"https:\\\/\\\/help.jamk.fi\\\/tietosuoja\\\/?s={search_term_string}\"},\"query-input\":{\"@type\":\"PropertyValueSpecification\",\"valueRequired\":true,\"valueName\":\"search_term_string\"}}],\"inLanguage\":\"fi\"}]}<\/script>\n<!-- \/ Yoast SEO plugin. -->","yoast_head_json":{"title":"Tietosuojaseloste - S\u00e4hk\u00f6inen tenttipalvelu - Tietosuoja","robots":{"index":"index","follow":"follow","max-snippet":"max-snippet:-1","max-image-preview":"max-image-preview:large","max-video-preview":"max-video-preview:-1"},"canonical":"https:\/\/help.jamk.fi\/tietosuoja\/fi\/opiskelija-opetus\/sahkoinen-tenttipalvelu-tietosuojaseloste\/","og_locale":"fi_FI","og_type":"article","og_title":"Tietosuojaseloste - S\u00e4hk\u00f6inen tenttipalvelu - Tietosuoja","og_description":"EU yleinen tietosuoja-asetu (2016\/679) P\u00e4ivitetty 13.1.2022 1 Rekisterin nimi S\u00e4hk\u00f6inen tenttipalvelu 2 Rekisterinpit\u00e4j\u00e4 Jyv\u00e4skyl\u00e4n ammattikorkeakoulu Oy PL 207 40101 Jyv\u00e4skyl\u00e4 +358 20 743 8100 3 Yhteyshenkil\u00f6 rekisteri\u00e4 koskevissa asioissa, yhteystiedot virka-aikana Rekisterist\u00e4 vastaavan johtaja: Vararehtori Heikki Malinen Prosessista vastaava: Koulutuksen kehitt\u00e4misp\u00e4\u00e4llikk\u00f6 Sirpa Tuomi Rekisterin yhteyshenkil\u00f6: Suunnittelija Rika Nakamura etunimi.sukunimi@jamk.fi 4 Henkil\u00f6tietojen k\u00e4sittelyn tarkoitus S\u00e4hk\u00f6inen tenttipalvelun [&hellip;]","og_url":"https:\/\/help.jamk.fi\/tietosuoja\/fi\/opiskelija-opetus\/sahkoinen-tenttipalvelu-tietosuojaseloste\/","og_site_name":"Tietosuoja","article_modified_time":"2024-01-23T13:35:18+00:00","twitter_card":"summary_large_image","twitter_misc":{"Arvioitu lukuaika":"3 minuuttia"},"schema":{"@context":"https:\/\/schema.org","@graph":[{"@type":"WebPage","@id":"https:\/\/help.jamk.fi\/tietosuoja\/fi\/opiskelija-opetus\/sahkoinen-tenttipalvelu-tietosuojaseloste\/","url":"https:\/\/help.jamk.fi\/tietosuoja\/fi\/opiskelija-opetus\/sahkoinen-tenttipalvelu-tietosuojaseloste\/","name":"Tietosuojaseloste - S\u00e4hk\u00f6inen tenttipalvelu - Tietosuoja","isPartOf":{"@id":"https:\/\/help.jamk.fi\/tietosuoja\/#website"},"datePublished":"2019-02-11T05:09:25+00:00","dateModified":"2024-01-23T13:35:18+00:00","breadcrumb":{"@id":"https:\/\/help.jamk.fi\/tietosuoja\/fi\/opiskelija-opetus\/sahkoinen-tenttipalvelu-tietosuojaseloste\/#breadcrumb"},"inLanguage":"fi","potentialAction":[{"@type":"ReadAction","target":["https:\/\/help.jamk.fi\/tietosuoja\/fi\/opiskelija-opetus\/sahkoinen-tenttipalvelu-tietosuojaseloste\/"]}]},{"@type":"BreadcrumbList","@id":"https:\/\/help.jamk.fi\/tietosuoja\/fi\/opiskelija-opetus\/sahkoinen-tenttipalvelu-tietosuojaseloste\/#breadcrumb","itemListElement":[{"@type":"ListItem","position":1,"name":"Etusivu","item":"https:\/\/help.jamk.fi\/tietosuoja\/fi\/"},{"@type":"ListItem","position":2,"name":"Opiskelija &#8211; Opetus","item":"https:\/\/help.jamk.fi\/tietosuoja\/fi\/opiskelija-opetus\/"},{"@type":"ListItem","position":3,"name":"Tietosuojaseloste &#8211; S\u00e4hk\u00f6inen tenttipalvelu"}]},{"@type":"WebSite","@id":"https:\/\/help.jamk.fi\/tietosuoja\/#website","url":"https:\/\/help.jamk.fi\/tietosuoja\/","name":"Tietosuoja","description":"","potentialAction":[{"@type":"SearchAction","target":{"@type":"EntryPoint","urlTemplate":"https:\/\/help.jamk.fi\/tietosuoja\/?s={search_term_string}"},"query-input":{"@type":"PropertyValueSpecification","valueRequired":true,"valueName":"search_term_string"}}],"inLanguage":"fi"}]}},"_links":{"self":[{"href":"https:\/\/help.jamk.fi\/tietosuoja\/wp-json\/wp\/v2\/pages\/106","targetHints":{"allow":["GET"]}}],"collection":[{"href":"https:\/\/help.jamk.fi\/tietosuoja\/wp-json\/wp\/v2\/pages"}],"about":[{"href":"https:\/\/help.jamk.fi\/tietosuoja\/wp-json\/wp\/v2\/types\/page"}],"author":[{"embeddable":true,"href":"https:\/\/help.jamk.fi\/tietosuoja\/wp-json\/wp\/v2\/users\/178"}],"replies":[{"embeddable":true,"href":"https:\/\/help.jamk.fi\/tietosuoja\/wp-json\/wp\/v2\/comments?post=106"}],"version-history":[{"count":3,"href":"https:\/\/help.jamk.fi\/tietosuoja\/wp-json\/wp\/v2\/pages\/106\/revisions"}],"predecessor-version":[{"id":903,"href":"https:\/\/help.jamk.fi\/tietosuoja\/wp-json\/wp\/v2\/pages\/106\/revisions\/903"}],"up":[{"embeddable":true,"href":"https:\/\/help.jamk.fi\/tietosuoja\/wp-json\/wp\/v2\/pages\/541"}],"wp:attachment":[{"href":"https:\/\/help.jamk.fi\/tietosuoja\/wp-json\/wp\/v2\/media?parent=106"}],"wp:term":[{"taxonomy":"category","embeddable":true,"href":"https:\/\/help.jamk.fi\/tietosuoja\/wp-json\/wp\/v2\/categories?post=106"},{"taxonomy":"post_tag","embeddable":true,"href":"https:\/\/help.jamk.fi\/tietosuoja\/wp-json\/wp\/v2\/tags?post=106"}],"curies":[{"name":"wp","href":"https:\/\/api.w.org\/{rel}","templated":true}]}}