{"id":1119,"date":"2026-01-20T11:38:00","date_gmt":"2026-01-20T09:38:00","guid":{"rendered":"https:\/\/help.jamk.fi\/tietosuoja\/?page_id=1119"},"modified":"2026-01-20T11:38:00","modified_gmt":"2026-01-20T09:38:00","slug":"privacy-statement-electronic-signature-service","status":"publish","type":"page","link":"https:\/\/help.jamk.fi\/tietosuoja\/en\/privacy-statement-electronic-signature-service\/","title":{"rendered":"Privacy Statement \u2013 Electronic Signature Service"},"content":{"rendered":"\n<p><br><strong>Updated:<\/strong> 20 January 2026<br><br><strong>1. Register Name<\/strong><br>Electronic Signature Service<\/p>\n\n\n\n<p><strong>2. Data Controller<\/strong><br>Jyv\u00e4skyl\u00e4 University of Applied Sciences Oy<br>PL 207, 40101 Jyv\u00e4skyl\u00e4<br>+358 20 743 8100<\/p>\n\n\n\n<p><br><strong>3. Contact Person for Register-Related Matters<\/strong><br>Responsible Director: Administrative Director Mikko R. Salminen<br>Content Administrator: Pasi Somero<br>Technical Administrator: Jussi Vihko<br>Email: firstname.lastname[a]jamk.fi<br><br><strong>4. Purpose of Processing Personal Data<\/strong><br>The service enables electronic signing of documents and sending them for review and signing. <br><br><strong>5. Data Content of the Register<\/strong><br>Only essential personal data necessary for case handling is stored:<br>Name<br>Phone number<br>Email address<br>Jamk\/other organization<br>Job title<\/p>\n\n\n\n<p><br><strong>Legal Basis:<\/strong><br>Processing is based on a legal obligation and important public interest under legislation and the legitimate interest of the controller or a third party.<br><br><strong>7. Regular Data Sources<\/strong><br>Jamk personnel data is fetched from the system handling the usernames and authentication.<br> External users provide their own data.<br><br><strong>8. Regular Data Disclosures and Transfers Outside EU\/EEA<\/strong><br>Sarake Oy is the data processor maintaining the service and receives the data. Processing is outsourced under a commissioning agreement. The supplier processes personal data only when necessary (e.g., maintenance or troubleshooting) and only to the extent required. Processing occurs only within the EU.<\/p>\n\n\n\n<p>No transfers outside the EU\/EEA or to international organizations.<br><br><br><strong>9. Principles of Register Protection<\/strong><br>Jamk Sign is a Private\/Hybrid Cloud SaaS service provided by Sarake Oy.<br>The service is delivered via the Internet and accessed through a web interface, mobile apps, and web service API.<br>Access is restricted to the customer\u2019s environment; no public Internet access.<br>Jamk Sign is based on Nebula Oy\u2019s Cloud 9 service, covering server and storage capacity, backups, and related services.<br>Servers are located in Lauttasaari and Pit\u00e4j\u00e4nm\u00e4ki.<br>Only authorized Jamk personnel handle personal data. <\/p>\n\n\n\n<p><br><br><strong>10. Data Retention Period<\/strong><br>Staff and student data are processed during employment or studies.<br>Other personal data is processed as long as necessary.<br>Signed documents are transferred to Jamk\u2019s case management system and retained according to the information management plan.<br>In Jamk Sign, documents are stored for 30 days, after which they are automatically deleted.<br>Signatories may save signed versions in their own systems.<br><br><strong>10. Profiling and Automated Decision-Making<\/strong><br>Data is not used for automated decisions, including profiling.<br><br><strong>11. Data Subject Rights<\/strong><br>More information about the Data Protection Officer and data subject rights is available in <a href=\"https:\/\/www.jamk.fi\/en\/data-protection-in-jamk\">Jamk\u2019s privacy statement <\/a>and on the <a href=\"https:\/\/www.jamk.fi\/en\/data-protection-in-jamk\">Data Subject Rights page.<\/a><\/p>\n\n\n\n<p><\/p>\n","protected":false},"excerpt":{"rendered":"<p>Updated: 20 January 2026 1. Register NameElectronic Signature Service 2. Data ControllerJyv\u00e4skyl\u00e4 University of Applied Sciences OyPL 207, 40101 Jyv\u00e4skyl\u00e4+358 20 743 8100 3. Contact Person for Register-Related MattersResponsible Director: Administrative Director Mikko R. SalminenContent Administrator: Pasi SomeroTechnical Administrator: Jussi VihkoEmail: firstname.lastname[a]jamk.fi 4. Purpose of Processing Personal DataThe service enables electronic signing of documents and [&hellip;]<\/p>\n","protected":false},"author":471,"featured_media":0,"parent":0,"menu_order":0,"comment_status":"closed","ping_status":"closed","template":"","meta":{"_acf_changed":false,"_relevanssi_hide_post":"","_relevanssi_hide_content":"","_relevanssi_pin_for_all":"","_relevanssi_pin_keywords":"","_relevanssi_unpin_keywords":"","_relevanssi_related_keywords":"","_relevanssi_related_include_ids":"","_relevanssi_related_exclude_ids":"","_relevanssi_related_no_append":"","_relevanssi_related_not_related":"","_relevanssi_related_posts":"","_relevanssi_noindex_reason":"","footnotes":""},"categories":[15],"tags":[360],"class_list":["post-1119","page","type-page","status-publish","hentry","category-uncategorized-en","tag-tietosuojaseloste-en"],"acf":[],"yoast_head":"<!-- This site is optimized with the Yoast SEO plugin v27.4 - https:\/\/yoast.com\/product\/yoast-seo-wordpress\/ -->\n<title>Privacy Statement \u2013 Electronic Signature Service - Tietosuoja<\/title>\n<meta name=\"robots\" content=\"index, follow, max-snippet:-1, max-image-preview:large, max-video-preview:-1\" \/>\n<link rel=\"canonical\" href=\"https:\/\/help.jamk.fi\/tietosuoja\/en\/privacy-statement-electronic-signature-service\/\" \/>\n<meta property=\"og:locale\" content=\"fi_FI\" \/>\n<meta property=\"og:type\" content=\"article\" \/>\n<meta property=\"og:title\" content=\"Privacy Statement \u2013 Electronic Signature Service - Tietosuoja\" \/>\n<meta property=\"og:description\" content=\"Updated: 20 January 2026 1. Register NameElectronic Signature Service 2. Data ControllerJyv\u00e4skyl\u00e4 University of Applied Sciences OyPL 207, 40101 Jyv\u00e4skyl\u00e4+358 20 743 8100 3. Contact Person for Register-Related MattersResponsible Director: Administrative Director Mikko R. SalminenContent Administrator: Pasi SomeroTechnical Administrator: Jussi VihkoEmail: firstname.lastname[a]jamk.fi 4. Purpose of Processing Personal DataThe service enables electronic signing of documents and [&hellip;]\" \/>\n<meta property=\"og:url\" content=\"https:\/\/help.jamk.fi\/tietosuoja\/en\/privacy-statement-electronic-signature-service\/\" \/>\n<meta property=\"og:site_name\" content=\"Tietosuoja\" \/>\n<meta name=\"twitter:card\" content=\"summary_large_image\" \/>\n<meta name=\"twitter:label1\" content=\"Arvioitu lukuaika\" \/>\n\t<meta name=\"twitter:data1\" content=\"3 minuuttia\" \/>\n<script type=\"application\/ld+json\" class=\"yoast-schema-graph\">{\"@context\":\"https:\\\/\\\/schema.org\",\"@graph\":[{\"@type\":\"WebPage\",\"@id\":\"https:\\\/\\\/help.jamk.fi\\\/tietosuoja\\\/en\\\/privacy-statement-electronic-signature-service\\\/\",\"url\":\"https:\\\/\\\/help.jamk.fi\\\/tietosuoja\\\/en\\\/privacy-statement-electronic-signature-service\\\/\",\"name\":\"Privacy Statement \u2013 Electronic Signature Service - Tietosuoja\",\"isPartOf\":{\"@id\":\"https:\\\/\\\/help.jamk.fi\\\/tietosuoja\\\/#website\"},\"datePublished\":\"2026-01-20T09:38:00+00:00\",\"breadcrumb\":{\"@id\":\"https:\\\/\\\/help.jamk.fi\\\/tietosuoja\\\/en\\\/privacy-statement-electronic-signature-service\\\/#breadcrumb\"},\"inLanguage\":\"fi\",\"potentialAction\":[{\"@type\":\"ReadAction\",\"target\":[\"https:\\\/\\\/help.jamk.fi\\\/tietosuoja\\\/en\\\/privacy-statement-electronic-signature-service\\\/\"]}]},{\"@type\":\"BreadcrumbList\",\"@id\":\"https:\\\/\\\/help.jamk.fi\\\/tietosuoja\\\/en\\\/privacy-statement-electronic-signature-service\\\/#breadcrumb\",\"itemListElement\":[{\"@type\":\"ListItem\",\"position\":1,\"name\":\"Etusivu\",\"item\":\"https:\\\/\\\/help.jamk.fi\\\/tietosuoja\\\/fi\\\/\"},{\"@type\":\"ListItem\",\"position\":2,\"name\":\"Privacy Statement \u2013 Electronic Signature Service\"}]},{\"@type\":\"WebSite\",\"@id\":\"https:\\\/\\\/help.jamk.fi\\\/tietosuoja\\\/#website\",\"url\":\"https:\\\/\\\/help.jamk.fi\\\/tietosuoja\\\/\",\"name\":\"Tietosuoja\",\"description\":\"\",\"potentialAction\":[{\"@type\":\"SearchAction\",\"target\":{\"@type\":\"EntryPoint\",\"urlTemplate\":\"https:\\\/\\\/help.jamk.fi\\\/tietosuoja\\\/?s={search_term_string}\"},\"query-input\":{\"@type\":\"PropertyValueSpecification\",\"valueRequired\":true,\"valueName\":\"search_term_string\"}}],\"inLanguage\":\"fi\"}]}<\/script>\n<!-- \/ Yoast SEO plugin. -->","yoast_head_json":{"title":"Privacy Statement \u2013 Electronic Signature Service - Tietosuoja","robots":{"index":"index","follow":"follow","max-snippet":"max-snippet:-1","max-image-preview":"max-image-preview:large","max-video-preview":"max-video-preview:-1"},"canonical":"https:\/\/help.jamk.fi\/tietosuoja\/en\/privacy-statement-electronic-signature-service\/","og_locale":"fi_FI","og_type":"article","og_title":"Privacy Statement \u2013 Electronic Signature Service - Tietosuoja","og_description":"Updated: 20 January 2026 1. Register NameElectronic Signature Service 2. Data ControllerJyv\u00e4skyl\u00e4 University of Applied Sciences OyPL 207, 40101 Jyv\u00e4skyl\u00e4+358 20 743 8100 3. Contact Person for Register-Related MattersResponsible Director: Administrative Director Mikko R. SalminenContent Administrator: Pasi SomeroTechnical Administrator: Jussi VihkoEmail: firstname.lastname[a]jamk.fi 4. Purpose of Processing Personal DataThe service enables electronic signing of documents and [&hellip;]","og_url":"https:\/\/help.jamk.fi\/tietosuoja\/en\/privacy-statement-electronic-signature-service\/","og_site_name":"Tietosuoja","twitter_card":"summary_large_image","twitter_misc":{"Arvioitu lukuaika":"3 minuuttia"},"schema":{"@context":"https:\/\/schema.org","@graph":[{"@type":"WebPage","@id":"https:\/\/help.jamk.fi\/tietosuoja\/en\/privacy-statement-electronic-signature-service\/","url":"https:\/\/help.jamk.fi\/tietosuoja\/en\/privacy-statement-electronic-signature-service\/","name":"Privacy Statement \u2013 Electronic Signature Service - Tietosuoja","isPartOf":{"@id":"https:\/\/help.jamk.fi\/tietosuoja\/#website"},"datePublished":"2026-01-20T09:38:00+00:00","breadcrumb":{"@id":"https:\/\/help.jamk.fi\/tietosuoja\/en\/privacy-statement-electronic-signature-service\/#breadcrumb"},"inLanguage":"fi","potentialAction":[{"@type":"ReadAction","target":["https:\/\/help.jamk.fi\/tietosuoja\/en\/privacy-statement-electronic-signature-service\/"]}]},{"@type":"BreadcrumbList","@id":"https:\/\/help.jamk.fi\/tietosuoja\/en\/privacy-statement-electronic-signature-service\/#breadcrumb","itemListElement":[{"@type":"ListItem","position":1,"name":"Etusivu","item":"https:\/\/help.jamk.fi\/tietosuoja\/fi\/"},{"@type":"ListItem","position":2,"name":"Privacy Statement \u2013 Electronic Signature Service"}]},{"@type":"WebSite","@id":"https:\/\/help.jamk.fi\/tietosuoja\/#website","url":"https:\/\/help.jamk.fi\/tietosuoja\/","name":"Tietosuoja","description":"","potentialAction":[{"@type":"SearchAction","target":{"@type":"EntryPoint","urlTemplate":"https:\/\/help.jamk.fi\/tietosuoja\/?s={search_term_string}"},"query-input":{"@type":"PropertyValueSpecification","valueRequired":true,"valueName":"search_term_string"}}],"inLanguage":"fi"}]}},"_links":{"self":[{"href":"https:\/\/help.jamk.fi\/tietosuoja\/wp-json\/wp\/v2\/pages\/1119","targetHints":{"allow":["GET"]}}],"collection":[{"href":"https:\/\/help.jamk.fi\/tietosuoja\/wp-json\/wp\/v2\/pages"}],"about":[{"href":"https:\/\/help.jamk.fi\/tietosuoja\/wp-json\/wp\/v2\/types\/page"}],"author":[{"embeddable":true,"href":"https:\/\/help.jamk.fi\/tietosuoja\/wp-json\/wp\/v2\/users\/471"}],"replies":[{"embeddable":true,"href":"https:\/\/help.jamk.fi\/tietosuoja\/wp-json\/wp\/v2\/comments?post=1119"}],"version-history":[{"count":1,"href":"https:\/\/help.jamk.fi\/tietosuoja\/wp-json\/wp\/v2\/pages\/1119\/revisions"}],"predecessor-version":[{"id":1120,"href":"https:\/\/help.jamk.fi\/tietosuoja\/wp-json\/wp\/v2\/pages\/1119\/revisions\/1120"}],"wp:attachment":[{"href":"https:\/\/help.jamk.fi\/tietosuoja\/wp-json\/wp\/v2\/media?parent=1119"}],"wp:term":[{"taxonomy":"category","embeddable":true,"href":"https:\/\/help.jamk.fi\/tietosuoja\/wp-json\/wp\/v2\/categories?post=1119"},{"taxonomy":"post_tag","embeddable":true,"href":"https:\/\/help.jamk.fi\/tietosuoja\/wp-json\/wp\/v2\/tags?post=1119"}],"curies":[{"name":"wp","href":"https:\/\/api.w.org\/{rel}","templated":true}]}}