{"id":112,"date":"2019-02-11T08:00:17","date_gmt":"2019-02-11T06:00:17","guid":{"rendered":"https:\/\/help.jamk.fi\/tietosuoja\/kameravalvonta-sahkoinen-tenttitila-tietosuojaseloste\/"},"modified":"2024-01-23T15:34:04","modified_gmt":"2024-01-23T13:34:04","slug":"kameravalvonta-sahkoinen-tenttitila-tietosuojaseloste","status":"publish","type":"page","link":"https:\/\/help.jamk.fi\/tietosuoja\/fi\/turvallisuus\/kameravalvonta-sahkoinen-tenttitila-tietosuojaseloste\/","title":{"rendered":"Tietosuojaseloste &#8211; Kameravalvonta (S\u00e4hk\u00f6inen tenttitila)"},"content":{"rendered":"\n<p><a href=\"http:\/\/eur-lex.europa.eu\/legal-content\/FI\/TXT\/?uri=uriserv:OJ.L_.2016.119.01.0001.01.FIN&amp;toc=OJ:L:2016:119:FULL\">EU yleinen tietosuoja-asetus (2016\/679) <\/a><\/p>\n\n\n\n<p>P\u00e4ivitetty 11.2.2019 <\/p>\n\n\n\n<h2 class=\"wp-block-heading\">1 Rekisterin nimi<\/h2>\n\n\n\n<p>S\u00e4hk\u00f6isen tenttitilan tallentava kameravalvonta <\/p>\n\n\n\n<p>(<a href=\"https:\/\/help.jamk.fi\/tietosuoja\/sahkoinen-tenttipalvelu-tietosuojaseloste\/\">S\u00e4hk\u00f6inen tentti -tietosuojaseloste<\/a>)<\/p>\n\n\n\n<h2 class=\"wp-block-heading\">2 Rekisterinpit\u00e4j\u00e4<\/h2>\n\n\n\n<p>Jyv\u00e4skyl\u00e4n ammattikorkeakoulu Oy&nbsp;&nbsp;&nbsp;&nbsp;&nbsp;&nbsp;&nbsp;&nbsp;&nbsp;&nbsp;&nbsp;&nbsp;&nbsp;&nbsp;&nbsp;&nbsp;&nbsp;&nbsp;&nbsp;&nbsp;&nbsp;&nbsp;&nbsp;&nbsp;&nbsp;&nbsp;&nbsp;&nbsp;&nbsp;&nbsp;&nbsp;&nbsp;&nbsp;&nbsp;&nbsp;&nbsp;&nbsp;&nbsp;&nbsp;&nbsp;&nbsp;&nbsp;&nbsp;&nbsp;&nbsp;&nbsp;&nbsp;&nbsp;&nbsp;&nbsp;&nbsp;&nbsp;&nbsp;&nbsp;&nbsp;&nbsp;&nbsp;&nbsp;&nbsp;&nbsp;&nbsp;&nbsp;&nbsp;&nbsp;&nbsp;&nbsp;&nbsp;&nbsp; <\/p>\n\n\n\n<p>PL 207, 40101 Jyv\u00e4skyl\u00e4&nbsp;&nbsp;&nbsp;&nbsp;&nbsp;&nbsp;&nbsp;&nbsp;&nbsp;&nbsp;&nbsp;&nbsp;&nbsp;&nbsp;&nbsp;&nbsp;&nbsp;&nbsp;&nbsp;&nbsp;&nbsp;&nbsp;&nbsp;&nbsp;&nbsp;&nbsp;&nbsp;&nbsp;&nbsp;&nbsp;&nbsp;&nbsp;&nbsp;&nbsp;&nbsp;&nbsp;&nbsp;&nbsp;&nbsp;&nbsp;&nbsp;&nbsp;&nbsp;&nbsp;&nbsp;&nbsp;&nbsp;&nbsp;&nbsp;&nbsp;&nbsp;&nbsp;&nbsp;&nbsp;&nbsp;&nbsp;&nbsp;&nbsp;&nbsp;&nbsp;&nbsp;&nbsp;&nbsp;&nbsp;&nbsp;&nbsp;&nbsp;&nbsp;&nbsp;&nbsp;&nbsp;&nbsp;&nbsp;&nbsp;&nbsp;&nbsp;&nbsp;&nbsp;&nbsp;&nbsp;&nbsp;&nbsp;&nbsp;&nbsp;&nbsp;&nbsp;&nbsp; +358 20 743 8100<\/p>\n\n\n\n<h2 class=\"wp-block-heading\">3 Yhteyshenkil\u00f6 rekisteri\u00e4 koskevissa asioissa, yhteystiedot virka-aikana <\/h2>\n\n\n\n<ul class=\"wp-block-list\">\n<li>Rekisterist\u00e4 vastaava johtaja: Vararehtori Heikki Malinen<\/li>\n\n\n\n<li>Prosessista vastaava: Koulutuksen kehitt\u00e4misp\u00e4\u00e4llikk\u00f6 Sirpa Tuomi <\/li>\n\n\n\n<li>Rekisterin yhteyshenkil\u00f6: Sis\u00e4ll\u00f6llinen p\u00e4\u00e4k\u00e4ytt\u00e4j\u00e4 Rika Nakamura<\/li>\n\n\n\n<li>Tekninen p\u00e4\u00e4k\u00e4ytt\u00e4j\u00e4: Marko Kautiainen&nbsp;&nbsp;&nbsp;&nbsp;&nbsp;&nbsp;&nbsp;&nbsp;&nbsp;&nbsp;&nbsp;&nbsp;&nbsp;&nbsp;&nbsp;&nbsp;&nbsp;&nbsp;&nbsp;&nbsp;&nbsp;&nbsp;&nbsp;&nbsp;&nbsp;&nbsp;&nbsp;&nbsp;&nbsp;&nbsp; <br>etunimi.sukunimi[a]jamk.fi <\/li>\n<\/ul>\n\n\n\n<h2 class=\"wp-block-heading\">4 Henkil\u00f6tietojen k\u00e4sittelyn tarkoitus  <\/h2>\n\n\n\n<p>Tallentavan kameravalvontaj\u00e4rjestelm\u00e4 tarkoitus on<\/p>\n\n\n\n<ul class=\"wp-block-list\">\n<li>tiloissa oleskelevien henkil\u00f6kohtaisen turvallisuuden varmistaminen&nbsp;&nbsp;<\/li>\n\n\n\n<li>omaisuuden suojaaminen&nbsp;&nbsp;<\/li>\n\n\n\n<li>turvallisuutta ja omaisuutta vaarantavien tilanteiden ennaltaehk\u00e4iseminen tai selvitt\u00e4minen&nbsp;<\/li>\n\n\n\n<li>tenttitilanteessa tapahtuneiden v\u00e4\u00e4rink\u00e4yt\u00f6sten selvitt\u00e4minen <\/li>\n<\/ul>\n\n\n\n<h2 class=\"wp-block-heading\">5 Rekisterin tietosis\u00e4lt\u00f6 <\/h2>\n\n\n\n<ul class=\"wp-block-list\">\n<li>Valvontakameran kuva- ja \u00e4\u00e4nitallenne <\/li>\n\n\n\n<li>Tallennuspaikka <\/li>\n\n\n\n<li>Tallennusaika <\/li>\n<\/ul>\n\n\n\n<h2 class=\"wp-block-heading\">6 K\u00e4sittelyperuste <\/h2>\n\n\n\n<p>Yleinen etu ja julkinen valta (turvallisuus, rikosten ennaltaehk\u00e4isy ja selvitt\u00e4minen) sek\u00e4 lakis\u00e4\u00e4teinen teht\u00e4v\u00e4 (opetuksen toteuttaminen) <\/p>\n\n\n\n<h2 class=\"wp-block-heading\">7 S\u00e4\u00e4nn\u00f6nmukaiset tietol\u00e4hteet <\/h2>\n\n\n\n<p>Kameravalvonta kuvaa reaaliaikaisesti ja tallentaen kuvaa ja henkil\u00f6it\u00e4 m\u00e4\u00e4ritetyst\u00e4 alueesta. Kamera k\u00e4ynnistyy, kun tenttitilassa on liikett\u00e4.  <\/p>\n\n\n\n<h2 class=\"wp-block-heading\">8 S\u00e4\u00e4nn\u00f6nmukaiset tietojen luovutukset ja tietojen siirto EU:n tai Euroopan talousalueen ulkopuolelle <\/h2>\n\n\n\n<p>K\u00e4vij\u00e4tietoa ja kameravalvonnan kuva-aineistoa voidaan luovuttaa Jamkin sis\u00e4isen turvallisuuden valvonnan toteuttamiseen tai luovuttaa poliisille esitutkintamateriaaliksi. Tietoa voidaan luovuttaa Jamkin henkil\u00f6kunnalle tarpeelliseksi katsottavassa laajuudessa, jos tiedot liittyv\u00e4t tai niiden ep\u00e4ill\u00e4\u00e4n liittyv\u00e4n mahdollisen tenttitilanteen v\u00e4\u00e4rink\u00e4yt\u00f6sep\u00e4ilyn vuoksi <\/p>\n\n\n\n<p>Tietoja ei siirret\u00e4 EU:n tai ETA-alueen ulkopuolelle eik\u00e4 kansainv\u00e4lisille j\u00e4rjest\u00f6ille <\/p>\n\n\n\n<h2 class=\"wp-block-heading\">9 Rekisterin suojauksen periaatteet <\/h2>\n\n\n\n<p>Tallentimet ja tallentuva materiaali sijaitsevat Jamkin lukituissa tiloissa joihin p\u00e4\u00e4syoikeudet on vain nimetyill\u00e4 henkil\u00f6ill\u00e4.  Rekisterin k\u00e4ytt\u00e4jill\u00e4 on henkil\u00f6kohtainen tunnus ja salasana. K\u00e4ytt\u00e4j\u00e4tunnuksen perusteella m\u00e4\u00e4r\u00e4ytyv\u00e4t heid\u00e4n oikeutensa n\u00e4hd\u00e4 ja tehd\u00e4 muutoksia tietosis\u00e4lt\u00f6\u00f6n. J\u00e4rjestelm\u00e4n k\u00e4ytt\u00f6oikeus poistetaan henkil\u00f6n siirtyess\u00e4&nbsp;toisiin teht\u00e4viin.&nbsp;<\/p>\n\n\n\n<h2 class=\"wp-block-heading\">10 Henkil\u00f6tietojen s\u00e4ilytt\u00e4misaika tai s\u00e4ilytt\u00e4misajan m\u00e4\u00e4ritt\u00e4miskriteerit <\/h2>\n\n\n\n<p>Rekisterin tietoja s\u00e4ilytet\u00e4\u00e4n niin kauan, kuin ne ovat tarpeen kameravalvonnan tarkoituksen toteuttamiseksi, kuitenkin enint\u00e4\u00e4n 30 vuorokauden ajan, jonka j\u00e4lkeen tiedot h\u00e4vitet\u00e4\u00e4n automaattisesti.  <\/p>\n\n\n\n<h2 class=\"wp-block-heading\">11 Profilointi ja automaattinen p\u00e4\u00e4t\u00f6ksenteko <\/h2>\n\n\n\n<p>Rekisterin tietoja ei k\u00e4ytet\u00e4 automatisoituihin yksitt\u00e4isp\u00e4\u00e4t\u00f6ksiin eik\u00e4 profilointiin.  <\/p>\n\n\n\n<h2 class=\"wp-block-heading\">12 Rekister\u00f6idyn oikeudet <\/h2>\n\n\n\n<p>Tallentava kameravalvonta on osa henkil\u00f6- ja tilaturvallisuutta ja niiden toteuttamiseen vaikuttavat kuva-aineisto ja lokitiedot ovat salassa pidett\u00e4v\u00e4\u00e4 tietoa (Laki viranomaisen toiminnan julkisuudesta 24.1\u00a77). Tietoa luovutetaan vain Jamkin sis\u00e4isen turvallisuuden valvonnan toteuttamiseen v\u00e4\u00e4rink\u00e4ytt\u00f6ep\u00e4ilyss\u00e4 tai rikosep\u00e4ilyss\u00e4 poliisille esitutkintamateriaaliksi. <\/p>\n\n\n\n<p>Tietoa Jamkin tietosuojavastaavasta ja rekister\u00f6idyn oikeuksista ja niiden toteuttamisesta kerrotaan<a href=\"https:\/\/www.jamk.fi\/fi\/jamk\/tietosuoja-jamkissa\"> Jamkin tietosuojalausekkeessa <\/a>ja <a href=\"https:\/\/www.jamk.fi\/fi\/jamk\/tietosuoja-jamkissa\">Rekister\u00f6idyn oikeudet<\/a>-sivulla. <\/p>\n","protected":false},"excerpt":{"rendered":"<p>EU yleinen tietosuoja-asetus (2016\/679) P\u00e4ivitetty 11.2.2019 1 Rekisterin nimi S\u00e4hk\u00f6isen tenttitilan tallentava kameravalvonta (S\u00e4hk\u00f6inen tentti -tietosuojaseloste) 2 Rekisterinpit\u00e4j\u00e4 Jyv\u00e4skyl\u00e4n ammattikorkeakoulu Oy&nbsp;&nbsp;&nbsp;&nbsp;&nbsp;&nbsp;&nbsp;&nbsp;&nbsp;&nbsp;&nbsp;&nbsp;&nbsp;&nbsp;&nbsp;&nbsp;&nbsp;&nbsp;&nbsp;&nbsp;&nbsp;&nbsp;&nbsp;&nbsp;&nbsp;&nbsp;&nbsp;&nbsp;&nbsp;&nbsp;&nbsp;&nbsp;&nbsp;&nbsp;&nbsp;&nbsp;&nbsp;&nbsp;&nbsp;&nbsp;&nbsp;&nbsp;&nbsp;&nbsp;&nbsp;&nbsp;&nbsp;&nbsp;&nbsp;&nbsp;&nbsp;&nbsp;&nbsp;&nbsp;&nbsp;&nbsp;&nbsp;&nbsp;&nbsp;&nbsp;&nbsp;&nbsp;&nbsp;&nbsp;&nbsp;&nbsp;&nbsp;&nbsp; PL 207, 40101 Jyv\u00e4skyl\u00e4&nbsp;&nbsp;&nbsp;&nbsp;&nbsp;&nbsp;&nbsp;&nbsp;&nbsp;&nbsp;&nbsp;&nbsp;&nbsp;&nbsp;&nbsp;&nbsp;&nbsp;&nbsp;&nbsp;&nbsp;&nbsp;&nbsp;&nbsp;&nbsp;&nbsp;&nbsp;&nbsp;&nbsp;&nbsp;&nbsp;&nbsp;&nbsp;&nbsp;&nbsp;&nbsp;&nbsp;&nbsp;&nbsp;&nbsp;&nbsp;&nbsp;&nbsp;&nbsp;&nbsp;&nbsp;&nbsp;&nbsp;&nbsp;&nbsp;&nbsp;&nbsp;&nbsp;&nbsp;&nbsp;&nbsp;&nbsp;&nbsp;&nbsp;&nbsp;&nbsp;&nbsp;&nbsp;&nbsp;&nbsp;&nbsp;&nbsp;&nbsp;&nbsp;&nbsp;&nbsp;&nbsp;&nbsp;&nbsp;&nbsp;&nbsp;&nbsp;&nbsp;&nbsp;&nbsp;&nbsp;&nbsp;&nbsp;&nbsp;&nbsp;&nbsp;&nbsp;&nbsp; +358 20 743 8100 3 Yhteyshenkil\u00f6 rekisteri\u00e4 koskevissa asioissa, yhteystiedot virka-aikana 4 Henkil\u00f6tietojen k\u00e4sittelyn tarkoitus Tallentavan kameravalvontaj\u00e4rjestelm\u00e4 tarkoitus on 5 Rekisterin tietosis\u00e4lt\u00f6 6 K\u00e4sittelyperuste Yleinen etu ja julkinen valta (turvallisuus, [&hellip;]<\/p>\n","protected":false},"author":178,"featured_media":0,"parent":550,"menu_order":0,"comment_status":"closed","ping_status":"closed","template":"","meta":{"_acf_changed":false,"_relevanssi_hide_post":"","_relevanssi_hide_content":"","_relevanssi_pin_for_all":"","_relevanssi_pin_keywords":"","_relevanssi_unpin_keywords":"","_relevanssi_related_keywords":"","_relevanssi_related_include_ids":"","_relevanssi_related_exclude_ids":"","_relevanssi_related_no_append":"","_relevanssi_related_not_related":"","_relevanssi_related_posts":"","_relevanssi_noindex_reason":"","footnotes":""},"categories":[1],"tags":[22,28,232,34,58,76],"class_list":["post-112","page","type-page","status-publish","hentry","category-yleinen","tag-gdpr","tag-henkilotieto","tag-kameravalvonta","tag-rekisteri","tag-tietosuoja","tag-tietosuojaseloste"],"acf":[],"yoast_head":"<!-- This site is optimized with the Yoast SEO plugin v27.4 - https:\/\/yoast.com\/product\/yoast-seo-wordpress\/ -->\n<title>Tietosuojaseloste - Kameravalvonta (S\u00e4hk\u00f6inen tenttitila) - Tietosuoja<\/title>\n<meta name=\"robots\" content=\"index, follow, max-snippet:-1, max-image-preview:large, max-video-preview:-1\" \/>\n<link rel=\"canonical\" href=\"https:\/\/help.jamk.fi\/tietosuoja\/fi\/turvallisuus\/kameravalvonta-sahkoinen-tenttitila-tietosuojaseloste\/\" \/>\n<meta property=\"og:locale\" content=\"fi_FI\" \/>\n<meta property=\"og:type\" content=\"article\" \/>\n<meta property=\"og:title\" content=\"Tietosuojaseloste - Kameravalvonta (S\u00e4hk\u00f6inen tenttitila) - Tietosuoja\" \/>\n<meta property=\"og:description\" content=\"EU yleinen tietosuoja-asetus (2016\/679) P\u00e4ivitetty 11.2.2019 1 Rekisterin nimi S\u00e4hk\u00f6isen tenttitilan tallentava kameravalvonta (S\u00e4hk\u00f6inen tentti -tietosuojaseloste) 2 Rekisterinpit\u00e4j\u00e4 Jyv\u00e4skyl\u00e4n ammattikorkeakoulu Oy&nbsp;&nbsp;&nbsp;&nbsp;&nbsp;&nbsp;&nbsp;&nbsp;&nbsp;&nbsp;&nbsp;&nbsp;&nbsp;&nbsp;&nbsp;&nbsp;&nbsp;&nbsp;&nbsp;&nbsp;&nbsp;&nbsp;&nbsp;&nbsp;&nbsp;&nbsp;&nbsp;&nbsp;&nbsp;&nbsp;&nbsp;&nbsp;&nbsp;&nbsp;&nbsp;&nbsp;&nbsp;&nbsp;&nbsp;&nbsp;&nbsp;&nbsp;&nbsp;&nbsp;&nbsp;&nbsp;&nbsp;&nbsp;&nbsp;&nbsp;&nbsp;&nbsp;&nbsp;&nbsp;&nbsp;&nbsp;&nbsp;&nbsp;&nbsp;&nbsp;&nbsp;&nbsp;&nbsp;&nbsp;&nbsp;&nbsp;&nbsp;&nbsp; PL 207, 40101 Jyv\u00e4skyl\u00e4&nbsp;&nbsp;&nbsp;&nbsp;&nbsp;&nbsp;&nbsp;&nbsp;&nbsp;&nbsp;&nbsp;&nbsp;&nbsp;&nbsp;&nbsp;&nbsp;&nbsp;&nbsp;&nbsp;&nbsp;&nbsp;&nbsp;&nbsp;&nbsp;&nbsp;&nbsp;&nbsp;&nbsp;&nbsp;&nbsp;&nbsp;&nbsp;&nbsp;&nbsp;&nbsp;&nbsp;&nbsp;&nbsp;&nbsp;&nbsp;&nbsp;&nbsp;&nbsp;&nbsp;&nbsp;&nbsp;&nbsp;&nbsp;&nbsp;&nbsp;&nbsp;&nbsp;&nbsp;&nbsp;&nbsp;&nbsp;&nbsp;&nbsp;&nbsp;&nbsp;&nbsp;&nbsp;&nbsp;&nbsp;&nbsp;&nbsp;&nbsp;&nbsp;&nbsp;&nbsp;&nbsp;&nbsp;&nbsp;&nbsp;&nbsp;&nbsp;&nbsp;&nbsp;&nbsp;&nbsp;&nbsp;&nbsp;&nbsp;&nbsp;&nbsp;&nbsp;&nbsp; +358 20 743 8100 3 Yhteyshenkil\u00f6 rekisteri\u00e4 koskevissa asioissa, yhteystiedot virka-aikana 4 Henkil\u00f6tietojen k\u00e4sittelyn tarkoitus Tallentavan kameravalvontaj\u00e4rjestelm\u00e4 tarkoitus on 5 Rekisterin tietosis\u00e4lt\u00f6 6 K\u00e4sittelyperuste Yleinen etu ja julkinen valta (turvallisuus, [&hellip;]\" \/>\n<meta property=\"og:url\" content=\"https:\/\/help.jamk.fi\/tietosuoja\/fi\/turvallisuus\/kameravalvonta-sahkoinen-tenttitila-tietosuojaseloste\/\" \/>\n<meta property=\"og:site_name\" content=\"Tietosuoja\" \/>\n<meta property=\"article:modified_time\" content=\"2024-01-23T13:34:04+00:00\" \/>\n<meta name=\"twitter:card\" content=\"summary_large_image\" \/>\n<meta name=\"twitter:label1\" content=\"Arvioitu lukuaika\" \/>\n\t<meta name=\"twitter:data1\" content=\"3 minuuttia\" \/>\n<script type=\"application\/ld+json\" class=\"yoast-schema-graph\">{\"@context\":\"https:\\\/\\\/schema.org\",\"@graph\":[{\"@type\":\"WebPage\",\"@id\":\"https:\\\/\\\/help.jamk.fi\\\/tietosuoja\\\/fi\\\/turvallisuus\\\/kameravalvonta-sahkoinen-tenttitila-tietosuojaseloste\\\/\",\"url\":\"https:\\\/\\\/help.jamk.fi\\\/tietosuoja\\\/fi\\\/turvallisuus\\\/kameravalvonta-sahkoinen-tenttitila-tietosuojaseloste\\\/\",\"name\":\"Tietosuojaseloste - Kameravalvonta (S\u00e4hk\u00f6inen tenttitila) - Tietosuoja\",\"isPartOf\":{\"@id\":\"https:\\\/\\\/help.jamk.fi\\\/tietosuoja\\\/#website\"},\"datePublished\":\"2019-02-11T06:00:17+00:00\",\"dateModified\":\"2024-01-23T13:34:04+00:00\",\"breadcrumb\":{\"@id\":\"https:\\\/\\\/help.jamk.fi\\\/tietosuoja\\\/fi\\\/turvallisuus\\\/kameravalvonta-sahkoinen-tenttitila-tietosuojaseloste\\\/#breadcrumb\"},\"inLanguage\":\"fi\",\"potentialAction\":[{\"@type\":\"ReadAction\",\"target\":[\"https:\\\/\\\/help.jamk.fi\\\/tietosuoja\\\/fi\\\/turvallisuus\\\/kameravalvonta-sahkoinen-tenttitila-tietosuojaseloste\\\/\"]}]},{\"@type\":\"BreadcrumbList\",\"@id\":\"https:\\\/\\\/help.jamk.fi\\\/tietosuoja\\\/fi\\\/turvallisuus\\\/kameravalvonta-sahkoinen-tenttitila-tietosuojaseloste\\\/#breadcrumb\",\"itemListElement\":[{\"@type\":\"ListItem\",\"position\":1,\"name\":\"Etusivu\",\"item\":\"https:\\\/\\\/help.jamk.fi\\\/tietosuoja\\\/fi\\\/\"},{\"@type\":\"ListItem\",\"position\":2,\"name\":\"Turvallisuus\",\"item\":\"https:\\\/\\\/help.jamk.fi\\\/tietosuoja\\\/fi\\\/turvallisuus\\\/\"},{\"@type\":\"ListItem\",\"position\":3,\"name\":\"Tietosuojaseloste &#8211; Kameravalvonta (S\u00e4hk\u00f6inen tenttitila)\"}]},{\"@type\":\"WebSite\",\"@id\":\"https:\\\/\\\/help.jamk.fi\\\/tietosuoja\\\/#website\",\"url\":\"https:\\\/\\\/help.jamk.fi\\\/tietosuoja\\\/\",\"name\":\"Tietosuoja\",\"description\":\"\",\"potentialAction\":[{\"@type\":\"SearchAction\",\"target\":{\"@type\":\"EntryPoint\",\"urlTemplate\":\"https:\\\/\\\/help.jamk.fi\\\/tietosuoja\\\/?s={search_term_string}\"},\"query-input\":{\"@type\":\"PropertyValueSpecification\",\"valueRequired\":true,\"valueName\":\"search_term_string\"}}],\"inLanguage\":\"fi\"}]}<\/script>\n<!-- \/ Yoast SEO plugin. -->","yoast_head_json":{"title":"Tietosuojaseloste - Kameravalvonta (S\u00e4hk\u00f6inen tenttitila) - Tietosuoja","robots":{"index":"index","follow":"follow","max-snippet":"max-snippet:-1","max-image-preview":"max-image-preview:large","max-video-preview":"max-video-preview:-1"},"canonical":"https:\/\/help.jamk.fi\/tietosuoja\/fi\/turvallisuus\/kameravalvonta-sahkoinen-tenttitila-tietosuojaseloste\/","og_locale":"fi_FI","og_type":"article","og_title":"Tietosuojaseloste - Kameravalvonta (S\u00e4hk\u00f6inen tenttitila) - Tietosuoja","og_description":"EU yleinen tietosuoja-asetus (2016\/679) P\u00e4ivitetty 11.2.2019 1 Rekisterin nimi S\u00e4hk\u00f6isen tenttitilan tallentava kameravalvonta (S\u00e4hk\u00f6inen tentti -tietosuojaseloste) 2 Rekisterinpit\u00e4j\u00e4 Jyv\u00e4skyl\u00e4n ammattikorkeakoulu Oy&nbsp;&nbsp;&nbsp;&nbsp;&nbsp;&nbsp;&nbsp;&nbsp;&nbsp;&nbsp;&nbsp;&nbsp;&nbsp;&nbsp;&nbsp;&nbsp;&nbsp;&nbsp;&nbsp;&nbsp;&nbsp;&nbsp;&nbsp;&nbsp;&nbsp;&nbsp;&nbsp;&nbsp;&nbsp;&nbsp;&nbsp;&nbsp;&nbsp;&nbsp;&nbsp;&nbsp;&nbsp;&nbsp;&nbsp;&nbsp;&nbsp;&nbsp;&nbsp;&nbsp;&nbsp;&nbsp;&nbsp;&nbsp;&nbsp;&nbsp;&nbsp;&nbsp;&nbsp;&nbsp;&nbsp;&nbsp;&nbsp;&nbsp;&nbsp;&nbsp;&nbsp;&nbsp;&nbsp;&nbsp;&nbsp;&nbsp;&nbsp;&nbsp; PL 207, 40101 Jyv\u00e4skyl\u00e4&nbsp;&nbsp;&nbsp;&nbsp;&nbsp;&nbsp;&nbsp;&nbsp;&nbsp;&nbsp;&nbsp;&nbsp;&nbsp;&nbsp;&nbsp;&nbsp;&nbsp;&nbsp;&nbsp;&nbsp;&nbsp;&nbsp;&nbsp;&nbsp;&nbsp;&nbsp;&nbsp;&nbsp;&nbsp;&nbsp;&nbsp;&nbsp;&nbsp;&nbsp;&nbsp;&nbsp;&nbsp;&nbsp;&nbsp;&nbsp;&nbsp;&nbsp;&nbsp;&nbsp;&nbsp;&nbsp;&nbsp;&nbsp;&nbsp;&nbsp;&nbsp;&nbsp;&nbsp;&nbsp;&nbsp;&nbsp;&nbsp;&nbsp;&nbsp;&nbsp;&nbsp;&nbsp;&nbsp;&nbsp;&nbsp;&nbsp;&nbsp;&nbsp;&nbsp;&nbsp;&nbsp;&nbsp;&nbsp;&nbsp;&nbsp;&nbsp;&nbsp;&nbsp;&nbsp;&nbsp;&nbsp;&nbsp;&nbsp;&nbsp;&nbsp;&nbsp;&nbsp; +358 20 743 8100 3 Yhteyshenkil\u00f6 rekisteri\u00e4 koskevissa asioissa, yhteystiedot virka-aikana 4 Henkil\u00f6tietojen k\u00e4sittelyn tarkoitus Tallentavan kameravalvontaj\u00e4rjestelm\u00e4 tarkoitus on 5 Rekisterin tietosis\u00e4lt\u00f6 6 K\u00e4sittelyperuste Yleinen etu ja julkinen valta (turvallisuus, [&hellip;]","og_url":"https:\/\/help.jamk.fi\/tietosuoja\/fi\/turvallisuus\/kameravalvonta-sahkoinen-tenttitila-tietosuojaseloste\/","og_site_name":"Tietosuoja","article_modified_time":"2024-01-23T13:34:04+00:00","twitter_card":"summary_large_image","twitter_misc":{"Arvioitu lukuaika":"3 minuuttia"},"schema":{"@context":"https:\/\/schema.org","@graph":[{"@type":"WebPage","@id":"https:\/\/help.jamk.fi\/tietosuoja\/fi\/turvallisuus\/kameravalvonta-sahkoinen-tenttitila-tietosuojaseloste\/","url":"https:\/\/help.jamk.fi\/tietosuoja\/fi\/turvallisuus\/kameravalvonta-sahkoinen-tenttitila-tietosuojaseloste\/","name":"Tietosuojaseloste - Kameravalvonta (S\u00e4hk\u00f6inen tenttitila) - Tietosuoja","isPartOf":{"@id":"https:\/\/help.jamk.fi\/tietosuoja\/#website"},"datePublished":"2019-02-11T06:00:17+00:00","dateModified":"2024-01-23T13:34:04+00:00","breadcrumb":{"@id":"https:\/\/help.jamk.fi\/tietosuoja\/fi\/turvallisuus\/kameravalvonta-sahkoinen-tenttitila-tietosuojaseloste\/#breadcrumb"},"inLanguage":"fi","potentialAction":[{"@type":"ReadAction","target":["https:\/\/help.jamk.fi\/tietosuoja\/fi\/turvallisuus\/kameravalvonta-sahkoinen-tenttitila-tietosuojaseloste\/"]}]},{"@type":"BreadcrumbList","@id":"https:\/\/help.jamk.fi\/tietosuoja\/fi\/turvallisuus\/kameravalvonta-sahkoinen-tenttitila-tietosuojaseloste\/#breadcrumb","itemListElement":[{"@type":"ListItem","position":1,"name":"Etusivu","item":"https:\/\/help.jamk.fi\/tietosuoja\/fi\/"},{"@type":"ListItem","position":2,"name":"Turvallisuus","item":"https:\/\/help.jamk.fi\/tietosuoja\/fi\/turvallisuus\/"},{"@type":"ListItem","position":3,"name":"Tietosuojaseloste &#8211; Kameravalvonta (S\u00e4hk\u00f6inen tenttitila)"}]},{"@type":"WebSite","@id":"https:\/\/help.jamk.fi\/tietosuoja\/#website","url":"https:\/\/help.jamk.fi\/tietosuoja\/","name":"Tietosuoja","description":"","potentialAction":[{"@type":"SearchAction","target":{"@type":"EntryPoint","urlTemplate":"https:\/\/help.jamk.fi\/tietosuoja\/?s={search_term_string}"},"query-input":{"@type":"PropertyValueSpecification","valueRequired":true,"valueName":"search_term_string"}}],"inLanguage":"fi"}]}},"_links":{"self":[{"href":"https:\/\/help.jamk.fi\/tietosuoja\/wp-json\/wp\/v2\/pages\/112","targetHints":{"allow":["GET"]}}],"collection":[{"href":"https:\/\/help.jamk.fi\/tietosuoja\/wp-json\/wp\/v2\/pages"}],"about":[{"href":"https:\/\/help.jamk.fi\/tietosuoja\/wp-json\/wp\/v2\/types\/page"}],"author":[{"embeddable":true,"href":"https:\/\/help.jamk.fi\/tietosuoja\/wp-json\/wp\/v2\/users\/178"}],"replies":[{"embeddable":true,"href":"https:\/\/help.jamk.fi\/tietosuoja\/wp-json\/wp\/v2\/comments?post=112"}],"version-history":[{"count":3,"href":"https:\/\/help.jamk.fi\/tietosuoja\/wp-json\/wp\/v2\/pages\/112\/revisions"}],"predecessor-version":[{"id":901,"href":"https:\/\/help.jamk.fi\/tietosuoja\/wp-json\/wp\/v2\/pages\/112\/revisions\/901"}],"up":[{"embeddable":true,"href":"https:\/\/help.jamk.fi\/tietosuoja\/wp-json\/wp\/v2\/pages\/550"}],"wp:attachment":[{"href":"https:\/\/help.jamk.fi\/tietosuoja\/wp-json\/wp\/v2\/media?parent=112"}],"wp:term":[{"taxonomy":"category","embeddable":true,"href":"https:\/\/help.jamk.fi\/tietosuoja\/wp-json\/wp\/v2\/categories?post=112"},{"taxonomy":"post_tag","embeddable":true,"href":"https:\/\/help.jamk.fi\/tietosuoja\/wp-json\/wp\/v2\/tags?post=112"}],"curies":[{"name":"wp","href":"https:\/\/api.w.org\/{rel}","templated":true}]}}