{"id":1132,"date":"2026-04-01T15:25:28","date_gmt":"2026-04-01T12:25:28","guid":{"rendered":"https:\/\/help.jamk.fi\/tietosuoja\/?page_id=1132"},"modified":"2026-04-09T14:15:43","modified_gmt":"2026-04-09T11:15:43","slug":"mahdollisuuksien-musiikkipedagogiikka-erikoistumiskoulutuksen-haun-tietosuojaseloste","status":"publish","type":"page","link":"https:\/\/help.jamk.fi\/tietosuoja\/fi\/mahdollisuuksien-musiikkipedagogiikka-erikoistumiskoulutuksen-haun-tietosuojaseloste\/","title":{"rendered":"Mahdollisuuksien musiikkipedagogiikka -erikoistumiskoulutuksen haun tietosuojaseloste"},"content":{"rendered":"\n<p>(<a href=\"http:\/\/eur-lex.europa.eu\/legal-content\/FI\/TXT\/?uri=uriserv:OJ.L_.2016.119.01.0001.01.FIN&amp;toc=OJ:L:2016:119:FULL\">EU yleinen tietosuoja-asetus (2016\/679)<\/a><\/p>\n\n\n\n<p>P\u00e4ivitetty: 1.4.2026<\/p>\n\n\n\n<h2 class=\"wp-block-heading\">1&nbsp;Rekisterin nimi<\/h2>\n\n\n\n<p>Mahdollisuuksien musiikkipedagogiikka -erikoistumiskoulutuksen hakuprosessin henkil\u00f6tietorekisteri<\/p>\n\n\n\n<h2 class=\"wp-block-heading\">2 Rekisterinpit\u00e4j\u00e4<\/h2>\n\n\n\n<p>Jyv\u00e4skyl\u00e4n ammattikorkeakoulu Oy<br>PL 207, 40101 Jyv\u00e4skyl\u00e4<br>+358 20 743 8100<br>Y-tunnus 1006550-2<\/p>\n\n\n\n<h2 class=\"wp-block-heading\">3 Yhteyshenkil\u00f6 rekisteri\u00e4 koskevissa asioissa, yhteystiedot virka-aikana<\/h2>\n\n\n\n<p>Niko Nyqvist,  Koulutussuunnittelija, Education Planner<br>Musiikki, Music<br>Hyvinvointi, School of Health and Social Studies<br>etunimi.sukunimi@jamk.fi<\/p>\n\n\n\n<p><\/p>\n\n\n\n<h2 class=\"wp-block-heading\">4 Henkil\u00f6tietojen k\u00e4sittelyn tarkoitus<\/h2>\n\n\n\n<p>Rekisterin tarkoituksena on Mahdollisuuksien musiikkipedagogiikka -erikoistumiskoulutuksen Jamkin hakuvaiheen toteuttaminen<\/p>\n\n\n\n<h2 class=\"wp-block-heading\">5&nbsp;Rekisterin tietosis\u00e4lt\u00f6<\/h2>\n\n\n\n<p>Rekisteriss\u00e4 k\u00e4sitell\u00e4\u00e4n seuraavia opiskelijan henkil\u00f6tietoja:<\/p>\n\n\n\n<ul class=\"wp-block-list\">\n<li>sukunimi<\/li>\n\n\n\n<li>etunimet<\/li>\n\n\n\n<li>puhelin<\/li>\n\n\n\n<li>s\u00e4hk\u00f6posti<\/li>\n\n\n\n<li>koulutus<\/li>\n\n\n\n<li>ty\u00f6nantaja(t), ty\u00f6teht\u00e4v\u00e4t ja teht\u00e4v\u00e4nimike<\/li>\n\n\n\n<li>ty\u00f6kokemus (selvitys)<\/li>\n\n\n\n<li>motivaatio ja kiinnostus opintoihin<\/li>\n\n\n\n<li>muu kokemus opiskeltavasta aiheesta<\/li>\n<\/ul>\n\n\n\n<h2 class=\"wp-block-heading\">6 K\u00e4sittelyperuste<\/h2>\n\n\n\n<p>Lakis\u00e4\u00e4teinen velvoite ja&nbsp;rekisterinpit\u00e4j\u00e4n oikeutettu etu<\/p>\n\n\n\n<h2 class=\"wp-block-heading\">7&nbsp; S\u00e4\u00e4nn\u00f6nmukaiset tietol\u00e4hteet<\/h2>\n\n\n\n<ul class=\"wp-block-list\">\n<li>Rekister\u00f6ity itse<\/li>\n<\/ul>\n\n\n\n<h2 class=\"wp-block-heading\">8 S\u00e4\u00e4nn\u00f6nmukaiset tietojen luovutukset ja tietojen siirto EU:n tai Euroopan talousalueen ulkopuolelle<\/h2>\n\n\n\n<p>Jamk siirt\u00e4\u00e4 koulutukseen valittujen ja paikan vastaanottaneiden henkil\u00f6tiedot erikoistumiskoulutuksen yhteisten verkko-osuuksien toteuttamista varten Metropolia Ammattikorkeakoululle, joka k\u00e4sittelee henkil\u00f6tietoja oman tietosuojailmoituksensa perusteella. <\/p>\n\n\n\n<p>Tietoja ei siirret\u00e4 EU:n tai ETA-alueen ulkopuolelle eik\u00e4 kansainv\u00e4lisille j\u00e4rjest\u00f6ille.<\/p>\n\n\n\n<p><\/p>\n\n\n\n<h2 class=\"wp-block-heading\">9&nbsp;Rekisterin suojauksen periaatteet<\/h2>\n\n\n\n<p>J\u00e4rjestelm\u00e4\u00e4n p\u00e4\u00e4sy on rajattu Jamkissa ty\u00f6teht\u00e4vien mukaisesti tietyille henkil\u00f6ille. J\u00e4rjestelm\u00e4n k\u00e4ytt\u00f6 edellytt\u00e4\u00e4 henkil\u00f6kohtaista k\u00e4ytt\u00e4j\u00e4tunnusta ja salasanaa.<\/p>\n\n\n\n<p><\/p>\n\n\n\n<h2 class=\"wp-block-heading\">10&nbsp;Henkil\u00f6tietojen s\u00e4ilytt\u00e4misaika tai s\u00e4ilytt\u00e4misajan m\u00e4\u00e4ritt\u00e4miskriteerit<\/h2>\n\n\n\n<p>Henkil\u00f6tiedot s\u00e4ilytet\u00e4\u00e4n Jamkin asianhallintaj\u00e4rjestelm\u00e4ss\u00e4 15 vuoden ajan. Valituksi tulleiden tiedot s\u00e4ilytet\u00e4\u00e4n opiskelija- ja opintotietoj\u00e4rjestelm\u00e4ss\u00e4 pysyv\u00e4sti.<\/p>\n\n\n\n<h2 class=\"wp-block-heading\">11 Profilointi ja automaattinen p\u00e4\u00e4t\u00f6ksenteko<\/h2>\n\n\n\n<p>Henkil\u00f6tietoihin liittyv\u00e4\u00e4 automatisoitua profilointia ei tehd\u00e4.<\/p>\n\n\n\n<h2 class=\"wp-block-heading\">12 Rekister\u00f6idyn oikeudet ja niiden mahdollinen rajoittaminen<\/h2>\n\n\n\n<p>Tietoa tietosuojavastaavasta ja rekister\u00f6idyn oikeuksista ja niiden toteuttamisesta&nbsp;kerrotaan&nbsp;<a href=\"https:\/\/www.jamk.fi\/fi\/jamk\/tietosuoja-jamkissa\">Jamkin tietosuojalausekkeessa<\/a>&nbsp;ja&nbsp;<a href=\"https:\/\/www.jamk.fi\/fi\/tietosuoja-jamkissa#rekisteridyn-oikeudet\">Rekister\u00f6idyn oikeudet<\/a>-sivulla.<\/p>\n\n\n\n<p><\/p>\n","protected":false},"excerpt":{"rendered":"<p>(EU yleinen tietosuoja-asetus (2016\/679) P\u00e4ivitetty: 1.4.2026 1&nbsp;Rekisterin nimi Mahdollisuuksien musiikkipedagogiikka -erikoistumiskoulutuksen hakuprosessin henkil\u00f6tietorekisteri 2 Rekisterinpit\u00e4j\u00e4 Jyv\u00e4skyl\u00e4n ammattikorkeakoulu OyPL 207, 40101 Jyv\u00e4skyl\u00e4+358 20 743 8100Y-tunnus 1006550-2 3 Yhteyshenkil\u00f6 rekisteri\u00e4 koskevissa asioissa, yhteystiedot virka-aikana Niko Nyqvist, Koulutussuunnittelija, Education PlannerMusiikki, MusicHyvinvointi, School of Health and Social Studiesetunimi.sukunimi@jamk.fi 4 Henkil\u00f6tietojen k\u00e4sittelyn tarkoitus Rekisterin tarkoituksena on Mahdollisuuksien musiikkipedagogiikka -erikoistumiskoulutuksen Jamkin [&hellip;]<\/p>\n","protected":false},"author":471,"featured_media":0,"parent":0,"menu_order":8,"comment_status":"closed","ping_status":"closed","template":"","meta":{"_acf_changed":false,"_relevanssi_hide_post":"on","_relevanssi_hide_content":"","_relevanssi_pin_for_all":"","_relevanssi_pin_keywords":"","_relevanssi_unpin_keywords":"","_relevanssi_related_keywords":"","_relevanssi_related_include_ids":"","_relevanssi_related_exclude_ids":"","_relevanssi_related_no_append":"","_relevanssi_related_not_related":"","_relevanssi_related_posts":"","_relevanssi_noindex_reason":"Yoast SEO Relevanssin indeksointiesto","footnotes":""},"categories":[1],"tags":[398,396,76],"class_list":["post-1132","page","type-page","status-publish","hentry","category-yleinen","tag-erikoistumiskoulutus","tag-musiikkipedagogiikka","tag-tietosuojaseloste"],"acf":[],"yoast_head":"<!-- This site is optimized with the Yoast SEO plugin v27.4 - https:\/\/yoast.com\/product\/yoast-seo-wordpress\/ -->\n<title>Mahdollisuuksien musiikkipedagogiikka -erikoistumiskoulutuksen haun tietosuojaseloste - Tietosuoja<\/title>\n<meta name=\"robots\" content=\"index, follow, max-snippet:-1, max-image-preview:large, max-video-preview:-1\" \/>\n<link rel=\"canonical\" href=\"https:\/\/help.jamk.fi\/tietosuoja\/fi\/mahdollisuuksien-musiikkipedagogiikka-erikoistumiskoulutuksen-haun-tietosuojaseloste\/\" \/>\n<meta property=\"og:locale\" content=\"fi_FI\" \/>\n<meta property=\"og:type\" content=\"article\" \/>\n<meta property=\"og:title\" content=\"Mahdollisuuksien musiikkipedagogiikka -erikoistumiskoulutuksen haun tietosuojaseloste - Tietosuoja\" \/>\n<meta property=\"og:description\" content=\"(EU yleinen tietosuoja-asetus (2016\/679) P\u00e4ivitetty: 1.4.2026 1&nbsp;Rekisterin nimi Mahdollisuuksien musiikkipedagogiikka -erikoistumiskoulutuksen hakuprosessin henkil\u00f6tietorekisteri 2 Rekisterinpit\u00e4j\u00e4 Jyv\u00e4skyl\u00e4n ammattikorkeakoulu OyPL 207, 40101 Jyv\u00e4skyl\u00e4+358 20 743 8100Y-tunnus 1006550-2 3 Yhteyshenkil\u00f6 rekisteri\u00e4 koskevissa asioissa, yhteystiedot virka-aikana Niko Nyqvist, Koulutussuunnittelija, Education PlannerMusiikki, MusicHyvinvointi, School of Health and Social Studiesetunimi.sukunimi@jamk.fi 4 Henkil\u00f6tietojen k\u00e4sittelyn tarkoitus Rekisterin tarkoituksena on Mahdollisuuksien musiikkipedagogiikka -erikoistumiskoulutuksen Jamkin [&hellip;]\" \/>\n<meta property=\"og:url\" content=\"https:\/\/help.jamk.fi\/tietosuoja\/fi\/mahdollisuuksien-musiikkipedagogiikka-erikoistumiskoulutuksen-haun-tietosuojaseloste\/\" \/>\n<meta property=\"og:site_name\" content=\"Tietosuoja\" \/>\n<meta property=\"article:modified_time\" content=\"2026-04-09T11:15:43+00:00\" \/>\n<meta name=\"twitter:card\" content=\"summary_large_image\" \/>\n<meta name=\"twitter:label1\" content=\"Arvioitu lukuaika\" \/>\n\t<meta name=\"twitter:data1\" content=\"2 minuuttia\" \/>\n<script type=\"application\/ld+json\" class=\"yoast-schema-graph\">{\"@context\":\"https:\\\/\\\/schema.org\",\"@graph\":[{\"@type\":\"WebPage\",\"@id\":\"https:\\\/\\\/help.jamk.fi\\\/tietosuoja\\\/fi\\\/mahdollisuuksien-musiikkipedagogiikka-erikoistumiskoulutuksen-haun-tietosuojaseloste\\\/\",\"url\":\"https:\\\/\\\/help.jamk.fi\\\/tietosuoja\\\/fi\\\/mahdollisuuksien-musiikkipedagogiikka-erikoistumiskoulutuksen-haun-tietosuojaseloste\\\/\",\"name\":\"Mahdollisuuksien musiikkipedagogiikka -erikoistumiskoulutuksen haun tietosuojaseloste - Tietosuoja\",\"isPartOf\":{\"@id\":\"https:\\\/\\\/help.jamk.fi\\\/tietosuoja\\\/#website\"},\"datePublished\":\"2026-04-01T12:25:28+00:00\",\"dateModified\":\"2026-04-09T11:15:43+00:00\",\"breadcrumb\":{\"@id\":\"https:\\\/\\\/help.jamk.fi\\\/tietosuoja\\\/fi\\\/mahdollisuuksien-musiikkipedagogiikka-erikoistumiskoulutuksen-haun-tietosuojaseloste\\\/#breadcrumb\"},\"inLanguage\":\"fi\",\"potentialAction\":[{\"@type\":\"ReadAction\",\"target\":[\"https:\\\/\\\/help.jamk.fi\\\/tietosuoja\\\/fi\\\/mahdollisuuksien-musiikkipedagogiikka-erikoistumiskoulutuksen-haun-tietosuojaseloste\\\/\"]}]},{\"@type\":\"BreadcrumbList\",\"@id\":\"https:\\\/\\\/help.jamk.fi\\\/tietosuoja\\\/fi\\\/mahdollisuuksien-musiikkipedagogiikka-erikoistumiskoulutuksen-haun-tietosuojaseloste\\\/#breadcrumb\",\"itemListElement\":[{\"@type\":\"ListItem\",\"position\":1,\"name\":\"Etusivu\",\"item\":\"https:\\\/\\\/help.jamk.fi\\\/tietosuoja\\\/fi\\\/\"},{\"@type\":\"ListItem\",\"position\":2,\"name\":\"Mahdollisuuksien musiikkipedagogiikka -erikoistumiskoulutuksen haun tietosuojaseloste\"}]},{\"@type\":\"WebSite\",\"@id\":\"https:\\\/\\\/help.jamk.fi\\\/tietosuoja\\\/#website\",\"url\":\"https:\\\/\\\/help.jamk.fi\\\/tietosuoja\\\/\",\"name\":\"Tietosuoja\",\"description\":\"\",\"potentialAction\":[{\"@type\":\"SearchAction\",\"target\":{\"@type\":\"EntryPoint\",\"urlTemplate\":\"https:\\\/\\\/help.jamk.fi\\\/tietosuoja\\\/?s={search_term_string}\"},\"query-input\":{\"@type\":\"PropertyValueSpecification\",\"valueRequired\":true,\"valueName\":\"search_term_string\"}}],\"inLanguage\":\"fi\"}]}<\/script>\n<!-- \/ Yoast SEO plugin. -->","yoast_head_json":{"title":"Mahdollisuuksien musiikkipedagogiikka -erikoistumiskoulutuksen haun tietosuojaseloste - Tietosuoja","robots":{"index":"index","follow":"follow","max-snippet":"max-snippet:-1","max-image-preview":"max-image-preview:large","max-video-preview":"max-video-preview:-1"},"canonical":"https:\/\/help.jamk.fi\/tietosuoja\/fi\/mahdollisuuksien-musiikkipedagogiikka-erikoistumiskoulutuksen-haun-tietosuojaseloste\/","og_locale":"fi_FI","og_type":"article","og_title":"Mahdollisuuksien musiikkipedagogiikka -erikoistumiskoulutuksen haun tietosuojaseloste - Tietosuoja","og_description":"(EU yleinen tietosuoja-asetus (2016\/679) P\u00e4ivitetty: 1.4.2026 1&nbsp;Rekisterin nimi Mahdollisuuksien musiikkipedagogiikka -erikoistumiskoulutuksen hakuprosessin henkil\u00f6tietorekisteri 2 Rekisterinpit\u00e4j\u00e4 Jyv\u00e4skyl\u00e4n ammattikorkeakoulu OyPL 207, 40101 Jyv\u00e4skyl\u00e4+358 20 743 8100Y-tunnus 1006550-2 3 Yhteyshenkil\u00f6 rekisteri\u00e4 koskevissa asioissa, yhteystiedot virka-aikana Niko Nyqvist, Koulutussuunnittelija, Education PlannerMusiikki, MusicHyvinvointi, School of Health and Social Studiesetunimi.sukunimi@jamk.fi 4 Henkil\u00f6tietojen k\u00e4sittelyn tarkoitus Rekisterin tarkoituksena on Mahdollisuuksien musiikkipedagogiikka -erikoistumiskoulutuksen Jamkin [&hellip;]","og_url":"https:\/\/help.jamk.fi\/tietosuoja\/fi\/mahdollisuuksien-musiikkipedagogiikka-erikoistumiskoulutuksen-haun-tietosuojaseloste\/","og_site_name":"Tietosuoja","article_modified_time":"2026-04-09T11:15:43+00:00","twitter_card":"summary_large_image","twitter_misc":{"Arvioitu lukuaika":"2 minuuttia"},"schema":{"@context":"https:\/\/schema.org","@graph":[{"@type":"WebPage","@id":"https:\/\/help.jamk.fi\/tietosuoja\/fi\/mahdollisuuksien-musiikkipedagogiikka-erikoistumiskoulutuksen-haun-tietosuojaseloste\/","url":"https:\/\/help.jamk.fi\/tietosuoja\/fi\/mahdollisuuksien-musiikkipedagogiikka-erikoistumiskoulutuksen-haun-tietosuojaseloste\/","name":"Mahdollisuuksien musiikkipedagogiikka -erikoistumiskoulutuksen haun tietosuojaseloste - Tietosuoja","isPartOf":{"@id":"https:\/\/help.jamk.fi\/tietosuoja\/#website"},"datePublished":"2026-04-01T12:25:28+00:00","dateModified":"2026-04-09T11:15:43+00:00","breadcrumb":{"@id":"https:\/\/help.jamk.fi\/tietosuoja\/fi\/mahdollisuuksien-musiikkipedagogiikka-erikoistumiskoulutuksen-haun-tietosuojaseloste\/#breadcrumb"},"inLanguage":"fi","potentialAction":[{"@type":"ReadAction","target":["https:\/\/help.jamk.fi\/tietosuoja\/fi\/mahdollisuuksien-musiikkipedagogiikka-erikoistumiskoulutuksen-haun-tietosuojaseloste\/"]}]},{"@type":"BreadcrumbList","@id":"https:\/\/help.jamk.fi\/tietosuoja\/fi\/mahdollisuuksien-musiikkipedagogiikka-erikoistumiskoulutuksen-haun-tietosuojaseloste\/#breadcrumb","itemListElement":[{"@type":"ListItem","position":1,"name":"Etusivu","item":"https:\/\/help.jamk.fi\/tietosuoja\/fi\/"},{"@type":"ListItem","position":2,"name":"Mahdollisuuksien musiikkipedagogiikka -erikoistumiskoulutuksen haun tietosuojaseloste"}]},{"@type":"WebSite","@id":"https:\/\/help.jamk.fi\/tietosuoja\/#website","url":"https:\/\/help.jamk.fi\/tietosuoja\/","name":"Tietosuoja","description":"","potentialAction":[{"@type":"SearchAction","target":{"@type":"EntryPoint","urlTemplate":"https:\/\/help.jamk.fi\/tietosuoja\/?s={search_term_string}"},"query-input":{"@type":"PropertyValueSpecification","valueRequired":true,"valueName":"search_term_string"}}],"inLanguage":"fi"}]}},"_links":{"self":[{"href":"https:\/\/help.jamk.fi\/tietosuoja\/wp-json\/wp\/v2\/pages\/1132","targetHints":{"allow":["GET"]}}],"collection":[{"href":"https:\/\/help.jamk.fi\/tietosuoja\/wp-json\/wp\/v2\/pages"}],"about":[{"href":"https:\/\/help.jamk.fi\/tietosuoja\/wp-json\/wp\/v2\/types\/page"}],"author":[{"embeddable":true,"href":"https:\/\/help.jamk.fi\/tietosuoja\/wp-json\/wp\/v2\/users\/471"}],"replies":[{"embeddable":true,"href":"https:\/\/help.jamk.fi\/tietosuoja\/wp-json\/wp\/v2\/comments?post=1132"}],"version-history":[{"count":3,"href":"https:\/\/help.jamk.fi\/tietosuoja\/wp-json\/wp\/v2\/pages\/1132\/revisions"}],"predecessor-version":[{"id":1135,"href":"https:\/\/help.jamk.fi\/tietosuoja\/wp-json\/wp\/v2\/pages\/1132\/revisions\/1135"}],"wp:attachment":[{"href":"https:\/\/help.jamk.fi\/tietosuoja\/wp-json\/wp\/v2\/media?parent=1132"}],"wp:term":[{"taxonomy":"category","embeddable":true,"href":"https:\/\/help.jamk.fi\/tietosuoja\/wp-json\/wp\/v2\/categories?post=1132"},{"taxonomy":"post_tag","embeddable":true,"href":"https:\/\/help.jamk.fi\/tietosuoja\/wp-json\/wp\/v2\/tags?post=1132"}],"curies":[{"name":"wp","href":"https:\/\/api.w.org\/{rel}","templated":true}]}}