{"id":1136,"date":"2026-04-08T10:21:38","date_gmt":"2026-04-08T07:21:38","guid":{"rendered":"https:\/\/help.jamk.fi\/tietosuoja\/?page_id=1136"},"modified":"2026-04-08T10:21:38","modified_gmt":"2026-04-08T07:21:38","slug":"yamk-valintakoe-videoportfoliona-tietosuojaseloste","status":"publish","type":"page","link":"https:\/\/help.jamk.fi\/tietosuoja\/fi\/yamk-valintakoe-videoportfoliona-tietosuojaseloste\/","title":{"rendered":"YAMK-valintakoe videoportfoliona \u2013 tietosuojaseloste"},"content":{"rendered":"\n<p><\/p>\n\n\n\n<p>\u00a0EU -tietosuoja-asetus (2016\/679)<br>P\u00e4ivitetty 8.4.2026<\/p>\n\n\n\n<h2 class=\"wp-block-heading\"><strong>1 Rekisterin nimi<\/strong><\/h2>\n\n\n\n<p>YAMK-valintakokeen kev\u00e4t 2026 henkil\u00f6tietorekisteri<\/p>\n\n\n\n<h2 class=\"wp-block-heading\"><strong>2 Rekisterinpit\u00e4j\u00e4<\/strong><\/h2>\n\n\n\n<p>Jyv\u00e4skyl\u00e4n Ammattikorkeakoulu Oy (Jamk)<br>PL 207, 40101 Jyv\u00e4skyl\u00e4<br>+358 20 743 8100<\/p>\n\n\n\n<h2 class=\"wp-block-heading\"><strong>3 Yhteyshenkil\u00f6 rekisteri\u00e4 koskevissa asioissa, yhteystiedot virka-aikana<\/strong><\/h2>\n\n\n\n<p>Hallintojohtaja Mikko Salminen (<a href=\"mailto:mikko.salminen@jamk.fi\">mikko.salminen@jamk.fi<\/a>)<\/p>\n\n\n\n<h2 class=\"wp-block-heading\"><strong>4 Henkil\u00f6tietojen k\u00e4sittely ja sen tarkoitus<\/strong><\/h2>\n\n\n\n<p>Ylempien AMK-tutkintojen hakuvaiheen toteuttaminen<\/p>\n\n\n\n<h2 class=\"wp-block-heading\"><strong>5 Rekisterin tietosis\u00e4lt\u00f6<\/strong><\/h2>\n\n\n\n<p>Rekister\u00f6ity itse antaa seuraavat tiedot:<br>sukunimi<br>etunimet<br>kutsumanimi<br>ty\u00f6nantaja ja teht\u00e4v\u00e4nimike<br>pohjakoulutus<br>aiempi ty\u00f6kokemus<br>henkil\u00f6n kasvokuva\/video<br>henkil\u00f6n \u00e4\u00e4ni videolla<br>henkil\u00f6n videolla esitt\u00e4m\u00e4 materiaali<\/p>\n\n\n\n<h2 class=\"wp-block-heading\"><strong>6 K\u00e4sittelyperuste<\/strong><\/h2>\n\n\n\n<p>Henkil\u00f6tietojen k\u00e4sittelyperuste on lakis\u00e4\u00e4teinen teht\u00e4v\u00e4\/velvoite sek\u00e4 rekisterinpit\u00e4j\u00e4n oikeutettu etu.<\/p>\n\n\n\n<h2 class=\"wp-block-heading\"><strong>7 S\u00e4\u00e4nn\u00f6nmukaiset tietol\u00e4hteet<\/strong><\/h2>\n\n\n\n<p>Rekister\u00f6ity itse<\/p>\n\n\n\n<h2 class=\"wp-block-heading\"><strong>8 S\u00e4\u00e4nn\u00f6nmukaiset tietojen luovutukset ja tietojen siirto EU:n tai Euroopan talousalueen ulkopuolelle<\/strong><\/h2>\n\n\n\n<p>Ei tietojen luovutuksia.<\/p>\n\n\n\n<h2 class=\"wp-block-heading\"><strong>9 Rekisterin suojauksen periaatteet<\/strong><\/h2>\n\n\n\n<p>J\u00e4rjestelm\u00e4\u00e4n p\u00e4\u00e4sy on rajattu Jamkissa ty\u00f6teht\u00e4vien mukaisesti tietyille henkil\u00f6ille. J\u00e4rjestelm\u00e4n k\u00e4ytt\u00f6 edellytt\u00e4\u00e4 henkil\u00f6kohtaista k\u00e4ytt\u00e4j\u00e4tunnusta ja salasanaa.<\/p>\n\n\n\n<h2 class=\"wp-block-heading\"><strong>10 Henkil\u00f6tietojen s\u00e4ilytt\u00e4misaika tai s\u00e4ilytt\u00e4misajan m\u00e4\u00e4ritt\u00e4miskriteerit<\/strong><\/h2>\n\n\n\n<p>Henkil\u00f6tietoja s\u00e4ilytet\u00e4\u00e4n seuraavin ehdoin:<br><br><strong>Kaksi (2) vuotta s\u00e4ilytett\u00e4v\u00e4t<\/strong><br>Kirjalliset valintakoevastaukset, videot ja valintakokeiden tulosluettelot<br>(koulutuskoordinaattori)<br><br><strong>Opiskeluajan (6 v) s\u00e4ilytett\u00e4v\u00e4t<\/strong><br>Kuusi vuotta Valintakokeiden tulosluettelot (Tweb)<br>Valituksi tulleiden tiedot s\u00e4ilytet\u00e4\u00e4n opiskelija- ja opintotietoj\u00e4rjestelm\u00e4ss\u00e4 pysyv\u00e4sti.<\/p>\n\n\n\n<h2 class=\"wp-block-heading\"><br><strong>11 Profilointi ja automaattinen p\u00e4\u00e4t\u00f6ksenteko<\/strong><\/h2>\n\n\n\n<p>Henkil\u00f6tietoihin liittyv\u00e4\u00e4 automatisoitua profilointia ei tehd\u00e4.<\/p>\n\n\n\n<h2 class=\"wp-block-heading\"><br><strong>12 Rekister\u00f6idyn oikeudet<\/strong><\/h2>\n\n\n\n<p>Lis\u00e4tietoa tietosuojasta ja rekister\u00f6idyn oikeuksista ja niiden toteuttamisesta kerrotaan <a href=\"https:\/\/www.jamk.fi\/fi\/tietosuoja-jamkissa\">Tietosuoja Jamkissa -sivulla<\/a>.<br>\u00a0<\/p>\n","protected":false},"excerpt":{"rendered":"<p>\u00a0EU -tietosuoja-asetus (2016\/679)P\u00e4ivitetty 8.4.2026 1 Rekisterin nimi YAMK-valintakokeen kev\u00e4t 2026 henkil\u00f6tietorekisteri 2 Rekisterinpit\u00e4j\u00e4 Jyv\u00e4skyl\u00e4n Ammattikorkeakoulu Oy (Jamk)PL 207, 40101 Jyv\u00e4skyl\u00e4+358 20 743 8100 3 Yhteyshenkil\u00f6 rekisteri\u00e4 koskevissa asioissa, yhteystiedot virka-aikana Hallintojohtaja Mikko Salminen (mikko.salminen@jamk.fi) 4 Henkil\u00f6tietojen k\u00e4sittely ja sen tarkoitus Ylempien AMK-tutkintojen hakuvaiheen toteuttaminen 5 Rekisterin tietosis\u00e4lt\u00f6 Rekister\u00f6ity itse antaa seuraavat tiedot:sukunimietunimetkutsumanimity\u00f6nantaja ja teht\u00e4v\u00e4nimikepohjakoulutusaiempi ty\u00f6kokemushenkil\u00f6n [&hellip;]<\/p>\n","protected":false},"author":471,"featured_media":0,"parent":0,"menu_order":0,"comment_status":"closed","ping_status":"closed","template":"","meta":{"_acf_changed":false,"_relevanssi_hide_post":"","_relevanssi_hide_content":"","_relevanssi_pin_for_all":"","_relevanssi_pin_keywords":"","_relevanssi_unpin_keywords":"","_relevanssi_related_keywords":"","_relevanssi_related_include_ids":"","_relevanssi_related_exclude_ids":"","_relevanssi_related_no_append":"","_relevanssi_related_not_related":"","_relevanssi_related_posts":"","_relevanssi_noindex_reason":"","footnotes":""},"categories":[],"tags":[],"class_list":["post-1136","page","type-page","status-publish","hentry"],"acf":[],"yoast_head":"<!-- This site is optimized with the Yoast SEO plugin v27.3 - https:\/\/yoast.com\/product\/yoast-seo-wordpress\/ -->\n<title>YAMK-valintakoe videoportfoliona \u2013 tietosuojaseloste - Tietosuoja<\/title>\n<meta name=\"robots\" content=\"index, follow, max-snippet:-1, max-image-preview:large, max-video-preview:-1\" \/>\n<link rel=\"canonical\" href=\"https:\/\/help.jamk.fi\/tietosuoja\/fi\/yamk-valintakoe-videoportfoliona-tietosuojaseloste\/\" \/>\n<meta property=\"og:locale\" content=\"fi_FI\" \/>\n<meta property=\"og:type\" content=\"article\" \/>\n<meta property=\"og:title\" content=\"YAMK-valintakoe videoportfoliona \u2013 tietosuojaseloste - Tietosuoja\" \/>\n<meta property=\"og:description\" content=\"\u00a0EU -tietosuoja-asetus (2016\/679)P\u00e4ivitetty 8.4.2026 1 Rekisterin nimi YAMK-valintakokeen kev\u00e4t 2026 henkil\u00f6tietorekisteri 2 Rekisterinpit\u00e4j\u00e4 Jyv\u00e4skyl\u00e4n Ammattikorkeakoulu Oy (Jamk)PL 207, 40101 Jyv\u00e4skyl\u00e4+358 20 743 8100 3 Yhteyshenkil\u00f6 rekisteri\u00e4 koskevissa asioissa, yhteystiedot virka-aikana Hallintojohtaja Mikko Salminen (mikko.salminen@jamk.fi) 4 Henkil\u00f6tietojen k\u00e4sittely ja sen tarkoitus Ylempien AMK-tutkintojen hakuvaiheen toteuttaminen 5 Rekisterin tietosis\u00e4lt\u00f6 Rekister\u00f6ity itse antaa seuraavat tiedot:sukunimietunimetkutsumanimity\u00f6nantaja ja teht\u00e4v\u00e4nimikepohjakoulutusaiempi ty\u00f6kokemushenkil\u00f6n [&hellip;]\" \/>\n<meta property=\"og:url\" content=\"https:\/\/help.jamk.fi\/tietosuoja\/fi\/yamk-valintakoe-videoportfoliona-tietosuojaseloste\/\" \/>\n<meta property=\"og:site_name\" content=\"Tietosuoja\" \/>\n<meta name=\"twitter:card\" content=\"summary_large_image\" \/>\n<meta name=\"twitter:label1\" content=\"Arvioitu lukuaika\" \/>\n\t<meta name=\"twitter:data1\" content=\"2 minuuttia\" \/>\n<script type=\"application\/ld+json\" class=\"yoast-schema-graph\">{\"@context\":\"https:\\\/\\\/schema.org\",\"@graph\":[{\"@type\":\"WebPage\",\"@id\":\"https:\\\/\\\/help.jamk.fi\\\/tietosuoja\\\/fi\\\/yamk-valintakoe-videoportfoliona-tietosuojaseloste\\\/\",\"url\":\"https:\\\/\\\/help.jamk.fi\\\/tietosuoja\\\/fi\\\/yamk-valintakoe-videoportfoliona-tietosuojaseloste\\\/\",\"name\":\"YAMK-valintakoe videoportfoliona \u2013 tietosuojaseloste - Tietosuoja\",\"isPartOf\":{\"@id\":\"https:\\\/\\\/help.jamk.fi\\\/tietosuoja\\\/#website\"},\"datePublished\":\"2026-04-08T07:21:38+00:00\",\"breadcrumb\":{\"@id\":\"https:\\\/\\\/help.jamk.fi\\\/tietosuoja\\\/fi\\\/yamk-valintakoe-videoportfoliona-tietosuojaseloste\\\/#breadcrumb\"},\"inLanguage\":\"fi\",\"potentialAction\":[{\"@type\":\"ReadAction\",\"target\":[\"https:\\\/\\\/help.jamk.fi\\\/tietosuoja\\\/fi\\\/yamk-valintakoe-videoportfoliona-tietosuojaseloste\\\/\"]}]},{\"@type\":\"BreadcrumbList\",\"@id\":\"https:\\\/\\\/help.jamk.fi\\\/tietosuoja\\\/fi\\\/yamk-valintakoe-videoportfoliona-tietosuojaseloste\\\/#breadcrumb\",\"itemListElement\":[{\"@type\":\"ListItem\",\"position\":1,\"name\":\"Etusivu\",\"item\":\"https:\\\/\\\/help.jamk.fi\\\/tietosuoja\\\/fi\\\/\"},{\"@type\":\"ListItem\",\"position\":2,\"name\":\"YAMK-valintakoe videoportfoliona \u2013 tietosuojaseloste\"}]},{\"@type\":\"WebSite\",\"@id\":\"https:\\\/\\\/help.jamk.fi\\\/tietosuoja\\\/#website\",\"url\":\"https:\\\/\\\/help.jamk.fi\\\/tietosuoja\\\/\",\"name\":\"Tietosuoja\",\"description\":\"\",\"potentialAction\":[{\"@type\":\"SearchAction\",\"target\":{\"@type\":\"EntryPoint\",\"urlTemplate\":\"https:\\\/\\\/help.jamk.fi\\\/tietosuoja\\\/?s={search_term_string}\"},\"query-input\":{\"@type\":\"PropertyValueSpecification\",\"valueRequired\":true,\"valueName\":\"search_term_string\"}}],\"inLanguage\":\"fi\"}]}<\/script>\n<!-- \/ Yoast SEO plugin. -->","yoast_head_json":{"title":"YAMK-valintakoe videoportfoliona \u2013 tietosuojaseloste - Tietosuoja","robots":{"index":"index","follow":"follow","max-snippet":"max-snippet:-1","max-image-preview":"max-image-preview:large","max-video-preview":"max-video-preview:-1"},"canonical":"https:\/\/help.jamk.fi\/tietosuoja\/fi\/yamk-valintakoe-videoportfoliona-tietosuojaseloste\/","og_locale":"fi_FI","og_type":"article","og_title":"YAMK-valintakoe videoportfoliona \u2013 tietosuojaseloste - Tietosuoja","og_description":"\u00a0EU -tietosuoja-asetus (2016\/679)P\u00e4ivitetty 8.4.2026 1 Rekisterin nimi YAMK-valintakokeen kev\u00e4t 2026 henkil\u00f6tietorekisteri 2 Rekisterinpit\u00e4j\u00e4 Jyv\u00e4skyl\u00e4n Ammattikorkeakoulu Oy (Jamk)PL 207, 40101 Jyv\u00e4skyl\u00e4+358 20 743 8100 3 Yhteyshenkil\u00f6 rekisteri\u00e4 koskevissa asioissa, yhteystiedot virka-aikana Hallintojohtaja Mikko Salminen (mikko.salminen@jamk.fi) 4 Henkil\u00f6tietojen k\u00e4sittely ja sen tarkoitus Ylempien AMK-tutkintojen hakuvaiheen toteuttaminen 5 Rekisterin tietosis\u00e4lt\u00f6 Rekister\u00f6ity itse antaa seuraavat tiedot:sukunimietunimetkutsumanimity\u00f6nantaja ja teht\u00e4v\u00e4nimikepohjakoulutusaiempi ty\u00f6kokemushenkil\u00f6n [&hellip;]","og_url":"https:\/\/help.jamk.fi\/tietosuoja\/fi\/yamk-valintakoe-videoportfoliona-tietosuojaseloste\/","og_site_name":"Tietosuoja","twitter_card":"summary_large_image","twitter_misc":{"Arvioitu lukuaika":"2 minuuttia"},"schema":{"@context":"https:\/\/schema.org","@graph":[{"@type":"WebPage","@id":"https:\/\/help.jamk.fi\/tietosuoja\/fi\/yamk-valintakoe-videoportfoliona-tietosuojaseloste\/","url":"https:\/\/help.jamk.fi\/tietosuoja\/fi\/yamk-valintakoe-videoportfoliona-tietosuojaseloste\/","name":"YAMK-valintakoe videoportfoliona \u2013 tietosuojaseloste - Tietosuoja","isPartOf":{"@id":"https:\/\/help.jamk.fi\/tietosuoja\/#website"},"datePublished":"2026-04-08T07:21:38+00:00","breadcrumb":{"@id":"https:\/\/help.jamk.fi\/tietosuoja\/fi\/yamk-valintakoe-videoportfoliona-tietosuojaseloste\/#breadcrumb"},"inLanguage":"fi","potentialAction":[{"@type":"ReadAction","target":["https:\/\/help.jamk.fi\/tietosuoja\/fi\/yamk-valintakoe-videoportfoliona-tietosuojaseloste\/"]}]},{"@type":"BreadcrumbList","@id":"https:\/\/help.jamk.fi\/tietosuoja\/fi\/yamk-valintakoe-videoportfoliona-tietosuojaseloste\/#breadcrumb","itemListElement":[{"@type":"ListItem","position":1,"name":"Etusivu","item":"https:\/\/help.jamk.fi\/tietosuoja\/fi\/"},{"@type":"ListItem","position":2,"name":"YAMK-valintakoe videoportfoliona \u2013 tietosuojaseloste"}]},{"@type":"WebSite","@id":"https:\/\/help.jamk.fi\/tietosuoja\/#website","url":"https:\/\/help.jamk.fi\/tietosuoja\/","name":"Tietosuoja","description":"","potentialAction":[{"@type":"SearchAction","target":{"@type":"EntryPoint","urlTemplate":"https:\/\/help.jamk.fi\/tietosuoja\/?s={search_term_string}"},"query-input":{"@type":"PropertyValueSpecification","valueRequired":true,"valueName":"search_term_string"}}],"inLanguage":"fi"}]}},"_links":{"self":[{"href":"https:\/\/help.jamk.fi\/tietosuoja\/wp-json\/wp\/v2\/pages\/1136","targetHints":{"allow":["GET"]}}],"collection":[{"href":"https:\/\/help.jamk.fi\/tietosuoja\/wp-json\/wp\/v2\/pages"}],"about":[{"href":"https:\/\/help.jamk.fi\/tietosuoja\/wp-json\/wp\/v2\/types\/page"}],"author":[{"embeddable":true,"href":"https:\/\/help.jamk.fi\/tietosuoja\/wp-json\/wp\/v2\/users\/471"}],"replies":[{"embeddable":true,"href":"https:\/\/help.jamk.fi\/tietosuoja\/wp-json\/wp\/v2\/comments?post=1136"}],"version-history":[{"count":1,"href":"https:\/\/help.jamk.fi\/tietosuoja\/wp-json\/wp\/v2\/pages\/1136\/revisions"}],"predecessor-version":[{"id":1137,"href":"https:\/\/help.jamk.fi\/tietosuoja\/wp-json\/wp\/v2\/pages\/1136\/revisions\/1137"}],"wp:attachment":[{"href":"https:\/\/help.jamk.fi\/tietosuoja\/wp-json\/wp\/v2\/media?parent=1136"}],"wp:term":[{"taxonomy":"category","embeddable":true,"href":"https:\/\/help.jamk.fi\/tietosuoja\/wp-json\/wp\/v2\/categories?post=1136"},{"taxonomy":"post_tag","embeddable":true,"href":"https:\/\/help.jamk.fi\/tietosuoja\/wp-json\/wp\/v2\/tags?post=1136"}],"curies":[{"name":"wp","href":"https:\/\/api.w.org\/{rel}","templated":true}]}}