{"id":114,"date":"2019-02-13T09:27:16","date_gmt":"2019-02-13T07:27:16","guid":{"rendered":"https:\/\/help.jamk.fi\/tietosuoja\/verkkokauppa-tietosuojaseloste\/"},"modified":"2023-12-18T12:34:09","modified_gmt":"2023-12-18T10:34:09","slug":"verkkokauppa-tietosuojaseloste","status":"publish","type":"page","link":"https:\/\/help.jamk.fi\/tietosuoja\/fi\/opiskelija-opetus\/verkkokauppa-tietosuojaseloste\/","title":{"rendered":"Tietosuojaseloste &#8211; Verkkokauppa"},"content":{"rendered":"\n<p>(<a href=\"http:\/\/eur-lex.europa.eu\/legal-content\/FI\/TXT\/?uri=uriserv:OJ.L_.2016.119.01.0001.01.FIN&amp;toc=OJ:L:2016:119:FULL\" target=\"_blank\" rel=\"noreferrer noopener\">EU -tietosuoja-asetus (2016\/679)<\/a><\/p>\n\n\n\n<p>P\u00e4ivitetty: 11.2.2019<\/p>\n\n\n\n<h2 class=\"wp-block-heading\">1\nRekisterin nimi<\/h2>\n\n\n\n<p>Verkkokauppa (pilotti)<\/p>\n\n\n\n<h2 class=\"wp-block-heading\">2\nRekisterinpit\u00e4j\u00e4<\/h2>\n\n\n\n<p>Jyv\u00e4skyl\u00e4n\nammattikorkeakoulu Oy<br>\nPL 207, 40101 Jyv\u00e4skyl\u00e4<br>\n+358 20 743 8100<\/p>\n\n\n\n<h2 class=\"wp-block-heading\">3\nYhteyshenkil\u00f6 rekisteri\u00e4 koskevissa asioissa, yhteystiedot virka-aikana<\/h2>\n\n\n\n<p>Rekisterist\u00e4 vastaava johtaja: Hallintojohtaja Mikko R Salminen<\/p>\n\n\n\n<p>Prosessin omistaja: Markkinointip\u00e4\u00e4llikk\u00f6 Heli Toivola  <br>Sis\u00e4ll\u00f6lliset p\u00e4\u00e4k\u00e4ytt\u00e4j\u00e4t: Markkinointisuunnittelija Nina Viertorinne<br>Tekninen p\u00e4\u00e4k\u00e4ytt\u00e4j\u00e4: J\u00e4rjestelm\u00e4suunnittelija Mika Oksanen<br>etunimi.sukunimi[a]jamk.fi <\/p>\n\n\n\n<h2 class=\"wp-block-heading\">4 Henkil\u00f6tietojen k\u00e4sittely ja sen tarkoitus<\/h2>\n\n\n\n<p>Avoimen\nAMK:n koulutusmyynti ja opintoihin ilmoittautuminen.<\/p>\n\n\n\n<h2 class=\"wp-block-heading\">5\nRekisterin tietosis\u00e4lt\u00f6<\/h2>\n\n\n\n<p>Henkil\u00f6 antaa itse seuraavat tiedot:<\/p>\n\n\n\n<ul class=\"wp-block-list\">\n<li>Nimi<\/li>\n\n\n\n<li>Syntym\u00e4aika&nbsp;<\/li>\n\n\n\n<li>Osoite<\/li>\n\n\n\n<li>Kotikunta<\/li>\n\n\n\n<li>S\u00e4hk\u00f6postiosoite<\/li>\n\n\n\n<li>Puhelinnumero<\/li>\n\n\n\n<li>Toiminimike<\/li>\n\n\n\n<li>Koulutustieto<\/li>\n<\/ul>\n\n\n\n<h2 class=\"wp-block-heading\">6\nK\u00e4sittelyperuste<\/h2>\n\n\n\n<p>Henkil\u00f6tietojen k\u00e4sittelyperuste on sopimus ja rekister\u00f6idyn suostumus. Suostumuksen voi peruuttaa olemalla yhteydess\u00e4 p\u00e4\u00e4k\u00e4ytt\u00e4j\u00e4\u00e4n.<\/p>\n\n\n\n<h2 class=\"wp-block-heading\">7\nS\u00e4\u00e4nn\u00f6nmukaiset tietol\u00e4hteet<\/h2>\n\n\n\n<p>Asiakas\nantaa tietonsa s\u00e4hk\u00f6isell\u00e4 lomakkeella ostotapahtuman yhteydess\u00e4. <\/p>\n\n\n\n<h2 class=\"wp-block-heading\">8\nS\u00e4\u00e4nn\u00f6nmukaiset tietojen luovutukset ja tietojen siirto EU:n tai Euroopan\ntalousalueen ulkopuolelle<\/h2>\n\n\n\n<p>Ilmoittautuneen tiedot siirret\u00e4\u00e4n ammattikorkeakoulun opiskelijarekisteriin. <\/p>\n\n\n\n<p>Henkil\u00f6tietojen k\u00e4sittely on ulkoistettu toimeksiantosopimuksella.  Verkkopalveluiden toimittaja k\u00e4sittelee henkil\u00f6tietoja rekisterinpit\u00e4j\u00e4  lukuun. <\/p>\n\n\n\n<p>Tietoja ei\nluovuteta s\u00e4\u00e4nn\u00f6nmukaisesti kolmansille tahoille. Tietoja ei siirret\u00e4 EU:n tai\nETA-alueen ulkopuolelle eik\u00e4 kansainv\u00e4lisille j\u00e4rjest\u00f6ille.<\/p>\n\n\n\n<h2 class=\"wp-block-heading\">9\nRekisterin suojauksen periaatteet<\/h2>\n\n\n\n<p>Rekisteri ei\ntule sis\u00e4lt\u00e4m\u00e4\u00e4n manuaalisesti ker\u00e4tt\u00e4v\u00e4\u00e4 aineistoa. <\/p>\n\n\n\n<p>J\u00e4rjestelm\u00e4\u00e4n p\u00e4\u00e4sy on rajattu Jamkissa ty\u00f6teht\u00e4vien mukaisesti tietyille henkil\u00f6ille. J\u00e4rjestelm\u00e4n k\u00e4ytt\u00f6 edellytt\u00e4\u00e4 henkil\u00f6kohtaista k\u00e4ytt\u00e4j\u00e4tunnusta ja salasanaa. <\/p>\n\n\n\n<p>Kaikki\npalvelimet sijaitsevat lukitussa ja p\u00e4\u00e4syvalvotussa konesalissa. Palvelimille\np\u00e4\u00e4sy sallitaan vain yll\u00e4pit\u00e4jille.<\/p>\n\n\n\n<h2 class=\"wp-block-heading\">10\nHenkil\u00f6tietojen s\u00e4ilytt\u00e4misaika tai s\u00e4ilytt\u00e4misajan m\u00e4\u00e4ritt\u00e4miskriteerit<\/h2>\n\n\n\n<p>Opiskelun mahdollistamiseksi henkil\u00f6tiedot siirret\u00e4\u00e4n Jyv\u00e4skyl\u00e4n ammattikorkeakoulun yll\u00e4pit\u00e4m\u00e4\u00e4n opintotietoj\u00e4rjestelm\u00e4\u00e4n, jossa niit\u00e4 s\u00e4ilytet\u00e4\u00e4n Jamkin tiedonohjaussuunnitelman mukaisesti. Virta- opintotietopalvelussa tietoja s\u00e4ilytet\u00e4\u00e4n pysyv\u00e4sti. Jamk s\u00e4ilytt\u00e4\u00e4 pysyv\u00e4sti s\u00e4hk\u00f6isesti opintorekisteriin liittyv\u00e4t tiedot (Kansallisarkiston p\u00e4\u00e4t\u00f6s <a href=\"https:\/\/kansallisarkisto.fi\/documents\/141232930\/151200857\/AMK+paatos+AL+20757+2016.pdf\/f946d98b-8c19-5875-57f0-65a695e48279\/AMK+paatos+AL+20757+2016.pdf?t=1681365096445\">AL\/20757\/07.01.01.03.02\/2016). <\/a><\/p>\n\n\n\n<p>Verkkokaupassa henkil\u00f6tiedot s\u00e4ilytet\u00e4\u00e4n pilotoinnin ajan,\njonka j\u00e4lkeen tiedot poistetaan.<\/p>\n\n\n\n<h2 class=\"wp-block-heading\">11\nProfilointi ja automaattinen p\u00e4\u00e4t\u00f6ksenteko<\/h2>\n\n\n\n<p>Henkil\u00f6tietoihin\nliittyv\u00e4\u00e4 automatisoitua profilointia ei tehd\u00e4.<\/p>\n\n\n\n<h2 class=\"wp-block-heading\">12\nRekister\u00f6idyn oikeudet<\/h2>\n\n\n\n<p>Lis\u00e4tietoa tietosuojavastaavasta ja rekister\u00f6idyn oikeuksista ja niiden toteuttamisesta&nbsp;kerrotaan <a rel=\"noreferrer noopener\" href=\"https:\/\/www.jamk.fi\/fi\/jamk\/tietosuoja-jamkissa\" target=\"_blank\">Jamkin tietosuojalausekkeessa<\/a> ja <a rel=\"noreferrer noopener\" href=\"https:\/\/www.jamk.fi\/fi\/jamk\/tietosuoja-jamkissa\" target=\"_blank\">Rekister\u00f6idyn oikeudet<\/a>-sivulla.<\/p>\n","protected":false},"excerpt":{"rendered":"<p>(EU -tietosuoja-asetus (2016\/679) P\u00e4ivitetty: 11.2.2019 1 Rekisterin nimi Verkkokauppa (pilotti) 2 Rekisterinpit\u00e4j\u00e4 Jyv\u00e4skyl\u00e4n ammattikorkeakoulu Oy PL 207, 40101 Jyv\u00e4skyl\u00e4 +358 20 743 8100 3 Yhteyshenkil\u00f6 rekisteri\u00e4 koskevissa asioissa, yhteystiedot virka-aikana Rekisterist\u00e4 vastaava johtaja: Hallintojohtaja Mikko R Salminen Prosessin omistaja: Markkinointip\u00e4\u00e4llikk\u00f6 Heli Toivola Sis\u00e4ll\u00f6lliset p\u00e4\u00e4k\u00e4ytt\u00e4j\u00e4t: Markkinointisuunnittelija Nina ViertorinneTekninen p\u00e4\u00e4k\u00e4ytt\u00e4j\u00e4: J\u00e4rjestelm\u00e4suunnittelija Mika Oksanenetunimi.sukunimi[a]jamk.fi 4 Henkil\u00f6tietojen k\u00e4sittely ja [&hellip;]<\/p>\n","protected":false},"author":178,"featured_media":0,"parent":541,"menu_order":0,"comment_status":"closed","ping_status":"closed","template":"","meta":{"_acf_changed":false,"_relevanssi_hide_post":"","_relevanssi_hide_content":"","_relevanssi_pin_for_all":"","_relevanssi_pin_keywords":"","_relevanssi_unpin_keywords":"","_relevanssi_related_keywords":"","_relevanssi_related_include_ids":"","_relevanssi_related_exclude_ids":"","_relevanssi_related_no_append":"","_relevanssi_related_not_related":"","_relevanssi_related_posts":"","_relevanssi_noindex_reason":"","footnotes":""},"categories":[],"tags":[22,255,28,58,76,261],"class_list":["post-114","page","type-page","status-publish","hentry","tag-gdpr","tag-henkilorekisteri","tag-henkilotieto","tag-tietosuoja","tag-tietosuojaseloste","tag-verkkokauppa"],"acf":[],"yoast_head":"<!-- This site is optimized with the Yoast SEO plugin v27.4 - https:\/\/yoast.com\/product\/yoast-seo-wordpress\/ -->\n<title>Tietosuojaseloste - Verkkokauppa - Tietosuoja<\/title>\n<meta name=\"robots\" content=\"index, follow, max-snippet:-1, max-image-preview:large, max-video-preview:-1\" \/>\n<link rel=\"canonical\" href=\"https:\/\/help.jamk.fi\/tietosuoja\/fi\/opiskelija-opetus\/verkkokauppa-tietosuojaseloste\/\" \/>\n<meta property=\"og:locale\" content=\"fi_FI\" \/>\n<meta property=\"og:type\" content=\"article\" \/>\n<meta property=\"og:title\" content=\"Tietosuojaseloste - Verkkokauppa - Tietosuoja\" \/>\n<meta property=\"og:description\" content=\"(EU -tietosuoja-asetus (2016\/679) P\u00e4ivitetty: 11.2.2019 1 Rekisterin nimi Verkkokauppa (pilotti) 2 Rekisterinpit\u00e4j\u00e4 Jyv\u00e4skyl\u00e4n ammattikorkeakoulu Oy PL 207, 40101 Jyv\u00e4skyl\u00e4 +358 20 743 8100 3 Yhteyshenkil\u00f6 rekisteri\u00e4 koskevissa asioissa, yhteystiedot virka-aikana Rekisterist\u00e4 vastaava johtaja: Hallintojohtaja Mikko R Salminen Prosessin omistaja: Markkinointip\u00e4\u00e4llikk\u00f6 Heli Toivola Sis\u00e4ll\u00f6lliset p\u00e4\u00e4k\u00e4ytt\u00e4j\u00e4t: Markkinointisuunnittelija Nina ViertorinneTekninen p\u00e4\u00e4k\u00e4ytt\u00e4j\u00e4: J\u00e4rjestelm\u00e4suunnittelija Mika Oksanenetunimi.sukunimi[a]jamk.fi 4 Henkil\u00f6tietojen k\u00e4sittely ja [&hellip;]\" \/>\n<meta property=\"og:url\" content=\"https:\/\/help.jamk.fi\/tietosuoja\/fi\/opiskelija-opetus\/verkkokauppa-tietosuojaseloste\/\" \/>\n<meta property=\"og:site_name\" content=\"Tietosuoja\" \/>\n<meta property=\"article:modified_time\" content=\"2023-12-18T10:34:09+00:00\" \/>\n<meta name=\"twitter:card\" content=\"summary_large_image\" \/>\n<meta name=\"twitter:label1\" content=\"Arvioitu lukuaika\" \/>\n\t<meta name=\"twitter:data1\" content=\"2 minuuttia\" \/>\n<script type=\"application\/ld+json\" class=\"yoast-schema-graph\">{\"@context\":\"https:\\\/\\\/schema.org\",\"@graph\":[{\"@type\":\"WebPage\",\"@id\":\"https:\\\/\\\/help.jamk.fi\\\/tietosuoja\\\/fi\\\/opiskelija-opetus\\\/verkkokauppa-tietosuojaseloste\\\/\",\"url\":\"https:\\\/\\\/help.jamk.fi\\\/tietosuoja\\\/fi\\\/opiskelija-opetus\\\/verkkokauppa-tietosuojaseloste\\\/\",\"name\":\"Tietosuojaseloste - Verkkokauppa - Tietosuoja\",\"isPartOf\":{\"@id\":\"https:\\\/\\\/help.jamk.fi\\\/tietosuoja\\\/#website\"},\"datePublished\":\"2019-02-13T07:27:16+00:00\",\"dateModified\":\"2023-12-18T10:34:09+00:00\",\"breadcrumb\":{\"@id\":\"https:\\\/\\\/help.jamk.fi\\\/tietosuoja\\\/fi\\\/opiskelija-opetus\\\/verkkokauppa-tietosuojaseloste\\\/#breadcrumb\"},\"inLanguage\":\"fi\",\"potentialAction\":[{\"@type\":\"ReadAction\",\"target\":[\"https:\\\/\\\/help.jamk.fi\\\/tietosuoja\\\/fi\\\/opiskelija-opetus\\\/verkkokauppa-tietosuojaseloste\\\/\"]}]},{\"@type\":\"BreadcrumbList\",\"@id\":\"https:\\\/\\\/help.jamk.fi\\\/tietosuoja\\\/fi\\\/opiskelija-opetus\\\/verkkokauppa-tietosuojaseloste\\\/#breadcrumb\",\"itemListElement\":[{\"@type\":\"ListItem\",\"position\":1,\"name\":\"Etusivu\",\"item\":\"https:\\\/\\\/help.jamk.fi\\\/tietosuoja\\\/fi\\\/\"},{\"@type\":\"ListItem\",\"position\":2,\"name\":\"Opiskelija &#8211; Opetus\",\"item\":\"https:\\\/\\\/help.jamk.fi\\\/tietosuoja\\\/fi\\\/opiskelija-opetus\\\/\"},{\"@type\":\"ListItem\",\"position\":3,\"name\":\"Tietosuojaseloste &#8211; Verkkokauppa\"}]},{\"@type\":\"WebSite\",\"@id\":\"https:\\\/\\\/help.jamk.fi\\\/tietosuoja\\\/#website\",\"url\":\"https:\\\/\\\/help.jamk.fi\\\/tietosuoja\\\/\",\"name\":\"Tietosuoja\",\"description\":\"\",\"potentialAction\":[{\"@type\":\"SearchAction\",\"target\":{\"@type\":\"EntryPoint\",\"urlTemplate\":\"https:\\\/\\\/help.jamk.fi\\\/tietosuoja\\\/?s={search_term_string}\"},\"query-input\":{\"@type\":\"PropertyValueSpecification\",\"valueRequired\":true,\"valueName\":\"search_term_string\"}}],\"inLanguage\":\"fi\"}]}<\/script>\n<!-- \/ Yoast SEO plugin. -->","yoast_head_json":{"title":"Tietosuojaseloste - Verkkokauppa - Tietosuoja","robots":{"index":"index","follow":"follow","max-snippet":"max-snippet:-1","max-image-preview":"max-image-preview:large","max-video-preview":"max-video-preview:-1"},"canonical":"https:\/\/help.jamk.fi\/tietosuoja\/fi\/opiskelija-opetus\/verkkokauppa-tietosuojaseloste\/","og_locale":"fi_FI","og_type":"article","og_title":"Tietosuojaseloste - Verkkokauppa - Tietosuoja","og_description":"(EU -tietosuoja-asetus (2016\/679) P\u00e4ivitetty: 11.2.2019 1 Rekisterin nimi Verkkokauppa (pilotti) 2 Rekisterinpit\u00e4j\u00e4 Jyv\u00e4skyl\u00e4n ammattikorkeakoulu Oy PL 207, 40101 Jyv\u00e4skyl\u00e4 +358 20 743 8100 3 Yhteyshenkil\u00f6 rekisteri\u00e4 koskevissa asioissa, yhteystiedot virka-aikana Rekisterist\u00e4 vastaava johtaja: Hallintojohtaja Mikko R Salminen Prosessin omistaja: Markkinointip\u00e4\u00e4llikk\u00f6 Heli Toivola Sis\u00e4ll\u00f6lliset p\u00e4\u00e4k\u00e4ytt\u00e4j\u00e4t: Markkinointisuunnittelija Nina ViertorinneTekninen p\u00e4\u00e4k\u00e4ytt\u00e4j\u00e4: J\u00e4rjestelm\u00e4suunnittelija Mika Oksanenetunimi.sukunimi[a]jamk.fi 4 Henkil\u00f6tietojen k\u00e4sittely ja [&hellip;]","og_url":"https:\/\/help.jamk.fi\/tietosuoja\/fi\/opiskelija-opetus\/verkkokauppa-tietosuojaseloste\/","og_site_name":"Tietosuoja","article_modified_time":"2023-12-18T10:34:09+00:00","twitter_card":"summary_large_image","twitter_misc":{"Arvioitu lukuaika":"2 minuuttia"},"schema":{"@context":"https:\/\/schema.org","@graph":[{"@type":"WebPage","@id":"https:\/\/help.jamk.fi\/tietosuoja\/fi\/opiskelija-opetus\/verkkokauppa-tietosuojaseloste\/","url":"https:\/\/help.jamk.fi\/tietosuoja\/fi\/opiskelija-opetus\/verkkokauppa-tietosuojaseloste\/","name":"Tietosuojaseloste - Verkkokauppa - Tietosuoja","isPartOf":{"@id":"https:\/\/help.jamk.fi\/tietosuoja\/#website"},"datePublished":"2019-02-13T07:27:16+00:00","dateModified":"2023-12-18T10:34:09+00:00","breadcrumb":{"@id":"https:\/\/help.jamk.fi\/tietosuoja\/fi\/opiskelija-opetus\/verkkokauppa-tietosuojaseloste\/#breadcrumb"},"inLanguage":"fi","potentialAction":[{"@type":"ReadAction","target":["https:\/\/help.jamk.fi\/tietosuoja\/fi\/opiskelija-opetus\/verkkokauppa-tietosuojaseloste\/"]}]},{"@type":"BreadcrumbList","@id":"https:\/\/help.jamk.fi\/tietosuoja\/fi\/opiskelija-opetus\/verkkokauppa-tietosuojaseloste\/#breadcrumb","itemListElement":[{"@type":"ListItem","position":1,"name":"Etusivu","item":"https:\/\/help.jamk.fi\/tietosuoja\/fi\/"},{"@type":"ListItem","position":2,"name":"Opiskelija &#8211; Opetus","item":"https:\/\/help.jamk.fi\/tietosuoja\/fi\/opiskelija-opetus\/"},{"@type":"ListItem","position":3,"name":"Tietosuojaseloste &#8211; Verkkokauppa"}]},{"@type":"WebSite","@id":"https:\/\/help.jamk.fi\/tietosuoja\/#website","url":"https:\/\/help.jamk.fi\/tietosuoja\/","name":"Tietosuoja","description":"","potentialAction":[{"@type":"SearchAction","target":{"@type":"EntryPoint","urlTemplate":"https:\/\/help.jamk.fi\/tietosuoja\/?s={search_term_string}"},"query-input":{"@type":"PropertyValueSpecification","valueRequired":true,"valueName":"search_term_string"}}],"inLanguage":"fi"}]}},"_links":{"self":[{"href":"https:\/\/help.jamk.fi\/tietosuoja\/wp-json\/wp\/v2\/pages\/114","targetHints":{"allow":["GET"]}}],"collection":[{"href":"https:\/\/help.jamk.fi\/tietosuoja\/wp-json\/wp\/v2\/pages"}],"about":[{"href":"https:\/\/help.jamk.fi\/tietosuoja\/wp-json\/wp\/v2\/types\/page"}],"author":[{"embeddable":true,"href":"https:\/\/help.jamk.fi\/tietosuoja\/wp-json\/wp\/v2\/users\/178"}],"replies":[{"embeddable":true,"href":"https:\/\/help.jamk.fi\/tietosuoja\/wp-json\/wp\/v2\/comments?post=114"}],"version-history":[{"count":2,"href":"https:\/\/help.jamk.fi\/tietosuoja\/wp-json\/wp\/v2\/pages\/114\/revisions"}],"predecessor-version":[{"id":681,"href":"https:\/\/help.jamk.fi\/tietosuoja\/wp-json\/wp\/v2\/pages\/114\/revisions\/681"}],"up":[{"embeddable":true,"href":"https:\/\/help.jamk.fi\/tietosuoja\/wp-json\/wp\/v2\/pages\/541"}],"wp:attachment":[{"href":"https:\/\/help.jamk.fi\/tietosuoja\/wp-json\/wp\/v2\/media?parent=114"}],"wp:term":[{"taxonomy":"category","embeddable":true,"href":"https:\/\/help.jamk.fi\/tietosuoja\/wp-json\/wp\/v2\/categories?post=114"},{"taxonomy":"post_tag","embeddable":true,"href":"https:\/\/help.jamk.fi\/tietosuoja\/wp-json\/wp\/v2\/tags?post=114"}],"curies":[{"name":"wp","href":"https:\/\/api.w.org\/{rel}","templated":true}]}}