{"id":126,"date":"2019-02-13T11:59:03","date_gmt":"2019-02-13T09:59:03","guid":{"rendered":"https:\/\/help.jamk.fi\/tietosuoja\/asiakasrekisteri-jamk-tietosuojaseloste\/"},"modified":"2023-12-18T12:34:10","modified_gmt":"2023-12-18T10:34:10","slug":"asiakasrekisteri-jamk-tietosuojaseloste","status":"publish","type":"page","link":"https:\/\/help.jamk.fi\/tietosuoja\/fi\/sidosryhmat\/asiakasrekisteri-jamk-tietosuojaseloste\/","title":{"rendered":"Tietosuojaseloste &#8211; Asiakasrekisteri (Jamk)"},"content":{"rendered":"\n<p><a rel=\"noreferrer noopener\" href=\"http:\/\/eur-lex.europa.eu\/legal-content\/FI\/TXT\/?uri=uriserv:OJ.L_.2016.119.01.0001.01.FIN&amp;toc=OJ:L:2016:119:FULL\" target=\"_blank\">EU yleinen tietosuoja-asetus (2016\/679<\/a><\/p>\n\n\n\n<p>P\u00e4ivitetty 8.8.2019<\/p>\n\n\n\n<h2 class=\"wp-block-heading\">1\nRekisterin nimi<\/h2>\n\n\n\n<p>Jyv\u00e4skyl\u00e4n\nammattikorkeakoulun asiakasrekisteri (asiakashallintaj\u00e4rjestelm\u00e4)<\/p>\n\n\n\n<h2 class=\"wp-block-heading\">2\nRekisterinpit\u00e4j\u00e4<\/h2>\n\n\n\n<p>Jyv\u00e4skyl\u00e4n ammattikorkeakoulu Oy<br>PL 207, 40101 Jyv\u00e4skyl\u00e4<br>+358 20 743 8100<\/p>\n\n\n\n<h2 class=\"wp-block-heading\">3 Yhteyshenkil\u00f6 rekisteri\u00e4 koskevissa asioissa, yhteystiedot virka-aikana<\/h2>\n\n\n\n<ul class=\"wp-block-list\">\n<li>Rekisterist\u00e4 vastaava johtaja: Hallintojohtaja Mikko R. Salminen<\/li>\n\n\n\n<li>Prosessista vastaava ja rekisterin yhteyshenkil\u00f6 : Markkinointip\u00e4\u00e4llikk\u00f6 Heli Toivola<\/li>\n\n\n\n<li>etunimi.sukunimi[a]jamk.fi<\/li>\n<\/ul>\n\n\n\n<h2 class=\"wp-block-heading\">4 Henkil\u00f6tietojen k\u00e4sittely ja sen tarkoitus<\/h2>\n\n\n\n<p>Rekisterin\nk\u00e4ytt\u00f6tarkoituksena on Jyv\u00e4skyl\u00e4n ammattikorkeakoulun asiakas- ja\nsidosryhm\u00e4suhteiden hoito sek\u00e4 koulutus- ja palvelutuotteiden markkinointi ja\nmyynti<\/p>\n\n\n\n<h2 class=\"wp-block-heading\">5\nRekisterin tietosis\u00e4lt\u00f6<\/h2>\n\n\n\n<p>Rekisteri sis\u00e4lt\u00e4\u00e4 asiakkaan yhteystiedot:<\/p>\n\n\n\n<p>Pakolliset\ntiedot<\/p>\n\n\n\n<ul class=\"wp-block-list\">\n<li>Nimi<\/li>\n\n\n\n<li>Osoite<\/li>\n\n\n\n<li>Kotikunta<\/li>\n\n\n\n<li>S\u00e4hk\u00f6postiosoite<\/li>\n\n\n\n<li>Suostumukset<\/li>\n<\/ul>\n\n\n\n<p>Vapaaehtoiset\ntiedot: <\/p>\n\n\n\n<ul class=\"wp-block-list\">\n<li>Puhelinnumero<\/li>\n\n\n\n<li>Kansalaisuus<\/li>\n\n\n\n<li>Organisaatio<\/li>\n\n\n\n<li>Toiminimike<\/li>\n<\/ul>\n\n\n\n<p>Rekister\u00f6idyt ryhm\u00e4t: <\/p>\n\n\n\n<ul class=\"wp-block-list\">\n<li>Potentiaaliset henkil\u00f6- ja organisaatioasiakkaat<\/li>\n\n\n\n<li>Asiakas- ja sidosryhm\u00e4organisaatiot<\/li>\n\n\n\n<li>Yhteyshenkil\u00f6t em. organisaatioissa<\/li>\n\n\n\n<li>Asiakkaaseen kohdistetut toimenpiteet<\/li>\n<\/ul>\n\n\n\n<h2 class=\"wp-block-heading\">6\nK\u00e4sittelyperuste<\/h2>\n\n\n\n<p>Henkil\u00f6tietojen k\u00e4sittelyperuste on sopimus ja rekister\u00f6idyn suostumus. Suostumuksen voi peruuttaa olemalla yhteydess\u00e4 p\u00e4\u00e4k\u00e4ytt\u00e4j\u00e4\u00e4n tai peruuttamalla sen uutiskirjeen lopussa olevasta linkist\u00e4. <\/p>\n\n\n\n<h2 class=\"wp-block-heading\">7\nS\u00e4\u00e4nn\u00f6nmukaiset tietol\u00e4hteet<\/h2>\n\n\n\n<p>Tiedot\nsaadaan asiakkaalta itselt\u00e4\u00e4n, muista tietoj\u00e4rjestelmist\u00e4 sek\u00e4 kolmansilta\nosapuolilta.<\/p>\n\n\n\n<h2 class=\"wp-block-heading\">8\nS\u00e4\u00e4nn\u00f6nmukaiset tietojen luovutukset ja tietojen siirto EU:n tai Euroopan\ntalousalueen ulkopuolelle<\/h2>\n\n\n\n<p>Tietoja ei luovuteta ulkopuoliseen k\u00e4ytt\u00f6\u00f6n. <\/p>\n\n\n\n<p>Tietoja ei\nluovuteta s\u00e4\u00e4nn\u00f6nmukaisesti kolmansille tahoille. Tietoja ei siirret\u00e4 EU:n tai\nETA-alueen ulkopuolelle eik\u00e4 kansainv\u00e4lisille j\u00e4rjest\u00f6ille.<\/p>\n\n\n\n<h2 class=\"wp-block-heading\">9\nRekisterin suojauksen periaatteet<\/h2>\n\n\n\n<p>Rekisteri ei sis\u00e4ll\u00e4 manuaalisesti ker\u00e4tt\u00e4v\u00e4\u00e4 aineistoa. <\/p>\n\n\n\n<p>J\u00e4rjestelm\u00e4\u00e4n p\u00e4\u00e4sy on rajattu Jamkissa ty\u00f6teht\u00e4vien mukaisesti tietyille henkil\u00f6ille. J\u00e4rjestelm\u00e4n k\u00e4ytt\u00f6 edellytt\u00e4\u00e4 henkil\u00f6kohtaista k\u00e4ytt\u00e4j\u00e4tunnusta ja salasanaa. <\/p>\n\n\n\n<p>Kaikki palvelimet\nsijaitsevat lukitussa ja p\u00e4\u00e4syvalvotussa konesalissa. Palvelimille p\u00e4\u00e4sy\nsallitaan vain yll\u00e4pit\u00e4jille.<\/p>\n\n\n\n<h2 class=\"wp-block-heading\">10\nHenkil\u00f6tietojen s\u00e4ilytt\u00e4misaika tai s\u00e4ilytt\u00e4misajan m\u00e4\u00e4ritt\u00e4miskriteerit<\/h2>\n\n\n\n<p>Tietoja s\u00e4ilytet\u00e4\u00e4n asiakassuhteen\najan tai kunnes rekister\u00f6ity peruuttaa suostumuksensa.<\/p>\n\n\n\n<h2 class=\"wp-block-heading\">11\nProfilointi ja automaattinen p\u00e4\u00e4t\u00f6ksenteko<\/h2>\n\n\n\n<p>Henkil\u00f6tietoihin\nliittyv\u00e4\u00e4 automatisoitua profilointia ei tehd\u00e4.<\/p>\n\n\n\n<h2 class=\"wp-block-heading\">12\nRekister\u00f6idyn oikeudet<\/h2>\n\n\n\n<p>Lis\u00e4tietoa tietosuojavastaavasta ja rekister\u00f6idyn oikeuksista ja niiden toteuttamisesta&nbsp;kerrotaan <a rel=\"noreferrer noopener\" href=\"https:\/\/www.jamk.fi\/fi\/jamk\/tietosuoja-jamkissa\" target=\"_blank\">Jamkin tietosuojalausekkeessa<\/a> ja <a rel=\"noreferrer noopener\" href=\"https:\/\/www.jamk.fi\/fi\/jamk\/tietosuoja-jamkissa\" target=\"_blank\">Rekister\u00f6idyn oikeudet<\/a>-sivulla.<br><\/p>\n","protected":false},"excerpt":{"rendered":"<p>EU yleinen tietosuoja-asetus (2016\/679 P\u00e4ivitetty 8.8.2019 1 Rekisterin nimi Jyv\u00e4skyl\u00e4n ammattikorkeakoulun asiakasrekisteri (asiakashallintaj\u00e4rjestelm\u00e4) 2 Rekisterinpit\u00e4j\u00e4 Jyv\u00e4skyl\u00e4n ammattikorkeakoulu OyPL 207, 40101 Jyv\u00e4skyl\u00e4+358 20 743 8100 3 Yhteyshenkil\u00f6 rekisteri\u00e4 koskevissa asioissa, yhteystiedot virka-aikana 4 Henkil\u00f6tietojen k\u00e4sittely ja sen tarkoitus Rekisterin k\u00e4ytt\u00f6tarkoituksena on Jyv\u00e4skyl\u00e4n ammattikorkeakoulun asiakas- ja sidosryhm\u00e4suhteiden hoito sek\u00e4 koulutus- ja palvelutuotteiden markkinointi ja myynti 5 Rekisterin [&hellip;]<\/p>\n","protected":false},"author":178,"featured_media":0,"parent":544,"menu_order":0,"comment_status":"closed","ping_status":"closed","template":"","meta":{"_acf_changed":false,"_relevanssi_hide_post":"","_relevanssi_hide_content":"","_relevanssi_pin_for_all":"","_relevanssi_pin_keywords":"","_relevanssi_unpin_keywords":"","_relevanssi_related_keywords":"","_relevanssi_related_include_ids":"","_relevanssi_related_exclude_ids":"","_relevanssi_related_no_append":"","_relevanssi_related_not_related":"","_relevanssi_related_posts":"","_relevanssi_noindex_reason":"","footnotes":""},"categories":[1],"tags":[279,285,22,255,34,58,76],"class_list":["post-126","page","type-page","status-publish","hentry","category-yleinen","tag-asiakas","tag-asiakashallinta","tag-gdpr","tag-henkilorekisteri","tag-rekisteri","tag-tietosuoja","tag-tietosuojaseloste"],"acf":[],"yoast_head":"<!-- This site is optimized with the Yoast SEO plugin v27.4 - https:\/\/yoast.com\/product\/yoast-seo-wordpress\/ -->\n<title>Tietosuojaseloste - Asiakasrekisteri (Jamk) - Tietosuoja<\/title>\n<meta name=\"robots\" content=\"index, follow, max-snippet:-1, max-image-preview:large, max-video-preview:-1\" \/>\n<link rel=\"canonical\" href=\"https:\/\/help.jamk.fi\/tietosuoja\/fi\/sidosryhmat\/asiakasrekisteri-jamk-tietosuojaseloste\/\" \/>\n<meta property=\"og:locale\" content=\"fi_FI\" \/>\n<meta property=\"og:type\" content=\"article\" \/>\n<meta property=\"og:title\" content=\"Tietosuojaseloste - Asiakasrekisteri (Jamk) - Tietosuoja\" \/>\n<meta property=\"og:description\" content=\"EU yleinen tietosuoja-asetus (2016\/679 P\u00e4ivitetty 8.8.2019 1 Rekisterin nimi Jyv\u00e4skyl\u00e4n ammattikorkeakoulun asiakasrekisteri (asiakashallintaj\u00e4rjestelm\u00e4) 2 Rekisterinpit\u00e4j\u00e4 Jyv\u00e4skyl\u00e4n ammattikorkeakoulu OyPL 207, 40101 Jyv\u00e4skyl\u00e4+358 20 743 8100 3 Yhteyshenkil\u00f6 rekisteri\u00e4 koskevissa asioissa, yhteystiedot virka-aikana 4 Henkil\u00f6tietojen k\u00e4sittely ja sen tarkoitus Rekisterin k\u00e4ytt\u00f6tarkoituksena on Jyv\u00e4skyl\u00e4n ammattikorkeakoulun asiakas- ja sidosryhm\u00e4suhteiden hoito sek\u00e4 koulutus- ja palvelutuotteiden markkinointi ja myynti 5 Rekisterin [&hellip;]\" \/>\n<meta property=\"og:url\" content=\"https:\/\/help.jamk.fi\/tietosuoja\/fi\/sidosryhmat\/asiakasrekisteri-jamk-tietosuojaseloste\/\" \/>\n<meta property=\"og:site_name\" content=\"Tietosuoja\" \/>\n<meta property=\"article:modified_time\" content=\"2023-12-18T10:34:10+00:00\" \/>\n<meta name=\"twitter:card\" content=\"summary_large_image\" \/>\n<meta name=\"twitter:label1\" content=\"Arvioitu lukuaika\" \/>\n\t<meta name=\"twitter:data1\" content=\"2 minuuttia\" \/>\n<script type=\"application\/ld+json\" class=\"yoast-schema-graph\">{\"@context\":\"https:\\\/\\\/schema.org\",\"@graph\":[{\"@type\":\"WebPage\",\"@id\":\"https:\\\/\\\/help.jamk.fi\\\/tietosuoja\\\/fi\\\/sidosryhmat\\\/asiakasrekisteri-jamk-tietosuojaseloste\\\/\",\"url\":\"https:\\\/\\\/help.jamk.fi\\\/tietosuoja\\\/fi\\\/sidosryhmat\\\/asiakasrekisteri-jamk-tietosuojaseloste\\\/\",\"name\":\"Tietosuojaseloste - Asiakasrekisteri (Jamk) - Tietosuoja\",\"isPartOf\":{\"@id\":\"https:\\\/\\\/help.jamk.fi\\\/tietosuoja\\\/#website\"},\"datePublished\":\"2019-02-13T09:59:03+00:00\",\"dateModified\":\"2023-12-18T10:34:10+00:00\",\"breadcrumb\":{\"@id\":\"https:\\\/\\\/help.jamk.fi\\\/tietosuoja\\\/fi\\\/sidosryhmat\\\/asiakasrekisteri-jamk-tietosuojaseloste\\\/#breadcrumb\"},\"inLanguage\":\"fi\",\"potentialAction\":[{\"@type\":\"ReadAction\",\"target\":[\"https:\\\/\\\/help.jamk.fi\\\/tietosuoja\\\/fi\\\/sidosryhmat\\\/asiakasrekisteri-jamk-tietosuojaseloste\\\/\"]}]},{\"@type\":\"BreadcrumbList\",\"@id\":\"https:\\\/\\\/help.jamk.fi\\\/tietosuoja\\\/fi\\\/sidosryhmat\\\/asiakasrekisteri-jamk-tietosuojaseloste\\\/#breadcrumb\",\"itemListElement\":[{\"@type\":\"ListItem\",\"position\":1,\"name\":\"Etusivu\",\"item\":\"https:\\\/\\\/help.jamk.fi\\\/tietosuoja\\\/fi\\\/\"},{\"@type\":\"ListItem\",\"position\":2,\"name\":\"Sidosryhm\u00e4t\",\"item\":\"https:\\\/\\\/help.jamk.fi\\\/tietosuoja\\\/fi\\\/sidosryhmat\\\/\"},{\"@type\":\"ListItem\",\"position\":3,\"name\":\"Tietosuojaseloste &#8211; Asiakasrekisteri (Jamk)\"}]},{\"@type\":\"WebSite\",\"@id\":\"https:\\\/\\\/help.jamk.fi\\\/tietosuoja\\\/#website\",\"url\":\"https:\\\/\\\/help.jamk.fi\\\/tietosuoja\\\/\",\"name\":\"Tietosuoja\",\"description\":\"\",\"potentialAction\":[{\"@type\":\"SearchAction\",\"target\":{\"@type\":\"EntryPoint\",\"urlTemplate\":\"https:\\\/\\\/help.jamk.fi\\\/tietosuoja\\\/?s={search_term_string}\"},\"query-input\":{\"@type\":\"PropertyValueSpecification\",\"valueRequired\":true,\"valueName\":\"search_term_string\"}}],\"inLanguage\":\"fi\"}]}<\/script>\n<!-- \/ Yoast SEO plugin. -->","yoast_head_json":{"title":"Tietosuojaseloste - Asiakasrekisteri (Jamk) - Tietosuoja","robots":{"index":"index","follow":"follow","max-snippet":"max-snippet:-1","max-image-preview":"max-image-preview:large","max-video-preview":"max-video-preview:-1"},"canonical":"https:\/\/help.jamk.fi\/tietosuoja\/fi\/sidosryhmat\/asiakasrekisteri-jamk-tietosuojaseloste\/","og_locale":"fi_FI","og_type":"article","og_title":"Tietosuojaseloste - Asiakasrekisteri (Jamk) - Tietosuoja","og_description":"EU yleinen tietosuoja-asetus (2016\/679 P\u00e4ivitetty 8.8.2019 1 Rekisterin nimi Jyv\u00e4skyl\u00e4n ammattikorkeakoulun asiakasrekisteri (asiakashallintaj\u00e4rjestelm\u00e4) 2 Rekisterinpit\u00e4j\u00e4 Jyv\u00e4skyl\u00e4n ammattikorkeakoulu OyPL 207, 40101 Jyv\u00e4skyl\u00e4+358 20 743 8100 3 Yhteyshenkil\u00f6 rekisteri\u00e4 koskevissa asioissa, yhteystiedot virka-aikana 4 Henkil\u00f6tietojen k\u00e4sittely ja sen tarkoitus Rekisterin k\u00e4ytt\u00f6tarkoituksena on Jyv\u00e4skyl\u00e4n ammattikorkeakoulun asiakas- ja sidosryhm\u00e4suhteiden hoito sek\u00e4 koulutus- ja palvelutuotteiden markkinointi ja myynti 5 Rekisterin [&hellip;]","og_url":"https:\/\/help.jamk.fi\/tietosuoja\/fi\/sidosryhmat\/asiakasrekisteri-jamk-tietosuojaseloste\/","og_site_name":"Tietosuoja","article_modified_time":"2023-12-18T10:34:10+00:00","twitter_card":"summary_large_image","twitter_misc":{"Arvioitu lukuaika":"2 minuuttia"},"schema":{"@context":"https:\/\/schema.org","@graph":[{"@type":"WebPage","@id":"https:\/\/help.jamk.fi\/tietosuoja\/fi\/sidosryhmat\/asiakasrekisteri-jamk-tietosuojaseloste\/","url":"https:\/\/help.jamk.fi\/tietosuoja\/fi\/sidosryhmat\/asiakasrekisteri-jamk-tietosuojaseloste\/","name":"Tietosuojaseloste - Asiakasrekisteri (Jamk) - Tietosuoja","isPartOf":{"@id":"https:\/\/help.jamk.fi\/tietosuoja\/#website"},"datePublished":"2019-02-13T09:59:03+00:00","dateModified":"2023-12-18T10:34:10+00:00","breadcrumb":{"@id":"https:\/\/help.jamk.fi\/tietosuoja\/fi\/sidosryhmat\/asiakasrekisteri-jamk-tietosuojaseloste\/#breadcrumb"},"inLanguage":"fi","potentialAction":[{"@type":"ReadAction","target":["https:\/\/help.jamk.fi\/tietosuoja\/fi\/sidosryhmat\/asiakasrekisteri-jamk-tietosuojaseloste\/"]}]},{"@type":"BreadcrumbList","@id":"https:\/\/help.jamk.fi\/tietosuoja\/fi\/sidosryhmat\/asiakasrekisteri-jamk-tietosuojaseloste\/#breadcrumb","itemListElement":[{"@type":"ListItem","position":1,"name":"Etusivu","item":"https:\/\/help.jamk.fi\/tietosuoja\/fi\/"},{"@type":"ListItem","position":2,"name":"Sidosryhm\u00e4t","item":"https:\/\/help.jamk.fi\/tietosuoja\/fi\/sidosryhmat\/"},{"@type":"ListItem","position":3,"name":"Tietosuojaseloste &#8211; Asiakasrekisteri (Jamk)"}]},{"@type":"WebSite","@id":"https:\/\/help.jamk.fi\/tietosuoja\/#website","url":"https:\/\/help.jamk.fi\/tietosuoja\/","name":"Tietosuoja","description":"","potentialAction":[{"@type":"SearchAction","target":{"@type":"EntryPoint","urlTemplate":"https:\/\/help.jamk.fi\/tietosuoja\/?s={search_term_string}"},"query-input":{"@type":"PropertyValueSpecification","valueRequired":true,"valueName":"search_term_string"}}],"inLanguage":"fi"}]}},"_links":{"self":[{"href":"https:\/\/help.jamk.fi\/tietosuoja\/wp-json\/wp\/v2\/pages\/126","targetHints":{"allow":["GET"]}}],"collection":[{"href":"https:\/\/help.jamk.fi\/tietosuoja\/wp-json\/wp\/v2\/pages"}],"about":[{"href":"https:\/\/help.jamk.fi\/tietosuoja\/wp-json\/wp\/v2\/types\/page"}],"author":[{"embeddable":true,"href":"https:\/\/help.jamk.fi\/tietosuoja\/wp-json\/wp\/v2\/users\/178"}],"replies":[{"embeddable":true,"href":"https:\/\/help.jamk.fi\/tietosuoja\/wp-json\/wp\/v2\/comments?post=126"}],"version-history":[{"count":2,"href":"https:\/\/help.jamk.fi\/tietosuoja\/wp-json\/wp\/v2\/pages\/126\/revisions"}],"predecessor-version":[{"id":548,"href":"https:\/\/help.jamk.fi\/tietosuoja\/wp-json\/wp\/v2\/pages\/126\/revisions\/548"}],"up":[{"embeddable":true,"href":"https:\/\/help.jamk.fi\/tietosuoja\/wp-json\/wp\/v2\/pages\/544"}],"wp:attachment":[{"href":"https:\/\/help.jamk.fi\/tietosuoja\/wp-json\/wp\/v2\/media?parent=126"}],"wp:term":[{"taxonomy":"category","embeddable":true,"href":"https:\/\/help.jamk.fi\/tietosuoja\/wp-json\/wp\/v2\/categories?post=126"},{"taxonomy":"post_tag","embeddable":true,"href":"https:\/\/help.jamk.fi\/tietosuoja\/wp-json\/wp\/v2\/tags?post=126"}],"curies":[{"name":"wp","href":"https:\/\/api.w.org\/{rel}","templated":true}]}}