{"id":135,"date":"2019-09-20T09:42:22","date_gmt":"2019-09-20T06:42:22","guid":{"rendered":"https:\/\/help.jamk.fi\/tietosuoja\/alumnirekisteri-tietosuojaseloste\/"},"modified":"2024-09-02T10:33:59","modified_gmt":"2024-09-02T07:33:59","slug":"alumnirekisteri-tietosuojaseloste","status":"publish","type":"page","link":"https:\/\/help.jamk.fi\/tietosuoja\/fi\/sidosryhmat\/alumnirekisteri-tietosuojaseloste\/","title":{"rendered":"Tietosuojaseloste &#8211; Alumnien yhteystietorekisteri"},"content":{"rendered":"\n<div class=\"entry-content\">\n<p><a href=\"https:\/\/eur-lex.europa.eu\/legal-content\/FI\/TXT\/?uri=uriserv:OJ.L_.2016.119.01.0001.01.FIN&amp;toc=OJ:L:2016:119:FULL\">EU yleinen tietosuoja-asetus<\/a> (2016\/679)<\/p>\n<p>P\u00e4ivitetty 20.9.2019<\/p>\n<h2>1 Rekisterin nimi<\/h2>\n<p>Alumnien yhteystietorekisteri<\/p>\n<h2>2 Rekisterinpit\u00e4j\u00e4<\/h2>\n<p>Jyv\u00e4skyl\u00e4n Ammattikorkeakoulu Oy<br>PL 207, 40101 Jyv\u00e4skyl\u00e4<br>+358 20 743 8100<\/p>\n<h2>3 Yhteyshenkil\u00f6 rekisteri\u00e4 koskevissa asioissa, yhteystiedot virka-aikana<\/h2>\n<p>Rekisterist\u00e4 vastaava johtaja ja prosessin omistaja: Vararehtori, koulutus\n<p>Yhteyshenkil\u00f6: Sis\u00e4ll\u00f6llinen p\u00e4\u00e4k\u00e4ytt\u00e4j\u00e4, koulutuksen kehitt\u00e4mispalvelut \n<p>Tekninen p\u00e4\u00e4k\u00e4ytt\u00e4j\u00e4: ICT-palvelut j\u00e4rjestelm\u00e4suunnittelija\n<p>etunimi.sukunimi@jamk.fi<\/p>\n<h2>4 Henkil\u00f6tietojen k\u00e4sittelyn tarkoitus<\/h2>\n<p>Markkinointi liittyen alumniyhteisty\u00f6h\u00f6n (asiakasrekisteri) sek\u00e4 kansallinen tietovaranto ja uraseurantatutkimus.<\/p>\n<h2>5 Rekisterin tietosis\u00e4lt\u00f6<\/h2>\n<ul>\n<li>Nimi (pakollinen)<\/li>\n<li>Puhelinnumero (pakollinen)<\/li>\n<li>S\u00e4hk\u00f6postiosoite (pakollinen)<\/li>\n<li>Tutkinto-ohjelma<\/li>\n<li>Opintoala<\/li>\n<li>Organisaatio<\/li>\n<li>Toiminimike<\/li>\n<li>Koulutustieto<\/li>\n<\/ul>\n<p>Muita tietoja ovat Jamkissa suoritetut tutkinnot tai ammatillisen opettajankoulutuksen opinnot (vapaaehtoinen), kiinnostuksen osoitus alumnitoimintaan (vapaaehtoinen), avoin lis\u00e4tietolomake (vapaaehtoinen)<\/p>\n<h2>6 K\u00e4sittelyperuste<\/h2>\n<ul>\n<li>Suostumus<\/li>\n<li>Yleinen etu ja julkinen valta<\/li>\n<\/ul>\n<h2>7 S\u00e4\u00e4nn\u00f6nmukaiset tietol\u00e4hteet<\/h2>\n<p>Alumnilta itselt\u00e4\u00e4n.<\/p>\n<h2>8 S\u00e4\u00e4nn\u00f6nmukaiset tietojen luovutukset ja tietojen siirto EU:n tai Euroopan talousalueen ulkopuolelle<\/h2>\n<p>Kyll\u00e4, rekisterist\u00e4 luovutetaan tietoja s\u00e4\u00e4nn\u00f6nmukaisesti (kansallinen tietovaranto, tutkimus ja tilastointi). Tiedot yhdistet\u00e4\u00e4n Jamkin opiskelijarekisterin tietoihin. Ker\u00e4tyt tiedot<br>v\u00e4litet\u00e4\u00e4n CSC \u2013 Tieteen tietotekniikan keskukselle turvapostilla valtakunnallisen uraseurantakyselyn toteutusta varten.<\/p>\n<p>Tietoja ei siirret\u00e4 EU:n tai ETA-alueen ulkopuolelle eik\u00e4 kansainv\u00e4lisille j\u00e4rjest\u00f6ille.<\/p>\n<h2>9 Rekisterin suojauksen periaatteet<\/h2>\n<\/div>\n\n\n\n<div>Rekisteri ei sis\u00e4ll\u00e4 manuaalista aineistoa.<\/div>\n\n\n\n<div class=\"entry-content\">Alumnien yhteystietoja saavat k\u00e4sitell\u00e4 rekisterist\u00e4 vastaava johtaja, j\u00e4rjestelm\u00e4n p\u00e4\u00e4k\u00e4ytt\u00e4j\u00e4 sek\u00e4 alumnivastuuhenkil\u00f6t.<br>Palvelimet sijaitsevat palveluntarjoajan korkean tietoturvatason palvelinkeskuksissa. S\u00e4hk\u00f6isess\u00e4 muodossa olevat henkil\u00f6tiedot on suojattu palomuurein ja salasanoin.<br>Rekisterin k\u00e4ytt\u00f6\u00f6n ovat oikeutettuja vain ne rekisterinpit\u00e4j\u00e4n tai t\u00e4m\u00e4n puolesta ty\u00f6ntekij\u00e4t, joilla on ty\u00f6ns\u00e4 puolesta oikeus k\u00e4sitell\u00e4 rekisterin sis\u00e4lt\u00e4mi\u00e4 tietoja. Kullakin rekisteri\u00e4 k\u00e4ytt\u00e4v\u00e4ll\u00e4 k\u00e4ytt\u00e4j\u00e4ll\u00e4 on henkil\u00f6kohtainen k\u00e4ytt\u00e4j\u00e4tunnus ja salasana j\u00e4rjestelmiin.<\/div>\n\n\n\n<div class=\"entry-content\">\n<p>&nbsp;<\/p>\n<h2>10 Henkil\u00f6tietojen s\u00e4ilytt\u00e4misaika tai s\u00e4ilytt\u00e4misajan m\u00e4\u00e4ritt\u00e4miskriteerit<\/h2>\n<p>Tiedot s\u00e4ilytet\u00e4\u00e4n toistaiseksi Jamkin CRM-j\u00e4rjestelm\u00e4ss\u00e4. Jos alumnitietojen hallinnoinnissa p\u00e4\u00e4tet\u00e4\u00e4n k\u00e4ytt\u00e4\u00e4 toista j\u00e4rjestelm\u00e4\u00e4, tiedot siirret\u00e4\u00e4n sinne ja poistetaan CRM-j\u00e4rjestelm\u00e4st\u00e4.<\/p>\n<h2>11 Profilointi ja automaattinen p\u00e4\u00e4t\u00f6ksenteko<\/h2>\n<p>Rekisterin tietoja ei k\u00e4ytet\u00e4 automatisoituihin yksitt\u00e4isp\u00e4\u00e4t\u00f6ksiin eik\u00e4 profilointiin.<\/p>\n<h2>12 Rekister\u00f6idyn oikeudet<\/h2>\n<p>Rekister\u00f6idyn oikeuksista ja niiden toteuttamisesta kerrotaan <a href=\"https:\/\/www.jamk.fi\/fi\/jamk\/tietosuoja-jamkissa\">Jamkin tietosuojalausekkeessa<\/a> ja <a href=\"https:\/\/www.jamk.fi\/fi\/jamk\/tietosuoja-jamkissa\">Rekister\u00f6idyn oikeudet<\/a>-sivulla.<\/p>\n<\/div>\n","protected":false},"excerpt":{"rendered":"<p>EU yleinen tietosuoja-asetus (2016\/679) P\u00e4ivitetty 20.9.2019 1 Rekisterin nimi Alumnien yhteystietorekisteri 2 Rekisterinpit\u00e4j\u00e4 Jyv\u00e4skyl\u00e4n Ammattikorkeakoulu OyPL 207, 40101 Jyv\u00e4skyl\u00e4+358 20 743 8100 3 Yhteyshenkil\u00f6 rekisteri\u00e4 koskevissa asioissa, yhteystiedot virka-aikana Rekisterist\u00e4 vastaava johtaja ja prosessin omistaja: Vararehtori, koulutus Yhteyshenkil\u00f6: Sis\u00e4ll\u00f6llinen p\u00e4\u00e4k\u00e4ytt\u00e4j\u00e4, koulutuksen kehitt\u00e4mispalvelut Tekninen p\u00e4\u00e4k\u00e4ytt\u00e4j\u00e4: ICT-palvelut j\u00e4rjestelm\u00e4suunnittelija etunimi.sukunimi@jamk.fi 4 Henkil\u00f6tietojen k\u00e4sittelyn tarkoitus Markkinointi liittyen alumniyhteisty\u00f6h\u00f6n (asiakasrekisteri) [&hellip;]<\/p>\n","protected":false},"author":178,"featured_media":0,"parent":544,"menu_order":0,"comment_status":"closed","ping_status":"closed","template":"","meta":{"_acf_changed":false,"_relevanssi_hide_post":"","_relevanssi_hide_content":"","_relevanssi_pin_for_all":"","_relevanssi_pin_keywords":"","_relevanssi_unpin_keywords":"","_relevanssi_related_keywords":"","_relevanssi_related_include_ids":"","_relevanssi_related_exclude_ids":"","_relevanssi_related_no_append":"","_relevanssi_related_not_related":"","_relevanssi_related_posts":"","_relevanssi_noindex_reason":"","footnotes":""},"categories":[1],"tags":[291,22,255,34,40,58,76],"class_list":["post-135","page","type-page","status-publish","hentry","category-yleinen","tag-alumni","tag-gdpr","tag-henkilorekisteri","tag-rekisteri","tag-rekisteriseloste","tag-tietosuoja","tag-tietosuojaseloste"],"acf":[],"yoast_head":"<!-- This site is optimized with the Yoast SEO plugin v27.3 - https:\/\/yoast.com\/product\/yoast-seo-wordpress\/ -->\n<title>Tietosuojaseloste - Alumnien yhteystietorekisteri - Tietosuoja<\/title>\n<meta name=\"robots\" content=\"index, follow, max-snippet:-1, max-image-preview:large, max-video-preview:-1\" \/>\n<link rel=\"canonical\" href=\"https:\/\/help.jamk.fi\/tietosuoja\/fi\/sidosryhmat\/alumnirekisteri-tietosuojaseloste\/\" \/>\n<meta property=\"og:locale\" content=\"fi_FI\" \/>\n<meta property=\"og:type\" content=\"article\" \/>\n<meta property=\"og:title\" content=\"Tietosuojaseloste - Alumnien yhteystietorekisteri - Tietosuoja\" \/>\n<meta property=\"og:description\" content=\"EU yleinen tietosuoja-asetus (2016\/679) P\u00e4ivitetty 20.9.2019 1 Rekisterin nimi Alumnien yhteystietorekisteri 2 Rekisterinpit\u00e4j\u00e4 Jyv\u00e4skyl\u00e4n Ammattikorkeakoulu OyPL 207, 40101 Jyv\u00e4skyl\u00e4+358 20 743 8100 3 Yhteyshenkil\u00f6 rekisteri\u00e4 koskevissa asioissa, yhteystiedot virka-aikana Rekisterist\u00e4 vastaava johtaja ja prosessin omistaja: Vararehtori, koulutus Yhteyshenkil\u00f6: Sis\u00e4ll\u00f6llinen p\u00e4\u00e4k\u00e4ytt\u00e4j\u00e4, koulutuksen kehitt\u00e4mispalvelut Tekninen p\u00e4\u00e4k\u00e4ytt\u00e4j\u00e4: ICT-palvelut j\u00e4rjestelm\u00e4suunnittelija etunimi.sukunimi@jamk.fi 4 Henkil\u00f6tietojen k\u00e4sittelyn tarkoitus Markkinointi liittyen alumniyhteisty\u00f6h\u00f6n (asiakasrekisteri) [&hellip;]\" \/>\n<meta property=\"og:url\" content=\"https:\/\/help.jamk.fi\/tietosuoja\/fi\/sidosryhmat\/alumnirekisteri-tietosuojaseloste\/\" \/>\n<meta property=\"og:site_name\" content=\"Tietosuoja\" \/>\n<meta property=\"article:modified_time\" content=\"2024-09-02T07:33:59+00:00\" \/>\n<meta name=\"twitter:card\" content=\"summary_large_image\" \/>\n<meta name=\"twitter:label1\" content=\"Arvioitu lukuaika\" \/>\n\t<meta name=\"twitter:data1\" content=\"2 minuuttia\" \/>\n<script type=\"application\/ld+json\" class=\"yoast-schema-graph\">{\"@context\":\"https:\\\/\\\/schema.org\",\"@graph\":[{\"@type\":\"WebPage\",\"@id\":\"https:\\\/\\\/help.jamk.fi\\\/tietosuoja\\\/fi\\\/sidosryhmat\\\/alumnirekisteri-tietosuojaseloste\\\/\",\"url\":\"https:\\\/\\\/help.jamk.fi\\\/tietosuoja\\\/fi\\\/sidosryhmat\\\/alumnirekisteri-tietosuojaseloste\\\/\",\"name\":\"Tietosuojaseloste - Alumnien yhteystietorekisteri - Tietosuoja\",\"isPartOf\":{\"@id\":\"https:\\\/\\\/help.jamk.fi\\\/tietosuoja\\\/#website\"},\"datePublished\":\"2019-09-20T06:42:22+00:00\",\"dateModified\":\"2024-09-02T07:33:59+00:00\",\"breadcrumb\":{\"@id\":\"https:\\\/\\\/help.jamk.fi\\\/tietosuoja\\\/fi\\\/sidosryhmat\\\/alumnirekisteri-tietosuojaseloste\\\/#breadcrumb\"},\"inLanguage\":\"fi\",\"potentialAction\":[{\"@type\":\"ReadAction\",\"target\":[\"https:\\\/\\\/help.jamk.fi\\\/tietosuoja\\\/fi\\\/sidosryhmat\\\/alumnirekisteri-tietosuojaseloste\\\/\"]}]},{\"@type\":\"BreadcrumbList\",\"@id\":\"https:\\\/\\\/help.jamk.fi\\\/tietosuoja\\\/fi\\\/sidosryhmat\\\/alumnirekisteri-tietosuojaseloste\\\/#breadcrumb\",\"itemListElement\":[{\"@type\":\"ListItem\",\"position\":1,\"name\":\"Etusivu\",\"item\":\"https:\\\/\\\/help.jamk.fi\\\/tietosuoja\\\/fi\\\/\"},{\"@type\":\"ListItem\",\"position\":2,\"name\":\"Sidosryhm\u00e4t\",\"item\":\"https:\\\/\\\/help.jamk.fi\\\/tietosuoja\\\/fi\\\/sidosryhmat\\\/\"},{\"@type\":\"ListItem\",\"position\":3,\"name\":\"Tietosuojaseloste &#8211; Alumnien yhteystietorekisteri\"}]},{\"@type\":\"WebSite\",\"@id\":\"https:\\\/\\\/help.jamk.fi\\\/tietosuoja\\\/#website\",\"url\":\"https:\\\/\\\/help.jamk.fi\\\/tietosuoja\\\/\",\"name\":\"Tietosuoja\",\"description\":\"\",\"potentialAction\":[{\"@type\":\"SearchAction\",\"target\":{\"@type\":\"EntryPoint\",\"urlTemplate\":\"https:\\\/\\\/help.jamk.fi\\\/tietosuoja\\\/?s={search_term_string}\"},\"query-input\":{\"@type\":\"PropertyValueSpecification\",\"valueRequired\":true,\"valueName\":\"search_term_string\"}}],\"inLanguage\":\"fi\"}]}<\/script>\n<!-- \/ Yoast SEO plugin. -->","yoast_head_json":{"title":"Tietosuojaseloste - Alumnien yhteystietorekisteri - Tietosuoja","robots":{"index":"index","follow":"follow","max-snippet":"max-snippet:-1","max-image-preview":"max-image-preview:large","max-video-preview":"max-video-preview:-1"},"canonical":"https:\/\/help.jamk.fi\/tietosuoja\/fi\/sidosryhmat\/alumnirekisteri-tietosuojaseloste\/","og_locale":"fi_FI","og_type":"article","og_title":"Tietosuojaseloste - Alumnien yhteystietorekisteri - Tietosuoja","og_description":"EU yleinen tietosuoja-asetus (2016\/679) P\u00e4ivitetty 20.9.2019 1 Rekisterin nimi Alumnien yhteystietorekisteri 2 Rekisterinpit\u00e4j\u00e4 Jyv\u00e4skyl\u00e4n Ammattikorkeakoulu OyPL 207, 40101 Jyv\u00e4skyl\u00e4+358 20 743 8100 3 Yhteyshenkil\u00f6 rekisteri\u00e4 koskevissa asioissa, yhteystiedot virka-aikana Rekisterist\u00e4 vastaava johtaja ja prosessin omistaja: Vararehtori, koulutus Yhteyshenkil\u00f6: Sis\u00e4ll\u00f6llinen p\u00e4\u00e4k\u00e4ytt\u00e4j\u00e4, koulutuksen kehitt\u00e4mispalvelut Tekninen p\u00e4\u00e4k\u00e4ytt\u00e4j\u00e4: ICT-palvelut j\u00e4rjestelm\u00e4suunnittelija etunimi.sukunimi@jamk.fi 4 Henkil\u00f6tietojen k\u00e4sittelyn tarkoitus Markkinointi liittyen alumniyhteisty\u00f6h\u00f6n (asiakasrekisteri) [&hellip;]","og_url":"https:\/\/help.jamk.fi\/tietosuoja\/fi\/sidosryhmat\/alumnirekisteri-tietosuojaseloste\/","og_site_name":"Tietosuoja","article_modified_time":"2024-09-02T07:33:59+00:00","twitter_card":"summary_large_image","twitter_misc":{"Arvioitu lukuaika":"2 minuuttia"},"schema":{"@context":"https:\/\/schema.org","@graph":[{"@type":"WebPage","@id":"https:\/\/help.jamk.fi\/tietosuoja\/fi\/sidosryhmat\/alumnirekisteri-tietosuojaseloste\/","url":"https:\/\/help.jamk.fi\/tietosuoja\/fi\/sidosryhmat\/alumnirekisteri-tietosuojaseloste\/","name":"Tietosuojaseloste - Alumnien yhteystietorekisteri - Tietosuoja","isPartOf":{"@id":"https:\/\/help.jamk.fi\/tietosuoja\/#website"},"datePublished":"2019-09-20T06:42:22+00:00","dateModified":"2024-09-02T07:33:59+00:00","breadcrumb":{"@id":"https:\/\/help.jamk.fi\/tietosuoja\/fi\/sidosryhmat\/alumnirekisteri-tietosuojaseloste\/#breadcrumb"},"inLanguage":"fi","potentialAction":[{"@type":"ReadAction","target":["https:\/\/help.jamk.fi\/tietosuoja\/fi\/sidosryhmat\/alumnirekisteri-tietosuojaseloste\/"]}]},{"@type":"BreadcrumbList","@id":"https:\/\/help.jamk.fi\/tietosuoja\/fi\/sidosryhmat\/alumnirekisteri-tietosuojaseloste\/#breadcrumb","itemListElement":[{"@type":"ListItem","position":1,"name":"Etusivu","item":"https:\/\/help.jamk.fi\/tietosuoja\/fi\/"},{"@type":"ListItem","position":2,"name":"Sidosryhm\u00e4t","item":"https:\/\/help.jamk.fi\/tietosuoja\/fi\/sidosryhmat\/"},{"@type":"ListItem","position":3,"name":"Tietosuojaseloste &#8211; Alumnien yhteystietorekisteri"}]},{"@type":"WebSite","@id":"https:\/\/help.jamk.fi\/tietosuoja\/#website","url":"https:\/\/help.jamk.fi\/tietosuoja\/","name":"Tietosuoja","description":"","potentialAction":[{"@type":"SearchAction","target":{"@type":"EntryPoint","urlTemplate":"https:\/\/help.jamk.fi\/tietosuoja\/?s={search_term_string}"},"query-input":{"@type":"PropertyValueSpecification","valueRequired":true,"valueName":"search_term_string"}}],"inLanguage":"fi"}]}},"_links":{"self":[{"href":"https:\/\/help.jamk.fi\/tietosuoja\/wp-json\/wp\/v2\/pages\/135","targetHints":{"allow":["GET"]}}],"collection":[{"href":"https:\/\/help.jamk.fi\/tietosuoja\/wp-json\/wp\/v2\/pages"}],"about":[{"href":"https:\/\/help.jamk.fi\/tietosuoja\/wp-json\/wp\/v2\/types\/page"}],"author":[{"embeddable":true,"href":"https:\/\/help.jamk.fi\/tietosuoja\/wp-json\/wp\/v2\/users\/178"}],"replies":[{"embeddable":true,"href":"https:\/\/help.jamk.fi\/tietosuoja\/wp-json\/wp\/v2\/comments?post=135"}],"version-history":[{"count":2,"href":"https:\/\/help.jamk.fi\/tietosuoja\/wp-json\/wp\/v2\/pages\/135\/revisions"}],"predecessor-version":[{"id":971,"href":"https:\/\/help.jamk.fi\/tietosuoja\/wp-json\/wp\/v2\/pages\/135\/revisions\/971"}],"up":[{"embeddable":true,"href":"https:\/\/help.jamk.fi\/tietosuoja\/wp-json\/wp\/v2\/pages\/544"}],"wp:attachment":[{"href":"https:\/\/help.jamk.fi\/tietosuoja\/wp-json\/wp\/v2\/media?parent=135"}],"wp:term":[{"taxonomy":"category","embeddable":true,"href":"https:\/\/help.jamk.fi\/tietosuoja\/wp-json\/wp\/v2\/categories?post=135"},{"taxonomy":"post_tag","embeddable":true,"href":"https:\/\/help.jamk.fi\/tietosuoja\/wp-json\/wp\/v2\/tags?post=135"}],"curies":[{"name":"wp","href":"https:\/\/api.w.org\/{rel}","templated":true}]}}