{"id":144,"date":"2020-05-18T10:34:12","date_gmt":"2020-05-18T07:34:12","guid":{"rendered":"https:\/\/help.jamk.fi\/tietosuoja\/howspace-tyotila-tietosuojaseloste\/"},"modified":"2023-12-18T12:34:10","modified_gmt":"2023-12-18T10:34:10","slug":"howspace-tyotila-tietosuojaseloste","status":"publish","type":"page","link":"https:\/\/help.jamk.fi\/tietosuoja\/fi\/sidosryhmat\/howspace-tyotila-tietosuojaseloste\/","title":{"rendered":"Tietosuojaseloste &#8211; Howspace-ty\u00f6tila"},"content":{"rendered":"\n<p><a href=\"https:\/\/eur-lex.europa.eu\/legal-content\/FI\/TXT\/?uri=uriserv:OJ.L_.2016.119.01.0001.01.FIN&amp;toc=OJ:L:2016:119:FULL\">EU yleinen tietosuoja-asetus<\/a> (2016\/679)<\/p>\n\n\n\n<p>P\u00e4ivitetty 15.5.2020<\/p>\n\n\n\n<p><strong>1 Rekisterin nimi<\/strong><\/p>\n\n\n\n<p>Howspace-ty\u00f6tila<\/p>\n\n\n\n<p><strong>2 Rekisterinpit\u00e4j\u00e4<\/strong><\/p>\n\n\n\n<p>Jyv\u00e4skyl\u00e4n Ammattikorkeakoulu Oy<br>PL 207, 40101 Jyv\u00e4skyl\u00e4<\/p>\n\n\n\n<p>Palveluntarjoajan\/j\u00e4rjestelm\u00e4toimittajan tietosuojaseloste: https:\/\/<a href=\"http:\/\/www.howspace.com\/privacy-policy\">www.howspace.com\/privacy-policy<\/a><\/p>\n\n\n\n<p><strong>3 Yhteyshenkil\u00f6 rekisteri\u00e4 koskevissa asioissa, yhteystiedot virka-aikana<\/strong><\/p>\n\n\n\n<p>Rekisterist\u00e4 vastaava johtaja tai prosessin omistaja: Projektien vastuuhenkil\u00f6t (projektip\u00e4\u00e4llikk\u00f6, tutkija tai vast.) Jamkin yksik\u00f6iss\u00e4<\/p>\n\n\n\n<p>Sis\u00e4ll\u00f6llinen p\u00e4\u00e4k\u00e4ytt\u00e4j\u00e4: Projektien vastuuhenkil\u00f6t (projektip\u00e4\u00e4llikk\u00f6, tutkija tai vast.) Jamkin yksik\u00f6iss\u00e4<\/p>\n\n\n\n<p>Tekninen p\u00e4\u00e4k\u00e4ytt\u00e4j\u00e4: Projektien vastuuhenkil\u00f6t (projektip\u00e4\u00e4llikk\u00f6, tutkija tai vast.) Jamkin yksik\u00f6iss\u00e4<\/p>\n\n\n\n<p>etunimi.sukunimi@jamk.fi<\/p>\n\n\n\n<p><strong>4 Henkil\u00f6tietojen k\u00e4sittelyn tarkoitus<\/strong><\/p>\n\n\n\n<p>Howspace-ty\u00f6tilan k\u00e4yt\u00f6n mahdollistaminen projekti- ja TKI-toiminnassa.<\/p>\n\n\n\n<p><strong>5 Rekisterin tietosis\u00e4lt\u00f6<\/strong><\/p>\n\n\n\n<p>TKI\/Tutkimusprojektin vastaava projektip\u00e4\u00e4llikk\u00f6 vastaa siit\u00e4, ett\u00e4 kyselyss\u00e4 ker\u00e4ttyj\u00e4 henkil\u00f6tietoja k\u00e4sitell\u00e4\u00e4n <a href=\"https:\/\/intra.jamk.fi\/opiskelijat\/Sivut\/Webropol_k\u00e4ytt\u00f6s\u00e4\u00e4nn\u00f6t.aspx\">Jamkin henkil\u00f6tietojen k\u00e4sittelyohjeen<\/a> mukaisesti.<\/p>\n\n\n\n<p>Ker\u00e4tt\u00e4v\u00e4 tietosis\u00e4lt\u00f6:<\/p>\n\n\n\n<ul class=\"wp-block-list\">\n<li>Etunimi<\/li>\n\n\n\n<li>Sukunimi<\/li>\n\n\n\n<li>Muu nimi<\/li>\n\n\n\n<li>S\u00e4hk\u00f6posti<\/li>\n\n\n\n<li>Valokuva<\/li>\n<\/ul>\n\n\n\n<p><strong>6 K\u00e4sittelyperuste<\/strong><\/p>\n\n\n\n<ul class=\"wp-block-list\">\n<li>Suostumus: osallistujan suostumus. Suostumuksen voi peruuttaa olemalla yhteydess\u00e4 tutkimusprojektin vastaavaan projektip\u00e4\u00e4llikk\u00f6\u00f6n<\/li>\n\n\n\n<li>Lakis\u00e4\u00e4teinen teht\u00e4v\u00e4: Projekti- ja TKI-toiminnan toteuttaminen<\/li>\n<\/ul>\n\n\n\n<p><strong>7 S\u00e4\u00e4nn\u00f6nmukaiset tietol\u00e4hteet<\/strong><\/p>\n\n\n\n<p>Tietol\u00e4hteet saadaan henkil\u00f6lt\u00e4 itselt\u00e4\u00e4n. Ty\u00f6tilaan kirjaudutaan s\u00e4hk\u00f6postiosoitteella (pakollinen tieto). K\u00e4ytt\u00e4j\u00e4 valitsee itselleen tunnisteen, joka voi olla oikea nimi tai lempinimi. K\u00e4ytt\u00e4j\u00e4 voi halutessaan lis\u00e4t\u00e4 kuvansa tunnisteeseen.<\/p>\n\n\n\n<p><strong>8 S\u00e4\u00e4nn\u00f6nmukaiset tietojen luovutukset ja tietojen siirto EU:n tai Euroopan talousalueen ulkopuolelle<\/strong><\/p>\n\n\n\n<p>Rekisterist\u00e4 ei luovuteta tietoja.<\/p>\n\n\n\n<p>Ty\u00f6kalua hallinnoi aina projektin vastaava projektip\u00e4\u00e4llikk\u00f6. Projektin vastaava projektip\u00e4\u00e4llikk\u00f6 vastaa rekister\u00f6idyn asianmukaisesta informoimisesta.<\/p>\n\n\n\n<p><strong>9 Rekisterin suojauksen periaatteet<\/strong><\/p>\n\n\n\n<p>Ks. <a href=\"https:\/\/www.howspace.com\/privacy-policy\">https:\/\/www.howspace.com\/privacy-policy<\/a><\/p>\n\n\n\n<p>Ty\u00f6tila ei sis\u00e4ll\u00e4 manuaalista aineistoa. Oletuksena k\u00e4ytt\u00e4j\u00e4ll\u00e4 on linkki ty\u00f6tilaan. PIN-koodia k\u00e4ytt\u00e4m\u00e4ll\u00e4 voidaan ty\u00f6tilasta tehd\u00e4 henkil\u00f6kohtainen. Ty\u00f6tilan tietoja ei siirret\u00e4 Jamkin j\u00e4rjestelmiin.<\/p>\n\n\n\n<p>Oikeus henkil\u00f6tietojen k\u00e4sittelyyn on ty\u00f6tilan yll\u00e4pit\u00e4jill\u00e4 (projektin ty\u00f6ntekij\u00e4t). Henkil\u00f6tietojen k\u00e4sittelyn tarkoituksena on ty\u00f6tilan k\u00e4yt\u00f6n mahdollistaminen.<\/p>\n\n\n\n<p><strong>10 Henkil\u00f6tietojen s\u00e4ilytt\u00e4misaika tai s\u00e4ilytt\u00e4misajan m\u00e4\u00e4ritt\u00e4miskriteerit<\/strong><\/p>\n\n\n\n<p>TKI\/Tutkimusprojektin vastaavalla projektip\u00e4\u00e4llik\u00f6ll\u00e4 on velvollisuus suunnitella henkil\u00f6tietojen k\u00e4sittely ja s\u00e4ilytt\u00e4miskriteerit sek\u00e4 informoida rekister\u00f6ity\u00e4 t\u00e4st\u00e4.<\/p>\n\n\n\n<p>Henkil\u00f6tietoja j\u00e4rjestelm\u00e4ss\u00e4 s\u00e4ilytet\u00e4\u00e4n niin kauan kuin k\u00e4ytt\u00e4j\u00e4 on ty\u00f6tilan k\u00e4ytt\u00e4j\u00e4. Henkil\u00f6tiedot h\u00e4vitet\u00e4\u00e4n viimeist\u00e4\u00e4n ty\u00f6tilan sulkeutuessa.<\/p>\n\n\n\n<p><strong>11 Profilointi ja automaattinen p\u00e4\u00e4t\u00f6ksenteko<\/strong><\/p>\n\n\n\n<p>Rekisterin tietoja ei k\u00e4ytet\u00e4 automatisoituihin yksitt\u00e4isp\u00e4\u00e4t\u00f6ksiin eik\u00e4 profilointiin.<\/p>\n\n\n\n<p><strong>12 Rekister\u00f6idyn oikeudet<\/strong><\/p>\n\n\n\n<p>Tietosuojavastaavasta ja rekister\u00f6idyn oikeuksista ja niiden toteuttamisesta kerrotaan <a href=\"https:\/\/www.jamk.fi\/fi\/jamk\/tietosuoja-jamkissa\">Jamkin tietosuojalausekkeessa<\/a> ja <a href=\"https:\/\/www.jamk.fi\/fi\/jamk\/tietosuoja-jamkissa\">Rekister\u00f6idyn oikeudet<\/a>-sivulla.<\/p>\n","protected":false},"excerpt":{"rendered":"<p>EU yleinen tietosuoja-asetus (2016\/679) P\u00e4ivitetty 15.5.2020 1 Rekisterin nimi Howspace-ty\u00f6tila 2 Rekisterinpit\u00e4j\u00e4 Jyv\u00e4skyl\u00e4n Ammattikorkeakoulu OyPL 207, 40101 Jyv\u00e4skyl\u00e4 Palveluntarjoajan\/j\u00e4rjestelm\u00e4toimittajan tietosuojaseloste: https:\/\/www.howspace.com\/privacy-policy 3 Yhteyshenkil\u00f6 rekisteri\u00e4 koskevissa asioissa, yhteystiedot virka-aikana Rekisterist\u00e4 vastaava johtaja tai prosessin omistaja: Projektien vastuuhenkil\u00f6t (projektip\u00e4\u00e4llikk\u00f6, tutkija tai vast.) Jamkin yksik\u00f6iss\u00e4 Sis\u00e4ll\u00f6llinen p\u00e4\u00e4k\u00e4ytt\u00e4j\u00e4: Projektien vastuuhenkil\u00f6t (projektip\u00e4\u00e4llikk\u00f6, tutkija tai vast.) Jamkin yksik\u00f6iss\u00e4 Tekninen p\u00e4\u00e4k\u00e4ytt\u00e4j\u00e4: Projektien [&hellip;]<\/p>\n","protected":false},"author":178,"featured_media":0,"parent":544,"menu_order":0,"comment_status":"closed","ping_status":"closed","template":"","meta":{"_acf_changed":false,"_relevanssi_hide_post":"","_relevanssi_hide_content":"","_relevanssi_pin_for_all":"","_relevanssi_pin_keywords":"","_relevanssi_unpin_keywords":"","_relevanssi_related_keywords":"","_relevanssi_related_include_ids":"","_relevanssi_related_exclude_ids":"","_relevanssi_related_no_append":"","_relevanssi_related_not_related":"","_relevanssi_related_posts":"","_relevanssi_noindex_reason":"","footnotes":""},"categories":[1],"tags":[76],"class_list":["post-144","page","type-page","status-publish","hentry","category-yleinen","tag-tietosuojaseloste"],"acf":[],"yoast_head":"<!-- This site is optimized with the Yoast SEO plugin v27.3 - https:\/\/yoast.com\/product\/yoast-seo-wordpress\/ -->\n<title>Tietosuojaseloste - Howspace-ty\u00f6tila - Tietosuoja<\/title>\n<meta name=\"robots\" content=\"index, follow, max-snippet:-1, max-image-preview:large, max-video-preview:-1\" \/>\n<link rel=\"canonical\" href=\"https:\/\/help.jamk.fi\/tietosuoja\/fi\/sidosryhmat\/howspace-tyotila-tietosuojaseloste\/\" \/>\n<meta property=\"og:locale\" content=\"fi_FI\" \/>\n<meta property=\"og:type\" content=\"article\" \/>\n<meta property=\"og:title\" content=\"Tietosuojaseloste - Howspace-ty\u00f6tila - Tietosuoja\" \/>\n<meta property=\"og:description\" content=\"EU yleinen tietosuoja-asetus (2016\/679) P\u00e4ivitetty 15.5.2020 1 Rekisterin nimi Howspace-ty\u00f6tila 2 Rekisterinpit\u00e4j\u00e4 Jyv\u00e4skyl\u00e4n Ammattikorkeakoulu OyPL 207, 40101 Jyv\u00e4skyl\u00e4 Palveluntarjoajan\/j\u00e4rjestelm\u00e4toimittajan tietosuojaseloste: https:\/\/www.howspace.com\/privacy-policy 3 Yhteyshenkil\u00f6 rekisteri\u00e4 koskevissa asioissa, yhteystiedot virka-aikana Rekisterist\u00e4 vastaava johtaja tai prosessin omistaja: Projektien vastuuhenkil\u00f6t (projektip\u00e4\u00e4llikk\u00f6, tutkija tai vast.) Jamkin yksik\u00f6iss\u00e4 Sis\u00e4ll\u00f6llinen p\u00e4\u00e4k\u00e4ytt\u00e4j\u00e4: Projektien vastuuhenkil\u00f6t (projektip\u00e4\u00e4llikk\u00f6, tutkija tai vast.) Jamkin yksik\u00f6iss\u00e4 Tekninen p\u00e4\u00e4k\u00e4ytt\u00e4j\u00e4: Projektien [&hellip;]\" \/>\n<meta property=\"og:url\" content=\"https:\/\/help.jamk.fi\/tietosuoja\/fi\/sidosryhmat\/howspace-tyotila-tietosuojaseloste\/\" \/>\n<meta property=\"og:site_name\" content=\"Tietosuoja\" \/>\n<meta property=\"article:modified_time\" content=\"2023-12-18T10:34:10+00:00\" \/>\n<meta name=\"twitter:card\" content=\"summary_large_image\" \/>\n<meta name=\"twitter:label1\" content=\"Arvioitu lukuaika\" \/>\n\t<meta name=\"twitter:data1\" content=\"2 minuuttia\" \/>\n<script type=\"application\/ld+json\" class=\"yoast-schema-graph\">{\"@context\":\"https:\\\/\\\/schema.org\",\"@graph\":[{\"@type\":\"WebPage\",\"@id\":\"https:\\\/\\\/help.jamk.fi\\\/tietosuoja\\\/fi\\\/sidosryhmat\\\/howspace-tyotila-tietosuojaseloste\\\/\",\"url\":\"https:\\\/\\\/help.jamk.fi\\\/tietosuoja\\\/fi\\\/sidosryhmat\\\/howspace-tyotila-tietosuojaseloste\\\/\",\"name\":\"Tietosuojaseloste - Howspace-ty\u00f6tila - Tietosuoja\",\"isPartOf\":{\"@id\":\"https:\\\/\\\/help.jamk.fi\\\/tietosuoja\\\/#website\"},\"datePublished\":\"2020-05-18T07:34:12+00:00\",\"dateModified\":\"2023-12-18T10:34:10+00:00\",\"breadcrumb\":{\"@id\":\"https:\\\/\\\/help.jamk.fi\\\/tietosuoja\\\/fi\\\/sidosryhmat\\\/howspace-tyotila-tietosuojaseloste\\\/#breadcrumb\"},\"inLanguage\":\"fi\",\"potentialAction\":[{\"@type\":\"ReadAction\",\"target\":[\"https:\\\/\\\/help.jamk.fi\\\/tietosuoja\\\/fi\\\/sidosryhmat\\\/howspace-tyotila-tietosuojaseloste\\\/\"]}]},{\"@type\":\"BreadcrumbList\",\"@id\":\"https:\\\/\\\/help.jamk.fi\\\/tietosuoja\\\/fi\\\/sidosryhmat\\\/howspace-tyotila-tietosuojaseloste\\\/#breadcrumb\",\"itemListElement\":[{\"@type\":\"ListItem\",\"position\":1,\"name\":\"Etusivu\",\"item\":\"https:\\\/\\\/help.jamk.fi\\\/tietosuoja\\\/fi\\\/\"},{\"@type\":\"ListItem\",\"position\":2,\"name\":\"Sidosryhm\u00e4t\",\"item\":\"https:\\\/\\\/help.jamk.fi\\\/tietosuoja\\\/fi\\\/sidosryhmat\\\/\"},{\"@type\":\"ListItem\",\"position\":3,\"name\":\"Tietosuojaseloste &#8211; Howspace-ty\u00f6tila\"}]},{\"@type\":\"WebSite\",\"@id\":\"https:\\\/\\\/help.jamk.fi\\\/tietosuoja\\\/#website\",\"url\":\"https:\\\/\\\/help.jamk.fi\\\/tietosuoja\\\/\",\"name\":\"Tietosuoja\",\"description\":\"\",\"potentialAction\":[{\"@type\":\"SearchAction\",\"target\":{\"@type\":\"EntryPoint\",\"urlTemplate\":\"https:\\\/\\\/help.jamk.fi\\\/tietosuoja\\\/?s={search_term_string}\"},\"query-input\":{\"@type\":\"PropertyValueSpecification\",\"valueRequired\":true,\"valueName\":\"search_term_string\"}}],\"inLanguage\":\"fi\"}]}<\/script>\n<!-- \/ Yoast SEO plugin. -->","yoast_head_json":{"title":"Tietosuojaseloste - Howspace-ty\u00f6tila - Tietosuoja","robots":{"index":"index","follow":"follow","max-snippet":"max-snippet:-1","max-image-preview":"max-image-preview:large","max-video-preview":"max-video-preview:-1"},"canonical":"https:\/\/help.jamk.fi\/tietosuoja\/fi\/sidosryhmat\/howspace-tyotila-tietosuojaseloste\/","og_locale":"fi_FI","og_type":"article","og_title":"Tietosuojaseloste - Howspace-ty\u00f6tila - Tietosuoja","og_description":"EU yleinen tietosuoja-asetus (2016\/679) P\u00e4ivitetty 15.5.2020 1 Rekisterin nimi Howspace-ty\u00f6tila 2 Rekisterinpit\u00e4j\u00e4 Jyv\u00e4skyl\u00e4n Ammattikorkeakoulu OyPL 207, 40101 Jyv\u00e4skyl\u00e4 Palveluntarjoajan\/j\u00e4rjestelm\u00e4toimittajan tietosuojaseloste: https:\/\/www.howspace.com\/privacy-policy 3 Yhteyshenkil\u00f6 rekisteri\u00e4 koskevissa asioissa, yhteystiedot virka-aikana Rekisterist\u00e4 vastaava johtaja tai prosessin omistaja: Projektien vastuuhenkil\u00f6t (projektip\u00e4\u00e4llikk\u00f6, tutkija tai vast.) Jamkin yksik\u00f6iss\u00e4 Sis\u00e4ll\u00f6llinen p\u00e4\u00e4k\u00e4ytt\u00e4j\u00e4: Projektien vastuuhenkil\u00f6t (projektip\u00e4\u00e4llikk\u00f6, tutkija tai vast.) Jamkin yksik\u00f6iss\u00e4 Tekninen p\u00e4\u00e4k\u00e4ytt\u00e4j\u00e4: Projektien [&hellip;]","og_url":"https:\/\/help.jamk.fi\/tietosuoja\/fi\/sidosryhmat\/howspace-tyotila-tietosuojaseloste\/","og_site_name":"Tietosuoja","article_modified_time":"2023-12-18T10:34:10+00:00","twitter_card":"summary_large_image","twitter_misc":{"Arvioitu lukuaika":"2 minuuttia"},"schema":{"@context":"https:\/\/schema.org","@graph":[{"@type":"WebPage","@id":"https:\/\/help.jamk.fi\/tietosuoja\/fi\/sidosryhmat\/howspace-tyotila-tietosuojaseloste\/","url":"https:\/\/help.jamk.fi\/tietosuoja\/fi\/sidosryhmat\/howspace-tyotila-tietosuojaseloste\/","name":"Tietosuojaseloste - Howspace-ty\u00f6tila - Tietosuoja","isPartOf":{"@id":"https:\/\/help.jamk.fi\/tietosuoja\/#website"},"datePublished":"2020-05-18T07:34:12+00:00","dateModified":"2023-12-18T10:34:10+00:00","breadcrumb":{"@id":"https:\/\/help.jamk.fi\/tietosuoja\/fi\/sidosryhmat\/howspace-tyotila-tietosuojaseloste\/#breadcrumb"},"inLanguage":"fi","potentialAction":[{"@type":"ReadAction","target":["https:\/\/help.jamk.fi\/tietosuoja\/fi\/sidosryhmat\/howspace-tyotila-tietosuojaseloste\/"]}]},{"@type":"BreadcrumbList","@id":"https:\/\/help.jamk.fi\/tietosuoja\/fi\/sidosryhmat\/howspace-tyotila-tietosuojaseloste\/#breadcrumb","itemListElement":[{"@type":"ListItem","position":1,"name":"Etusivu","item":"https:\/\/help.jamk.fi\/tietosuoja\/fi\/"},{"@type":"ListItem","position":2,"name":"Sidosryhm\u00e4t","item":"https:\/\/help.jamk.fi\/tietosuoja\/fi\/sidosryhmat\/"},{"@type":"ListItem","position":3,"name":"Tietosuojaseloste &#8211; Howspace-ty\u00f6tila"}]},{"@type":"WebSite","@id":"https:\/\/help.jamk.fi\/tietosuoja\/#website","url":"https:\/\/help.jamk.fi\/tietosuoja\/","name":"Tietosuoja","description":"","potentialAction":[{"@type":"SearchAction","target":{"@type":"EntryPoint","urlTemplate":"https:\/\/help.jamk.fi\/tietosuoja\/?s={search_term_string}"},"query-input":{"@type":"PropertyValueSpecification","valueRequired":true,"valueName":"search_term_string"}}],"inLanguage":"fi"}]}},"_links":{"self":[{"href":"https:\/\/help.jamk.fi\/tietosuoja\/wp-json\/wp\/v2\/pages\/144","targetHints":{"allow":["GET"]}}],"collection":[{"href":"https:\/\/help.jamk.fi\/tietosuoja\/wp-json\/wp\/v2\/pages"}],"about":[{"href":"https:\/\/help.jamk.fi\/tietosuoja\/wp-json\/wp\/v2\/types\/page"}],"author":[{"embeddable":true,"href":"https:\/\/help.jamk.fi\/tietosuoja\/wp-json\/wp\/v2\/users\/178"}],"replies":[{"embeddable":true,"href":"https:\/\/help.jamk.fi\/tietosuoja\/wp-json\/wp\/v2\/comments?post=144"}],"version-history":[{"count":1,"href":"https:\/\/help.jamk.fi\/tietosuoja\/wp-json\/wp\/v2\/pages\/144\/revisions"}],"predecessor-version":[{"id":321,"href":"https:\/\/help.jamk.fi\/tietosuoja\/wp-json\/wp\/v2\/pages\/144\/revisions\/321"}],"up":[{"embeddable":true,"href":"https:\/\/help.jamk.fi\/tietosuoja\/wp-json\/wp\/v2\/pages\/544"}],"wp:attachment":[{"href":"https:\/\/help.jamk.fi\/tietosuoja\/wp-json\/wp\/v2\/media?parent=144"}],"wp:term":[{"taxonomy":"category","embeddable":true,"href":"https:\/\/help.jamk.fi\/tietosuoja\/wp-json\/wp\/v2\/categories?post=144"},{"taxonomy":"post_tag","embeddable":true,"href":"https:\/\/help.jamk.fi\/tietosuoja\/wp-json\/wp\/v2\/tags?post=144"}],"curies":[{"name":"wp","href":"https:\/\/api.w.org\/{rel}","templated":true}]}}