{"id":156,"date":"2020-09-23T06:43:29","date_gmt":"2020-09-23T03:43:29","guid":{"rendered":"https:\/\/help.jamk.fi\/tietosuoja\/sahkoinen-allekirjoituspalvelu\/"},"modified":"2026-01-20T11:29:55","modified_gmt":"2026-01-20T09:29:55","slug":"sahkoinen-allekirjoituspalvelu","status":"publish","type":"page","link":"https:\/\/help.jamk.fi\/tietosuoja\/fi\/yleishallinto\/sahkoinen-allekirjoituspalvelu\/","title":{"rendered":"Tietosuojaseloste &#8211; S\u00e4hk\u00f6inen allekirjoituspalvelu"},"content":{"rendered":"\n<p>(<a href=\"http:\/\/eur-lex.europa.eu\/legal-content\/FI\/TXT\/?uri=uriserv:OJ.L_.2016.119.01.0001.01.FIN&amp;toc=OJ:L:2016:119:FULL\">EU -tietosuoja-asetus (2016\/679))<\/a><\/p>\n\n\n\n<p>P\u00e4ivitetty 20.1.2026<\/p>\n\n\n\n<h2 class=\"wp-block-heading\">1 Rekisterin nimi<\/h2>\n\n\n\n<p>S\u00e4hk\u00f6inen allekirjoituspalvelu<\/p>\n\n\n\n<h2 class=\"wp-block-heading\">2&nbsp;Rekisterinpit\u00e4j\u00e4<\/h2>\n\n\n\n<p>Jyv\u00e4skyl\u00e4n ammattikorkeakoulu Oy<br>PL 207, 40101 Jyv\u00e4skyl\u00e4<br>+358 20 743 8100<\/p>\n\n\n\n<h2 class=\"wp-block-heading\">3&nbsp;Yhteyshenkil\u00f6 rekisteri\u00e4 koskevissa asioissa, yhteystiedot virka-aikana<\/h2>\n\n\n\n<ul class=\"wp-block-list\">\n<li>Rekisterist\u00e4 vastaava johtaja:&nbsp; Hallintojohtaja Mikko R. Salminen<\/li>\n\n\n\n<li>Sis\u00e4ll\u00f6llinen p\u00e4\u00e4k\u00e4ytt\u00e4j\u00e4 Pasi Somero<\/li>\n\n\n\n<li>Tekninen p\u00e4\u00e4k\u00e4ytt\u00e4j\u00e4 Jussi Vihko<br>etunimi.sukunimi[a]jamk.fi<\/li>\n<\/ul>\n\n\n\n<h2 class=\"wp-block-heading\">4 Henkil\u00f6tietojen k\u00e4sittelyn tarkoitus<\/h2>\n\n\n\n<p>Asianhallinta. Palvelun avulla voidaan s\u00e4hk\u00f6isesti allekirjoittaa asiakirjoja sek\u00e4 l\u00e4hett\u00e4\u00e4 niit\u00e4 muille katselmoitavaksi ja allekirjoitettavaksi.<\/p>\n\n\n\n<h2 class=\"wp-block-heading\">5 Rekisterin tietosis\u00e4lt\u00f6<\/h2>\n\n\n\n<p>Rekisteriin tallennetaan vain ne asian kannalta oleelliset henkil\u00f6tiedot, joiden tallentaminen on asian k\u00e4sittelyn kannalta tarpeellista.<\/p>\n\n\n\n<ul class=\"wp-block-list\">\n<li>Nimi<\/li>\n\n\n\n<li>Puhelinnumero<\/li>\n\n\n\n<li>S\u00e4hk\u00f6postiosoite Jamk\/muu<\/li>\n\n\n\n<li>Organisaatio<\/li>\n\n\n\n<li>Toiminimike<\/li>\n<\/ul>\n\n\n\n<h2 class=\"wp-block-heading\">K\u00e4sittelyperuste<\/h2>\n\n\n\n<p>Rekisterin tietojen k\u00e4sittelyperusteena on lakis\u00e4\u00e4teinen velvoite sek\u00e4 t\u00e4rke\u00e4 yleinen etu lains\u00e4\u00e4d\u00e4nn\u00f6n nojalla (artikla 9 kohta 2 g) ja rekisterinpit\u00e4j\u00e4n tai kolmannen oikeutettu etu.<\/p>\n\n\n\n<h2 class=\"wp-block-heading\">7 S\u00e4\u00e4nn\u00f6nmukaiset tietol\u00e4hteet<\/h2>\n\n\n\n<p>Jamkin henkil\u00f6st\u00f6n tiedot AD-j\u00e4rjestelm\u00e4st\u00e4. Ulkopuolisten tiedot saadaan heilt\u00e4 itselt\u00e4\u00e4n.<\/p>\n\n\n\n<h2 class=\"wp-block-heading\">8&nbsp;S\u00e4\u00e4nn\u00f6nmukaiset tietojen luovutukset ja tietojen siirto EU:n tai Euroopan talousalueen ulkopuolelle<\/h2>\n\n\n\n<p>Sarake Oy on henkil\u00f6tietojen k\u00e4sittelij\u00e4, joka yll\u00e4pit\u00e4\u00e4 palvelua ja jolle tietoja luovutetaan. Henkil\u00f6tiedot siirret\u00e4\u00e4n AD-synkronoinnin avulla tai k\u00e4sin kirjaamalla. Tietoja ei siirret\u00e4 EU:n tai ETA-alueen ulkopuolelle eik\u00e4 kansainv\u00e4lisille j\u00e4rjest\u00f6ille.<\/p>\n\n\n\n<p>Henkil\u00f6tietojen k\u00e4sittely on ulkoistettu toimeksiantosopimuksella. Toimittaja k\u00e4sittelee j\u00e4rjestelm\u00e4n henkil\u00f6tietoja vain silloin kun sille on peruste, esim. yll\u00e4pitoteht\u00e4v\u00e4 tai virheen selvitt\u00e4minen. T\u00e4ll\u00f6inkin henkil\u00f6tietoja k\u00e4sitell\u00e4\u00e4n vain siin\u00e4 laajuudessa kuin on tarpeen. Toimittaja k\u00e4sittelee henkil\u00f6tietoja vain EU:n alueelta.<\/p>\n\n\n\n<h2 class=\"wp-block-heading\">9&nbsp;Rekisterin suojauksen periaatteet<\/h2>\n\n\n\n<p>Jamk Sign on Sarake Oy:n tarjoama Private\/Hybrid Cloud-muotoinen SaaS-palvelu, jossa palvelukokonaisuutta hallinnoi ja siit\u00e4 vastaa palveluntarjoaja. Sovellus toimitetaan asiakkaiden k\u00e4ytett\u00e4v\u00e4ksi Internetin v\u00e4lityksell\u00e4. Asiakas k\u00e4ytt\u00e4\u00e4 palvelua web-selaink\u00e4ytt\u00f6liittym\u00e4n, mobiilisovellusten ja webservice-rajapinnan avulla. L\u00e4ht\u00f6kohtaisesti palvelu on rajattu ainoastaan asiakkaan toimintaymp\u00e4rist\u00f6\u00f6n eik\u00e4 siihen ole p\u00e4\u00e4sy\u00e4 julkisesta Internet-verkosta. Jamk Sign-palvelu perustuu suomalaisen palvelutoimittajan Nebula Oy:n Cloud 9-palveluun, joka kattaa palvelin- ja tallennuskapasiteetin, varmistuksiin ja tietoliikenteeseen liittyv\u00e4t palvelut sek\u00e4 n\u00e4ihin liittyv\u00e4t k\u00e4ytt\u00f6- ja operointipalvelut. Palvelimet sijaitsevat Lauttasaaressa ja Pit\u00e4j\u00e4nm\u00e4ess\u00e4. Henkil\u00f6tietoja saavat k\u00e4sitell\u00e4 Jamkissa vain ne, joiden teht\u00e4viin se kuuluu. Toimittaja k\u00e4sittelee j\u00e4rjestelm\u00e4n henkil\u00f6tietoja vain silloin, kun sille on peruste, esim. yll\u00e4pitoteht\u00e4v\u00e4 tai virheen selvitt\u00e4minen. Henkil\u00f6tietoja k\u00e4sitell\u00e4\u00e4n vain siin\u00e4 laajuudessa kuin on tarpeen.<\/p>\n\n\n\n<h2 class=\"wp-block-heading\">10 Henkil\u00f6tietojen s\u00e4ilytt\u00e4misaika tai s\u00e4ilytt\u00e4misajan m\u00e4\u00e4ritt\u00e4miskriteerit<\/h2>\n\n\n\n<p>Henkil\u00f6kunnan ja opiskelijoiden henkil\u00f6tietoja k\u00e4sitell\u00e4\u00e4n ty\u00f6suhteen tai opiskelun ajan. Muiden henkil\u00f6tietoja k\u00e4sitell\u00e4\u00e4n niin kauan, kuin se on tarpeen. Jamk siirt\u00e4\u00e4 allekirjoitetut siirret\u00e4\u00e4n Jamkin asianhallintaan, jossa niit\u00e4 s\u00e4ilytet\u00e4\u00e4n tiedonohjaussuunnitelman mukainen aika. Jamk Sign palvelussa asiakirjallista tietoa s\u00e4ilytet\u00e4\u00e4n 30 vuorokauden ajan, jonka j\u00e4lkeen ne poistuvat automaattisesti. Allekirjoituksen osapuolet voivat tallentaa asiakirjan allekirjoitetun versionsa omiin j\u00e4rjestelmiins\u00e4.<\/p>\n\n\n\n<h2 class=\"wp-block-heading\">10&nbsp;Profilointi ja automaattinen p\u00e4\u00e4t\u00f6ksenteko<\/h2>\n\n\n\n<p>Rekisterin tietoja ei k\u00e4ytet\u00e4 automatisoituihin yksitt\u00e4isp\u00e4\u00e4t\u00f6ksiin, profilointi mukaan lukien.<\/p>\n\n\n\n<h2 class=\"wp-block-heading\">11 Rekister\u00f6idyn oikeudet<\/h2>\n\n\n\n<p>Lis\u00e4tietoa tietosuojavastaavasta ja rekister\u00f6idyn oikeuksista ja niiden toteuttamisesta&nbsp;kerrotaan <a href=\"https:\/\/www.jamk.fi\/fi\/jamk\/tietosuoja-jamkissa\">Jamkin tietosuojalausekkeessa<\/a> ja <a href=\"https:\/\/www.jamk.fi\/fi\/jamk\/tietosuoja-jamkissa\">Rekister\u00f6idyn oikeudet<\/a>-sivulla.<\/p>\n","protected":false},"excerpt":{"rendered":"<p>(EU -tietosuoja-asetus (2016\/679)) P\u00e4ivitetty 20.1.2026 1 Rekisterin nimi S\u00e4hk\u00f6inen allekirjoituspalvelu 2&nbsp;Rekisterinpit\u00e4j\u00e4 Jyv\u00e4skyl\u00e4n ammattikorkeakoulu OyPL 207, 40101 Jyv\u00e4skyl\u00e4+358 20 743 8100 3&nbsp;Yhteyshenkil\u00f6 rekisteri\u00e4 koskevissa asioissa, yhteystiedot virka-aikana 4 Henkil\u00f6tietojen k\u00e4sittelyn tarkoitus Asianhallinta. Palvelun avulla voidaan s\u00e4hk\u00f6isesti allekirjoittaa asiakirjoja sek\u00e4 l\u00e4hett\u00e4\u00e4 niit\u00e4 muille katselmoitavaksi ja allekirjoitettavaksi. 5 Rekisterin tietosis\u00e4lt\u00f6 Rekisteriin tallennetaan vain ne asian kannalta oleelliset henkil\u00f6tiedot, [&hellip;]<\/p>\n","protected":false},"author":178,"featured_media":0,"parent":494,"menu_order":0,"comment_status":"closed","ping_status":"closed","template":"","meta":{"_acf_changed":false,"_relevanssi_hide_post":"","_relevanssi_hide_content":"","_relevanssi_pin_for_all":"","_relevanssi_pin_keywords":"","_relevanssi_unpin_keywords":"","_relevanssi_related_keywords":"","_relevanssi_related_include_ids":"","_relevanssi_related_exclude_ids":"","_relevanssi_related_no_append":"","_relevanssi_related_not_related":"","_relevanssi_related_posts":"","_relevanssi_noindex_reason":"","footnotes":""},"categories":[1],"tags":[76,352],"class_list":["post-156","page","type-page","status-publish","hentry","category-yleinen","tag-tietosuojaseloste","tag-yleishallinto"],"acf":[],"yoast_head":"<!-- This site is optimized with the Yoast SEO plugin v27.3 - https:\/\/yoast.com\/product\/yoast-seo-wordpress\/ -->\n<title>Tietosuojaseloste - S\u00e4hk\u00f6inen allekirjoituspalvelu - Tietosuoja<\/title>\n<meta name=\"robots\" content=\"index, follow, max-snippet:-1, max-image-preview:large, max-video-preview:-1\" \/>\n<link rel=\"canonical\" href=\"https:\/\/help.jamk.fi\/tietosuoja\/fi\/yleishallinto\/sahkoinen-allekirjoituspalvelu\/\" \/>\n<meta property=\"og:locale\" content=\"fi_FI\" \/>\n<meta property=\"og:type\" content=\"article\" \/>\n<meta property=\"og:title\" content=\"Tietosuojaseloste - S\u00e4hk\u00f6inen allekirjoituspalvelu - Tietosuoja\" \/>\n<meta property=\"og:description\" content=\"(EU -tietosuoja-asetus (2016\/679)) P\u00e4ivitetty 20.1.2026 1 Rekisterin nimi S\u00e4hk\u00f6inen allekirjoituspalvelu 2&nbsp;Rekisterinpit\u00e4j\u00e4 Jyv\u00e4skyl\u00e4n ammattikorkeakoulu OyPL 207, 40101 Jyv\u00e4skyl\u00e4+358 20 743 8100 3&nbsp;Yhteyshenkil\u00f6 rekisteri\u00e4 koskevissa asioissa, yhteystiedot virka-aikana 4 Henkil\u00f6tietojen k\u00e4sittelyn tarkoitus Asianhallinta. Palvelun avulla voidaan s\u00e4hk\u00f6isesti allekirjoittaa asiakirjoja sek\u00e4 l\u00e4hett\u00e4\u00e4 niit\u00e4 muille katselmoitavaksi ja allekirjoitettavaksi. 5 Rekisterin tietosis\u00e4lt\u00f6 Rekisteriin tallennetaan vain ne asian kannalta oleelliset henkil\u00f6tiedot, [&hellip;]\" \/>\n<meta property=\"og:url\" content=\"https:\/\/help.jamk.fi\/tietosuoja\/fi\/yleishallinto\/sahkoinen-allekirjoituspalvelu\/\" \/>\n<meta property=\"og:site_name\" content=\"Tietosuoja\" \/>\n<meta property=\"article:modified_time\" content=\"2026-01-20T09:29:55+00:00\" \/>\n<meta name=\"twitter:card\" content=\"summary_large_image\" \/>\n<meta name=\"twitter:label1\" content=\"Arvioitu lukuaika\" \/>\n\t<meta name=\"twitter:data1\" content=\"3 minuuttia\" \/>\n<script type=\"application\/ld+json\" class=\"yoast-schema-graph\">{\"@context\":\"https:\\\/\\\/schema.org\",\"@graph\":[{\"@type\":\"WebPage\",\"@id\":\"https:\\\/\\\/help.jamk.fi\\\/tietosuoja\\\/fi\\\/yleishallinto\\\/sahkoinen-allekirjoituspalvelu\\\/\",\"url\":\"https:\\\/\\\/help.jamk.fi\\\/tietosuoja\\\/fi\\\/yleishallinto\\\/sahkoinen-allekirjoituspalvelu\\\/\",\"name\":\"Tietosuojaseloste - S\u00e4hk\u00f6inen allekirjoituspalvelu - Tietosuoja\",\"isPartOf\":{\"@id\":\"https:\\\/\\\/help.jamk.fi\\\/tietosuoja\\\/#website\"},\"datePublished\":\"2020-09-23T03:43:29+00:00\",\"dateModified\":\"2026-01-20T09:29:55+00:00\",\"breadcrumb\":{\"@id\":\"https:\\\/\\\/help.jamk.fi\\\/tietosuoja\\\/fi\\\/yleishallinto\\\/sahkoinen-allekirjoituspalvelu\\\/#breadcrumb\"},\"inLanguage\":\"fi\",\"potentialAction\":[{\"@type\":\"ReadAction\",\"target\":[\"https:\\\/\\\/help.jamk.fi\\\/tietosuoja\\\/fi\\\/yleishallinto\\\/sahkoinen-allekirjoituspalvelu\\\/\"]}]},{\"@type\":\"BreadcrumbList\",\"@id\":\"https:\\\/\\\/help.jamk.fi\\\/tietosuoja\\\/fi\\\/yleishallinto\\\/sahkoinen-allekirjoituspalvelu\\\/#breadcrumb\",\"itemListElement\":[{\"@type\":\"ListItem\",\"position\":1,\"name\":\"Etusivu\",\"item\":\"https:\\\/\\\/help.jamk.fi\\\/tietosuoja\\\/fi\\\/\"},{\"@type\":\"ListItem\",\"position\":2,\"name\":\"Yleishallinto\",\"item\":\"https:\\\/\\\/help.jamk.fi\\\/tietosuoja\\\/fi\\\/yleishallinto\\\/\"},{\"@type\":\"ListItem\",\"position\":3,\"name\":\"Tietosuojaseloste &#8211; S\u00e4hk\u00f6inen allekirjoituspalvelu\"}]},{\"@type\":\"WebSite\",\"@id\":\"https:\\\/\\\/help.jamk.fi\\\/tietosuoja\\\/#website\",\"url\":\"https:\\\/\\\/help.jamk.fi\\\/tietosuoja\\\/\",\"name\":\"Tietosuoja\",\"description\":\"\",\"potentialAction\":[{\"@type\":\"SearchAction\",\"target\":{\"@type\":\"EntryPoint\",\"urlTemplate\":\"https:\\\/\\\/help.jamk.fi\\\/tietosuoja\\\/?s={search_term_string}\"},\"query-input\":{\"@type\":\"PropertyValueSpecification\",\"valueRequired\":true,\"valueName\":\"search_term_string\"}}],\"inLanguage\":\"fi\"}]}<\/script>\n<!-- \/ Yoast SEO plugin. -->","yoast_head_json":{"title":"Tietosuojaseloste - S\u00e4hk\u00f6inen allekirjoituspalvelu - Tietosuoja","robots":{"index":"index","follow":"follow","max-snippet":"max-snippet:-1","max-image-preview":"max-image-preview:large","max-video-preview":"max-video-preview:-1"},"canonical":"https:\/\/help.jamk.fi\/tietosuoja\/fi\/yleishallinto\/sahkoinen-allekirjoituspalvelu\/","og_locale":"fi_FI","og_type":"article","og_title":"Tietosuojaseloste - S\u00e4hk\u00f6inen allekirjoituspalvelu - Tietosuoja","og_description":"(EU -tietosuoja-asetus (2016\/679)) P\u00e4ivitetty 20.1.2026 1 Rekisterin nimi S\u00e4hk\u00f6inen allekirjoituspalvelu 2&nbsp;Rekisterinpit\u00e4j\u00e4 Jyv\u00e4skyl\u00e4n ammattikorkeakoulu OyPL 207, 40101 Jyv\u00e4skyl\u00e4+358 20 743 8100 3&nbsp;Yhteyshenkil\u00f6 rekisteri\u00e4 koskevissa asioissa, yhteystiedot virka-aikana 4 Henkil\u00f6tietojen k\u00e4sittelyn tarkoitus Asianhallinta. Palvelun avulla voidaan s\u00e4hk\u00f6isesti allekirjoittaa asiakirjoja sek\u00e4 l\u00e4hett\u00e4\u00e4 niit\u00e4 muille katselmoitavaksi ja allekirjoitettavaksi. 5 Rekisterin tietosis\u00e4lt\u00f6 Rekisteriin tallennetaan vain ne asian kannalta oleelliset henkil\u00f6tiedot, [&hellip;]","og_url":"https:\/\/help.jamk.fi\/tietosuoja\/fi\/yleishallinto\/sahkoinen-allekirjoituspalvelu\/","og_site_name":"Tietosuoja","article_modified_time":"2026-01-20T09:29:55+00:00","twitter_card":"summary_large_image","twitter_misc":{"Arvioitu lukuaika":"3 minuuttia"},"schema":{"@context":"https:\/\/schema.org","@graph":[{"@type":"WebPage","@id":"https:\/\/help.jamk.fi\/tietosuoja\/fi\/yleishallinto\/sahkoinen-allekirjoituspalvelu\/","url":"https:\/\/help.jamk.fi\/tietosuoja\/fi\/yleishallinto\/sahkoinen-allekirjoituspalvelu\/","name":"Tietosuojaseloste - S\u00e4hk\u00f6inen allekirjoituspalvelu - Tietosuoja","isPartOf":{"@id":"https:\/\/help.jamk.fi\/tietosuoja\/#website"},"datePublished":"2020-09-23T03:43:29+00:00","dateModified":"2026-01-20T09:29:55+00:00","breadcrumb":{"@id":"https:\/\/help.jamk.fi\/tietosuoja\/fi\/yleishallinto\/sahkoinen-allekirjoituspalvelu\/#breadcrumb"},"inLanguage":"fi","potentialAction":[{"@type":"ReadAction","target":["https:\/\/help.jamk.fi\/tietosuoja\/fi\/yleishallinto\/sahkoinen-allekirjoituspalvelu\/"]}]},{"@type":"BreadcrumbList","@id":"https:\/\/help.jamk.fi\/tietosuoja\/fi\/yleishallinto\/sahkoinen-allekirjoituspalvelu\/#breadcrumb","itemListElement":[{"@type":"ListItem","position":1,"name":"Etusivu","item":"https:\/\/help.jamk.fi\/tietosuoja\/fi\/"},{"@type":"ListItem","position":2,"name":"Yleishallinto","item":"https:\/\/help.jamk.fi\/tietosuoja\/fi\/yleishallinto\/"},{"@type":"ListItem","position":3,"name":"Tietosuojaseloste &#8211; S\u00e4hk\u00f6inen allekirjoituspalvelu"}]},{"@type":"WebSite","@id":"https:\/\/help.jamk.fi\/tietosuoja\/#website","url":"https:\/\/help.jamk.fi\/tietosuoja\/","name":"Tietosuoja","description":"","potentialAction":[{"@type":"SearchAction","target":{"@type":"EntryPoint","urlTemplate":"https:\/\/help.jamk.fi\/tietosuoja\/?s={search_term_string}"},"query-input":{"@type":"PropertyValueSpecification","valueRequired":true,"valueName":"search_term_string"}}],"inLanguage":"fi"}]}},"_links":{"self":[{"href":"https:\/\/help.jamk.fi\/tietosuoja\/wp-json\/wp\/v2\/pages\/156","targetHints":{"allow":["GET"]}}],"collection":[{"href":"https:\/\/help.jamk.fi\/tietosuoja\/wp-json\/wp\/v2\/pages"}],"about":[{"href":"https:\/\/help.jamk.fi\/tietosuoja\/wp-json\/wp\/v2\/types\/page"}],"author":[{"embeddable":true,"href":"https:\/\/help.jamk.fi\/tietosuoja\/wp-json\/wp\/v2\/users\/178"}],"replies":[{"embeddable":true,"href":"https:\/\/help.jamk.fi\/tietosuoja\/wp-json\/wp\/v2\/comments?post=156"}],"version-history":[{"count":5,"href":"https:\/\/help.jamk.fi\/tietosuoja\/wp-json\/wp\/v2\/pages\/156\/revisions"}],"predecessor-version":[{"id":1118,"href":"https:\/\/help.jamk.fi\/tietosuoja\/wp-json\/wp\/v2\/pages\/156\/revisions\/1118"}],"up":[{"embeddable":true,"href":"https:\/\/help.jamk.fi\/tietosuoja\/wp-json\/wp\/v2\/pages\/494"}],"wp:attachment":[{"href":"https:\/\/help.jamk.fi\/tietosuoja\/wp-json\/wp\/v2\/media?parent=156"}],"wp:term":[{"taxonomy":"category","embeddable":true,"href":"https:\/\/help.jamk.fi\/tietosuoja\/wp-json\/wp\/v2\/categories?post=156"},{"taxonomy":"post_tag","embeddable":true,"href":"https:\/\/help.jamk.fi\/tietosuoja\/wp-json\/wp\/v2\/tags?post=156"}],"curies":[{"name":"wp","href":"https:\/\/api.w.org\/{rel}","templated":true}]}}