{"id":162,"date":"2020-12-14T09:38:47","date_gmt":"2020-12-14T07:38:47","guid":{"rendered":"https:\/\/help.jamk.fi\/tietosuoja\/lukkarikone-tietosuojaseloste\/"},"modified":"2023-12-18T12:34:50","modified_gmt":"2023-12-18T10:34:50","slug":"lukkarikone-tietosuojaseloste","status":"publish","type":"page","link":"https:\/\/help.jamk.fi\/tietosuoja\/fi\/muut-palvelut\/lukkarikone-tietosuojaseloste\/","title":{"rendered":"Tietosuojaseloste &#8211; Lukkarikone"},"content":{"rendered":"\n<p><strong>Lukkarikone &#8211; Tietosuojaseloste<\/strong><\/p>\n\n\n\n<p><a href=\"http:\/\/eur-lex.europa.eu\/legal-content\/FI\/TXT\/?uri=uriserv:OJ.L_.2016.119.01.0001.01.FIN&amp;toc=OJ:L:2016:119:FULL\"><strong>EU -tietosuoja-asetus (2016\/679)<\/strong><\/a><\/p>\n\n\n\n<p>P\u00e4ivitetty 14.12.2020<\/p>\n\n\n\n<p><strong>1 Rekisterin nimi<\/strong><\/p>\n\n\n\n<p>Lukkarikone<\/p>\n\n\n\n<p><strong>2 Rekisterinpit\u00e4j\u00e4<\/strong><\/p>\n\n\n\n<p>Jyv\u00e4skyl\u00e4n ammattikorkeakoulu Oy<br>PL 207, 40101 Jyv\u00e4skyl\u00e4<br>+358 20 743 8100<\/p>\n\n\n\n<p><strong>3 Yhteyshenkil\u00f6 rekisteri\u00e4 koskevissa asioissa, yhteystiedot virka-aikana<\/strong><\/p>\n\n\n\n<p>Rekisterist\u00e4 vastaava johtaja: Hallintojohtaja Mikko R. Salminen<\/p>\n\n\n\n<p>Rekisterist\u00e4 vastaavan prosessin omistaja: Palvelup\u00e4\u00e4llikk\u00f6 Ulla M\u00e4ntyl\u00e4<\/p>\n\n\n\n<p>Sis\u00e4ll\u00f6llinen p\u00e4\u00e4k\u00e4ytt\u00e4j\u00e4: Suunnittelija Taru S\u00e4rkk\u00e4<br>Tekninen p\u00e4\u00e4k\u00e4ytt\u00e4j\u00e4: J\u00e4rjestelm\u00e4suunnittelija Kimmo H\u00e4m\u00e4l\u00e4inen<br>etunimi.sukunimi[a]jamk.fi<\/p>\n\n\n\n<p><strong>4 Henkil\u00f6tietojen k\u00e4sittely ja sen tarkoitus<\/strong><\/p>\n\n\n\n<p>Opetuksen j\u00e4rjest\u00e4minen<\/p>\n\n\n\n<p><strong>5 Rekisterin tietosis\u00e4lt\u00f6<\/strong><\/p>\n\n\n\n<p>Rekister\u00f6idyt ryhm\u00e4t: Opiskelijat ja ty\u00f6ntekij\u00e4t<\/p>\n\n\n\n<ul class=\"wp-block-list\">\n<li>Nimi<\/li>\n<\/ul>\n\n\n\n<p><strong>6 K\u00e4sittelyperuste<\/strong><\/p>\n\n\n\n<p>Henkil\u00f6tietojen k\u00e4sittelyperuste on lakis\u00e4\u00e4teinen teht\u00e4v\u00e4\/velvoite ja rekisterinpit\u00e4j\u00e4n oikeutettu etu.<\/p>\n\n\n\n<p><strong>7 S\u00e4\u00e4nn\u00f6nmukaiset tietol\u00e4hteet<\/strong><\/p>\n\n\n\n<p>Tietoja saadaan Jamkin tietohallinnon k\u00e4ytt\u00e4j\u00e4hallinnosta.<\/p>\n\n\n\n<p>Tietoja ei s\u00e4\u00e4nn\u00f6nmukaisesti luovuteta kolmansille tahoille. Tietojen k\u00e4sittely\u00e4 ei ole ulkoistettu toimeksiantosopimuksella.<\/p>\n\n\n\n<p><strong>9 Rekisterin suojauksen periaatteet<\/strong><\/p>\n\n\n\n<p>Rekisteri ei sis\u00e4ll\u00e4 manuaalisesti ker\u00e4tt\u00e4v\u00e4\u00e4 aineistoa. Kirjautunut k\u00e4ytt\u00e4j\u00e4 n\u00e4kee opettajatiedon, mutta ainoastaan toteutuksen kautta. Kirjautumaton k\u00e4ytt\u00e4j\u00e4 ei n\u00e4e, kuka opettaa mit\u00e4kin toteutusta. Opettajan nimell\u00e4 toteutuksia ei voi hakea. Muut k\u00e4ytt\u00e4j\u00e4t eiv\u00e4t n\u00e4e toisen k\u00e4ytt\u00e4j\u00e4n tallentamia lukuj\u00e4rjestyksi\u00e4. Kaikki palvelimet sijaitsevat lukitussa ja p\u00e4\u00e4syvalvotussa konesalissa. Palvelimille p\u00e4\u00e4sy on sallittu vain yll\u00e4pit\u00e4jille.<\/p>\n\n\n\n<p><strong>10 Henkil\u00f6tietojen s\u00e4ilytt\u00e4misaika tai s\u00e4ilytt\u00e4misajan m\u00e4\u00e4ritt\u00e4miskriteerit<\/strong><\/p>\n\n\n\n<p>Henkil\u00f6tietoja s\u00e4ilytet\u00e4\u00e4n j\u00e4rjestelm\u00e4ss\u00e4 k\u00e4ytt\u00e4j\u00e4tunnuksen omaavista henkil\u00f6ist\u00e4 niin kauan kuin k\u00e4ytt\u00e4j\u00e4 on palvelun k\u00e4ytt\u00e4j\u00e4. Kirjautumisoikeus j\u00e4rjestelm\u00e4\u00e4n lakkaa, kun ty\u00f6suhde tai opinto-oikeus p\u00e4\u00e4ttyy.<\/p>\n\n\n\n<p><strong>11 Profilointi ja automaattinen p\u00e4\u00e4t\u00f6ksenteko<\/strong><\/p>\n\n\n\n<p>Henkil\u00f6tietoihin liittyv\u00e4\u00e4 automatisoitua profilointia eik\u00e4 p\u00e4\u00e4t\u00f6ksentekoa tehd\u00e4.<\/p>\n\n\n\n<p><strong>12 Rekister\u00f6idyn oikeudet<\/strong><\/p>\n\n\n\n<p>Lis\u00e4tietoa tietosuojavastaavalta tietosuoja@jamk.fi ja rekister\u00f6idyn oikeuksista ja niiden toteuttamisesta\u00a0 <a href=\"https:\/\/www.jamk.fi\/fi\/jamk\/tietosuoja-jamkissa\">Jamkin tietosuojalausekkeessa<\/a> ja <a href=\"https:\/\/www.jamk.fi\/fi\/jamk\/tietosuoja-jamkissa\">Rekister\u00f6idyn oikeudet<\/a>-sivulla.<\/p>\n","protected":false},"excerpt":{"rendered":"<p>Lukkarikone &#8211; Tietosuojaseloste EU -tietosuoja-asetus (2016\/679) P\u00e4ivitetty 14.12.2020 1 Rekisterin nimi Lukkarikone 2 Rekisterinpit\u00e4j\u00e4 Jyv\u00e4skyl\u00e4n ammattikorkeakoulu OyPL 207, 40101 Jyv\u00e4skyl\u00e4+358 20 743 8100 3 Yhteyshenkil\u00f6 rekisteri\u00e4 koskevissa asioissa, yhteystiedot virka-aikana Rekisterist\u00e4 vastaava johtaja: Hallintojohtaja Mikko R. Salminen Rekisterist\u00e4 vastaavan prosessin omistaja: Palvelup\u00e4\u00e4llikk\u00f6 Ulla M\u00e4ntyl\u00e4 Sis\u00e4ll\u00f6llinen p\u00e4\u00e4k\u00e4ytt\u00e4j\u00e4: Suunnittelija Taru S\u00e4rkk\u00e4Tekninen p\u00e4\u00e4k\u00e4ytt\u00e4j\u00e4: J\u00e4rjestelm\u00e4suunnittelija Kimmo H\u00e4m\u00e4l\u00e4inenetunimi.sukunimi[a]jamk.fi 4 Henkil\u00f6tietojen [&hellip;]<\/p>\n","protected":false},"author":178,"featured_media":0,"parent":546,"menu_order":0,"comment_status":"closed","ping_status":"closed","template":"","meta":{"_acf_changed":false,"_relevanssi_hide_post":"","_relevanssi_hide_content":"","_relevanssi_pin_for_all":"","_relevanssi_pin_keywords":"","_relevanssi_unpin_keywords":"","_relevanssi_related_keywords":"","_relevanssi_related_include_ids":"","_relevanssi_related_exclude_ids":"","_relevanssi_related_no_append":"","_relevanssi_related_not_related":"","_relevanssi_related_posts":"","_relevanssi_noindex_reason":"","footnotes":""},"categories":[1],"tags":[76],"class_list":["post-162","page","type-page","status-publish","hentry","category-yleinen","tag-tietosuojaseloste"],"acf":[],"yoast_head":"<!-- This site is optimized with the Yoast SEO plugin v27.3 - https:\/\/yoast.com\/product\/yoast-seo-wordpress\/ -->\n<title>Tietosuojaseloste - Lukkarikone - Tietosuoja<\/title>\n<meta name=\"robots\" content=\"index, follow, max-snippet:-1, max-image-preview:large, max-video-preview:-1\" \/>\n<link rel=\"canonical\" href=\"https:\/\/help.jamk.fi\/tietosuoja\/fi\/muut-palvelut\/lukkarikone-tietosuojaseloste\/\" \/>\n<meta property=\"og:locale\" content=\"fi_FI\" \/>\n<meta property=\"og:type\" content=\"article\" \/>\n<meta property=\"og:title\" content=\"Tietosuojaseloste - Lukkarikone - Tietosuoja\" \/>\n<meta property=\"og:description\" content=\"Lukkarikone &#8211; Tietosuojaseloste EU -tietosuoja-asetus (2016\/679) P\u00e4ivitetty 14.12.2020 1 Rekisterin nimi Lukkarikone 2 Rekisterinpit\u00e4j\u00e4 Jyv\u00e4skyl\u00e4n ammattikorkeakoulu OyPL 207, 40101 Jyv\u00e4skyl\u00e4+358 20 743 8100 3 Yhteyshenkil\u00f6 rekisteri\u00e4 koskevissa asioissa, yhteystiedot virka-aikana Rekisterist\u00e4 vastaava johtaja: Hallintojohtaja Mikko R. Salminen Rekisterist\u00e4 vastaavan prosessin omistaja: Palvelup\u00e4\u00e4llikk\u00f6 Ulla M\u00e4ntyl\u00e4 Sis\u00e4ll\u00f6llinen p\u00e4\u00e4k\u00e4ytt\u00e4j\u00e4: Suunnittelija Taru S\u00e4rkk\u00e4Tekninen p\u00e4\u00e4k\u00e4ytt\u00e4j\u00e4: J\u00e4rjestelm\u00e4suunnittelija Kimmo H\u00e4m\u00e4l\u00e4inenetunimi.sukunimi[a]jamk.fi 4 Henkil\u00f6tietojen [&hellip;]\" \/>\n<meta property=\"og:url\" content=\"https:\/\/help.jamk.fi\/tietosuoja\/fi\/muut-palvelut\/lukkarikone-tietosuojaseloste\/\" \/>\n<meta property=\"og:site_name\" content=\"Tietosuoja\" \/>\n<meta property=\"article:modified_time\" content=\"2023-12-18T10:34:50+00:00\" \/>\n<meta name=\"twitter:card\" content=\"summary_large_image\" \/>\n<meta name=\"twitter:label1\" content=\"Arvioitu lukuaika\" \/>\n\t<meta name=\"twitter:data1\" content=\"2 minuuttia\" \/>\n<script type=\"application\/ld+json\" class=\"yoast-schema-graph\">{\"@context\":\"https:\\\/\\\/schema.org\",\"@graph\":[{\"@type\":\"WebPage\",\"@id\":\"https:\\\/\\\/help.jamk.fi\\\/tietosuoja\\\/fi\\\/muut-palvelut\\\/lukkarikone-tietosuojaseloste\\\/\",\"url\":\"https:\\\/\\\/help.jamk.fi\\\/tietosuoja\\\/fi\\\/muut-palvelut\\\/lukkarikone-tietosuojaseloste\\\/\",\"name\":\"Tietosuojaseloste - Lukkarikone - Tietosuoja\",\"isPartOf\":{\"@id\":\"https:\\\/\\\/help.jamk.fi\\\/tietosuoja\\\/#website\"},\"datePublished\":\"2020-12-14T07:38:47+00:00\",\"dateModified\":\"2023-12-18T10:34:50+00:00\",\"breadcrumb\":{\"@id\":\"https:\\\/\\\/help.jamk.fi\\\/tietosuoja\\\/fi\\\/muut-palvelut\\\/lukkarikone-tietosuojaseloste\\\/#breadcrumb\"},\"inLanguage\":\"fi\",\"potentialAction\":[{\"@type\":\"ReadAction\",\"target\":[\"https:\\\/\\\/help.jamk.fi\\\/tietosuoja\\\/fi\\\/muut-palvelut\\\/lukkarikone-tietosuojaseloste\\\/\"]}]},{\"@type\":\"BreadcrumbList\",\"@id\":\"https:\\\/\\\/help.jamk.fi\\\/tietosuoja\\\/fi\\\/muut-palvelut\\\/lukkarikone-tietosuojaseloste\\\/#breadcrumb\",\"itemListElement\":[{\"@type\":\"ListItem\",\"position\":1,\"name\":\"Etusivu\",\"item\":\"https:\\\/\\\/help.jamk.fi\\\/tietosuoja\\\/fi\\\/\"},{\"@type\":\"ListItem\",\"position\":2,\"name\":\"Muut palvelut\",\"item\":\"https:\\\/\\\/help.jamk.fi\\\/tietosuoja\\\/fi\\\/muut-palvelut\\\/\"},{\"@type\":\"ListItem\",\"position\":3,\"name\":\"Tietosuojaseloste &#8211; Lukkarikone\"}]},{\"@type\":\"WebSite\",\"@id\":\"https:\\\/\\\/help.jamk.fi\\\/tietosuoja\\\/#website\",\"url\":\"https:\\\/\\\/help.jamk.fi\\\/tietosuoja\\\/\",\"name\":\"Tietosuoja\",\"description\":\"\",\"potentialAction\":[{\"@type\":\"SearchAction\",\"target\":{\"@type\":\"EntryPoint\",\"urlTemplate\":\"https:\\\/\\\/help.jamk.fi\\\/tietosuoja\\\/?s={search_term_string}\"},\"query-input\":{\"@type\":\"PropertyValueSpecification\",\"valueRequired\":true,\"valueName\":\"search_term_string\"}}],\"inLanguage\":\"fi\"}]}<\/script>\n<!-- \/ Yoast SEO plugin. -->","yoast_head_json":{"title":"Tietosuojaseloste - Lukkarikone - Tietosuoja","robots":{"index":"index","follow":"follow","max-snippet":"max-snippet:-1","max-image-preview":"max-image-preview:large","max-video-preview":"max-video-preview:-1"},"canonical":"https:\/\/help.jamk.fi\/tietosuoja\/fi\/muut-palvelut\/lukkarikone-tietosuojaseloste\/","og_locale":"fi_FI","og_type":"article","og_title":"Tietosuojaseloste - Lukkarikone - Tietosuoja","og_description":"Lukkarikone &#8211; Tietosuojaseloste EU -tietosuoja-asetus (2016\/679) P\u00e4ivitetty 14.12.2020 1 Rekisterin nimi Lukkarikone 2 Rekisterinpit\u00e4j\u00e4 Jyv\u00e4skyl\u00e4n ammattikorkeakoulu OyPL 207, 40101 Jyv\u00e4skyl\u00e4+358 20 743 8100 3 Yhteyshenkil\u00f6 rekisteri\u00e4 koskevissa asioissa, yhteystiedot virka-aikana Rekisterist\u00e4 vastaava johtaja: Hallintojohtaja Mikko R. Salminen Rekisterist\u00e4 vastaavan prosessin omistaja: Palvelup\u00e4\u00e4llikk\u00f6 Ulla M\u00e4ntyl\u00e4 Sis\u00e4ll\u00f6llinen p\u00e4\u00e4k\u00e4ytt\u00e4j\u00e4: Suunnittelija Taru S\u00e4rkk\u00e4Tekninen p\u00e4\u00e4k\u00e4ytt\u00e4j\u00e4: J\u00e4rjestelm\u00e4suunnittelija Kimmo H\u00e4m\u00e4l\u00e4inenetunimi.sukunimi[a]jamk.fi 4 Henkil\u00f6tietojen [&hellip;]","og_url":"https:\/\/help.jamk.fi\/tietosuoja\/fi\/muut-palvelut\/lukkarikone-tietosuojaseloste\/","og_site_name":"Tietosuoja","article_modified_time":"2023-12-18T10:34:50+00:00","twitter_card":"summary_large_image","twitter_misc":{"Arvioitu lukuaika":"2 minuuttia"},"schema":{"@context":"https:\/\/schema.org","@graph":[{"@type":"WebPage","@id":"https:\/\/help.jamk.fi\/tietosuoja\/fi\/muut-palvelut\/lukkarikone-tietosuojaseloste\/","url":"https:\/\/help.jamk.fi\/tietosuoja\/fi\/muut-palvelut\/lukkarikone-tietosuojaseloste\/","name":"Tietosuojaseloste - Lukkarikone - Tietosuoja","isPartOf":{"@id":"https:\/\/help.jamk.fi\/tietosuoja\/#website"},"datePublished":"2020-12-14T07:38:47+00:00","dateModified":"2023-12-18T10:34:50+00:00","breadcrumb":{"@id":"https:\/\/help.jamk.fi\/tietosuoja\/fi\/muut-palvelut\/lukkarikone-tietosuojaseloste\/#breadcrumb"},"inLanguage":"fi","potentialAction":[{"@type":"ReadAction","target":["https:\/\/help.jamk.fi\/tietosuoja\/fi\/muut-palvelut\/lukkarikone-tietosuojaseloste\/"]}]},{"@type":"BreadcrumbList","@id":"https:\/\/help.jamk.fi\/tietosuoja\/fi\/muut-palvelut\/lukkarikone-tietosuojaseloste\/#breadcrumb","itemListElement":[{"@type":"ListItem","position":1,"name":"Etusivu","item":"https:\/\/help.jamk.fi\/tietosuoja\/fi\/"},{"@type":"ListItem","position":2,"name":"Muut palvelut","item":"https:\/\/help.jamk.fi\/tietosuoja\/fi\/muut-palvelut\/"},{"@type":"ListItem","position":3,"name":"Tietosuojaseloste &#8211; Lukkarikone"}]},{"@type":"WebSite","@id":"https:\/\/help.jamk.fi\/tietosuoja\/#website","url":"https:\/\/help.jamk.fi\/tietosuoja\/","name":"Tietosuoja","description":"","potentialAction":[{"@type":"SearchAction","target":{"@type":"EntryPoint","urlTemplate":"https:\/\/help.jamk.fi\/tietosuoja\/?s={search_term_string}"},"query-input":{"@type":"PropertyValueSpecification","valueRequired":true,"valueName":"search_term_string"}}],"inLanguage":"fi"}]}},"_links":{"self":[{"href":"https:\/\/help.jamk.fi\/tietosuoja\/wp-json\/wp\/v2\/pages\/162","targetHints":{"allow":["GET"]}}],"collection":[{"href":"https:\/\/help.jamk.fi\/tietosuoja\/wp-json\/wp\/v2\/pages"}],"about":[{"href":"https:\/\/help.jamk.fi\/tietosuoja\/wp-json\/wp\/v2\/types\/page"}],"author":[{"embeddable":true,"href":"https:\/\/help.jamk.fi\/tietosuoja\/wp-json\/wp\/v2\/users\/178"}],"replies":[{"embeddable":true,"href":"https:\/\/help.jamk.fi\/tietosuoja\/wp-json\/wp\/v2\/comments?post=162"}],"version-history":[{"count":1,"href":"https:\/\/help.jamk.fi\/tietosuoja\/wp-json\/wp\/v2\/pages\/162\/revisions"}],"predecessor-version":[{"id":345,"href":"https:\/\/help.jamk.fi\/tietosuoja\/wp-json\/wp\/v2\/pages\/162\/revisions\/345"}],"up":[{"embeddable":true,"href":"https:\/\/help.jamk.fi\/tietosuoja\/wp-json\/wp\/v2\/pages\/546"}],"wp:attachment":[{"href":"https:\/\/help.jamk.fi\/tietosuoja\/wp-json\/wp\/v2\/media?parent=162"}],"wp:term":[{"taxonomy":"category","embeddable":true,"href":"https:\/\/help.jamk.fi\/tietosuoja\/wp-json\/wp\/v2\/categories?post=162"},{"taxonomy":"post_tag","embeddable":true,"href":"https:\/\/help.jamk.fi\/tietosuoja\/wp-json\/wp\/v2\/tags?post=162"}],"curies":[{"name":"wp","href":"https:\/\/api.w.org\/{rel}","templated":true}]}}