{"id":165,"date":"2021-06-24T10:30:05","date_gmt":"2021-06-24T07:30:05","guid":{"rendered":"https:\/\/help.jamk.fi\/tietosuoja\/tietosuojaseloste-moodle\/"},"modified":"2026-02-02T15:02:37","modified_gmt":"2026-02-02T13:02:37","slug":"tietosuojaseloste-moodle","status":"publish","type":"page","link":"https:\/\/help.jamk.fi\/tietosuoja\/fi\/opiskelija-opetus\/tietosuojaseloste-moodle\/","title":{"rendered":"Tietosuojaseloste &#8211; Moodle"},"content":{"rendered":"\n<ol class=\"wp-block-list\">\n<li>Rekisterinpit\u00e4j\u00e4 Jyv\u00e4skyl\u00e4n Ammattikorkeakoulu Oy, Rajakatu 35, 40101 JKL<\/li>\n\n\n\n<li>Rekisteriasioita hoitavat: vastaava johtaja vararehtori Heikki Malinen, prosessista vastaava Sirpa Tuomi koulutuksen kehitt\u00e4misp\u00e4\u00e4llikk\u00f6, sis\u00e4ll\u00f6llinen p\u00e4\u00e4k\u00e4ytt\u00e4j\u00e4 Mari Varonen, tekninen p\u00e4\u00e4k\u00e4ytt\u00e4j\u00e4: Kimmo H\u00e4m\u00e4l\u00e4inen etunimi.sukunimi@jamk.fi<\/li>\n\n\n\n<li>Tietosuojavastaava:  tietosuoja@jamk.fi<\/li>\n\n\n\n<li>K\u00e4sittelij\u00e4: Mediamaisteri Oy, PL 82 33101 Tampere 010 281 8000, info@mediamaisteri.com<\/li>\n\n\n\n<li>Rekisterin nimi: Oppimisen ja osaamisen kehitt\u00e4misen verkkoymp\u00e4rist\u00f6n k\u00e4ytt\u00e4j\u00e4rekisteri<\/li>\n\n\n\n<li>Henkil\u00f6tietojen k\u00e4ytt\u00f6tarkoitus: Ko. palvelun tarjoaminen k\u00e4ytt\u00e4jille<\/li>\n\n\n\n<li>Rekisterin sis\u00e4lt\u00e4m\u00e4t tiedot: K\u00e4ytt\u00e4jien perusyhteystiedot, nimi, s\u00e4hk\u00f6posti, k\u00e4ytt\u00e4j\u00e4tunnus, salasana ja kuva. Lis\u00e4ksi k\u00e4ytt\u00e4j\u00e4 voi tallentaa j\u00e4rjestelm\u00e4\u00e4n t\u00e4ydent\u00e4vi\u00e4 henkil\u00f6tietoja, kuten kotiosoitteen, puhelinnumeron ja kiinnostuksen kohteet.<\/li>\n\n\n\n<li>S\u00e4\u00e4nn\u00f6nmukaiset tietol\u00e4hteet: Rekister\u00f6ity\u00e4 koskevat tiedot saadaan a) rekister\u00f6idylt\u00e4 itselt\u00e4\u00e4n h\u00e4nen tullessaan asiakkaaksi, rekister\u00f6ityess\u00e4\u00e4n palvelun k\u00e4ytt\u00e4j\u00e4ksi, rekister\u00f6idyn k\u00e4ytt\u00e4ess\u00e4 palveluja tai muun asiallisen yhteyden syntyess\u00e4 rekisterinpit\u00e4j\u00e4n ja rekister\u00f6idyn v\u00e4lille sek\u00e4 b) kolmansilta osapuolilta soveltuvan lains\u00e4\u00e4d\u00e4nn\u00f6n sallimissa rajoissa t\u00e4ss\u00e4 rekisteriselosteessa kuvattuja tarkoituksia varten.<\/li>\n\n\n\n<li>S\u00e4\u00e4nn\u00f6nmukaiset tietojen luovutukset ja siirto: K\u00e4ytt\u00e4j\u00e4n nimi n\u00e4kyy muille k\u00e4ytt\u00e4jille. Lis\u00e4ksi k\u00e4ytt\u00e4j\u00e4 voi asettaa muita henkil\u00f6tietojaan n\u00e4kyville muille j\u00e4rjestelm\u00e4n k\u00e4ytt\u00e4jille. Tietoja ei luovuteta EU ja ETA-alueen ulkopuolelle.<\/li>\n\n\n\n<li>Tietojen poistamisen suunnitellut m\u00e4\u00e4r\u00e4ajat: Henkil\u00f6tiedot poistetaan, kun niit\u00e4 ei en\u00e4\u00e4 tarvita k\u00e4ytt\u00f6tarkoituksen t\u00e4ytt\u00e4mist\u00e4 varten, ellei voimassaoleva lains\u00e4\u00e4d\u00e4nt\u00f6 m\u00e4\u00e4r\u00e4\u00e4 henkil\u00f6tietojen s\u00e4ilytt\u00e4misest\u00e4 muuta.<\/li>\n\n\n\n<li>Rekisterin suojauksen periaatteet: Rekisteri on suojattu k\u00e4ytt\u00e4j\u00e4tunnuksella, salasanoilla sek\u00e4 palomuurilla. K\u00e4ytt\u00e4j\u00e4rekisteri\u00e4 p\u00e4\u00e4sev\u00e4t k\u00e4ytt\u00e4m\u00e4\u00e4n ainoastaan teht\u00e4v\u00e4\u00e4n nimetyt ty\u00f6ntekij\u00e4t. Henkil\u00f6tietojen k\u00e4sittelij\u00f6ill\u00e4 on salassapitovelvollisuus.<\/li>\n\n\n\n<li>Rekister\u00f6idyn oikeudet: pyyt\u00e4\u00e4 p\u00e4\u00e4sy itse\u00e4 koskeviin tietoihin sek\u00e4 oikeus pyyt\u00e4\u00e4 ko. tietojen oikaisua tai poistamista taikka k\u00e4sittelyn rajoittamista tai vastustaa k\u00e4sittely\u00e4 sek\u00e4 oikeutta siirt\u00e4\u00e4 tiedot j\u00e4rjestelm\u00e4st\u00e4 toiseen, oikeus peruuttaa suostumus niilt\u00e4 osin kuin henkil\u00f6tietojen k\u00e4sittely perustuu suostumukseen, tehd\u00e4 kantelu valvontaviranomaiselle ja muut tietosuojalains\u00e4\u00e4d\u00e4nn\u00f6n oikeudet. Pyynn\u00f6t on osoitettava rekisterinpit\u00e4j\u00e4lle kirjallisesti.<\/li>\n<\/ol>\n\n\n\n<p><\/p>\n","protected":false},"excerpt":{"rendered":"","protected":false},"author":178,"featured_media":0,"parent":541,"menu_order":0,"comment_status":"closed","ping_status":"closed","template":"","meta":{"_acf_changed":false,"_relevanssi_hide_post":"","_relevanssi_hide_content":"","_relevanssi_pin_for_all":"","_relevanssi_pin_keywords":"","_relevanssi_unpin_keywords":"","_relevanssi_related_keywords":"","_relevanssi_related_include_ids":"","_relevanssi_related_exclude_ids":"","_relevanssi_related_no_append":"","_relevanssi_related_not_related":"","_relevanssi_related_posts":"","_relevanssi_noindex_reason":"","footnotes":""},"categories":[],"tags":[76],"class_list":["post-165","page","type-page","status-publish","hentry","tag-tietosuojaseloste"],"acf":[],"yoast_head":"<!-- This site is optimized with the Yoast SEO plugin v27.4 - https:\/\/yoast.com\/product\/yoast-seo-wordpress\/ -->\n<title>Tietosuojaseloste - Moodle - Tietosuoja<\/title>\n<meta name=\"robots\" content=\"index, follow, max-snippet:-1, max-image-preview:large, max-video-preview:-1\" \/>\n<link rel=\"canonical\" href=\"https:\/\/help.jamk.fi\/tietosuoja\/fi\/opiskelija-opetus\/tietosuojaseloste-moodle\/\" \/>\n<meta property=\"og:locale\" content=\"fi_FI\" \/>\n<meta property=\"og:type\" content=\"article\" \/>\n<meta property=\"og:title\" content=\"Tietosuojaseloste - Moodle - Tietosuoja\" \/>\n<meta property=\"og:url\" content=\"https:\/\/help.jamk.fi\/tietosuoja\/fi\/opiskelija-opetus\/tietosuojaseloste-moodle\/\" \/>\n<meta property=\"og:site_name\" content=\"Tietosuoja\" \/>\n<meta property=\"article:modified_time\" content=\"2026-02-02T13:02:37+00:00\" \/>\n<meta name=\"twitter:card\" content=\"summary_large_image\" \/>\n<meta name=\"twitter:label1\" content=\"Arvioitu lukuaika\" \/>\n\t<meta name=\"twitter:data1\" content=\"2 minuuttia\" \/>\n<script type=\"application\/ld+json\" class=\"yoast-schema-graph\">{\"@context\":\"https:\\\/\\\/schema.org\",\"@graph\":[{\"@type\":\"WebPage\",\"@id\":\"https:\\\/\\\/help.jamk.fi\\\/tietosuoja\\\/fi\\\/opiskelija-opetus\\\/tietosuojaseloste-moodle\\\/\",\"url\":\"https:\\\/\\\/help.jamk.fi\\\/tietosuoja\\\/fi\\\/opiskelija-opetus\\\/tietosuojaseloste-moodle\\\/\",\"name\":\"Tietosuojaseloste - Moodle - Tietosuoja\",\"isPartOf\":{\"@id\":\"https:\\\/\\\/help.jamk.fi\\\/tietosuoja\\\/#website\"},\"datePublished\":\"2021-06-24T07:30:05+00:00\",\"dateModified\":\"2026-02-02T13:02:37+00:00\",\"breadcrumb\":{\"@id\":\"https:\\\/\\\/help.jamk.fi\\\/tietosuoja\\\/fi\\\/opiskelija-opetus\\\/tietosuojaseloste-moodle\\\/#breadcrumb\"},\"inLanguage\":\"fi\",\"potentialAction\":[{\"@type\":\"ReadAction\",\"target\":[\"https:\\\/\\\/help.jamk.fi\\\/tietosuoja\\\/fi\\\/opiskelija-opetus\\\/tietosuojaseloste-moodle\\\/\"]}]},{\"@type\":\"BreadcrumbList\",\"@id\":\"https:\\\/\\\/help.jamk.fi\\\/tietosuoja\\\/fi\\\/opiskelija-opetus\\\/tietosuojaseloste-moodle\\\/#breadcrumb\",\"itemListElement\":[{\"@type\":\"ListItem\",\"position\":1,\"name\":\"Etusivu\",\"item\":\"https:\\\/\\\/help.jamk.fi\\\/tietosuoja\\\/fi\\\/\"},{\"@type\":\"ListItem\",\"position\":2,\"name\":\"Opiskelija &#8211; Opetus\",\"item\":\"https:\\\/\\\/help.jamk.fi\\\/tietosuoja\\\/fi\\\/opiskelija-opetus\\\/\"},{\"@type\":\"ListItem\",\"position\":3,\"name\":\"Tietosuojaseloste &#8211; Moodle\"}]},{\"@type\":\"WebSite\",\"@id\":\"https:\\\/\\\/help.jamk.fi\\\/tietosuoja\\\/#website\",\"url\":\"https:\\\/\\\/help.jamk.fi\\\/tietosuoja\\\/\",\"name\":\"Tietosuoja\",\"description\":\"\",\"potentialAction\":[{\"@type\":\"SearchAction\",\"target\":{\"@type\":\"EntryPoint\",\"urlTemplate\":\"https:\\\/\\\/help.jamk.fi\\\/tietosuoja\\\/?s={search_term_string}\"},\"query-input\":{\"@type\":\"PropertyValueSpecification\",\"valueRequired\":true,\"valueName\":\"search_term_string\"}}],\"inLanguage\":\"fi\"}]}<\/script>\n<!-- \/ Yoast SEO plugin. -->","yoast_head_json":{"title":"Tietosuojaseloste - Moodle - Tietosuoja","robots":{"index":"index","follow":"follow","max-snippet":"max-snippet:-1","max-image-preview":"max-image-preview:large","max-video-preview":"max-video-preview:-1"},"canonical":"https:\/\/help.jamk.fi\/tietosuoja\/fi\/opiskelija-opetus\/tietosuojaseloste-moodle\/","og_locale":"fi_FI","og_type":"article","og_title":"Tietosuojaseloste - Moodle - Tietosuoja","og_url":"https:\/\/help.jamk.fi\/tietosuoja\/fi\/opiskelija-opetus\/tietosuojaseloste-moodle\/","og_site_name":"Tietosuoja","article_modified_time":"2026-02-02T13:02:37+00:00","twitter_card":"summary_large_image","twitter_misc":{"Arvioitu lukuaika":"2 minuuttia"},"schema":{"@context":"https:\/\/schema.org","@graph":[{"@type":"WebPage","@id":"https:\/\/help.jamk.fi\/tietosuoja\/fi\/opiskelija-opetus\/tietosuojaseloste-moodle\/","url":"https:\/\/help.jamk.fi\/tietosuoja\/fi\/opiskelija-opetus\/tietosuojaseloste-moodle\/","name":"Tietosuojaseloste - Moodle - Tietosuoja","isPartOf":{"@id":"https:\/\/help.jamk.fi\/tietosuoja\/#website"},"datePublished":"2021-06-24T07:30:05+00:00","dateModified":"2026-02-02T13:02:37+00:00","breadcrumb":{"@id":"https:\/\/help.jamk.fi\/tietosuoja\/fi\/opiskelija-opetus\/tietosuojaseloste-moodle\/#breadcrumb"},"inLanguage":"fi","potentialAction":[{"@type":"ReadAction","target":["https:\/\/help.jamk.fi\/tietosuoja\/fi\/opiskelija-opetus\/tietosuojaseloste-moodle\/"]}]},{"@type":"BreadcrumbList","@id":"https:\/\/help.jamk.fi\/tietosuoja\/fi\/opiskelija-opetus\/tietosuojaseloste-moodle\/#breadcrumb","itemListElement":[{"@type":"ListItem","position":1,"name":"Etusivu","item":"https:\/\/help.jamk.fi\/tietosuoja\/fi\/"},{"@type":"ListItem","position":2,"name":"Opiskelija &#8211; Opetus","item":"https:\/\/help.jamk.fi\/tietosuoja\/fi\/opiskelija-opetus\/"},{"@type":"ListItem","position":3,"name":"Tietosuojaseloste &#8211; Moodle"}]},{"@type":"WebSite","@id":"https:\/\/help.jamk.fi\/tietosuoja\/#website","url":"https:\/\/help.jamk.fi\/tietosuoja\/","name":"Tietosuoja","description":"","potentialAction":[{"@type":"SearchAction","target":{"@type":"EntryPoint","urlTemplate":"https:\/\/help.jamk.fi\/tietosuoja\/?s={search_term_string}"},"query-input":{"@type":"PropertyValueSpecification","valueRequired":true,"valueName":"search_term_string"}}],"inLanguage":"fi"}]}},"_links":{"self":[{"href":"https:\/\/help.jamk.fi\/tietosuoja\/wp-json\/wp\/v2\/pages\/165","targetHints":{"allow":["GET"]}}],"collection":[{"href":"https:\/\/help.jamk.fi\/tietosuoja\/wp-json\/wp\/v2\/pages"}],"about":[{"href":"https:\/\/help.jamk.fi\/tietosuoja\/wp-json\/wp\/v2\/types\/page"}],"author":[{"embeddable":true,"href":"https:\/\/help.jamk.fi\/tietosuoja\/wp-json\/wp\/v2\/users\/178"}],"replies":[{"embeddable":true,"href":"https:\/\/help.jamk.fi\/tietosuoja\/wp-json\/wp\/v2\/comments?post=165"}],"version-history":[{"count":2,"href":"https:\/\/help.jamk.fi\/tietosuoja\/wp-json\/wp\/v2\/pages\/165\/revisions"}],"predecessor-version":[{"id":1121,"href":"https:\/\/help.jamk.fi\/tietosuoja\/wp-json\/wp\/v2\/pages\/165\/revisions\/1121"}],"up":[{"embeddable":true,"href":"https:\/\/help.jamk.fi\/tietosuoja\/wp-json\/wp\/v2\/pages\/541"}],"wp:attachment":[{"href":"https:\/\/help.jamk.fi\/tietosuoja\/wp-json\/wp\/v2\/media?parent=165"}],"wp:term":[{"taxonomy":"category","embeddable":true,"href":"https:\/\/help.jamk.fi\/tietosuoja\/wp-json\/wp\/v2\/categories?post=165"},{"taxonomy":"post_tag","embeddable":true,"href":"https:\/\/help.jamk.fi\/tietosuoja\/wp-json\/wp\/v2\/tags?post=165"}],"curies":[{"name":"wp","href":"https:\/\/api.w.org\/{rel}","templated":true}]}}