{"id":191,"date":"2022-06-16T08:48:50","date_gmt":"2022-06-16T05:48:50","guid":{"rendered":"https:\/\/help.jamk.fi\/tietosuoja\/liken-strategisten-tavoitteiden-toteutuminen-opinnaytetyoprojektissa-tutkimuksen-tietosuojaseloste\/"},"modified":"2024-01-10T16:09:28","modified_gmt":"2024-01-10T14:09:28","slug":"liken-strategisten-tavoitteiden-toteutuminen-opinnaytetyoprojektissa-tutkimuksen-tietosuojaseloste","status":"publish","type":"page","link":"https:\/\/help.jamk.fi\/tietosuoja\/fi\/tki-hankkeet\/liken-strategisten-tavoitteiden-toteutuminen-opinnaytetyoprojektissa-tutkimuksen-tietosuojaseloste\/","title":{"rendered":"LIKEn strategisten tavoitteiden toteutuminen opinn\u00e4ytety\u00f6projektissa -tutkimuksen tietosuojaseloste"},"content":{"rendered":"\n<p><strong>Tieteellisen tutkimuksen tietosuojaseloste<\/strong><\/p>\n\n\n\n<p>Tietosuojaseloste sis\u00e4lt\u00e4\u00e4 ne tiedot, jotka tulee kertoa tutkittavalle k\u00e4sitelt\u00e4ess\u00e4 henkil\u00f6tietoja tieteellisess\u00e4 tutkimuksessa sek\u00e4 k\u00e4sittelytoimista teht\u00e4v\u00e4n selosteen tiedot. Henkil\u00f6tietoja ovat sellaiset tiedot, joiden perusteella henkil\u00f6 voidaan tunnistaa suoraan tai v\u00e4lillisesti esimerkiksi yhdist\u00e4m\u00e4ll\u00e4 yksitt\u00e4inen tieto johonkin toiseen tietoon, joka mahdollistaa tunnistamisen.<\/p>\n\n\n\n<p>Tietosuojaselosteen avulla huolehditaan rekisterinpit\u00e4j\u00e4n osoitusvelvollisuudesta. Osoitusvelvollisuus on keskeinen periaate tietosuoja-asetuksessa ja tarkoittaa, ett\u00e4 rekisterinpit\u00e4j\u00e4n on pystytt\u00e4v\u00e4 osoittamaan noudattavansa tietosuojalains\u00e4\u00e4d\u00e4nt\u00f6\u00e4. Tietosuojaseloste voi toimia my\u00f6s pohjana tutkittaville annettavan informaation laatimiseen.<\/p>\n\n\n\n<p><strong>Tutkimuksen nimi<\/strong><\/p>\n\n\n\n<p>&#8221;LIKEn strategisten tavoitteiden toteutuminen opinn\u00e4ytety\u00f6projektissa&#8221;<\/p>\n\n\n\n<ul class=\"wp-block-list\">\n<li><strong>Tutkimuksen rekisterinpit\u00e4j\u00e4<\/strong><\/li>\n<\/ul>\n\n\n\n<p>Rekisterinpit\u00e4j\u00e4<\/p>\n\n\n\n<p>Jyv\u00e4skyl\u00e4n ammattikorkeakoulu Oy<\/p>\n\n\n\n<p>PL 207, 40101 Jyv\u00e4skyl\u00e4<\/p>\n\n\n\n<p>+358 20 743 8100<\/p>\n\n\n\n<ul class=\"wp-block-list\">\n<li><strong>Tutkimuksen osapuolet ja vastuunjako<\/strong><\/li>\n<\/ul>\n\n\n\n<p>Jamk Liiketalousyksikk\u00f6, suomenkieliset YAMK koulutusohjelmat (restonomi ja tradenomi)<\/p>\n\n\n\n<ul class=\"wp-block-list\">\n<li><strong>Tutkimuksen vastuullinen johtaja tai siit\u00e4 vastaava ryhm\u00e4<\/strong><\/li>\n<\/ul>\n\n\n\n<p>Koulutusp\u00e4\u00e4llikk\u00f6 Liiketalous (tutkimuksella ei ole varsinaista johtajaa tai ryhm\u00e4\u00e4, tekij\u00e4 tekee tutkimuksen yksin)<\/p>\n\n\n\n<ul class=\"wp-block-list\">\n<li><strong>Tutkimuksen suorittajat<\/strong><\/li>\n<\/ul>\n\n\n\n<p>Tarja Niemel\u00e4, lehtori<\/p>\n\n\n\n<ul class=\"wp-block-list\">\n<li><strong>Tietosuojavastaavan yhteystiedot<\/strong><\/li>\n<\/ul>\n\n\n\n<p>Annukka Akselin, <a href=\"mailto:tietosuoja@jamk.fi\">tietosuoja@jamk.fi<\/a>, LIKE: yhteyshenkil\u00f6 Jukka Turpeinen<\/p>\n\n\n\n<ul class=\"wp-block-list\">\n<li><strong>Yhteyshenkil\u00f6 henkil\u00f6tietojen k\u00e4sittelyyn liittyviss\u00e4 asioissa<\/strong><\/li>\n<\/ul>\n\n\n\n<p>Tarja Niemel\u00e4, etunimi.sukunimi@jamk.fi, 045-1297400<\/p>\n\n\n\n<ul class=\"wp-block-list\">\n<li><strong>Tutkimuksen luonne ja kesto<\/strong><\/li>\n<\/ul>\n\n\n\n<p>Kertatutkimus<\/p>\n\n\n\n<p><strong>Tutkimuksen kestoaika<\/strong>: 1.1.-30.6.2022. Henkil\u00f6tietoja k\u00e4sitell\u00e4\u00e4n tutkimuksen, Webropol-kyselyn eli aineistonkeruun aikana.<\/p>\n\n\n\n<p><strong>Henkil\u00f6tietojen k\u00e4sittely tutkimuksen p\u00e4\u00e4ttymisen j\u00e4lkeen: <\/strong>Henkil\u00f6tietoja sis\u00e4lt\u00e4v\u00e4 tutkimusaineisto h\u00e4vitet\u00e4\u00e4n.<\/p>\n\n\n\n<p><strong>Mihin aineisto arkistoidaan ja kuinka pitk\u00e4ksi aikaa<\/strong>: Kysely arkistoidaan Jamkin H-asemalle siksi aikaa, ett\u00e4 tutkimus saadaan raportoitua ja mahdollisesti julkaistua jossakin alan lehdess\u00e4<\/p>\n\n\n\n<ul class=\"wp-block-list\">\n<li><strong>Mik\u00e4 on henkil\u00f6tietojen k\u00e4sittelytarkoitus?<\/strong><\/li>\n<\/ul>\n\n\n\n<p><strong>Henkil\u00f6tietojen k\u00e4sittelyn tarkoitus on:<\/strong><\/p>\n\n\n\n<p>Tietoja tarvitaan l\u00e4hinn\u00e4 webropol-kyselyn l\u00e4hett\u00e4miseen ja kyselyn joihinkin taustakysymyksiin. Kyselyss\u00e4 vastaajilta kysyt\u00e4\u00e4n tunnistetietojen n\u00e4k\u00f6kulmasta koulutusohjelma\/tutkinto-ohjelma, valmistumisvuosi ja saapumis-\/opiskeluryhm\u00e4n koodi.<\/p>\n\n\n\n<p><strong>Mill\u00e4 perusteella henkil\u00f6tietoja k\u00e4sitell\u00e4\u00e4n?<\/strong><\/p>\n\n\n\n<p>Tieteellinen tai historiallinen tutkimus tai tilastointi<\/p>\n\n\n\n<p><strong>Mit\u00e4 henkil\u00f6tietoja tutkimusaineisto sis\u00e4lt\u00e4\u00e4?<\/strong><\/p>\n\n\n\n<p>Kysely\u00e4 l\u00e4hetett\u00e4ess\u00e4 ei tarvita kuin s\u00e4hk\u00f6postiosoite. Kyselyss\u00e4 vastaajilta kysyt\u00e4\u00e4n tunnistetietojen n\u00e4k\u00f6kulmasta koulutusohjelma\/tutkinto-ohjelma, valmistumisvuosi, saapumisryhm\u00e4n koodi.<\/p>\n\n\n\n<p><strong>Mist\u00e4 l\u00e4hteist\u00e4 henkil\u00f6tietoja ker\u00e4t\u00e4\u00e4n?<\/strong><\/p>\n\n\n\n<p>Suoraan tutkimukseen osallistuvilta, s\u00e4hk\u00f6inen kysely. Tutkittavalla ei ole velvollisuutta toimittaa tarvittavia henkil\u00f6tietoja, osallistuminen on vapaaehtoista.<\/p>\n\n\n\n<p><strong>Tietojen siirto\/luovuttaminen tutkimusryhm\u00e4n ulkopuolelle?<\/strong><\/p>\n\n\n\n<p>Tietoja ei siirret\u00e4 ulkopuolisille.<\/p>\n\n\n\n<p><strong>Tietojen siirto\/luovuttaminen EU:n tai ETA:n ulkopuolelle<\/strong><\/p>\n\n\n\n<p>Tietoja ei siirret\u00e4 EU:n tai ETA:n ulkopuolelle.<\/p>\n\n\n\n<p><strong>Automatisoitu p\u00e4\u00e4t\u00f6ksenteko<\/strong><\/p>\n\n\n\n<p>Tieteellisess\u00e4 tutkimuksessa henkil\u00f6tietojen k\u00e4sittely\u00e4 ei k\u00e4ytet\u00e4 osallistujia koskevaan p\u00e4\u00e4t\u00f6ksentekoon.<\/p>\n\n\n\n<p><strong>Henkil\u00f6tietojen suojauksen periaatteet<\/strong><\/p>\n\n\n\n<p><strong>Tutkimuksen osalta on tehty eettinen ennakkoarviointi: <\/strong>Ei<\/p>\n\n\n\n<p><strong>Tietoj\u00e4rjestelmiss\u00e4 k\u00e4sitelt\u00e4v\u00e4t tiedot on suojattu seuraavasti:<\/strong><\/p>\n\n\n\n<p>Webropol-kysely, aineiston hallinta ja s\u00e4ilytt\u00e4minen H-asemalla salasanojen takana. Kyselyn laadinnassa huomioidaan tietosuojaseikat ja vastaajan s\u00e4hk\u00f6postiin viittaavat tunnistetiedot h\u00e4ivytet\u00e4\u00e4n.<\/p>\n\n\n\n<p><strong>Pseudonymisointi ja anonymisointi<\/strong><\/p>\n\n\n\n<p>Aineisto anonymisoidaan aineiston perustamisvaiheessa. Kaikki tunnistetiedot poistetaan t\u00e4ydellisesti, jotta paluuta tunnisteelliseen tietoon ei ole eik\u00e4 aineistoon voida yhdist\u00e4\u00e4 uusia tietoja.<\/p>\n\n\n\n<p><strong>Tutkimukseen osallistuvan oikeudet ja niiden mahdollinen rajoittaminen<\/strong><\/p>\n\n\n\n<p>Rekister\u00f6idyn oikeuksista ei poiketa t\u00e4ss\u00e4 tutkimuksessa.<\/p>\n","protected":false},"excerpt":{"rendered":"<p>Tieteellisen tutkimuksen tietosuojaseloste Tietosuojaseloste sis\u00e4lt\u00e4\u00e4 ne tiedot, jotka tulee kertoa tutkittavalle k\u00e4sitelt\u00e4ess\u00e4 henkil\u00f6tietoja tieteellisess\u00e4 tutkimuksessa sek\u00e4 k\u00e4sittelytoimista teht\u00e4v\u00e4n selosteen tiedot. Henkil\u00f6tietoja ovat sellaiset tiedot, joiden perusteella henkil\u00f6 voidaan tunnistaa suoraan tai v\u00e4lillisesti esimerkiksi yhdist\u00e4m\u00e4ll\u00e4 yksitt\u00e4inen tieto johonkin toiseen tietoon, joka mahdollistaa tunnistamisen. Tietosuojaselosteen avulla huolehditaan rekisterinpit\u00e4j\u00e4n osoitusvelvollisuudesta. Osoitusvelvollisuus on keskeinen periaate tietosuoja-asetuksessa ja tarkoittaa, ett\u00e4 [&hellip;]<\/p>\n","protected":false},"author":178,"featured_media":0,"parent":539,"menu_order":0,"comment_status":"closed","ping_status":"closed","template":"","meta":{"_acf_changed":false,"_relevanssi_hide_post":"","_relevanssi_hide_content":"","_relevanssi_pin_for_all":"","_relevanssi_pin_keywords":"","_relevanssi_unpin_keywords":"","_relevanssi_related_keywords":"","_relevanssi_related_include_ids":"","_relevanssi_related_exclude_ids":"","_relevanssi_related_no_append":"","_relevanssi_related_not_related":"","_relevanssi_related_posts":"","_relevanssi_noindex_reason":"","footnotes":""},"categories":[1],"tags":[76],"class_list":["post-191","page","type-page","status-publish","hentry","category-yleinen","tag-tietosuojaseloste"],"acf":[],"yoast_head":"<!-- This site is optimized with the Yoast SEO plugin v27.4 - https:\/\/yoast.com\/product\/yoast-seo-wordpress\/ -->\n<title>LIKEn strategisten tavoitteiden toteutuminen opinn\u00e4ytety\u00f6projektissa -tutkimuksen tietosuojaseloste - Tietosuoja<\/title>\n<meta name=\"robots\" content=\"index, follow, max-snippet:-1, max-image-preview:large, max-video-preview:-1\" \/>\n<link rel=\"canonical\" href=\"https:\/\/help.jamk.fi\/tietosuoja\/fi\/tki-hankkeet\/liken-strategisten-tavoitteiden-toteutuminen-opinnaytetyoprojektissa-tutkimuksen-tietosuojaseloste\/\" \/>\n<meta property=\"og:locale\" content=\"fi_FI\" \/>\n<meta property=\"og:type\" content=\"article\" \/>\n<meta property=\"og:title\" content=\"LIKEn strategisten tavoitteiden toteutuminen opinn\u00e4ytety\u00f6projektissa -tutkimuksen tietosuojaseloste - Tietosuoja\" \/>\n<meta property=\"og:description\" content=\"Tieteellisen tutkimuksen tietosuojaseloste Tietosuojaseloste sis\u00e4lt\u00e4\u00e4 ne tiedot, jotka tulee kertoa tutkittavalle k\u00e4sitelt\u00e4ess\u00e4 henkil\u00f6tietoja tieteellisess\u00e4 tutkimuksessa sek\u00e4 k\u00e4sittelytoimista teht\u00e4v\u00e4n selosteen tiedot. Henkil\u00f6tietoja ovat sellaiset tiedot, joiden perusteella henkil\u00f6 voidaan tunnistaa suoraan tai v\u00e4lillisesti esimerkiksi yhdist\u00e4m\u00e4ll\u00e4 yksitt\u00e4inen tieto johonkin toiseen tietoon, joka mahdollistaa tunnistamisen. Tietosuojaselosteen avulla huolehditaan rekisterinpit\u00e4j\u00e4n osoitusvelvollisuudesta. Osoitusvelvollisuus on keskeinen periaate tietosuoja-asetuksessa ja tarkoittaa, ett\u00e4 [&hellip;]\" \/>\n<meta property=\"og:url\" content=\"https:\/\/help.jamk.fi\/tietosuoja\/fi\/tki-hankkeet\/liken-strategisten-tavoitteiden-toteutuminen-opinnaytetyoprojektissa-tutkimuksen-tietosuojaseloste\/\" \/>\n<meta property=\"og:site_name\" content=\"Tietosuoja\" \/>\n<meta property=\"article:modified_time\" content=\"2024-01-10T14:09:28+00:00\" \/>\n<meta name=\"twitter:card\" content=\"summary_large_image\" \/>\n<meta name=\"twitter:label1\" content=\"Arvioitu lukuaika\" \/>\n\t<meta name=\"twitter:data1\" content=\"3 minuuttia\" \/>\n<script type=\"application\/ld+json\" class=\"yoast-schema-graph\">{\"@context\":\"https:\\\/\\\/schema.org\",\"@graph\":[{\"@type\":\"WebPage\",\"@id\":\"https:\\\/\\\/help.jamk.fi\\\/tietosuoja\\\/fi\\\/tki-hankkeet\\\/liken-strategisten-tavoitteiden-toteutuminen-opinnaytetyoprojektissa-tutkimuksen-tietosuojaseloste\\\/\",\"url\":\"https:\\\/\\\/help.jamk.fi\\\/tietosuoja\\\/fi\\\/tki-hankkeet\\\/liken-strategisten-tavoitteiden-toteutuminen-opinnaytetyoprojektissa-tutkimuksen-tietosuojaseloste\\\/\",\"name\":\"LIKEn strategisten tavoitteiden toteutuminen opinn\u00e4ytety\u00f6projektissa -tutkimuksen tietosuojaseloste - Tietosuoja\",\"isPartOf\":{\"@id\":\"https:\\\/\\\/help.jamk.fi\\\/tietosuoja\\\/#website\"},\"datePublished\":\"2022-06-16T05:48:50+00:00\",\"dateModified\":\"2024-01-10T14:09:28+00:00\",\"breadcrumb\":{\"@id\":\"https:\\\/\\\/help.jamk.fi\\\/tietosuoja\\\/fi\\\/tki-hankkeet\\\/liken-strategisten-tavoitteiden-toteutuminen-opinnaytetyoprojektissa-tutkimuksen-tietosuojaseloste\\\/#breadcrumb\"},\"inLanguage\":\"fi\",\"potentialAction\":[{\"@type\":\"ReadAction\",\"target\":[\"https:\\\/\\\/help.jamk.fi\\\/tietosuoja\\\/fi\\\/tki-hankkeet\\\/liken-strategisten-tavoitteiden-toteutuminen-opinnaytetyoprojektissa-tutkimuksen-tietosuojaseloste\\\/\"]}]},{\"@type\":\"BreadcrumbList\",\"@id\":\"https:\\\/\\\/help.jamk.fi\\\/tietosuoja\\\/fi\\\/tki-hankkeet\\\/liken-strategisten-tavoitteiden-toteutuminen-opinnaytetyoprojektissa-tutkimuksen-tietosuojaseloste\\\/#breadcrumb\",\"itemListElement\":[{\"@type\":\"ListItem\",\"position\":1,\"name\":\"Etusivu\",\"item\":\"https:\\\/\\\/help.jamk.fi\\\/tietosuoja\\\/fi\\\/\"},{\"@type\":\"ListItem\",\"position\":2,\"name\":\"TKI-hankkeet\",\"item\":\"https:\\\/\\\/help.jamk.fi\\\/tietosuoja\\\/fi\\\/tki-hankkeet\\\/\"},{\"@type\":\"ListItem\",\"position\":3,\"name\":\"LIKEn strategisten tavoitteiden toteutuminen opinn\u00e4ytety\u00f6projektissa -tutkimuksen tietosuojaseloste\"}]},{\"@type\":\"WebSite\",\"@id\":\"https:\\\/\\\/help.jamk.fi\\\/tietosuoja\\\/#website\",\"url\":\"https:\\\/\\\/help.jamk.fi\\\/tietosuoja\\\/\",\"name\":\"Tietosuoja\",\"description\":\"\",\"potentialAction\":[{\"@type\":\"SearchAction\",\"target\":{\"@type\":\"EntryPoint\",\"urlTemplate\":\"https:\\\/\\\/help.jamk.fi\\\/tietosuoja\\\/?s={search_term_string}\"},\"query-input\":{\"@type\":\"PropertyValueSpecification\",\"valueRequired\":true,\"valueName\":\"search_term_string\"}}],\"inLanguage\":\"fi\"}]}<\/script>\n<!-- \/ Yoast SEO plugin. -->","yoast_head_json":{"title":"LIKEn strategisten tavoitteiden toteutuminen opinn\u00e4ytety\u00f6projektissa -tutkimuksen tietosuojaseloste - Tietosuoja","robots":{"index":"index","follow":"follow","max-snippet":"max-snippet:-1","max-image-preview":"max-image-preview:large","max-video-preview":"max-video-preview:-1"},"canonical":"https:\/\/help.jamk.fi\/tietosuoja\/fi\/tki-hankkeet\/liken-strategisten-tavoitteiden-toteutuminen-opinnaytetyoprojektissa-tutkimuksen-tietosuojaseloste\/","og_locale":"fi_FI","og_type":"article","og_title":"LIKEn strategisten tavoitteiden toteutuminen opinn\u00e4ytety\u00f6projektissa -tutkimuksen tietosuojaseloste - Tietosuoja","og_description":"Tieteellisen tutkimuksen tietosuojaseloste Tietosuojaseloste sis\u00e4lt\u00e4\u00e4 ne tiedot, jotka tulee kertoa tutkittavalle k\u00e4sitelt\u00e4ess\u00e4 henkil\u00f6tietoja tieteellisess\u00e4 tutkimuksessa sek\u00e4 k\u00e4sittelytoimista teht\u00e4v\u00e4n selosteen tiedot. Henkil\u00f6tietoja ovat sellaiset tiedot, joiden perusteella henkil\u00f6 voidaan tunnistaa suoraan tai v\u00e4lillisesti esimerkiksi yhdist\u00e4m\u00e4ll\u00e4 yksitt\u00e4inen tieto johonkin toiseen tietoon, joka mahdollistaa tunnistamisen. Tietosuojaselosteen avulla huolehditaan rekisterinpit\u00e4j\u00e4n osoitusvelvollisuudesta. Osoitusvelvollisuus on keskeinen periaate tietosuoja-asetuksessa ja tarkoittaa, ett\u00e4 [&hellip;]","og_url":"https:\/\/help.jamk.fi\/tietosuoja\/fi\/tki-hankkeet\/liken-strategisten-tavoitteiden-toteutuminen-opinnaytetyoprojektissa-tutkimuksen-tietosuojaseloste\/","og_site_name":"Tietosuoja","article_modified_time":"2024-01-10T14:09:28+00:00","twitter_card":"summary_large_image","twitter_misc":{"Arvioitu lukuaika":"3 minuuttia"},"schema":{"@context":"https:\/\/schema.org","@graph":[{"@type":"WebPage","@id":"https:\/\/help.jamk.fi\/tietosuoja\/fi\/tki-hankkeet\/liken-strategisten-tavoitteiden-toteutuminen-opinnaytetyoprojektissa-tutkimuksen-tietosuojaseloste\/","url":"https:\/\/help.jamk.fi\/tietosuoja\/fi\/tki-hankkeet\/liken-strategisten-tavoitteiden-toteutuminen-opinnaytetyoprojektissa-tutkimuksen-tietosuojaseloste\/","name":"LIKEn strategisten tavoitteiden toteutuminen opinn\u00e4ytety\u00f6projektissa -tutkimuksen tietosuojaseloste - Tietosuoja","isPartOf":{"@id":"https:\/\/help.jamk.fi\/tietosuoja\/#website"},"datePublished":"2022-06-16T05:48:50+00:00","dateModified":"2024-01-10T14:09:28+00:00","breadcrumb":{"@id":"https:\/\/help.jamk.fi\/tietosuoja\/fi\/tki-hankkeet\/liken-strategisten-tavoitteiden-toteutuminen-opinnaytetyoprojektissa-tutkimuksen-tietosuojaseloste\/#breadcrumb"},"inLanguage":"fi","potentialAction":[{"@type":"ReadAction","target":["https:\/\/help.jamk.fi\/tietosuoja\/fi\/tki-hankkeet\/liken-strategisten-tavoitteiden-toteutuminen-opinnaytetyoprojektissa-tutkimuksen-tietosuojaseloste\/"]}]},{"@type":"BreadcrumbList","@id":"https:\/\/help.jamk.fi\/tietosuoja\/fi\/tki-hankkeet\/liken-strategisten-tavoitteiden-toteutuminen-opinnaytetyoprojektissa-tutkimuksen-tietosuojaseloste\/#breadcrumb","itemListElement":[{"@type":"ListItem","position":1,"name":"Etusivu","item":"https:\/\/help.jamk.fi\/tietosuoja\/fi\/"},{"@type":"ListItem","position":2,"name":"TKI-hankkeet","item":"https:\/\/help.jamk.fi\/tietosuoja\/fi\/tki-hankkeet\/"},{"@type":"ListItem","position":3,"name":"LIKEn strategisten tavoitteiden toteutuminen opinn\u00e4ytety\u00f6projektissa -tutkimuksen tietosuojaseloste"}]},{"@type":"WebSite","@id":"https:\/\/help.jamk.fi\/tietosuoja\/#website","url":"https:\/\/help.jamk.fi\/tietosuoja\/","name":"Tietosuoja","description":"","potentialAction":[{"@type":"SearchAction","target":{"@type":"EntryPoint","urlTemplate":"https:\/\/help.jamk.fi\/tietosuoja\/?s={search_term_string}"},"query-input":{"@type":"PropertyValueSpecification","valueRequired":true,"valueName":"search_term_string"}}],"inLanguage":"fi"}]}},"_links":{"self":[{"href":"https:\/\/help.jamk.fi\/tietosuoja\/wp-json\/wp\/v2\/pages\/191","targetHints":{"allow":["GET"]}}],"collection":[{"href":"https:\/\/help.jamk.fi\/tietosuoja\/wp-json\/wp\/v2\/pages"}],"about":[{"href":"https:\/\/help.jamk.fi\/tietosuoja\/wp-json\/wp\/v2\/types\/page"}],"author":[{"embeddable":true,"href":"https:\/\/help.jamk.fi\/tietosuoja\/wp-json\/wp\/v2\/users\/178"}],"replies":[{"embeddable":true,"href":"https:\/\/help.jamk.fi\/tietosuoja\/wp-json\/wp\/v2\/comments?post=191"}],"version-history":[{"count":3,"href":"https:\/\/help.jamk.fi\/tietosuoja\/wp-json\/wp\/v2\/pages\/191\/revisions"}],"predecessor-version":[{"id":852,"href":"https:\/\/help.jamk.fi\/tietosuoja\/wp-json\/wp\/v2\/pages\/191\/revisions\/852"}],"up":[{"embeddable":true,"href":"https:\/\/help.jamk.fi\/tietosuoja\/wp-json\/wp\/v2\/pages\/539"}],"wp:attachment":[{"href":"https:\/\/help.jamk.fi\/tietosuoja\/wp-json\/wp\/v2\/media?parent=191"}],"wp:term":[{"taxonomy":"category","embeddable":true,"href":"https:\/\/help.jamk.fi\/tietosuoja\/wp-json\/wp\/v2\/categories?post=191"},{"taxonomy":"post_tag","embeddable":true,"href":"https:\/\/help.jamk.fi\/tietosuoja\/wp-json\/wp\/v2\/tags?post=191"}],"curies":[{"name":"wp","href":"https:\/\/api.w.org\/{rel}","templated":true}]}}