{"id":194,"date":"2022-06-27T10:55:35","date_gmt":"2022-06-27T07:55:35","guid":{"rendered":"https:\/\/help.jamk.fi\/tietosuoja\/sahkoinen-asiointi-tietosuojaseloste\/"},"modified":"2024-01-23T15:37:16","modified_gmt":"2024-01-23T13:37:16","slug":"sahkoinen-asiointi-tietosuojaseloste","status":"publish","type":"page","link":"https:\/\/help.jamk.fi\/tietosuoja\/fi\/yleishallinto\/sahkoinen-asiointi-tietosuojaseloste\/","title":{"rendered":"Tietosuojaseloste &#8211; S\u00e4hk\u00f6inen asiointi"},"content":{"rendered":"\n<p><br>(<a href=\"http:\/\/eur-lex.europa.eu\/legal-content\/FI\/TXT\/?uri=uriserv:OJ.L_.2016.119.01.0001.01.FIN&amp;toc=OJ:L:2016:119:FULL\">EU yleinen tietosuoja-asetus\u00a0(2016\/679)<\/a><\/p>\n\n\n\n<p><a href=\"https:\/\/intra.jamk.fi\/opiskelijat\/tietosuoja\/Sivut\/privacy_statement_eservices.aspx\">In English&nbsp;&gt;&gt;&gt; &nbsp;&nbsp;&nbsp;<\/a>&nbsp;&nbsp;&nbsp;&nbsp;<\/p>\n\n\n\n<p>P\u00e4ivitetty 21.6.2022<\/p>\n\n\n\n<p>1 Rekisterin nimi<\/p>\n\n\n\n<p>S\u00e4hk\u00f6inen asiointi -palvelu<\/p>\n\n\n\n<p>2 Rekisterinpit\u00e4j\u00e4<\/p>\n\n\n\n<p>Jyv\u00e4skyl\u00e4n ammattikorkeakoulu Oy<\/p>\n\n\n\n<p>PL 207, 40101 Jyv\u00e4skyl\u00e4<\/p>\n\n\n\n<p>+358 20 743 8100<\/p>\n\n\n\n<p>3 Yhteyshenkil\u00f6 rekisteri\u00e4 koskevissa asioissa, yhteystiedot virka-aikana<\/p>\n\n\n\n<p>Rekisterist\u00e4 vastaava johtaja: Hallintojohtaja <\/p>\n\n\n\n<p>Prosessin omistaja: ICT-p\u00e4\u00e4llikk\u00f6<\/p>\n\n\n\n<p>P\u00e4\u00e4k\u00e4ytt\u00e4j\u00e4t: Asianhallinnan asiantuntija, j\u00e4rjestelm\u00e4suunnittelija <\/p>\n\n\n\n<p>etunimi.sukunimi@jamk.fi<\/p>\n\n\n\n<p>4 Henkil\u00f6tietojen k\u00e4sittelyn tarkoitus<\/p>\n\n\n\n<p>Asiakkaan Jyv\u00e4skyl\u00e4n ammattikorkeakoululle (Jamk) l\u00e4hett\u00e4mien verkkolomakkeiden k\u00e4sittely, tallentaminen ja s\u00e4ilytt\u00e4minen. Hallinnolliset s\u00e4hk\u00f6iset prosessit.<\/p>\n\n\n\n<p>5 Rekisterin tietosis\u00e4lt\u00f6<\/p>\n\n\n\n<p>Asiakkaan S\u00e4hk\u00f6inen asiointi -palvelun kautta tallentamat verkkolomakkeet ja niille kirjoitetut tiedot.&nbsp;Osa lomakkeille tulevista k\u00e4ytt\u00e4j\u00e4tiedoista tulee Jamkin k\u00e4ytt\u00e4j\u00e4hakemistosta ja opintotietoj\u00e4rjestelm\u00e4ss\u00e4. Ker\u00e4tt\u00e4v\u00e4 tieto riippuu prosessista, teht\u00e4v\u00e4st\u00e4 ja siin\u00e4 m\u00e4\u00e4ritett\u00e4vist\u00e4 ker\u00e4tt\u00e4vist\u00e4 tiedoista. K\u00e4ytt\u00e4j\u00e4st\u00e4 ker\u00e4t\u00e4\u00e4n mm. seuraavia tietoja:<br><br><\/p>\n\n\n\n<ul class=\"wp-block-list\">\n<li>Nimi<\/li>\n\n\n\n<li>K\u00e4ytt\u00e4j\u00e4tunnus<\/li>\n\n\n\n<li>Osoite<\/li>\n\n\n\n<li>Puhelinnumero<\/li>\n\n\n\n<li>Yksikk\u00f6<\/li>\n\n\n\n<li>Kustannuspaikka<\/li>\n\n\n\n<li>Tutkinto-ohjelma<\/li>\n\n\n\n<li>Ryhm\u00e4tunnus<\/li>\n\n\n\n<li>Opintopisteet<\/li>\n\n\n\n<li>Tutkinnon laajuus<\/li>\n\n\n\n<li>Opinto-oikeustieto<\/li>\n<\/ul>\n\n\n\n<p>6 K\u00e4sittelyperuste<\/p>\n\n\n\n<p>Henkil\u00f6tietojen k\u00e4sittelyperuste on lakis\u00e4\u00e4teinen teht\u00e4v\u00e4\/velvoite sek\u00e4 rekisterinpit\u00e4j\u00e4n oikeutettu etu.<\/p>\n\n\n\n<p>7 S\u00e4\u00e4nn\u00f6nmukaiset tietol\u00e4hteet<\/p>\n\n\n\n<p>Lomakkeille tulevat k\u00e4ytt\u00e4j\u00e4tiedot saadaan Jamkin k\u00e4ytt\u00e4j\u00e4hakemistosta ja opintotietoj\u00e4rjestelm\u00e4ss\u00e4. Lis\u00e4ksi asiakas antaa itse tarvittavia tietoja.<\/p>\n\n\n\n<p>8 S\u00e4\u00e4nn\u00f6nmukaiset tietojen luovutukset ja tietojen siirto EU:n tai Euroopan talousalueen ulkopuolelle<\/p>\n\n\n\n<p>Tietoja ei siirret\u00e4 EU:n tai ETA-alueen ulkopuolelle eik\u00e4 kansainv\u00e4lisille j\u00e4rjest\u00f6ille.<\/p>\n\n\n\n<p>9 Rekisterin suojauksen periaatteet<\/p>\n\n\n\n<p>Ei manuaalista aineistoa.<\/p>\n\n\n\n<p>J\u00e4rjestelm\u00e4\u00e4n p\u00e4\u00e4sy on rajattu Jamkissa ty\u00f6teht\u00e4vien mukaisesti tietyille henkil\u00f6ille. J\u00e4rjestelm\u00e4n k\u00e4ytt\u00f6 edellytt\u00e4\u00e4 henkil\u00f6kohtaista k\u00e4ytt\u00e4j\u00e4tunnusta ja salasanaa. K\u00e4ytt\u00e4j\u00e4tunnuksen perusteella m\u00e4\u00e4r\u00e4ytyv\u00e4t heid\u00e4n oikeutensa n\u00e4hd\u00e4 ja tehd\u00e4 muutoksia tietosis\u00e4lt\u00f6\u00f6n. J\u00e4rjestelm\u00e4n k\u00e4ytt\u00f6oikeus poistetaan henkil\u00f6n siirtyess\u00e4 pois niist\u00e4 teht\u00e4vist\u00e4, joita varten h\u00e4nelle on my\u00f6nnetty k\u00e4ytt\u00f6oikeus.<\/p>\n\n\n\n<p>S\u00e4hk\u00f6inen asiointipalvelu ei vaadi erillist\u00e4 rekister\u00f6itymist\u00e4, mutta palvelun k\u00e4ytt\u00f6 edellytt\u00e4\u00e4 tunnistautumista, k\u00e4ytt\u00e4j\u00e4lle aiemmin my\u00f6nnetyill\u00e4 Jamkin verkkotunnuksilla.<\/p>\n\n\n\n<p>10 Henkil\u00f6tietojen s\u00e4ilytt\u00e4misaika tai s\u00e4ilytt\u00e4misajan m\u00e4\u00e4ritt\u00e4miskriteerit<\/p>\n\n\n\n<p>Tiedot s\u00e4ilytet\u00e4\u00e4n s\u00e4hk\u00f6isess\u00e4 asioinnissa ja poistetaan j\u00e4rjestelm\u00e4st\u00e4, kun ne eiv\u00e4t ole en\u00e4\u00e4 k\u00e4sittelyn kannalta tarpeellisia. Lomakkeiden k\u00e4sittelyaika on yleens\u00e4 alle kaksi (2) kuukautta prosessista riippuen. S\u00e4hk\u00f6isen ty\u00f6nkulun p\u00e4\u00e4tytty\u00e4 k\u00e4sittely siirtyy asianhallintaan. Asianhallinnassa tietoja s\u00e4ilytet\u00e4\u00e4n Jamkin tiedonohjaussuunnitelman mukaisesti ja s\u00e4ilytysaika riippuu lomakkeeseen liittyv\u00e4st\u00e4 prosessista.<\/p>\n\n\n\n<p>11 Profilointi ja automaattinen p\u00e4\u00e4t\u00f6ksenteko<\/p>\n\n\n\n<p>Henkil\u00f6tietoihin liittyv\u00e4\u00e4 automatisoitua profilointia ei tehd\u00e4.<\/p>\n\n\n\n<p>12 Rekister\u00f6idyn oikeudet<\/p>\n\n\n\n<p>Lis\u00e4tietoa tietosuojavastaavasta ja rekister\u00f6idyn oikeuksista ja niiden toteuttamisesta\u00a0kerrotaan\u00a0<a href=\"https:\/\/www.jamk.fi\/fi\/Tietoa-JAMKista\/tietosuoja\/\">Jamkin tietosuojalausekkeessa<\/a>\u00a0ja\u00a0<a href=\"https:\/\/www.jamk.fi\/fi\/Tietoa-JAMKista\/tietosuoja\/rekisteroidyn-oikeudet\/\">Rekister\u00f6idyn oikeudet<\/a>-sivulla.<\/p>\n","protected":false},"excerpt":{"rendered":"<p>(EU yleinen tietosuoja-asetus\u00a0(2016\/679) In English&nbsp;&gt;&gt;&gt; &nbsp;&nbsp;&nbsp;&nbsp;&nbsp;&nbsp;&nbsp; P\u00e4ivitetty 21.6.2022 1 Rekisterin nimi S\u00e4hk\u00f6inen asiointi -palvelu 2 Rekisterinpit\u00e4j\u00e4 Jyv\u00e4skyl\u00e4n ammattikorkeakoulu Oy PL 207, 40101 Jyv\u00e4skyl\u00e4 +358 20 743 8100 3 Yhteyshenkil\u00f6 rekisteri\u00e4 koskevissa asioissa, yhteystiedot virka-aikana Rekisterist\u00e4 vastaava johtaja: Hallintojohtaja Prosessin omistaja: ICT-p\u00e4\u00e4llikk\u00f6 P\u00e4\u00e4k\u00e4ytt\u00e4j\u00e4t: Asianhallinnan asiantuntija, j\u00e4rjestelm\u00e4suunnittelija etunimi.sukunimi@jamk.fi 4 Henkil\u00f6tietojen k\u00e4sittelyn tarkoitus Asiakkaan Jyv\u00e4skyl\u00e4n ammattikorkeakoululle (Jamk) l\u00e4hett\u00e4mien [&hellip;]<\/p>\n","protected":false},"author":178,"featured_media":0,"parent":494,"menu_order":1,"comment_status":"closed","ping_status":"closed","template":"","meta":{"_acf_changed":false,"_relevanssi_hide_post":"","_relevanssi_hide_content":"","_relevanssi_pin_for_all":"","_relevanssi_pin_keywords":"","_relevanssi_unpin_keywords":"","_relevanssi_related_keywords":"","_relevanssi_related_include_ids":"","_relevanssi_related_exclude_ids":"","_relevanssi_related_no_append":"","_relevanssi_related_not_related":"","_relevanssi_related_posts":"","_relevanssi_noindex_reason":"","footnotes":""},"categories":[1],"tags":[76],"class_list":["post-194","page","type-page","status-publish","hentry","category-yleinen","tag-tietosuojaseloste"],"acf":[],"yoast_head":"<!-- This site is optimized with the Yoast SEO plugin v27.3 - https:\/\/yoast.com\/product\/yoast-seo-wordpress\/ -->\n<title>Tietosuojaseloste - S\u00e4hk\u00f6inen asiointi - Tietosuoja<\/title>\n<meta name=\"robots\" content=\"index, follow, max-snippet:-1, max-image-preview:large, max-video-preview:-1\" \/>\n<link rel=\"canonical\" href=\"https:\/\/help.jamk.fi\/tietosuoja\/fi\/yleishallinto\/sahkoinen-asiointi-tietosuojaseloste\/\" \/>\n<meta property=\"og:locale\" content=\"fi_FI\" \/>\n<meta property=\"og:type\" content=\"article\" \/>\n<meta property=\"og:title\" content=\"Tietosuojaseloste - S\u00e4hk\u00f6inen asiointi - Tietosuoja\" \/>\n<meta property=\"og:description\" content=\"(EU yleinen tietosuoja-asetus\u00a0(2016\/679) In English&nbsp;&gt;&gt;&gt; &nbsp;&nbsp;&nbsp;&nbsp;&nbsp;&nbsp;&nbsp; P\u00e4ivitetty 21.6.2022 1 Rekisterin nimi S\u00e4hk\u00f6inen asiointi -palvelu 2 Rekisterinpit\u00e4j\u00e4 Jyv\u00e4skyl\u00e4n ammattikorkeakoulu Oy PL 207, 40101 Jyv\u00e4skyl\u00e4 +358 20 743 8100 3 Yhteyshenkil\u00f6 rekisteri\u00e4 koskevissa asioissa, yhteystiedot virka-aikana Rekisterist\u00e4 vastaava johtaja: Hallintojohtaja Prosessin omistaja: ICT-p\u00e4\u00e4llikk\u00f6 P\u00e4\u00e4k\u00e4ytt\u00e4j\u00e4t: Asianhallinnan asiantuntija, j\u00e4rjestelm\u00e4suunnittelija etunimi.sukunimi@jamk.fi 4 Henkil\u00f6tietojen k\u00e4sittelyn tarkoitus Asiakkaan Jyv\u00e4skyl\u00e4n ammattikorkeakoululle (Jamk) l\u00e4hett\u00e4mien [&hellip;]\" \/>\n<meta property=\"og:url\" content=\"https:\/\/help.jamk.fi\/tietosuoja\/fi\/yleishallinto\/sahkoinen-asiointi-tietosuojaseloste\/\" \/>\n<meta property=\"og:site_name\" content=\"Tietosuoja\" \/>\n<meta property=\"article:modified_time\" content=\"2024-01-23T13:37:16+00:00\" \/>\n<meta name=\"twitter:card\" content=\"summary_large_image\" \/>\n<meta name=\"twitter:label1\" content=\"Arvioitu lukuaika\" \/>\n\t<meta name=\"twitter:data1\" content=\"2 minuuttia\" \/>\n<script type=\"application\/ld+json\" class=\"yoast-schema-graph\">{\"@context\":\"https:\\\/\\\/schema.org\",\"@graph\":[{\"@type\":\"WebPage\",\"@id\":\"https:\\\/\\\/help.jamk.fi\\\/tietosuoja\\\/fi\\\/yleishallinto\\\/sahkoinen-asiointi-tietosuojaseloste\\\/\",\"url\":\"https:\\\/\\\/help.jamk.fi\\\/tietosuoja\\\/fi\\\/yleishallinto\\\/sahkoinen-asiointi-tietosuojaseloste\\\/\",\"name\":\"Tietosuojaseloste - S\u00e4hk\u00f6inen asiointi - Tietosuoja\",\"isPartOf\":{\"@id\":\"https:\\\/\\\/help.jamk.fi\\\/tietosuoja\\\/#website\"},\"datePublished\":\"2022-06-27T07:55:35+00:00\",\"dateModified\":\"2024-01-23T13:37:16+00:00\",\"breadcrumb\":{\"@id\":\"https:\\\/\\\/help.jamk.fi\\\/tietosuoja\\\/fi\\\/yleishallinto\\\/sahkoinen-asiointi-tietosuojaseloste\\\/#breadcrumb\"},\"inLanguage\":\"fi\",\"potentialAction\":[{\"@type\":\"ReadAction\",\"target\":[\"https:\\\/\\\/help.jamk.fi\\\/tietosuoja\\\/fi\\\/yleishallinto\\\/sahkoinen-asiointi-tietosuojaseloste\\\/\"]}]},{\"@type\":\"BreadcrumbList\",\"@id\":\"https:\\\/\\\/help.jamk.fi\\\/tietosuoja\\\/fi\\\/yleishallinto\\\/sahkoinen-asiointi-tietosuojaseloste\\\/#breadcrumb\",\"itemListElement\":[{\"@type\":\"ListItem\",\"position\":1,\"name\":\"Etusivu\",\"item\":\"https:\\\/\\\/help.jamk.fi\\\/tietosuoja\\\/fi\\\/\"},{\"@type\":\"ListItem\",\"position\":2,\"name\":\"Yleishallinto\",\"item\":\"https:\\\/\\\/help.jamk.fi\\\/tietosuoja\\\/fi\\\/yleishallinto\\\/\"},{\"@type\":\"ListItem\",\"position\":3,\"name\":\"Tietosuojaseloste &#8211; S\u00e4hk\u00f6inen asiointi\"}]},{\"@type\":\"WebSite\",\"@id\":\"https:\\\/\\\/help.jamk.fi\\\/tietosuoja\\\/#website\",\"url\":\"https:\\\/\\\/help.jamk.fi\\\/tietosuoja\\\/\",\"name\":\"Tietosuoja\",\"description\":\"\",\"potentialAction\":[{\"@type\":\"SearchAction\",\"target\":{\"@type\":\"EntryPoint\",\"urlTemplate\":\"https:\\\/\\\/help.jamk.fi\\\/tietosuoja\\\/?s={search_term_string}\"},\"query-input\":{\"@type\":\"PropertyValueSpecification\",\"valueRequired\":true,\"valueName\":\"search_term_string\"}}],\"inLanguage\":\"fi\"}]}<\/script>\n<!-- \/ Yoast SEO plugin. -->","yoast_head_json":{"title":"Tietosuojaseloste - S\u00e4hk\u00f6inen asiointi - Tietosuoja","robots":{"index":"index","follow":"follow","max-snippet":"max-snippet:-1","max-image-preview":"max-image-preview:large","max-video-preview":"max-video-preview:-1"},"canonical":"https:\/\/help.jamk.fi\/tietosuoja\/fi\/yleishallinto\/sahkoinen-asiointi-tietosuojaseloste\/","og_locale":"fi_FI","og_type":"article","og_title":"Tietosuojaseloste - S\u00e4hk\u00f6inen asiointi - Tietosuoja","og_description":"(EU yleinen tietosuoja-asetus\u00a0(2016\/679) In English&nbsp;&gt;&gt;&gt; &nbsp;&nbsp;&nbsp;&nbsp;&nbsp;&nbsp;&nbsp; P\u00e4ivitetty 21.6.2022 1 Rekisterin nimi S\u00e4hk\u00f6inen asiointi -palvelu 2 Rekisterinpit\u00e4j\u00e4 Jyv\u00e4skyl\u00e4n ammattikorkeakoulu Oy PL 207, 40101 Jyv\u00e4skyl\u00e4 +358 20 743 8100 3 Yhteyshenkil\u00f6 rekisteri\u00e4 koskevissa asioissa, yhteystiedot virka-aikana Rekisterist\u00e4 vastaava johtaja: Hallintojohtaja Prosessin omistaja: ICT-p\u00e4\u00e4llikk\u00f6 P\u00e4\u00e4k\u00e4ytt\u00e4j\u00e4t: Asianhallinnan asiantuntija, j\u00e4rjestelm\u00e4suunnittelija etunimi.sukunimi@jamk.fi 4 Henkil\u00f6tietojen k\u00e4sittelyn tarkoitus Asiakkaan Jyv\u00e4skyl\u00e4n ammattikorkeakoululle (Jamk) l\u00e4hett\u00e4mien [&hellip;]","og_url":"https:\/\/help.jamk.fi\/tietosuoja\/fi\/yleishallinto\/sahkoinen-asiointi-tietosuojaseloste\/","og_site_name":"Tietosuoja","article_modified_time":"2024-01-23T13:37:16+00:00","twitter_card":"summary_large_image","twitter_misc":{"Arvioitu lukuaika":"2 minuuttia"},"schema":{"@context":"https:\/\/schema.org","@graph":[{"@type":"WebPage","@id":"https:\/\/help.jamk.fi\/tietosuoja\/fi\/yleishallinto\/sahkoinen-asiointi-tietosuojaseloste\/","url":"https:\/\/help.jamk.fi\/tietosuoja\/fi\/yleishallinto\/sahkoinen-asiointi-tietosuojaseloste\/","name":"Tietosuojaseloste - S\u00e4hk\u00f6inen asiointi - Tietosuoja","isPartOf":{"@id":"https:\/\/help.jamk.fi\/tietosuoja\/#website"},"datePublished":"2022-06-27T07:55:35+00:00","dateModified":"2024-01-23T13:37:16+00:00","breadcrumb":{"@id":"https:\/\/help.jamk.fi\/tietosuoja\/fi\/yleishallinto\/sahkoinen-asiointi-tietosuojaseloste\/#breadcrumb"},"inLanguage":"fi","potentialAction":[{"@type":"ReadAction","target":["https:\/\/help.jamk.fi\/tietosuoja\/fi\/yleishallinto\/sahkoinen-asiointi-tietosuojaseloste\/"]}]},{"@type":"BreadcrumbList","@id":"https:\/\/help.jamk.fi\/tietosuoja\/fi\/yleishallinto\/sahkoinen-asiointi-tietosuojaseloste\/#breadcrumb","itemListElement":[{"@type":"ListItem","position":1,"name":"Etusivu","item":"https:\/\/help.jamk.fi\/tietosuoja\/fi\/"},{"@type":"ListItem","position":2,"name":"Yleishallinto","item":"https:\/\/help.jamk.fi\/tietosuoja\/fi\/yleishallinto\/"},{"@type":"ListItem","position":3,"name":"Tietosuojaseloste &#8211; S\u00e4hk\u00f6inen asiointi"}]},{"@type":"WebSite","@id":"https:\/\/help.jamk.fi\/tietosuoja\/#website","url":"https:\/\/help.jamk.fi\/tietosuoja\/","name":"Tietosuoja","description":"","potentialAction":[{"@type":"SearchAction","target":{"@type":"EntryPoint","urlTemplate":"https:\/\/help.jamk.fi\/tietosuoja\/?s={search_term_string}"},"query-input":{"@type":"PropertyValueSpecification","valueRequired":true,"valueName":"search_term_string"}}],"inLanguage":"fi"}]}},"_links":{"self":[{"href":"https:\/\/help.jamk.fi\/tietosuoja\/wp-json\/wp\/v2\/pages\/194","targetHints":{"allow":["GET"]}}],"collection":[{"href":"https:\/\/help.jamk.fi\/tietosuoja\/wp-json\/wp\/v2\/pages"}],"about":[{"href":"https:\/\/help.jamk.fi\/tietosuoja\/wp-json\/wp\/v2\/types\/page"}],"author":[{"embeddable":true,"href":"https:\/\/help.jamk.fi\/tietosuoja\/wp-json\/wp\/v2\/users\/178"}],"replies":[{"embeddable":true,"href":"https:\/\/help.jamk.fi\/tietosuoja\/wp-json\/wp\/v2\/comments?post=194"}],"version-history":[{"count":4,"href":"https:\/\/help.jamk.fi\/tietosuoja\/wp-json\/wp\/v2\/pages\/194\/revisions"}],"predecessor-version":[{"id":906,"href":"https:\/\/help.jamk.fi\/tietosuoja\/wp-json\/wp\/v2\/pages\/194\/revisions\/906"}],"up":[{"embeddable":true,"href":"https:\/\/help.jamk.fi\/tietosuoja\/wp-json\/wp\/v2\/pages\/494"}],"wp:attachment":[{"href":"https:\/\/help.jamk.fi\/tietosuoja\/wp-json\/wp\/v2\/media?parent=194"}],"wp:term":[{"taxonomy":"category","embeddable":true,"href":"https:\/\/help.jamk.fi\/tietosuoja\/wp-json\/wp\/v2\/categories?post=194"},{"taxonomy":"post_tag","embeddable":true,"href":"https:\/\/help.jamk.fi\/tietosuoja\/wp-json\/wp\/v2\/tags?post=194"}],"curies":[{"name":"wp","href":"https:\/\/api.w.org\/{rel}","templated":true}]}}