{"id":197,"date":"2022-06-27T11:07:02","date_gmt":"2022-06-27T08:07:02","guid":{"rendered":"https:\/\/help.jamk.fi\/tietosuoja\/privacy-statement-electronic-services\/"},"modified":"2024-01-23T15:44:15","modified_gmt":"2024-01-23T13:44:15","slug":"privacy-statement-electronic-services","status":"publish","type":"page","link":"https:\/\/help.jamk.fi\/tietosuoja\/en\/administration\/privacy-statement-electronic-services\/","title":{"rendered":"Privacy statement &#8211; Electronic services"},"content":{"rendered":"\n<p><br>(<a href=\"https:\/\/eur-lex.europa.eu\/legal-content\/EN\/TXT\/?uri=CELEX:32016R0679\">EU General Data Protection Regulation (2016\/679<\/a>)&nbsp;&nbsp;&nbsp;&nbsp;&nbsp;&nbsp;&nbsp;&nbsp;&nbsp;&nbsp;&nbsp;&nbsp;&nbsp;&nbsp;&nbsp;&nbsp;&nbsp;&nbsp;&nbsp;&nbsp;&nbsp;&nbsp;&nbsp;&nbsp;&nbsp;&nbsp;&nbsp;&nbsp;&nbsp;&nbsp;&nbsp;&nbsp;&nbsp;&nbsp;&nbsp;&nbsp;&nbsp;&nbsp;&nbsp;&nbsp;&nbsp;&nbsp;&nbsp;&nbsp;&nbsp;&nbsp;&nbsp;&nbsp;&nbsp;&nbsp;&nbsp;&nbsp;&nbsp;&nbsp;&nbsp;&nbsp;&nbsp;&nbsp;&nbsp;&nbsp;&nbsp;&nbsp;&nbsp;&nbsp;&nbsp;&nbsp;&nbsp;<\/p>\n\n\n\n<p>Update 16.6.2022<\/p>\n\n\n\n<p>1 Controller<\/p>\n\n\n\n<p>Jyv\u00e4skyl\u00e4n ammattikorkeakoulu Oy \/ Jamk University of Applied Sciences<\/p>\n\n\n\n<p>PL 207, 40101 Jyv\u00e4skyl\u00e4<\/p>\n\n\n\n<p>+358 20 743 8100<br><\/p>\n\n\n\n<p>2 Contact person in matters related to the register, contact information during office hours<\/p>\n\n\n\n<p>Case Management Specialist<br>System Specialist<\/p>\n\n\n\n<p>Rajakatu 35, 40200 Jyv\u00e4skyl\u00e4<br><br><\/p>\n\n\n\n<p>3&nbsp;Register name<\/p>\n\n\n\n<p>Electronic services<br><br><\/p>\n\n\n\n<p>4&nbsp;Purpose for processing personal information<\/p>\n\n\n\n<p>Saving, editing and storing customer&#8217;s electronic forms as well as saving and storing electronic forms sent by the customer to Jamk University of Applied Sciences.<\/p>\n\n\n\n<p>The electronic services do not require separate registration, but the use of the service requires identification using Jamk&#8217;s online identification granted to the user in advance.<br><br><\/p>\n\n\n\n<p>5 Register information contents<\/p>\n\n\n\n<p>Electronic forms and information contained in them saved by the customer via the&nbsp;<em>electronic services<\/em>. The submitted forms with their appendices are stored in Jamk&#8217;s case management system according to the storage times specified in the information guidance plan. Processing information of forms in the&nbsp;<em>electronic services<\/em>&nbsp;are deleted after they are no longer necessary for management and the information has been transferred to the case management system.<\/p>\n\n\n\n<p>The user information coming to the forms come from Jamk&#8217;s user directory where they are maintained. Changes of user information are made in the HR information system for the personnel and in the Peppi study information system for the students. Separate privacy statements have been made for the systems in question.<br><br><\/p>\n\n\n\n<p>6&nbsp;Regular information sources<\/p>\n\n\n\n<p>The customer adds electronic forms and information contained in them to the&nbsp;<em>electronic services<\/em>&nbsp;according to need.<br><br><\/p>\n\n\n\n<p>7&nbsp;Regular information hand-overs and information transfer outside the EU or the European Economic Area<\/p>\n\n\n\n<p>The information is not disclosed to third parties.<br><br><\/p>\n\n\n\n<p>8&nbsp;Register protection principles<\/p>\n\n\n\n<p>A Manual material<\/p>\n\n\n\n<p>No manual material.<br><br><\/p>\n\n\n\n<p>B Information saved in automatic data processing<\/p>\n\n\n\n<p>Information saved in the electronic services is saved on a protected cloud network server with no access to outsiders.&nbsp;Backups of the system are ran daily.&nbsp;The information is not handed over to third parties.<br><br><\/p>\n\n\n\n<p>9&nbsp;Inspection right<\/p>\n\n\n\n<p>Primarily, everyone has the right to inspect information regarding his\/her person. The inspection right is free-of-charge no more than once a year (12 months). The inspection request must be made in writing with a signed letter or personally at the controller&#8217;s facilities.<br><br><\/p>\n\n\n\n<p>10&nbsp;Right to demand information correction<\/p>\n\n\n\n<p>Primarily, everyone has the right to inspect information regarding his\/her person. The inspection right is free-of-charge no more than once a year (12 months). The inspection request must be made in writing with a signed letter or personally at the controller\u2019s facilities.&nbsp;The correction requests are to be addressed to&nbsp;Jamk University of Applied Sciences, ICT-services,&nbsp;PO&nbsp;BOX &nbsp;207, FI-40101 Jyv\u00e4skyl\u00e4. Visiting address: Rajakatu 35, 40200 Jyv\u00e4skyl\u00e4, tel. +358 20 743 8100.&nbsp;<\/p>\n","protected":false},"excerpt":{"rendered":"<p>(EU General Data Protection Regulation (2016\/679)&nbsp;&nbsp;&nbsp;&nbsp;&nbsp;&nbsp;&nbsp;&nbsp;&nbsp;&nbsp;&nbsp;&nbsp;&nbsp;&nbsp;&nbsp;&nbsp;&nbsp;&nbsp;&nbsp;&nbsp;&nbsp;&nbsp;&nbsp;&nbsp;&nbsp;&nbsp;&nbsp;&nbsp;&nbsp;&nbsp;&nbsp;&nbsp;&nbsp;&nbsp;&nbsp;&nbsp;&nbsp;&nbsp;&nbsp;&nbsp;&nbsp;&nbsp;&nbsp;&nbsp;&nbsp;&nbsp;&nbsp;&nbsp;&nbsp;&nbsp;&nbsp;&nbsp;&nbsp;&nbsp;&nbsp;&nbsp;&nbsp;&nbsp;&nbsp;&nbsp;&nbsp;&nbsp;&nbsp;&nbsp;&nbsp;&nbsp;&nbsp; Update 16.6.2022 1 Controller Jyv\u00e4skyl\u00e4n ammattikorkeakoulu Oy \/ Jamk University of Applied Sciences PL 207, 40101 Jyv\u00e4skyl\u00e4 +358 20 743 8100 2 Contact person in matters related to the register, contact information during office hours Case Management SpecialistSystem Specialist Rajakatu 35, 40200 Jyv\u00e4skyl\u00e4 3&nbsp;Register name Electronic services 4&nbsp;Purpose for [&hellip;]<\/p>\n","protected":false},"author":178,"featured_media":0,"parent":627,"menu_order":0,"comment_status":"closed","ping_status":"closed","template":"","meta":{"_acf_changed":false,"_relevanssi_hide_post":"","_relevanssi_hide_content":"","_relevanssi_pin_for_all":"","_relevanssi_pin_keywords":"","_relevanssi_unpin_keywords":"","_relevanssi_related_keywords":"","_relevanssi_related_include_ids":"","_relevanssi_related_exclude_ids":"","_relevanssi_related_no_append":"","_relevanssi_related_not_related":"","_relevanssi_related_posts":"","_relevanssi_noindex_reason":"","footnotes":""},"categories":[15],"tags":[309],"class_list":["post-197","page","type-page","status-publish","hentry","category-uncategorized-en","tag-privacy-statement-en"],"acf":[],"yoast_head":"<!-- This site is optimized with the Yoast SEO plugin v27.4 - https:\/\/yoast.com\/product\/yoast-seo-wordpress\/ -->\n<title>Privacy statement - Electronic services - Tietosuoja<\/title>\n<meta name=\"robots\" content=\"index, follow, max-snippet:-1, max-image-preview:large, max-video-preview:-1\" \/>\n<link rel=\"canonical\" href=\"https:\/\/help.jamk.fi\/tietosuoja\/en\/administration\/privacy-statement-electronic-services\/\" \/>\n<meta property=\"og:locale\" content=\"fi_FI\" \/>\n<meta property=\"og:type\" content=\"article\" \/>\n<meta property=\"og:title\" content=\"Privacy statement - Electronic services - Tietosuoja\" \/>\n<meta property=\"og:description\" content=\"(EU General Data Protection Regulation (2016\/679)&nbsp;&nbsp;&nbsp;&nbsp;&nbsp;&nbsp;&nbsp;&nbsp;&nbsp;&nbsp;&nbsp;&nbsp;&nbsp;&nbsp;&nbsp;&nbsp;&nbsp;&nbsp;&nbsp;&nbsp;&nbsp;&nbsp;&nbsp;&nbsp;&nbsp;&nbsp;&nbsp;&nbsp;&nbsp;&nbsp;&nbsp;&nbsp;&nbsp;&nbsp;&nbsp;&nbsp;&nbsp;&nbsp;&nbsp;&nbsp;&nbsp;&nbsp;&nbsp;&nbsp;&nbsp;&nbsp;&nbsp;&nbsp;&nbsp;&nbsp;&nbsp;&nbsp;&nbsp;&nbsp;&nbsp;&nbsp;&nbsp;&nbsp;&nbsp;&nbsp;&nbsp;&nbsp;&nbsp;&nbsp;&nbsp;&nbsp;&nbsp; Update 16.6.2022 1 Controller Jyv\u00e4skyl\u00e4n ammattikorkeakoulu Oy \/ Jamk University of Applied Sciences PL 207, 40101 Jyv\u00e4skyl\u00e4 +358 20 743 8100 2 Contact person in matters related to the register, contact information during office hours Case Management SpecialistSystem Specialist Rajakatu 35, 40200 Jyv\u00e4skyl\u00e4 3&nbsp;Register name Electronic services 4&nbsp;Purpose for [&hellip;]\" \/>\n<meta property=\"og:url\" content=\"https:\/\/help.jamk.fi\/tietosuoja\/en\/administration\/privacy-statement-electronic-services\/\" \/>\n<meta property=\"og:site_name\" content=\"Tietosuoja\" \/>\n<meta property=\"article:modified_time\" content=\"2024-01-23T13:44:15+00:00\" \/>\n<meta name=\"twitter:card\" content=\"summary_large_image\" \/>\n<script type=\"application\/ld+json\" class=\"yoast-schema-graph\">{\"@context\":\"https:\\\/\\\/schema.org\",\"@graph\":[{\"@type\":\"WebPage\",\"@id\":\"https:\\\/\\\/help.jamk.fi\\\/tietosuoja\\\/en\\\/administration\\\/privacy-statement-electronic-services\\\/\",\"url\":\"https:\\\/\\\/help.jamk.fi\\\/tietosuoja\\\/en\\\/administration\\\/privacy-statement-electronic-services\\\/\",\"name\":\"Privacy statement - Electronic services - Tietosuoja\",\"isPartOf\":{\"@id\":\"https:\\\/\\\/help.jamk.fi\\\/tietosuoja\\\/#website\"},\"datePublished\":\"2022-06-27T08:07:02+00:00\",\"dateModified\":\"2024-01-23T13:44:15+00:00\",\"breadcrumb\":{\"@id\":\"https:\\\/\\\/help.jamk.fi\\\/tietosuoja\\\/en\\\/administration\\\/privacy-statement-electronic-services\\\/#breadcrumb\"},\"inLanguage\":\"fi\",\"potentialAction\":[{\"@type\":\"ReadAction\",\"target\":[\"https:\\\/\\\/help.jamk.fi\\\/tietosuoja\\\/en\\\/administration\\\/privacy-statement-electronic-services\\\/\"]}]},{\"@type\":\"BreadcrumbList\",\"@id\":\"https:\\\/\\\/help.jamk.fi\\\/tietosuoja\\\/en\\\/administration\\\/privacy-statement-electronic-services\\\/#breadcrumb\",\"itemListElement\":[{\"@type\":\"ListItem\",\"position\":1,\"name\":\"Etusivu\",\"item\":\"https:\\\/\\\/help.jamk.fi\\\/tietosuoja\\\/fi\\\/\"},{\"@type\":\"ListItem\",\"position\":2,\"name\":\"Administration\",\"item\":\"https:\\\/\\\/help.jamk.fi\\\/tietosuoja\\\/en\\\/administration\\\/\"},{\"@type\":\"ListItem\",\"position\":3,\"name\":\"Privacy statement &#8211; Electronic services\"}]},{\"@type\":\"WebSite\",\"@id\":\"https:\\\/\\\/help.jamk.fi\\\/tietosuoja\\\/#website\",\"url\":\"https:\\\/\\\/help.jamk.fi\\\/tietosuoja\\\/\",\"name\":\"Tietosuoja\",\"description\":\"\",\"potentialAction\":[{\"@type\":\"SearchAction\",\"target\":{\"@type\":\"EntryPoint\",\"urlTemplate\":\"https:\\\/\\\/help.jamk.fi\\\/tietosuoja\\\/?s={search_term_string}\"},\"query-input\":{\"@type\":\"PropertyValueSpecification\",\"valueRequired\":true,\"valueName\":\"search_term_string\"}}],\"inLanguage\":\"fi\"}]}<\/script>\n<!-- \/ Yoast SEO plugin. -->","yoast_head_json":{"title":"Privacy statement - Electronic services - Tietosuoja","robots":{"index":"index","follow":"follow","max-snippet":"max-snippet:-1","max-image-preview":"max-image-preview:large","max-video-preview":"max-video-preview:-1"},"canonical":"https:\/\/help.jamk.fi\/tietosuoja\/en\/administration\/privacy-statement-electronic-services\/","og_locale":"fi_FI","og_type":"article","og_title":"Privacy statement - Electronic services - Tietosuoja","og_description":"(EU General Data Protection Regulation (2016\/679)&nbsp;&nbsp;&nbsp;&nbsp;&nbsp;&nbsp;&nbsp;&nbsp;&nbsp;&nbsp;&nbsp;&nbsp;&nbsp;&nbsp;&nbsp;&nbsp;&nbsp;&nbsp;&nbsp;&nbsp;&nbsp;&nbsp;&nbsp;&nbsp;&nbsp;&nbsp;&nbsp;&nbsp;&nbsp;&nbsp;&nbsp;&nbsp;&nbsp;&nbsp;&nbsp;&nbsp;&nbsp;&nbsp;&nbsp;&nbsp;&nbsp;&nbsp;&nbsp;&nbsp;&nbsp;&nbsp;&nbsp;&nbsp;&nbsp;&nbsp;&nbsp;&nbsp;&nbsp;&nbsp;&nbsp;&nbsp;&nbsp;&nbsp;&nbsp;&nbsp;&nbsp;&nbsp;&nbsp;&nbsp;&nbsp;&nbsp;&nbsp; Update 16.6.2022 1 Controller Jyv\u00e4skyl\u00e4n ammattikorkeakoulu Oy \/ Jamk University of Applied Sciences PL 207, 40101 Jyv\u00e4skyl\u00e4 +358 20 743 8100 2 Contact person in matters related to the register, contact information during office hours Case Management SpecialistSystem Specialist Rajakatu 35, 40200 Jyv\u00e4skyl\u00e4 3&nbsp;Register name Electronic services 4&nbsp;Purpose for [&hellip;]","og_url":"https:\/\/help.jamk.fi\/tietosuoja\/en\/administration\/privacy-statement-electronic-services\/","og_site_name":"Tietosuoja","article_modified_time":"2024-01-23T13:44:15+00:00","twitter_card":"summary_large_image","schema":{"@context":"https:\/\/schema.org","@graph":[{"@type":"WebPage","@id":"https:\/\/help.jamk.fi\/tietosuoja\/en\/administration\/privacy-statement-electronic-services\/","url":"https:\/\/help.jamk.fi\/tietosuoja\/en\/administration\/privacy-statement-electronic-services\/","name":"Privacy statement - Electronic services - Tietosuoja","isPartOf":{"@id":"https:\/\/help.jamk.fi\/tietosuoja\/#website"},"datePublished":"2022-06-27T08:07:02+00:00","dateModified":"2024-01-23T13:44:15+00:00","breadcrumb":{"@id":"https:\/\/help.jamk.fi\/tietosuoja\/en\/administration\/privacy-statement-electronic-services\/#breadcrumb"},"inLanguage":"fi","potentialAction":[{"@type":"ReadAction","target":["https:\/\/help.jamk.fi\/tietosuoja\/en\/administration\/privacy-statement-electronic-services\/"]}]},{"@type":"BreadcrumbList","@id":"https:\/\/help.jamk.fi\/tietosuoja\/en\/administration\/privacy-statement-electronic-services\/#breadcrumb","itemListElement":[{"@type":"ListItem","position":1,"name":"Etusivu","item":"https:\/\/help.jamk.fi\/tietosuoja\/fi\/"},{"@type":"ListItem","position":2,"name":"Administration","item":"https:\/\/help.jamk.fi\/tietosuoja\/en\/administration\/"},{"@type":"ListItem","position":3,"name":"Privacy statement &#8211; Electronic services"}]},{"@type":"WebSite","@id":"https:\/\/help.jamk.fi\/tietosuoja\/#website","url":"https:\/\/help.jamk.fi\/tietosuoja\/","name":"Tietosuoja","description":"","potentialAction":[{"@type":"SearchAction","target":{"@type":"EntryPoint","urlTemplate":"https:\/\/help.jamk.fi\/tietosuoja\/?s={search_term_string}"},"query-input":{"@type":"PropertyValueSpecification","valueRequired":true,"valueName":"search_term_string"}}],"inLanguage":"fi"}]}},"_links":{"self":[{"href":"https:\/\/help.jamk.fi\/tietosuoja\/wp-json\/wp\/v2\/pages\/197","targetHints":{"allow":["GET"]}}],"collection":[{"href":"https:\/\/help.jamk.fi\/tietosuoja\/wp-json\/wp\/v2\/pages"}],"about":[{"href":"https:\/\/help.jamk.fi\/tietosuoja\/wp-json\/wp\/v2\/types\/page"}],"author":[{"embeddable":true,"href":"https:\/\/help.jamk.fi\/tietosuoja\/wp-json\/wp\/v2\/users\/178"}],"replies":[{"embeddable":true,"href":"https:\/\/help.jamk.fi\/tietosuoja\/wp-json\/wp\/v2\/comments?post=197"}],"version-history":[{"count":1,"href":"https:\/\/help.jamk.fi\/tietosuoja\/wp-json\/wp\/v2\/pages\/197\/revisions"}],"predecessor-version":[{"id":270,"href":"https:\/\/help.jamk.fi\/tietosuoja\/wp-json\/wp\/v2\/pages\/197\/revisions\/270"}],"up":[{"embeddable":true,"href":"https:\/\/help.jamk.fi\/tietosuoja\/wp-json\/wp\/v2\/pages\/627"}],"wp:attachment":[{"href":"https:\/\/help.jamk.fi\/tietosuoja\/wp-json\/wp\/v2\/media?parent=197"}],"wp:term":[{"taxonomy":"category","embeddable":true,"href":"https:\/\/help.jamk.fi\/tietosuoja\/wp-json\/wp\/v2\/categories?post=197"},{"taxonomy":"post_tag","embeddable":true,"href":"https:\/\/help.jamk.fi\/tietosuoja\/wp-json\/wp\/v2\/tags?post=197"}],"curies":[{"name":"wp","href":"https:\/\/api.w.org\/{rel}","templated":true}]}}