{"id":200,"date":"2022-06-28T06:14:57","date_gmt":"2022-06-28T03:14:57","guid":{"rendered":"https:\/\/help.jamk.fi\/tietosuoja\/wihi-opinnaytetyon-ohjaus-tietosuojaseloste\/"},"modified":"2023-12-18T12:34:09","modified_gmt":"2023-12-18T10:34:09","slug":"wihi-opinnaytetyon-ohjaus-tietosuojaseloste","status":"publish","type":"page","link":"https:\/\/help.jamk.fi\/tietosuoja\/fi\/opiskelija-opetus\/wihi-opinnaytetyon-ohjaus-tietosuojaseloste\/","title":{"rendered":"Tietosuojaseloste &#8211; Wihi opinn\u00e4ytety\u00f6n ohjaus"},"content":{"rendered":"\n<p><a href=\"https:\/\/eur-lex.europa.eu\/legal-content\/FI\/TXT\/?uri=uriserv:OJ.L_.2016.119.01.0001.01.FIN&amp;toc=OJ:L:2016:119:FULL\">EU yleinen tietosuoja-asetus<\/a> (2016\/679)<\/p>\n\n\n\n<p>P\u00e4ivitetty 27.6.2022<\/p>\n\n\n\n<p><strong>1 Rekisterin nimi<\/strong><\/p>\n\n\n\n<p>Wihi opinn\u00e4ytety\u00f6n ohjaus<\/p>\n\n\n\n<p><strong>2 Rekisterinpit\u00e4j\u00e4<\/strong><\/p>\n\n\n\n<p>Jyv\u00e4skyl\u00e4n Ammattikorkeakoulu Oy<br>PL 207, 40101 Jyv\u00e4skyl\u00e4<br>+358 20 743 8100<\/p>\n\n\n\n<p><\/p>\n\n\n\n<p><strong>3 Yhteyshenkil\u00f6 rekisteri\u00e4 koskevissa asioissa, yhteystiedot virka-aikana<\/strong><\/p>\n\n\n\n<figure class=\"wp-block-table\"><table><tbody><tr><td>Rekisterist\u00e4 vastaava johtaja tai prosessin omistaja<\/td><td>Sirpa Tuomi<\/td><\/tr><tr><td>Nimike<\/td><td>Koulutuksen kehitt\u00e4misp\u00e4\u00e4llikk\u00f6<\/td><\/tr><tr><td>Yksikk\u00f6\/Tukipalvelu<\/td><td>KOPA<\/td><\/tr><tr><td>Sis\u00e4ll\u00f6llinen p\u00e4\u00e4k\u00e4ytt\u00e4j\u00e4<\/td><td>Anne Luukkonen<\/td><\/tr><tr><td>Nimike<\/td><td>Suunnittelija<\/td><\/tr><tr><td>Yksikk\u00f6\/Tukipalvelu<\/td><td>Hallinto<\/td><\/tr><tr><td>Tekninen p\u00e4\u00e4k\u00e4ytt\u00e4j\u00e4<\/td><td>Eduix Oy<\/td><\/tr><tr><td>Nimike<\/td><td><\/td><\/tr><tr><td>Yksikk\u00f6\/Tukipalvelu<\/td><td><\/td><\/tr><\/tbody><\/table><\/figure>\n\n\n\n<p><strong>4 Henkil\u00f6tietojen k\u00e4sittelyn tarkoitus<\/strong><\/p>\n\n\n\n<p>Opetus, Jamkin lakis\u00e4\u00e4teisen velvoitteen eli opetuksen hoitaminen.<\/p>\n\n\n\n<p>K\u00e4ytt\u00e4jist\u00e4 tallennetaan ja k\u00e4sitell\u00e4\u00e4n Wihi-j\u00e4rjestelm\u00e4ss\u00e4 vain henkil\u00f6tietoja, jotka ovat projektin kannalta v\u00e4ltt\u00e4m\u00e4tt\u00f6mi\u00e4. Jamk tilaa j\u00e4rjestelm\u00e4toimittajalta sopimuksen mukaisesti Wihi-j\u00e4rjestelm\u00e4\u00e4n liittyv\u00e4\u00e4 yll\u00e4pito- ja tukipalvelua. Palvelupyynn\u00f6n ratkaisemiseksi j\u00e4rjestelm\u00e4toimittaja voi joutua k\u00e4sittelem\u00e4\u00e4n asiakkaan, ty\u00f6ntekij\u00f6iden ja opiskelijoiden tai muihin sidosryhmiin kuuluvien henkil\u00f6iden tietoja palvelupyynn\u00f6n selvitt\u00e4miseksi.<\/p>\n\n\n\n<p><strong>5 Rekisterin tietosis\u00e4lt\u00f6 ja rekister\u00f6ityjen ryhm\u00e4t<\/strong><\/p>\n\n\n\n<p>Yhteyshenkil\u00f6t vastaavat siit\u00e4, ett\u00e4 henkil\u00f6tietoja k\u00e4sitell\u00e4\u00e4n <a href=\"https:\/\/intra.jamk.fi\/opiskelijat\/Sivut\/Webropol_k\u00e4ytt\u00f6s\u00e4\u00e4nn\u00f6t.aspx\">Jamkin henkil\u00f6tietojen k\u00e4sittelyohjeen<\/a> mukaisesti.<\/p>\n\n\n\n<p>Rekister\u00f6ityjen ryhm\u00e4t: Opiskelijat, ty\u00f6ntekij\u00e4t, yhteisty\u00f6kumppanit<\/p>\n\n\n\n<p>Henkil\u00f6tietoina rekisteriin voidaan tallentaa<\/p>\n\n\n\n<p>&#8211; Nimi<\/p>\n\n\n\n<p>&#8211; Puhelin<\/p>\n\n\n\n<p>&#8211; S\u00e4hk\u00f6postiosoite Jamk<\/p>\n\n\n\n<p>&#8211; Opiskelijanumero<\/p>\n\n\n\n<p>&#8211; Tutkinto-ohjelma<\/p>\n\n\n\n<p>&#8211; K\u00e4ytt\u00e4j\u00e4tunnus<\/p>\n\n\n\n<p>Muuta: Kirjautuneen henkil\u00f6n osalta ID, Wihiin liittyv\u00e4t k\u00e4ytt\u00f6oikeudet, opiskeluoikeudet.<\/p>\n\n\n\n<p>Opiskeluoikeuden tiedot: koulutusmuoto, koulutusluokitus, suoritettujen opintojen summa, opetuskieli, opiskeluoikeuden aloitus- ja lopetusp\u00e4iv\u00e4m\u00e4\u00e4r\u00e4t<\/p>\n\n\n\n<p>Opinn\u00e4ytety\u00f6n tekemiseen liittyv\u00e4\u00e4 metatietoa, arviointitietoa, opiskelijan ja ohjaajan j\u00e4rjestelm\u00e4\u00e4n l\u00e4hett\u00e4mi\u00e4 tiedostoja sek\u00e4 ohjaajan ja opiskelijan v\u00e4list\u00e4 viestittely\u00e4.<\/p>\n\n\n\n<p><strong>6 K\u00e4sittelyperuste<\/strong><\/p>\n\n\n\n<p>Jamkilla on oikeus k\u00e4sitell\u00e4 henkil\u00f6tietoja rekisterinpit\u00e4j\u00e4n\u00e4, koska k\u00e4sittely on tarpeen lakis\u00e4\u00e4teisen teht\u00e4v\u00e4n ja velvoitteen vuoksi. Oikeus voi perustua my\u00f6s sopimukseen tai suostumukseen. Opetuksen j\u00e4rjest\u00e4minen, opintoasioiden hoitaminen sek\u00e4 opetuksen ja oppimisen suunnittelu edellytt\u00e4v\u00e4t rekisterin olemassaoloa.<\/p>\n\n\n\n<p><strong>7 S\u00e4\u00e4nn\u00f6nmukaiset tietol\u00e4hteet<\/strong><\/p>\n\n\n\n<p>Kirjautumisen yhteydess\u00e4 Wihi-j\u00e4rjestelm\u00e4 lukee tiedot Peppi-j\u00e4rjestelm\u00e4st\u00e4 rajapinnan kautta. Poikkeuksena ovat ulkoisen k\u00e4sittelij\u00e4n nimi ja s\u00e4hk\u00f6postiosoite, jotka ohjaaja tai opiskelija sy\u00f6tt\u00e4\u00e4 Wihiin tarvittaessa.<\/p>\n\n\n\n<p><strong>8 S\u00e4\u00e4nn\u00f6nmukaiset tietojen luovutukset ja tietojen siirto EU:n tai Euroopan talousalueen ulkopuolelle<\/strong><\/p>\n\n\n\n<p>Tietoja ei siirret\u00e4 EU:n tai ETA-alueen ulkopuolelle ja\/tai kansainv\u00e4lisille j\u00e4rjest\u00f6ille.<\/p>\n\n\n\n<p><strong>9 Rekisterin suojauksen periaatteet<\/strong><\/p>\n\n\n\n<p>Rekisterin k\u00e4sittelyss\u00e4 noudatetaan huolellisuutta ja tietoj\u00e4rjestelmien avulla k\u00e4sitelt\u00e4v\u00e4t tiedot suojataan asianmukaisesti. Rekisterink\u00e4sittelij\u00e4 huolehtii siit\u00e4, ett\u00e4 tallennettuja tietoja sek\u00e4 palvelimien k\u00e4ytt\u00f6oikeuksia ja muita henkil\u00f6tietojen turvallisuuden kannalta kriittisi\u00e4 tietoja k\u00e4sitell\u00e4\u00e4n luottamuksellisesti ja vain niiden ty\u00f6ntekij\u00f6iden toimesta, joiden ty\u00f6nkuvaan se kuuluu.<\/p>\n\n\n\n<p>Manuaalisia aineistoja ei ole.<\/p>\n\n\n\n<p>Verkko- ja palvelinlaitteet sijaitset Suomessa lukitussa tilassa, johon on rajattu p\u00e4\u00e4sy. Verkko ja palvelimet ovat suojattu asianmukaisesti.<\/p>\n\n\n\n<p>Wihi-j\u00e4rjestelm\u00e4\u00e4n p\u00e4\u00e4sev\u00e4t kirjautumaan k\u00e4ytt\u00e4j\u00e4t, jotka Jamk on m\u00e4\u00e4ritellyt ulkoiseen palveluun. Oikeudet tietojen tarkasteluun ja k\u00e4sittelyyn ohjautuvat k\u00e4ytt\u00e4j\u00e4rooleihin, jotka Jamk on m\u00e4\u00e4ritellyt oikeuksien l\u00e4hdej\u00e4rjestelm\u00e4ss\u00e4.<\/p>\n\n\n\n<p>Opinn\u00e4ytety\u00f6n tilaajan tiedot n\u00e4kyv\u00e4t koordinaattorille, ohjaajalle, 2. tarkastajalle ja opiskelijalle. Tilaajan luottamuksellisiin tietoihin p\u00e4\u00e4sev\u00e4t k\u00e4siksi vain opiskelija ja ohjaaja.<\/p>\n\n\n\n<p>Rajattu m\u00e4\u00e4r\u00e4 j\u00e4rjestelm\u00e4toimittajan ty\u00f6ntekij\u00f6it\u00e4 p\u00e4\u00e4see k\u00e4siksi henkil\u00f6tietoihin sopimuksen mukaisten yll\u00e4pitoteht\u00e4vien yhteydess\u00e4.<\/p>\n\n\n\n<p><strong>10 Henkil\u00f6tietojen s\u00e4ilytt\u00e4misaika tai s\u00e4ilytt\u00e4misajan m\u00e4\u00e4ritt\u00e4miskriteerit<\/strong><\/p>\n\n\n\n<p>Koordinaattori voi tarvittaessa poistaa opinn\u00e4ytety\u00f6n tiedot Wihi-j\u00e4rjestelm\u00e4n k\u00e4ytt\u00f6liittym\u00e4n kautta. Tiedot voidaan poistaa my\u00f6s suoraan tietokannasta.<\/p>\n\n\n\n<p>Henkil\u00f6tietoja s\u00e4ilytet\u00e4\u00e4n Wihiss\u00e4 2 vuotta opinn\u00e4ytety\u00f6n arkistoinnista lukien. Poistot tehd\u00e4\u00e4n j\u00e4rjestelm\u00e4n p\u00e4\u00e4k\u00e4ytt\u00e4j\u00e4n toimesta.<\/p>\n\n\n\n<p>Opinn\u00e4ytety\u00f6t ja niihin liittyv\u00e4t vaiheet s\u00e4ilytet\u00e4\u00e4n j\u00e4rjestelm\u00e4ss\u00e4 my\u00f6hemp\u00e4\u00e4 analyysia varten.<\/p>\n\n\n\n<p>Korkeakoulua koskevat tiedot poistetaan kokonaisuudessaan, kun j\u00e4rjestelm\u00e4n k\u00e4ytt\u00f6\u00e4 koskeva sopimus irtisanotaan tai j\u00e4rjestelm\u00e4n k\u00e4ytt\u00f6 muutoin p\u00e4\u00e4ttyy korkeakoulussa.<\/p>\n\n\n\n<p><strong>11 Profilointi ja automaattinen p\u00e4\u00e4t\u00f6ksenteko<\/strong><\/p>\n\n\n\n<p>Rekisterin tietoja ei k\u00e4ytet\u00e4 automatisoituihin yksitt\u00e4isp\u00e4\u00e4t\u00f6ksiin eik\u00e4 profilointiin.<\/p>\n\n\n\n<p><strong>12 Rekister\u00f6idyn oikeudet<\/strong><\/p>\n\n\n\n<p>Tietosuojavastaavasta ja rekister\u00f6idyn oikeuksista ja niiden toteuttamisesta kerrotaan <a href=\"https:\/\/www.jamk.fi\/fi\/Tietoa-JAMKista\/tietosuoja\/\">Jamkin tietosuojalausekkeessa<\/a> ja <a href=\"https:\/\/www.jamk.fi\/fi\/Tietoa-JAMKista\/tietosuoja\/rekisteroidyn-oikeudet\/\">Rekister\u00f6idyn oikeudet<\/a>-sivulla.<\/p>\n","protected":false},"excerpt":{"rendered":"<p>EU yleinen tietosuoja-asetus (2016\/679) P\u00e4ivitetty 27.6.2022 1 Rekisterin nimi Wihi opinn\u00e4ytety\u00f6n ohjaus 2 Rekisterinpit\u00e4j\u00e4 Jyv\u00e4skyl\u00e4n Ammattikorkeakoulu OyPL 207, 40101 Jyv\u00e4skyl\u00e4+358 20 743 8100 3 Yhteyshenkil\u00f6 rekisteri\u00e4 koskevissa asioissa, yhteystiedot virka-aikana Rekisterist\u00e4 vastaava johtaja tai prosessin omistaja Sirpa Tuomi Nimike Koulutuksen kehitt\u00e4misp\u00e4\u00e4llikk\u00f6 Yksikk\u00f6\/Tukipalvelu KOPA Sis\u00e4ll\u00f6llinen p\u00e4\u00e4k\u00e4ytt\u00e4j\u00e4 Anne Luukkonen Nimike Suunnittelija Yksikk\u00f6\/Tukipalvelu Hallinto Tekninen p\u00e4\u00e4k\u00e4ytt\u00e4j\u00e4 Eduix Oy [&hellip;]<\/p>\n","protected":false},"author":178,"featured_media":0,"parent":541,"menu_order":0,"comment_status":"closed","ping_status":"closed","template":"","meta":{"_acf_changed":false,"_relevanssi_hide_post":"","_relevanssi_hide_content":"","_relevanssi_pin_for_all":"","_relevanssi_pin_keywords":"","_relevanssi_unpin_keywords":"","_relevanssi_related_keywords":"","_relevanssi_related_include_ids":"","_relevanssi_related_exclude_ids":"","_relevanssi_related_no_append":"","_relevanssi_related_not_related":"","_relevanssi_related_posts":"","_relevanssi_noindex_reason":"","footnotes":""},"categories":[],"tags":[76],"class_list":["post-200","page","type-page","status-publish","hentry","tag-tietosuojaseloste"],"acf":[],"yoast_head":"<!-- This site is optimized with the Yoast SEO plugin v27.3 - https:\/\/yoast.com\/product\/yoast-seo-wordpress\/ -->\n<title>Tietosuojaseloste - Wihi opinn\u00e4ytety\u00f6n ohjaus - Tietosuoja<\/title>\n<meta name=\"robots\" content=\"index, follow, max-snippet:-1, max-image-preview:large, max-video-preview:-1\" \/>\n<link rel=\"canonical\" href=\"https:\/\/help.jamk.fi\/tietosuoja\/fi\/opiskelija-opetus\/wihi-opinnaytetyon-ohjaus-tietosuojaseloste\/\" \/>\n<meta property=\"og:locale\" content=\"fi_FI\" \/>\n<meta property=\"og:type\" content=\"article\" \/>\n<meta property=\"og:title\" content=\"Tietosuojaseloste - Wihi opinn\u00e4ytety\u00f6n ohjaus - Tietosuoja\" \/>\n<meta property=\"og:description\" content=\"EU yleinen tietosuoja-asetus (2016\/679) P\u00e4ivitetty 27.6.2022 1 Rekisterin nimi Wihi opinn\u00e4ytety\u00f6n ohjaus 2 Rekisterinpit\u00e4j\u00e4 Jyv\u00e4skyl\u00e4n Ammattikorkeakoulu OyPL 207, 40101 Jyv\u00e4skyl\u00e4+358 20 743 8100 3 Yhteyshenkil\u00f6 rekisteri\u00e4 koskevissa asioissa, yhteystiedot virka-aikana Rekisterist\u00e4 vastaava johtaja tai prosessin omistaja Sirpa Tuomi Nimike Koulutuksen kehitt\u00e4misp\u00e4\u00e4llikk\u00f6 Yksikk\u00f6\/Tukipalvelu KOPA Sis\u00e4ll\u00f6llinen p\u00e4\u00e4k\u00e4ytt\u00e4j\u00e4 Anne Luukkonen Nimike Suunnittelija Yksikk\u00f6\/Tukipalvelu Hallinto Tekninen p\u00e4\u00e4k\u00e4ytt\u00e4j\u00e4 Eduix Oy [&hellip;]\" \/>\n<meta property=\"og:url\" content=\"https:\/\/help.jamk.fi\/tietosuoja\/fi\/opiskelija-opetus\/wihi-opinnaytetyon-ohjaus-tietosuojaseloste\/\" \/>\n<meta property=\"og:site_name\" content=\"Tietosuoja\" \/>\n<meta property=\"article:modified_time\" content=\"2023-12-18T10:34:09+00:00\" \/>\n<meta name=\"twitter:card\" content=\"summary_large_image\" \/>\n<meta name=\"twitter:label1\" content=\"Arvioitu lukuaika\" \/>\n\t<meta name=\"twitter:data1\" content=\"3 minuuttia\" \/>\n<script type=\"application\/ld+json\" class=\"yoast-schema-graph\">{\"@context\":\"https:\\\/\\\/schema.org\",\"@graph\":[{\"@type\":\"WebPage\",\"@id\":\"https:\\\/\\\/help.jamk.fi\\\/tietosuoja\\\/fi\\\/opiskelija-opetus\\\/wihi-opinnaytetyon-ohjaus-tietosuojaseloste\\\/\",\"url\":\"https:\\\/\\\/help.jamk.fi\\\/tietosuoja\\\/fi\\\/opiskelija-opetus\\\/wihi-opinnaytetyon-ohjaus-tietosuojaseloste\\\/\",\"name\":\"Tietosuojaseloste - Wihi opinn\u00e4ytety\u00f6n ohjaus - Tietosuoja\",\"isPartOf\":{\"@id\":\"https:\\\/\\\/help.jamk.fi\\\/tietosuoja\\\/#website\"},\"datePublished\":\"2022-06-28T03:14:57+00:00\",\"dateModified\":\"2023-12-18T10:34:09+00:00\",\"breadcrumb\":{\"@id\":\"https:\\\/\\\/help.jamk.fi\\\/tietosuoja\\\/fi\\\/opiskelija-opetus\\\/wihi-opinnaytetyon-ohjaus-tietosuojaseloste\\\/#breadcrumb\"},\"inLanguage\":\"fi\",\"potentialAction\":[{\"@type\":\"ReadAction\",\"target\":[\"https:\\\/\\\/help.jamk.fi\\\/tietosuoja\\\/fi\\\/opiskelija-opetus\\\/wihi-opinnaytetyon-ohjaus-tietosuojaseloste\\\/\"]}]},{\"@type\":\"BreadcrumbList\",\"@id\":\"https:\\\/\\\/help.jamk.fi\\\/tietosuoja\\\/fi\\\/opiskelija-opetus\\\/wihi-opinnaytetyon-ohjaus-tietosuojaseloste\\\/#breadcrumb\",\"itemListElement\":[{\"@type\":\"ListItem\",\"position\":1,\"name\":\"Etusivu\",\"item\":\"https:\\\/\\\/help.jamk.fi\\\/tietosuoja\\\/fi\\\/\"},{\"@type\":\"ListItem\",\"position\":2,\"name\":\"Opiskelija &#8211; Opetus\",\"item\":\"https:\\\/\\\/help.jamk.fi\\\/tietosuoja\\\/fi\\\/opiskelija-opetus\\\/\"},{\"@type\":\"ListItem\",\"position\":3,\"name\":\"Tietosuojaseloste &#8211; Wihi opinn\u00e4ytety\u00f6n ohjaus\"}]},{\"@type\":\"WebSite\",\"@id\":\"https:\\\/\\\/help.jamk.fi\\\/tietosuoja\\\/#website\",\"url\":\"https:\\\/\\\/help.jamk.fi\\\/tietosuoja\\\/\",\"name\":\"Tietosuoja\",\"description\":\"\",\"potentialAction\":[{\"@type\":\"SearchAction\",\"target\":{\"@type\":\"EntryPoint\",\"urlTemplate\":\"https:\\\/\\\/help.jamk.fi\\\/tietosuoja\\\/?s={search_term_string}\"},\"query-input\":{\"@type\":\"PropertyValueSpecification\",\"valueRequired\":true,\"valueName\":\"search_term_string\"}}],\"inLanguage\":\"fi\"}]}<\/script>\n<!-- \/ Yoast SEO plugin. -->","yoast_head_json":{"title":"Tietosuojaseloste - Wihi opinn\u00e4ytety\u00f6n ohjaus - Tietosuoja","robots":{"index":"index","follow":"follow","max-snippet":"max-snippet:-1","max-image-preview":"max-image-preview:large","max-video-preview":"max-video-preview:-1"},"canonical":"https:\/\/help.jamk.fi\/tietosuoja\/fi\/opiskelija-opetus\/wihi-opinnaytetyon-ohjaus-tietosuojaseloste\/","og_locale":"fi_FI","og_type":"article","og_title":"Tietosuojaseloste - Wihi opinn\u00e4ytety\u00f6n ohjaus - Tietosuoja","og_description":"EU yleinen tietosuoja-asetus (2016\/679) P\u00e4ivitetty 27.6.2022 1 Rekisterin nimi Wihi opinn\u00e4ytety\u00f6n ohjaus 2 Rekisterinpit\u00e4j\u00e4 Jyv\u00e4skyl\u00e4n Ammattikorkeakoulu OyPL 207, 40101 Jyv\u00e4skyl\u00e4+358 20 743 8100 3 Yhteyshenkil\u00f6 rekisteri\u00e4 koskevissa asioissa, yhteystiedot virka-aikana Rekisterist\u00e4 vastaava johtaja tai prosessin omistaja Sirpa Tuomi Nimike Koulutuksen kehitt\u00e4misp\u00e4\u00e4llikk\u00f6 Yksikk\u00f6\/Tukipalvelu KOPA Sis\u00e4ll\u00f6llinen p\u00e4\u00e4k\u00e4ytt\u00e4j\u00e4 Anne Luukkonen Nimike Suunnittelija Yksikk\u00f6\/Tukipalvelu Hallinto Tekninen p\u00e4\u00e4k\u00e4ytt\u00e4j\u00e4 Eduix Oy [&hellip;]","og_url":"https:\/\/help.jamk.fi\/tietosuoja\/fi\/opiskelija-opetus\/wihi-opinnaytetyon-ohjaus-tietosuojaseloste\/","og_site_name":"Tietosuoja","article_modified_time":"2023-12-18T10:34:09+00:00","twitter_card":"summary_large_image","twitter_misc":{"Arvioitu lukuaika":"3 minuuttia"},"schema":{"@context":"https:\/\/schema.org","@graph":[{"@type":"WebPage","@id":"https:\/\/help.jamk.fi\/tietosuoja\/fi\/opiskelija-opetus\/wihi-opinnaytetyon-ohjaus-tietosuojaseloste\/","url":"https:\/\/help.jamk.fi\/tietosuoja\/fi\/opiskelija-opetus\/wihi-opinnaytetyon-ohjaus-tietosuojaseloste\/","name":"Tietosuojaseloste - Wihi opinn\u00e4ytety\u00f6n ohjaus - Tietosuoja","isPartOf":{"@id":"https:\/\/help.jamk.fi\/tietosuoja\/#website"},"datePublished":"2022-06-28T03:14:57+00:00","dateModified":"2023-12-18T10:34:09+00:00","breadcrumb":{"@id":"https:\/\/help.jamk.fi\/tietosuoja\/fi\/opiskelija-opetus\/wihi-opinnaytetyon-ohjaus-tietosuojaseloste\/#breadcrumb"},"inLanguage":"fi","potentialAction":[{"@type":"ReadAction","target":["https:\/\/help.jamk.fi\/tietosuoja\/fi\/opiskelija-opetus\/wihi-opinnaytetyon-ohjaus-tietosuojaseloste\/"]}]},{"@type":"BreadcrumbList","@id":"https:\/\/help.jamk.fi\/tietosuoja\/fi\/opiskelija-opetus\/wihi-opinnaytetyon-ohjaus-tietosuojaseloste\/#breadcrumb","itemListElement":[{"@type":"ListItem","position":1,"name":"Etusivu","item":"https:\/\/help.jamk.fi\/tietosuoja\/fi\/"},{"@type":"ListItem","position":2,"name":"Opiskelija &#8211; Opetus","item":"https:\/\/help.jamk.fi\/tietosuoja\/fi\/opiskelija-opetus\/"},{"@type":"ListItem","position":3,"name":"Tietosuojaseloste &#8211; Wihi opinn\u00e4ytety\u00f6n ohjaus"}]},{"@type":"WebSite","@id":"https:\/\/help.jamk.fi\/tietosuoja\/#website","url":"https:\/\/help.jamk.fi\/tietosuoja\/","name":"Tietosuoja","description":"","potentialAction":[{"@type":"SearchAction","target":{"@type":"EntryPoint","urlTemplate":"https:\/\/help.jamk.fi\/tietosuoja\/?s={search_term_string}"},"query-input":{"@type":"PropertyValueSpecification","valueRequired":true,"valueName":"search_term_string"}}],"inLanguage":"fi"}]}},"_links":{"self":[{"href":"https:\/\/help.jamk.fi\/tietosuoja\/wp-json\/wp\/v2\/pages\/200","targetHints":{"allow":["GET"]}}],"collection":[{"href":"https:\/\/help.jamk.fi\/tietosuoja\/wp-json\/wp\/v2\/pages"}],"about":[{"href":"https:\/\/help.jamk.fi\/tietosuoja\/wp-json\/wp\/v2\/types\/page"}],"author":[{"embeddable":true,"href":"https:\/\/help.jamk.fi\/tietosuoja\/wp-json\/wp\/v2\/users\/178"}],"replies":[{"embeddable":true,"href":"https:\/\/help.jamk.fi\/tietosuoja\/wp-json\/wp\/v2\/comments?post=200"}],"version-history":[{"count":2,"href":"https:\/\/help.jamk.fi\/tietosuoja\/wp-json\/wp\/v2\/pages\/200\/revisions"}],"predecessor-version":[{"id":682,"href":"https:\/\/help.jamk.fi\/tietosuoja\/wp-json\/wp\/v2\/pages\/200\/revisions\/682"}],"up":[{"embeddable":true,"href":"https:\/\/help.jamk.fi\/tietosuoja\/wp-json\/wp\/v2\/pages\/541"}],"wp:attachment":[{"href":"https:\/\/help.jamk.fi\/tietosuoja\/wp-json\/wp\/v2\/media?parent=200"}],"wp:term":[{"taxonomy":"category","embeddable":true,"href":"https:\/\/help.jamk.fi\/tietosuoja\/wp-json\/wp\/v2\/categories?post=200"},{"taxonomy":"post_tag","embeddable":true,"href":"https:\/\/help.jamk.fi\/tietosuoja\/wp-json\/wp\/v2\/tags?post=200"}],"curies":[{"name":"wp","href":"https:\/\/api.w.org\/{rel}","templated":true}]}}