{"id":206,"date":"2022-09-20T11:32:19","date_gmt":"2022-09-20T08:32:19","guid":{"rendered":"https:\/\/help.jamk.fi\/tietosuoja\/wihi-thesis-guidance-privacy-statement\/"},"modified":"2023-12-18T12:33:56","modified_gmt":"2023-12-18T10:33:56","slug":"wihi-thesis-guidance-privacy-statement","status":"publish","type":"page","link":"https:\/\/help.jamk.fi\/tietosuoja\/en\/students-education\/wihi-thesis-guidance-privacy-statement\/","title":{"rendered":"Wihi thesis guidance \u2013 Privacy Statement"},"content":{"rendered":"\n<p><a href=\"https:\/\/eur-lex.europa.eu\/legal-content\/FI\/TXT\/?uri=uriserv:OJ.L_.2016.119.01.0001.01.FIN&amp;toc=OJ:L:2016:119:FULL\">EU yleinen tietosuoja-asetus<\/a> (2016\/679)<\/p>\n\n\n\n<p><strong>1 Name of the register<\/strong><\/p>\n\n\n\n<p>Wihi thesis guidance<\/p>\n\n\n\n<p><strong>2 Controller<\/strong><\/p>\n\n\n\n<p>Jamk University of Applied Sciences<br>P.O. Box 207<br>FI-40101 Jyv\u00e4skyl\u00e4, Finland<br><br><\/p>\n\n\n\n<p><strong>3 Contact person in matters concerning the register, contact information during office hours<\/strong><\/p>\n\n\n\n<figure class=\"wp-block-table\"><table><tbody><tr><td>Register and process manager<\/td><td>Sirpa Tuomi<\/td><\/tr><tr><td>Title<\/td><td>Educational Development Manager<\/td><\/tr><tr><td>Unit\/ Support service<\/td><td>University Services<\/td><\/tr><tr><td>Content Main User<\/td><td>Anne Luukkonen<\/td><\/tr><tr><td>Title<\/td><td>Administrative Planner<\/td><\/tr><tr><td>Unit\/ Support service<\/td><td>University Services<\/td><\/tr><tr><td>Tekninen p\u00e4\u00e4k\u00e4ytt\u00e4j\u00e4<\/td><td>Eduix Oy<\/td><\/tr><tr><td>&nbsp;<\/td><td><\/td><\/tr><tr><td>&nbsp;<\/td><td><\/td><\/tr><\/tbody><\/table><\/figure>\n\n\n\n<p><strong>4 Purpose of the processing of personal data<\/strong><\/p>\n\n\n\n<p>Teaching, managing a legal obligation, i.e. teaching at Jamk.<\/p>\n\n\n\n<p>Only personal data of users that is necessary for the project is stored and processed in the Wihi system. According to the contract, Jamk orders maintenance and support services related to the Wihi system from the system supplier. In order to resolve the service request, the system supplier may have to process the information of the customer, employees and students or persons belonging to other stakeholders in order to resolve the service request.<\/p>\n\n\n\n<p><strong>5 Data contents of the register and groups of registered users<\/strong><\/p>\n\n\n\n<p>Jamk&#8217;s contact persons are responsible for processing personal data in accordance with Jamk&#8217;s personal data processing instructions.<\/p>\n\n\n\n<p>Groups of registered users: Students, staff, stakeholders<\/p>\n\n\n\n<p>Store as personal data in the register<\/p>\n\n\n\n<p>\u2013 Name<\/p>\n\n\n\n<p>\u2013 Phone number<\/p>\n\n\n\n<p>\u2013 Email address Jamk<\/p>\n\n\n\n<p>\u2013 Student number<\/p>\n\n\n\n<p>\u2013 Degree programme<\/p>\n\n\n\n<p>\u2013 User name<\/p>\n\n\n\n<p>Other: For the logged-in person, ID, Wihi-related access rights, study rights.<\/p>\n\n\n\n<p>Study entitlement information: education type, education rating, the sum of completed studies, teaching language, study entitlement start and end dates<\/p>\n\n\n\n<p>Metadata related to doing the thesis, assessment information, files sent to the system by the student and tutor as well as communication between tutor and student.<\/p>\n\n\n\n<p><strong>6 Legal bases for processing personal data<\/strong><\/p>\n\n\n\n<p>Jamk has the right to process personal data as a controller, because the processing is necessary due to statutory and obligation reasons. The right can also be based on a contract or consent. Organizing teaching, managing study affairs and the planning of teaching and learning requires the existence of a register.<\/p>\n\n\n\n<p><strong>7 Regular information sources<\/strong><\/p>\n\n\n\n<p>When logging in, the Wihi system reads data from the Peppi system via the interface. The exception is the name and e-mail address of the external handler, which the tutor or student enters into Wihi if necessary.<\/p>\n\n\n\n<p><strong>8 Regular information disclose and information transfer outside the EU or the European Economic Area<\/strong><\/p>\n\n\n\n<p>Information is not transferred outside the EU or EEA and\/or to international organizations.<\/p>\n\n\n\n<p><strong>9 Register protection principles<\/strong><\/p>\n\n\n\n<p>Care is taken when processing the register and the information processed with the help of information systems is properly protected. The register processor ensures that stored data, server access rights and other data critical to the security of personal data are handled confidentially and only by those employees whose job description it is.<\/p>\n\n\n\n<p>No manual material.<\/p>\n\n\n\n<p>The network and server devices are located in a locked space in Finland, to which access is restricted. The network and servers are properly protected.<\/p>\n\n\n\n<p>Users defined by Jamk for the external service can log into the Wihi system. The rights to view and process data are guided by the user roles defined by Jamk in the rights source system.<\/p>\n\n\n\n<p>The data of the person ordering the thesis is visible to the coordinator, tutor, 2nd examiner and the student. Only the student and tutor can access the subscriber&#8217;s confidential information.<\/p>\n\n\n\n<p>A limited number of employees of the system supplier can access personal data in connection with maintenance tasks according to the contract.<\/p>\n\n\n\n<p><strong>10 Retention period or criteria for determining<\/strong><\/p>\n\n\n\n<p>If necessary, the coordinator can delete the thesis data via the user interface of the Wihi system. Data can also be deleted directly from the database.<\/p>\n\n\n\n<p>Personal data is stored in Wihi for 2 years from the date of archiving the thesis. The deletions are made by the system administrator.<\/p>\n\n\n\n<p>Theses and related steps are stored in the system for later analysis.<\/p>\n\n\n\n<p>The information concerning the higher education institution will be deleted in its entirety when the agreement regarding the use of the system is terminated or the use of the system otherwise ends at the higher education institution.<\/p>\n\n\n\n<p><strong>11 Automatic decision-making\/profiling<\/strong><\/p>\n\n\n\n<p>Automatic decision making\/ profiling related to personal data is not conducted.<\/p>\n\n\n\n<p><strong>12 Rights of the Data Subject<\/strong><\/p>\n\n\n\n<p>Read more information about the Jamk\u2019s Privacy Policy, Data Protection Officer and the rights of the data subject and their implementation.<\/p>\n","protected":false},"excerpt":{"rendered":"<p>EU yleinen tietosuoja-asetus (2016\/679) 1 Name of the register Wihi thesis guidance 2 Controller Jamk University of Applied SciencesP.O. Box 207FI-40101 Jyv\u00e4skyl\u00e4, Finland 3 Contact person in matters concerning the register, contact information during office hours Register and process manager Sirpa Tuomi Title Educational Development Manager Unit\/ Support service University Services Content Main User Anne [&hellip;]<\/p>\n","protected":false},"author":178,"featured_media":0,"parent":617,"menu_order":0,"comment_status":"closed","ping_status":"closed","template":"","meta":{"_acf_changed":false,"_relevanssi_hide_post":"","_relevanssi_hide_content":"","_relevanssi_pin_for_all":"","_relevanssi_pin_keywords":"","_relevanssi_unpin_keywords":"","_relevanssi_related_keywords":"","_relevanssi_related_include_ids":"","_relevanssi_related_exclude_ids":"","_relevanssi_related_no_append":"","_relevanssi_related_not_related":"","_relevanssi_related_posts":"","_relevanssi_noindex_reason":"","footnotes":""},"categories":[15],"tags":[309],"class_list":["post-206","page","type-page","status-publish","hentry","category-uncategorized-en","tag-privacy-statement-en"],"acf":[],"yoast_head":"<!-- This site is optimized with the Yoast SEO plugin v27.4 - https:\/\/yoast.com\/product\/yoast-seo-wordpress\/ -->\n<title>Wihi thesis guidance \u2013 Privacy Statement - Tietosuoja<\/title>\n<meta name=\"robots\" content=\"index, follow, max-snippet:-1, max-image-preview:large, max-video-preview:-1\" \/>\n<link rel=\"canonical\" href=\"https:\/\/help.jamk.fi\/tietosuoja\/en\/students-education\/wihi-thesis-guidance-privacy-statement\/\" \/>\n<meta property=\"og:locale\" content=\"fi_FI\" \/>\n<meta property=\"og:type\" content=\"article\" \/>\n<meta property=\"og:title\" content=\"Wihi thesis guidance \u2013 Privacy Statement - Tietosuoja\" \/>\n<meta property=\"og:description\" content=\"EU yleinen tietosuoja-asetus (2016\/679) 1 Name of the register Wihi thesis guidance 2 Controller Jamk University of Applied SciencesP.O. Box 207FI-40101 Jyv\u00e4skyl\u00e4, Finland 3 Contact person in matters concerning the register, contact information during office hours Register and process manager Sirpa Tuomi Title Educational Development Manager Unit\/ Support service University Services Content Main User Anne [&hellip;]\" \/>\n<meta property=\"og:url\" content=\"https:\/\/help.jamk.fi\/tietosuoja\/en\/students-education\/wihi-thesis-guidance-privacy-statement\/\" \/>\n<meta property=\"og:site_name\" content=\"Tietosuoja\" \/>\n<meta property=\"article:modified_time\" content=\"2023-12-18T10:33:56+00:00\" \/>\n<meta name=\"twitter:card\" content=\"summary_large_image\" \/>\n<meta name=\"twitter:label1\" content=\"Arvioitu lukuaika\" \/>\n\t<meta name=\"twitter:data1\" content=\"4 minuuttia\" \/>\n<script type=\"application\/ld+json\" class=\"yoast-schema-graph\">{\"@context\":\"https:\\\/\\\/schema.org\",\"@graph\":[{\"@type\":\"WebPage\",\"@id\":\"https:\\\/\\\/help.jamk.fi\\\/tietosuoja\\\/en\\\/students-education\\\/wihi-thesis-guidance-privacy-statement\\\/\",\"url\":\"https:\\\/\\\/help.jamk.fi\\\/tietosuoja\\\/en\\\/students-education\\\/wihi-thesis-guidance-privacy-statement\\\/\",\"name\":\"Wihi thesis guidance \u2013 Privacy Statement - Tietosuoja\",\"isPartOf\":{\"@id\":\"https:\\\/\\\/help.jamk.fi\\\/tietosuoja\\\/#website\"},\"datePublished\":\"2022-09-20T08:32:19+00:00\",\"dateModified\":\"2023-12-18T10:33:56+00:00\",\"breadcrumb\":{\"@id\":\"https:\\\/\\\/help.jamk.fi\\\/tietosuoja\\\/en\\\/students-education\\\/wihi-thesis-guidance-privacy-statement\\\/#breadcrumb\"},\"inLanguage\":\"fi\",\"potentialAction\":[{\"@type\":\"ReadAction\",\"target\":[\"https:\\\/\\\/help.jamk.fi\\\/tietosuoja\\\/en\\\/students-education\\\/wihi-thesis-guidance-privacy-statement\\\/\"]}]},{\"@type\":\"BreadcrumbList\",\"@id\":\"https:\\\/\\\/help.jamk.fi\\\/tietosuoja\\\/en\\\/students-education\\\/wihi-thesis-guidance-privacy-statement\\\/#breadcrumb\",\"itemListElement\":[{\"@type\":\"ListItem\",\"position\":1,\"name\":\"Etusivu\",\"item\":\"https:\\\/\\\/help.jamk.fi\\\/tietosuoja\\\/fi\\\/\"},{\"@type\":\"ListItem\",\"position\":2,\"name\":\"Students &#8211; Education\",\"item\":\"https:\\\/\\\/help.jamk.fi\\\/tietosuoja\\\/en\\\/students-education\\\/\"},{\"@type\":\"ListItem\",\"position\":3,\"name\":\"Wihi thesis guidance \u2013 Privacy Statement\"}]},{\"@type\":\"WebSite\",\"@id\":\"https:\\\/\\\/help.jamk.fi\\\/tietosuoja\\\/#website\",\"url\":\"https:\\\/\\\/help.jamk.fi\\\/tietosuoja\\\/\",\"name\":\"Tietosuoja\",\"description\":\"\",\"potentialAction\":[{\"@type\":\"SearchAction\",\"target\":{\"@type\":\"EntryPoint\",\"urlTemplate\":\"https:\\\/\\\/help.jamk.fi\\\/tietosuoja\\\/?s={search_term_string}\"},\"query-input\":{\"@type\":\"PropertyValueSpecification\",\"valueRequired\":true,\"valueName\":\"search_term_string\"}}],\"inLanguage\":\"fi\"}]}<\/script>\n<!-- \/ Yoast SEO plugin. -->","yoast_head_json":{"title":"Wihi thesis guidance \u2013 Privacy Statement - Tietosuoja","robots":{"index":"index","follow":"follow","max-snippet":"max-snippet:-1","max-image-preview":"max-image-preview:large","max-video-preview":"max-video-preview:-1"},"canonical":"https:\/\/help.jamk.fi\/tietosuoja\/en\/students-education\/wihi-thesis-guidance-privacy-statement\/","og_locale":"fi_FI","og_type":"article","og_title":"Wihi thesis guidance \u2013 Privacy Statement - Tietosuoja","og_description":"EU yleinen tietosuoja-asetus (2016\/679) 1 Name of the register Wihi thesis guidance 2 Controller Jamk University of Applied SciencesP.O. Box 207FI-40101 Jyv\u00e4skyl\u00e4, Finland 3 Contact person in matters concerning the register, contact information during office hours Register and process manager Sirpa Tuomi Title Educational Development Manager Unit\/ Support service University Services Content Main User Anne [&hellip;]","og_url":"https:\/\/help.jamk.fi\/tietosuoja\/en\/students-education\/wihi-thesis-guidance-privacy-statement\/","og_site_name":"Tietosuoja","article_modified_time":"2023-12-18T10:33:56+00:00","twitter_card":"summary_large_image","twitter_misc":{"Arvioitu lukuaika":"4 minuuttia"},"schema":{"@context":"https:\/\/schema.org","@graph":[{"@type":"WebPage","@id":"https:\/\/help.jamk.fi\/tietosuoja\/en\/students-education\/wihi-thesis-guidance-privacy-statement\/","url":"https:\/\/help.jamk.fi\/tietosuoja\/en\/students-education\/wihi-thesis-guidance-privacy-statement\/","name":"Wihi thesis guidance \u2013 Privacy Statement - Tietosuoja","isPartOf":{"@id":"https:\/\/help.jamk.fi\/tietosuoja\/#website"},"datePublished":"2022-09-20T08:32:19+00:00","dateModified":"2023-12-18T10:33:56+00:00","breadcrumb":{"@id":"https:\/\/help.jamk.fi\/tietosuoja\/en\/students-education\/wihi-thesis-guidance-privacy-statement\/#breadcrumb"},"inLanguage":"fi","potentialAction":[{"@type":"ReadAction","target":["https:\/\/help.jamk.fi\/tietosuoja\/en\/students-education\/wihi-thesis-guidance-privacy-statement\/"]}]},{"@type":"BreadcrumbList","@id":"https:\/\/help.jamk.fi\/tietosuoja\/en\/students-education\/wihi-thesis-guidance-privacy-statement\/#breadcrumb","itemListElement":[{"@type":"ListItem","position":1,"name":"Etusivu","item":"https:\/\/help.jamk.fi\/tietosuoja\/fi\/"},{"@type":"ListItem","position":2,"name":"Students &#8211; Education","item":"https:\/\/help.jamk.fi\/tietosuoja\/en\/students-education\/"},{"@type":"ListItem","position":3,"name":"Wihi thesis guidance \u2013 Privacy Statement"}]},{"@type":"WebSite","@id":"https:\/\/help.jamk.fi\/tietosuoja\/#website","url":"https:\/\/help.jamk.fi\/tietosuoja\/","name":"Tietosuoja","description":"","potentialAction":[{"@type":"SearchAction","target":{"@type":"EntryPoint","urlTemplate":"https:\/\/help.jamk.fi\/tietosuoja\/?s={search_term_string}"},"query-input":{"@type":"PropertyValueSpecification","valueRequired":true,"valueName":"search_term_string"}}],"inLanguage":"fi"}]}},"_links":{"self":[{"href":"https:\/\/help.jamk.fi\/tietosuoja\/wp-json\/wp\/v2\/pages\/206","targetHints":{"allow":["GET"]}}],"collection":[{"href":"https:\/\/help.jamk.fi\/tietosuoja\/wp-json\/wp\/v2\/pages"}],"about":[{"href":"https:\/\/help.jamk.fi\/tietosuoja\/wp-json\/wp\/v2\/types\/page"}],"author":[{"embeddable":true,"href":"https:\/\/help.jamk.fi\/tietosuoja\/wp-json\/wp\/v2\/users\/178"}],"replies":[{"embeddable":true,"href":"https:\/\/help.jamk.fi\/tietosuoja\/wp-json\/wp\/v2\/comments?post=206"}],"version-history":[{"count":1,"href":"https:\/\/help.jamk.fi\/tietosuoja\/wp-json\/wp\/v2\/pages\/206\/revisions"}],"predecessor-version":[{"id":408,"href":"https:\/\/help.jamk.fi\/tietosuoja\/wp-json\/wp\/v2\/pages\/206\/revisions\/408"}],"up":[{"embeddable":true,"href":"https:\/\/help.jamk.fi\/tietosuoja\/wp-json\/wp\/v2\/pages\/617"}],"wp:attachment":[{"href":"https:\/\/help.jamk.fi\/tietosuoja\/wp-json\/wp\/v2\/media?parent=206"}],"wp:term":[{"taxonomy":"category","embeddable":true,"href":"https:\/\/help.jamk.fi\/tietosuoja\/wp-json\/wp\/v2\/categories?post=206"},{"taxonomy":"post_tag","embeddable":true,"href":"https:\/\/help.jamk.fi\/tietosuoja\/wp-json\/wp\/v2\/tags?post=206"}],"curies":[{"name":"wp","href":"https:\/\/api.w.org\/{rel}","templated":true}]}}