{"id":212,"date":"2022-10-18T07:09:48","date_gmt":"2022-10-18T04:09:48","guid":{"rendered":"https:\/\/help.jamk.fi\/tietosuoja\/tietosuojaseloste-osakeyhtion-sidonnaisuus-ja-lahipiirirekisteri\/"},"modified":"2025-09-15T15:31:34","modified_gmt":"2025-09-15T12:31:34","slug":"tietosuojaseloste-osakeyhtion-sidonnaisuus-ja-lahipiirirekisteri","status":"publish","type":"page","link":"https:\/\/help.jamk.fi\/tietosuoja\/fi\/yleishallinto\/tietosuojaseloste-osakeyhtion-sidonnaisuus-ja-lahipiirirekisteri\/","title":{"rendered":"Tietosuojaseloste \u2013 Osakeyhti\u00f6n sidonnaisuus- ja l\u00e4hipiirirekisteri"},"content":{"rendered":"\n<p><a href=\"https:\/\/eur-lex.europa.eu\/legal-content\/FI\/TXT\/?uri=uriserv:OJ.L_.2016.119.01.0001.01.FIN&amp;toc=OJ:L:2016:119:FULL\">EU yleinen tietosuoja-asetus<\/a> (2016\/679)<\/p>\n\n\n\n<p>P\u00e4ivitetty 15.9.2025<\/p>\n\n\n\n<p><strong>1 Rekisterin nimi<\/strong><\/p>\n\n\n\n<p>Jyv\u00e4skyl\u00e4n ammattikorkeakoulu osakeyhti\u00f6n ja tyt\u00e4ryhti\u00f6n sidonnaisuus- ja l\u00e4hipiirirekisteri<\/p>\n\n\n\n<p><strong>2 Rekisterinpit\u00e4j\u00e4<\/strong><\/p>\n\n\n\n<p>Jyv\u00e4skyl\u00e4n Ammattikorkeakoulu Oy<br>PL 207, 40101 Jyv\u00e4skyl\u00e4<br>+358 20 743 8100<\/p>\n\n\n\n<p><strong>3 Yhteyshenkil\u00f6 rekisteri\u00e4 koskevissa asioissa, yhteystiedot virka-aikana<\/strong><\/p>\n\n\n\n<p>Rekisterist\u00e4 vastaava johtaja tai prosessin omistaja: Eettisen toimikunnan puheenjohtaja\/ Compliance Officer<\/p>\n\n\n\n<p>Rekisteri\u00e4 hallinnoi korkeakoulupalveluiden johdon assistentti.<\/p>\n\n\n\n<p>etunimi.sukunimi@jamk.fi<\/p>\n\n\n\n<p><strong>4 Henkil\u00f6tietojen k\u00e4sittelyn tarkoitus<\/strong><\/p>\n\n\n\n<p>Henkil\u00f6tietoja k\u00e4sitell\u00e4\u00e4n kunta- ja osakeyhti\u00f6lakien edellytt\u00e4mien sidonnaisuus- ja l\u00e4hipiiritietojen ker\u00e4\u00e4misen vuoksi.<\/p>\n\n\n\n<p><strong>5 Rekisterin tietosis\u00e4lt\u00f6<\/strong><\/p>\n\n\n\n<p>Rekister\u00f6ityjen ryhm\u00e4t: Opiskelijaedustaja, ty\u00f6ntekij\u00e4edustaja, hallituksen ja johtoryhm\u00e4n puheenjohtajat ja j\u00e4senet.<\/p>\n\n\n\n<p>Ker\u00e4tt\u00e4v\u00e4 tietosis\u00e4lt\u00f6:<\/p>\n\n\n\n<ul class=\"wp-block-list\">\n<li>Etunimi<\/li>\n\n\n\n<li>Sukunimi<\/li>\n\n\n\n<li>Sidonnaisuus yhti\u00f6\u00f6n, muihin yhti\u00f6ihin tai yhteis\u00f6ihin (yhti\u00f6, yhteis\u00f6, teht\u00e4v\u00e4)<\/li>\n\n\n\n<li>Poliittinen vaikutusvaltaisuus (PEP)<\/li>\n\n\n\n<li>Puoliso sek\u00e4 samassa taloudessa asuvat l\u00e4heisess\u00e4 sukulaisuussuhteessa olevat muut aikuiset henkil\u00f6t (nimi, suhde asianosaiseen, sidonnaisuudet)<\/li>\n<\/ul>\n\n\n\n<p>Henkil\u00f6tietoja k\u00e4sitell\u00e4\u00e4n Jamkin henkil\u00f6tietojen k\u00e4sittelyohjeen <a href=\"https:\/\/www.jamk.fi\/fi\/jamk\/tietosuoja-jamkissa\">https:\/\/www.jamk.fi\/fi\/jamk\/tietosuoja-jamkissa<\/a> mukaisesti.<\/p>\n\n\n\n<p><strong>6 K\u00e4sittelyperuste<\/strong><\/p>\n\n\n\n<ul class=\"wp-block-list\">\n<li>Lakis\u00e4\u00e4teinen peruste ja teht\u00e4v\u00e4<\/li>\n\n\n\n<li>Yleinen etu ja julkinen valta<\/li>\n<\/ul>\n\n\n\n<p><strong>7 S\u00e4\u00e4nn\u00f6nmukaiset tietol\u00e4hteet<\/strong><\/p>\n\n\n\n<p>Tiedot saadaan henkil\u00f6ilt\u00e4 itselt\u00e4\u00e4n.<\/p>\n\n\n\n<p><strong>8 S\u00e4\u00e4nn\u00f6nmukaiset tietojen luovutukset ja tietojen siirto EU:n tai Euroopan talousalueen ulkopuolelle<\/strong><\/p>\n\n\n\n<p>Rekisterist\u00e4 luovutetaan tietoja tilintarkastuksen yhteydess\u00e4 ja mik\u00e4li viranomainen tietoja pyyt\u00e4\u00e4.<\/p>\n\n\n\n<p><strong>9 Rekisterin suojauksen periaatteet<\/strong><\/p>\n\n\n\n<p>Tiedot ker\u00e4t\u00e4\u00e4n e-lomake.fi kautta, jonka yhteydess\u00e4 k\u00e4ytet\u00e4\u00e4n vahvaa tunnistautumista. Tietojen k\u00e4sittelij\u00e4 on nimetty ty\u00f6teht\u00e4vien perusteella. Tietoja k\u00e4sitell\u00e4\u00e4n Tweb-asiainhallintaj\u00e4rjestelm\u00e4ss\u00e4 ja Jamkin sis\u00e4verkossa M-asemalla olevassa kansiossa, jonne on oikeus rekisterin prosessin omistajalla, rekisterin hallinnoijalla ja talousp\u00e4\u00e4llik\u00f6ll\u00e4. <em>Kolmannelle osapuolelle siirrett\u00e4ess\u00e4 k\u00e4ytet\u00e4\u00e4n suojattua s\u00e4hk\u00f6postiyhteytt\u00e4.<\/em> Oikeus henkil\u00f6tietojen k\u00e4sittelyyn Twebiss\u00e4 on rekisterin prosessin omistajalla, rekisterin hallinnoijalla, talousp\u00e4\u00e4llik\u00f6ll\u00e4, toimitusjohtajalla ja varatoimitusjohtajalla<\/p>\n\n\n\n<p><\/p>\n\n\n\n<p><strong>10 Henkil\u00f6tietojen s\u00e4ilytt\u00e4misaika tai s\u00e4ilytt\u00e4misajan m\u00e4\u00e4ritt\u00e4miskriteerit<\/strong><\/p>\n\n\n\n<p>Sidonnaisuus- ja l\u00e4hipiiri-ilmoitukset ovat pysyv\u00e4sti s\u00e4ilytett\u00e4vi\u00e4. Rekisterin tietoja p\u00e4ivitet\u00e4\u00e4n aina Jamk Oy:n ja tyt\u00e4ryhti\u00f6n yhti\u00f6kokouksen j\u00e4lkeen ja vanhentunut tieto poistetaan v\u00e4litt\u00f6m\u00e4sti.<\/p>\n\n\n\n<p><strong>11 Profilointi ja automaattinen p\u00e4\u00e4t\u00f6ksenteko<\/strong><\/p>\n\n\n\n<p>Rekisterin tietoja ei k\u00e4ytet\u00e4 automatisoituihin yksitt\u00e4isp\u00e4\u00e4t\u00f6ksiin eik\u00e4 profilointiin.<\/p>\n\n\n\n<p><strong>12 Rekister\u00f6idyn oikeudet<\/strong><\/p>\n\n\n\n<p>Tietosuojavastaavasta ja rekister\u00f6idyn oikeuksista ja niiden toteuttamisesta kerrotaan <a href=\"https:\/\/www.jamk.fi\/fi\/Tietoa-JAMKista\/tietosuoja\/\">Tietosuoja Jamkissa<\/a>-sivulla.<\/p>\n","protected":false},"excerpt":{"rendered":"<p>EU yleinen tietosuoja-asetus (2016\/679) P\u00e4ivitetty 15.9.2025 1 Rekisterin nimi Jyv\u00e4skyl\u00e4n ammattikorkeakoulu osakeyhti\u00f6n ja tyt\u00e4ryhti\u00f6n sidonnaisuus- ja l\u00e4hipiirirekisteri 2 Rekisterinpit\u00e4j\u00e4 Jyv\u00e4skyl\u00e4n Ammattikorkeakoulu OyPL 207, 40101 Jyv\u00e4skyl\u00e4+358 20 743 8100 3 Yhteyshenkil\u00f6 rekisteri\u00e4 koskevissa asioissa, yhteystiedot virka-aikana Rekisterist\u00e4 vastaava johtaja tai prosessin omistaja: Eettisen toimikunnan puheenjohtaja\/ Compliance Officer Rekisteri\u00e4 hallinnoi korkeakoulupalveluiden johdon assistentti. etunimi.sukunimi@jamk.fi 4 Henkil\u00f6tietojen k\u00e4sittelyn [&hellip;]<\/p>\n","protected":false},"author":178,"featured_media":0,"parent":494,"menu_order":0,"comment_status":"closed","ping_status":"closed","template":"","meta":{"_acf_changed":false,"_relevanssi_hide_post":"","_relevanssi_hide_content":"","_relevanssi_pin_for_all":"","_relevanssi_pin_keywords":"","_relevanssi_unpin_keywords":"","_relevanssi_related_keywords":"","_relevanssi_related_include_ids":"","_relevanssi_related_exclude_ids":"","_relevanssi_related_no_append":"","_relevanssi_related_not_related":"","_relevanssi_related_posts":"","_relevanssi_noindex_reason":"","footnotes":""},"categories":[1],"tags":[76,352],"class_list":["post-212","page","type-page","status-publish","hentry","category-yleinen","tag-tietosuojaseloste","tag-yleishallinto"],"acf":[],"yoast_head":"<!-- This site is optimized with the Yoast SEO plugin v27.4 - https:\/\/yoast.com\/product\/yoast-seo-wordpress\/ -->\n<title>Tietosuojaseloste \u2013 Osakeyhti\u00f6n sidonnaisuus- ja l\u00e4hipiirirekisteri - Tietosuoja<\/title>\n<meta name=\"robots\" content=\"index, follow, max-snippet:-1, max-image-preview:large, max-video-preview:-1\" \/>\n<link rel=\"canonical\" href=\"https:\/\/help.jamk.fi\/tietosuoja\/fi\/yleishallinto\/tietosuojaseloste-osakeyhtion-sidonnaisuus-ja-lahipiirirekisteri\/\" \/>\n<meta property=\"og:locale\" content=\"fi_FI\" \/>\n<meta property=\"og:type\" content=\"article\" \/>\n<meta property=\"og:title\" content=\"Tietosuojaseloste \u2013 Osakeyhti\u00f6n sidonnaisuus- ja l\u00e4hipiirirekisteri - Tietosuoja\" \/>\n<meta property=\"og:description\" content=\"EU yleinen tietosuoja-asetus (2016\/679) P\u00e4ivitetty 15.9.2025 1 Rekisterin nimi Jyv\u00e4skyl\u00e4n ammattikorkeakoulu osakeyhti\u00f6n ja tyt\u00e4ryhti\u00f6n sidonnaisuus- ja l\u00e4hipiirirekisteri 2 Rekisterinpit\u00e4j\u00e4 Jyv\u00e4skyl\u00e4n Ammattikorkeakoulu OyPL 207, 40101 Jyv\u00e4skyl\u00e4+358 20 743 8100 3 Yhteyshenkil\u00f6 rekisteri\u00e4 koskevissa asioissa, yhteystiedot virka-aikana Rekisterist\u00e4 vastaava johtaja tai prosessin omistaja: Eettisen toimikunnan puheenjohtaja\/ Compliance Officer Rekisteri\u00e4 hallinnoi korkeakoulupalveluiden johdon assistentti. etunimi.sukunimi@jamk.fi 4 Henkil\u00f6tietojen k\u00e4sittelyn [&hellip;]\" \/>\n<meta property=\"og:url\" content=\"https:\/\/help.jamk.fi\/tietosuoja\/fi\/yleishallinto\/tietosuojaseloste-osakeyhtion-sidonnaisuus-ja-lahipiirirekisteri\/\" \/>\n<meta property=\"og:site_name\" content=\"Tietosuoja\" \/>\n<meta property=\"article:modified_time\" content=\"2025-09-15T12:31:34+00:00\" \/>\n<meta name=\"twitter:card\" content=\"summary_large_image\" \/>\n<meta name=\"twitter:label1\" content=\"Arvioitu lukuaika\" \/>\n\t<meta name=\"twitter:data1\" content=\"2 minuuttia\" \/>\n<script type=\"application\/ld+json\" class=\"yoast-schema-graph\">{\"@context\":\"https:\\\/\\\/schema.org\",\"@graph\":[{\"@type\":\"WebPage\",\"@id\":\"https:\\\/\\\/help.jamk.fi\\\/tietosuoja\\\/fi\\\/yleishallinto\\\/tietosuojaseloste-osakeyhtion-sidonnaisuus-ja-lahipiirirekisteri\\\/\",\"url\":\"https:\\\/\\\/help.jamk.fi\\\/tietosuoja\\\/fi\\\/yleishallinto\\\/tietosuojaseloste-osakeyhtion-sidonnaisuus-ja-lahipiirirekisteri\\\/\",\"name\":\"Tietosuojaseloste \u2013 Osakeyhti\u00f6n sidonnaisuus- ja l\u00e4hipiirirekisteri - Tietosuoja\",\"isPartOf\":{\"@id\":\"https:\\\/\\\/help.jamk.fi\\\/tietosuoja\\\/#website\"},\"datePublished\":\"2022-10-18T04:09:48+00:00\",\"dateModified\":\"2025-09-15T12:31:34+00:00\",\"breadcrumb\":{\"@id\":\"https:\\\/\\\/help.jamk.fi\\\/tietosuoja\\\/fi\\\/yleishallinto\\\/tietosuojaseloste-osakeyhtion-sidonnaisuus-ja-lahipiirirekisteri\\\/#breadcrumb\"},\"inLanguage\":\"fi\",\"potentialAction\":[{\"@type\":\"ReadAction\",\"target\":[\"https:\\\/\\\/help.jamk.fi\\\/tietosuoja\\\/fi\\\/yleishallinto\\\/tietosuojaseloste-osakeyhtion-sidonnaisuus-ja-lahipiirirekisteri\\\/\"]}]},{\"@type\":\"BreadcrumbList\",\"@id\":\"https:\\\/\\\/help.jamk.fi\\\/tietosuoja\\\/fi\\\/yleishallinto\\\/tietosuojaseloste-osakeyhtion-sidonnaisuus-ja-lahipiirirekisteri\\\/#breadcrumb\",\"itemListElement\":[{\"@type\":\"ListItem\",\"position\":1,\"name\":\"Etusivu\",\"item\":\"https:\\\/\\\/help.jamk.fi\\\/tietosuoja\\\/fi\\\/\"},{\"@type\":\"ListItem\",\"position\":2,\"name\":\"Yleishallinto\",\"item\":\"https:\\\/\\\/help.jamk.fi\\\/tietosuoja\\\/fi\\\/yleishallinto\\\/\"},{\"@type\":\"ListItem\",\"position\":3,\"name\":\"Tietosuojaseloste \u2013 Osakeyhti\u00f6n sidonnaisuus- ja l\u00e4hipiirirekisteri\"}]},{\"@type\":\"WebSite\",\"@id\":\"https:\\\/\\\/help.jamk.fi\\\/tietosuoja\\\/#website\",\"url\":\"https:\\\/\\\/help.jamk.fi\\\/tietosuoja\\\/\",\"name\":\"Tietosuoja\",\"description\":\"\",\"potentialAction\":[{\"@type\":\"SearchAction\",\"target\":{\"@type\":\"EntryPoint\",\"urlTemplate\":\"https:\\\/\\\/help.jamk.fi\\\/tietosuoja\\\/?s={search_term_string}\"},\"query-input\":{\"@type\":\"PropertyValueSpecification\",\"valueRequired\":true,\"valueName\":\"search_term_string\"}}],\"inLanguage\":\"fi\"}]}<\/script>\n<!-- \/ Yoast SEO plugin. -->","yoast_head_json":{"title":"Tietosuojaseloste \u2013 Osakeyhti\u00f6n sidonnaisuus- ja l\u00e4hipiirirekisteri - Tietosuoja","robots":{"index":"index","follow":"follow","max-snippet":"max-snippet:-1","max-image-preview":"max-image-preview:large","max-video-preview":"max-video-preview:-1"},"canonical":"https:\/\/help.jamk.fi\/tietosuoja\/fi\/yleishallinto\/tietosuojaseloste-osakeyhtion-sidonnaisuus-ja-lahipiirirekisteri\/","og_locale":"fi_FI","og_type":"article","og_title":"Tietosuojaseloste \u2013 Osakeyhti\u00f6n sidonnaisuus- ja l\u00e4hipiirirekisteri - Tietosuoja","og_description":"EU yleinen tietosuoja-asetus (2016\/679) P\u00e4ivitetty 15.9.2025 1 Rekisterin nimi Jyv\u00e4skyl\u00e4n ammattikorkeakoulu osakeyhti\u00f6n ja tyt\u00e4ryhti\u00f6n sidonnaisuus- ja l\u00e4hipiirirekisteri 2 Rekisterinpit\u00e4j\u00e4 Jyv\u00e4skyl\u00e4n Ammattikorkeakoulu OyPL 207, 40101 Jyv\u00e4skyl\u00e4+358 20 743 8100 3 Yhteyshenkil\u00f6 rekisteri\u00e4 koskevissa asioissa, yhteystiedot virka-aikana Rekisterist\u00e4 vastaava johtaja tai prosessin omistaja: Eettisen toimikunnan puheenjohtaja\/ Compliance Officer Rekisteri\u00e4 hallinnoi korkeakoulupalveluiden johdon assistentti. etunimi.sukunimi@jamk.fi 4 Henkil\u00f6tietojen k\u00e4sittelyn [&hellip;]","og_url":"https:\/\/help.jamk.fi\/tietosuoja\/fi\/yleishallinto\/tietosuojaseloste-osakeyhtion-sidonnaisuus-ja-lahipiirirekisteri\/","og_site_name":"Tietosuoja","article_modified_time":"2025-09-15T12:31:34+00:00","twitter_card":"summary_large_image","twitter_misc":{"Arvioitu lukuaika":"2 minuuttia"},"schema":{"@context":"https:\/\/schema.org","@graph":[{"@type":"WebPage","@id":"https:\/\/help.jamk.fi\/tietosuoja\/fi\/yleishallinto\/tietosuojaseloste-osakeyhtion-sidonnaisuus-ja-lahipiirirekisteri\/","url":"https:\/\/help.jamk.fi\/tietosuoja\/fi\/yleishallinto\/tietosuojaseloste-osakeyhtion-sidonnaisuus-ja-lahipiirirekisteri\/","name":"Tietosuojaseloste \u2013 Osakeyhti\u00f6n sidonnaisuus- ja l\u00e4hipiirirekisteri - Tietosuoja","isPartOf":{"@id":"https:\/\/help.jamk.fi\/tietosuoja\/#website"},"datePublished":"2022-10-18T04:09:48+00:00","dateModified":"2025-09-15T12:31:34+00:00","breadcrumb":{"@id":"https:\/\/help.jamk.fi\/tietosuoja\/fi\/yleishallinto\/tietosuojaseloste-osakeyhtion-sidonnaisuus-ja-lahipiirirekisteri\/#breadcrumb"},"inLanguage":"fi","potentialAction":[{"@type":"ReadAction","target":["https:\/\/help.jamk.fi\/tietosuoja\/fi\/yleishallinto\/tietosuojaseloste-osakeyhtion-sidonnaisuus-ja-lahipiirirekisteri\/"]}]},{"@type":"BreadcrumbList","@id":"https:\/\/help.jamk.fi\/tietosuoja\/fi\/yleishallinto\/tietosuojaseloste-osakeyhtion-sidonnaisuus-ja-lahipiirirekisteri\/#breadcrumb","itemListElement":[{"@type":"ListItem","position":1,"name":"Etusivu","item":"https:\/\/help.jamk.fi\/tietosuoja\/fi\/"},{"@type":"ListItem","position":2,"name":"Yleishallinto","item":"https:\/\/help.jamk.fi\/tietosuoja\/fi\/yleishallinto\/"},{"@type":"ListItem","position":3,"name":"Tietosuojaseloste \u2013 Osakeyhti\u00f6n sidonnaisuus- ja l\u00e4hipiirirekisteri"}]},{"@type":"WebSite","@id":"https:\/\/help.jamk.fi\/tietosuoja\/#website","url":"https:\/\/help.jamk.fi\/tietosuoja\/","name":"Tietosuoja","description":"","potentialAction":[{"@type":"SearchAction","target":{"@type":"EntryPoint","urlTemplate":"https:\/\/help.jamk.fi\/tietosuoja\/?s={search_term_string}"},"query-input":{"@type":"PropertyValueSpecification","valueRequired":true,"valueName":"search_term_string"}}],"inLanguage":"fi"}]}},"_links":{"self":[{"href":"https:\/\/help.jamk.fi\/tietosuoja\/wp-json\/wp\/v2\/pages\/212","targetHints":{"allow":["GET"]}}],"collection":[{"href":"https:\/\/help.jamk.fi\/tietosuoja\/wp-json\/wp\/v2\/pages"}],"about":[{"href":"https:\/\/help.jamk.fi\/tietosuoja\/wp-json\/wp\/v2\/types\/page"}],"author":[{"embeddable":true,"href":"https:\/\/help.jamk.fi\/tietosuoja\/wp-json\/wp\/v2\/users\/178"}],"replies":[{"embeddable":true,"href":"https:\/\/help.jamk.fi\/tietosuoja\/wp-json\/wp\/v2\/comments?post=212"}],"version-history":[{"count":3,"href":"https:\/\/help.jamk.fi\/tietosuoja\/wp-json\/wp\/v2\/pages\/212\/revisions"}],"predecessor-version":[{"id":1062,"href":"https:\/\/help.jamk.fi\/tietosuoja\/wp-json\/wp\/v2\/pages\/212\/revisions\/1062"}],"up":[{"embeddable":true,"href":"https:\/\/help.jamk.fi\/tietosuoja\/wp-json\/wp\/v2\/pages\/494"}],"wp:attachment":[{"href":"https:\/\/help.jamk.fi\/tietosuoja\/wp-json\/wp\/v2\/media?parent=212"}],"wp:term":[{"taxonomy":"category","embeddable":true,"href":"https:\/\/help.jamk.fi\/tietosuoja\/wp-json\/wp\/v2\/categories?post=212"},{"taxonomy":"post_tag","embeddable":true,"href":"https:\/\/help.jamk.fi\/tietosuoja\/wp-json\/wp\/v2\/tags?post=212"}],"curies":[{"name":"wp","href":"https:\/\/api.w.org\/{rel}","templated":true}]}}