{"id":215,"date":"2023-01-20T11:10:16","date_gmt":"2023-01-20T09:10:16","guid":{"rendered":"https:\/\/help.jamk.fi\/tietosuoja\/tietosuojaseloste-talentadore-rekrytointijarjestelma\/"},"modified":"2023-12-18T12:33:56","modified_gmt":"2023-12-18T10:33:56","slug":"tietosuojaseloste-talentadore-rekrytointijarjestelma","status":"publish","type":"page","link":"https:\/\/help.jamk.fi\/tietosuoja\/fi\/henkilostopalvelut\/tietosuojaseloste-talentadore-rekrytointijarjestelma\/","title":{"rendered":"Tietosuojaseloste &#8211; TalentAdore-rekrytointij\u00e4rjestelm\u00e4"},"content":{"rendered":"\n<p>Tietosuoja-asetus 2016\/679<\/p>\n\n\n\n<p>P\u00e4ivitetty 13.10.2022<\/p>\n\n\n\n<ol class=\"wp-block-list\">\n<li>Rekisterinpit\u00e4j\u00e4<\/li>\n<\/ol>\n\n\n\n<p>&nbsp;&nbsp;&nbsp;&nbsp;&nbsp; Jyv\u00e4skyl\u00e4n Ammattikorkeakoulu Oy<\/p>\n\n\n\n<p>      PL 207, 40101 Jyv\u00e4skyl\u00e4<\/p>\n\n\n\n<p>     +358 20 743 8100<\/p>\n\n\n\n<ol class=\"wp-block-list\" type=\"1\" start=\"2\">\n<li>Rekisterinpit\u00e4j\u00e4n yhteyshenkil\u00f6t<\/li>\n<\/ol>\n\n\n\n<p>Prosessin omistaja: hallintojohtaja<\/p>\n\n\n\n<p>Sis\u00e4ll\u00f6llinen p\u00e4\u00e4k\u00e4ytt\u00e4j\u00e4: HR-palveluiden henkil\u00f6st\u00f6 p\u00e4\u00e4k\u00e4ytt\u00e4jin\u00e4<\/p>\n\n\n\n<p>Tekninen p\u00e4\u00e4k\u00e4ytt\u00e4j\u00e4: j\u00e4rjestelm\u00e4suunnittelija ICT-palvelut<\/p>\n\n\n\n<p>etunimi.sukunimi@jamk.fi<br><br><\/p>\n\n\n\n<ol class=\"wp-block-list\" type=\"1\" start=\"3\">\n<li>Rekisterin tiedot<\/li>\n<\/ol>\n\n\n\n<p>Jamk ker\u00e4\u00e4 rekisterinpit\u00e4j\u00e4n\u00e4 henkil\u00f6tietoja rekrytoidessaan TalentAdore -rekrytointij\u00e4rjestelm\u00e4\u00e4n, jonka toimittaja on Talentadore Oy (palveluntarjoaja).<\/p>\n\n\n\n<p>Henkil\u00f6 antaa ja rekisteriin ker\u00e4t\u00e4\u00e4n seuraavia tietoja:<\/p>\n\n\n\n<ul class=\"wp-block-list\">\n<li>nimi- ja yhteystiedot<\/li>\n\n\n\n<li>CV-tiedot<\/li>\n<\/ul>\n\n\n\n<p>Ker\u00e4tt\u00e4vi\u00e4 tietoja voivat olla my\u00f6s henkil\u00f6n valokuva, koulutus- ja ty\u00f6historia, referenssitiedot, ty\u00f6n\u00e4ytteet sek\u00e4 muut rekrytoinnin kannalta oleelliset lis\u00e4tiedot.<\/p>\n\n\n\n<ol class=\"wp-block-list\" type=\"1\" start=\"4\">\n<li>Henkil\u00f6tietojen k\u00e4sittelyn tarkoitus ja perusteet<\/li>\n<\/ol>\n\n\n\n<p>Jamk ker\u00e4\u00e4 ja k\u00e4sittelee rekisterinpit\u00e4j\u00e4n\u00e4 henkil\u00f6tietoja suorittaakseen rekrytointitoimenpiteit\u00e4 ja edist\u00e4\u00e4kseen henkil\u00f6n ty\u00f6llistymist\u00e4. Henkil\u00f6tietoja k\u00e4sitell\u00e4\u00e4n henkil\u00f6n suostumuksen nojalla. Henkil\u00f6tietoja k\u00e4sitell\u00e4\u00e4n Jamkin henkil\u00f6tietojen k\u00e4sittelyohjeen ja yleisen tietosuojaselosteen <a href=\"https:\/\/www.jamk.fi\/fi\/jamk\/tietosuoja-jamkissa\">https:\/\/www.jamk.fi\/fi\/jamk\/tietosuoja-jamkissa<\/a>&nbsp; mukaisesti.<\/p>\n\n\n\n<ol class=\"wp-block-list\" type=\"1\" start=\"5\">\n<li>Henkil\u00f6tietojen k\u00e4sittelij\u00e4t<\/li>\n<\/ol>\n\n\n\n<p>Henkil\u00f6tietoja k\u00e4sittelev\u00e4t Jamkissa rekrytointiin osallistuvat henkil\u00f6t, sek\u00e4 mahdolliset Jamkin valitsemat rekrytointiin osallistuvat kolmannet osapuolet (esim. hallituksen j\u00e4senet ja soveltuvuusarvioinnin suorittava psykologi).<\/p>\n\n\n\n<p>Lis\u00e4ksi henkil\u00f6tietoja k\u00e4sittelee rekisterinpit\u00e4j\u00e4n palveluntarjoaja Talentadore Oy tuottaakseen rekisterinpit\u00e4j\u00e4lle teknist\u00e4 alustaa rekrytointitoimenpiteiden toteuttamiseksi. Muu henkil\u00f6tietojen k\u00e4sittelij\u00e4 on videohaastattelupalvelu Recrightin palveluntarjoaja MobileCV Oy. Recright on rekrytoinnin apupalvelu, joka on integroitu osaksi rekrytointij\u00e4rjestelm\u00e4\u00e4.<\/p>\n\n\n\n<ol class=\"wp-block-list\" type=\"1\" start=\"6\">\n<li>Tietol\u00e4hteet<\/li>\n<\/ol>\n\n\n\n<p>Tietol\u00e4hteen\u00e4 on henkil\u00f6 itse antamalla henkil\u00f6tietoja hakiessaan ty\u00f6paikkaa ja antaessaan pyydett\u00e4ess\u00e4 lis\u00e4tietoa.<\/p>\n\n\n\n<ol class=\"wp-block-list\" type=\"1\" start=\"7\">\n<li>Henkil\u00f6tietojen s\u00e4ilytysaika<\/li>\n<\/ol>\n\n\n\n<p>Henkil\u00f6tietoja s\u00e4ilytet\u00e4\u00e4n 24 kuukautta hakemuksen tallentamishetkest\u00e4. Tietyiss\u00e4 tapauksissa henkil\u00f6tietoja voidaan s\u00e4ilytt\u00e4\u00e4 kauemmin. N\u00e4iss\u00e4 tapauksissa henkil\u00f6lt\u00e4 pyydet\u00e4\u00e4n erillinen suostumus pidempiaikaiseen s\u00e4ilytykseen.<\/p>\n\n\n\n<p>Osaajayhteis\u00f6ss\u00e4 (Talent Community) henkil\u00f6tietoja s\u00e4ilytet\u00e4\u00e4n 12 kuukautta (s\u00e4ilytysaika) Osaajayhteis\u00f6\u00f6n liittymisest\u00e4 tai siihen lis\u00e4\u00e4misest\u00e4. T\u00e4m\u00e4n s\u00e4ilytysajan p\u00e4\u00e4tteeksi henkil\u00f6lt\u00e4 kysyt\u00e4\u00e4n aktiivisesti halukkuutta yhteis\u00f6n j\u00e4senen\u00e4 jatkamiseen. Aktiivisella hyv\u00e4ksynn\u00e4ll\u00e4 henkil\u00f6 voi jatkaa yhteis\u00f6n j\u00e4senen\u00e4 my\u00f6s pidemm\u00e4n ajan, muussa tapauksessa henkil\u00f6tiedot poistetaan automaattisesti s\u00e4ilytysajan j\u00e4lkeen.<\/p>\n\n\n\n<ol class=\"wp-block-list\" type=\"1\" start=\"8\">\n<li>Rekister\u00f6idyn oikeudet ja niiden toteuttaminen<\/li>\n<\/ol>\n\n\n\n<p><br>Rekister\u00f6idyll\u00e4 on tietosuoja-asetuksen nojalla oikeus:<\/p>\n\n\n\n<ul class=\"wp-block-list\">\n<li>Suostumuksen peruuttamiseen<\/li>\n\n\n\n<li>P\u00e4\u00e4sy omiin henkil\u00f6tietoihin<\/li>\n\n\n\n<li>Oikeus saada virheet korjatuksi<\/li>\n\n\n\n<li>Oikeus kielt\u00e4\u00e4 suoramarkkinointi<\/li>\n\n\n\n<li>Oikeus vastustaa k\u00e4sittely\u00e4<\/li>\n\n\n\n<li>Oikeus rajoittaa k\u00e4sittely\u00e4<\/li>\n\n\n\n<li>Oikeus saada tiedot siirretyksi.<\/li>\n<\/ul>\n\n\n\n<p>Rekister\u00f6idyn oikeuksien toteuttamiseksi pyydet\u00e4\u00e4n tekem\u00e4\u00e4n pyynt\u00f6 Jamkin tietosuojavastaavalle tietosuoja@jamk.fi. Jamkin tietosuojavastaavasta ja rekister\u00f6idyn oikeuksista ja niiden toteuttamisesta kerrotaan lis\u00e4\u00e4 Jamkin henkil\u00f6tietojen k\u00e4sittelyohjeessa ja yleisess\u00e4 tietosuojaselosteessa <a href=\"https:\/\/www.jamk.fi\/fi\/jamk\/tietosuoja-jamkissa\">https:\/\/www.jamk.fi\/fi\/jamk\/tietosuoja-jamkissa<\/a><\/p>\n\n\n\n<ol class=\"wp-block-list\" type=\"1\" start=\"9\">\n<li>Tietoturva<\/li>\n<\/ol>\n\n\n\n<p>Henkil\u00f6tietoja s\u00e4ilytet\u00e4\u00e4n palveluntarjoajan palvelimilla, jotka ovat suojattu alan yleisten k\u00e4yt\u00e4nt\u00f6jen mukaisesti. Ker\u00e4tt\u00e4v\u00e4 ja k\u00e4sitelt\u00e4v\u00e4 henkil\u00f6tieto pidet\u00e4\u00e4n luottamuksellisena eik\u00e4 sit\u00e4 ilmaista muille kuin sit\u00e4 ty\u00f6ss\u00e4\u00e4n tarvitseville taikka luottamuksellisesti ja rajoitetusti palvelusopimusten perusteella rekisterinpit\u00e4j\u00e4n asiakkaille. P\u00e4\u00e4sy henkil\u00f6tietoihin on suojattu k\u00e4ytt\u00e4j\u00e4kohtaisin tunnuksin, salasanoin ja k\u00e4ytt\u00f6oikeuksin.<\/p>\n\n\n\n<p>Mik\u00e4li henkil\u00f6 on tallentanut henkil\u00f6tietoja Jamkin rekrytointij\u00e4rjestelm\u00e4\u00e4n, tietojenk\u00e4sittelyn ainoa tarkoitus on t\u00e4ytt\u00e4\u00e4 rekrytoinnin vaatimat toimenpiteet. Palveluntarjoaja vastaa teknisest\u00e4 ja tietoturvallisesta suojauksesta. Palveluntarjoaja voi esimerkiksi teknisiss\u00e4 selvityksiss\u00e4 joutua k\u00e4sittelem\u00e4\u00e4n henkil\u00f6tietoja. Palveluntarjoajan henkil\u00f6st\u00f6 on allekirjoittanut vaitiolosopimuksen, sek\u00e4 sitoutuu k\u00e4sittelem\u00e4\u00e4n henkil\u00f6tietoja tietoturvallisesti, luottamuksellisesti ja vain tuottaakseen palvelua.<\/p>\n\n\n\n<ol class=\"wp-block-list\" type=\"1\" start=\"10\">\n<li>Tietojensiirto<\/li>\n<\/ol>\n\n\n\n<p>Henkil\u00f6tietoja tallennetaan vain EU- ja ETA-alueella ja k\u00e4sitell\u00e4\u00e4n vain EU- ja ETA-alueella. Tietojensiirtoa EU- ja ETA-alueen ulkopuolelle voi tapahtua vain viranomaisvaatimuksen niin pakottaessa. T\u00e4ll\u00f6in palveluntarjoaja huolehtii, ett\u00e4 henkil\u00f6tietoja k\u00e4sitell\u00e4\u00e4n tietosuoja-asetuksen vaatimusten mukaisesti ja asetuksen mukainen k\u00e4sittely on sovittu asetuksen vaatimin tietojenk\u00e4sittelysopimuksin.<\/p>\n\n\n\n<ol class=\"wp-block-list\" type=\"1\" start=\"11\">\n<li>Automaattinen p\u00e4\u00e4t\u00f6ksenteko ja profilointi<\/li>\n<\/ol>\n\n\n\n<p>Rekisterin henkil\u00f6tietoihin ei kohdistu automaattista p\u00e4\u00e4t\u00f6ksentekoa eik\u00e4 profilointia.<\/p>\n","protected":false},"excerpt":{"rendered":"<p>Tietosuoja-asetus 2016\/679 P\u00e4ivitetty 13.10.2022 &nbsp;&nbsp;&nbsp;&nbsp;&nbsp; Jyv\u00e4skyl\u00e4n Ammattikorkeakoulu Oy PL 207, 40101 Jyv\u00e4skyl\u00e4 +358 20 743 8100 Prosessin omistaja: hallintojohtaja Sis\u00e4ll\u00f6llinen p\u00e4\u00e4k\u00e4ytt\u00e4j\u00e4: HR-palveluiden henkil\u00f6st\u00f6 p\u00e4\u00e4k\u00e4ytt\u00e4jin\u00e4 Tekninen p\u00e4\u00e4k\u00e4ytt\u00e4j\u00e4: j\u00e4rjestelm\u00e4suunnittelija ICT-palvelut etunimi.sukunimi@jamk.fi Jamk ker\u00e4\u00e4 rekisterinpit\u00e4j\u00e4n\u00e4 henkil\u00f6tietoja rekrytoidessaan TalentAdore -rekrytointij\u00e4rjestelm\u00e4\u00e4n, jonka toimittaja on Talentadore Oy (palveluntarjoaja). Henkil\u00f6 antaa ja rekisteriin ker\u00e4t\u00e4\u00e4n seuraavia tietoja: Ker\u00e4tt\u00e4vi\u00e4 tietoja voivat olla my\u00f6s henkil\u00f6n [&hellip;]<\/p>\n","protected":false},"author":178,"featured_media":0,"parent":504,"menu_order":0,"comment_status":"closed","ping_status":"closed","template":"","meta":{"_acf_changed":false,"_relevanssi_hide_post":"","_relevanssi_hide_content":"","_relevanssi_pin_for_all":"","_relevanssi_pin_keywords":"","_relevanssi_unpin_keywords":"","_relevanssi_related_keywords":"","_relevanssi_related_include_ids":"","_relevanssi_related_exclude_ids":"","_relevanssi_related_no_append":"","_relevanssi_related_not_related":"","_relevanssi_related_posts":"","_relevanssi_noindex_reason":"","footnotes":""},"categories":[1],"tags":[354,76],"class_list":["post-215","page","type-page","status-publish","hentry","category-yleinen","tag-henkilostopalvelut","tag-tietosuojaseloste"],"acf":[],"yoast_head":"<!-- This site is optimized with the Yoast SEO plugin v27.3 - https:\/\/yoast.com\/product\/yoast-seo-wordpress\/ -->\n<title>Tietosuojaseloste - TalentAdore-rekrytointij\u00e4rjestelm\u00e4 - Tietosuoja<\/title>\n<meta name=\"robots\" content=\"index, follow, max-snippet:-1, max-image-preview:large, max-video-preview:-1\" \/>\n<link rel=\"canonical\" href=\"https:\/\/help.jamk.fi\/tietosuoja\/fi\/henkilostopalvelut\/tietosuojaseloste-talentadore-rekrytointijarjestelma\/\" \/>\n<meta property=\"og:locale\" content=\"fi_FI\" \/>\n<meta property=\"og:type\" content=\"article\" \/>\n<meta property=\"og:title\" content=\"Tietosuojaseloste - TalentAdore-rekrytointij\u00e4rjestelm\u00e4 - Tietosuoja\" \/>\n<meta property=\"og:description\" content=\"Tietosuoja-asetus 2016\/679 P\u00e4ivitetty 13.10.2022 &nbsp;&nbsp;&nbsp;&nbsp;&nbsp; Jyv\u00e4skyl\u00e4n Ammattikorkeakoulu Oy PL 207, 40101 Jyv\u00e4skyl\u00e4 +358 20 743 8100 Prosessin omistaja: hallintojohtaja Sis\u00e4ll\u00f6llinen p\u00e4\u00e4k\u00e4ytt\u00e4j\u00e4: HR-palveluiden henkil\u00f6st\u00f6 p\u00e4\u00e4k\u00e4ytt\u00e4jin\u00e4 Tekninen p\u00e4\u00e4k\u00e4ytt\u00e4j\u00e4: j\u00e4rjestelm\u00e4suunnittelija ICT-palvelut etunimi.sukunimi@jamk.fi Jamk ker\u00e4\u00e4 rekisterinpit\u00e4j\u00e4n\u00e4 henkil\u00f6tietoja rekrytoidessaan TalentAdore -rekrytointij\u00e4rjestelm\u00e4\u00e4n, jonka toimittaja on Talentadore Oy (palveluntarjoaja). Henkil\u00f6 antaa ja rekisteriin ker\u00e4t\u00e4\u00e4n seuraavia tietoja: Ker\u00e4tt\u00e4vi\u00e4 tietoja voivat olla my\u00f6s henkil\u00f6n [&hellip;]\" \/>\n<meta property=\"og:url\" content=\"https:\/\/help.jamk.fi\/tietosuoja\/fi\/henkilostopalvelut\/tietosuojaseloste-talentadore-rekrytointijarjestelma\/\" \/>\n<meta property=\"og:site_name\" content=\"Tietosuoja\" \/>\n<meta property=\"article:modified_time\" content=\"2023-12-18T10:33:56+00:00\" \/>\n<meta name=\"twitter:card\" content=\"summary_large_image\" \/>\n<meta name=\"twitter:label1\" content=\"Arvioitu lukuaika\" \/>\n\t<meta name=\"twitter:data1\" content=\"3 minuuttia\" \/>\n<script type=\"application\/ld+json\" class=\"yoast-schema-graph\">{\"@context\":\"https:\\\/\\\/schema.org\",\"@graph\":[{\"@type\":\"WebPage\",\"@id\":\"https:\\\/\\\/help.jamk.fi\\\/tietosuoja\\\/fi\\\/henkilostopalvelut\\\/tietosuojaseloste-talentadore-rekrytointijarjestelma\\\/\",\"url\":\"https:\\\/\\\/help.jamk.fi\\\/tietosuoja\\\/fi\\\/henkilostopalvelut\\\/tietosuojaseloste-talentadore-rekrytointijarjestelma\\\/\",\"name\":\"Tietosuojaseloste - TalentAdore-rekrytointij\u00e4rjestelm\u00e4 - Tietosuoja\",\"isPartOf\":{\"@id\":\"https:\\\/\\\/help.jamk.fi\\\/tietosuoja\\\/#website\"},\"datePublished\":\"2023-01-20T09:10:16+00:00\",\"dateModified\":\"2023-12-18T10:33:56+00:00\",\"breadcrumb\":{\"@id\":\"https:\\\/\\\/help.jamk.fi\\\/tietosuoja\\\/fi\\\/henkilostopalvelut\\\/tietosuojaseloste-talentadore-rekrytointijarjestelma\\\/#breadcrumb\"},\"inLanguage\":\"fi\",\"potentialAction\":[{\"@type\":\"ReadAction\",\"target\":[\"https:\\\/\\\/help.jamk.fi\\\/tietosuoja\\\/fi\\\/henkilostopalvelut\\\/tietosuojaseloste-talentadore-rekrytointijarjestelma\\\/\"]}]},{\"@type\":\"BreadcrumbList\",\"@id\":\"https:\\\/\\\/help.jamk.fi\\\/tietosuoja\\\/fi\\\/henkilostopalvelut\\\/tietosuojaseloste-talentadore-rekrytointijarjestelma\\\/#breadcrumb\",\"itemListElement\":[{\"@type\":\"ListItem\",\"position\":1,\"name\":\"Etusivu\",\"item\":\"https:\\\/\\\/help.jamk.fi\\\/tietosuoja\\\/fi\\\/\"},{\"@type\":\"ListItem\",\"position\":2,\"name\":\"Henkil\u00f6st\u00f6palvelut\",\"item\":\"https:\\\/\\\/help.jamk.fi\\\/tietosuoja\\\/fi\\\/henkilostopalvelut\\\/\"},{\"@type\":\"ListItem\",\"position\":3,\"name\":\"Tietosuojaseloste &#8211; TalentAdore-rekrytointij\u00e4rjestelm\u00e4\"}]},{\"@type\":\"WebSite\",\"@id\":\"https:\\\/\\\/help.jamk.fi\\\/tietosuoja\\\/#website\",\"url\":\"https:\\\/\\\/help.jamk.fi\\\/tietosuoja\\\/\",\"name\":\"Tietosuoja\",\"description\":\"\",\"potentialAction\":[{\"@type\":\"SearchAction\",\"target\":{\"@type\":\"EntryPoint\",\"urlTemplate\":\"https:\\\/\\\/help.jamk.fi\\\/tietosuoja\\\/?s={search_term_string}\"},\"query-input\":{\"@type\":\"PropertyValueSpecification\",\"valueRequired\":true,\"valueName\":\"search_term_string\"}}],\"inLanguage\":\"fi\"}]}<\/script>\n<!-- \/ Yoast SEO plugin. -->","yoast_head_json":{"title":"Tietosuojaseloste - TalentAdore-rekrytointij\u00e4rjestelm\u00e4 - Tietosuoja","robots":{"index":"index","follow":"follow","max-snippet":"max-snippet:-1","max-image-preview":"max-image-preview:large","max-video-preview":"max-video-preview:-1"},"canonical":"https:\/\/help.jamk.fi\/tietosuoja\/fi\/henkilostopalvelut\/tietosuojaseloste-talentadore-rekrytointijarjestelma\/","og_locale":"fi_FI","og_type":"article","og_title":"Tietosuojaseloste - TalentAdore-rekrytointij\u00e4rjestelm\u00e4 - Tietosuoja","og_description":"Tietosuoja-asetus 2016\/679 P\u00e4ivitetty 13.10.2022 &nbsp;&nbsp;&nbsp;&nbsp;&nbsp; Jyv\u00e4skyl\u00e4n Ammattikorkeakoulu Oy PL 207, 40101 Jyv\u00e4skyl\u00e4 +358 20 743 8100 Prosessin omistaja: hallintojohtaja Sis\u00e4ll\u00f6llinen p\u00e4\u00e4k\u00e4ytt\u00e4j\u00e4: HR-palveluiden henkil\u00f6st\u00f6 p\u00e4\u00e4k\u00e4ytt\u00e4jin\u00e4 Tekninen p\u00e4\u00e4k\u00e4ytt\u00e4j\u00e4: j\u00e4rjestelm\u00e4suunnittelija ICT-palvelut etunimi.sukunimi@jamk.fi Jamk ker\u00e4\u00e4 rekisterinpit\u00e4j\u00e4n\u00e4 henkil\u00f6tietoja rekrytoidessaan TalentAdore -rekrytointij\u00e4rjestelm\u00e4\u00e4n, jonka toimittaja on Talentadore Oy (palveluntarjoaja). Henkil\u00f6 antaa ja rekisteriin ker\u00e4t\u00e4\u00e4n seuraavia tietoja: Ker\u00e4tt\u00e4vi\u00e4 tietoja voivat olla my\u00f6s henkil\u00f6n [&hellip;]","og_url":"https:\/\/help.jamk.fi\/tietosuoja\/fi\/henkilostopalvelut\/tietosuojaseloste-talentadore-rekrytointijarjestelma\/","og_site_name":"Tietosuoja","article_modified_time":"2023-12-18T10:33:56+00:00","twitter_card":"summary_large_image","twitter_misc":{"Arvioitu lukuaika":"3 minuuttia"},"schema":{"@context":"https:\/\/schema.org","@graph":[{"@type":"WebPage","@id":"https:\/\/help.jamk.fi\/tietosuoja\/fi\/henkilostopalvelut\/tietosuojaseloste-talentadore-rekrytointijarjestelma\/","url":"https:\/\/help.jamk.fi\/tietosuoja\/fi\/henkilostopalvelut\/tietosuojaseloste-talentadore-rekrytointijarjestelma\/","name":"Tietosuojaseloste - TalentAdore-rekrytointij\u00e4rjestelm\u00e4 - Tietosuoja","isPartOf":{"@id":"https:\/\/help.jamk.fi\/tietosuoja\/#website"},"datePublished":"2023-01-20T09:10:16+00:00","dateModified":"2023-12-18T10:33:56+00:00","breadcrumb":{"@id":"https:\/\/help.jamk.fi\/tietosuoja\/fi\/henkilostopalvelut\/tietosuojaseloste-talentadore-rekrytointijarjestelma\/#breadcrumb"},"inLanguage":"fi","potentialAction":[{"@type":"ReadAction","target":["https:\/\/help.jamk.fi\/tietosuoja\/fi\/henkilostopalvelut\/tietosuojaseloste-talentadore-rekrytointijarjestelma\/"]}]},{"@type":"BreadcrumbList","@id":"https:\/\/help.jamk.fi\/tietosuoja\/fi\/henkilostopalvelut\/tietosuojaseloste-talentadore-rekrytointijarjestelma\/#breadcrumb","itemListElement":[{"@type":"ListItem","position":1,"name":"Etusivu","item":"https:\/\/help.jamk.fi\/tietosuoja\/fi\/"},{"@type":"ListItem","position":2,"name":"Henkil\u00f6st\u00f6palvelut","item":"https:\/\/help.jamk.fi\/tietosuoja\/fi\/henkilostopalvelut\/"},{"@type":"ListItem","position":3,"name":"Tietosuojaseloste &#8211; TalentAdore-rekrytointij\u00e4rjestelm\u00e4"}]},{"@type":"WebSite","@id":"https:\/\/help.jamk.fi\/tietosuoja\/#website","url":"https:\/\/help.jamk.fi\/tietosuoja\/","name":"Tietosuoja","description":"","potentialAction":[{"@type":"SearchAction","target":{"@type":"EntryPoint","urlTemplate":"https:\/\/help.jamk.fi\/tietosuoja\/?s={search_term_string}"},"query-input":{"@type":"PropertyValueSpecification","valueRequired":true,"valueName":"search_term_string"}}],"inLanguage":"fi"}]}},"_links":{"self":[{"href":"https:\/\/help.jamk.fi\/tietosuoja\/wp-json\/wp\/v2\/pages\/215","targetHints":{"allow":["GET"]}}],"collection":[{"href":"https:\/\/help.jamk.fi\/tietosuoja\/wp-json\/wp\/v2\/pages"}],"about":[{"href":"https:\/\/help.jamk.fi\/tietosuoja\/wp-json\/wp\/v2\/types\/page"}],"author":[{"embeddable":true,"href":"https:\/\/help.jamk.fi\/tietosuoja\/wp-json\/wp\/v2\/users\/178"}],"replies":[{"embeddable":true,"href":"https:\/\/help.jamk.fi\/tietosuoja\/wp-json\/wp\/v2\/comments?post=215"}],"version-history":[{"count":2,"href":"https:\/\/help.jamk.fi\/tietosuoja\/wp-json\/wp\/v2\/pages\/215\/revisions"}],"predecessor-version":[{"id":680,"href":"https:\/\/help.jamk.fi\/tietosuoja\/wp-json\/wp\/v2\/pages\/215\/revisions\/680"}],"up":[{"embeddable":true,"href":"https:\/\/help.jamk.fi\/tietosuoja\/wp-json\/wp\/v2\/pages\/504"}],"wp:attachment":[{"href":"https:\/\/help.jamk.fi\/tietosuoja\/wp-json\/wp\/v2\/media?parent=215"}],"wp:term":[{"taxonomy":"category","embeddable":true,"href":"https:\/\/help.jamk.fi\/tietosuoja\/wp-json\/wp\/v2\/categories?post=215"},{"taxonomy":"post_tag","embeddable":true,"href":"https:\/\/help.jamk.fi\/tietosuoja\/wp-json\/wp\/v2\/tags?post=215"}],"curies":[{"name":"wp","href":"https:\/\/api.w.org\/{rel}","templated":true}]}}