{"id":224,"date":"2023-02-20T09:12:53","date_gmt":"2023-02-20T07:12:53","guid":{"rendered":"https:\/\/help.jamk.fi\/tietosuoja\/tietosuojaseloste-kyberturvallisuutta-sosiaali-ja-terveysalan-ammattilaisille-tutkimus\/"},"modified":"2024-01-10T16:07:03","modified_gmt":"2024-01-10T14:07:03","slug":"tietosuojaseloste-kyberturvallisuutta-sosiaali-ja-terveysalan-ammattilaisille-tutkimus","status":"publish","type":"page","link":"https:\/\/help.jamk.fi\/tietosuoja\/fi\/tki-hankkeet\/tietosuojaseloste-kyberturvallisuutta-sosiaali-ja-terveysalan-ammattilaisille-tutkimus\/","title":{"rendered":"Tietosuojaseloste Kyberturvallisuutta sosiaali- ja terveysalan ammattilaisille -tutkimus"},"content":{"rendered":"\n<p><strong>1. Tutkimuksen tekij\u00e4:<\/strong><\/p>\n\n\n\n<p>Jyv\u00e4skyl\u00e4n ammattikorkeakoulu Oy<br>PL 207, 40101 Jyv\u00e4skyl\u00e4<br>+358 20 743 8100<\/p>\n\n\n\n<p><strong>2. Tutkimuksen osapuolet ja vastuullinen johtaja:<\/strong><\/p>\n\n\n\n<p>Jamk\/ terveysala, p\u00e4\u00e4llikk\u00f6 Tytti Solankallio-Vahteri<\/p>\n\n\n\n<p><strong>3. Tutkimuksen suorittajat:<\/strong><\/p>\n\n\n\n<p>Tiina Blek, lehtori, terveysala<br>Johanna Lehosmaa, tuntiopettaja, terveysala<\/p>\n\n\n\n<p><strong>4. Tietosuojavastaavan yhteystiedot:<\/strong><\/p>\n\n\n\n<p>Annukka Akselin, tietosuoja@jamk.fi <\/p>\n\n\n\n<p><strong>5. Yhteyshenkil\u00f6 henkil\u00f6tietojen k\u00e4sittelyyn liittyviss\u00e4 asioissa:<\/strong><\/p>\n\n\n\n<p>Tiina Blek, Piippukatu 2, 40100 Jyv\u00e4skyl\u00e4, etunimi.sukunimi@jamk.fi, 040 7532091<br><\/p>\n\n\n\n<p><strong>6. Tutkimuksen luonne ja kestoaika:<\/strong><\/p>\n\n\n\n<p>Seurantatutkimus. <\/p>\n\n\n\n<p>Tutkimuksen kestoaika 1.3.2023 &#8211; 30.6.2024. Henkil\u00f6tietoja k\u00e4sitell\u00e4\u00e4n aineistonkeruuajan (1.3.2023 &#8211; 31.1.2024) sek\u00e4 analyysi- ja raportointivaiheen ajan (1.2.2024 &#8211; 31.12.2024). Tutkimuksen p\u00e4\u00e4ttymisen j\u00e4lkeen henkil\u00f6tietoja sis\u00e4lt\u00e4v\u00e4 tutkimusaineisto h\u00e4vitet\u00e4\u00e4n.<\/p>\n\n\n\n<p><strong>7. Henkil\u00f6tietojen k\u00e4sittelytarkoitus:<\/strong><\/p>\n\n\n\n<p>Ty\u00f6el\u00e4m\u00e4\u00e4 ja aluekehityst\u00e4 edist\u00e4v\u00e4\u00e4 ja alueen elinkeinorakennetta uudistavaa soveltavaa tutkimustoimintaa, kehitt\u00e4mis- ja innovaatiotoimintaa. Tieteellinen tutkimus. Tutkimuksen tarkoituksena on arvioida hankkeessa suunnitellun koulutuksen vaikutusta osallistujan tieto- ja kyberturvallisuusosaamiseen. T\u00e4t\u00e4 arviointitietoa k\u00e4ytet\u00e4\u00e4n raportoitaessa koulutushankkeen tuloksia rahoittajalle. Hankkeen tuloksia voidaan julkaista my\u00f6s ammatti- ja tiedejulkaisuissa.<\/p>\n\n\n\n<p><strong>8. Henkil\u00f6tietojen k\u00e4sittelyperuste ja mit\u00e4 henkil\u00f6tietoja tutkimus sis\u00e4lt\u00e4\u00e4:<\/strong><\/p>\n\n\n\n<p>K\u00e4sittelyperuste on tieteellinen tai historiallinen tutkimus tai tilastointi. Ker\u00e4tt\u00e4v\u00e4t tiedot ovat ik\u00e4, koulutustausta ja ty\u00f6kokemus sosiaali- ja terveysalalta. Henkil\u00f6tietoja ker\u00e4t\u00e4\u00e4n s\u00e4hk\u00f6isell\u00e4 kyselylomakkeella. Tutkittavalla ei ole velvollisuutta toimittaa tarvittavia henkil\u00f6tietoja, osallistuminen on vapaaehtoista.<\/p>\n\n\n\n<p><strong>9. Tietojen siirto\/luovuttaminen tutkimusryhm\u00e4n ulkopuolelle ja tietojen siirto\/luovuttaminen EU:n tai ETA:n ulkopuolelle:<\/strong><\/p>\n\n\n\n<p>Tietoja ei siirret\u00e4 eik\u00e4 luovuteta tutkimusryhm\u00e4n ulkopuolelle tai EU:n\/ETA:n ulkopuolelle.<\/p>\n\n\n\n<p><strong>10. Automatisoitu p\u00e4\u00e4t\u00f6ksenteko, profilointi:<\/strong><\/p>\n\n\n\n<p>Automatisoidulla p\u00e4\u00e4t\u00f6ksell\u00e4 tarkoitetaan henkil\u00f6n tiettyjen ominaisuuksien arviointiin tarkoitettua p\u00e4\u00e4t\u00f6st\u00e4, joka tehd\u00e4\u00e4n ainoastaan automaattisen tietojenk\u00e4sittelyn avulla ja josta aiheutuu rekister\u00f6idylle oikeudellisia vaikutuksia tai joka muuten vaikuttaa h\u00e4neen merkitt\u00e4v\u00e4ll\u00e4 tavalla. Esimerkkej\u00e4 automatisoidusta p\u00e4\u00e4t\u00f6ksenteosta ovat mm. luottokelpoisuusp\u00e4\u00e4t\u00f6kset ja profilointi. Rekister\u00f6idyll\u00e4 on oikeus olla joutumatta automatisoidun p\u00e4\u00e4t\u00f6ksenteon kohteeksi.<br>Tieteellisess\u00e4 tutkimuksessa henkil\u00f6tietojen k\u00e4sittely\u00e4 ei k\u00e4ytet\u00e4 osallistujia koskevaan p\u00e4\u00e4t\u00f6ksentekoon.<\/p>\n\n\n\n<p><strong>11. Henkil\u00f6tietojen suojauksen periaatteet:<\/strong><\/p>\n\n\n\n<p>Eettist\u00e4 ennakkoarviointia ei ole tehty. <\/p>\n\n\n\n<p>Tietoj\u00e4rjestelmiss\u00e4 k\u00e4sitelt\u00e4v\u00e4t tiedot on suojattu k\u00e4ytt\u00e4j\u00e4tunnuksella, salasanalla ja k\u00e4yt\u00f6n rekister\u00f6innill\u00e4.<\/p>\n\n\n\n<p><strong>12. Pseudonymisointi ja anonymisointi<\/strong><br>Tutkimuksessa on tarpeellista s\u00e4ilytt\u00e4\u00e4 tutkimusaineistot, jotta tutkimustulokset voidaan verifioida ja jo ker\u00e4ttyj\u00e4 tutkimusaineistoja voidaan k\u00e4ytt\u00e4\u00e4 jatkotutkimukseen ja uusiin tieteellisiin tutkimuksiin. Tutkimusaineistot anonymisoidaan tai pseudonymisoidaan aina, kun se on mahdollista. Tutkimustulokset julkaistaan siin\u00e4 muodossa, ettei yksitt\u00e4inen henkil\u00f6 ole yleisesti tunnistettavissa. Erityistapauksissa esim. kun haastatellaan kuvataiteilijoita heid\u00e4n teoksistaan, voi olla perusteltua ilmaista tekij\u00e4t.<br>T\u00e4ss\u00e4 projektissa\/tutkimuksessa:<br>Aineisto anonymisoidaan aineiston perustamisvaiheessa (kaikki tunnistetiedot poistetaan t\u00e4ydellisesti, jotta paluuta tunnisteelliseen tietoon ei ole eik\u00e4 aineistoon voida yhdist\u00e4\u00e4 uusia tietoja).<\/p>\n\n\n\n<p><strong>13. Tutkimukseen osallistuvan oikeudet ja niiden mahdollinen rajoittaminen<\/strong><\/p>\n\n\n\n<p>Rekister\u00f6idyll\u00e4 on tietosuoja-asetuksen mukaan oikeus:<br>\u2022 saada tietoa henkil\u00f6tietojen k\u00e4sittelyst\u00e4, ellei laissa ole erikseen s\u00e4\u00e4detty\u00e4 poikkeusta<br>\u2022 tarkastaa itse\u00e4\u00e4n koskevat tiedot<br>\u2022 oikaista tietojaan<br>\u2022 poistaa tietonsa (ei sovelleta, jos k\u00e4sittelyperuste on lakis\u00e4\u00e4teinen tai yleisen edun mukainen teht\u00e4v\u00e4)<br>\u2022 rajoittaa tietojensa k\u00e4sittely\u00e4<br>\u2022 vastustaa tietojensa k\u00e4sittely\u00e4, jos k\u00e4sittelyperuste on yleinen tai oikeutettu etu)<br>\u2022 pyyt\u00e4\u00e4 itse toimittamiensa henkil\u00f6tietojen siirt\u00e4mist\u00e4 rekisterinpit\u00e4j\u00e4lt\u00e4 toiselle, jos k\u00e4sittelyperuste on suostumus<br>\u2022 peruuttaa antamansa suostumus<br>\u2022 henkil\u00f6tietojen oikaisua\/poistoa\/k\u00e4sittelyn rajoitusta koskeva rekisterinpit\u00e4j\u00e4n ilmoitusvelvollisuus<br>\u2022 olla joutumatta automaattisen p\u00e4\u00e4t\u00f6ksenteon kohteeksi (rekister\u00f6ity voi sallia automaattisen p\u00e4\u00e4t\u00f6ksenteon suostumuksellaan)<br>\u2022 tehd\u00e4 valitus Tietosuojavaltuutetun toimistoon, mik\u00e4li katsoo, ett\u00e4 h\u00e4nt\u00e4 koskevien henkil\u00f6tietojen k\u00e4sittelyss\u00e4 on rikottu voimassa olevaa tietosuojalains\u00e4\u00e4d\u00e4nt\u00f6\u00e4<\/p>\n\n\n\n<p>Rekister\u00f6ity voi k\u00e4ytt\u00e4\u00e4 oikeuksiaan ottamalla yhteytt\u00e4 tutkimuksen yhteyshenkil\u00f6\u00f6n tai tietosuojavastaavaan. Lis\u00e4tietoja rekister\u00f6idyn oikeuksista antavat tutkimuksen yhteyshenkil\u00f6 ja\/tai tutkimuksen tietosuojavastaava. Jos henkil\u00f6tietojen k\u00e4sittely tutkimuksessa ei edellyt\u00e4 rekister\u00f6idyn tunnistamista ilman lis\u00e4tietoja eik\u00e4 rekisterinpit\u00e4j\u00e4 pysty tunnistamaan rekister\u00f6ity\u00e4, niin oikeutta tietojen tarkastamiseen, oikaisuun, poistoon, k\u00e4sittelyn rajoittamiseen, ilmoitusvelvollisuuteen ja siirt\u00e4miseen ei sovelleta. Tutkimukseen osallistuvan oikeuksista poikkeaminen on tarpeen ja perusteltua, jos tutkimuksella on yleisen edun mukaiset tarkoitukset ja tutkimukseen osallistuvan oikeudet todenn\u00e4k\u00f6isesti est\u00e4v\u00e4t tarkoitusten saavuttamisen tai vaikeuttavat sit\u00e4 suuresti ja t\u00e4llaiset poikkeukset ovat tarpeen n\u00e4iden tarkoitusten t\u00e4ytt\u00e4miseksi.<\/p>\n\n\n\n<p>T\u00e4ss\u00e4 tutkimuksessa rekister\u00f6idyn oikeuksista ei poiketa.<\/p>\n","protected":false},"excerpt":{"rendered":"<p>1. Tutkimuksen tekij\u00e4: Jyv\u00e4skyl\u00e4n ammattikorkeakoulu OyPL 207, 40101 Jyv\u00e4skyl\u00e4+358 20 743 8100 2. Tutkimuksen osapuolet ja vastuullinen johtaja: Jamk\/ terveysala, p\u00e4\u00e4llikk\u00f6 Tytti Solankallio-Vahteri 3. Tutkimuksen suorittajat: Tiina Blek, lehtori, terveysalaJohanna Lehosmaa, tuntiopettaja, terveysala 4. Tietosuojavastaavan yhteystiedot: Annukka Akselin, tietosuoja@jamk.fi 5. Yhteyshenkil\u00f6 henkil\u00f6tietojen k\u00e4sittelyyn liittyviss\u00e4 asioissa: Tiina Blek, Piippukatu 2, 40100 Jyv\u00e4skyl\u00e4, etunimi.sukunimi@jamk.fi, 040 7532091 6. [&hellip;]<\/p>\n","protected":false},"author":178,"featured_media":0,"parent":539,"menu_order":0,"comment_status":"closed","ping_status":"closed","template":"","meta":{"_acf_changed":false,"_relevanssi_hide_post":"","_relevanssi_hide_content":"","_relevanssi_pin_for_all":"","_relevanssi_pin_keywords":"","_relevanssi_unpin_keywords":"","_relevanssi_related_keywords":"","_relevanssi_related_include_ids":"","_relevanssi_related_exclude_ids":"","_relevanssi_related_no_append":"","_relevanssi_related_not_related":"","_relevanssi_related_posts":"","_relevanssi_noindex_reason":"","footnotes":""},"categories":[1],"tags":[76],"class_list":["post-224","page","type-page","status-publish","hentry","category-yleinen","tag-tietosuojaseloste"],"acf":[],"yoast_head":"<!-- This site is optimized with the Yoast SEO plugin v27.3 - https:\/\/yoast.com\/product\/yoast-seo-wordpress\/ -->\n<title>Tietosuojaseloste Kyberturvallisuutta sosiaali- ja terveysalan ammattilaisille -tutkimus - Tietosuoja<\/title>\n<meta name=\"robots\" content=\"index, follow, max-snippet:-1, max-image-preview:large, max-video-preview:-1\" \/>\n<link rel=\"canonical\" href=\"https:\/\/help.jamk.fi\/tietosuoja\/fi\/tki-hankkeet\/tietosuojaseloste-kyberturvallisuutta-sosiaali-ja-terveysalan-ammattilaisille-tutkimus\/\" \/>\n<meta property=\"og:locale\" content=\"fi_FI\" \/>\n<meta property=\"og:type\" content=\"article\" \/>\n<meta property=\"og:title\" content=\"Tietosuojaseloste Kyberturvallisuutta sosiaali- ja terveysalan ammattilaisille -tutkimus - Tietosuoja\" \/>\n<meta property=\"og:description\" content=\"1. Tutkimuksen tekij\u00e4: Jyv\u00e4skyl\u00e4n ammattikorkeakoulu OyPL 207, 40101 Jyv\u00e4skyl\u00e4+358 20 743 8100 2. Tutkimuksen osapuolet ja vastuullinen johtaja: Jamk\/ terveysala, p\u00e4\u00e4llikk\u00f6 Tytti Solankallio-Vahteri 3. Tutkimuksen suorittajat: Tiina Blek, lehtori, terveysalaJohanna Lehosmaa, tuntiopettaja, terveysala 4. Tietosuojavastaavan yhteystiedot: Annukka Akselin, tietosuoja@jamk.fi 5. Yhteyshenkil\u00f6 henkil\u00f6tietojen k\u00e4sittelyyn liittyviss\u00e4 asioissa: Tiina Blek, Piippukatu 2, 40100 Jyv\u00e4skyl\u00e4, etunimi.sukunimi@jamk.fi, 040 7532091 6. [&hellip;]\" \/>\n<meta property=\"og:url\" content=\"https:\/\/help.jamk.fi\/tietosuoja\/fi\/tki-hankkeet\/tietosuojaseloste-kyberturvallisuutta-sosiaali-ja-terveysalan-ammattilaisille-tutkimus\/\" \/>\n<meta property=\"og:site_name\" content=\"Tietosuoja\" \/>\n<meta property=\"article:modified_time\" content=\"2024-01-10T14:07:03+00:00\" \/>\n<meta name=\"twitter:card\" content=\"summary_large_image\" \/>\n<meta name=\"twitter:label1\" content=\"Arvioitu lukuaika\" \/>\n\t<meta name=\"twitter:data1\" content=\"4 minuuttia\" \/>\n<script type=\"application\/ld+json\" class=\"yoast-schema-graph\">{\"@context\":\"https:\\\/\\\/schema.org\",\"@graph\":[{\"@type\":\"WebPage\",\"@id\":\"https:\\\/\\\/help.jamk.fi\\\/tietosuoja\\\/fi\\\/tki-hankkeet\\\/tietosuojaseloste-kyberturvallisuutta-sosiaali-ja-terveysalan-ammattilaisille-tutkimus\\\/\",\"url\":\"https:\\\/\\\/help.jamk.fi\\\/tietosuoja\\\/fi\\\/tki-hankkeet\\\/tietosuojaseloste-kyberturvallisuutta-sosiaali-ja-terveysalan-ammattilaisille-tutkimus\\\/\",\"name\":\"Tietosuojaseloste Kyberturvallisuutta sosiaali- ja terveysalan ammattilaisille -tutkimus - Tietosuoja\",\"isPartOf\":{\"@id\":\"https:\\\/\\\/help.jamk.fi\\\/tietosuoja\\\/#website\"},\"datePublished\":\"2023-02-20T07:12:53+00:00\",\"dateModified\":\"2024-01-10T14:07:03+00:00\",\"breadcrumb\":{\"@id\":\"https:\\\/\\\/help.jamk.fi\\\/tietosuoja\\\/fi\\\/tki-hankkeet\\\/tietosuojaseloste-kyberturvallisuutta-sosiaali-ja-terveysalan-ammattilaisille-tutkimus\\\/#breadcrumb\"},\"inLanguage\":\"fi\",\"potentialAction\":[{\"@type\":\"ReadAction\",\"target\":[\"https:\\\/\\\/help.jamk.fi\\\/tietosuoja\\\/fi\\\/tki-hankkeet\\\/tietosuojaseloste-kyberturvallisuutta-sosiaali-ja-terveysalan-ammattilaisille-tutkimus\\\/\"]}]},{\"@type\":\"BreadcrumbList\",\"@id\":\"https:\\\/\\\/help.jamk.fi\\\/tietosuoja\\\/fi\\\/tki-hankkeet\\\/tietosuojaseloste-kyberturvallisuutta-sosiaali-ja-terveysalan-ammattilaisille-tutkimus\\\/#breadcrumb\",\"itemListElement\":[{\"@type\":\"ListItem\",\"position\":1,\"name\":\"Etusivu\",\"item\":\"https:\\\/\\\/help.jamk.fi\\\/tietosuoja\\\/fi\\\/\"},{\"@type\":\"ListItem\",\"position\":2,\"name\":\"TKI-hankkeet\",\"item\":\"https:\\\/\\\/help.jamk.fi\\\/tietosuoja\\\/fi\\\/tki-hankkeet\\\/\"},{\"@type\":\"ListItem\",\"position\":3,\"name\":\"Tietosuojaseloste Kyberturvallisuutta sosiaali- ja terveysalan ammattilaisille -tutkimus\"}]},{\"@type\":\"WebSite\",\"@id\":\"https:\\\/\\\/help.jamk.fi\\\/tietosuoja\\\/#website\",\"url\":\"https:\\\/\\\/help.jamk.fi\\\/tietosuoja\\\/\",\"name\":\"Tietosuoja\",\"description\":\"\",\"potentialAction\":[{\"@type\":\"SearchAction\",\"target\":{\"@type\":\"EntryPoint\",\"urlTemplate\":\"https:\\\/\\\/help.jamk.fi\\\/tietosuoja\\\/?s={search_term_string}\"},\"query-input\":{\"@type\":\"PropertyValueSpecification\",\"valueRequired\":true,\"valueName\":\"search_term_string\"}}],\"inLanguage\":\"fi\"}]}<\/script>\n<!-- \/ Yoast SEO plugin. -->","yoast_head_json":{"title":"Tietosuojaseloste Kyberturvallisuutta sosiaali- ja terveysalan ammattilaisille -tutkimus - Tietosuoja","robots":{"index":"index","follow":"follow","max-snippet":"max-snippet:-1","max-image-preview":"max-image-preview:large","max-video-preview":"max-video-preview:-1"},"canonical":"https:\/\/help.jamk.fi\/tietosuoja\/fi\/tki-hankkeet\/tietosuojaseloste-kyberturvallisuutta-sosiaali-ja-terveysalan-ammattilaisille-tutkimus\/","og_locale":"fi_FI","og_type":"article","og_title":"Tietosuojaseloste Kyberturvallisuutta sosiaali- ja terveysalan ammattilaisille -tutkimus - Tietosuoja","og_description":"1. Tutkimuksen tekij\u00e4: Jyv\u00e4skyl\u00e4n ammattikorkeakoulu OyPL 207, 40101 Jyv\u00e4skyl\u00e4+358 20 743 8100 2. Tutkimuksen osapuolet ja vastuullinen johtaja: Jamk\/ terveysala, p\u00e4\u00e4llikk\u00f6 Tytti Solankallio-Vahteri 3. Tutkimuksen suorittajat: Tiina Blek, lehtori, terveysalaJohanna Lehosmaa, tuntiopettaja, terveysala 4. Tietosuojavastaavan yhteystiedot: Annukka Akselin, tietosuoja@jamk.fi 5. Yhteyshenkil\u00f6 henkil\u00f6tietojen k\u00e4sittelyyn liittyviss\u00e4 asioissa: Tiina Blek, Piippukatu 2, 40100 Jyv\u00e4skyl\u00e4, etunimi.sukunimi@jamk.fi, 040 7532091 6. [&hellip;]","og_url":"https:\/\/help.jamk.fi\/tietosuoja\/fi\/tki-hankkeet\/tietosuojaseloste-kyberturvallisuutta-sosiaali-ja-terveysalan-ammattilaisille-tutkimus\/","og_site_name":"Tietosuoja","article_modified_time":"2024-01-10T14:07:03+00:00","twitter_card":"summary_large_image","twitter_misc":{"Arvioitu lukuaika":"4 minuuttia"},"schema":{"@context":"https:\/\/schema.org","@graph":[{"@type":"WebPage","@id":"https:\/\/help.jamk.fi\/tietosuoja\/fi\/tki-hankkeet\/tietosuojaseloste-kyberturvallisuutta-sosiaali-ja-terveysalan-ammattilaisille-tutkimus\/","url":"https:\/\/help.jamk.fi\/tietosuoja\/fi\/tki-hankkeet\/tietosuojaseloste-kyberturvallisuutta-sosiaali-ja-terveysalan-ammattilaisille-tutkimus\/","name":"Tietosuojaseloste Kyberturvallisuutta sosiaali- ja terveysalan ammattilaisille -tutkimus - Tietosuoja","isPartOf":{"@id":"https:\/\/help.jamk.fi\/tietosuoja\/#website"},"datePublished":"2023-02-20T07:12:53+00:00","dateModified":"2024-01-10T14:07:03+00:00","breadcrumb":{"@id":"https:\/\/help.jamk.fi\/tietosuoja\/fi\/tki-hankkeet\/tietosuojaseloste-kyberturvallisuutta-sosiaali-ja-terveysalan-ammattilaisille-tutkimus\/#breadcrumb"},"inLanguage":"fi","potentialAction":[{"@type":"ReadAction","target":["https:\/\/help.jamk.fi\/tietosuoja\/fi\/tki-hankkeet\/tietosuojaseloste-kyberturvallisuutta-sosiaali-ja-terveysalan-ammattilaisille-tutkimus\/"]}]},{"@type":"BreadcrumbList","@id":"https:\/\/help.jamk.fi\/tietosuoja\/fi\/tki-hankkeet\/tietosuojaseloste-kyberturvallisuutta-sosiaali-ja-terveysalan-ammattilaisille-tutkimus\/#breadcrumb","itemListElement":[{"@type":"ListItem","position":1,"name":"Etusivu","item":"https:\/\/help.jamk.fi\/tietosuoja\/fi\/"},{"@type":"ListItem","position":2,"name":"TKI-hankkeet","item":"https:\/\/help.jamk.fi\/tietosuoja\/fi\/tki-hankkeet\/"},{"@type":"ListItem","position":3,"name":"Tietosuojaseloste Kyberturvallisuutta sosiaali- ja terveysalan ammattilaisille -tutkimus"}]},{"@type":"WebSite","@id":"https:\/\/help.jamk.fi\/tietosuoja\/#website","url":"https:\/\/help.jamk.fi\/tietosuoja\/","name":"Tietosuoja","description":"","potentialAction":[{"@type":"SearchAction","target":{"@type":"EntryPoint","urlTemplate":"https:\/\/help.jamk.fi\/tietosuoja\/?s={search_term_string}"},"query-input":{"@type":"PropertyValueSpecification","valueRequired":true,"valueName":"search_term_string"}}],"inLanguage":"fi"}]}},"_links":{"self":[{"href":"https:\/\/help.jamk.fi\/tietosuoja\/wp-json\/wp\/v2\/pages\/224","targetHints":{"allow":["GET"]}}],"collection":[{"href":"https:\/\/help.jamk.fi\/tietosuoja\/wp-json\/wp\/v2\/pages"}],"about":[{"href":"https:\/\/help.jamk.fi\/tietosuoja\/wp-json\/wp\/v2\/types\/page"}],"author":[{"embeddable":true,"href":"https:\/\/help.jamk.fi\/tietosuoja\/wp-json\/wp\/v2\/users\/178"}],"replies":[{"embeddable":true,"href":"https:\/\/help.jamk.fi\/tietosuoja\/wp-json\/wp\/v2\/comments?post=224"}],"version-history":[{"count":2,"href":"https:\/\/help.jamk.fi\/tietosuoja\/wp-json\/wp\/v2\/pages\/224\/revisions"}],"predecessor-version":[{"id":849,"href":"https:\/\/help.jamk.fi\/tietosuoja\/wp-json\/wp\/v2\/pages\/224\/revisions\/849"}],"up":[{"embeddable":true,"href":"https:\/\/help.jamk.fi\/tietosuoja\/wp-json\/wp\/v2\/pages\/539"}],"wp:attachment":[{"href":"https:\/\/help.jamk.fi\/tietosuoja\/wp-json\/wp\/v2\/media?parent=224"}],"wp:term":[{"taxonomy":"category","embeddable":true,"href":"https:\/\/help.jamk.fi\/tietosuoja\/wp-json\/wp\/v2\/categories?post=224"},{"taxonomy":"post_tag","embeddable":true,"href":"https:\/\/help.jamk.fi\/tietosuoja\/wp-json\/wp\/v2\/tags?post=224"}],"curies":[{"name":"wp","href":"https:\/\/api.w.org\/{rel}","templated":true}]}}