{"id":227,"date":"2023-03-06T11:10:36","date_gmt":"2023-03-06T09:10:36","guid":{"rendered":"https:\/\/help.jamk.fi\/tietosuoja\/tietosuojaseloste-kalustonhallintajarjestelma\/"},"modified":"2023-12-18T12:34:50","modified_gmt":"2023-12-18T10:34:50","slug":"tietosuojaseloste-kalustonhallintajarjestelma","status":"publish","type":"page","link":"https:\/\/help.jamk.fi\/tietosuoja\/fi\/muut-palvelut\/tietosuojaseloste-kalustonhallintajarjestelma\/","title":{"rendered":"Tietosuojaseloste kalustonhallintaj\u00e4rjestelm\u00e4"},"content":{"rendered":"\n<p>Tietosuoja-asetus 2016\/679<\/p>\n\n\n\n<p>P\u00e4ivitetty 7.11.2022<\/p>\n\n\n\n<p>1. Rekisterinpit\u00e4j\u00e4<\/p>\n\n\n\n<p>Jyv\u00e4skyl\u00e4n Ammattikorkeakoulu Oy<\/p>\n\n\n\n<p>PL 207, 40101 Jyv\u00e4skyl\u00e4<\/p>\n\n\n\n<p>+358 20 743 8100<\/p>\n\n\n\n<p>2. Rekisterinpit\u00e4j\u00e4n yhteyshenkil\u00f6t<\/p>\n\n\n\n<p>Prosessin omistaja: hallintojohtaja<\/p>\n\n\n\n<p>Sis\u00e4ll\u00f6llinen p\u00e4\u00e4k\u00e4ytt\u00e4j\u00e4: turvallisuuskoordinaattori, toimitilapalvelut<\/p>\n\n\n\n<p>Tekninen p\u00e4\u00e4k\u00e4ytt\u00e4j\u00e4: j\u00e4rjestelm\u00e4suunnittelija, ICT-palvelut<\/p>\n\n\n\n<p>etunimi.sukunimi@jamk.fi<br><\/p>\n\n\n\n<p>3. Rekisterin tiedot<\/p>\n\n\n\n<p>Jamk ker\u00e4\u00e4 rekisterinpit\u00e4j\u00e4n\u00e4 henkil\u00f6tietoja Trail -kalustonhallintaj\u00e4rjestelm\u00e4\u00e4n (pilvipalvelu). J\u00e4rjestelm\u00e4n toimittaja ja henkil\u00f6tietojen k\u00e4sittelij\u00e4 on Trail Systems Oy, jonka kanssa on laadittu k\u00e4ytt\u00f6palvelusopimus tietosuojaliitteineen.<\/p>\n\n\n\n<p>Kalustonhallinnan j\u00e4rjestelm\u00e4n tarkoituksena on yll\u00e4pit\u00e4\u00e4 Jamkin kalustoa vakuuttamisen ja lainaamisen n\u00e4k\u00f6kulmasta. J\u00e4rjestelm\u00e4st\u00e4 saadaan tietoa Jamkin kalustosta ja laitekannasta. Jokaisessa Jamkin yksik\u00f6ss\u00e4 on p\u00e4\u00e4k\u00e4ytt\u00e4j\u00e4t, jotka lis\u00e4\u00e4v\u00e4t tietoa j\u00e4rjestelm\u00e4\u00e4n. Henkil\u00f6kunta (lukuoikeudet) kirjautuu Azure-AD:n kautta j\u00e4rjestelm\u00e4\u00e4n.<\/p>\n\n\n\n<p>Rekisteriin ker\u00e4t\u00e4\u00e4n seuraavia tietoja:<\/p>\n\n\n\n<ul class=\"wp-block-list\">\n<li>nimi<\/li>\n\n\n\n<li>puhelinnumero<\/li>\n\n\n\n<li>s\u00e4hk\u00f6postiosoite Jamk<\/li>\n\n\n\n<li>yksikk\u00f6<\/li>\n\n\n\n<li>kustannuspaikka<\/li>\n\n\n\n<li>k\u00e4ytt\u00e4j\u00e4tunnus<\/li>\n\n\n\n<li>IP-osoite<\/li>\n<\/ul>\n\n\n\n<p>4. Henkil\u00f6tietojen k\u00e4sittelyn tarkoitus ja perusteet, rekister\u00f6ityjen ryhm\u00e4t<\/p>\n\n\n\n<p>Jamk ker\u00e4\u00e4 ja k\u00e4sittelee rekisterinpit\u00e4j\u00e4n\u00e4 henkil\u00f6tietoja suorittaakseen kalustonhallintaan, vakuuttamiseen, laitteiden lainaukseen ja k\u00e4ytt\u00f6ik\u00e4\u00e4n liittyvi\u00e4 toimenpiteit\u00e4. Henkil\u00f6tietoja k\u00e4sitell\u00e4\u00e4n Jamkin lakis\u00e4\u00e4teisen teht\u00e4v\u00e4n (Ammattikorkeakoululaki 932\/2014) suorittamista varten sek\u00e4 oikeutetun edun (ty\u00f6suhde) nojalla. Henkil\u00f6tietoja k\u00e4sitell\u00e4\u00e4n Jamkin henkil\u00f6tietojen k\u00e4sittelyohjeen ja yleisen tietosuojaselosteen <a href=\"https:\/\/www.jamk.fi\/fi\/jamk\/tietosuoja-jamkissa\">https:\/\/www.jamk.fi\/fi\/jamk\/tietosuoja-jamkissa<\/a> mukaisesti.<\/p>\n\n\n\n<p>Rekister\u00f6ityjen ryhm\u00e4t:<\/p>\n\n\n\n<p>Jamkin ty\u00f6ntekij\u00e4t<\/p>\n\n\n\n<p>Jamkin opiskelijat<\/p>\n\n\n\n<p>5. Henkil\u00f6tietojen k\u00e4sittelij\u00e4t<\/p>\n\n\n\n<p>Henkil\u00f6tietoja k\u00e4sittelev\u00e4t Jamkissa p\u00e4\u00e4k\u00e4ytt\u00e4j\u00e4t. K\u00e4ytt\u00f6oikeuksien hallinnointi on keskitetty. Palvelusta ei synny manuaalista tietoaineistoa.<\/p>\n\n\n\n<p>Henkil\u00f6tietojen k\u00e4sittely\u00e4 ei ole ulkoistettu.<\/p>\n\n\n\n<p>6. Tietol\u00e4hteet<\/p>\n\n\n\n<p>S\u00e4\u00e4nn\u00f6nmukaisena tietol\u00e4hteen\u00e4 on Azure &#8211; AD -k\u00e4ytt\u00e4j\u00e4hakemisto sek\u00e4 henkil\u00f6 itse antamalla henkil\u00f6tietoja.<\/p>\n\n\n\n<p>7. Henkil\u00f6tietojen s\u00e4ilytysaika<\/p>\n\n\n\n<p>Tietoja s\u00e4ilytet\u00e4\u00e4n ty\u00f6suhteen voimassaolon ajan. Ty\u00f6suhteen p\u00e4\u00e4tytty\u00e4 p\u00e4\u00e4k\u00e4ytt\u00e4j\u00e4 poistaa kohtuullisessa ajassa ne henkil\u00f6tiedot, joita voimassa olevan lains\u00e4\u00e4d\u00e4nn\u00f6n vuoksi ei ole perusteltua s\u00e4ilytt\u00e4\u00e4.<\/p>\n\n\n\n<p>8. Rekister\u00f6idyn oikeudet ja niiden toteuttaminen<\/p>\n\n\n\n<p>Rekister\u00f6idyll\u00e4 on tietosuoja-asetuksen nojalla oikeus:<\/p>\n\n\n\n<ul class=\"wp-block-list\">\n<li>Suostumuksen peruuttamiseen<\/li>\n\n\n\n<li>P\u00e4\u00e4sy omiin henkil\u00f6tietoihin<\/li>\n\n\n\n<li>Oikeus saada virheet korjatuksi<\/li>\n\n\n\n<li>Oikeus kielt\u00e4\u00e4 suoramarkkinointi<\/li>\n\n\n\n<li>Oikeus vastustaa k\u00e4sittely\u00e4<\/li>\n\n\n\n<li>Oikeus rajoittaa k\u00e4sittely\u00e4<\/li>\n\n\n\n<li>Oikeus saada tiedot siirretyksi.<\/li>\n<\/ul>\n\n\n\n<p>Rekister\u00f6idyn oikeuksien toteuttamiseksi pyydet\u00e4\u00e4n tekem\u00e4\u00e4n pyynt\u00f6 Jamkin tietosuojavastaavalle tietosuoja@jamk.fi. Jamkin tietosuojavastaavasta ja rekister\u00f6idyn oikeuksista ja niiden toteuttamisesta kerrotaan lis\u00e4\u00e4 Jamkin henkil\u00f6tietojen k\u00e4sittelyohjeessa ja yleisess\u00e4 tietosuojaselosteessa <a href=\"https:\/\/www.jamk.fi\/fi\/jamk\/tietosuoja-jamkissa\">https:\/\/www.jamk.fi\/fi\/jamk\/tietosuoja-jamkissa<\/a><\/p>\n\n\n\n<p>9. Tietoturva<\/p>\n\n\n\n<p>Ker\u00e4tt\u00e4v\u00e4 ja k\u00e4sitelt\u00e4v\u00e4 henkil\u00f6tieto pidet\u00e4\u00e4n luottamuksellisena eik\u00e4 sit\u00e4 ilmaista muille kuin sit\u00e4 ty\u00f6ss\u00e4\u00e4n tarvitseville. P\u00e4\u00e4sy henkil\u00f6tietoihin on suojattu k\u00e4ytt\u00e4j\u00e4kohtaisin tunnuksin, salasanoin ja k\u00e4ytt\u00f6oikeuksin.<\/p>\n\n\n\n<p>10. Tietojensiirto<\/p>\n\n\n\n<p>Henkil\u00f6tietoja tallennetaan vain EU- ja ETA-alueella ja k\u00e4sitell\u00e4\u00e4n vain EU- ja ETA-alueella.<\/p>\n\n\n\n<p>11. Automaattinen p\u00e4\u00e4t\u00f6ksenteko ja profilointi<\/p>\n\n\n\n<p>Rekisterin henkil\u00f6tietoihin ei kohdistu automaattista p\u00e4\u00e4t\u00f6ksentekoa eik\u00e4 profilointia.<\/p>\n","protected":false},"excerpt":{"rendered":"<p>Tietosuoja-asetus 2016\/679 P\u00e4ivitetty 7.11.2022 1. Rekisterinpit\u00e4j\u00e4 Jyv\u00e4skyl\u00e4n Ammattikorkeakoulu Oy PL 207, 40101 Jyv\u00e4skyl\u00e4 +358 20 743 8100 2. Rekisterinpit\u00e4j\u00e4n yhteyshenkil\u00f6t Prosessin omistaja: hallintojohtaja Sis\u00e4ll\u00f6llinen p\u00e4\u00e4k\u00e4ytt\u00e4j\u00e4: turvallisuuskoordinaattori, toimitilapalvelut Tekninen p\u00e4\u00e4k\u00e4ytt\u00e4j\u00e4: j\u00e4rjestelm\u00e4suunnittelija, ICT-palvelut etunimi.sukunimi@jamk.fi 3. Rekisterin tiedot Jamk ker\u00e4\u00e4 rekisterinpit\u00e4j\u00e4n\u00e4 henkil\u00f6tietoja Trail -kalustonhallintaj\u00e4rjestelm\u00e4\u00e4n (pilvipalvelu). J\u00e4rjestelm\u00e4n toimittaja ja henkil\u00f6tietojen k\u00e4sittelij\u00e4 on Trail Systems Oy, jonka kanssa on laadittu [&hellip;]<\/p>\n","protected":false},"author":178,"featured_media":0,"parent":546,"menu_order":0,"comment_status":"closed","ping_status":"closed","template":"","meta":{"_acf_changed":false,"_relevanssi_hide_post":"","_relevanssi_hide_content":"","_relevanssi_pin_for_all":"","_relevanssi_pin_keywords":"","_relevanssi_unpin_keywords":"","_relevanssi_related_keywords":"","_relevanssi_related_include_ids":"","_relevanssi_related_exclude_ids":"","_relevanssi_related_no_append":"","_relevanssi_related_not_related":"","_relevanssi_related_posts":"","_relevanssi_noindex_reason":"","footnotes":""},"categories":[1],"tags":[76],"class_list":["post-227","page","type-page","status-publish","hentry","category-yleinen","tag-tietosuojaseloste"],"acf":[],"yoast_head":"<!-- This site is optimized with the Yoast SEO plugin v27.3 - https:\/\/yoast.com\/product\/yoast-seo-wordpress\/ -->\n<title>Tietosuojaseloste kalustonhallintaj\u00e4rjestelm\u00e4 - Tietosuoja<\/title>\n<meta name=\"robots\" content=\"index, follow, max-snippet:-1, max-image-preview:large, max-video-preview:-1\" \/>\n<link rel=\"canonical\" href=\"https:\/\/help.jamk.fi\/tietosuoja\/fi\/muut-palvelut\/tietosuojaseloste-kalustonhallintajarjestelma\/\" \/>\n<meta property=\"og:locale\" content=\"fi_FI\" \/>\n<meta property=\"og:type\" content=\"article\" \/>\n<meta property=\"og:title\" content=\"Tietosuojaseloste kalustonhallintaj\u00e4rjestelm\u00e4 - Tietosuoja\" \/>\n<meta property=\"og:description\" content=\"Tietosuoja-asetus 2016\/679 P\u00e4ivitetty 7.11.2022 1. Rekisterinpit\u00e4j\u00e4 Jyv\u00e4skyl\u00e4n Ammattikorkeakoulu Oy PL 207, 40101 Jyv\u00e4skyl\u00e4 +358 20 743 8100 2. Rekisterinpit\u00e4j\u00e4n yhteyshenkil\u00f6t Prosessin omistaja: hallintojohtaja Sis\u00e4ll\u00f6llinen p\u00e4\u00e4k\u00e4ytt\u00e4j\u00e4: turvallisuuskoordinaattori, toimitilapalvelut Tekninen p\u00e4\u00e4k\u00e4ytt\u00e4j\u00e4: j\u00e4rjestelm\u00e4suunnittelija, ICT-palvelut etunimi.sukunimi@jamk.fi 3. Rekisterin tiedot Jamk ker\u00e4\u00e4 rekisterinpit\u00e4j\u00e4n\u00e4 henkil\u00f6tietoja Trail -kalustonhallintaj\u00e4rjestelm\u00e4\u00e4n (pilvipalvelu). J\u00e4rjestelm\u00e4n toimittaja ja henkil\u00f6tietojen k\u00e4sittelij\u00e4 on Trail Systems Oy, jonka kanssa on laadittu [&hellip;]\" \/>\n<meta property=\"og:url\" content=\"https:\/\/help.jamk.fi\/tietosuoja\/fi\/muut-palvelut\/tietosuojaseloste-kalustonhallintajarjestelma\/\" \/>\n<meta property=\"og:site_name\" content=\"Tietosuoja\" \/>\n<meta property=\"article:modified_time\" content=\"2023-12-18T10:34:50+00:00\" \/>\n<meta name=\"twitter:card\" content=\"summary_large_image\" \/>\n<meta name=\"twitter:label1\" content=\"Arvioitu lukuaika\" \/>\n\t<meta name=\"twitter:data1\" content=\"2 minuuttia\" \/>\n<script type=\"application\/ld+json\" class=\"yoast-schema-graph\">{\"@context\":\"https:\\\/\\\/schema.org\",\"@graph\":[{\"@type\":\"WebPage\",\"@id\":\"https:\\\/\\\/help.jamk.fi\\\/tietosuoja\\\/fi\\\/muut-palvelut\\\/tietosuojaseloste-kalustonhallintajarjestelma\\\/\",\"url\":\"https:\\\/\\\/help.jamk.fi\\\/tietosuoja\\\/fi\\\/muut-palvelut\\\/tietosuojaseloste-kalustonhallintajarjestelma\\\/\",\"name\":\"Tietosuojaseloste kalustonhallintaj\u00e4rjestelm\u00e4 - Tietosuoja\",\"isPartOf\":{\"@id\":\"https:\\\/\\\/help.jamk.fi\\\/tietosuoja\\\/#website\"},\"datePublished\":\"2023-03-06T09:10:36+00:00\",\"dateModified\":\"2023-12-18T10:34:50+00:00\",\"breadcrumb\":{\"@id\":\"https:\\\/\\\/help.jamk.fi\\\/tietosuoja\\\/fi\\\/muut-palvelut\\\/tietosuojaseloste-kalustonhallintajarjestelma\\\/#breadcrumb\"},\"inLanguage\":\"fi\",\"potentialAction\":[{\"@type\":\"ReadAction\",\"target\":[\"https:\\\/\\\/help.jamk.fi\\\/tietosuoja\\\/fi\\\/muut-palvelut\\\/tietosuojaseloste-kalustonhallintajarjestelma\\\/\"]}]},{\"@type\":\"BreadcrumbList\",\"@id\":\"https:\\\/\\\/help.jamk.fi\\\/tietosuoja\\\/fi\\\/muut-palvelut\\\/tietosuojaseloste-kalustonhallintajarjestelma\\\/#breadcrumb\",\"itemListElement\":[{\"@type\":\"ListItem\",\"position\":1,\"name\":\"Etusivu\",\"item\":\"https:\\\/\\\/help.jamk.fi\\\/tietosuoja\\\/fi\\\/\"},{\"@type\":\"ListItem\",\"position\":2,\"name\":\"Muut palvelut\",\"item\":\"https:\\\/\\\/help.jamk.fi\\\/tietosuoja\\\/fi\\\/muut-palvelut\\\/\"},{\"@type\":\"ListItem\",\"position\":3,\"name\":\"Tietosuojaseloste kalustonhallintaj\u00e4rjestelm\u00e4\"}]},{\"@type\":\"WebSite\",\"@id\":\"https:\\\/\\\/help.jamk.fi\\\/tietosuoja\\\/#website\",\"url\":\"https:\\\/\\\/help.jamk.fi\\\/tietosuoja\\\/\",\"name\":\"Tietosuoja\",\"description\":\"\",\"potentialAction\":[{\"@type\":\"SearchAction\",\"target\":{\"@type\":\"EntryPoint\",\"urlTemplate\":\"https:\\\/\\\/help.jamk.fi\\\/tietosuoja\\\/?s={search_term_string}\"},\"query-input\":{\"@type\":\"PropertyValueSpecification\",\"valueRequired\":true,\"valueName\":\"search_term_string\"}}],\"inLanguage\":\"fi\"}]}<\/script>\n<!-- \/ Yoast SEO plugin. -->","yoast_head_json":{"title":"Tietosuojaseloste kalustonhallintaj\u00e4rjestelm\u00e4 - Tietosuoja","robots":{"index":"index","follow":"follow","max-snippet":"max-snippet:-1","max-image-preview":"max-image-preview:large","max-video-preview":"max-video-preview:-1"},"canonical":"https:\/\/help.jamk.fi\/tietosuoja\/fi\/muut-palvelut\/tietosuojaseloste-kalustonhallintajarjestelma\/","og_locale":"fi_FI","og_type":"article","og_title":"Tietosuojaseloste kalustonhallintaj\u00e4rjestelm\u00e4 - Tietosuoja","og_description":"Tietosuoja-asetus 2016\/679 P\u00e4ivitetty 7.11.2022 1. Rekisterinpit\u00e4j\u00e4 Jyv\u00e4skyl\u00e4n Ammattikorkeakoulu Oy PL 207, 40101 Jyv\u00e4skyl\u00e4 +358 20 743 8100 2. Rekisterinpit\u00e4j\u00e4n yhteyshenkil\u00f6t Prosessin omistaja: hallintojohtaja Sis\u00e4ll\u00f6llinen p\u00e4\u00e4k\u00e4ytt\u00e4j\u00e4: turvallisuuskoordinaattori, toimitilapalvelut Tekninen p\u00e4\u00e4k\u00e4ytt\u00e4j\u00e4: j\u00e4rjestelm\u00e4suunnittelija, ICT-palvelut etunimi.sukunimi@jamk.fi 3. Rekisterin tiedot Jamk ker\u00e4\u00e4 rekisterinpit\u00e4j\u00e4n\u00e4 henkil\u00f6tietoja Trail -kalustonhallintaj\u00e4rjestelm\u00e4\u00e4n (pilvipalvelu). J\u00e4rjestelm\u00e4n toimittaja ja henkil\u00f6tietojen k\u00e4sittelij\u00e4 on Trail Systems Oy, jonka kanssa on laadittu [&hellip;]","og_url":"https:\/\/help.jamk.fi\/tietosuoja\/fi\/muut-palvelut\/tietosuojaseloste-kalustonhallintajarjestelma\/","og_site_name":"Tietosuoja","article_modified_time":"2023-12-18T10:34:50+00:00","twitter_card":"summary_large_image","twitter_misc":{"Arvioitu lukuaika":"2 minuuttia"},"schema":{"@context":"https:\/\/schema.org","@graph":[{"@type":"WebPage","@id":"https:\/\/help.jamk.fi\/tietosuoja\/fi\/muut-palvelut\/tietosuojaseloste-kalustonhallintajarjestelma\/","url":"https:\/\/help.jamk.fi\/tietosuoja\/fi\/muut-palvelut\/tietosuojaseloste-kalustonhallintajarjestelma\/","name":"Tietosuojaseloste kalustonhallintaj\u00e4rjestelm\u00e4 - Tietosuoja","isPartOf":{"@id":"https:\/\/help.jamk.fi\/tietosuoja\/#website"},"datePublished":"2023-03-06T09:10:36+00:00","dateModified":"2023-12-18T10:34:50+00:00","breadcrumb":{"@id":"https:\/\/help.jamk.fi\/tietosuoja\/fi\/muut-palvelut\/tietosuojaseloste-kalustonhallintajarjestelma\/#breadcrumb"},"inLanguage":"fi","potentialAction":[{"@type":"ReadAction","target":["https:\/\/help.jamk.fi\/tietosuoja\/fi\/muut-palvelut\/tietosuojaseloste-kalustonhallintajarjestelma\/"]}]},{"@type":"BreadcrumbList","@id":"https:\/\/help.jamk.fi\/tietosuoja\/fi\/muut-palvelut\/tietosuojaseloste-kalustonhallintajarjestelma\/#breadcrumb","itemListElement":[{"@type":"ListItem","position":1,"name":"Etusivu","item":"https:\/\/help.jamk.fi\/tietosuoja\/fi\/"},{"@type":"ListItem","position":2,"name":"Muut palvelut","item":"https:\/\/help.jamk.fi\/tietosuoja\/fi\/muut-palvelut\/"},{"@type":"ListItem","position":3,"name":"Tietosuojaseloste kalustonhallintaj\u00e4rjestelm\u00e4"}]},{"@type":"WebSite","@id":"https:\/\/help.jamk.fi\/tietosuoja\/#website","url":"https:\/\/help.jamk.fi\/tietosuoja\/","name":"Tietosuoja","description":"","potentialAction":[{"@type":"SearchAction","target":{"@type":"EntryPoint","urlTemplate":"https:\/\/help.jamk.fi\/tietosuoja\/?s={search_term_string}"},"query-input":{"@type":"PropertyValueSpecification","valueRequired":true,"valueName":"search_term_string"}}],"inLanguage":"fi"}]}},"_links":{"self":[{"href":"https:\/\/help.jamk.fi\/tietosuoja\/wp-json\/wp\/v2\/pages\/227","targetHints":{"allow":["GET"]}}],"collection":[{"href":"https:\/\/help.jamk.fi\/tietosuoja\/wp-json\/wp\/v2\/pages"}],"about":[{"href":"https:\/\/help.jamk.fi\/tietosuoja\/wp-json\/wp\/v2\/types\/page"}],"author":[{"embeddable":true,"href":"https:\/\/help.jamk.fi\/tietosuoja\/wp-json\/wp\/v2\/users\/178"}],"replies":[{"embeddable":true,"href":"https:\/\/help.jamk.fi\/tietosuoja\/wp-json\/wp\/v2\/comments?post=227"}],"version-history":[{"count":1,"href":"https:\/\/help.jamk.fi\/tietosuoja\/wp-json\/wp\/v2\/pages\/227\/revisions"}],"predecessor-version":[{"id":384,"href":"https:\/\/help.jamk.fi\/tietosuoja\/wp-json\/wp\/v2\/pages\/227\/revisions\/384"}],"up":[{"embeddable":true,"href":"https:\/\/help.jamk.fi\/tietosuoja\/wp-json\/wp\/v2\/pages\/546"}],"wp:attachment":[{"href":"https:\/\/help.jamk.fi\/tietosuoja\/wp-json\/wp\/v2\/media?parent=227"}],"wp:term":[{"taxonomy":"category","embeddable":true,"href":"https:\/\/help.jamk.fi\/tietosuoja\/wp-json\/wp\/v2\/categories?post=227"},{"taxonomy":"post_tag","embeddable":true,"href":"https:\/\/help.jamk.fi\/tietosuoja\/wp-json\/wp\/v2\/tags?post=227"}],"curies":[{"name":"wp","href":"https:\/\/api.w.org\/{rel}","templated":true}]}}