{"id":230,"date":"2023-03-17T08:03:15","date_gmt":"2023-03-17T06:03:15","guid":{"rendered":"https:\/\/help.jamk.fi\/tietosuoja\/teollisen-puurakentamisen-kehittaminen-keski-suomessa-projektin-tietosuojaseloste\/"},"modified":"2024-01-10T16:08:45","modified_gmt":"2024-01-10T14:08:45","slug":"teollisen-puurakentamisen-kehittaminen-keski-suomessa-projektin-tietosuojaseloste","status":"publish","type":"page","link":"https:\/\/help.jamk.fi\/tietosuoja\/fi\/tki-hankkeet\/teollisen-puurakentamisen-kehittaminen-keski-suomessa-projektin-tietosuojaseloste\/","title":{"rendered":"Teollisen puurakentamisen kehitt\u00e4minen Keski-Suomessa -projektin tietosuojaseloste"},"content":{"rendered":"\n<figure class=\"wp-block-table\"><table><tbody><tr><td><strong>1 Rekisterin nimi<\/strong><\/td><td>Teollisen puurakentamisen kehitt\u00e4minen Keski-Suomessa -projektin tietosuojaseloste<\/td><\/tr><tr><td><strong>2 Rekisterinpit\u00e4j\u00e4<\/strong><\/td><td>Jyv\u00e4skyl\u00e4n Ammattikorkeakoulu Oy PL 207, 40101 Jyv\u00e4skyl\u00e4 Y-tunnus 1006550-2 Jyv\u00e4skyl\u00e4n koulutuskuntayhtym\u00e4 Gradia PL 472, 40101 Jyv\u00e4skyl\u00e4 Y-tunnus 0208201-1 Suomen mets\u00e4keskus &#8211; Finlands skogscentral Aleksanterinkatu 18 A, 15140 Lahti Y-tunnus 2440921-4<\/td><\/tr><tr><td><strong>&nbsp;3 Yhteyshenkil\u00f6 rekisteri\u00e4 koskevissa asioissa, yhteystiedot virka-aikana<\/strong><\/td><td><strong>Jamk:<\/strong> Projektip\u00e4\u00e4llikk\u00f6 Heidi H\u00e4m\u00e4l\u00e4inen-Laitinen Rajakatu 35, 40200 Jyv\u00e4skyl\u00e4 etunimi.sukunimi@jamk.fi | +358504721623 Jamkin tietosuojavastaava: <a href=\"mailto:tietosuoja@jamk.fi\">tietosuoja@jamk.fi<\/a> <strong>Gradia:<\/strong> Markus Vehni\u00e4inen: etunimi.sukunimi@gradia.fi <strong>Mets\u00e4keskus:<\/strong> Johanna Pulli: etunimi.sukunimi@metsakeskus.fi<\/td><\/tr><tr><td><strong>4 Henkil\u00f6tietojen k\u00e4sittely ja sen tarkoitus<\/strong><\/td><td>Henkil\u00f6tietojen k\u00e4sittelyn oikeusperuste on rekister\u00f6idyn suostumus. Teollisen puurakentamisen kehitt\u00e4minen Keski-Suomessa -projektin rekisterin ja sen sis\u00e4lt\u00e4mien henkil\u00f6tietojen tarkoituksena on tukea projektia tavoitteessaan. Projektin tavoitteena on kehitt\u00e4\u00e4 teollisen puurakentamisen prosesseja sek\u00e4 osaamista ja edist\u00e4\u00e4 teollisen puurakentamisen kasvua Keski-Suomessa.\u200b Projekti toteutetaan ajalla 1.1.2023-31.12.2025. Rekisterin tarkoituksena on my\u00f6s TeopuuKS-projektin toteutukseen ja toimintaan liittyvien tietojen ker\u00e4\u00e4minen esimerkiksi projektin yhteisty\u00f6n toteutumiseksi, yhteyden pit\u00e4miseksi eri kohderyhmille sek\u00e4 projektissa teht\u00e4vien selvitysten, tutkimusten ja arviointien toteuttamiseksi. Projektin aikana teht\u00e4vien kyselyiden, haastattelujen, arviointien ja ty\u00f6pajojen tavoitteena on tiedon hankkiminen vaihtoehtoisten kustannus- ja energiatehokkaiden toiminta- ja tuotantomallien sek\u00e4 yhteisty\u00f6mallin tuottamiseksi. Lis\u00e4ksi tuloksista tehd\u00e4\u00e4n yhteenvetoja ja raportteja. N\u00e4ist\u00e4 raportoidaan hankkeen tilaisuuksissa ja erilaisissa julkaisuissa. Edell\u00e4 mainittujen toimenpiteiden ensisijaisena kohdejoukkona ovat projektiin osallistuvat keskisuomalaiset valmistavan teollisuuden mikro- ja pk-yritysten yritt\u00e4j\u00e4t, johtajat ja henkil\u00f6st\u00f6 sek\u00e4 alueen kuntien toimijat. Rekisteriss\u00e4 k\u00e4sitell\u00e4\u00e4n edell\u00e4 mainittujen kohdejoukkojen edustajien henkil\u00f6tietoja. Tietojen ker\u00e4\u00e4minen tapahtuu s\u00e4hk\u00f6isesti Jamkin tarjoamalla Webropol-kyselyohjelmalla, hankkeessa k\u00e4ytett\u00e4vill\u00e4 digitaalisilla alustoilla ja ty\u00f6kaluilla, kuten MIRO-oppimisymp\u00e4rist\u00f6, s\u00e4hk\u00f6postitse sek\u00e4 puhelimitse, paperisilla lomakkeilla, haastatteluissa sek\u00e4 osallistujalistoilla. Edell\u00e4 mainittua, ker\u00e4tt\u00e4v\u00e4\u00e4 aineistoa mm. kyselyiss\u00e4 ja haastatteluissa, k\u00e4sitell\u00e4\u00e4n luottamuksellisesti noudattaen hyvi\u00e4 tieteellisen k\u00e4yt\u00e4nn\u00f6n mukaisia tutkimuseettisi\u00e4 ohjeita. N\u00e4iden mukaisesti tutkimuksen tuloksista ei voida tunnistaa yksitt\u00e4ist\u00e4 henkil\u00f6\u00e4. Kaikki projektin aikana ker\u00e4tt\u00e4v\u00e4t henkil\u00f6tiedot k\u00e4sitell\u00e4\u00e4n luottamuksellisesti kansallisen tietosuojalain (1050\/2018) ja EU:n tietosuoja-asetuksen (2016\/679) edellytt\u00e4m\u00e4ll\u00e4 tavalla<\/td><\/tr><tr><td><strong>5 Rekisterin tietosis\u00e4lt\u00f6<\/strong><\/td><td>Rekisteriin tallennettavia tietoja ovat: Projektiin osallistuvien: nimi, puhelinnumero, s\u00e4hk\u00f6postiosoite Yrityksen nimi, toimiala ja yhteystiedot Projektin tilaisuuksien (mm. ty\u00f6pajat) osallistujalistat: henkil\u00f6n nimi, yhteystiedot, yritys<br>Projektin toimenpiteisiin kuten k\u00e4ytett\u00e4viin digitaalisiin alustoihin ja ty\u00f6kaluihin liittyv\u00e4t k\u00e4ytt\u00e4j\u00e4tiedot Muut projektin toteutukseen, yhteisty\u00f6h\u00f6n sek\u00e4 yhteydenpitoon liittyv\u00e4t tiedot<\/td><\/tr><tr><td><strong>6 K\u00e4sittelyperuste<\/strong><\/td><td>Rekister\u00f6idyn suostumus. EU:n yleisen tietosuoja-asetuksen mukainen oikeusperuste henkil\u00f6tietojen k\u00e4sittelylle on henkil\u00f6n suostumus. TeopuuKS-projektin toteutus, tiedon- ja aineistonkeruu sek\u00e4 niiden hallinta. Ammattikorkeakoulujen lakis\u00e4\u00e4teinen TKI-teht\u00e4v\u00e4 ja TKI-ty\u00f6ajan tilastointi viranomaisille<\/td><\/tr><tr><td><strong>7 S\u00e4\u00e4nn\u00f6nmukaiset tietol\u00e4hteet<\/strong><\/td><td>Rekisteriin tallennettavat tiedot saadaan henkil\u00f6ilt\u00e4 mm. projektin kyselyiss\u00e4 ja haastatteluissa, projektissa k\u00e4ytett\u00e4vien digitaalisten alustojen ja ty\u00f6kalujen k\u00e4ytt\u00e4j\u00e4tietojen my\u00f6t\u00e4, projektin toimenpiteisiin liittyviss\u00e4, et\u00e4yhteydell\u00e4 tai kasvokkain toteutettavissa tilaisuuksissa sek\u00e4 muissa tilaisuuksissa tai yhteyksiss\u00e4, joissa rekister\u00f6ity luovuttaa tietojaan. TeopuuKS-projektia toteuttavat ja siihen liittyv\u00e4t henkil\u00f6t ty\u00f6skentelev\u00e4t Jyv\u00e4skyl\u00e4n ammattikorkeakoulussa, Jyv\u00e4skyl\u00e4n koulutuskuntayhtym\u00e4 Gradiassa ja Suomen Mets\u00e4keskuksessa.<\/td><\/tr><tr><td><strong>8 S\u00e4\u00e4nn\u00f6nmukaiset tietojen luovutukset ja tietojen siirto EU:n tai Euroopan talousalueen ulkopuolelle<\/strong><\/td><td>Tietoja ei luovuteta s\u00e4\u00e4nn\u00f6nmukaisesti muille tahoille. Tietoja voidaan julkaista silt\u00e4 osin kuin niin on sovittu rekister\u00f6idyn kanssa. Tietoja ei siirret\u00e4 EU:ta ETA:n ulkopuolelle. Tietoja k\u00e4sittelee yll\u00e4 mainittu rekisterinpit\u00e4j\u00e4. Projektin rahoittajan edellytt\u00e4mi\u00e4 tietoja voidaan luovuttaa projektin rahoittajalle raportoinnin yhteydess\u00e4, mm. osallistujatiedot ja tilaisuuksien osallistujalistat<\/td><\/tr><tr><td><strong>9 Rekisterin suojauksen periaatteet<\/strong><\/td><td>Rekisterin k\u00e4sittelyss\u00e4 noudatetaan huolellisuutta ja tietoj\u00e4rjestelmien avulla k\u00e4sitelt\u00e4v\u00e4t tiedot suojataan asianmukaisesti. Kun rekisteritietoja s\u00e4ilytet\u00e4\u00e4n Internet-palvelimilla, niiden laitteiston fyysisest\u00e4 ja digitaalisesta tietoturvasta huolehditaan asiaankuuluvasti. Rekisterinpit\u00e4j\u00e4 huolehtii siit\u00e4, ett\u00e4 tallennettuja tietoja sek\u00e4 palvelimien k\u00e4ytt\u00f6oikeuksia ja muita henkil\u00f6tietojen turvallisuuden kannalta kriittisi\u00e4 tietoja k\u00e4sitell\u00e4\u00e4n luottamuksellisesti ja vain niiden ty\u00f6ntekij\u00f6iden toimesta, joiden ty\u00f6nkuvaan se kuuluu. Manuaalisesti ker\u00e4tty tieto tallennetaan s\u00e4hk\u00f6iseen muotoon ja tallennetaan palvelimelle (paperinen materiaali h\u00e4vitet\u00e4\u00e4n). Projektin toimenpiteisiin liittyvist\u00e4 julkaistavista tuloksista ja raporteista (mm. kyselyt, haastattelut, tilaisuuksien osallistujaluettelot) ei voida tunnistaa yksitt\u00e4isi\u00e4 vastaajia. Tietoja s\u00e4ilytet\u00e4\u00e4n projektin p\u00e4\u00e4ttymisen j\u00e4lkeen Jamkin tietoturvaohjeistuksen mukaisesti. Vanhentuneet ja tarpeettomat tiedot h\u00e4vitet\u00e4\u00e4n luotettavalla ja asiaankuuluvalla tavalla. Henkil\u00f6tietoja s\u00e4ilytet\u00e4\u00e4n niin kauan, kun se on tarpeen t\u00e4ss\u00e4 tietosuojaselosteessa m\u00e4\u00e4riteltyjen henkil\u00f6tietojen k\u00e4sittelytarkoitusten toteuttamiseksi. Kirjanpitolain tai muun m\u00e4\u00e4r\u00e4\u00e4v\u00e4n lain velvoitteiden vuoksi tietoja voidaan joutua s\u00e4ilytt\u00e4m\u00e4\u00e4n edell\u00e4 mainittua ajanjaksoa pitemp\u00e4\u00e4n. Rekisterinpit\u00e4j\u00e4n palvelimet sijaitsevat lukitussa ja p\u00e4\u00e4syvalvotussa konesalissa. Palvelimille p\u00e4\u00e4sy on sallittu vain yll\u00e4pit\u00e4jille.<\/td><\/tr><tr><td><strong>10 Henkil\u00f6tietojen s\u00e4ilytt\u00e4misaika tai s\u00e4ilytt\u00e4misajan m\u00e4\u00e4ritt\u00e4miskriteerit<\/strong><\/td><td>Rekisterinpit\u00e4j\u00e4 s\u00e4ilytt\u00e4\u00e4 henkil\u00f6tietoja omissa j\u00e4rjestelmiss\u00e4\u00e4n\/arkistoissaan hankkeen raportoinnin vaatiman ajan 1.1.2023\u201330.4.2026<\/td><\/tr><tr><td><strong>11 Profilointi ja automaattinen p\u00e4\u00e4t\u00f6ksenteko<\/strong><\/td><td>Henkil\u00f6tietoja ei k\u00e4ytet\u00e4 automaattiseen p\u00e4\u00e4t\u00f6ksentekoon tai profilointiin.<\/td><\/tr><tr><td><strong>12 Rekister\u00f6idyn oikeudet<\/strong><\/td><td>Lis\u00e4tietoa tietosuojavastaavasta ja rekister\u00f6idyn oikeuksista ja niiden toteuttamisesta kerrotaan <a rel=\"noreferrer noopener\" href=\"https:\/\/www.jamk.fi\/fi\/Tietoa-JAMKista\/tietosuoja\/\" target=\"_blank\">Jamkin tietosuojalausekkeessa<\/a> ja <a rel=\"noreferrer noopener\" href=\"https:\/\/www.jamk.fi\/fi\/Tietoa-JAMKista\/tietosuoja\/rekisteroidyn-oikeudet\/\" target=\"_blank\">Rekister\u00f6idyn oikeudet<\/a>-sivulla.<\/td><\/tr><\/tbody><\/table><\/figure>\n","protected":false},"excerpt":{"rendered":"<p>1 Rekisterin nimi Teollisen puurakentamisen kehitt\u00e4minen Keski-Suomessa -projektin tietosuojaseloste 2 Rekisterinpit\u00e4j\u00e4 Jyv\u00e4skyl\u00e4n Ammattikorkeakoulu Oy PL 207, 40101 Jyv\u00e4skyl\u00e4 Y-tunnus 1006550-2 Jyv\u00e4skyl\u00e4n koulutuskuntayhtym\u00e4 Gradia PL 472, 40101 Jyv\u00e4skyl\u00e4 Y-tunnus 0208201-1 Suomen mets\u00e4keskus &#8211; Finlands skogscentral Aleksanterinkatu 18 A, 15140 Lahti Y-tunnus 2440921-4 &nbsp;3 Yhteyshenkil\u00f6 rekisteri\u00e4 koskevissa asioissa, yhteystiedot virka-aikana Jamk: Projektip\u00e4\u00e4llikk\u00f6 Heidi H\u00e4m\u00e4l\u00e4inen-Laitinen Rajakatu 35, 40200 [&hellip;]<\/p>\n","protected":false},"author":178,"featured_media":0,"parent":539,"menu_order":0,"comment_status":"closed","ping_status":"closed","template":"","meta":{"_acf_changed":false,"_relevanssi_hide_post":"","_relevanssi_hide_content":"","_relevanssi_pin_for_all":"","_relevanssi_pin_keywords":"","_relevanssi_unpin_keywords":"","_relevanssi_related_keywords":"","_relevanssi_related_include_ids":"","_relevanssi_related_exclude_ids":"","_relevanssi_related_no_append":"","_relevanssi_related_not_related":"","_relevanssi_related_posts":"","_relevanssi_noindex_reason":"","footnotes":""},"categories":[1],"tags":[142],"class_list":["post-230","page","type-page","status-publish","hentry","category-yleinen","tag-privacy-statement"],"acf":[],"yoast_head":"<!-- This site is optimized with the Yoast SEO plugin v27.4 - https:\/\/yoast.com\/product\/yoast-seo-wordpress\/ -->\n<title>Teollisen puurakentamisen kehitt\u00e4minen Keski-Suomessa -projektin tietosuojaseloste - Tietosuoja<\/title>\n<meta name=\"robots\" content=\"index, follow, max-snippet:-1, max-image-preview:large, max-video-preview:-1\" \/>\n<link rel=\"canonical\" href=\"https:\/\/help.jamk.fi\/tietosuoja\/fi\/tki-hankkeet\/teollisen-puurakentamisen-kehittaminen-keski-suomessa-projektin-tietosuojaseloste\/\" \/>\n<meta property=\"og:locale\" content=\"fi_FI\" \/>\n<meta property=\"og:type\" content=\"article\" \/>\n<meta property=\"og:title\" content=\"Teollisen puurakentamisen kehitt\u00e4minen Keski-Suomessa -projektin tietosuojaseloste - Tietosuoja\" \/>\n<meta property=\"og:description\" content=\"1 Rekisterin nimi Teollisen puurakentamisen kehitt\u00e4minen Keski-Suomessa -projektin tietosuojaseloste 2 Rekisterinpit\u00e4j\u00e4 Jyv\u00e4skyl\u00e4n Ammattikorkeakoulu Oy PL 207, 40101 Jyv\u00e4skyl\u00e4 Y-tunnus 1006550-2 Jyv\u00e4skyl\u00e4n koulutuskuntayhtym\u00e4 Gradia PL 472, 40101 Jyv\u00e4skyl\u00e4 Y-tunnus 0208201-1 Suomen mets\u00e4keskus &#8211; Finlands skogscentral Aleksanterinkatu 18 A, 15140 Lahti Y-tunnus 2440921-4 &nbsp;3 Yhteyshenkil\u00f6 rekisteri\u00e4 koskevissa asioissa, yhteystiedot virka-aikana Jamk: Projektip\u00e4\u00e4llikk\u00f6 Heidi H\u00e4m\u00e4l\u00e4inen-Laitinen Rajakatu 35, 40200 [&hellip;]\" \/>\n<meta property=\"og:url\" content=\"https:\/\/help.jamk.fi\/tietosuoja\/fi\/tki-hankkeet\/teollisen-puurakentamisen-kehittaminen-keski-suomessa-projektin-tietosuojaseloste\/\" \/>\n<meta property=\"og:site_name\" content=\"Tietosuoja\" \/>\n<meta property=\"article:modified_time\" content=\"2024-01-10T14:08:45+00:00\" \/>\n<meta name=\"twitter:card\" content=\"summary_large_image\" \/>\n<meta name=\"twitter:label1\" content=\"Arvioitu lukuaika\" \/>\n\t<meta name=\"twitter:data1\" content=\"4 minuuttia\" \/>\n<script type=\"application\/ld+json\" class=\"yoast-schema-graph\">{\"@context\":\"https:\\\/\\\/schema.org\",\"@graph\":[{\"@type\":\"WebPage\",\"@id\":\"https:\\\/\\\/help.jamk.fi\\\/tietosuoja\\\/fi\\\/tki-hankkeet\\\/teollisen-puurakentamisen-kehittaminen-keski-suomessa-projektin-tietosuojaseloste\\\/\",\"url\":\"https:\\\/\\\/help.jamk.fi\\\/tietosuoja\\\/fi\\\/tki-hankkeet\\\/teollisen-puurakentamisen-kehittaminen-keski-suomessa-projektin-tietosuojaseloste\\\/\",\"name\":\"Teollisen puurakentamisen kehitt\u00e4minen Keski-Suomessa -projektin tietosuojaseloste - Tietosuoja\",\"isPartOf\":{\"@id\":\"https:\\\/\\\/help.jamk.fi\\\/tietosuoja\\\/#website\"},\"datePublished\":\"2023-03-17T06:03:15+00:00\",\"dateModified\":\"2024-01-10T14:08:45+00:00\",\"breadcrumb\":{\"@id\":\"https:\\\/\\\/help.jamk.fi\\\/tietosuoja\\\/fi\\\/tki-hankkeet\\\/teollisen-puurakentamisen-kehittaminen-keski-suomessa-projektin-tietosuojaseloste\\\/#breadcrumb\"},\"inLanguage\":\"fi\",\"potentialAction\":[{\"@type\":\"ReadAction\",\"target\":[\"https:\\\/\\\/help.jamk.fi\\\/tietosuoja\\\/fi\\\/tki-hankkeet\\\/teollisen-puurakentamisen-kehittaminen-keski-suomessa-projektin-tietosuojaseloste\\\/\"]}]},{\"@type\":\"BreadcrumbList\",\"@id\":\"https:\\\/\\\/help.jamk.fi\\\/tietosuoja\\\/fi\\\/tki-hankkeet\\\/teollisen-puurakentamisen-kehittaminen-keski-suomessa-projektin-tietosuojaseloste\\\/#breadcrumb\",\"itemListElement\":[{\"@type\":\"ListItem\",\"position\":1,\"name\":\"Etusivu\",\"item\":\"https:\\\/\\\/help.jamk.fi\\\/tietosuoja\\\/fi\\\/\"},{\"@type\":\"ListItem\",\"position\":2,\"name\":\"TKI-hankkeet\",\"item\":\"https:\\\/\\\/help.jamk.fi\\\/tietosuoja\\\/fi\\\/tki-hankkeet\\\/\"},{\"@type\":\"ListItem\",\"position\":3,\"name\":\"Teollisen puurakentamisen kehitt\u00e4minen Keski-Suomessa -projektin tietosuojaseloste\"}]},{\"@type\":\"WebSite\",\"@id\":\"https:\\\/\\\/help.jamk.fi\\\/tietosuoja\\\/#website\",\"url\":\"https:\\\/\\\/help.jamk.fi\\\/tietosuoja\\\/\",\"name\":\"Tietosuoja\",\"description\":\"\",\"potentialAction\":[{\"@type\":\"SearchAction\",\"target\":{\"@type\":\"EntryPoint\",\"urlTemplate\":\"https:\\\/\\\/help.jamk.fi\\\/tietosuoja\\\/?s={search_term_string}\"},\"query-input\":{\"@type\":\"PropertyValueSpecification\",\"valueRequired\":true,\"valueName\":\"search_term_string\"}}],\"inLanguage\":\"fi\"}]}<\/script>\n<!-- \/ Yoast SEO plugin. -->","yoast_head_json":{"title":"Teollisen puurakentamisen kehitt\u00e4minen Keski-Suomessa -projektin tietosuojaseloste - Tietosuoja","robots":{"index":"index","follow":"follow","max-snippet":"max-snippet:-1","max-image-preview":"max-image-preview:large","max-video-preview":"max-video-preview:-1"},"canonical":"https:\/\/help.jamk.fi\/tietosuoja\/fi\/tki-hankkeet\/teollisen-puurakentamisen-kehittaminen-keski-suomessa-projektin-tietosuojaseloste\/","og_locale":"fi_FI","og_type":"article","og_title":"Teollisen puurakentamisen kehitt\u00e4minen Keski-Suomessa -projektin tietosuojaseloste - Tietosuoja","og_description":"1 Rekisterin nimi Teollisen puurakentamisen kehitt\u00e4minen Keski-Suomessa -projektin tietosuojaseloste 2 Rekisterinpit\u00e4j\u00e4 Jyv\u00e4skyl\u00e4n Ammattikorkeakoulu Oy PL 207, 40101 Jyv\u00e4skyl\u00e4 Y-tunnus 1006550-2 Jyv\u00e4skyl\u00e4n koulutuskuntayhtym\u00e4 Gradia PL 472, 40101 Jyv\u00e4skyl\u00e4 Y-tunnus 0208201-1 Suomen mets\u00e4keskus &#8211; Finlands skogscentral Aleksanterinkatu 18 A, 15140 Lahti Y-tunnus 2440921-4 &nbsp;3 Yhteyshenkil\u00f6 rekisteri\u00e4 koskevissa asioissa, yhteystiedot virka-aikana Jamk: Projektip\u00e4\u00e4llikk\u00f6 Heidi H\u00e4m\u00e4l\u00e4inen-Laitinen Rajakatu 35, 40200 [&hellip;]","og_url":"https:\/\/help.jamk.fi\/tietosuoja\/fi\/tki-hankkeet\/teollisen-puurakentamisen-kehittaminen-keski-suomessa-projektin-tietosuojaseloste\/","og_site_name":"Tietosuoja","article_modified_time":"2024-01-10T14:08:45+00:00","twitter_card":"summary_large_image","twitter_misc":{"Arvioitu lukuaika":"4 minuuttia"},"schema":{"@context":"https:\/\/schema.org","@graph":[{"@type":"WebPage","@id":"https:\/\/help.jamk.fi\/tietosuoja\/fi\/tki-hankkeet\/teollisen-puurakentamisen-kehittaminen-keski-suomessa-projektin-tietosuojaseloste\/","url":"https:\/\/help.jamk.fi\/tietosuoja\/fi\/tki-hankkeet\/teollisen-puurakentamisen-kehittaminen-keski-suomessa-projektin-tietosuojaseloste\/","name":"Teollisen puurakentamisen kehitt\u00e4minen Keski-Suomessa -projektin tietosuojaseloste - Tietosuoja","isPartOf":{"@id":"https:\/\/help.jamk.fi\/tietosuoja\/#website"},"datePublished":"2023-03-17T06:03:15+00:00","dateModified":"2024-01-10T14:08:45+00:00","breadcrumb":{"@id":"https:\/\/help.jamk.fi\/tietosuoja\/fi\/tki-hankkeet\/teollisen-puurakentamisen-kehittaminen-keski-suomessa-projektin-tietosuojaseloste\/#breadcrumb"},"inLanguage":"fi","potentialAction":[{"@type":"ReadAction","target":["https:\/\/help.jamk.fi\/tietosuoja\/fi\/tki-hankkeet\/teollisen-puurakentamisen-kehittaminen-keski-suomessa-projektin-tietosuojaseloste\/"]}]},{"@type":"BreadcrumbList","@id":"https:\/\/help.jamk.fi\/tietosuoja\/fi\/tki-hankkeet\/teollisen-puurakentamisen-kehittaminen-keski-suomessa-projektin-tietosuojaseloste\/#breadcrumb","itemListElement":[{"@type":"ListItem","position":1,"name":"Etusivu","item":"https:\/\/help.jamk.fi\/tietosuoja\/fi\/"},{"@type":"ListItem","position":2,"name":"TKI-hankkeet","item":"https:\/\/help.jamk.fi\/tietosuoja\/fi\/tki-hankkeet\/"},{"@type":"ListItem","position":3,"name":"Teollisen puurakentamisen kehitt\u00e4minen Keski-Suomessa -projektin tietosuojaseloste"}]},{"@type":"WebSite","@id":"https:\/\/help.jamk.fi\/tietosuoja\/#website","url":"https:\/\/help.jamk.fi\/tietosuoja\/","name":"Tietosuoja","description":"","potentialAction":[{"@type":"SearchAction","target":{"@type":"EntryPoint","urlTemplate":"https:\/\/help.jamk.fi\/tietosuoja\/?s={search_term_string}"},"query-input":{"@type":"PropertyValueSpecification","valueRequired":true,"valueName":"search_term_string"}}],"inLanguage":"fi"}]}},"_links":{"self":[{"href":"https:\/\/help.jamk.fi\/tietosuoja\/wp-json\/wp\/v2\/pages\/230","targetHints":{"allow":["GET"]}}],"collection":[{"href":"https:\/\/help.jamk.fi\/tietosuoja\/wp-json\/wp\/v2\/pages"}],"about":[{"href":"https:\/\/help.jamk.fi\/tietosuoja\/wp-json\/wp\/v2\/types\/page"}],"author":[{"embeddable":true,"href":"https:\/\/help.jamk.fi\/tietosuoja\/wp-json\/wp\/v2\/users\/178"}],"replies":[{"embeddable":true,"href":"https:\/\/help.jamk.fi\/tietosuoja\/wp-json\/wp\/v2\/comments?post=230"}],"version-history":[{"count":2,"href":"https:\/\/help.jamk.fi\/tietosuoja\/wp-json\/wp\/v2\/pages\/230\/revisions"}],"predecessor-version":[{"id":851,"href":"https:\/\/help.jamk.fi\/tietosuoja\/wp-json\/wp\/v2\/pages\/230\/revisions\/851"}],"up":[{"embeddable":true,"href":"https:\/\/help.jamk.fi\/tietosuoja\/wp-json\/wp\/v2\/pages\/539"}],"wp:attachment":[{"href":"https:\/\/help.jamk.fi\/tietosuoja\/wp-json\/wp\/v2\/media?parent=230"}],"wp:term":[{"taxonomy":"category","embeddable":true,"href":"https:\/\/help.jamk.fi\/tietosuoja\/wp-json\/wp\/v2\/categories?post=230"},{"taxonomy":"post_tag","embeddable":true,"href":"https:\/\/help.jamk.fi\/tietosuoja\/wp-json\/wp\/v2\/tags?post=230"}],"curies":[{"name":"wp","href":"https:\/\/api.w.org\/{rel}","templated":true}]}}