{"id":436,"date":"2018-02-05T14:24:09","date_gmt":"2018-02-05T12:24:09","guid":{"rendered":"https:\/\/help.jamk.fi\/tietosuoja\/tietosuojaseloste-wordpress\/"},"modified":"2025-10-20T12:06:57","modified_gmt":"2025-10-20T09:06:57","slug":"tietosuojaseloste-wordpress","status":"publish","type":"page","link":"https:\/\/help.jamk.fi\/tietosuoja\/fi\/muut-palvelut\/tietosuojaseloste-wordpress\/","title":{"rendered":"Tietosuojaseloste &#8211; Julkaisualusta"},"content":{"rendered":"\n<p><a href=\"https:\/\/eur-lex.europa.eu\/legal-content\/FI\/TXT\/?uri=uriserv:OJ.L_.2016.119.01.0001.01.FIN&amp;toc=OJ:L:2016:119:FULL\">EU -tietosuoja-asetus<\/a> (2018\/1725)<\/p>\n\n\n\n<p>P\u00e4ivitetty 7.10.2025<\/p>\n\n\n\n<h2 class=\"wp-block-heading\">1 Rekisterin nimi<\/h2>\n\n\n\n<p>Help-ohjesivusto<\/p>\n\n\n\n<h2 class=\"wp-block-heading\">2 Rekisterinpit\u00e4j\u00e4<\/h2>\n\n\n\n<p>Jyv\u00e4skyl\u00e4n ammattikorkeakoulu Oy<br>PL 207, 40101 Jyv\u00e4skyl\u00e4<br>+358 20 743 8100<\/p>\n\n\n\n<p><\/p>\n\n\n\n<h2 class=\"wp-block-heading\">3 Yhteyshenkil\u00f6 rekisteri\u00e4 koskevissa asioissa, yhteystiedot virka-aikana<\/h2>\n\n\n\n<p>Prosessin omistaja:<\/p>\n\n\n\n<ul class=\"wp-block-list\">\n<li>ICT-palvelut, Jari Virtanen<\/li>\n<\/ul>\n\n\n\n<p>Sis\u00e4ll\u00f6llinen p\u00e4\u00e4k\u00e4ytt\u00e4j\u00e4:<\/p>\n\n\n\n<ul class=\"wp-block-list\">\n<li>Maria Ylitalo<\/li>\n<\/ul>\n\n\n\n<p>Tekninen p\u00e4\u00e4k\u00e4ytt\u00e4j\u00e4:<\/p>\n\n\n\n<ul class=\"wp-block-list\">\n<li>Kimmo H\u00e4m\u00e4l\u00e4inen<\/li>\n<\/ul>\n\n\n\n<p>etunimi.sukunimi[a]jamk.fi<\/p>\n\n\n\n<h2 class=\"wp-block-heading\">4 Henkil\u00f6tietojen k\u00e4sittelyn tarkoitus<\/h2>\n\n\n\n<p>Rekister\u00f6ityneet yll\u00e4pit\u00e4j\u00e4t voivat julkaista ohjeita. <\/p>\n\n\n\n<h2 class=\"wp-block-heading\">5 Rekisterin tietosis\u00e4lt\u00f6<\/h2>\n\n\n\n<p>J\u00e4rjestelm\u00e4 sis\u00e4lt\u00e4\u00e4 tiedot rekister\u00f6ityneist\u00e4 k\u00e4ytt\u00e4jist\u00e4 (yll\u00e4pit\u00e4j\u00e4t)<\/p>\n\n\n\n<ul class=\"wp-block-list\">\n<li>k\u00e4ytt\u00e4j\u00e4tunnus<\/li>\n\n\n\n<li>k\u00e4ytt\u00e4j\u00e4n nimi<\/li>\n\n\n\n<li>s\u00e4hk\u00f6postiosoite<\/li>\n<\/ul>\n\n\n\n<h2 class=\"wp-block-heading\">6 K\u00e4sittelyperuste<\/h2>\n\n\n\n<p>Rekisterinpit\u00e4j\u00e4n oikeutettu etu ja rekister\u00f6idyn suostumus.<\/p>\n\n\n\n<h2 class=\"wp-block-heading\">7 S\u00e4\u00e4nn\u00f6nmukaiset tietol\u00e4hteet<\/h2>\n\n\n\n<p>Rekister\u00f6ityneiden k\u00e4ytt\u00e4jien tiedot haetaan k\u00e4ytt\u00e4j\u00e4tunnuksella hakemistopalvelusta. P\u00e4\u00e4k\u00e4ytt\u00e4j\u00e4 my\u00f6nt\u00e4\u00e4 oikeudet sis\u00e4ll\u00f6ntuotantoon.<\/p>\n\n\n\n<h2 class=\"wp-block-heading\">8 S\u00e4\u00e4nn\u00f6nmukaiset tietojen luovutukset ja tietojen siirto EU:n tai Euroopan talousalueen ulkopuolelle<\/h2>\n\n\n\n<p>Tietoja ei luovuteta s\u00e4\u00e4nn\u00f6nmukaisesti kolmansille tahoille. Tietoja ei siirret\u00e4 EU:n tai ETA-alueen ulkopuolelle eik\u00e4 kansainv\u00e4lisille j\u00e4rjest\u00f6ille<\/p>\n\n\n\n<h2 class=\"wp-block-heading\">9 Rekisterin suojauksen periaatteet<\/h2>\n\n\n\n<p>Rekisteri ei sis\u00e4ll\u00e4 manuaalista aineistoa.<\/p>\n\n\n\n<p>Rekisterin k\u00e4ytt\u00e4jill\u00e4 on henkil\u00f6kohtainen tunnus ja salasana. K\u00e4ytt\u00e4j\u00e4tunnuksen perusteella m\u00e4\u00e4r\u00e4ytyv\u00e4t heid\u00e4n oikeutensa n\u00e4hd\u00e4 ja tehd\u00e4 muutoksia tietosis\u00e4lt\u00f6\u00f6n. Tunnus lakkaa toimimasta, kun ty\u00f6- tai opiskelijasuhde p\u00e4\u00e4ttyy.<\/p>\n\n\n\n<p>Henkil\u00f6tietojen k\u00e4sittely on rajattu Jamkissa ty\u00f6teht\u00e4vien mukaisesti tietyille henkil\u00f6ille. J\u00e4rjestelm\u00e4n k\u00e4ytt\u00f6 edellytt\u00e4\u00e4 henkil\u00f6kohtaista k\u00e4ytt\u00e4j\u00e4tunnusta ja salasanaa.<\/p>\n\n\n\n<p>Kaikki palvelimet sijaitsevat lukitussa ja p\u00e4\u00e4syvalvotussa konesalissa. Palvelimille p\u00e4\u00e4sy sallitaan vain yll\u00e4pit\u00e4jille.<\/p>\n\n\n\n<h2 class=\"wp-block-heading\">10&nbsp;Henkil\u00f6tietojen s\u00e4ilytt\u00e4misaika tai s\u00e4ilytt\u00e4misajan m\u00e4\u00e4ritt\u00e4miskriteerit<\/h2>\n\n\n\n<p>Henkil\u00f6tiedot s\u00e4ilytet\u00e4\u00e4n ty\u00f6- tai opiskelusuhteen ajan.<\/p>\n\n\n\n<h2 class=\"wp-block-heading\">11 Profilointi ja automaattinen p\u00e4\u00e4t\u00f6ksenteko<\/h2>\n\n\n\n<p>Rekisterin tietoja ei k\u00e4ytet\u00e4 automatisoituihin yksitt\u00e4isp\u00e4\u00e4t\u00f6ksiin eik\u00e4&nbsp;profilointiin.<\/p>\n\n\n\n<h2 class=\"wp-block-heading\">12 Rekister\u00f6idyn oikeudet<\/h2>\n\n\n\n<p>Tietosuojavastaavasta ja rekister\u00f6idyn oikeuksista ja niiden toteuttamisesta&nbsp;kerrotaan <a href=\"https:\/\/www.jamk.fi\/fi\/jamk\/tietosuoja-jamkissa\">Jamkin tietosuojalausekkeessa<\/a> ja <a href=\"https:\/\/www.jamk.fi\/fi\/jamk\/tietosuoja-jamkissa\">Rekister\u00f6idyn oikeudet<\/a>-sivulla.<\/p>\n","protected":false},"excerpt":{"rendered":"<p>EU -tietosuoja-asetus (2018\/1725) P\u00e4ivitetty 7.10.2025 1 Rekisterin nimi Help-ohjesivusto 2 Rekisterinpit\u00e4j\u00e4 Jyv\u00e4skyl\u00e4n ammattikorkeakoulu OyPL 207, 40101 Jyv\u00e4skyl\u00e4+358 20 743 8100 3 Yhteyshenkil\u00f6 rekisteri\u00e4 koskevissa asioissa, yhteystiedot virka-aikana Prosessin omistaja: Sis\u00e4ll\u00f6llinen p\u00e4\u00e4k\u00e4ytt\u00e4j\u00e4: Tekninen p\u00e4\u00e4k\u00e4ytt\u00e4j\u00e4: etunimi.sukunimi[a]jamk.fi 4 Henkil\u00f6tietojen k\u00e4sittelyn tarkoitus Rekister\u00f6ityneet yll\u00e4pit\u00e4j\u00e4t voivat julkaista ohjeita. 5 Rekisterin tietosis\u00e4lt\u00f6 J\u00e4rjestelm\u00e4 sis\u00e4lt\u00e4\u00e4 tiedot rekister\u00f6ityneist\u00e4 k\u00e4ytt\u00e4jist\u00e4 (yll\u00e4pit\u00e4j\u00e4t) 6 K\u00e4sittelyperuste Rekisterinpit\u00e4j\u00e4n [&hellip;]<\/p>\n","protected":false},"author":178,"featured_media":0,"parent":546,"menu_order":0,"comment_status":"closed","ping_status":"closed","template":"","meta":{"_acf_changed":false,"_relevanssi_hide_post":"","_relevanssi_hide_content":"","_relevanssi_pin_for_all":"","_relevanssi_pin_keywords":"","_relevanssi_unpin_keywords":"","_relevanssi_related_keywords":"","_relevanssi_related_include_ids":"","_relevanssi_related_exclude_ids":"","_relevanssi_related_no_append":"","_relevanssi_related_not_related":"","_relevanssi_related_posts":"","_relevanssi_noindex_reason":"","footnotes":""},"categories":[1],"tags":[22,40,58,64,343],"class_list":["post-436","page","type-page","status-publish","hentry","category-yleinen","tag-gdpr","tag-rekisteriseloste","tag-tietosuoja","tag-tietosuoja-asetus","tag-wordpress"],"acf":[],"yoast_head":"<!-- This site is optimized with the Yoast SEO plugin v27.3 - https:\/\/yoast.com\/product\/yoast-seo-wordpress\/ -->\n<title>Tietosuojaseloste - Julkaisualusta - Tietosuoja<\/title>\n<meta name=\"robots\" content=\"index, follow, max-snippet:-1, max-image-preview:large, max-video-preview:-1\" \/>\n<link rel=\"canonical\" href=\"https:\/\/help.jamk.fi\/tietosuoja\/fi\/muut-palvelut\/tietosuojaseloste-wordpress\/\" \/>\n<meta property=\"og:locale\" content=\"fi_FI\" \/>\n<meta property=\"og:type\" content=\"article\" \/>\n<meta property=\"og:title\" content=\"Tietosuojaseloste - Julkaisualusta - Tietosuoja\" \/>\n<meta property=\"og:description\" content=\"EU -tietosuoja-asetus (2018\/1725) P\u00e4ivitetty 7.10.2025 1 Rekisterin nimi Help-ohjesivusto 2 Rekisterinpit\u00e4j\u00e4 Jyv\u00e4skyl\u00e4n ammattikorkeakoulu OyPL 207, 40101 Jyv\u00e4skyl\u00e4+358 20 743 8100 3 Yhteyshenkil\u00f6 rekisteri\u00e4 koskevissa asioissa, yhteystiedot virka-aikana Prosessin omistaja: Sis\u00e4ll\u00f6llinen p\u00e4\u00e4k\u00e4ytt\u00e4j\u00e4: Tekninen p\u00e4\u00e4k\u00e4ytt\u00e4j\u00e4: etunimi.sukunimi[a]jamk.fi 4 Henkil\u00f6tietojen k\u00e4sittelyn tarkoitus Rekister\u00f6ityneet yll\u00e4pit\u00e4j\u00e4t voivat julkaista ohjeita. 5 Rekisterin tietosis\u00e4lt\u00f6 J\u00e4rjestelm\u00e4 sis\u00e4lt\u00e4\u00e4 tiedot rekister\u00f6ityneist\u00e4 k\u00e4ytt\u00e4jist\u00e4 (yll\u00e4pit\u00e4j\u00e4t) 6 K\u00e4sittelyperuste Rekisterinpit\u00e4j\u00e4n [&hellip;]\" \/>\n<meta property=\"og:url\" content=\"https:\/\/help.jamk.fi\/tietosuoja\/fi\/muut-palvelut\/tietosuojaseloste-wordpress\/\" \/>\n<meta property=\"og:site_name\" content=\"Tietosuoja\" \/>\n<meta property=\"article:modified_time\" content=\"2025-10-20T09:06:57+00:00\" \/>\n<meta name=\"twitter:card\" content=\"summary_large_image\" \/>\n<meta name=\"twitter:label1\" content=\"Arvioitu lukuaika\" \/>\n\t<meta name=\"twitter:data1\" content=\"2 minuuttia\" \/>\n<script type=\"application\/ld+json\" class=\"yoast-schema-graph\">{\"@context\":\"https:\\\/\\\/schema.org\",\"@graph\":[{\"@type\":\"WebPage\",\"@id\":\"https:\\\/\\\/help.jamk.fi\\\/tietosuoja\\\/fi\\\/muut-palvelut\\\/tietosuojaseloste-wordpress\\\/\",\"url\":\"https:\\\/\\\/help.jamk.fi\\\/tietosuoja\\\/fi\\\/muut-palvelut\\\/tietosuojaseloste-wordpress\\\/\",\"name\":\"Tietosuojaseloste - Julkaisualusta - Tietosuoja\",\"isPartOf\":{\"@id\":\"https:\\\/\\\/help.jamk.fi\\\/tietosuoja\\\/#website\"},\"datePublished\":\"2018-02-05T12:24:09+00:00\",\"dateModified\":\"2025-10-20T09:06:57+00:00\",\"breadcrumb\":{\"@id\":\"https:\\\/\\\/help.jamk.fi\\\/tietosuoja\\\/fi\\\/muut-palvelut\\\/tietosuojaseloste-wordpress\\\/#breadcrumb\"},\"inLanguage\":\"fi\",\"potentialAction\":[{\"@type\":\"ReadAction\",\"target\":[\"https:\\\/\\\/help.jamk.fi\\\/tietosuoja\\\/fi\\\/muut-palvelut\\\/tietosuojaseloste-wordpress\\\/\"]}]},{\"@type\":\"BreadcrumbList\",\"@id\":\"https:\\\/\\\/help.jamk.fi\\\/tietosuoja\\\/fi\\\/muut-palvelut\\\/tietosuojaseloste-wordpress\\\/#breadcrumb\",\"itemListElement\":[{\"@type\":\"ListItem\",\"position\":1,\"name\":\"Etusivu\",\"item\":\"https:\\\/\\\/help.jamk.fi\\\/tietosuoja\\\/fi\\\/\"},{\"@type\":\"ListItem\",\"position\":2,\"name\":\"Muut palvelut\",\"item\":\"https:\\\/\\\/help.jamk.fi\\\/tietosuoja\\\/fi\\\/muut-palvelut\\\/\"},{\"@type\":\"ListItem\",\"position\":3,\"name\":\"Tietosuojaseloste &#8211; Julkaisualusta\"}]},{\"@type\":\"WebSite\",\"@id\":\"https:\\\/\\\/help.jamk.fi\\\/tietosuoja\\\/#website\",\"url\":\"https:\\\/\\\/help.jamk.fi\\\/tietosuoja\\\/\",\"name\":\"Tietosuoja\",\"description\":\"\",\"potentialAction\":[{\"@type\":\"SearchAction\",\"target\":{\"@type\":\"EntryPoint\",\"urlTemplate\":\"https:\\\/\\\/help.jamk.fi\\\/tietosuoja\\\/?s={search_term_string}\"},\"query-input\":{\"@type\":\"PropertyValueSpecification\",\"valueRequired\":true,\"valueName\":\"search_term_string\"}}],\"inLanguage\":\"fi\"}]}<\/script>\n<!-- \/ Yoast SEO plugin. -->","yoast_head_json":{"title":"Tietosuojaseloste - Julkaisualusta - Tietosuoja","robots":{"index":"index","follow":"follow","max-snippet":"max-snippet:-1","max-image-preview":"max-image-preview:large","max-video-preview":"max-video-preview:-1"},"canonical":"https:\/\/help.jamk.fi\/tietosuoja\/fi\/muut-palvelut\/tietosuojaseloste-wordpress\/","og_locale":"fi_FI","og_type":"article","og_title":"Tietosuojaseloste - Julkaisualusta - Tietosuoja","og_description":"EU -tietosuoja-asetus (2018\/1725) P\u00e4ivitetty 7.10.2025 1 Rekisterin nimi Help-ohjesivusto 2 Rekisterinpit\u00e4j\u00e4 Jyv\u00e4skyl\u00e4n ammattikorkeakoulu OyPL 207, 40101 Jyv\u00e4skyl\u00e4+358 20 743 8100 3 Yhteyshenkil\u00f6 rekisteri\u00e4 koskevissa asioissa, yhteystiedot virka-aikana Prosessin omistaja: Sis\u00e4ll\u00f6llinen p\u00e4\u00e4k\u00e4ytt\u00e4j\u00e4: Tekninen p\u00e4\u00e4k\u00e4ytt\u00e4j\u00e4: etunimi.sukunimi[a]jamk.fi 4 Henkil\u00f6tietojen k\u00e4sittelyn tarkoitus Rekister\u00f6ityneet yll\u00e4pit\u00e4j\u00e4t voivat julkaista ohjeita. 5 Rekisterin tietosis\u00e4lt\u00f6 J\u00e4rjestelm\u00e4 sis\u00e4lt\u00e4\u00e4 tiedot rekister\u00f6ityneist\u00e4 k\u00e4ytt\u00e4jist\u00e4 (yll\u00e4pit\u00e4j\u00e4t) 6 K\u00e4sittelyperuste Rekisterinpit\u00e4j\u00e4n [&hellip;]","og_url":"https:\/\/help.jamk.fi\/tietosuoja\/fi\/muut-palvelut\/tietosuojaseloste-wordpress\/","og_site_name":"Tietosuoja","article_modified_time":"2025-10-20T09:06:57+00:00","twitter_card":"summary_large_image","twitter_misc":{"Arvioitu lukuaika":"2 minuuttia"},"schema":{"@context":"https:\/\/schema.org","@graph":[{"@type":"WebPage","@id":"https:\/\/help.jamk.fi\/tietosuoja\/fi\/muut-palvelut\/tietosuojaseloste-wordpress\/","url":"https:\/\/help.jamk.fi\/tietosuoja\/fi\/muut-palvelut\/tietosuojaseloste-wordpress\/","name":"Tietosuojaseloste - Julkaisualusta - Tietosuoja","isPartOf":{"@id":"https:\/\/help.jamk.fi\/tietosuoja\/#website"},"datePublished":"2018-02-05T12:24:09+00:00","dateModified":"2025-10-20T09:06:57+00:00","breadcrumb":{"@id":"https:\/\/help.jamk.fi\/tietosuoja\/fi\/muut-palvelut\/tietosuojaseloste-wordpress\/#breadcrumb"},"inLanguage":"fi","potentialAction":[{"@type":"ReadAction","target":["https:\/\/help.jamk.fi\/tietosuoja\/fi\/muut-palvelut\/tietosuojaseloste-wordpress\/"]}]},{"@type":"BreadcrumbList","@id":"https:\/\/help.jamk.fi\/tietosuoja\/fi\/muut-palvelut\/tietosuojaseloste-wordpress\/#breadcrumb","itemListElement":[{"@type":"ListItem","position":1,"name":"Etusivu","item":"https:\/\/help.jamk.fi\/tietosuoja\/fi\/"},{"@type":"ListItem","position":2,"name":"Muut palvelut","item":"https:\/\/help.jamk.fi\/tietosuoja\/fi\/muut-palvelut\/"},{"@type":"ListItem","position":3,"name":"Tietosuojaseloste &#8211; Julkaisualusta"}]},{"@type":"WebSite","@id":"https:\/\/help.jamk.fi\/tietosuoja\/#website","url":"https:\/\/help.jamk.fi\/tietosuoja\/","name":"Tietosuoja","description":"","potentialAction":[{"@type":"SearchAction","target":{"@type":"EntryPoint","urlTemplate":"https:\/\/help.jamk.fi\/tietosuoja\/?s={search_term_string}"},"query-input":{"@type":"PropertyValueSpecification","valueRequired":true,"valueName":"search_term_string"}}],"inLanguage":"fi"}]}},"_links":{"self":[{"href":"https:\/\/help.jamk.fi\/tietosuoja\/wp-json\/wp\/v2\/pages\/436","targetHints":{"allow":["GET"]}}],"collection":[{"href":"https:\/\/help.jamk.fi\/tietosuoja\/wp-json\/wp\/v2\/pages"}],"about":[{"href":"https:\/\/help.jamk.fi\/tietosuoja\/wp-json\/wp\/v2\/types\/page"}],"author":[{"embeddable":true,"href":"https:\/\/help.jamk.fi\/tietosuoja\/wp-json\/wp\/v2\/users\/178"}],"replies":[{"embeddable":true,"href":"https:\/\/help.jamk.fi\/tietosuoja\/wp-json\/wp\/v2\/comments?post=436"}],"version-history":[{"count":3,"href":"https:\/\/help.jamk.fi\/tietosuoja\/wp-json\/wp\/v2\/pages\/436\/revisions"}],"predecessor-version":[{"id":1092,"href":"https:\/\/help.jamk.fi\/tietosuoja\/wp-json\/wp\/v2\/pages\/436\/revisions\/1092"}],"up":[{"embeddable":true,"href":"https:\/\/help.jamk.fi\/tietosuoja\/wp-json\/wp\/v2\/pages\/546"}],"wp:attachment":[{"href":"https:\/\/help.jamk.fi\/tietosuoja\/wp-json\/wp\/v2\/media?parent=436"}],"wp:term":[{"taxonomy":"category","embeddable":true,"href":"https:\/\/help.jamk.fi\/tietosuoja\/wp-json\/wp\/v2\/categories?post=436"},{"taxonomy":"post_tag","embeddable":true,"href":"https:\/\/help.jamk.fi\/tietosuoja\/wp-json\/wp\/v2\/tags?post=436"}],"curies":[{"name":"wp","href":"https:\/\/api.w.org\/{rel}","templated":true}]}}