{"id":437,"date":"2018-11-27T11:41:05","date_gmt":"2018-11-27T09:41:05","guid":{"rendered":"https:\/\/help.jamk.fi\/tietosuoja\/tietosuojaseloste-todistuksen-aitouden-varmennuspalvelu\/"},"modified":"2024-01-23T15:46:13","modified_gmt":"2024-01-23T13:46:13","slug":"tietosuojaseloste-todistuksen-aitouden-varmennuspalvelu","status":"publish","type":"page","link":"https:\/\/help.jamk.fi\/tietosuoja\/fi\/opiskelija-opetus\/tietosuojaseloste-todistuksen-aitouden-varmennuspalvelu\/","title":{"rendered":"Tietosuojaseloste &#8211; Todistuksen aitouden varmennuspalvelu"},"content":{"rendered":"\n<p>(<a href=\"http:\/\/eur-lex.europa.eu\/legal-content\/FI\/TXT\/?uri=uriserv:OJ.L_.2016.119.01.0001.01.FIN&amp;toc=OJ:L:2016:119:FULL\">EU -tietosuoja-asetus<\/a><a href=\"http:\/\/eur-lex.europa.eu\/legal-content\/FI\/TXT\/?uri=uriserv:OJ.L_.2016.119.01.0001.01.FIN&amp;toc=OJ:L:2016:119:FULL\"> (2016\/679)<\/a><\/p>\n\n\n\n<p>P\u00e4ivitetty 4.12.2018<\/p>\n\n\n\n<h2 class=\"wp-block-heading\">1 Rekisterin nimi<\/h2>\n\n\n\n<p>Todistuksen aitouden varmennuspalvelu<\/p>\n\n\n\n<h2 class=\"wp-block-heading\">2 Rekisterinpit\u00e4j\u00e4<\/h2>\n\n\n\n<p>Jyv\u00e4skyl\u00e4n ammattikorkeakoulu Oy<br>PL 207, 40101 Jyv\u00e4skyl\u00e4<br>+358 20 743 8100<\/p>\n\n\n\n<p><a href=\"https:\/\/primeauth.fi\/tietosuoja\/\">Palveluntarjoajan tietosuojaseloste<\/a><\/p>\n\n\n\n<h2 class=\"wp-block-heading\">3 Yhteyshenkil\u00f6 rekisteri\u00e4 koskevissa asioissa, yhteystiedot virka-aikana<\/h2>\n\n\n\n<p>Rekisterist\u00e4 vastaava johtaja: Vararehtori Heikki Malinen<\/p>\n\n\n\n<p>Prosessista vastaava: Opiskelijapalveluiden p\u00e4\u00e4llikk\u00f6 Kristiina Korhonen<br>P\u00e4\u00e4k\u00e4ytt\u00e4j\u00e4: Opintosihteeri Jaakko Ij\u00e4s<br>etunimi.sukunimi[a]jamk.fi<\/p>\n\n\n\n<h2 class=\"wp-block-heading\">4 Henkil\u00f6tietojen k\u00e4sittely ja sen tarkoitus<\/h2>\n\n\n\n<p>Tutkintotodistuksen aitouden varmentaminen. Aitoussuojaus n\u00e4kyy todistuksessa kaksiulotteisena viivakoodina, joka sis\u00e4lt\u00e4\u00e4 digitaalisen varmenteen. Tutkintotodistuksen aitous varmennetaan lukemalla viivakoodi \u00e4lypuhelimella palveluntarjoajan verkkopalveluun.<\/p>\n\n\n\n<h2 class=\"wp-block-heading\">5 Rekisterin tietosis\u00e4lt\u00f6<\/h2>\n\n\n\n<ul class=\"wp-block-list\">\n<li>Nimi<\/li>\n\n\n\n<li>Henkil\u00f6tunnus<\/li>\n\n\n\n<li>Syntym\u00e4aika<\/li>\n\n\n\n<li>Opiskelijanumero<\/li>\n\n\n\n<li>Tutkinto-ohjelma<\/li>\n\n\n\n<li>Opintoala<\/li>\n\n\n\n<li>Organisaatio<\/li>\n\n\n\n<li>Yksikk\u00f6<\/li>\n\n\n\n<li>IP-osoite<\/li>\n\n\n\n<li>Opinn\u00e4ytety\u00f6n nimi<\/li>\n\n\n\n<li>Opintosuoritusten arvosanat<\/li>\n\n\n\n<li>Kielilausekkeet<\/li>\n<\/ul>\n\n\n\n<h2 class=\"wp-block-heading\">6 K\u00e4sittelyperuste<\/h2>\n\n\n\n<p>Henkil\u00f6tietojen k\u00e4sittelyperuste on lakis\u00e4\u00e4teinen teht\u00e4v\u00e4\/velvoite sek\u00e4 rekisterinpit\u00e4j\u00e4n oikeutettu etu.<\/p>\n\n\n\n<h2 class=\"wp-block-heading\">7 S\u00e4\u00e4nn\u00f6nmukaiset tietol\u00e4hteet<\/h2>\n\n\n\n<p>Tiedot palveluun saadaan opiskelijahallintoj\u00e4rjestelm\u00e4st\u00e4.<\/p>\n\n\n\n<h2 class=\"wp-block-heading\">8 S\u00e4\u00e4nn\u00f6nmukaiset tietojen luovutukset ja tietojen siirto EU:n tai Euroopan talousalueen ulkopuolelle<\/h2>\n\n\n\n<p>Henkil\u00f6tietojen k\u00e4sittely\u00e4 on ulkoistettu toimeksiantosopimuksella Prime Authentication Solutions Finland Oy:lle.<\/p>\n\n\n\n<p>Tietoja ei siirret\u00e4 EU:n tai ETA-alueen ulkopuolelle eik\u00e4 kansainv\u00e4lisille j\u00e4rjest\u00f6ille.<\/p>\n\n\n\n<h2 class=\"wp-block-heading\">9 Rekisterin suojauksen periaatteet<\/h2>\n\n\n\n<p>Rekisteri ei&nbsp;sis\u00e4ll\u00e4 manuaalisesti ker\u00e4tt\u00e4v\u00e4\u00e4 aineistoa.<\/p>\n\n\n\n<p>Palveluntarjoajan suomalaisten asiakasorganisaatioiden tiedot ovat tallennettuna suomalaisessa palvelinsalissa. Tietoihin eiv\u00e4t p\u00e4\u00e4se k\u00e4siksi ulkopuoliset osapuolet. Tietoliikenneyhteydet on salattu. P\u00e4\u00e4syoikeus tietoihin on vain palvelun teknisell\u00e4 yll\u00e4pidolla.<\/p>\n\n\n\n<h2 class=\"wp-block-heading\">10 Henkil\u00f6tietojen s\u00e4ilytt\u00e4misaika tai s\u00e4ilytt\u00e4misajan m\u00e4\u00e4ritt\u00e4miskriteerit<\/h2>\n\n\n\n<p>Jamk s\u00e4ilytt\u00e4\u00e4 pysyv\u00e4sti opintorekisteriin liittyv\u00e4t tiedot (Kansallisarkiston p\u00e4\u00e4t\u00f6s <a href=\"https:\/\/kansallisarkisto.fi\/documents\/141232930\/151200857\/AMK+paatos+AL+20757+2016.pdf\/f946d98b-8c19-5875-57f0-65a695e48279\/AMK+paatos+AL+20757+2016.pdf?t=1681365096445\">AL\/20757\/07.01.01.03.02\/2016 ). <\/a><\/p>\n\n\n\n<p>Salausavain sijaitsee suojatussa dokumentissa QR-koodina. Dokumentin haltijan on toimitettava salausavain varmennusverkkopalveluun <em>jokaisen<\/em> varmennuksen yhteydess\u00e4, jossa sit\u00e4 k\u00e4ytet\u00e4\u00e4n ainoastaan varmennuksen ajan. Salausavain poistetaan v\u00e4litt\u00f6m\u00e4sti verkkopalvelusta, kun varmennus on suoritettu.<\/p>\n\n\n\n<h2 class=\"wp-block-heading\">11 Profilointi ja automaattinen p\u00e4\u00e4t\u00f6ksenteko<\/h2>\n\n\n\n<p>Henkil\u00f6tietoihin liittyv\u00e4\u00e4 automatisoitua profilointia ei tehd\u00e4.<\/p>\n\n\n\n<h2 class=\"wp-block-heading\">12 Rekister\u00f6idyn oikeudet<\/h2>\n\n\n\n<p>Lis\u00e4tietoa tietosuojavastaavasta ja rekister\u00f6idyn oikeuksista ja niiden toteuttamisesta&nbsp;kerrotaan <a href=\"https:\/\/www.jamk.fi\/fi\/jamk\/tietosuoja-jamkissa\">Jamkin tietosuojalausekkeessa<\/a> ja <a href=\"https:\/\/www.jamk.fi\/fi\/jamk\/tietosuoja-jamkissa\">Rekister\u00f6idyn oikeudet<\/a>-sivulla.<\/p>\n","protected":false},"excerpt":{"rendered":"<p>(EU -tietosuoja-asetus (2016\/679) P\u00e4ivitetty 4.12.2018 1 Rekisterin nimi Todistuksen aitouden varmennuspalvelu 2 Rekisterinpit\u00e4j\u00e4 Jyv\u00e4skyl\u00e4n ammattikorkeakoulu OyPL 207, 40101 Jyv\u00e4skyl\u00e4+358 20 743 8100 Palveluntarjoajan tietosuojaseloste 3 Yhteyshenkil\u00f6 rekisteri\u00e4 koskevissa asioissa, yhteystiedot virka-aikana Rekisterist\u00e4 vastaava johtaja: Vararehtori Heikki Malinen Prosessista vastaava: Opiskelijapalveluiden p\u00e4\u00e4llikk\u00f6 Kristiina KorhonenP\u00e4\u00e4k\u00e4ytt\u00e4j\u00e4: Opintosihteeri Jaakko Ij\u00e4setunimi.sukunimi[a]jamk.fi 4 Henkil\u00f6tietojen k\u00e4sittely ja sen tarkoitus Tutkintotodistuksen aitouden varmentaminen. [&hellip;]<\/p>\n","protected":false},"author":178,"featured_media":0,"parent":541,"menu_order":0,"comment_status":"closed","ping_status":"closed","template":"","meta":{"_acf_changed":false,"_relevanssi_hide_post":"","_relevanssi_hide_content":"","_relevanssi_pin_for_all":"","_relevanssi_pin_keywords":"","_relevanssi_unpin_keywords":"","_relevanssi_related_keywords":"","_relevanssi_related_include_ids":"","_relevanssi_related_exclude_ids":"","_relevanssi_related_no_append":"","_relevanssi_related_not_related":"","_relevanssi_related_posts":"","_relevanssi_noindex_reason":"","footnotes":""},"categories":[],"tags":[345,22,28,34,40,58,136,347,349],"class_list":["post-437","page","type-page","status-publish","hentry","tag-aitous","tag-gdpr","tag-henkilotieto","tag-rekisteri","tag-rekisteriseloste","tag-tietosuoja","tag-tietosuojailmoitus","tag-tutkintotodistus","tag-varmenne"],"acf":[],"yoast_head":"<!-- This site is optimized with the Yoast SEO plugin v27.5 - https:\/\/yoast.com\/product\/yoast-seo-wordpress\/ -->\n<title>Tietosuojaseloste - Todistuksen aitouden varmennuspalvelu - Tietosuoja<\/title>\n<meta name=\"robots\" content=\"index, follow, max-snippet:-1, max-image-preview:large, max-video-preview:-1\" \/>\n<link rel=\"canonical\" href=\"https:\/\/help.jamk.fi\/tietosuoja\/fi\/opiskelija-opetus\/tietosuojaseloste-todistuksen-aitouden-varmennuspalvelu\/\" \/>\n<meta property=\"og:locale\" content=\"fi_FI\" \/>\n<meta property=\"og:type\" content=\"article\" \/>\n<meta property=\"og:title\" content=\"Tietosuojaseloste - Todistuksen aitouden varmennuspalvelu - Tietosuoja\" \/>\n<meta property=\"og:description\" content=\"(EU -tietosuoja-asetus (2016\/679) P\u00e4ivitetty 4.12.2018 1 Rekisterin nimi Todistuksen aitouden varmennuspalvelu 2 Rekisterinpit\u00e4j\u00e4 Jyv\u00e4skyl\u00e4n ammattikorkeakoulu OyPL 207, 40101 Jyv\u00e4skyl\u00e4+358 20 743 8100 Palveluntarjoajan tietosuojaseloste 3 Yhteyshenkil\u00f6 rekisteri\u00e4 koskevissa asioissa, yhteystiedot virka-aikana Rekisterist\u00e4 vastaava johtaja: Vararehtori Heikki Malinen Prosessista vastaava: Opiskelijapalveluiden p\u00e4\u00e4llikk\u00f6 Kristiina KorhonenP\u00e4\u00e4k\u00e4ytt\u00e4j\u00e4: Opintosihteeri Jaakko Ij\u00e4setunimi.sukunimi[a]jamk.fi 4 Henkil\u00f6tietojen k\u00e4sittely ja sen tarkoitus Tutkintotodistuksen aitouden varmentaminen. [&hellip;]\" \/>\n<meta property=\"og:url\" content=\"https:\/\/help.jamk.fi\/tietosuoja\/fi\/opiskelija-opetus\/tietosuojaseloste-todistuksen-aitouden-varmennuspalvelu\/\" \/>\n<meta property=\"og:site_name\" content=\"Tietosuoja\" \/>\n<meta property=\"article:modified_time\" content=\"2024-01-23T13:46:13+00:00\" \/>\n<meta name=\"twitter:card\" content=\"summary_large_image\" \/>\n<meta name=\"twitter:label1\" content=\"Arvioitu lukuaika\" \/>\n\t<meta name=\"twitter:data1\" content=\"2 minuuttia\" \/>\n<script type=\"application\/ld+json\" class=\"yoast-schema-graph\">{\"@context\":\"https:\\\/\\\/schema.org\",\"@graph\":[{\"@type\":\"WebPage\",\"@id\":\"https:\\\/\\\/help.jamk.fi\\\/tietosuoja\\\/fi\\\/opiskelija-opetus\\\/tietosuojaseloste-todistuksen-aitouden-varmennuspalvelu\\\/\",\"url\":\"https:\\\/\\\/help.jamk.fi\\\/tietosuoja\\\/fi\\\/opiskelija-opetus\\\/tietosuojaseloste-todistuksen-aitouden-varmennuspalvelu\\\/\",\"name\":\"Tietosuojaseloste - Todistuksen aitouden varmennuspalvelu - Tietosuoja\",\"isPartOf\":{\"@id\":\"https:\\\/\\\/help.jamk.fi\\\/tietosuoja\\\/#website\"},\"datePublished\":\"2018-11-27T09:41:05+00:00\",\"dateModified\":\"2024-01-23T13:46:13+00:00\",\"breadcrumb\":{\"@id\":\"https:\\\/\\\/help.jamk.fi\\\/tietosuoja\\\/fi\\\/opiskelija-opetus\\\/tietosuojaseloste-todistuksen-aitouden-varmennuspalvelu\\\/#breadcrumb\"},\"inLanguage\":\"fi\",\"potentialAction\":[{\"@type\":\"ReadAction\",\"target\":[\"https:\\\/\\\/help.jamk.fi\\\/tietosuoja\\\/fi\\\/opiskelija-opetus\\\/tietosuojaseloste-todistuksen-aitouden-varmennuspalvelu\\\/\"]}]},{\"@type\":\"BreadcrumbList\",\"@id\":\"https:\\\/\\\/help.jamk.fi\\\/tietosuoja\\\/fi\\\/opiskelija-opetus\\\/tietosuojaseloste-todistuksen-aitouden-varmennuspalvelu\\\/#breadcrumb\",\"itemListElement\":[{\"@type\":\"ListItem\",\"position\":1,\"name\":\"Etusivu\",\"item\":\"https:\\\/\\\/help.jamk.fi\\\/tietosuoja\\\/fi\\\/\"},{\"@type\":\"ListItem\",\"position\":2,\"name\":\"Opiskelija &#8211; Opetus\",\"item\":\"https:\\\/\\\/help.jamk.fi\\\/tietosuoja\\\/fi\\\/opiskelija-opetus\\\/\"},{\"@type\":\"ListItem\",\"position\":3,\"name\":\"Tietosuojaseloste &#8211; Todistuksen aitouden varmennuspalvelu\"}]},{\"@type\":\"WebSite\",\"@id\":\"https:\\\/\\\/help.jamk.fi\\\/tietosuoja\\\/#website\",\"url\":\"https:\\\/\\\/help.jamk.fi\\\/tietosuoja\\\/\",\"name\":\"Tietosuoja\",\"description\":\"\",\"potentialAction\":[{\"@type\":\"SearchAction\",\"target\":{\"@type\":\"EntryPoint\",\"urlTemplate\":\"https:\\\/\\\/help.jamk.fi\\\/tietosuoja\\\/?s={search_term_string}\"},\"query-input\":{\"@type\":\"PropertyValueSpecification\",\"valueRequired\":true,\"valueName\":\"search_term_string\"}}],\"inLanguage\":\"fi\"}]}<\/script>\n<!-- \/ Yoast SEO plugin. -->","yoast_head_json":{"title":"Tietosuojaseloste - Todistuksen aitouden varmennuspalvelu - Tietosuoja","robots":{"index":"index","follow":"follow","max-snippet":"max-snippet:-1","max-image-preview":"max-image-preview:large","max-video-preview":"max-video-preview:-1"},"canonical":"https:\/\/help.jamk.fi\/tietosuoja\/fi\/opiskelija-opetus\/tietosuojaseloste-todistuksen-aitouden-varmennuspalvelu\/","og_locale":"fi_FI","og_type":"article","og_title":"Tietosuojaseloste - Todistuksen aitouden varmennuspalvelu - Tietosuoja","og_description":"(EU -tietosuoja-asetus (2016\/679) P\u00e4ivitetty 4.12.2018 1 Rekisterin nimi Todistuksen aitouden varmennuspalvelu 2 Rekisterinpit\u00e4j\u00e4 Jyv\u00e4skyl\u00e4n ammattikorkeakoulu OyPL 207, 40101 Jyv\u00e4skyl\u00e4+358 20 743 8100 Palveluntarjoajan tietosuojaseloste 3 Yhteyshenkil\u00f6 rekisteri\u00e4 koskevissa asioissa, yhteystiedot virka-aikana Rekisterist\u00e4 vastaava johtaja: Vararehtori Heikki Malinen Prosessista vastaava: Opiskelijapalveluiden p\u00e4\u00e4llikk\u00f6 Kristiina KorhonenP\u00e4\u00e4k\u00e4ytt\u00e4j\u00e4: Opintosihteeri Jaakko Ij\u00e4setunimi.sukunimi[a]jamk.fi 4 Henkil\u00f6tietojen k\u00e4sittely ja sen tarkoitus Tutkintotodistuksen aitouden varmentaminen. [&hellip;]","og_url":"https:\/\/help.jamk.fi\/tietosuoja\/fi\/opiskelija-opetus\/tietosuojaseloste-todistuksen-aitouden-varmennuspalvelu\/","og_site_name":"Tietosuoja","article_modified_time":"2024-01-23T13:46:13+00:00","twitter_card":"summary_large_image","twitter_misc":{"Arvioitu lukuaika":"2 minuuttia"},"schema":{"@context":"https:\/\/schema.org","@graph":[{"@type":"WebPage","@id":"https:\/\/help.jamk.fi\/tietosuoja\/fi\/opiskelija-opetus\/tietosuojaseloste-todistuksen-aitouden-varmennuspalvelu\/","url":"https:\/\/help.jamk.fi\/tietosuoja\/fi\/opiskelija-opetus\/tietosuojaseloste-todistuksen-aitouden-varmennuspalvelu\/","name":"Tietosuojaseloste - Todistuksen aitouden varmennuspalvelu - Tietosuoja","isPartOf":{"@id":"https:\/\/help.jamk.fi\/tietosuoja\/#website"},"datePublished":"2018-11-27T09:41:05+00:00","dateModified":"2024-01-23T13:46:13+00:00","breadcrumb":{"@id":"https:\/\/help.jamk.fi\/tietosuoja\/fi\/opiskelija-opetus\/tietosuojaseloste-todistuksen-aitouden-varmennuspalvelu\/#breadcrumb"},"inLanguage":"fi","potentialAction":[{"@type":"ReadAction","target":["https:\/\/help.jamk.fi\/tietosuoja\/fi\/opiskelija-opetus\/tietosuojaseloste-todistuksen-aitouden-varmennuspalvelu\/"]}]},{"@type":"BreadcrumbList","@id":"https:\/\/help.jamk.fi\/tietosuoja\/fi\/opiskelija-opetus\/tietosuojaseloste-todistuksen-aitouden-varmennuspalvelu\/#breadcrumb","itemListElement":[{"@type":"ListItem","position":1,"name":"Etusivu","item":"https:\/\/help.jamk.fi\/tietosuoja\/fi\/"},{"@type":"ListItem","position":2,"name":"Opiskelija &#8211; Opetus","item":"https:\/\/help.jamk.fi\/tietosuoja\/fi\/opiskelija-opetus\/"},{"@type":"ListItem","position":3,"name":"Tietosuojaseloste &#8211; Todistuksen aitouden varmennuspalvelu"}]},{"@type":"WebSite","@id":"https:\/\/help.jamk.fi\/tietosuoja\/#website","url":"https:\/\/help.jamk.fi\/tietosuoja\/","name":"Tietosuoja","description":"","potentialAction":[{"@type":"SearchAction","target":{"@type":"EntryPoint","urlTemplate":"https:\/\/help.jamk.fi\/tietosuoja\/?s={search_term_string}"},"query-input":{"@type":"PropertyValueSpecification","valueRequired":true,"valueName":"search_term_string"}}],"inLanguage":"fi"}]}},"_links":{"self":[{"href":"https:\/\/help.jamk.fi\/tietosuoja\/wp-json\/wp\/v2\/pages\/437","targetHints":{"allow":["GET"]}}],"collection":[{"href":"https:\/\/help.jamk.fi\/tietosuoja\/wp-json\/wp\/v2\/pages"}],"about":[{"href":"https:\/\/help.jamk.fi\/tietosuoja\/wp-json\/wp\/v2\/types\/page"}],"author":[{"embeddable":true,"href":"https:\/\/help.jamk.fi\/tietosuoja\/wp-json\/wp\/v2\/users\/178"}],"replies":[{"embeddable":true,"href":"https:\/\/help.jamk.fi\/tietosuoja\/wp-json\/wp\/v2\/comments?post=437"}],"version-history":[{"count":2,"href":"https:\/\/help.jamk.fi\/tietosuoja\/wp-json\/wp\/v2\/pages\/437\/revisions"}],"predecessor-version":[{"id":920,"href":"https:\/\/help.jamk.fi\/tietosuoja\/wp-json\/wp\/v2\/pages\/437\/revisions\/920"}],"up":[{"embeddable":true,"href":"https:\/\/help.jamk.fi\/tietosuoja\/wp-json\/wp\/v2\/pages\/541"}],"wp:attachment":[{"href":"https:\/\/help.jamk.fi\/tietosuoja\/wp-json\/wp\/v2\/media?parent=437"}],"wp:term":[{"taxonomy":"category","embeddable":true,"href":"https:\/\/help.jamk.fi\/tietosuoja\/wp-json\/wp\/v2\/categories?post=437"},{"taxonomy":"post_tag","embeddable":true,"href":"https:\/\/help.jamk.fi\/tietosuoja\/wp-json\/wp\/v2\/tags?post=437"}],"curies":[{"name":"wp","href":"https:\/\/api.w.org\/{rel}","templated":true}]}}