{"id":441,"date":"2023-06-26T23:46:00","date_gmt":"2023-06-26T20:46:00","guid":{"rendered":"https:\/\/help.jamk.fi\/tietosuoja\/?page_id=441"},"modified":"2024-01-23T15:47:14","modified_gmt":"2024-01-23T13:47:14","slug":"tietosuojaseloste-microsoft-365-pilvipalvelu","status":"publish","type":"page","link":"https:\/\/help.jamk.fi\/tietosuoja\/fi\/muut-palvelut\/tietosuojaseloste-microsoft-365-pilvipalvelu\/","title":{"rendered":"Tietosuojaseloste \u2013 Microsoft 365 -pilvipalvelu"},"content":{"rendered":"\n<p><a href=\"https:\/\/eur-lex.europa.eu\/legal-content\/FI\/TXT\/?uri=uriserv:OJ.L_.2016.119.01.0001.01.FIN&amp;toc=OJ:L:2016:119:FULL\">EU yleinen tietosuoja-asetus<\/a> (2016\/679)<\/p>\n\n\n\n<p>P\u00e4ivitetty 26.6.2023<\/p>\n\n\n\n<p><strong>1 Rekisterin nimi<\/strong><\/p>\n\n\n\n<p>Microsoft 365 -pilvipalvelu<\/p>\n\n\n\n<p><strong>2 Rekisterinpit\u00e4j\u00e4<\/strong><\/p>\n\n\n\n<p>Jyv\u00e4skyl\u00e4n Ammattikorkeakoulu Oy<br>PL 207, 40101 Jyv\u00e4skyl\u00e4<br>+358 20 743 8100<\/p>\n\n\n\n<p>Palveluntarjoajan\/j\u00e4rjestelm\u00e4toimittajan tietosuojaseloste <a href=\"https:\/\/privacy.microsoft.com\/fi-fi\/privacystatement\">https:\/\/privacy.microsoft.com\/fi-fi\/privacystatement<\/a><\/p>\n\n\n\n<p><strong>3 Yhteyshenkil\u00f6 rekisteri\u00e4 koskevissa asioissa, yhteystiedot virka-aikana<\/strong><\/p>\n\n\n\n<figure class=\"wp-block-table\"><table><tbody><tr><td>Rekisterist\u00e4 vastaava johtaja tai prosessin omistaja<\/td><td><\/td><\/tr><tr><td>Nimike<\/td><td>hallintojohtaja<\/td><\/tr><tr><td>Yksikk\u00f6\/Tukipalvelu<\/td><td>KOPA<\/td><\/tr><tr><td>Sis\u00e4ll\u00f6llinen p\u00e4\u00e4k\u00e4ytt\u00e4j\u00e4<\/td><td>ICT-palvelut<\/td><\/tr><tr><td>Nimike<\/td><td>j\u00e4rjestelm\u00e4suunnittelija<\/td><\/tr><tr><td>Yksikk\u00f6\/Tukipalvelu<\/td><td>KOPA<\/td><\/tr><tr><td>Tekninen p\u00e4\u00e4k\u00e4ytt\u00e4j\u00e4<\/td><td>ICT-palvelut<\/td><\/tr><tr><td>Nimike<\/td><td>j\u00e4rjestelm\u00e4suunnittelija<\/td><\/tr><tr><td>Yksikk\u00f6\/Tukipalvelu<\/td><td>KOPA<\/td><\/tr><\/tbody><\/table><\/figure>\n\n\n\n<p><strong>4 Henkil\u00f6tietojen k\u00e4sittelyn tarkoitus<\/strong><\/p>\n\n\n\n<p>Henkil\u00f6tietoja k\u00e4sitell\u00e4\u00e4n asiakasrekisterin yll\u00e4pitoon, k\u00e4ytt\u00f6oikeuksiin ja kulunvalvontaan, suoramarkkinointiin ja opetuksen j\u00e4rjest\u00e4miseen liittyen.<\/p>\n\n\n\n<p><strong>5 Rekisterin tietosis\u00e4lt\u00f6 ja rekister\u00f6ityjen ryhm\u00e4t<\/strong><\/p>\n\n\n\n<p>Yhteyshenkil\u00f6t vastaavat siit\u00e4, ett\u00e4 henkil\u00f6tietoja k\u00e4sitell\u00e4\u00e4n <a href=\"https:\/\/intra.jamk.fi\/opiskelijat\/Sivut\/Webropol_k\u00e4ytt\u00f6s\u00e4\u00e4nn\u00f6t.aspx\">Jamkin henkil\u00f6tietojen k\u00e4sittelyohjeen<\/a> mukaisesti.<\/p>\n\n\n\n<p>Rekister\u00f6ityjen ryhm\u00e4t: asiakkaat, opiskelijat, ty\u00f6ntekij\u00e4t, yhteisty\u00f6kumppanit<\/p>\n\n\n\n<p>Henkil\u00f6tietoina rekisteriin voidaan tallentaa<\/p>\n\n\n\n<p>&#8211; Nimi, puhelin<\/p>\n\n\n\n<p>&#8211; S\u00e4hk\u00f6postiosoite jamk.fi, s\u00e4hk\u00f6postiosoite muu<\/p>\n\n\n\n<p>&#8211; Tutkinto-ohjelma, opintoala<\/p>\n\n\n\n<p>&#8211; Organisaatio, yksikk\u00f6, kustannuspaikka, toiminto<\/p>\n\n\n\n<p>&#8211; Toiminimike, esihenkil\u00f6<\/p>\n\n\n\n<p>&#8211; K\u00e4ytt\u00e4j\u00e4tunnus, IP-osoite, paikannustietoa, valokuva<\/p>\n\n\n\n<p>&#8211; Kieli, tunnuksen aktiivisuus, kirjautumistiedot, ryhm\u00e4j\u00e4senyydet<\/p>\n\n\n\n<p><strong>6 K\u00e4sittelyperuste<\/strong><\/p>\n\n\n\n<p>Jamkilla on oikeus k\u00e4sitell\u00e4 henkil\u00f6tietoja rekisterinpit\u00e4j\u00e4n\u00e4, koska k\u00e4sittely on tarpeen lakis\u00e4\u00e4teisen teht\u00e4v\u00e4n ja velvoitteen vuoksi. EU:n yleisen tietosuoja-asetuksen 6 artikla 1 c -kohta.<\/p>\n\n\n\n<p><strong>7 S\u00e4\u00e4nn\u00f6nmukaiset tietol\u00e4hteet<\/strong><\/p>\n\n\n\n<p>Tietol\u00e4hteet saadaan Jamkin muista tietoj\u00e4rjestelmist\u00e4 (HR-j\u00e4rjestelm\u00e4, opiskelija- ja opintotietoj\u00e4rjestelm\u00e4) ja henkil\u00f6lt\u00e4 itselt\u00e4\u00e4n.<\/p>\n\n\n\n<p>J\u00e4rjestelm\u00e4integrointien my\u00f6t\u00e4 siirret\u00e4\u00e4n v\u00e4ltt\u00e4m\u00e4tt\u00f6m\u00e4t perustiedot (mm. nimi, s\u00e4hk\u00f6postiosoite) palveluntarjoajille.<\/p>\n\n\n\n<p><strong>8 S\u00e4\u00e4nn\u00f6nmukaiset tietojen luovutukset ja tietojen siirto EU:n tai Euroopan talousalueen ulkopuolelle<\/strong><\/p>\n\n\n\n<p>Tietoja ei siirret\u00e4 EU:n tai ETA-alueen ulkopuolelle ja\/tai kansainv\u00e4lisille j\u00e4rjest\u00f6ille.<\/p>\n\n\n\n<p><strong>9 Rekisterin suojauksen periaatteet<\/strong><\/p>\n\n\n\n<p>Rekisterin k\u00e4sittelyss\u00e4 noudatetaan huolellisuutta ja tietoj\u00e4rjestelmien avulla k\u00e4sitelt\u00e4v\u00e4t tiedot suojataan asianmukaisesti. Tietoja k\u00e4sitell\u00e4\u00e4n luottamuksellisesti ja vain niiden ty\u00f6ntekij\u00f6iden toimesta, joiden ty\u00f6nkuvaan se kuuluu.<\/p>\n\n\n\n<p>Ei ole manuaalisia aineistoja.<\/p>\n\n\n\n<p>S\u00e4hk\u00f6iset aineistot on suojattu k\u00e4ytt\u00e4j\u00e4tunnuksin ja salasanoin. K\u00e4ytt\u00f6oikeudet m\u00e4\u00e4rittyv\u00e4t k\u00e4ytt\u00e4j\u00e4ryhmitt\u00e4in. Palvelimet sijaitsevat EU- tai ETA-alueella.<\/p>\n\n\n\n<p><strong>10 Henkil\u00f6tietojen s\u00e4ilytt\u00e4misaika tai s\u00e4ilytt\u00e4misajan m\u00e4\u00e4ritt\u00e4miskriteerit<\/strong><\/p>\n\n\n\n<p>Opiskelijoiden tietoja s\u00e4ilytet\u00e4\u00e4n viisi (5) kuukautta opiskeluoikeuden p\u00e4\u00e4ttymisest\u00e4, mink\u00e4 j\u00e4lkeen tiedot poistetaan automaattisesti.<\/p>\n\n\n\n<p>Henkil\u00f6st\u00f6n tietoja s\u00e4ilytet\u00e4\u00e4n viisi (5) kuukautta ty\u00f6suhteen p\u00e4\u00e4ttymisest\u00e4, mink\u00e4 j\u00e4lkeen tiedot poistetaan automaattisesti.<\/p>\n\n\n\n<p><strong>11 Profilointi ja automaattinen p\u00e4\u00e4t\u00f6ksenteko<\/strong><\/p>\n\n\n\n<p>Rekisterin tietoja ei k\u00e4ytet\u00e4 automatisoituihin yksitt\u00e4isp\u00e4\u00e4t\u00f6ksiin eik\u00e4 profilointiin.<\/p>\n\n\n\n<p><strong>12 Rekister\u00f6idyn oikeudet<\/strong><\/p>\n\n\n\n<p>Tietosuojavastaavasta ja rekister\u00f6idyn oikeuksista ja niiden toteuttamisesta kerrotaan <a href=\"https:\/\/www.jamk.fi\/fi\/jamk\/tietosuoja-jamkissa\" data-type=\"URL\" data-id=\"https:\/\/www.jamk.fi\/fi\/Tietoa-JAMKista\/tietosuoja\/\">Jamkin tietosuojalausekkeessa<\/a> ja <a href=\"https:\/\/www.jamk.fi\/fi\/Tietoa-JAMKista\/tietosuoja\/rekisteroidyn-oikeudet\/\">Rekister\u00f6idyn oikeudet<\/a>-sivulla.<\/p>\n","protected":false},"excerpt":{"rendered":"<p>EU yleinen tietosuoja-asetus (2016\/679) P\u00e4ivitetty 26.6.2023 1 Rekisterin nimi Microsoft 365 -pilvipalvelu 2 Rekisterinpit\u00e4j\u00e4 Jyv\u00e4skyl\u00e4n Ammattikorkeakoulu OyPL 207, 40101 Jyv\u00e4skyl\u00e4+358 20 743 8100 Palveluntarjoajan\/j\u00e4rjestelm\u00e4toimittajan tietosuojaseloste https:\/\/privacy.microsoft.com\/fi-fi\/privacystatement 3 Yhteyshenkil\u00f6 rekisteri\u00e4 koskevissa asioissa, yhteystiedot virka-aikana Rekisterist\u00e4 vastaava johtaja tai prosessin omistaja Nimike hallintojohtaja Yksikk\u00f6\/Tukipalvelu KOPA Sis\u00e4ll\u00f6llinen p\u00e4\u00e4k\u00e4ytt\u00e4j\u00e4 ICT-palvelut Nimike j\u00e4rjestelm\u00e4suunnittelija Yksikk\u00f6\/Tukipalvelu KOPA Tekninen p\u00e4\u00e4k\u00e4ytt\u00e4j\u00e4 ICT-palvelut Nimike j\u00e4rjestelm\u00e4suunnittelija [&hellip;]<\/p>\n","protected":false},"author":178,"featured_media":0,"parent":546,"menu_order":0,"comment_status":"closed","ping_status":"closed","template":"","meta":{"_acf_changed":false,"_relevanssi_hide_post":"","_relevanssi_hide_content":"","_relevanssi_pin_for_all":"","_relevanssi_pin_keywords":"","_relevanssi_unpin_keywords":"","_relevanssi_related_keywords":"","_relevanssi_related_include_ids":"","_relevanssi_related_exclude_ids":"","_relevanssi_related_no_append":"","_relevanssi_related_not_related":"","_relevanssi_related_posts":"","_relevanssi_noindex_reason":"","footnotes":""},"categories":[],"tags":[],"class_list":["post-441","page","type-page","status-publish","hentry"],"acf":[],"yoast_head":"<!-- This site is optimized with the Yoast SEO plugin v27.3 - https:\/\/yoast.com\/product\/yoast-seo-wordpress\/ -->\n<title>Tietosuojaseloste \u2013 Microsoft 365 -pilvipalvelu - Tietosuoja<\/title>\n<meta name=\"robots\" content=\"index, follow, max-snippet:-1, max-image-preview:large, max-video-preview:-1\" \/>\n<link rel=\"canonical\" href=\"https:\/\/help.jamk.fi\/tietosuoja\/fi\/muut-palvelut\/tietosuojaseloste-microsoft-365-pilvipalvelu\/\" \/>\n<meta property=\"og:locale\" content=\"fi_FI\" \/>\n<meta property=\"og:type\" content=\"article\" \/>\n<meta property=\"og:title\" content=\"Tietosuojaseloste \u2013 Microsoft 365 -pilvipalvelu - Tietosuoja\" \/>\n<meta property=\"og:description\" content=\"EU yleinen tietosuoja-asetus (2016\/679) P\u00e4ivitetty 26.6.2023 1 Rekisterin nimi Microsoft 365 -pilvipalvelu 2 Rekisterinpit\u00e4j\u00e4 Jyv\u00e4skyl\u00e4n Ammattikorkeakoulu OyPL 207, 40101 Jyv\u00e4skyl\u00e4+358 20 743 8100 Palveluntarjoajan\/j\u00e4rjestelm\u00e4toimittajan tietosuojaseloste https:\/\/privacy.microsoft.com\/fi-fi\/privacystatement 3 Yhteyshenkil\u00f6 rekisteri\u00e4 koskevissa asioissa, yhteystiedot virka-aikana Rekisterist\u00e4 vastaava johtaja tai prosessin omistaja Nimike hallintojohtaja Yksikk\u00f6\/Tukipalvelu KOPA Sis\u00e4ll\u00f6llinen p\u00e4\u00e4k\u00e4ytt\u00e4j\u00e4 ICT-palvelut Nimike j\u00e4rjestelm\u00e4suunnittelija Yksikk\u00f6\/Tukipalvelu KOPA Tekninen p\u00e4\u00e4k\u00e4ytt\u00e4j\u00e4 ICT-palvelut Nimike j\u00e4rjestelm\u00e4suunnittelija [&hellip;]\" \/>\n<meta property=\"og:url\" content=\"https:\/\/help.jamk.fi\/tietosuoja\/fi\/muut-palvelut\/tietosuojaseloste-microsoft-365-pilvipalvelu\/\" \/>\n<meta property=\"og:site_name\" content=\"Tietosuoja\" \/>\n<meta property=\"article:modified_time\" content=\"2024-01-23T13:47:14+00:00\" \/>\n<meta name=\"twitter:card\" content=\"summary_large_image\" \/>\n<meta name=\"twitter:label1\" content=\"Arvioitu lukuaika\" \/>\n\t<meta name=\"twitter:data1\" content=\"2 minuuttia\" \/>\n<script type=\"application\/ld+json\" class=\"yoast-schema-graph\">{\"@context\":\"https:\\\/\\\/schema.org\",\"@graph\":[{\"@type\":\"WebPage\",\"@id\":\"https:\\\/\\\/help.jamk.fi\\\/tietosuoja\\\/fi\\\/muut-palvelut\\\/tietosuojaseloste-microsoft-365-pilvipalvelu\\\/\",\"url\":\"https:\\\/\\\/help.jamk.fi\\\/tietosuoja\\\/fi\\\/muut-palvelut\\\/tietosuojaseloste-microsoft-365-pilvipalvelu\\\/\",\"name\":\"Tietosuojaseloste \u2013 Microsoft 365 -pilvipalvelu - Tietosuoja\",\"isPartOf\":{\"@id\":\"https:\\\/\\\/help.jamk.fi\\\/tietosuoja\\\/#website\"},\"datePublished\":\"2023-06-26T20:46:00+00:00\",\"dateModified\":\"2024-01-23T13:47:14+00:00\",\"breadcrumb\":{\"@id\":\"https:\\\/\\\/help.jamk.fi\\\/tietosuoja\\\/fi\\\/muut-palvelut\\\/tietosuojaseloste-microsoft-365-pilvipalvelu\\\/#breadcrumb\"},\"inLanguage\":\"fi\",\"potentialAction\":[{\"@type\":\"ReadAction\",\"target\":[\"https:\\\/\\\/help.jamk.fi\\\/tietosuoja\\\/fi\\\/muut-palvelut\\\/tietosuojaseloste-microsoft-365-pilvipalvelu\\\/\"]}]},{\"@type\":\"BreadcrumbList\",\"@id\":\"https:\\\/\\\/help.jamk.fi\\\/tietosuoja\\\/fi\\\/muut-palvelut\\\/tietosuojaseloste-microsoft-365-pilvipalvelu\\\/#breadcrumb\",\"itemListElement\":[{\"@type\":\"ListItem\",\"position\":1,\"name\":\"Etusivu\",\"item\":\"https:\\\/\\\/help.jamk.fi\\\/tietosuoja\\\/fi\\\/\"},{\"@type\":\"ListItem\",\"position\":2,\"name\":\"Muut palvelut\",\"item\":\"https:\\\/\\\/help.jamk.fi\\\/tietosuoja\\\/fi\\\/muut-palvelut\\\/\"},{\"@type\":\"ListItem\",\"position\":3,\"name\":\"Tietosuojaseloste \u2013 Microsoft 365 -pilvipalvelu\"}]},{\"@type\":\"WebSite\",\"@id\":\"https:\\\/\\\/help.jamk.fi\\\/tietosuoja\\\/#website\",\"url\":\"https:\\\/\\\/help.jamk.fi\\\/tietosuoja\\\/\",\"name\":\"Tietosuoja\",\"description\":\"\",\"potentialAction\":[{\"@type\":\"SearchAction\",\"target\":{\"@type\":\"EntryPoint\",\"urlTemplate\":\"https:\\\/\\\/help.jamk.fi\\\/tietosuoja\\\/?s={search_term_string}\"},\"query-input\":{\"@type\":\"PropertyValueSpecification\",\"valueRequired\":true,\"valueName\":\"search_term_string\"}}],\"inLanguage\":\"fi\"}]}<\/script>\n<!-- \/ Yoast SEO plugin. -->","yoast_head_json":{"title":"Tietosuojaseloste \u2013 Microsoft 365 -pilvipalvelu - Tietosuoja","robots":{"index":"index","follow":"follow","max-snippet":"max-snippet:-1","max-image-preview":"max-image-preview:large","max-video-preview":"max-video-preview:-1"},"canonical":"https:\/\/help.jamk.fi\/tietosuoja\/fi\/muut-palvelut\/tietosuojaseloste-microsoft-365-pilvipalvelu\/","og_locale":"fi_FI","og_type":"article","og_title":"Tietosuojaseloste \u2013 Microsoft 365 -pilvipalvelu - Tietosuoja","og_description":"EU yleinen tietosuoja-asetus (2016\/679) P\u00e4ivitetty 26.6.2023 1 Rekisterin nimi Microsoft 365 -pilvipalvelu 2 Rekisterinpit\u00e4j\u00e4 Jyv\u00e4skyl\u00e4n Ammattikorkeakoulu OyPL 207, 40101 Jyv\u00e4skyl\u00e4+358 20 743 8100 Palveluntarjoajan\/j\u00e4rjestelm\u00e4toimittajan tietosuojaseloste https:\/\/privacy.microsoft.com\/fi-fi\/privacystatement 3 Yhteyshenkil\u00f6 rekisteri\u00e4 koskevissa asioissa, yhteystiedot virka-aikana Rekisterist\u00e4 vastaava johtaja tai prosessin omistaja Nimike hallintojohtaja Yksikk\u00f6\/Tukipalvelu KOPA Sis\u00e4ll\u00f6llinen p\u00e4\u00e4k\u00e4ytt\u00e4j\u00e4 ICT-palvelut Nimike j\u00e4rjestelm\u00e4suunnittelija Yksikk\u00f6\/Tukipalvelu KOPA Tekninen p\u00e4\u00e4k\u00e4ytt\u00e4j\u00e4 ICT-palvelut Nimike j\u00e4rjestelm\u00e4suunnittelija [&hellip;]","og_url":"https:\/\/help.jamk.fi\/tietosuoja\/fi\/muut-palvelut\/tietosuojaseloste-microsoft-365-pilvipalvelu\/","og_site_name":"Tietosuoja","article_modified_time":"2024-01-23T13:47:14+00:00","twitter_card":"summary_large_image","twitter_misc":{"Arvioitu lukuaika":"2 minuuttia"},"schema":{"@context":"https:\/\/schema.org","@graph":[{"@type":"WebPage","@id":"https:\/\/help.jamk.fi\/tietosuoja\/fi\/muut-palvelut\/tietosuojaseloste-microsoft-365-pilvipalvelu\/","url":"https:\/\/help.jamk.fi\/tietosuoja\/fi\/muut-palvelut\/tietosuojaseloste-microsoft-365-pilvipalvelu\/","name":"Tietosuojaseloste \u2013 Microsoft 365 -pilvipalvelu - Tietosuoja","isPartOf":{"@id":"https:\/\/help.jamk.fi\/tietosuoja\/#website"},"datePublished":"2023-06-26T20:46:00+00:00","dateModified":"2024-01-23T13:47:14+00:00","breadcrumb":{"@id":"https:\/\/help.jamk.fi\/tietosuoja\/fi\/muut-palvelut\/tietosuojaseloste-microsoft-365-pilvipalvelu\/#breadcrumb"},"inLanguage":"fi","potentialAction":[{"@type":"ReadAction","target":["https:\/\/help.jamk.fi\/tietosuoja\/fi\/muut-palvelut\/tietosuojaseloste-microsoft-365-pilvipalvelu\/"]}]},{"@type":"BreadcrumbList","@id":"https:\/\/help.jamk.fi\/tietosuoja\/fi\/muut-palvelut\/tietosuojaseloste-microsoft-365-pilvipalvelu\/#breadcrumb","itemListElement":[{"@type":"ListItem","position":1,"name":"Etusivu","item":"https:\/\/help.jamk.fi\/tietosuoja\/fi\/"},{"@type":"ListItem","position":2,"name":"Muut palvelut","item":"https:\/\/help.jamk.fi\/tietosuoja\/fi\/muut-palvelut\/"},{"@type":"ListItem","position":3,"name":"Tietosuojaseloste \u2013 Microsoft 365 -pilvipalvelu"}]},{"@type":"WebSite","@id":"https:\/\/help.jamk.fi\/tietosuoja\/#website","url":"https:\/\/help.jamk.fi\/tietosuoja\/","name":"Tietosuoja","description":"","potentialAction":[{"@type":"SearchAction","target":{"@type":"EntryPoint","urlTemplate":"https:\/\/help.jamk.fi\/tietosuoja\/?s={search_term_string}"},"query-input":{"@type":"PropertyValueSpecification","valueRequired":true,"valueName":"search_term_string"}}],"inLanguage":"fi"}]}},"_links":{"self":[{"href":"https:\/\/help.jamk.fi\/tietosuoja\/wp-json\/wp\/v2\/pages\/441","targetHints":{"allow":["GET"]}}],"collection":[{"href":"https:\/\/help.jamk.fi\/tietosuoja\/wp-json\/wp\/v2\/pages"}],"about":[{"href":"https:\/\/help.jamk.fi\/tietosuoja\/wp-json\/wp\/v2\/types\/page"}],"author":[{"embeddable":true,"href":"https:\/\/help.jamk.fi\/tietosuoja\/wp-json\/wp\/v2\/users\/178"}],"replies":[{"embeddable":true,"href":"https:\/\/help.jamk.fi\/tietosuoja\/wp-json\/wp\/v2\/comments?post=441"}],"version-history":[{"count":3,"href":"https:\/\/help.jamk.fi\/tietosuoja\/wp-json\/wp\/v2\/pages\/441\/revisions"}],"predecessor-version":[{"id":921,"href":"https:\/\/help.jamk.fi\/tietosuoja\/wp-json\/wp\/v2\/pages\/441\/revisions\/921"}],"up":[{"embeddable":true,"href":"https:\/\/help.jamk.fi\/tietosuoja\/wp-json\/wp\/v2\/pages\/546"}],"wp:attachment":[{"href":"https:\/\/help.jamk.fi\/tietosuoja\/wp-json\/wp\/v2\/media?parent=441"}],"wp:term":[{"taxonomy":"category","embeddable":true,"href":"https:\/\/help.jamk.fi\/tietosuoja\/wp-json\/wp\/v2\/categories?post=441"},{"taxonomy":"post_tag","embeddable":true,"href":"https:\/\/help.jamk.fi\/tietosuoja\/wp-json\/wp\/v2\/tags?post=441"}],"curies":[{"name":"wp","href":"https:\/\/api.w.org\/{rel}","templated":true}]}}