{"id":49,"date":"2017-12-04T12:16:26","date_gmt":"2017-12-04T10:16:26","guid":{"rendered":"https:\/\/help.jamk.fi\/tietosuoja\/tietosuojaseloste-kayttooikeudet\/"},"modified":"2023-12-18T12:34:50","modified_gmt":"2023-12-18T10:34:50","slug":"tietosuojaseloste-kayttooikeudet","status":"publish","type":"page","link":"https:\/\/help.jamk.fi\/tietosuoja\/fi\/muut-palvelut\/tietosuojaseloste-kayttooikeudet\/","title":{"rendered":"Tietosuojaseloste &#8211; K\u00e4ytt\u00f6oikeuksien hallinta"},"content":{"rendered":"\n<p>(<a href=\"http:\/\/eur-lex.europa.eu\/legal-content\/FI\/TXT\/?uri=uriserv:OJ.L_.2016.119.01.0001.01.FIN&amp;toc=OJ:L:2016:119:FULL\" target=\"_blank\" rel=\"noopener noreferrer\"><strong>EU -tietosuoja-asetus (2016\/679)<\/strong><\/a><\/p>\n\n\n\n<p>P\u00e4ivitetty 22.11.2018<\/p>\n\n\n\n<h2 class=\"wp-block-heading\">1 Rekisterin nimi<\/h2>\n\n\n\n<p>K\u00e4ytt\u00f6oikeuksien hallintaj\u00e4rjestelm\u00e4<\/p>\n\n\n\n<h2 class=\"wp-block-heading\">2&nbsp;Rekisterinpit\u00e4j\u00e4<\/h2>\n\n\n\n<p>Jyv\u00e4skyl\u00e4n ammattikorkeakoulu Oy<br>PL 207, 40101 Jyv\u00e4skyl\u00e4<br>+358 20 743 8100<\/p>\n\n\n\n<h2 class=\"wp-block-heading\">3&nbsp;Yhteyshenkil\u00f6 rekisteri\u00e4 koskevissa asioissa, yhteystiedot virka-aikana<\/h2>\n\n\n\n<ul class=\"wp-block-list\">\n<li>Rekisterist\u00e4 vastaavan johtaja:&nbsp; Hallintojohtaja Mikko R. Salminen<\/li>\n\n\n\n<li>Sis\u00e4ll\u00f6llinen p\u00e4\u00e4k\u00e4ytt\u00e4j\u00e4: Jyri Helakangas<\/li>\n\n\n\n<li>Tekninen p\u00e4\u00e4k\u00e4ytt\u00e4j\u00e4: Sami M\u00e4kinen<\/li>\n<\/ul>\n\n\n\n<p>etunimi.sukunimi[a]jamk.fi<\/p>\n\n\n\n<h2 class=\"wp-block-heading\">4 Henkil\u00f6tietojen k\u00e4sittelyn tarkoitus<\/h2>\n\n\n\n<p>K\u00e4ytt\u00f6oikeuksien hallintaj\u00e4rjestelm\u00e4ll\u00e4 yll\u00e4pidet\u00e4\u00e4n ajantasaista tietoa Jamkin tietoj\u00e4rjestelmien ja tietopalveluiden k\u00e4ytt\u00e4jien k\u00e4ytt\u00f6oikeuksista, k\u00e4ytt\u00f6oikeuden kestoista ja k\u00e4ytt\u00f6oikeuksien sis\u00e4ll\u00f6ist\u00e4 (k\u00e4ytt\u00f6oikeudet ja kulunvalvonta). Rekisteri sis\u00e4lt\u00e4\u00e4 henkil\u00f6st\u00f6n, opiskelijoiden ja ulkopuolisten k\u00e4ytt\u00e4jien tietoja.<\/p>\n\n\n\n<h2 class=\"wp-block-heading\">5 Rekisterin tietosis\u00e4lt\u00f6<\/h2>\n\n\n\n<figure class=\"wp-block-table\"><table><tbody><tr><td><strong>Kaikista ker\u00e4tt\u00e4v\u00e4 tiedot<\/strong><\/td><td><strong>Henkil\u00f6kunta<\/strong><\/td><\/tr><tr><td>Nimi (pakollinen)<\/td><td>Nimiketieto<\/td><\/tr><tr><td>Henkil\u00f6tunnus\/syntym\u00e4aika (hetuttomat) (pakollinen)<\/td><td>Henkil\u00f6numero (pakollinen)<\/td><\/tr><tr><td>Sukupuoli (pakollinen)<\/td><td>Henkil\u00f6tunnustiedot<\/td><\/tr><tr><td>Kansalaisuus (pakollinen)<\/td><td>K\u00e4ytt\u00e4j\u00e4tunnustiedot<\/td><\/tr><tr><td>\u00c4idinkieli<\/td><td>Konserniin tulotieto, ty\u00f6suhteensuhteen alku- ja loppup\u00e4iv\u00e4<\/td><\/tr><tr><td>Osoitetiedot<\/td><td>Yksikk\u00f6, tulosalue- ja&nbsp;kustannuspaikkatieto<\/td><\/tr><tr><td>S\u00e4hk\u00f6postiosoite<\/td><td>Ty\u00f6aikatieto<\/td><\/tr><tr><td>Puhelinnumerotiedot<\/td><td>Projektitieto<\/td><\/tr><tr><td>&nbsp;<\/td><td>Esimiestiedot<\/td><\/tr><tr><td>&nbsp;<\/td><td>&nbsp;<\/td><\/tr><tr><td><strong>Opiskelija<\/strong><\/td><td><strong>Ulkoiset k\u00e4ytt\u00e4j\u00e4t<\/strong><\/td><\/tr><tr><td>Opiskelijanumero<\/td><td>Sopimustiedot (pakollinen)<\/td><\/tr><tr><td>Opiskelijatyyppi<\/td><td>Nimike (pakollinen)<\/td><\/tr><tr><td>Opintoala ja tutkintotyyppitieto<\/td><td>Organisaatio (pakollinen)<\/td><\/tr><tr><td>Ryhm\u00e4tiedot<\/td><td>Suhteen aikatiedot<\/td><\/tr><tr><td>Tilakoodi (pakollinen)<\/td><td>Jamk yhdyshenkil\u00f6 (pakollinen)<\/td><\/tr><tr><td>Kieli<\/td><td>K\u00e4ytt\u00f6s\u00e4\u00e4nn\u00f6n hyv\u00e4ksymistieto (pakollinen)<\/td><\/tr><tr><td>Salasana (pakollinen)<\/td><td>&nbsp;<\/td><\/tr><tr><td>Luovutustieto (kansalliset tietovarannot)<\/td><td>&nbsp;<\/td><\/tr><tr><td>&nbsp;<\/td><td>&nbsp;<\/td><\/tr><\/tbody><\/table><\/figure>\n\n\n\n<h2 class=\"wp-block-heading\">6 K\u00e4sittelyperuste<\/h2>\n\n\n\n<p>\u2022 Lakis\u00e4\u00e4teinen teht\u00e4v\u00e4\/velvoite (henkil\u00f6kunta)<br>\u2022 Yleinen etu ja julkinen valta (opiskelija)<br>\u2022 Rekisterinpit\u00e4j\u00e4n oikeutettu etu (ulkoiset k\u00e4ytt\u00e4j\u00e4t)<\/p>\n\n\n\n<h2 class=\"wp-block-heading\">7&nbsp;S\u00e4\u00e4nn\u00f6nmukaiset tietol\u00e4hteet<\/h2>\n\n\n\n<ul class=\"wp-block-list\">\n<li>Opiskelijat: Opintohallinnon j\u00e4rjestelm\u00e4<\/li>\n\n\n\n<li>Henkil\u00f6kunta: Palkkahallinto<\/li>\n\n\n\n<li>Ulkopuoliset k\u00e4ytt\u00e4j\u00e4t: Kyselylomake<\/li>\n<\/ul>\n\n\n\n<h2 class=\"wp-block-heading\">8&nbsp;S\u00e4\u00e4nn\u00f6nmukaiset tietojen luovutukset ja tietojen siirto EU:n tai Euroopan talousalueen ulkopuolelle<\/h2>\n\n\n\n<p>Tietoja ei luovuteta s\u00e4\u00e4nn\u00f6nmukaisesti kolmansille tahoille. Tietoja ei siirret\u00e4 EU:n tai ETA-alueen ulkopuolelle eik\u00e4 kansainv\u00e4lisille j\u00e4rjest\u00f6ille<\/p>\n\n\n\n<h2 class=\"wp-block-heading\">9&nbsp;Rekisterin suojauksen periaatteet<\/h2>\n\n\n\n<p>Rekisteri ei tule sis\u00e4lt\u00e4m\u00e4\u00e4n manuaalisesti ker\u00e4tt\u00e4v\u00e4\u00e4 aineistoa. Kaikki palvelimet sijaitsevat&nbsp; lukitussa ja p\u00e4\u00e4syvalvotussa konesalissa. Palvelimille p\u00e4\u00e4sy sallitaan vain yll\u00e4pit\u00e4jille.<\/p>\n\n\n\n<h2 class=\"wp-block-heading\">10&nbsp;Henkil\u00f6tietojen s\u00e4ilytt\u00e4misaika tai s\u00e4ilytt\u00e4misajan m\u00e4\u00e4ritt\u00e4miskriteerit<\/h2>\n\n\n\n<ul class=\"wp-block-list\">\n<li>Opiskelijat: &nbsp;Opintojen ajan + 4 kk valmistumisesta<\/li>\n\n\n\n<li>Henkil\u00f6st\u00f6: &nbsp;Ty\u00f6suhteen ajan + 4 kk ty\u00f6suhteen p\u00e4\u00e4ttymisen j\u00e4lkeen. K\u00e4ytt\u00e4j\u00e4tunnus j\u00e4\u00e4 arkistoon ikuisesti eli samaa tunnusta ei saa antaa uudestaan toiselle henkil\u00f6lle<\/li>\n\n\n\n<li>Ulkoiset k\u00e4ytt\u00e4j\u00e4t: Ufo-suhteen ajan + 4 kk Ufo-suhteen p\u00e4\u00e4ttymisen j\u00e4lkeen. Kyselylomakkeella ker\u00e4tyt&nbsp;tiedot poistetaan heti, kun ne ovat siirretty Jamkin k\u00e4ytt\u00f6oikeuksien hallintaj\u00e4rjestelm\u00e4\u00e4n.<\/li>\n<\/ul>\n\n\n\n<h2 class=\"wp-block-heading\">11 Profilointi ja automaattinen p\u00e4\u00e4t\u00f6ksenteko<\/h2>\n\n\n\n<p>Henkil\u00f6tietoihin liittyv\u00e4\u00e4 automatisoitua profilointia ei tehd\u00e4.<\/p>\n\n\n\n<h2 class=\"wp-block-heading\">12 Rekister\u00f6idyn oikeudet<\/h2>\n\n\n\n<p>K\u00e4ytt\u00e4jien tiedot korjataan ilmoitusten ilmoituksen mukaisesti ajantasaisiksi. Henkil\u00f6tietojen virheett\u00f6myys tarkistetaan tarvittaessa opiskelijahallintoj\u00e4rjestelm\u00e4st\u00e4 tai henkil\u00f6st\u00f6hallinnon\/palkkaj\u00e4rjestelm\u00e4st\u00e4. P\u00e4\u00e4k\u00e4ytt\u00e4j\u00e4t ja henkil\u00f6st\u00f6 huolehtivat huomaamansa virheen korjaamisesta v\u00e4litt\u00f6m\u00e4sti.<\/p>\n\n\n\n<p>Lis\u00e4tietoa tietosuojavastaavasta ja rekister\u00f6idyn oikeuksista ja niiden toteuttamisesta&nbsp;kerrotaan <a rel=\"noopener noreferrer\" href=\"https:\/\/www.jamk.fi\/fi\/jamk\/tietosuoja-jamkissa\" target=\"_blank\">Jamkin tietosuojalausekkeessa<\/a> ja <a rel=\"noopener noreferrer\" href=\"https:\/\/www.jamk.fi\/fi\/jamk\/tietosuoja-jamkissa\" target=\"_blank\">Rekister\u00f6idyn oikeudet<\/a>-sivulla.<\/p>\n","protected":false},"excerpt":{"rendered":"<p>(EU -tietosuoja-asetus (2016\/679) P\u00e4ivitetty 22.11.2018 1 Rekisterin nimi K\u00e4ytt\u00f6oikeuksien hallintaj\u00e4rjestelm\u00e4 2&nbsp;Rekisterinpit\u00e4j\u00e4 Jyv\u00e4skyl\u00e4n ammattikorkeakoulu OyPL 207, 40101 Jyv\u00e4skyl\u00e4+358 20 743 8100 3&nbsp;Yhteyshenkil\u00f6 rekisteri\u00e4 koskevissa asioissa, yhteystiedot virka-aikana etunimi.sukunimi[a]jamk.fi 4 Henkil\u00f6tietojen k\u00e4sittelyn tarkoitus K\u00e4ytt\u00f6oikeuksien hallintaj\u00e4rjestelm\u00e4ll\u00e4 yll\u00e4pidet\u00e4\u00e4n ajantasaista tietoa Jamkin tietoj\u00e4rjestelmien ja tietopalveluiden k\u00e4ytt\u00e4jien k\u00e4ytt\u00f6oikeuksista, k\u00e4ytt\u00f6oikeuden kestoista ja k\u00e4ytt\u00f6oikeuksien sis\u00e4ll\u00f6ist\u00e4 (k\u00e4ytt\u00f6oikeudet ja kulunvalvonta). Rekisteri sis\u00e4lt\u00e4\u00e4 henkil\u00f6st\u00f6n, opiskelijoiden ja [&hellip;]<\/p>\n","protected":false},"author":178,"featured_media":0,"parent":546,"menu_order":0,"comment_status":"closed","ping_status":"closed","template":"","meta":{"_acf_changed":false,"_relevanssi_hide_post":"","_relevanssi_hide_content":"","_relevanssi_pin_for_all":"","_relevanssi_pin_keywords":"","_relevanssi_unpin_keywords":"","_relevanssi_related_keywords":"","_relevanssi_related_include_ids":"","_relevanssi_related_exclude_ids":"","_relevanssi_related_no_append":"","_relevanssi_related_not_related":"","_relevanssi_related_posts":"","_relevanssi_noindex_reason":"","footnotes":""},"categories":[1],"tags":[22,94,100,106,40,112,76,118],"class_list":["post-49","page","type-page","status-publish","hentry","category-yleinen","tag-gdpr","tag-halko","tag-kayttajatunnus","tag-kayttooikeudet","tag-rekisteriseloste","tag-tietojarjestelmat","tag-tietosuojaseloste","tag-ulkoinen-kayttaja"],"acf":[],"yoast_head":"<!-- This site is optimized with the Yoast SEO plugin v27.3 - https:\/\/yoast.com\/product\/yoast-seo-wordpress\/ -->\n<title>Tietosuojaseloste - K\u00e4ytt\u00f6oikeuksien hallinta - Tietosuoja<\/title>\n<meta name=\"robots\" content=\"index, follow, max-snippet:-1, max-image-preview:large, max-video-preview:-1\" \/>\n<link rel=\"canonical\" href=\"https:\/\/help.jamk.fi\/tietosuoja\/fi\/muut-palvelut\/tietosuojaseloste-kayttooikeudet\/\" \/>\n<meta property=\"og:locale\" content=\"fi_FI\" \/>\n<meta property=\"og:type\" content=\"article\" \/>\n<meta property=\"og:title\" content=\"Tietosuojaseloste - K\u00e4ytt\u00f6oikeuksien hallinta - Tietosuoja\" \/>\n<meta property=\"og:description\" content=\"(EU -tietosuoja-asetus (2016\/679) P\u00e4ivitetty 22.11.2018 1 Rekisterin nimi K\u00e4ytt\u00f6oikeuksien hallintaj\u00e4rjestelm\u00e4 2&nbsp;Rekisterinpit\u00e4j\u00e4 Jyv\u00e4skyl\u00e4n ammattikorkeakoulu OyPL 207, 40101 Jyv\u00e4skyl\u00e4+358 20 743 8100 3&nbsp;Yhteyshenkil\u00f6 rekisteri\u00e4 koskevissa asioissa, yhteystiedot virka-aikana etunimi.sukunimi[a]jamk.fi 4 Henkil\u00f6tietojen k\u00e4sittelyn tarkoitus K\u00e4ytt\u00f6oikeuksien hallintaj\u00e4rjestelm\u00e4ll\u00e4 yll\u00e4pidet\u00e4\u00e4n ajantasaista tietoa Jamkin tietoj\u00e4rjestelmien ja tietopalveluiden k\u00e4ytt\u00e4jien k\u00e4ytt\u00f6oikeuksista, k\u00e4ytt\u00f6oikeuden kestoista ja k\u00e4ytt\u00f6oikeuksien sis\u00e4ll\u00f6ist\u00e4 (k\u00e4ytt\u00f6oikeudet ja kulunvalvonta). Rekisteri sis\u00e4lt\u00e4\u00e4 henkil\u00f6st\u00f6n, opiskelijoiden ja [&hellip;]\" \/>\n<meta property=\"og:url\" content=\"https:\/\/help.jamk.fi\/tietosuoja\/fi\/muut-palvelut\/tietosuojaseloste-kayttooikeudet\/\" \/>\n<meta property=\"og:site_name\" content=\"Tietosuoja\" \/>\n<meta property=\"article:modified_time\" content=\"2023-12-18T10:34:50+00:00\" \/>\n<meta name=\"twitter:card\" content=\"summary_large_image\" \/>\n<meta name=\"twitter:label1\" content=\"Arvioitu lukuaika\" \/>\n\t<meta name=\"twitter:data1\" content=\"3 minuuttia\" \/>\n<script type=\"application\/ld+json\" class=\"yoast-schema-graph\">{\"@context\":\"https:\\\/\\\/schema.org\",\"@graph\":[{\"@type\":\"WebPage\",\"@id\":\"https:\\\/\\\/help.jamk.fi\\\/tietosuoja\\\/fi\\\/muut-palvelut\\\/tietosuojaseloste-kayttooikeudet\\\/\",\"url\":\"https:\\\/\\\/help.jamk.fi\\\/tietosuoja\\\/fi\\\/muut-palvelut\\\/tietosuojaseloste-kayttooikeudet\\\/\",\"name\":\"Tietosuojaseloste - K\u00e4ytt\u00f6oikeuksien hallinta - Tietosuoja\",\"isPartOf\":{\"@id\":\"https:\\\/\\\/help.jamk.fi\\\/tietosuoja\\\/#website\"},\"datePublished\":\"2017-12-04T10:16:26+00:00\",\"dateModified\":\"2023-12-18T10:34:50+00:00\",\"breadcrumb\":{\"@id\":\"https:\\\/\\\/help.jamk.fi\\\/tietosuoja\\\/fi\\\/muut-palvelut\\\/tietosuojaseloste-kayttooikeudet\\\/#breadcrumb\"},\"inLanguage\":\"fi\",\"potentialAction\":[{\"@type\":\"ReadAction\",\"target\":[\"https:\\\/\\\/help.jamk.fi\\\/tietosuoja\\\/fi\\\/muut-palvelut\\\/tietosuojaseloste-kayttooikeudet\\\/\"]}]},{\"@type\":\"BreadcrumbList\",\"@id\":\"https:\\\/\\\/help.jamk.fi\\\/tietosuoja\\\/fi\\\/muut-palvelut\\\/tietosuojaseloste-kayttooikeudet\\\/#breadcrumb\",\"itemListElement\":[{\"@type\":\"ListItem\",\"position\":1,\"name\":\"Etusivu\",\"item\":\"https:\\\/\\\/help.jamk.fi\\\/tietosuoja\\\/fi\\\/\"},{\"@type\":\"ListItem\",\"position\":2,\"name\":\"Muut palvelut\",\"item\":\"https:\\\/\\\/help.jamk.fi\\\/tietosuoja\\\/fi\\\/muut-palvelut\\\/\"},{\"@type\":\"ListItem\",\"position\":3,\"name\":\"Tietosuojaseloste &#8211; K\u00e4ytt\u00f6oikeuksien hallinta\"}]},{\"@type\":\"WebSite\",\"@id\":\"https:\\\/\\\/help.jamk.fi\\\/tietosuoja\\\/#website\",\"url\":\"https:\\\/\\\/help.jamk.fi\\\/tietosuoja\\\/\",\"name\":\"Tietosuoja\",\"description\":\"\",\"potentialAction\":[{\"@type\":\"SearchAction\",\"target\":{\"@type\":\"EntryPoint\",\"urlTemplate\":\"https:\\\/\\\/help.jamk.fi\\\/tietosuoja\\\/?s={search_term_string}\"},\"query-input\":{\"@type\":\"PropertyValueSpecification\",\"valueRequired\":true,\"valueName\":\"search_term_string\"}}],\"inLanguage\":\"fi\"}]}<\/script>\n<!-- \/ Yoast SEO plugin. -->","yoast_head_json":{"title":"Tietosuojaseloste - K\u00e4ytt\u00f6oikeuksien hallinta - Tietosuoja","robots":{"index":"index","follow":"follow","max-snippet":"max-snippet:-1","max-image-preview":"max-image-preview:large","max-video-preview":"max-video-preview:-1"},"canonical":"https:\/\/help.jamk.fi\/tietosuoja\/fi\/muut-palvelut\/tietosuojaseloste-kayttooikeudet\/","og_locale":"fi_FI","og_type":"article","og_title":"Tietosuojaseloste - K\u00e4ytt\u00f6oikeuksien hallinta - Tietosuoja","og_description":"(EU -tietosuoja-asetus (2016\/679) P\u00e4ivitetty 22.11.2018 1 Rekisterin nimi K\u00e4ytt\u00f6oikeuksien hallintaj\u00e4rjestelm\u00e4 2&nbsp;Rekisterinpit\u00e4j\u00e4 Jyv\u00e4skyl\u00e4n ammattikorkeakoulu OyPL 207, 40101 Jyv\u00e4skyl\u00e4+358 20 743 8100 3&nbsp;Yhteyshenkil\u00f6 rekisteri\u00e4 koskevissa asioissa, yhteystiedot virka-aikana etunimi.sukunimi[a]jamk.fi 4 Henkil\u00f6tietojen k\u00e4sittelyn tarkoitus K\u00e4ytt\u00f6oikeuksien hallintaj\u00e4rjestelm\u00e4ll\u00e4 yll\u00e4pidet\u00e4\u00e4n ajantasaista tietoa Jamkin tietoj\u00e4rjestelmien ja tietopalveluiden k\u00e4ytt\u00e4jien k\u00e4ytt\u00f6oikeuksista, k\u00e4ytt\u00f6oikeuden kestoista ja k\u00e4ytt\u00f6oikeuksien sis\u00e4ll\u00f6ist\u00e4 (k\u00e4ytt\u00f6oikeudet ja kulunvalvonta). Rekisteri sis\u00e4lt\u00e4\u00e4 henkil\u00f6st\u00f6n, opiskelijoiden ja [&hellip;]","og_url":"https:\/\/help.jamk.fi\/tietosuoja\/fi\/muut-palvelut\/tietosuojaseloste-kayttooikeudet\/","og_site_name":"Tietosuoja","article_modified_time":"2023-12-18T10:34:50+00:00","twitter_card":"summary_large_image","twitter_misc":{"Arvioitu lukuaika":"3 minuuttia"},"schema":{"@context":"https:\/\/schema.org","@graph":[{"@type":"WebPage","@id":"https:\/\/help.jamk.fi\/tietosuoja\/fi\/muut-palvelut\/tietosuojaseloste-kayttooikeudet\/","url":"https:\/\/help.jamk.fi\/tietosuoja\/fi\/muut-palvelut\/tietosuojaseloste-kayttooikeudet\/","name":"Tietosuojaseloste - K\u00e4ytt\u00f6oikeuksien hallinta - Tietosuoja","isPartOf":{"@id":"https:\/\/help.jamk.fi\/tietosuoja\/#website"},"datePublished":"2017-12-04T10:16:26+00:00","dateModified":"2023-12-18T10:34:50+00:00","breadcrumb":{"@id":"https:\/\/help.jamk.fi\/tietosuoja\/fi\/muut-palvelut\/tietosuojaseloste-kayttooikeudet\/#breadcrumb"},"inLanguage":"fi","potentialAction":[{"@type":"ReadAction","target":["https:\/\/help.jamk.fi\/tietosuoja\/fi\/muut-palvelut\/tietosuojaseloste-kayttooikeudet\/"]}]},{"@type":"BreadcrumbList","@id":"https:\/\/help.jamk.fi\/tietosuoja\/fi\/muut-palvelut\/tietosuojaseloste-kayttooikeudet\/#breadcrumb","itemListElement":[{"@type":"ListItem","position":1,"name":"Etusivu","item":"https:\/\/help.jamk.fi\/tietosuoja\/fi\/"},{"@type":"ListItem","position":2,"name":"Muut palvelut","item":"https:\/\/help.jamk.fi\/tietosuoja\/fi\/muut-palvelut\/"},{"@type":"ListItem","position":3,"name":"Tietosuojaseloste &#8211; K\u00e4ytt\u00f6oikeuksien hallinta"}]},{"@type":"WebSite","@id":"https:\/\/help.jamk.fi\/tietosuoja\/#website","url":"https:\/\/help.jamk.fi\/tietosuoja\/","name":"Tietosuoja","description":"","potentialAction":[{"@type":"SearchAction","target":{"@type":"EntryPoint","urlTemplate":"https:\/\/help.jamk.fi\/tietosuoja\/?s={search_term_string}"},"query-input":{"@type":"PropertyValueSpecification","valueRequired":true,"valueName":"search_term_string"}}],"inLanguage":"fi"}]}},"_links":{"self":[{"href":"https:\/\/help.jamk.fi\/tietosuoja\/wp-json\/wp\/v2\/pages\/49","targetHints":{"allow":["GET"]}}],"collection":[{"href":"https:\/\/help.jamk.fi\/tietosuoja\/wp-json\/wp\/v2\/pages"}],"about":[{"href":"https:\/\/help.jamk.fi\/tietosuoja\/wp-json\/wp\/v2\/types\/page"}],"author":[{"embeddable":true,"href":"https:\/\/help.jamk.fi\/tietosuoja\/wp-json\/wp\/v2\/users\/178"}],"replies":[{"embeddable":true,"href":"https:\/\/help.jamk.fi\/tietosuoja\/wp-json\/wp\/v2\/comments?post=49"}],"version-history":[{"count":2,"href":"https:\/\/help.jamk.fi\/tietosuoja\/wp-json\/wp\/v2\/pages\/49\/revisions"}],"predecessor-version":[{"id":554,"href":"https:\/\/help.jamk.fi\/tietosuoja\/wp-json\/wp\/v2\/pages\/49\/revisions\/554"}],"up":[{"embeddable":true,"href":"https:\/\/help.jamk.fi\/tietosuoja\/wp-json\/wp\/v2\/pages\/546"}],"wp:attachment":[{"href":"https:\/\/help.jamk.fi\/tietosuoja\/wp-json\/wp\/v2\/media?parent=49"}],"wp:term":[{"taxonomy":"category","embeddable":true,"href":"https:\/\/help.jamk.fi\/tietosuoja\/wp-json\/wp\/v2\/categories?post=49"},{"taxonomy":"post_tag","embeddable":true,"href":"https:\/\/help.jamk.fi\/tietosuoja\/wp-json\/wp\/v2\/tags?post=49"}],"curies":[{"name":"wp","href":"https:\/\/api.w.org\/{rel}","templated":true}]}}