{"id":67,"date":"2018-01-30T07:38:37","date_gmt":"2018-01-30T05:38:37","guid":{"rendered":"https:\/\/help.jamk.fi\/tietosuoja\/tietosuojaseloste-justus-julkaisutietojen-tallennuspalvelut\/"},"modified":"2025-09-03T14:59:39","modified_gmt":"2025-09-03T11:59:39","slug":"tietosuojaseloste-justus-julkaisutietojen-tallennuspalvelut","status":"publish","type":"page","link":"https:\/\/help.jamk.fi\/tietosuoja\/fi\/kirjasto\/tietosuojaseloste-justus-julkaisutietojen-tallennuspalvelut\/","title":{"rendered":"Tietosuojaseloste &#8211; Julkaisutietojen tallennuspalvelut JUSTUS"},"content":{"rendered":"\n<p>(<a href=\"http:\/\/eur-lex.europa.eu\/legal-content\/FI\/TXT\/?uri=uriserv:OJ.L_.2016.119.01.0001.01.FIN&amp;toc=OJ:L:2016:119:FULL\">EU yleinen tietosuoja-asetus (2016\/679)<\/a><\/p>\n\n\n\n<p>P\u00e4ivitetty 24.4.2019<\/p>\n\n\n\n<h2 class=\"wp-block-heading\">1 Rekisterin nimi<\/h2>\n\n\n\n<p>Julkaisutietojen tallennuspalvelu &#8211; JUSTUS<\/p>\n\n\n\n<h2 class=\"wp-block-heading\">2 Rekisterinpit\u00e4j\u00e4<\/h2>\n\n\n\n<p>Jyv\u00e4skyl\u00e4n ammattikorkeakoulu Oy<br>PL 207, 40101 Jyv\u00e4skyl\u00e4<br>+358 20 743 8100<\/p>\n\n\n\n<h2 class=\"wp-block-heading\">3 Yhteyshenkil\u00f6 rekisteri\u00e4 koskevissa asioissa, yhteystiedot virka-aikana<\/h2>\n\n\n\n<p>Rekisterist\u00e4 vastaava johtaja: Vararehtori Heikki Malinen<\/p>\n\n\n\n<p>Prosessin omistaja ja rekisterin yhteyshenkil\u00f6: Kirjastonjohtaja Teemu Makkonen<br>Puh. 040 59 46587<br>etunimi.sukunimi[a]jamk.fi<\/p>\n\n\n\n<h2 class=\"wp-block-heading\">4 Henkil\u00f6tietojen k\u00e4sittelyn tarkoitus<\/h2>\n\n\n\n<p>Rekisterin k\u00e4ytt\u00f6tarkoitus on Jyv\u00e4skyl\u00e4n ammattikorkeakoulun henkil\u00f6st\u00f6n julkaisutilaston ker\u00e4\u00e4minen ja toimittaminen VIRTA-julkaisutietopalveluun josta tietoa toimitetaan Juuliin sek\u00e4 korkeakoulun omiin tilastoihin ja raportteihin. Justus-tiedonkeruu koskee kirjoitettuja julkaisuja (OKM:n julkaisutyypit A-E ja G,<a href=\"https:\/\/wiki.eduuni.fi\/display\/cscsuorat\/7.5+Julkaisutyypit\"> Opetus- ja kulttuuriministeri\u00f6n tiedonkeruuk\u00e4sikirja<\/a>)<\/p>\n\n\n\n<h2 class=\"wp-block-heading\">5 Rekisterin tietosis\u00e4lt\u00f6<\/h2>\n\n\n\n<p>J\u00e4rjestelm\u00e4ss\u00e4 k\u00e4sitell\u00e4\u00e4n julkaisujen tekij\u00e4tietoja opetus- ja kulttuuriministeri\u00f6n ohjeistuksen mukaisesti (<a href=\"https:\/\/wiki.eduuni.fi\/pages\/viewpage.action?pageId=30310801\">Tietosuoja ja henkil\u00f6tietojen k\u00e4sittely&nbsp;&#8211; JUSTUS palvelukuvaus<\/a> )<\/p>\n\n\n\n<ul class=\"wp-block-list\">\n<li>Tekij\u00e4n etu- ja sukunimi<\/li>\n\n\n\n<li>Organisaatiotieto, tekij\u00e4n tulosyksikk\u00f6<\/li>\n\n\n\n<li>ORCID- tutkijatunniste (ei pakollinen tieto)<\/li>\n<\/ul>\n\n\n\n<p>Justuksessa ei voi muokata omaa profiiliaan ja siihen liittyvi\u00e4 tietoja.<\/p>\n\n\n\n<h2 class=\"wp-block-heading\">6 K\u00e4sittelyperuste<\/h2>\n\n\n\n<p>Lakis\u00e4\u00e4teinen teht\u00e4v\u00e4\/velvoite.<\/p>\n\n\n\n<h2 class=\"wp-block-heading\">7&nbsp;S\u00e4\u00e4nn\u00f6nmukaiset tietol\u00e4hteet<\/h2>\n\n\n\n<p>Henkil\u00f6tiedot saadaan joko henkil\u00f6lt\u00e4 itselt\u00e4\u00e4n tai&nbsp; toisen henkil\u00f6n ilmoittamana. Kirjaston henkil\u00f6st\u00f6 t\u00e4ytt\u00e4\u00e4 tietoja ilmoituksen tai muun seurannan perusteella.<\/p>\n\n\n\n<p>Justuksessa voidaan hakea julkaisutietoja CrossRef-tietokannasta DOI-tunnisteella ja VIRTA-julkaisutietopalvelusta julkaisun nimell\u00e4.<\/p>\n\n\n\n<h2 class=\"wp-block-heading\">8 S\u00e4\u00e4nn\u00f6nmukaiset tietojen luovutukset ja tietojen siirto EU:n tai Euroopan talousalueen ulkopuolelle<\/h2>\n\n\n\n<p>CSC \u2013 Tieteen tietotekniikan keskus Oy:n (CSC) toteuttama <em>JUSTUS \u2013 julkaisutietojen tallennuspalvelu<\/em> mahdollistaa julkaisutietojen sy\u00f6tt\u00e4misen ja niiden tallentamisen automaattisesti VIRTA-julkaisutietopalveluun.<\/p>\n\n\n\n<p>Opetus- ja kulttuuriministeri\u00f6 ker\u00e4\u00e4 korkeakoulujen julkaisutiedot VIRTA-julkaisutietopalvelun kautta. OKM k\u00e4ytt\u00e4\u00e4 tietoja korkeakoulujen ohjauksessa, OKM:n raportoinnissa ulosp\u00e4in ja horisontaalisessa yhteisty\u00f6ss\u00e4 muiden hallinnonalojen kanssa sek\u00e4 suomalaisen korkeakoululaitoksen tilan kuvaamisessa. VIRTA-julkaisutietopalvelun tarkoitus on julkaisutietojen hy\u00f6dynt\u00e4minen erilaisissa tutkijoille tarjottavissa palveluissa ja prosesseissa, esimerkiksi tutkimusrahoittajien hakemus- ja raportointipalveluissa ja muissa tutkijan k\u00e4ytt\u00e4miss\u00e4 s\u00e4hk\u00f6isiss\u00e4 palveluissa. Valtakunnallinen tietovaranto VIRTA &#8211; &gt; <a href=\"https:\/\/vipunen.fi\/fi-fi\">Vipunen<\/a>, <a href=\"http:\/\/www.juuli.fi\/juuliohje.html\">Juuli<\/a>, <a href=\"https:\/\/tutkijatunniste.fi\/\">ORCID- tutkijatunniste.<\/a> Jamk voi p\u00e4\u00e4tt\u00e4\u00e4 tietojen hy\u00f6dynt\u00e4misest\u00e4 ja luovuttamisesta VIRTA-julkaisutietoj\u00e4rjestelm\u00e4st\u00e4 eteenp\u00e4in. Julkaisutietoja luovutetaan VIRTA-julkaisutietopalvelun kautta tutkimustietovarantoon ja julkaistaan tiedejatutkimus.fi-sivustolla.<\/p>\n\n\n\n<p>Jamkin sis\u00e4inen raportointi: Julkaisupalkkion maksatus tapahtuu Justuksen rekisterin raportin perusteella, johon kootaan tieto julkaisijan julkaisum\u00e4\u00e4rist\u00e4 julkaisutyypeitt\u00e4in.<\/p>\n\n\n\n<p>Tietoja ei siirret\u00e4 EU:n tai ETA-alueen ulkopuolelle eik\u00e4 kansainv\u00e4lisille j\u00e4rjest\u00f6ille<\/p>\n\n\n\n<h2 class=\"wp-block-heading\">9 Rekisterin suojauksen periaatteet<\/h2>\n\n\n\n<p><strong>A Manuaalinen aineisto<\/strong><br>Rekisteri ei tule sis\u00e4lt\u00e4m\u00e4\u00e4n manuaalisesti ker\u00e4tt\u00e4v\u00e4\u00e4 aineistoa<\/p>\n\n\n\n<p><strong>B ATK:lle talletetut tiedot<\/strong><\/p>\n\n\n\n<p>Kirjasto laatii ja yll\u00e4pit\u00e4\u00e4 henkil\u00f6st\u00f6lle laaditut ohjeet. Ohjeet kirjaston intra-sivustolla.<\/p>\n\n\n\n<p>K\u00e4ytt\u00e4j\u00e4tunnus edellytt\u00e4\u00e4 k\u00e4ytt\u00e4j\u00e4n ty\u00f6s\u00e4hk\u00f6postin rekister\u00f6imist\u00e4 Eduuni-palveluun. K\u00e4ytt\u00f6 HAKA-tunnistuksella.<\/p>\n\n\n\n<p>CSC -Tieteen tietotekniikan keskus Oy on velvollinen huolehtimaan valtakunnallisesti keskitetyn <a href=\"https:\/\/wiki.eduuni.fi\/pages\/viewpage.action?pageId=30310801\">Justus-palvelun<\/a> asianmukaisuudesta, yll\u00e4pidosta, suojaamisesta, tietoturvallisuudesta ja tietojen s\u00e4ilytt\u00e4misest\u00e4 Tilaajan lukuun. Justus-palvelussa ei ole otettu viel\u00e4 kantaa siihen, kuinka kauan tieto s\u00e4ilyy ko palvelussa sen siirrytty\u00e4 VIRTA-palveluun.<\/p>\n\n\n\n<h2 class=\"wp-block-heading\">10 Tietojen s\u00e4ilytt\u00e4minen<\/h2>\n\n\n\n<p>Justus-palvelussa ei ole otettu viel\u00e4 kantaa siihen, kuinka kauan tieto s\u00e4ilyy ko palvelussa sen siirrytty\u00e4 VIRTA-palveluun.<\/p>\n\n\n\n<h2 class=\"wp-block-heading\">11 Profilointi ja automaattinen p\u00e4\u00e4t\u00f6ksenteko<\/h2>\n\n\n\n<p>Henkil\u00f6tietoihin liittyv\u00e4\u00e4 automatisoitua profilointia ei tehd\u00e4.<\/p>\n\n\n\n<h2 class=\"wp-block-heading\">12 Rekister\u00f6idyn oikeudet<\/h2>\n\n\n\n<p>Henkil\u00f6st\u00f6n itse rekisteriin sy\u00f6tt\u00e4m\u00e4t tiedot voi tarkastaa kirjautumalla palveluun voimassa olevilla verkkotunnuksilla. Hyv\u00e4ksyt julkaisut voi n\u00e4hd\u00e4 julkisessa Juuli-palvelussa.<br>Lis\u00e4tietoa tietosuojavastaavasta ja rekister\u00f6idyn oikeuksista ja niiden toteuttamisesta\u00a0kerrotaan <a href=\"https:\/\/www.jamk.fi\/fi\/jamk\/tietosuoja-jamkissa\">Jamkin tietosuojalausekkeessa<\/a> ja <a href=\"https:\/\/www.jamk.fi\/fi\/jamk\/tietosuoja-jamkissa\">Rekister\u00f6idyn oikeudet<\/a>-sivulla.<\/p>\n","protected":false},"excerpt":{"rendered":"<p>(EU yleinen tietosuoja-asetus (2016\/679) P\u00e4ivitetty 24.4.2019 1 Rekisterin nimi Julkaisutietojen tallennuspalvelu &#8211; JUSTUS 2 Rekisterinpit\u00e4j\u00e4 Jyv\u00e4skyl\u00e4n ammattikorkeakoulu OyPL 207, 40101 Jyv\u00e4skyl\u00e4+358 20 743 8100 3 Yhteyshenkil\u00f6 rekisteri\u00e4 koskevissa asioissa, yhteystiedot virka-aikana Rekisterist\u00e4 vastaava johtaja: Vararehtori Heikki Malinen Prosessin omistaja ja rekisterin yhteyshenkil\u00f6: Kirjastonjohtaja Teemu MakkonenPuh. 040 59 46587etunimi.sukunimi[a]jamk.fi 4 Henkil\u00f6tietojen k\u00e4sittelyn tarkoitus Rekisterin k\u00e4ytt\u00f6tarkoitus on [&hellip;]<\/p>\n","protected":false},"author":178,"featured_media":0,"parent":513,"menu_order":0,"comment_status":"closed","ping_status":"closed","template":"","meta":{"_acf_changed":false,"_relevanssi_hide_post":"","_relevanssi_hide_content":"","_relevanssi_pin_for_all":"","_relevanssi_pin_keywords":"","_relevanssi_unpin_keywords":"","_relevanssi_related_keywords":"","_relevanssi_related_include_ids":"","_relevanssi_related_exclude_ids":"","_relevanssi_related_no_append":"","_relevanssi_related_not_related":"","_relevanssi_related_posts":"","_relevanssi_noindex_reason":"","footnotes":""},"categories":[1],"tags":[22,148,154,160,34,40,58,76],"class_list":["post-67","page","type-page","status-publish","hentry","category-yleinen","tag-gdpr","tag-julkaisujarjestelma","tag-justus","tag-kirjasto","tag-rekisteri","tag-rekisteriseloste","tag-tietosuoja","tag-tietosuojaseloste"],"acf":[],"yoast_head":"<!-- This site is optimized with the Yoast SEO plugin v27.3 - https:\/\/yoast.com\/product\/yoast-seo-wordpress\/ -->\n<title>Tietosuojaseloste - Julkaisutietojen tallennuspalvelut JUSTUS - Tietosuoja<\/title>\n<meta name=\"robots\" content=\"index, follow, max-snippet:-1, max-image-preview:large, max-video-preview:-1\" \/>\n<link rel=\"canonical\" href=\"https:\/\/help.jamk.fi\/tietosuoja\/fi\/kirjasto\/tietosuojaseloste-justus-julkaisutietojen-tallennuspalvelut\/\" \/>\n<meta property=\"og:locale\" content=\"fi_FI\" \/>\n<meta property=\"og:type\" content=\"article\" \/>\n<meta property=\"og:title\" content=\"Tietosuojaseloste - Julkaisutietojen tallennuspalvelut JUSTUS - Tietosuoja\" \/>\n<meta property=\"og:description\" content=\"(EU yleinen tietosuoja-asetus (2016\/679) P\u00e4ivitetty 24.4.2019 1 Rekisterin nimi Julkaisutietojen tallennuspalvelu &#8211; JUSTUS 2 Rekisterinpit\u00e4j\u00e4 Jyv\u00e4skyl\u00e4n ammattikorkeakoulu OyPL 207, 40101 Jyv\u00e4skyl\u00e4+358 20 743 8100 3 Yhteyshenkil\u00f6 rekisteri\u00e4 koskevissa asioissa, yhteystiedot virka-aikana Rekisterist\u00e4 vastaava johtaja: Vararehtori Heikki Malinen Prosessin omistaja ja rekisterin yhteyshenkil\u00f6: Kirjastonjohtaja Teemu MakkonenPuh. 040 59 46587etunimi.sukunimi[a]jamk.fi 4 Henkil\u00f6tietojen k\u00e4sittelyn tarkoitus Rekisterin k\u00e4ytt\u00f6tarkoitus on [&hellip;]\" \/>\n<meta property=\"og:url\" content=\"https:\/\/help.jamk.fi\/tietosuoja\/fi\/kirjasto\/tietosuojaseloste-justus-julkaisutietojen-tallennuspalvelut\/\" \/>\n<meta property=\"og:site_name\" content=\"Tietosuoja\" \/>\n<meta property=\"article:modified_time\" content=\"2025-09-03T11:59:39+00:00\" \/>\n<meta name=\"twitter:card\" content=\"summary_large_image\" \/>\n<meta name=\"twitter:label1\" content=\"Arvioitu lukuaika\" \/>\n\t<meta name=\"twitter:data1\" content=\"3 minuuttia\" \/>\n<script type=\"application\/ld+json\" class=\"yoast-schema-graph\">{\"@context\":\"https:\\\/\\\/schema.org\",\"@graph\":[{\"@type\":\"WebPage\",\"@id\":\"https:\\\/\\\/help.jamk.fi\\\/tietosuoja\\\/fi\\\/kirjasto\\\/tietosuojaseloste-justus-julkaisutietojen-tallennuspalvelut\\\/\",\"url\":\"https:\\\/\\\/help.jamk.fi\\\/tietosuoja\\\/fi\\\/kirjasto\\\/tietosuojaseloste-justus-julkaisutietojen-tallennuspalvelut\\\/\",\"name\":\"Tietosuojaseloste - Julkaisutietojen tallennuspalvelut JUSTUS - Tietosuoja\",\"isPartOf\":{\"@id\":\"https:\\\/\\\/help.jamk.fi\\\/tietosuoja\\\/#website\"},\"datePublished\":\"2018-01-30T05:38:37+00:00\",\"dateModified\":\"2025-09-03T11:59:39+00:00\",\"breadcrumb\":{\"@id\":\"https:\\\/\\\/help.jamk.fi\\\/tietosuoja\\\/fi\\\/kirjasto\\\/tietosuojaseloste-justus-julkaisutietojen-tallennuspalvelut\\\/#breadcrumb\"},\"inLanguage\":\"fi\",\"potentialAction\":[{\"@type\":\"ReadAction\",\"target\":[\"https:\\\/\\\/help.jamk.fi\\\/tietosuoja\\\/fi\\\/kirjasto\\\/tietosuojaseloste-justus-julkaisutietojen-tallennuspalvelut\\\/\"]}]},{\"@type\":\"BreadcrumbList\",\"@id\":\"https:\\\/\\\/help.jamk.fi\\\/tietosuoja\\\/fi\\\/kirjasto\\\/tietosuojaseloste-justus-julkaisutietojen-tallennuspalvelut\\\/#breadcrumb\",\"itemListElement\":[{\"@type\":\"ListItem\",\"position\":1,\"name\":\"Etusivu\",\"item\":\"https:\\\/\\\/help.jamk.fi\\\/tietosuoja\\\/fi\\\/\"},{\"@type\":\"ListItem\",\"position\":2,\"name\":\"Kirjasto\",\"item\":\"https:\\\/\\\/help.jamk.fi\\\/tietosuoja\\\/fi\\\/kirjasto\\\/\"},{\"@type\":\"ListItem\",\"position\":3,\"name\":\"Tietosuojaseloste &#8211; Julkaisutietojen tallennuspalvelut JUSTUS\"}]},{\"@type\":\"WebSite\",\"@id\":\"https:\\\/\\\/help.jamk.fi\\\/tietosuoja\\\/#website\",\"url\":\"https:\\\/\\\/help.jamk.fi\\\/tietosuoja\\\/\",\"name\":\"Tietosuoja\",\"description\":\"\",\"potentialAction\":[{\"@type\":\"SearchAction\",\"target\":{\"@type\":\"EntryPoint\",\"urlTemplate\":\"https:\\\/\\\/help.jamk.fi\\\/tietosuoja\\\/?s={search_term_string}\"},\"query-input\":{\"@type\":\"PropertyValueSpecification\",\"valueRequired\":true,\"valueName\":\"search_term_string\"}}],\"inLanguage\":\"fi\"}]}<\/script>\n<!-- \/ Yoast SEO plugin. -->","yoast_head_json":{"title":"Tietosuojaseloste - Julkaisutietojen tallennuspalvelut JUSTUS - Tietosuoja","robots":{"index":"index","follow":"follow","max-snippet":"max-snippet:-1","max-image-preview":"max-image-preview:large","max-video-preview":"max-video-preview:-1"},"canonical":"https:\/\/help.jamk.fi\/tietosuoja\/fi\/kirjasto\/tietosuojaseloste-justus-julkaisutietojen-tallennuspalvelut\/","og_locale":"fi_FI","og_type":"article","og_title":"Tietosuojaseloste - Julkaisutietojen tallennuspalvelut JUSTUS - Tietosuoja","og_description":"(EU yleinen tietosuoja-asetus (2016\/679) P\u00e4ivitetty 24.4.2019 1 Rekisterin nimi Julkaisutietojen tallennuspalvelu &#8211; JUSTUS 2 Rekisterinpit\u00e4j\u00e4 Jyv\u00e4skyl\u00e4n ammattikorkeakoulu OyPL 207, 40101 Jyv\u00e4skyl\u00e4+358 20 743 8100 3 Yhteyshenkil\u00f6 rekisteri\u00e4 koskevissa asioissa, yhteystiedot virka-aikana Rekisterist\u00e4 vastaava johtaja: Vararehtori Heikki Malinen Prosessin omistaja ja rekisterin yhteyshenkil\u00f6: Kirjastonjohtaja Teemu MakkonenPuh. 040 59 46587etunimi.sukunimi[a]jamk.fi 4 Henkil\u00f6tietojen k\u00e4sittelyn tarkoitus Rekisterin k\u00e4ytt\u00f6tarkoitus on [&hellip;]","og_url":"https:\/\/help.jamk.fi\/tietosuoja\/fi\/kirjasto\/tietosuojaseloste-justus-julkaisutietojen-tallennuspalvelut\/","og_site_name":"Tietosuoja","article_modified_time":"2025-09-03T11:59:39+00:00","twitter_card":"summary_large_image","twitter_misc":{"Arvioitu lukuaika":"3 minuuttia"},"schema":{"@context":"https:\/\/schema.org","@graph":[{"@type":"WebPage","@id":"https:\/\/help.jamk.fi\/tietosuoja\/fi\/kirjasto\/tietosuojaseloste-justus-julkaisutietojen-tallennuspalvelut\/","url":"https:\/\/help.jamk.fi\/tietosuoja\/fi\/kirjasto\/tietosuojaseloste-justus-julkaisutietojen-tallennuspalvelut\/","name":"Tietosuojaseloste - Julkaisutietojen tallennuspalvelut JUSTUS - Tietosuoja","isPartOf":{"@id":"https:\/\/help.jamk.fi\/tietosuoja\/#website"},"datePublished":"2018-01-30T05:38:37+00:00","dateModified":"2025-09-03T11:59:39+00:00","breadcrumb":{"@id":"https:\/\/help.jamk.fi\/tietosuoja\/fi\/kirjasto\/tietosuojaseloste-justus-julkaisutietojen-tallennuspalvelut\/#breadcrumb"},"inLanguage":"fi","potentialAction":[{"@type":"ReadAction","target":["https:\/\/help.jamk.fi\/tietosuoja\/fi\/kirjasto\/tietosuojaseloste-justus-julkaisutietojen-tallennuspalvelut\/"]}]},{"@type":"BreadcrumbList","@id":"https:\/\/help.jamk.fi\/tietosuoja\/fi\/kirjasto\/tietosuojaseloste-justus-julkaisutietojen-tallennuspalvelut\/#breadcrumb","itemListElement":[{"@type":"ListItem","position":1,"name":"Etusivu","item":"https:\/\/help.jamk.fi\/tietosuoja\/fi\/"},{"@type":"ListItem","position":2,"name":"Kirjasto","item":"https:\/\/help.jamk.fi\/tietosuoja\/fi\/kirjasto\/"},{"@type":"ListItem","position":3,"name":"Tietosuojaseloste &#8211; Julkaisutietojen tallennuspalvelut JUSTUS"}]},{"@type":"WebSite","@id":"https:\/\/help.jamk.fi\/tietosuoja\/#website","url":"https:\/\/help.jamk.fi\/tietosuoja\/","name":"Tietosuoja","description":"","potentialAction":[{"@type":"SearchAction","target":{"@type":"EntryPoint","urlTemplate":"https:\/\/help.jamk.fi\/tietosuoja\/?s={search_term_string}"},"query-input":{"@type":"PropertyValueSpecification","valueRequired":true,"valueName":"search_term_string"}}],"inLanguage":"fi"}]}},"_links":{"self":[{"href":"https:\/\/help.jamk.fi\/tietosuoja\/wp-json\/wp\/v2\/pages\/67","targetHints":{"allow":["GET"]}}],"collection":[{"href":"https:\/\/help.jamk.fi\/tietosuoja\/wp-json\/wp\/v2\/pages"}],"about":[{"href":"https:\/\/help.jamk.fi\/tietosuoja\/wp-json\/wp\/v2\/types\/page"}],"author":[{"embeddable":true,"href":"https:\/\/help.jamk.fi\/tietosuoja\/wp-json\/wp\/v2\/users\/178"}],"replies":[{"embeddable":true,"href":"https:\/\/help.jamk.fi\/tietosuoja\/wp-json\/wp\/v2\/comments?post=67"}],"version-history":[{"count":2,"href":"https:\/\/help.jamk.fi\/tietosuoja\/wp-json\/wp\/v2\/pages\/67\/revisions"}],"predecessor-version":[{"id":905,"href":"https:\/\/help.jamk.fi\/tietosuoja\/wp-json\/wp\/v2\/pages\/67\/revisions\/905"}],"up":[{"embeddable":true,"href":"https:\/\/help.jamk.fi\/tietosuoja\/wp-json\/wp\/v2\/pages\/513"}],"wp:attachment":[{"href":"https:\/\/help.jamk.fi\/tietosuoja\/wp-json\/wp\/v2\/media?parent=67"}],"wp:term":[{"taxonomy":"category","embeddable":true,"href":"https:\/\/help.jamk.fi\/tietosuoja\/wp-json\/wp\/v2\/categories?post=67"},{"taxonomy":"post_tag","embeddable":true,"href":"https:\/\/help.jamk.fi\/tietosuoja\/wp-json\/wp\/v2\/tags?post=67"}],"curies":[{"name":"wp","href":"https:\/\/api.w.org\/{rel}","templated":true}]}}