{"id":76,"date":"2018-01-11T11:38:04","date_gmt":"2018-01-11T09:38:04","guid":{"rendered":"https:\/\/help.jamk.fi\/tietosuoja\/tietosuojaseloste-lahjoittajarekisteri\/"},"modified":"2024-01-23T15:40:36","modified_gmt":"2024-01-23T13:40:36","slug":"tietosuojaseloste-lahjoittajarekisteri","status":"publish","type":"page","link":"https:\/\/help.jamk.fi\/tietosuoja\/fi\/yleishallinto\/tietosuojaseloste-lahjoittajarekisteri\/","title":{"rendered":"Tietosuojaseloste &#8211; Varainhankinnan lahjoittajarekisteri"},"content":{"rendered":"\n<p>(<a href=\"http:\/\/eur-lex.europa.eu\/legal-content\/FI\/TXT\/?uri=uriserv:OJ.L_.2016.119.01.0001.01.FIN&amp;toc=OJ:L:2016:119:FULL\"><strong>EU -tietosuoja-asetus (2016\/679)<\/strong><\/a><\/p>\n\n\n\n<p>P\u00e4ivitetty 8.2.2018<\/p>\n\n\n\n<h2 class=\"wp-block-heading\">1 Rekisterinpit\u00e4j\u00e4<\/h2>\n\n\n\n<p>Jyv\u00e4skyl\u00e4n ammattikorkeakoulu Oy<br>PL 207, 40101 Jyv\u00e4skyl\u00e4<br>+358 20 743 8100<\/p>\n\n\n\n<h2 class=\"wp-block-heading\">2 Yhteyshenkil\u00f6 rekisteri\u00e4 koskevissa asioissa, yhteystiedot virka-aikana<\/h2>\n\n\n\n<p>Hallintojohtaja Mikko Salminen<br>PL 207, 40101 Jyv\u00e4skyl\u00e4<br>etunimi.sukunimi[a]jamk.fi<\/p>\n\n\n\n<p>Puhelinvaihde: +358 20&nbsp;743 8100<\/p>\n\n\n\n<h2 class=\"wp-block-heading\">3 Rekisterin nimi<\/h2>\n\n\n\n<p>Varainhankinnan lahjoittajarekisteri<\/p>\n\n\n\n<h2 class=\"wp-block-heading\">4 Henkil\u00f6tietojen k\u00e4sittelyn tarkoitus<\/h2>\n\n\n\n<p>Rekisterin k\u00e4ytt\u00f6tarkoitus on ker\u00e4t\u00e4 Opetus- ja kulttuuriministeri\u00f6n vaatimat tiedot Jyv\u00e4skyl\u00e4n ammattikorkeakoulun varainhankintakampanjassa lahjoittaneista. (OKM ohje OKM\/2\/500\/2017).<\/p>\n\n\n\n<h2 class=\"wp-block-heading\">5 Rekisterin tietosis\u00e4lt\u00f6<\/h2>\n\n\n\n<ul class=\"wp-block-list\">\n<li>Henkil\u00f6tunnus<\/li>\n\n\n\n<li>Sukunimi<\/li>\n\n\n\n<li>Etunimi<\/li>\n\n\n\n<li>Organisaation nimi<\/li>\n\n\n\n<li>Y-tunnus<\/li>\n\n\n\n<li>Puhelinnumero<\/li>\n\n\n\n<li>S\u00e4hk\u00f6postiosoite<\/li>\n\n\n\n<li>Lahjoituksen summa euroina<\/li>\n<\/ul>\n\n\n\n<h2 class=\"wp-block-heading\">6 K\u00e4sittelyperuste<\/h2>\n\n\n\n<p>Tietojen k\u00e4sittely perustuu <a href=\"https:\/\/www.finlex.fi\/fi\/laki\/ajantasa\/2014\/20140932\">ammattikorkeakoululakiin<\/a>, <a href=\"https:\/\/www.finlex.fi\/fi\/laki\/ajantasa\/2006\/20060255\">rahanker\u00e4yslakiin (255\/2006)<\/a> ja <a href=\"https:\/\/www.finlex.fi\/fi\/laki\/ajantasa\/2006\/20060503\">valtioneuvoston asetukseen rahanker\u00e4yksist\u00e4 (503\/2006).<\/a><\/p>\n\n\n\n<h2 class=\"wp-block-heading\">7 S\u00e4\u00e4nn\u00f6nmukaiset tietol\u00e4hteet<\/h2>\n\n\n\n<p>Lahjoittajien tiedot ker\u00e4t\u00e4\u00e4n s\u00e4hk\u00f6isen lahjoituslomakkeen ja paperisen lahjakirjan kautta.<\/p>\n\n\n\n<h2 class=\"wp-block-heading\">8&nbsp;S\u00e4\u00e4nn\u00f6nmukaiset tietojen luovutukset ja tietojen siirto EU:n tai Euroopan talousalueen ulkopuolelle<\/h2>\n\n\n\n<p>Tietoja luovutetaan verottajalle, opetusministeri\u00f6lle sek\u00e4 poliisihallitukselle. Tietojen luovutus perustuu Opetus- ja kulttuuriministeri\u00f6n varainhankinnan ohjeistukseen&nbsp;(OKM\/2\/500\/2017) ja rahanker\u00e4yslakiin (255\/2006). Tietoja luovutetaan raportoinnin yhteydess\u00e4 em. tahoille.<\/p>\n\n\n\n<p>Ei s\u00e4\u00e4nn\u00f6nmukaisia tietojen luovutuksia EU:n tai Euroopan talousalueen ulkopuolelle.<\/p>\n\n\n\n<h2 class=\"wp-block-heading\">9&nbsp;Rekisterin suojauksen periaatteet ja tietojen s\u00e4ilytt\u00e4minen<\/h2>\n\n\n\n<p>Lahjoittajan tiedot ker\u00e4t\u00e4\u00e4n suojatulla verkkolomakkeella, jolla ker\u00e4tyt tiedot s\u00e4ilytet\u00e4\u00e4n Jamkin omalla palvelimella. Tiedot siirret\u00e4\u00e4n lomakkeelta lahjakirjalle. Lahjakirja toimitetaan lahjoittajalle paperisena.<\/p>\n\n\n\n<p>J\u00e4rjestelm\u00e4\u00e4n p\u00e4\u00e4sy on rajattu Jamkissa ty\u00f6teht\u00e4vien mukaisesti tietyille henkil\u00f6ille. J\u00e4rjestelm\u00e4n k\u00e4ytt\u00f6 edellytt\u00e4\u00e4 henkil\u00f6kohtaista k\u00e4ytt\u00e4j\u00e4tunnusta ja salasanaa. K\u00e4ytt\u00f6oikeudet p\u00e4\u00e4ttyv\u00e4t henkil\u00f6n ty\u00f6suhteen p\u00e4\u00e4tytty\u00e4 ja siirtyess\u00e4 toisiin teht\u00e4viin. J\u00e4rjestelm\u00e4\u00e4n ei my\u00f6nnet\u00e4 ulkopuolisia k\u00e4ytt\u00e4j\u00e4tunnuksia. Palvelimet sijaitsevat lukitussa tilassa ja varmenteet tiedoista otetaan s\u00e4\u00e4nn\u00f6nmukaisesti.<\/p>\n\n\n\n<h2 class=\"wp-block-heading\">10 Profilointi ja automaattinen p\u00e4\u00e4t\u00f6ksenteko<\/h2>\n\n\n\n<p>Rekisterin tietoja ei k\u00e4ytet\u00e4 automatisoituihin yksitt\u00e4isp\u00e4\u00e4t\u00f6ksiin eik\u00e4&nbsp;profilointiin.<\/p>\n\n\n\n<h2 class=\"wp-block-heading\">11 Rekister\u00f6idyn oikeudet<\/h2>\n\n\n\n<p>Tietosuojavastaavasta ja rekister\u00f6idyn oikeuksista ja niiden toteuttamisesta\u00a0kerrotaan <a href=\"https:\/\/www.jamk.fi\/fi\/jamk\/tietosuoja-jamkissa\">Jamkin tietosuojalausekkeessa<\/a> ja <a href=\"https:\/\/www.jamk.fi\/fi\/jamk\/tietosuoja-jamkissa\">Rekister\u00f6idyn oikeudet<\/a>-sivulla.<\/p>\n","protected":false},"excerpt":{"rendered":"<p>(EU -tietosuoja-asetus (2016\/679) P\u00e4ivitetty 8.2.2018 1 Rekisterinpit\u00e4j\u00e4 Jyv\u00e4skyl\u00e4n ammattikorkeakoulu OyPL 207, 40101 Jyv\u00e4skyl\u00e4+358 20 743 8100 2 Yhteyshenkil\u00f6 rekisteri\u00e4 koskevissa asioissa, yhteystiedot virka-aikana Hallintojohtaja Mikko SalminenPL 207, 40101 Jyv\u00e4skyl\u00e4etunimi.sukunimi[a]jamk.fi Puhelinvaihde: +358 20&nbsp;743 8100 3 Rekisterin nimi Varainhankinnan lahjoittajarekisteri 4 Henkil\u00f6tietojen k\u00e4sittelyn tarkoitus Rekisterin k\u00e4ytt\u00f6tarkoitus on ker\u00e4t\u00e4 Opetus- ja kulttuuriministeri\u00f6n vaatimat tiedot Jyv\u00e4skyl\u00e4n ammattikorkeakoulun varainhankintakampanjassa lahjoittaneista. [&hellip;]<\/p>\n","protected":false},"author":178,"featured_media":0,"parent":494,"menu_order":0,"comment_status":"closed","ping_status":"closed","template":"","meta":{"_acf_changed":false,"_relevanssi_hide_post":"","_relevanssi_hide_content":"","_relevanssi_pin_for_all":"","_relevanssi_pin_keywords":"","_relevanssi_unpin_keywords":"","_relevanssi_related_keywords":"","_relevanssi_related_include_ids":"","_relevanssi_related_exclude_ids":"","_relevanssi_related_no_append":"","_relevanssi_related_not_related":"","_relevanssi_related_posts":"","_relevanssi_noindex_reason":"","footnotes":""},"categories":[1],"tags":[40,58,76,202,352],"class_list":["post-76","page","type-page","status-publish","hentry","category-yleinen","tag-rekisteriseloste","tag-tietosuoja","tag-tietosuojaseloste","tag-varainkeruu","tag-yleishallinto"],"acf":[],"yoast_head":"<!-- This site is optimized with the Yoast SEO plugin v27.3 - https:\/\/yoast.com\/product\/yoast-seo-wordpress\/ -->\n<title>Tietosuojaseloste - Varainhankinnan lahjoittajarekisteri - Tietosuoja<\/title>\n<meta name=\"robots\" content=\"index, follow, max-snippet:-1, max-image-preview:large, max-video-preview:-1\" \/>\n<link rel=\"canonical\" href=\"https:\/\/help.jamk.fi\/tietosuoja\/fi\/yleishallinto\/tietosuojaseloste-lahjoittajarekisteri\/\" \/>\n<meta property=\"og:locale\" content=\"fi_FI\" \/>\n<meta property=\"og:type\" content=\"article\" \/>\n<meta property=\"og:title\" content=\"Tietosuojaseloste - Varainhankinnan lahjoittajarekisteri - Tietosuoja\" \/>\n<meta property=\"og:description\" content=\"(EU -tietosuoja-asetus (2016\/679) P\u00e4ivitetty 8.2.2018 1 Rekisterinpit\u00e4j\u00e4 Jyv\u00e4skyl\u00e4n ammattikorkeakoulu OyPL 207, 40101 Jyv\u00e4skyl\u00e4+358 20 743 8100 2 Yhteyshenkil\u00f6 rekisteri\u00e4 koskevissa asioissa, yhteystiedot virka-aikana Hallintojohtaja Mikko SalminenPL 207, 40101 Jyv\u00e4skyl\u00e4etunimi.sukunimi[a]jamk.fi Puhelinvaihde: +358 20&nbsp;743 8100 3 Rekisterin nimi Varainhankinnan lahjoittajarekisteri 4 Henkil\u00f6tietojen k\u00e4sittelyn tarkoitus Rekisterin k\u00e4ytt\u00f6tarkoitus on ker\u00e4t\u00e4 Opetus- ja kulttuuriministeri\u00f6n vaatimat tiedot Jyv\u00e4skyl\u00e4n ammattikorkeakoulun varainhankintakampanjassa lahjoittaneista. [&hellip;]\" \/>\n<meta property=\"og:url\" content=\"https:\/\/help.jamk.fi\/tietosuoja\/fi\/yleishallinto\/tietosuojaseloste-lahjoittajarekisteri\/\" \/>\n<meta property=\"og:site_name\" content=\"Tietosuoja\" \/>\n<meta property=\"article:modified_time\" content=\"2024-01-23T13:40:36+00:00\" \/>\n<meta name=\"twitter:card\" content=\"summary_large_image\" \/>\n<meta name=\"twitter:label1\" content=\"Arvioitu lukuaika\" \/>\n\t<meta name=\"twitter:data1\" content=\"2 minuuttia\" \/>\n<script type=\"application\/ld+json\" class=\"yoast-schema-graph\">{\"@context\":\"https:\\\/\\\/schema.org\",\"@graph\":[{\"@type\":\"WebPage\",\"@id\":\"https:\\\/\\\/help.jamk.fi\\\/tietosuoja\\\/fi\\\/yleishallinto\\\/tietosuojaseloste-lahjoittajarekisteri\\\/\",\"url\":\"https:\\\/\\\/help.jamk.fi\\\/tietosuoja\\\/fi\\\/yleishallinto\\\/tietosuojaseloste-lahjoittajarekisteri\\\/\",\"name\":\"Tietosuojaseloste - Varainhankinnan lahjoittajarekisteri - Tietosuoja\",\"isPartOf\":{\"@id\":\"https:\\\/\\\/help.jamk.fi\\\/tietosuoja\\\/#website\"},\"datePublished\":\"2018-01-11T09:38:04+00:00\",\"dateModified\":\"2024-01-23T13:40:36+00:00\",\"breadcrumb\":{\"@id\":\"https:\\\/\\\/help.jamk.fi\\\/tietosuoja\\\/fi\\\/yleishallinto\\\/tietosuojaseloste-lahjoittajarekisteri\\\/#breadcrumb\"},\"inLanguage\":\"fi\",\"potentialAction\":[{\"@type\":\"ReadAction\",\"target\":[\"https:\\\/\\\/help.jamk.fi\\\/tietosuoja\\\/fi\\\/yleishallinto\\\/tietosuojaseloste-lahjoittajarekisteri\\\/\"]}]},{\"@type\":\"BreadcrumbList\",\"@id\":\"https:\\\/\\\/help.jamk.fi\\\/tietosuoja\\\/fi\\\/yleishallinto\\\/tietosuojaseloste-lahjoittajarekisteri\\\/#breadcrumb\",\"itemListElement\":[{\"@type\":\"ListItem\",\"position\":1,\"name\":\"Etusivu\",\"item\":\"https:\\\/\\\/help.jamk.fi\\\/tietosuoja\\\/fi\\\/\"},{\"@type\":\"ListItem\",\"position\":2,\"name\":\"Yleishallinto\",\"item\":\"https:\\\/\\\/help.jamk.fi\\\/tietosuoja\\\/fi\\\/yleishallinto\\\/\"},{\"@type\":\"ListItem\",\"position\":3,\"name\":\"Tietosuojaseloste &#8211; Varainhankinnan lahjoittajarekisteri\"}]},{\"@type\":\"WebSite\",\"@id\":\"https:\\\/\\\/help.jamk.fi\\\/tietosuoja\\\/#website\",\"url\":\"https:\\\/\\\/help.jamk.fi\\\/tietosuoja\\\/\",\"name\":\"Tietosuoja\",\"description\":\"\",\"potentialAction\":[{\"@type\":\"SearchAction\",\"target\":{\"@type\":\"EntryPoint\",\"urlTemplate\":\"https:\\\/\\\/help.jamk.fi\\\/tietosuoja\\\/?s={search_term_string}\"},\"query-input\":{\"@type\":\"PropertyValueSpecification\",\"valueRequired\":true,\"valueName\":\"search_term_string\"}}],\"inLanguage\":\"fi\"}]}<\/script>\n<!-- \/ Yoast SEO plugin. -->","yoast_head_json":{"title":"Tietosuojaseloste - Varainhankinnan lahjoittajarekisteri - Tietosuoja","robots":{"index":"index","follow":"follow","max-snippet":"max-snippet:-1","max-image-preview":"max-image-preview:large","max-video-preview":"max-video-preview:-1"},"canonical":"https:\/\/help.jamk.fi\/tietosuoja\/fi\/yleishallinto\/tietosuojaseloste-lahjoittajarekisteri\/","og_locale":"fi_FI","og_type":"article","og_title":"Tietosuojaseloste - Varainhankinnan lahjoittajarekisteri - Tietosuoja","og_description":"(EU -tietosuoja-asetus (2016\/679) P\u00e4ivitetty 8.2.2018 1 Rekisterinpit\u00e4j\u00e4 Jyv\u00e4skyl\u00e4n ammattikorkeakoulu OyPL 207, 40101 Jyv\u00e4skyl\u00e4+358 20 743 8100 2 Yhteyshenkil\u00f6 rekisteri\u00e4 koskevissa asioissa, yhteystiedot virka-aikana Hallintojohtaja Mikko SalminenPL 207, 40101 Jyv\u00e4skyl\u00e4etunimi.sukunimi[a]jamk.fi Puhelinvaihde: +358 20&nbsp;743 8100 3 Rekisterin nimi Varainhankinnan lahjoittajarekisteri 4 Henkil\u00f6tietojen k\u00e4sittelyn tarkoitus Rekisterin k\u00e4ytt\u00f6tarkoitus on ker\u00e4t\u00e4 Opetus- ja kulttuuriministeri\u00f6n vaatimat tiedot Jyv\u00e4skyl\u00e4n ammattikorkeakoulun varainhankintakampanjassa lahjoittaneista. [&hellip;]","og_url":"https:\/\/help.jamk.fi\/tietosuoja\/fi\/yleishallinto\/tietosuojaseloste-lahjoittajarekisteri\/","og_site_name":"Tietosuoja","article_modified_time":"2024-01-23T13:40:36+00:00","twitter_card":"summary_large_image","twitter_misc":{"Arvioitu lukuaika":"2 minuuttia"},"schema":{"@context":"https:\/\/schema.org","@graph":[{"@type":"WebPage","@id":"https:\/\/help.jamk.fi\/tietosuoja\/fi\/yleishallinto\/tietosuojaseloste-lahjoittajarekisteri\/","url":"https:\/\/help.jamk.fi\/tietosuoja\/fi\/yleishallinto\/tietosuojaseloste-lahjoittajarekisteri\/","name":"Tietosuojaseloste - Varainhankinnan lahjoittajarekisteri - Tietosuoja","isPartOf":{"@id":"https:\/\/help.jamk.fi\/tietosuoja\/#website"},"datePublished":"2018-01-11T09:38:04+00:00","dateModified":"2024-01-23T13:40:36+00:00","breadcrumb":{"@id":"https:\/\/help.jamk.fi\/tietosuoja\/fi\/yleishallinto\/tietosuojaseloste-lahjoittajarekisteri\/#breadcrumb"},"inLanguage":"fi","potentialAction":[{"@type":"ReadAction","target":["https:\/\/help.jamk.fi\/tietosuoja\/fi\/yleishallinto\/tietosuojaseloste-lahjoittajarekisteri\/"]}]},{"@type":"BreadcrumbList","@id":"https:\/\/help.jamk.fi\/tietosuoja\/fi\/yleishallinto\/tietosuojaseloste-lahjoittajarekisteri\/#breadcrumb","itemListElement":[{"@type":"ListItem","position":1,"name":"Etusivu","item":"https:\/\/help.jamk.fi\/tietosuoja\/fi\/"},{"@type":"ListItem","position":2,"name":"Yleishallinto","item":"https:\/\/help.jamk.fi\/tietosuoja\/fi\/yleishallinto\/"},{"@type":"ListItem","position":3,"name":"Tietosuojaseloste &#8211; Varainhankinnan lahjoittajarekisteri"}]},{"@type":"WebSite","@id":"https:\/\/help.jamk.fi\/tietosuoja\/#website","url":"https:\/\/help.jamk.fi\/tietosuoja\/","name":"Tietosuoja","description":"","potentialAction":[{"@type":"SearchAction","target":{"@type":"EntryPoint","urlTemplate":"https:\/\/help.jamk.fi\/tietosuoja\/?s={search_term_string}"},"query-input":{"@type":"PropertyValueSpecification","valueRequired":true,"valueName":"search_term_string"}}],"inLanguage":"fi"}]}},"_links":{"self":[{"href":"https:\/\/help.jamk.fi\/tietosuoja\/wp-json\/wp\/v2\/pages\/76","targetHints":{"allow":["GET"]}}],"collection":[{"href":"https:\/\/help.jamk.fi\/tietosuoja\/wp-json\/wp\/v2\/pages"}],"about":[{"href":"https:\/\/help.jamk.fi\/tietosuoja\/wp-json\/wp\/v2\/types\/page"}],"author":[{"embeddable":true,"href":"https:\/\/help.jamk.fi\/tietosuoja\/wp-json\/wp\/v2\/users\/178"}],"replies":[{"embeddable":true,"href":"https:\/\/help.jamk.fi\/tietosuoja\/wp-json\/wp\/v2\/comments?post=76"}],"version-history":[{"count":3,"href":"https:\/\/help.jamk.fi\/tietosuoja\/wp-json\/wp\/v2\/pages\/76\/revisions"}],"predecessor-version":[{"id":911,"href":"https:\/\/help.jamk.fi\/tietosuoja\/wp-json\/wp\/v2\/pages\/76\/revisions\/911"}],"up":[{"embeddable":true,"href":"https:\/\/help.jamk.fi\/tietosuoja\/wp-json\/wp\/v2\/pages\/494"}],"wp:attachment":[{"href":"https:\/\/help.jamk.fi\/tietosuoja\/wp-json\/wp\/v2\/media?parent=76"}],"wp:term":[{"taxonomy":"category","embeddable":true,"href":"https:\/\/help.jamk.fi\/tietosuoja\/wp-json\/wp\/v2\/categories?post=76"},{"taxonomy":"post_tag","embeddable":true,"href":"https:\/\/help.jamk.fi\/tietosuoja\/wp-json\/wp\/v2\/tags?post=76"}],"curies":[{"name":"wp","href":"https:\/\/api.w.org\/{rel}","templated":true}]}}