{"id":79,"date":"2018-06-13T10:42:18","date_gmt":"2018-06-13T07:42:18","guid":{"rendered":"https:\/\/help.jamk.fi\/tietosuoja\/tietosuojaseloste-webropol\/"},"modified":"2025-07-03T07:51:43","modified_gmt":"2025-07-03T04:51:43","slug":"tietosuojaseloste-webropol","status":"publish","type":"page","link":"https:\/\/help.jamk.fi\/tietosuoja\/fi\/muut-palvelut\/tietosuojaseloste-webropol\/","title":{"rendered":"Tietosuojaseloste &#8211; Kyselytutkimusty\u00f6kalu"},"content":{"rendered":"\n<p><a href=\"https:\/\/eur-lex.europa.eu\/legal-content\/FI\/TXT\/?uri=uriserv:OJ.L_.2016.119.01.0001.01.FIN&amp;toc=OJ:L:2016:119:FULL\">EU yleinen tietosuoja-asetus<\/a> (2016\/679)<\/p>\n\n\n\n<p>P\u00e4ivitetty 4.2.2019<\/p>\n\n\n\n<h2 class=\"wp-block-heading\">1 Rekisterin nimi<\/h2>\n\n\n\n<p>Kyselytutkimusty\u00f6kalu<\/p>\n\n\n\n<h2 class=\"wp-block-heading\">2 Rekisterinpit\u00e4j\u00e4<\/h2>\n\n\n\n<p>Jyv\u00e4skyl\u00e4n ammattikorkeakoulu Oy<br>PL 207, 40101 Jyv\u00e4skyl\u00e4<br>+358 20 743 8100<\/p>\n\n\n\n<p><a href=\"https:\/\/webropol.fi\/tietosuojaseloste\/\">Palveluntarjoajan asiakas- ja k\u00e4ytt\u00e4j\u00e4rekisterin tietosuojaseloste <\/a><\/p>\n\n\n\n<h2 class=\"wp-block-heading\">3 Yhteyshenkil\u00f6 rekisteri\u00e4 koskevissa asioissa, yhteystiedot virka-aikana<\/h2>\n\n\n\n<p>Rekisterist\u00e4 vastaavan johtaja: henkil\u00f6st\u00f6johtaja<\/p>\n\n\n\n<p>Prosessista vastaava: laatup\u00e4\u00e4llikk\u00f6 <br>Yhteyshenkil\u00f6: sis\u00e4ll\u00f6llinen p\u00e4\u00e4k\u00e4ytt\u00e4j\u00e4 tki-palveluissa<br>etunimi.sukunimi@jamk.fi<\/p>\n\n\n\n<h2 class=\"wp-block-heading\">4 Henkil\u00f6tietojen k\u00e4sittelyn tarkoitus<\/h2>\n\n\n\n<p>Jamkin henkil\u00f6st\u00f6n ja opiskelijoiden ty\u00f6h\u00f6n ja opintoihin liittyvien s\u00e4hk\u00f6isten kyselyiden laadinta.<\/p>\n\n\n\n<h2 class=\"wp-block-heading\">5 Rekisterin tietosis\u00e4lt\u00f6<\/h2>\n\n\n\n<p>Kyselytutkimuksen laativa vastaa siit\u00e4, ett\u00e4 kyselyss\u00e4 ker\u00e4ttyj\u00e4 henkil\u00f6tietoja k\u00e4sitell\u00e4\u00e4n <a href=\"https:\/\/intra.jamk.fi\/opiskelijat\/Sivut\/Webropol_k\u00e4ytt\u00f6s\u00e4\u00e4nn\u00f6t.aspx\">Jamkin henkil\u00f6tietojen k\u00e4sittelyohjeen<\/a> mukaisesti.<\/p>\n\n\n\n<p>Kyselyty\u00f6kalun k\u00e4ytt\u00e4j\u00e4tietokanta sis\u00e4lt\u00e4\u00e4 seuraavat kent\u00e4t:<\/p>\n\n\n\n<ul class=\"wp-block-list\">\n<li>Etunimi<\/li>\n\n\n\n<li>Sukunimi<\/li>\n\n\n\n<li>Yritys<\/li>\n\n\n\n<li>Osasto (vapaaehtoinen)<\/li>\n\n\n\n<li>Kieli (vapaaehtoinen)<\/li>\n\n\n\n<li>K\u00e4ytt\u00e4j\u00e4tunnus<\/li>\n\n\n\n<li>K\u00e4ytt\u00e4j\u00e4luokka<\/li>\n\n\n\n<li>IP-rajoitus (vapaaehtoinen)<\/li>\n\n\n\n<li>K\u00e4ytt\u00e4j\u00e4roolit (vapaaehtoinen)<\/li>\n\n\n\n<li>K\u00e4ytt\u00e4j\u00e4ryhm\u00e4 (vapaaehtoinen)<\/li>\n<\/ul>\n\n\n\n<ul class=\"wp-block-list\">\n<li>S\u00e4hk\u00f6posti<\/li>\n\n\n\n<li>Puhelinnumero (vapaaehtoinen)<\/li>\n\n\n\n<li>Faksi (vapaaehtoinen)<\/li>\n\n\n\n<li>Matkapuhelinnumero (vapaaehtoinen)<\/li>\n\n\n\n<li>Osoite (vapaaehtoinen)<\/li>\n\n\n\n<li>Postinumero (vapaaehtoinen)<\/li>\n\n\n\n<li>Kaupunki (vapaaehtoinen)<\/li>\n\n\n\n<li>Maa (vapaaehtoinen)<\/li>\n\n\n\n<li>L\u00e4hett\u00e4j\u00e4n s\u00e4hk\u00f6postiosoite (vaihtoehtoinen, varmennettava ennen k\u00e4ytt\u00f6\u00f6n ottoa) (vapaaehtoinen)<\/li>\n\n\n\n<li>K\u00e4ytt\u00f6ymp\u00e4rist\u00f6 (vapaaehtoinen)<\/li>\n\n\n\n<li>Kyselyn sis\u00e4ll\u00f6st\u00e4 riippuen voidaan ker\u00e4t\u00e4 my\u00f6s muita henkil\u00f6tietoja<\/li>\n<\/ul>\n\n\n\n<h2 class=\"wp-block-heading\">6 K\u00e4sittelyperuste<\/h2>\n\n\n\n<ul class=\"wp-block-list\">\n<li>Suostumus: kyselytutkimuksen vastaajan suostumus. Suostumuksen voi peruuttaa olemalla yhteydess\u00e4 kyselyn suorittajaan.<\/li>\n\n\n\n<li>Lakis\u00e4\u00e4teinen teht\u00e4v\u00e4: Opetuksen ja TKI-toiminnan toteuttaminen<\/li>\n\n\n\n<li>Rekisterinpit\u00e4j\u00e4n oikeutettu etu: J\u00e4rjestelm\u00e4n k\u00e4yt\u00f6n edellytyksen\u00e4 ty\u00f6suhde tai opiskeluoikeus Jamkiin.<\/li>\n<\/ul>\n\n\n\n<h2 class=\"wp-block-heading\">7 S\u00e4\u00e4nn\u00f6nmukaiset tietol\u00e4hteet<\/h2>\n\n\n\n<p>Kyselytutkimukseen osallistuva antaa tiedot itse.<\/p>\n\n\n\n<p>Jamkin henkil\u00f6st\u00f6n ja opiskelijan tiedot: Kirjautuminen palveluun tapahtuu Suomen korkeakoulujen yhteisen HAKA-k\u00e4ytt\u00e4j\u00e4tunnistusj\u00e4rjestelm\u00e4n kautta.<\/p>\n\n\n\n<h2 class=\"wp-block-heading\">8 S\u00e4\u00e4nn\u00f6nmukaiset tietojen luovutukset ja tietojen siirto EU:n tai Euroopan talousalueen ulkopuolelle<\/h2>\n\n\n\n<p>Rekisterist\u00e4 ei luovuteta tietoja s\u00e4\u00e4nn\u00f6nmukaisesti.<\/p>\n\n\n\n<p>Ohjelmistoon tallentuvia vastauksia ja niiden jakamista hallinnoi aina kyselyn tekij\u00e4. Kyselytutkimuksen laativa vastaa siit\u00e4, ett\u00e4 kyselyss\u00e4 ker\u00e4ttyj\u00e4 henkil\u00f6tietoja k\u00e4sitell\u00e4\u00e4n <a href=\"https:\/\/intra.jamk.fi\/opiskelijat\/Sivut\/Webropol_k%C3%A4ytt%C3%B6s%C3%A4%C3%A4nn%C3%B6t.aspx\">Jamkin Webropolin henkil\u00f6tietojen k\u00e4sittelyohjeen mukaisesti<\/a>. Kyselyn laatija vastaa rekister\u00f6idyn asianmukaisesta informoimisesta.<\/p>\n\n\n\n<h2 class=\"wp-block-heading\">9 Rekisterin suojauksen periaatteet<\/h2>\n\n\n\n<p>Rekisteri ei sis\u00e4ll\u00e4 manuaalista aineistoa.<\/p>\n\n\n\n<p>Palvelimet sijaitsevat palveluntarjoajan korkean tietoturvatason palvelinkeskuksissa Helsingiss\u00e4. S\u00e4hk\u00f6isess\u00e4 muodossa olevat henkil\u00f6tiedot on suojattu palomuurein ja salasanoin.<\/p>\n\n\n\n<p>Rekisterin k\u00e4ytt\u00f6\u00f6n ovat oikeutettuja vain ne rekisterinpit\u00e4j\u00e4n tai t\u00e4m\u00e4n puolesta ja lukuun toimivien alihankkijoiden ty\u00f6ntekij\u00e4t, joilla on ty\u00f6ns\u00e4 puolesta oikeus k\u00e4sitell\u00e4 rekisterin sis\u00e4lt\u00e4mi\u00e4 tietoja. Kullakin rekisteri\u00e4 k\u00e4ytt\u00e4v\u00e4ll\u00e4 k\u00e4ytt\u00e4j\u00e4ll\u00e4 on henkil\u00f6kohtainen k\u00e4ytt\u00e4j\u00e4tunnus ja salasana j\u00e4rjestelmiin.<\/p>\n\n\n\n<p>SSL-yhteydell\u00e4 varmistetaan vastausten l\u00e4hett\u00e4minen turvallisen ja salatun yhteyden kautta. Ohjelmistoon tallentuvia vastauksia ja niiden jakamista hallinnoi aina kyselyn tekij\u00e4.<\/p>\n\n\n\n<h2 class=\"wp-block-heading\">10 Henkil\u00f6tietojen s\u00e4ilytt\u00e4misaika tai s\u00e4ilytt\u00e4misajan m\u00e4\u00e4ritt\u00e4miskriteerit<\/h2>\n\n\n\n<p>Kyselyn laatijan velvollisuus on suunnitella henkil\u00f6tietojen k\u00e4sittely ja s\u00e4ilytt\u00e4miskriteerit sek\u00e4 informoida rekister\u00f6ity\u00e4 t\u00e4st\u00e4.<\/p>\n\n\n\n<p>Opiskelijoiden tulee poistaa omat kyselyns\u00e4 Webropolista ennen valmistumista.<\/p>\n\n\n\n<p>J\u00e4rjestelm\u00e4st\u00e4 poistetaan kolme vuotta vanhemmat henkil\u00f6st\u00f6n ja opiskelijoiden kyselyt vastauksineen (kyselyt, joita ei ole ty\u00f6stetty tai joihin ei ole tullut vastauksia) vuosittain.<\/p>\n\n\n\n<p>K\u00e4ytt\u00e4j\u00e4tunnuksen omanneiden henkil\u00f6iden tiedot s\u00e4ilyv\u00e4t j\u00e4rjestelm\u00e4ss\u00e4 toistaiseksi. Jamk poistaa v\u00e4hint\u00e4\u00e4n joka toinen vuosi niiden k\u00e4ytt\u00e4jien tiedot, jotka eiv\u00e4t ole kirjautuneet j\u00e4rjestelm\u00e4\u00e4n kolmeen vuoteen.<\/p>\n\n\n\n<h2 class=\"wp-block-heading\">11 Profilointi ja automaattinen p\u00e4\u00e4t\u00f6ksenteko<\/h2>\n\n\n\n<p>Rekisterin tietoja ei k\u00e4ytet\u00e4 automatisoituihin yksitt\u00e4isp\u00e4\u00e4t\u00f6ksiin eik\u00e4 profilointiin.<\/p>\n\n\n\n<h2 class=\"wp-block-heading\">12 Rekister\u00f6idyn oikeudet<\/h2>\n\n\n\n<p>Tietosuojavastaavasta ja rekister\u00f6idyn oikeuksista ja niiden toteuttamisesta kerrotaan <a href=\"https:\/\/www.jamk.fi\/fi\/jamk\/tietosuoja-jamkissa\">Jamkin tietosuojalausekkeessa<\/a> ja <a href=\"https:\/\/www.jamk.fi\/fi\/jamk\/tietosuoja-jamkissa\">Rekister\u00f6idyn oikeudet<\/a>-sivulla.<\/p>\n","protected":false},"excerpt":{"rendered":"<p>EU yleinen tietosuoja-asetus (2016\/679) P\u00e4ivitetty 4.2.2019 1 Rekisterin nimi Kyselytutkimusty\u00f6kalu 2 Rekisterinpit\u00e4j\u00e4 Jyv\u00e4skyl\u00e4n ammattikorkeakoulu OyPL 207, 40101 Jyv\u00e4skyl\u00e4+358 20 743 8100 Palveluntarjoajan asiakas- ja k\u00e4ytt\u00e4j\u00e4rekisterin tietosuojaseloste 3 Yhteyshenkil\u00f6 rekisteri\u00e4 koskevissa asioissa, yhteystiedot virka-aikana Rekisterist\u00e4 vastaavan johtaja: henkil\u00f6st\u00f6johtaja Prosessista vastaava: laatup\u00e4\u00e4llikk\u00f6 Yhteyshenkil\u00f6: sis\u00e4ll\u00f6llinen p\u00e4\u00e4k\u00e4ytt\u00e4j\u00e4 tki-palveluissaetunimi.sukunimi@jamk.fi 4 Henkil\u00f6tietojen k\u00e4sittelyn tarkoitus Jamkin henkil\u00f6st\u00f6n ja opiskelijoiden ty\u00f6h\u00f6n ja opintoihin [&hellip;]<\/p>\n","protected":false},"author":178,"featured_media":0,"parent":546,"menu_order":0,"comment_status":"closed","ping_status":"closed","template":"","meta":{"_acf_changed":false,"_relevanssi_hide_post":"","_relevanssi_hide_content":"","_relevanssi_pin_for_all":"","_relevanssi_pin_keywords":"","_relevanssi_unpin_keywords":"","_relevanssi_related_keywords":"","_relevanssi_related_include_ids":"","_relevanssi_related_exclude_ids":"","_relevanssi_related_no_append":"","_relevanssi_related_not_related":"","_relevanssi_related_posts":"","_relevanssi_noindex_reason":"","footnotes":""},"categories":[],"tags":[22,34,40,58,76,208],"class_list":["post-79","page","type-page","status-publish","hentry","tag-gdpr","tag-rekisteri","tag-rekisteriseloste","tag-tietosuoja","tag-tietosuojaseloste","tag-webropol"],"acf":[],"yoast_head":"<!-- This site is optimized with the Yoast SEO plugin v27.4 - https:\/\/yoast.com\/product\/yoast-seo-wordpress\/ -->\n<title>Tietosuojaseloste - Kyselytutkimusty\u00f6kalu - Tietosuoja<\/title>\n<meta name=\"robots\" content=\"index, follow, max-snippet:-1, max-image-preview:large, max-video-preview:-1\" \/>\n<link rel=\"canonical\" href=\"https:\/\/help.jamk.fi\/tietosuoja\/fi\/muut-palvelut\/tietosuojaseloste-webropol\/\" \/>\n<meta property=\"og:locale\" content=\"fi_FI\" \/>\n<meta property=\"og:type\" content=\"article\" \/>\n<meta property=\"og:title\" content=\"Tietosuojaseloste - Kyselytutkimusty\u00f6kalu - Tietosuoja\" \/>\n<meta property=\"og:description\" content=\"EU yleinen tietosuoja-asetus (2016\/679) P\u00e4ivitetty 4.2.2019 1 Rekisterin nimi Kyselytutkimusty\u00f6kalu 2 Rekisterinpit\u00e4j\u00e4 Jyv\u00e4skyl\u00e4n ammattikorkeakoulu OyPL 207, 40101 Jyv\u00e4skyl\u00e4+358 20 743 8100 Palveluntarjoajan asiakas- ja k\u00e4ytt\u00e4j\u00e4rekisterin tietosuojaseloste 3 Yhteyshenkil\u00f6 rekisteri\u00e4 koskevissa asioissa, yhteystiedot virka-aikana Rekisterist\u00e4 vastaavan johtaja: henkil\u00f6st\u00f6johtaja Prosessista vastaava: laatup\u00e4\u00e4llikk\u00f6 Yhteyshenkil\u00f6: sis\u00e4ll\u00f6llinen p\u00e4\u00e4k\u00e4ytt\u00e4j\u00e4 tki-palveluissaetunimi.sukunimi@jamk.fi 4 Henkil\u00f6tietojen k\u00e4sittelyn tarkoitus Jamkin henkil\u00f6st\u00f6n ja opiskelijoiden ty\u00f6h\u00f6n ja opintoihin [&hellip;]\" \/>\n<meta property=\"og:url\" content=\"https:\/\/help.jamk.fi\/tietosuoja\/fi\/muut-palvelut\/tietosuojaseloste-webropol\/\" \/>\n<meta property=\"og:site_name\" content=\"Tietosuoja\" \/>\n<meta property=\"article:modified_time\" content=\"2025-07-03T04:51:43+00:00\" \/>\n<meta name=\"twitter:card\" content=\"summary_large_image\" \/>\n<meta name=\"twitter:label1\" content=\"Arvioitu lukuaika\" \/>\n\t<meta name=\"twitter:data1\" content=\"3 minuuttia\" \/>\n<script type=\"application\/ld+json\" class=\"yoast-schema-graph\">{\"@context\":\"https:\\\/\\\/schema.org\",\"@graph\":[{\"@type\":\"WebPage\",\"@id\":\"https:\\\/\\\/help.jamk.fi\\\/tietosuoja\\\/fi\\\/muut-palvelut\\\/tietosuojaseloste-webropol\\\/\",\"url\":\"https:\\\/\\\/help.jamk.fi\\\/tietosuoja\\\/fi\\\/muut-palvelut\\\/tietosuojaseloste-webropol\\\/\",\"name\":\"Tietosuojaseloste - Kyselytutkimusty\u00f6kalu - Tietosuoja\",\"isPartOf\":{\"@id\":\"https:\\\/\\\/help.jamk.fi\\\/tietosuoja\\\/#website\"},\"datePublished\":\"2018-06-13T07:42:18+00:00\",\"dateModified\":\"2025-07-03T04:51:43+00:00\",\"breadcrumb\":{\"@id\":\"https:\\\/\\\/help.jamk.fi\\\/tietosuoja\\\/fi\\\/muut-palvelut\\\/tietosuojaseloste-webropol\\\/#breadcrumb\"},\"inLanguage\":\"fi\",\"potentialAction\":[{\"@type\":\"ReadAction\",\"target\":[\"https:\\\/\\\/help.jamk.fi\\\/tietosuoja\\\/fi\\\/muut-palvelut\\\/tietosuojaseloste-webropol\\\/\"]}]},{\"@type\":\"BreadcrumbList\",\"@id\":\"https:\\\/\\\/help.jamk.fi\\\/tietosuoja\\\/fi\\\/muut-palvelut\\\/tietosuojaseloste-webropol\\\/#breadcrumb\",\"itemListElement\":[{\"@type\":\"ListItem\",\"position\":1,\"name\":\"Etusivu\",\"item\":\"https:\\\/\\\/help.jamk.fi\\\/tietosuoja\\\/fi\\\/\"},{\"@type\":\"ListItem\",\"position\":2,\"name\":\"Muut palvelut\",\"item\":\"https:\\\/\\\/help.jamk.fi\\\/tietosuoja\\\/fi\\\/muut-palvelut\\\/\"},{\"@type\":\"ListItem\",\"position\":3,\"name\":\"Tietosuojaseloste &#8211; Kyselytutkimusty\u00f6kalu\"}]},{\"@type\":\"WebSite\",\"@id\":\"https:\\\/\\\/help.jamk.fi\\\/tietosuoja\\\/#website\",\"url\":\"https:\\\/\\\/help.jamk.fi\\\/tietosuoja\\\/\",\"name\":\"Tietosuoja\",\"description\":\"\",\"potentialAction\":[{\"@type\":\"SearchAction\",\"target\":{\"@type\":\"EntryPoint\",\"urlTemplate\":\"https:\\\/\\\/help.jamk.fi\\\/tietosuoja\\\/?s={search_term_string}\"},\"query-input\":{\"@type\":\"PropertyValueSpecification\",\"valueRequired\":true,\"valueName\":\"search_term_string\"}}],\"inLanguage\":\"fi\"}]}<\/script>\n<!-- \/ Yoast SEO plugin. -->","yoast_head_json":{"title":"Tietosuojaseloste - Kyselytutkimusty\u00f6kalu - Tietosuoja","robots":{"index":"index","follow":"follow","max-snippet":"max-snippet:-1","max-image-preview":"max-image-preview:large","max-video-preview":"max-video-preview:-1"},"canonical":"https:\/\/help.jamk.fi\/tietosuoja\/fi\/muut-palvelut\/tietosuojaseloste-webropol\/","og_locale":"fi_FI","og_type":"article","og_title":"Tietosuojaseloste - Kyselytutkimusty\u00f6kalu - Tietosuoja","og_description":"EU yleinen tietosuoja-asetus (2016\/679) P\u00e4ivitetty 4.2.2019 1 Rekisterin nimi Kyselytutkimusty\u00f6kalu 2 Rekisterinpit\u00e4j\u00e4 Jyv\u00e4skyl\u00e4n ammattikorkeakoulu OyPL 207, 40101 Jyv\u00e4skyl\u00e4+358 20 743 8100 Palveluntarjoajan asiakas- ja k\u00e4ytt\u00e4j\u00e4rekisterin tietosuojaseloste 3 Yhteyshenkil\u00f6 rekisteri\u00e4 koskevissa asioissa, yhteystiedot virka-aikana Rekisterist\u00e4 vastaavan johtaja: henkil\u00f6st\u00f6johtaja Prosessista vastaava: laatup\u00e4\u00e4llikk\u00f6 Yhteyshenkil\u00f6: sis\u00e4ll\u00f6llinen p\u00e4\u00e4k\u00e4ytt\u00e4j\u00e4 tki-palveluissaetunimi.sukunimi@jamk.fi 4 Henkil\u00f6tietojen k\u00e4sittelyn tarkoitus Jamkin henkil\u00f6st\u00f6n ja opiskelijoiden ty\u00f6h\u00f6n ja opintoihin [&hellip;]","og_url":"https:\/\/help.jamk.fi\/tietosuoja\/fi\/muut-palvelut\/tietosuojaseloste-webropol\/","og_site_name":"Tietosuoja","article_modified_time":"2025-07-03T04:51:43+00:00","twitter_card":"summary_large_image","twitter_misc":{"Arvioitu lukuaika":"3 minuuttia"},"schema":{"@context":"https:\/\/schema.org","@graph":[{"@type":"WebPage","@id":"https:\/\/help.jamk.fi\/tietosuoja\/fi\/muut-palvelut\/tietosuojaseloste-webropol\/","url":"https:\/\/help.jamk.fi\/tietosuoja\/fi\/muut-palvelut\/tietosuojaseloste-webropol\/","name":"Tietosuojaseloste - Kyselytutkimusty\u00f6kalu - Tietosuoja","isPartOf":{"@id":"https:\/\/help.jamk.fi\/tietosuoja\/#website"},"datePublished":"2018-06-13T07:42:18+00:00","dateModified":"2025-07-03T04:51:43+00:00","breadcrumb":{"@id":"https:\/\/help.jamk.fi\/tietosuoja\/fi\/muut-palvelut\/tietosuojaseloste-webropol\/#breadcrumb"},"inLanguage":"fi","potentialAction":[{"@type":"ReadAction","target":["https:\/\/help.jamk.fi\/tietosuoja\/fi\/muut-palvelut\/tietosuojaseloste-webropol\/"]}]},{"@type":"BreadcrumbList","@id":"https:\/\/help.jamk.fi\/tietosuoja\/fi\/muut-palvelut\/tietosuojaseloste-webropol\/#breadcrumb","itemListElement":[{"@type":"ListItem","position":1,"name":"Etusivu","item":"https:\/\/help.jamk.fi\/tietosuoja\/fi\/"},{"@type":"ListItem","position":2,"name":"Muut palvelut","item":"https:\/\/help.jamk.fi\/tietosuoja\/fi\/muut-palvelut\/"},{"@type":"ListItem","position":3,"name":"Tietosuojaseloste &#8211; Kyselytutkimusty\u00f6kalu"}]},{"@type":"WebSite","@id":"https:\/\/help.jamk.fi\/tietosuoja\/#website","url":"https:\/\/help.jamk.fi\/tietosuoja\/","name":"Tietosuoja","description":"","potentialAction":[{"@type":"SearchAction","target":{"@type":"EntryPoint","urlTemplate":"https:\/\/help.jamk.fi\/tietosuoja\/?s={search_term_string}"},"query-input":{"@type":"PropertyValueSpecification","valueRequired":true,"valueName":"search_term_string"}}],"inLanguage":"fi"}]}},"_links":{"self":[{"href":"https:\/\/help.jamk.fi\/tietosuoja\/wp-json\/wp\/v2\/pages\/79","targetHints":{"allow":["GET"]}}],"collection":[{"href":"https:\/\/help.jamk.fi\/tietosuoja\/wp-json\/wp\/v2\/pages"}],"about":[{"href":"https:\/\/help.jamk.fi\/tietosuoja\/wp-json\/wp\/v2\/types\/page"}],"author":[{"embeddable":true,"href":"https:\/\/help.jamk.fi\/tietosuoja\/wp-json\/wp\/v2\/users\/178"}],"replies":[{"embeddable":true,"href":"https:\/\/help.jamk.fi\/tietosuoja\/wp-json\/wp\/v2\/comments?post=79"}],"version-history":[{"count":2,"href":"https:\/\/help.jamk.fi\/tietosuoja\/wp-json\/wp\/v2\/pages\/79\/revisions"}],"predecessor-version":[{"id":1029,"href":"https:\/\/help.jamk.fi\/tietosuoja\/wp-json\/wp\/v2\/pages\/79\/revisions\/1029"}],"up":[{"embeddable":true,"href":"https:\/\/help.jamk.fi\/tietosuoja\/wp-json\/wp\/v2\/pages\/546"}],"wp:attachment":[{"href":"https:\/\/help.jamk.fi\/tietosuoja\/wp-json\/wp\/v2\/media?parent=79"}],"wp:term":[{"taxonomy":"category","embeddable":true,"href":"https:\/\/help.jamk.fi\/tietosuoja\/wp-json\/wp\/v2\/categories?post=79"},{"taxonomy":"post_tag","embeddable":true,"href":"https:\/\/help.jamk.fi\/tietosuoja\/wp-json\/wp\/v2\/tags?post=79"}],"curies":[{"name":"wp","href":"https:\/\/api.w.org\/{rel}","templated":true}]}}