{"id":793,"date":"2023-12-28T10:49:37","date_gmt":"2023-12-28T08:49:37","guid":{"rendered":"https:\/\/help.jamk.fi\/tietosuoja\/?page_id=793"},"modified":"2024-01-16T15:10:23","modified_gmt":"2024-01-16T13:10:23","slug":"tietosuojaseloste-jamk-arena-verkkolehdet","status":"publish","type":"page","link":"https:\/\/help.jamk.fi\/tietosuoja\/fi\/kirjasto\/tietosuojaseloste-jamk-arena-verkkolehdet\/","title":{"rendered":"Tietosuojaseloste Jamk Arena-verkkolehdet"},"content":{"rendered":"\n<p>EU yleinen tietosuoja-asetus (2016\/679)<br>P\u00e4ivitetty 21.11.2023<\/p>\n\n\n\n<p><strong>1 Rekisterin nimi<\/strong><br>Jamk Arena -verkkolehdet Jamk Arena Public ja Jamk Arena Pro<\/p>\n\n\n\n<p><strong>2 Rekisterinpit\u00e4j\u00e4<\/strong><br>Jyv\u00e4skyl\u00e4n ammattikorkeakoulu Oy<br>PL 207, 40101 Jyv\u00e4skyl\u00e4<br>+358 20 743 8100<\/p>\n\n\n\n<p><strong>3 Rekisterinpit\u00e4j\u00e4n yhteyshenkil\u00f6<\/strong><br>Rekisterist\u00e4 vastaava: Tutkimuksesta vastaava vararehtori<br>Prosessista vastaavat: Jamk Arena Public:in p\u00e4\u00e4toimittaja ja Jamk Arena Pro:n p\u00e4\u00e4toimittaja<\/p>\n\n\n\n<p>Rekisterin yhteyshenkil\u00f6:<br>arena[at]jamk.fi<\/p>\n\n\n\n<p><strong>4 Rekisterinpit\u00e4j\u00e4n tietosuojavastaava<\/strong><br>Rekister\u00f6idyn oikeuksien toteuttamista koskevat pyynn\u00f6t osoitetaan rekisterinpit\u00e4j\u00e4n tietosuojavastaavalle: tietosuoja[at]jamk.fi<br>Kysy neuvoja ja ohjeita: tietosuoja[at]jamk.fi<\/p>\n\n\n\n<p><strong>5 Henkil\u00f6tietojen k\u00e4sittelyn tarkoitus<\/strong><br>Rekisteritietojen k\u00e4ytt\u00f6tarkoitus on dokumentoida Jamk Arenan julkaisujen henkil\u00f6tiedot (tekij\u00e4n etu- ja sukunimi sek\u00e4 affiliaatiotieto). Henkil\u00f6tiedot ovat edellytys sille, ett\u00e4 julkaisu kuuluu opetus- ja kulttuuriministeri\u00f6n julkaisutiedonkeruuseen.<\/p>\n\n\n\n<p><strong>6 Rekisterin tietosis\u00e4lt\u00f6<\/strong><br>Jamk Arenan julkaisuja varten ker\u00e4tt\u00e4v\u00e4t henkil\u00f6tiedot ovat tekij\u00f6iden etu- ja sukunimi sek\u00e4 tieto tekij\u00e4n affiliaatiotieto (taustaorganisaatiotieto).<br>Tekij\u00e4tietoihin liitet\u00e4\u00e4n julkaisun tekij\u00e4n suostumuksella valokuva (henkil\u00f6kuntakuva), vapaamuotoinen kirjoittajakuvaus ja mahdollinen Tiedejatutkimus.fi -palvelussa julkaistu Tutkijan tiedot -profiili sek\u00e4 mahdollinen ORCID-tunniste.<\/p>\n\n\n\n<p><strong>7 K\u00e4sittelyperuste<\/strong><br>Julkaisun tekij\u00e4n suostumus.<\/p>\n\n\n\n<p><strong>8 S\u00e4\u00e4nn\u00f6nmukaiset tietol\u00e4hteet<\/strong><br>Tekij\u00e4n suostumuksella Jyv\u00e4skyl\u00e4n ammattikorkeakoulun ty\u00f6ntekij\u00e4tiedoista saatavat tiedot ja kirjoittajan suostumuksella saatavat henkil\u00f6tiedot ml. Jyv\u00e4skyl\u00e4n ammattikorkeakoulun ulkopuoliset tekij\u00e4t.<\/p>\n\n\n\n<p><strong>9 S\u00e4\u00e4nn\u00f6nmukaiset tietojen luovutukset ja tietojen siirto EU:n tai Euroopan talousalueen ulkopuolelle<\/strong><br>Henkil\u00f6tietoja ei siirret\u00e4 EU:n tai ETA-alueen ulkopuolelle.<\/p>\n\n\n\n<p><strong>10 Rekisterin suojauksen periaatteet<\/strong><br>A Manuaalinen aineisto<br>Rekisteri ei sis\u00e4ll\u00e4 manuaalisesti ker\u00e4tt\u00e4v\u00e4\u00e4 aineistoa.<\/p>\n\n\n\n<p>B ATK:lle talletetut tiedot<br>S\u00e4hk\u00f6iset aineistot on suojattu k\u00e4ytt\u00e4j\u00e4tunnuksin ja salasanoin. Palvelimet sijaitsevat EU- tai ETA-alueella.<\/p>\n\n\n\n<p><strong>11 Tietojen s\u00e4ilytt\u00e4minen<\/strong><br>Julkaisuihin liittyvi\u00e4 tekij\u00e4tietoja s\u00e4ilytet\u00e4\u00e4n toistaiseksi.<\/p>\n\n\n\n<p><strong>12 Profilointi ja automaattinen p\u00e4\u00e4t\u00f6ksenteko<\/strong><br>Henkil\u00f6tietoihin liittyv\u00e4\u00e4 automatisoitua profilointia ei tehd\u00e4.<\/p>\n\n\n\n<p><strong>13 Rekister\u00f6idyn oikeudet<\/strong><br>Rekister\u00f6ityn\u00e4 sinulla on:<\/p>\n\n\n\n<ul class=\"wp-block-list\">\n<li>oikeus saada informaatiota henkil\u00f6tietojen k\u00e4sittelyst\u00e4<\/li>\n\n\n\n<li>oikeus saada p\u00e4\u00e4sy tietoihin<\/li>\n\n\n\n<li>oikeus oikaista tietoja<\/li>\n\n\n\n<li>oikeus rajoittaa tietojen k\u00e4sittely\u00e4<\/li>\n\n\n\n<li>henkil\u00f6tietojen oikaisua tai k\u00e4sittelyn rajoittamista koskeva ilmoitusvelvollisuus<\/li>\n\n\n\n<li>oikeus vastustaa tietojen k\u00e4sittely\u00e4<\/li>\n\n\n\n<li>oikeus olla johtumatta automaattisen p\u00e4\u00e4t\u00f6ksenteon kohteeksi ilman lainmukaista perustetta<\/li>\n\n\n\n<li>oikeus kysy\u00e4 omien tietojesi k\u00e4sittelyst\u00e4 ja oikeuksista: tietosuoja(a)jamk.fi<\/li>\n\n\n\n<li>oikeus tehd\u00e4 valitus valvontaviranomaiselle, yhteystiedot: https:\/\/tietosuoja.fi\/yhteystiedot<\/li>\n<\/ul>\n\n\n\n<p><strong>14 Yleinen kuvaus Jamk Arenan teknisist\u00e4 ja hallinnollisista suojatoimista<\/strong><br>Jamk Arenan henkil\u00f6tietojen k\u00e4sittelyn tarkoituksena on dokumentoida julkaisuja koskevat tekij\u00e4tiedot (tekij\u00e4n etu- ja sukunimi sek\u00e4 affiliaatiotieto). Tekij\u00e4tiedot ovat edellytyksen\u00e4 sille, ett\u00e4 julkaisu kuuluu opetus- ja kulttuuriministeri\u00f6n julkaisutiedonkeruuseen.<br>Jamk Arena verkkojulkaisut toimitetaan ja julkaistaan avoimen l\u00e4hdekoodin WordPress sis\u00e4ll\u00f6nhallintaj\u00e4rjestelm\u00e4ll\u00e4. Sis\u00e4ll\u00f6nhallintaj\u00e4rjestelm\u00e4\u00e4n tallennetaan julkaisujen tekij\u00e4tiedot, jotka saadaan rekister\u00f6idylt\u00e4 erikseen antamallaan suostumuksella Jamkin ty\u00f6ntekij\u00e4tiedoista sek\u00e4 suoraan tekij\u00f6ilt\u00e4 heid\u00e4n suostumuksellaan. Jamkin ulkopuolisten tekij\u00f6iden henkil\u00f6tiedot tallennetaan julkaisujen yhteyteen suostumuksella.<br>WordPressiss\u00e4 henkil\u00f6tietojen k\u00e4sittelyn suojatoimi perustuu Jyv\u00e4skyl\u00e4n ammattikorkeakoulun henkil\u00f6kunnan henkil\u00f6kohtaiseen s\u00e4hk\u00f6postiosoitteeseen ja siihen liitettyyn salasanaan. Tietoja k\u00e4sitell\u00e4\u00e4n huolellisesti, luottamuksellisesti ja vain niiden ty\u00f6ntekij\u00f6iden toimesta, joiden ty\u00f6nkuvaan se kuuluu.<\/p>\n","protected":false},"excerpt":{"rendered":"<p>EU yleinen tietosuoja-asetus (2016\/679)P\u00e4ivitetty 21.11.2023 1 Rekisterin nimiJamk Arena -verkkolehdet Jamk Arena Public ja Jamk Arena Pro 2 Rekisterinpit\u00e4j\u00e4Jyv\u00e4skyl\u00e4n ammattikorkeakoulu OyPL 207, 40101 Jyv\u00e4skyl\u00e4+358 20 743 8100 3 Rekisterinpit\u00e4j\u00e4n yhteyshenkil\u00f6Rekisterist\u00e4 vastaava: Tutkimuksesta vastaava vararehtoriProsessista vastaavat: Jamk Arena Public:in p\u00e4\u00e4toimittaja ja Jamk Arena Pro:n p\u00e4\u00e4toimittaja Rekisterin yhteyshenkil\u00f6:arena[at]jamk.fi 4 Rekisterinpit\u00e4j\u00e4n tietosuojavastaavaRekister\u00f6idyn oikeuksien toteuttamista koskevat pyynn\u00f6t osoitetaan rekisterinpit\u00e4j\u00e4n [&hellip;]<\/p>\n","protected":false},"author":178,"featured_media":0,"parent":513,"menu_order":1,"comment_status":"closed","ping_status":"closed","template":"","meta":{"_acf_changed":false,"_relevanssi_hide_post":"","_relevanssi_hide_content":"","_relevanssi_pin_for_all":"","_relevanssi_pin_keywords":"","_relevanssi_unpin_keywords":"","_relevanssi_related_keywords":"","_relevanssi_related_include_ids":"","_relevanssi_related_exclude_ids":"","_relevanssi_related_no_append":"","_relevanssi_related_not_related":"","_relevanssi_related_posts":"","_relevanssi_noindex_reason":"","footnotes":""},"categories":[],"tags":[],"class_list":["post-793","page","type-page","status-publish","hentry"],"acf":[],"yoast_head":"<!-- This site is optimized with the Yoast SEO plugin v27.3 - https:\/\/yoast.com\/product\/yoast-seo-wordpress\/ -->\n<title>Tietosuojaseloste Jamk Arena-verkkolehdet - Tietosuoja<\/title>\n<meta name=\"robots\" content=\"index, follow, max-snippet:-1, max-image-preview:large, max-video-preview:-1\" \/>\n<link rel=\"canonical\" href=\"https:\/\/help.jamk.fi\/tietosuoja\/fi\/kirjasto\/tietosuojaseloste-jamk-arena-verkkolehdet\/\" \/>\n<meta property=\"og:locale\" content=\"fi_FI\" \/>\n<meta property=\"og:type\" content=\"article\" \/>\n<meta property=\"og:title\" content=\"Tietosuojaseloste Jamk Arena-verkkolehdet - Tietosuoja\" \/>\n<meta property=\"og:description\" content=\"EU yleinen tietosuoja-asetus (2016\/679)P\u00e4ivitetty 21.11.2023 1 Rekisterin nimiJamk Arena -verkkolehdet Jamk Arena Public ja Jamk Arena Pro 2 Rekisterinpit\u00e4j\u00e4Jyv\u00e4skyl\u00e4n ammattikorkeakoulu OyPL 207, 40101 Jyv\u00e4skyl\u00e4+358 20 743 8100 3 Rekisterinpit\u00e4j\u00e4n yhteyshenkil\u00f6Rekisterist\u00e4 vastaava: Tutkimuksesta vastaava vararehtoriProsessista vastaavat: Jamk Arena Public:in p\u00e4\u00e4toimittaja ja Jamk Arena Pro:n p\u00e4\u00e4toimittaja Rekisterin yhteyshenkil\u00f6:arena[at]jamk.fi 4 Rekisterinpit\u00e4j\u00e4n tietosuojavastaavaRekister\u00f6idyn oikeuksien toteuttamista koskevat pyynn\u00f6t osoitetaan rekisterinpit\u00e4j\u00e4n [&hellip;]\" \/>\n<meta property=\"og:url\" content=\"https:\/\/help.jamk.fi\/tietosuoja\/fi\/kirjasto\/tietosuojaseloste-jamk-arena-verkkolehdet\/\" \/>\n<meta property=\"og:site_name\" content=\"Tietosuoja\" \/>\n<meta property=\"article:modified_time\" content=\"2024-01-16T13:10:23+00:00\" \/>\n<meta name=\"twitter:card\" content=\"summary_large_image\" \/>\n<meta name=\"twitter:label1\" content=\"Arvioitu lukuaika\" \/>\n\t<meta name=\"twitter:data1\" content=\"3 minuuttia\" \/>\n<script type=\"application\/ld+json\" class=\"yoast-schema-graph\">{\"@context\":\"https:\\\/\\\/schema.org\",\"@graph\":[{\"@type\":\"WebPage\",\"@id\":\"https:\\\/\\\/help.jamk.fi\\\/tietosuoja\\\/fi\\\/kirjasto\\\/tietosuojaseloste-jamk-arena-verkkolehdet\\\/\",\"url\":\"https:\\\/\\\/help.jamk.fi\\\/tietosuoja\\\/fi\\\/kirjasto\\\/tietosuojaseloste-jamk-arena-verkkolehdet\\\/\",\"name\":\"Tietosuojaseloste Jamk Arena-verkkolehdet - Tietosuoja\",\"isPartOf\":{\"@id\":\"https:\\\/\\\/help.jamk.fi\\\/tietosuoja\\\/#website\"},\"datePublished\":\"2023-12-28T08:49:37+00:00\",\"dateModified\":\"2024-01-16T13:10:23+00:00\",\"breadcrumb\":{\"@id\":\"https:\\\/\\\/help.jamk.fi\\\/tietosuoja\\\/fi\\\/kirjasto\\\/tietosuojaseloste-jamk-arena-verkkolehdet\\\/#breadcrumb\"},\"inLanguage\":\"fi\",\"potentialAction\":[{\"@type\":\"ReadAction\",\"target\":[\"https:\\\/\\\/help.jamk.fi\\\/tietosuoja\\\/fi\\\/kirjasto\\\/tietosuojaseloste-jamk-arena-verkkolehdet\\\/\"]}]},{\"@type\":\"BreadcrumbList\",\"@id\":\"https:\\\/\\\/help.jamk.fi\\\/tietosuoja\\\/fi\\\/kirjasto\\\/tietosuojaseloste-jamk-arena-verkkolehdet\\\/#breadcrumb\",\"itemListElement\":[{\"@type\":\"ListItem\",\"position\":1,\"name\":\"Etusivu\",\"item\":\"https:\\\/\\\/help.jamk.fi\\\/tietosuoja\\\/fi\\\/\"},{\"@type\":\"ListItem\",\"position\":2,\"name\":\"Kirjasto\",\"item\":\"https:\\\/\\\/help.jamk.fi\\\/tietosuoja\\\/fi\\\/kirjasto\\\/\"},{\"@type\":\"ListItem\",\"position\":3,\"name\":\"Tietosuojaseloste Jamk Arena-verkkolehdet\"}]},{\"@type\":\"WebSite\",\"@id\":\"https:\\\/\\\/help.jamk.fi\\\/tietosuoja\\\/#website\",\"url\":\"https:\\\/\\\/help.jamk.fi\\\/tietosuoja\\\/\",\"name\":\"Tietosuoja\",\"description\":\"\",\"potentialAction\":[{\"@type\":\"SearchAction\",\"target\":{\"@type\":\"EntryPoint\",\"urlTemplate\":\"https:\\\/\\\/help.jamk.fi\\\/tietosuoja\\\/?s={search_term_string}\"},\"query-input\":{\"@type\":\"PropertyValueSpecification\",\"valueRequired\":true,\"valueName\":\"search_term_string\"}}],\"inLanguage\":\"fi\"}]}<\/script>\n<!-- \/ Yoast SEO plugin. -->","yoast_head_json":{"title":"Tietosuojaseloste Jamk Arena-verkkolehdet - Tietosuoja","robots":{"index":"index","follow":"follow","max-snippet":"max-snippet:-1","max-image-preview":"max-image-preview:large","max-video-preview":"max-video-preview:-1"},"canonical":"https:\/\/help.jamk.fi\/tietosuoja\/fi\/kirjasto\/tietosuojaseloste-jamk-arena-verkkolehdet\/","og_locale":"fi_FI","og_type":"article","og_title":"Tietosuojaseloste Jamk Arena-verkkolehdet - Tietosuoja","og_description":"EU yleinen tietosuoja-asetus (2016\/679)P\u00e4ivitetty 21.11.2023 1 Rekisterin nimiJamk Arena -verkkolehdet Jamk Arena Public ja Jamk Arena Pro 2 Rekisterinpit\u00e4j\u00e4Jyv\u00e4skyl\u00e4n ammattikorkeakoulu OyPL 207, 40101 Jyv\u00e4skyl\u00e4+358 20 743 8100 3 Rekisterinpit\u00e4j\u00e4n yhteyshenkil\u00f6Rekisterist\u00e4 vastaava: Tutkimuksesta vastaava vararehtoriProsessista vastaavat: Jamk Arena Public:in p\u00e4\u00e4toimittaja ja Jamk Arena Pro:n p\u00e4\u00e4toimittaja Rekisterin yhteyshenkil\u00f6:arena[at]jamk.fi 4 Rekisterinpit\u00e4j\u00e4n tietosuojavastaavaRekister\u00f6idyn oikeuksien toteuttamista koskevat pyynn\u00f6t osoitetaan rekisterinpit\u00e4j\u00e4n [&hellip;]","og_url":"https:\/\/help.jamk.fi\/tietosuoja\/fi\/kirjasto\/tietosuojaseloste-jamk-arena-verkkolehdet\/","og_site_name":"Tietosuoja","article_modified_time":"2024-01-16T13:10:23+00:00","twitter_card":"summary_large_image","twitter_misc":{"Arvioitu lukuaika":"3 minuuttia"},"schema":{"@context":"https:\/\/schema.org","@graph":[{"@type":"WebPage","@id":"https:\/\/help.jamk.fi\/tietosuoja\/fi\/kirjasto\/tietosuojaseloste-jamk-arena-verkkolehdet\/","url":"https:\/\/help.jamk.fi\/tietosuoja\/fi\/kirjasto\/tietosuojaseloste-jamk-arena-verkkolehdet\/","name":"Tietosuojaseloste Jamk Arena-verkkolehdet - Tietosuoja","isPartOf":{"@id":"https:\/\/help.jamk.fi\/tietosuoja\/#website"},"datePublished":"2023-12-28T08:49:37+00:00","dateModified":"2024-01-16T13:10:23+00:00","breadcrumb":{"@id":"https:\/\/help.jamk.fi\/tietosuoja\/fi\/kirjasto\/tietosuojaseloste-jamk-arena-verkkolehdet\/#breadcrumb"},"inLanguage":"fi","potentialAction":[{"@type":"ReadAction","target":["https:\/\/help.jamk.fi\/tietosuoja\/fi\/kirjasto\/tietosuojaseloste-jamk-arena-verkkolehdet\/"]}]},{"@type":"BreadcrumbList","@id":"https:\/\/help.jamk.fi\/tietosuoja\/fi\/kirjasto\/tietosuojaseloste-jamk-arena-verkkolehdet\/#breadcrumb","itemListElement":[{"@type":"ListItem","position":1,"name":"Etusivu","item":"https:\/\/help.jamk.fi\/tietosuoja\/fi\/"},{"@type":"ListItem","position":2,"name":"Kirjasto","item":"https:\/\/help.jamk.fi\/tietosuoja\/fi\/kirjasto\/"},{"@type":"ListItem","position":3,"name":"Tietosuojaseloste Jamk Arena-verkkolehdet"}]},{"@type":"WebSite","@id":"https:\/\/help.jamk.fi\/tietosuoja\/#website","url":"https:\/\/help.jamk.fi\/tietosuoja\/","name":"Tietosuoja","description":"","potentialAction":[{"@type":"SearchAction","target":{"@type":"EntryPoint","urlTemplate":"https:\/\/help.jamk.fi\/tietosuoja\/?s={search_term_string}"},"query-input":{"@type":"PropertyValueSpecification","valueRequired":true,"valueName":"search_term_string"}}],"inLanguage":"fi"}]}},"_links":{"self":[{"href":"https:\/\/help.jamk.fi\/tietosuoja\/wp-json\/wp\/v2\/pages\/793","targetHints":{"allow":["GET"]}}],"collection":[{"href":"https:\/\/help.jamk.fi\/tietosuoja\/wp-json\/wp\/v2\/pages"}],"about":[{"href":"https:\/\/help.jamk.fi\/tietosuoja\/wp-json\/wp\/v2\/types\/page"}],"author":[{"embeddable":true,"href":"https:\/\/help.jamk.fi\/tietosuoja\/wp-json\/wp\/v2\/users\/178"}],"replies":[{"embeddable":true,"href":"https:\/\/help.jamk.fi\/tietosuoja\/wp-json\/wp\/v2\/comments?post=793"}],"version-history":[{"count":2,"href":"https:\/\/help.jamk.fi\/tietosuoja\/wp-json\/wp\/v2\/pages\/793\/revisions"}],"predecessor-version":[{"id":875,"href":"https:\/\/help.jamk.fi\/tietosuoja\/wp-json\/wp\/v2\/pages\/793\/revisions\/875"}],"up":[{"embeddable":true,"href":"https:\/\/help.jamk.fi\/tietosuoja\/wp-json\/wp\/v2\/pages\/513"}],"wp:attachment":[{"href":"https:\/\/help.jamk.fi\/tietosuoja\/wp-json\/wp\/v2\/media?parent=793"}],"wp:term":[{"taxonomy":"category","embeddable":true,"href":"https:\/\/help.jamk.fi\/tietosuoja\/wp-json\/wp\/v2\/categories?post=793"},{"taxonomy":"post_tag","embeddable":true,"href":"https:\/\/help.jamk.fi\/tietosuoja\/wp-json\/wp\/v2\/tags?post=793"}],"curies":[{"name":"wp","href":"https:\/\/api.w.org\/{rel}","templated":true}]}}