{"id":82,"date":"2018-09-12T08:04:17","date_gmt":"2018-09-12T05:04:17","guid":{"rendered":"https:\/\/help.jamk.fi\/tietosuoja\/tietosuojaseloste-oili\/"},"modified":"2025-09-03T14:57:04","modified_gmt":"2025-09-03T11:57:04","slug":"tietosuojaseloste-oili","status":"publish","type":"page","link":"https:\/\/help.jamk.fi\/tietosuoja\/fi\/opiskelija-opetus\/tietosuojaseloste-oili\/","title":{"rendered":"Tietosuojaseloste &#8211; Korkeakoulujen opiskelijaksi- ja lukukausi-ilmoittautumispalvelu, OILI"},"content":{"rendered":"\n<p>(<a href=\"http:\/\/eur-lex.europa.eu\/legal-content\/FI\/TXT\/?uri=uriserv:OJ.L_.2016.119.01.0001.01.FIN&amp;toc=OJ:L:2016:119:FULL\">EU yleinen tietosuoja-asetus (2016\/679)<\/a><\/p>\n\n\n\n<p>P\u00e4ivitetty: 29.11.2018<\/p>\n\n\n\n<h2 class=\"wp-block-heading\">1&nbsp;Rekisterin nimi<\/h2>\n\n\n\n<p>Korkeakoulujen opiskelijaksi- ja lukukausi-ilmoittautumispalvelu, OILI<\/p>\n\n\n\n<h2 class=\"wp-block-heading\">2 Rekisterinpit\u00e4j\u00e4<\/h2>\n\n\n\n<p>Jyv\u00e4skyl\u00e4n ammattikorkeakoulu Oy<br>PL 207, 40101 Jyv\u00e4skyl\u00e4<br>+358 20 743 8100<br>Y-tunnus 1006550-2<\/p>\n\n\n\n<h2 class=\"wp-block-heading\">3 Yhteyshenkil\u00f6 rekisteri\u00e4 koskevissa asioissa, yhteystiedot virka-aikana<\/h2>\n\n\n\n<p>Rekisterist\u00e4 vastaavan johtaja: Vararehtori Heikki Malinen<\/p>\n\n\n\n<p>Prosessista vastaava: Opiskelijapalveluiden p\u00e4\u00e4llikk\u00f6 Kristiina Korhonen<\/p>\n\n\n\n<p>Yhteyshenkil\u00f6: Sanna Tyrv\u00e4inen, hakukoordinaattori<\/p>\n\n\n\n<p>email: etunimi.sukunimi[a]jamk.fi<\/p>\n\n\n\n<h2 class=\"wp-block-heading\">4 Henkil\u00f6tietojen k\u00e4sittelyn tarkoitus<\/h2>\n\n\n\n<p>Rekisterin tarkoituksena on<br>\u2022&nbsp;korkeakouluun opiskelijaksi ilmoittautumiseen ja lukuvuosi-ilmoittautumisen liittyv\u00e4n palvelun j\u00e4rjest\u00e4minen sek\u00e4 ilmoittautumiseen liittyvien pakollisten ja vapaaehtoisten maksujen ker\u00e4\u00e4minen<br>\u2022&nbsp;tietojen siirt\u00e4minen haku- ja valintaj\u00e4rjestelm\u00e4n ja korkeakoulun v\u00e4lill\u00e4<br>\u2022&nbsp;ilmoittautumistiedon siirt\u00e4minen rekisterist\u00e4 haku- ja valintaj\u00e4rjestelm\u00e4\u00e4n<\/p>\n\n\n\n<h2 class=\"wp-block-heading\">5&nbsp;Rekisterin tietosis\u00e4lt\u00f6<\/h2>\n\n\n\n<p>Rekisteriss\u00e4 k\u00e4sitell\u00e4\u00e4n seuraavia opiskelijan henkil\u00f6tietoja:<\/p>\n\n\n\n<p>\u2022&nbsp;Nimi<br>\u2022&nbsp;EduPersonPrincipalName Hakasta (jatkava opiskelija)<br>\u2022&nbsp;Henkil\u00f6tunnus Virta-tietovarannon hakua varten<br>\u2022&nbsp;Oppijanumero<br>\u2022&nbsp;Kotiosoite<br>\u2022&nbsp;S\u00e4hk\u00f6postiosoite<br>\u2022&nbsp;Matkapuhelinnumero<br>\u2022&nbsp;Asiointikieli<br>\u2022&nbsp;Kotiorganisaatio<br>\u2022&nbsp;Hakukohteeseen ja koulutukseen liittyv\u00e4t tiedot<br>\u2022&nbsp;Voimassaolevat opiskeluoikeus ja lukuvuosi-ilmoittautumistiedot sek\u00e4 maksutiedot<br>\u2022&nbsp;ilmoittautumistiedot<br>\u2022&nbsp;ilmoittautumiseen liittyv\u00e4t maksutiedot<br>\u2022&nbsp;teknisten j\u00e4rjestelmien generoimat palvelun k\u00e4ytt\u00f6\u00f6n liittyv\u00e4t tiedot kuten lokitiedot, verkkotunnistetiedot<\/p>\n\n\n\n<h2 class=\"wp-block-heading\">6 K\u00e4sittelyperuste<\/h2>\n\n\n\n<p>Lakis\u00e4\u00e4teinen velvoite ja&nbsp;rekisterinpit\u00e4j\u00e4n oikeutettu etu<\/p>\n\n\n\n<h2 class=\"wp-block-heading\">7&nbsp; S\u00e4\u00e4nn\u00f6nmukaiset tietol\u00e4hteet<\/h2>\n\n\n\n<ul class=\"wp-block-list\">\n<li>Opiskelijan henkil\u00f6tiedot sek\u00e4 hakukohteeseen ja koulutukseen liittyv\u00e4t tiedot saadaan Opintopolun opiskelijavalintarekisterist\u00e4 (www.opintopolku.fi)<\/li>\n\n\n\n<li>Ilmoittautumistiedot ja ilmoittautumiseen liittyv\u00e4t maksutiedot saadaan opiskelijalta itselt\u00e4\u00e4n<\/li>\n\n\n\n<li>Opiskelijan voimassaolevat opiskeluoikeus- ja lukuvuosi-ilmoittautumistiedot saadaan korkeakoulujen valtakunnallisesta tietovaranto Virrasta (www.virta.fi)<\/li>\n\n\n\n<li>Jatkavan opiskelijan tunnistetiedot luetaan Haka-tunnistautumisesta.<\/li>\n<\/ul>\n\n\n\n<h2 class=\"wp-block-heading\">8 S\u00e4\u00e4nn\u00f6nmukaiset tietojen luovutukset ja tietojen siirto EU:n tai Euroopan talousalueen ulkopuolelle<\/h2>\n\n\n\n<p>Rekisterist\u00e4 luovutetaan tietoja s\u00e4\u00e4nn\u00f6nmukaisesti:<\/p>\n\n\n\n<ul class=\"wp-block-list\">\n<li>Ilmoittautumistieto luovutetaan Opintopolun opiskelijavalintarekisteriin (www.opintopolku.fi)<\/li>\n\n\n\n<li>Henkil\u00f6tiedot, hakukohteeseen ja koulutukseen liittyv\u00e4t tiedot sek\u00e4 ilmoittautumiseen liittyv\u00e4t tiedot luovutetaan Jyv\u00e4skyl\u00e4n ammattikorkeakoulun ASIO-opiskelijahallintoj\u00e4rjestelm\u00e4\u00e4n<\/li>\n<\/ul>\n\n\n\n<p>Rekisterin henkil\u00f6tietojen k\u00e4sittely\u00e4 on ulkoistettu toimeksiantosopimuksella: CSC \u2013 Tieteen tietotekniikan keskus Oy (toimittaja) k\u00e4sittelee kyseisi\u00e4 henkil\u00f6tietoja vain korkeakoulun pyynn\u00f6st\u00e4 tukeakseen rekisterinpit\u00e4j\u00e4\u00e4 palvelun k\u00e4yt\u00f6ss\u00e4 ja ongelmatilanteiden selvitt\u00e4misess\u00e4. CSC Oy k\u00e4sittelee Jamkin (tilaajan) puolesta sopimuksessa sovitun palvelun tuottamiseksi t\u00e4m\u00e4n tietosuojaselosteen kohdassa 6&nbsp;henkil\u00f6rekisteriin kuuluvia henkil\u00f6tietoja.<\/p>\n\n\n\n<p>CSC \u2013 Tieteen tietotekniikka keskus Oy<br>\u2022\u00a0<a href=\"https:\/\/wiki.eduuni.fi\/pages\/viewpage.action?pageId=70201606\">Tietosuoja ja henkil\u00f6tietojen k\u00e4sittelyst\u00e4<\/a><br>\u2022\u00a0<a href=\"https:\/\/csc.fi\/tietoturva-tietosuoja-datapolitiikka-ja-avoin-lahdekoodi\/tietosuoja\/\">CSC:n asiakasrekisterin tietosuojaseloste<\/a><\/p>\n\n\n\n<p>Tietoja ei siirret\u00e4 EU:n tai ETA-alueen ulkopuolelle<\/p>\n\n\n\n<h2 class=\"wp-block-heading\">9&nbsp;Rekisterin suojauksen periaatteet<\/h2>\n\n\n\n<p>Rekisterist\u00e4 ei synny manuaalista aineistoa.<\/p>\n\n\n\n<p>Jamk: Jokainen tietojen k\u00e4sittelij\u00e4 k\u00e4sittelee tietoja vain omiin ty\u00f6teht\u00e4viins\u00e4 liittyen ja omilla henkil\u00f6kohtaisilla tunnuksillaan. Tietoja k\u00e4sittelev\u00e4t mm. hakija- ja opiskelijapalvelut omiin teht\u00e4viins\u00e4 liittyen.<\/p>\n\n\n\n<p>CSC &#8211; Tieteen tietotekniikan keskus Oy: Henkil\u00f6tietoja sis\u00e4lt\u00e4vien j\u00e4rjestelmien k\u00e4ytt\u00f6\u00f6n ovat oikeutettuja vain ne ty\u00f6ntekij\u00e4t, joilla ty\u00f6ns\u00e4 puolesta on oikeus k\u00e4sitell\u00e4 henkil\u00f6tietoja. Kullakin k\u00e4ytt\u00e4j\u00e4ll\u00e4 on oma k\u00e4ytt\u00e4j\u00e4tunnus ja salasana j\u00e4rjestelmiin. Tiedot ker\u00e4t\u00e4\u00e4n tietokantoihin, jotka ovat palomuurein, salasanoin ja muilla teknisill\u00e4 keinoilla suojattuja. Tietokannat ja niiden varmuuskopiot sijaitsevat lukituissa tiloissa ja tietoihin p\u00e4\u00e4sev\u00e4t k\u00e4siksi vain tietyt ennalta nimetyt henkil\u00f6t.<\/p>\n\n\n\n<h2 class=\"wp-block-heading\">10&nbsp;Henkil\u00f6tietojen s\u00e4ilytt\u00e4misaika tai s\u00e4ilytt\u00e4misajan m\u00e4\u00e4ritt\u00e4miskriteerit<\/h2>\n\n\n\n<p>Henkil\u00f6tietoja s\u00e4ilytet\u00e4\u00e4n OILI-j\u00e4rjestelm\u00e4ss\u00e4 yhden (1) vuoden ajan ilmoittautumisesta. Jamkin opiskelijahallintoj\u00e4rjestelm\u00e4ss\u00e4 tietoja s\u00e4ilytet\u00e4\u00e4n tiedonohjaussuunnitelman ja seuraavien Kansallisarkiston p\u00e4\u00e4t\u00f6sten mukaisesti:<\/p>\n\n\n\n<p>\u2022&nbsp;Kansallisarkiston p\u00e4\u00e4t\u00f6s ammattikorkeakoulujen tietoj\u00e4rjestelmien tietojen pysyv\u00e4 s\u00e4ilytys yksinomaan s\u00e4hk\u00f6isess\u00e4 muodossa (12.9.2017 AL\/20757\/07.01.01.03.02\/2016)<br>\u2022&nbsp;Kansallisarkiston p\u00e4\u00e4t\u00f6s VIRTA-tietojen pysyv\u00e4st\u00e4 s\u00e4ilytt\u00e4misest\u00e4 (19.9.2016, AL\/3004\/07.01.01.03.01\/2015)<br>\u2022&nbsp;Kansallisarkiston p\u00e4\u00e4t\u00f6s opetustoimen rekisterien ja valtakunnallisten tietoj\u00e4rjestelmien tietojen<br>pysyv\u00e4st\u00e4 s\u00e4ilytyksest\u00e4 4.10.2016 (AL\/18800\/07.01.01.03.01\/2016)<\/p>\n\n\n\n<h2 class=\"wp-block-heading\">11 Profilointi ja automaattinen p\u00e4\u00e4t\u00f6ksenteko<\/h2>\n\n\n\n<p>Henkil\u00f6tietoihin liittyv\u00e4\u00e4 automatisoitua profilointia ei tehd\u00e4.<\/p>\n\n\n\n<h2 class=\"wp-block-heading\">12 Rekister\u00f6idyn oikeudet ja niiden mahdollinen rajoittaminen<\/h2>\n\n\n\n<p>Tietoa tietosuojavastaavasta ja rekister\u00f6idyn oikeuksista ja niiden toteuttamisesta&nbsp;kerrotaan <a href=\"https:\/\/www.jamk.fi\/fi\/jamk\/tietosuoja-jamkissa\">Jamkin tietosuojalausekkeessa<\/a> ja <a href=\"https:\/\/www.jamk.fi\/fi\/jamk\/tietosuoja-jamkissa\">Rekister\u00f6idyn oikeudet<\/a>-sivulla.<\/p>\n","protected":false},"excerpt":{"rendered":"<p>(EU yleinen tietosuoja-asetus (2016\/679) P\u00e4ivitetty: 29.11.2018 1&nbsp;Rekisterin nimi Korkeakoulujen opiskelijaksi- ja lukukausi-ilmoittautumispalvelu, OILI 2 Rekisterinpit\u00e4j\u00e4 Jyv\u00e4skyl\u00e4n ammattikorkeakoulu OyPL 207, 40101 Jyv\u00e4skyl\u00e4+358 20 743 8100Y-tunnus 1006550-2 3 Yhteyshenkil\u00f6 rekisteri\u00e4 koskevissa asioissa, yhteystiedot virka-aikana Rekisterist\u00e4 vastaavan johtaja: Vararehtori Heikki Malinen Prosessista vastaava: Opiskelijapalveluiden p\u00e4\u00e4llikk\u00f6 Kristiina Korhonen Yhteyshenkil\u00f6: Sanna Tyrv\u00e4inen, hakukoordinaattori email: etunimi.sukunimi[a]jamk.fi 4 Henkil\u00f6tietojen k\u00e4sittelyn tarkoitus Rekisterin [&hellip;]<\/p>\n","protected":false},"author":178,"featured_media":0,"parent":541,"menu_order":0,"comment_status":"closed","ping_status":"closed","template":"","meta":{"_acf_changed":false,"_relevanssi_hide_post":"","_relevanssi_hide_content":"","_relevanssi_pin_for_all":"","_relevanssi_pin_keywords":"","_relevanssi_unpin_keywords":"","_relevanssi_related_keywords":"","_relevanssi_related_include_ids":"","_relevanssi_related_exclude_ids":"","_relevanssi_related_no_append":"","_relevanssi_related_not_related":"","_relevanssi_related_posts":"","_relevanssi_noindex_reason":"","footnotes":""},"categories":[1],"tags":[22,28,214,220,34,40,76],"class_list":["post-82","page","type-page","status-publish","hentry","category-yleinen","tag-gdpr","tag-henkilotieto","tag-oili","tag-opiskelijatieto","tag-rekisteri","tag-rekisteriseloste","tag-tietosuojaseloste"],"acf":[],"yoast_head":"<!-- This site is optimized with the Yoast SEO plugin v27.4 - https:\/\/yoast.com\/product\/yoast-seo-wordpress\/ -->\n<title>Tietosuojaseloste - Korkeakoulujen opiskelijaksi- ja lukukausi-ilmoittautumispalvelu, OILI - Tietosuoja<\/title>\n<meta name=\"robots\" content=\"index, follow, max-snippet:-1, max-image-preview:large, max-video-preview:-1\" \/>\n<link rel=\"canonical\" href=\"https:\/\/help.jamk.fi\/tietosuoja\/fi\/opiskelija-opetus\/tietosuojaseloste-oili\/\" \/>\n<meta property=\"og:locale\" content=\"fi_FI\" \/>\n<meta property=\"og:type\" content=\"article\" \/>\n<meta property=\"og:title\" content=\"Tietosuojaseloste - Korkeakoulujen opiskelijaksi- ja lukukausi-ilmoittautumispalvelu, OILI - Tietosuoja\" \/>\n<meta property=\"og:description\" content=\"(EU yleinen tietosuoja-asetus (2016\/679) P\u00e4ivitetty: 29.11.2018 1&nbsp;Rekisterin nimi Korkeakoulujen opiskelijaksi- ja lukukausi-ilmoittautumispalvelu, OILI 2 Rekisterinpit\u00e4j\u00e4 Jyv\u00e4skyl\u00e4n ammattikorkeakoulu OyPL 207, 40101 Jyv\u00e4skyl\u00e4+358 20 743 8100Y-tunnus 1006550-2 3 Yhteyshenkil\u00f6 rekisteri\u00e4 koskevissa asioissa, yhteystiedot virka-aikana Rekisterist\u00e4 vastaavan johtaja: Vararehtori Heikki Malinen Prosessista vastaava: Opiskelijapalveluiden p\u00e4\u00e4llikk\u00f6 Kristiina Korhonen Yhteyshenkil\u00f6: Sanna Tyrv\u00e4inen, hakukoordinaattori email: etunimi.sukunimi[a]jamk.fi 4 Henkil\u00f6tietojen k\u00e4sittelyn tarkoitus Rekisterin [&hellip;]\" \/>\n<meta property=\"og:url\" content=\"https:\/\/help.jamk.fi\/tietosuoja\/fi\/opiskelija-opetus\/tietosuojaseloste-oili\/\" \/>\n<meta property=\"og:site_name\" content=\"Tietosuoja\" \/>\n<meta property=\"article:modified_time\" content=\"2025-09-03T11:57:04+00:00\" \/>\n<meta name=\"twitter:card\" content=\"summary_large_image\" \/>\n<meta name=\"twitter:label1\" content=\"Arvioitu lukuaika\" \/>\n\t<meta name=\"twitter:data1\" content=\"3 minuuttia\" \/>\n<script type=\"application\/ld+json\" class=\"yoast-schema-graph\">{\"@context\":\"https:\\\/\\\/schema.org\",\"@graph\":[{\"@type\":\"WebPage\",\"@id\":\"https:\\\/\\\/help.jamk.fi\\\/tietosuoja\\\/fi\\\/opiskelija-opetus\\\/tietosuojaseloste-oili\\\/\",\"url\":\"https:\\\/\\\/help.jamk.fi\\\/tietosuoja\\\/fi\\\/opiskelija-opetus\\\/tietosuojaseloste-oili\\\/\",\"name\":\"Tietosuojaseloste - Korkeakoulujen opiskelijaksi- ja lukukausi-ilmoittautumispalvelu, OILI - Tietosuoja\",\"isPartOf\":{\"@id\":\"https:\\\/\\\/help.jamk.fi\\\/tietosuoja\\\/#website\"},\"datePublished\":\"2018-09-12T05:04:17+00:00\",\"dateModified\":\"2025-09-03T11:57:04+00:00\",\"breadcrumb\":{\"@id\":\"https:\\\/\\\/help.jamk.fi\\\/tietosuoja\\\/fi\\\/opiskelija-opetus\\\/tietosuojaseloste-oili\\\/#breadcrumb\"},\"inLanguage\":\"fi\",\"potentialAction\":[{\"@type\":\"ReadAction\",\"target\":[\"https:\\\/\\\/help.jamk.fi\\\/tietosuoja\\\/fi\\\/opiskelija-opetus\\\/tietosuojaseloste-oili\\\/\"]}]},{\"@type\":\"BreadcrumbList\",\"@id\":\"https:\\\/\\\/help.jamk.fi\\\/tietosuoja\\\/fi\\\/opiskelija-opetus\\\/tietosuojaseloste-oili\\\/#breadcrumb\",\"itemListElement\":[{\"@type\":\"ListItem\",\"position\":1,\"name\":\"Etusivu\",\"item\":\"https:\\\/\\\/help.jamk.fi\\\/tietosuoja\\\/fi\\\/\"},{\"@type\":\"ListItem\",\"position\":2,\"name\":\"Opiskelija &#8211; Opetus\",\"item\":\"https:\\\/\\\/help.jamk.fi\\\/tietosuoja\\\/fi\\\/opiskelija-opetus\\\/\"},{\"@type\":\"ListItem\",\"position\":3,\"name\":\"Tietosuojaseloste &#8211; Korkeakoulujen opiskelijaksi- ja lukukausi-ilmoittautumispalvelu, OILI\"}]},{\"@type\":\"WebSite\",\"@id\":\"https:\\\/\\\/help.jamk.fi\\\/tietosuoja\\\/#website\",\"url\":\"https:\\\/\\\/help.jamk.fi\\\/tietosuoja\\\/\",\"name\":\"Tietosuoja\",\"description\":\"\",\"potentialAction\":[{\"@type\":\"SearchAction\",\"target\":{\"@type\":\"EntryPoint\",\"urlTemplate\":\"https:\\\/\\\/help.jamk.fi\\\/tietosuoja\\\/?s={search_term_string}\"},\"query-input\":{\"@type\":\"PropertyValueSpecification\",\"valueRequired\":true,\"valueName\":\"search_term_string\"}}],\"inLanguage\":\"fi\"}]}<\/script>\n<!-- \/ Yoast SEO plugin. -->","yoast_head_json":{"title":"Tietosuojaseloste - Korkeakoulujen opiskelijaksi- ja lukukausi-ilmoittautumispalvelu, OILI - Tietosuoja","robots":{"index":"index","follow":"follow","max-snippet":"max-snippet:-1","max-image-preview":"max-image-preview:large","max-video-preview":"max-video-preview:-1"},"canonical":"https:\/\/help.jamk.fi\/tietosuoja\/fi\/opiskelija-opetus\/tietosuojaseloste-oili\/","og_locale":"fi_FI","og_type":"article","og_title":"Tietosuojaseloste - Korkeakoulujen opiskelijaksi- ja lukukausi-ilmoittautumispalvelu, OILI - Tietosuoja","og_description":"(EU yleinen tietosuoja-asetus (2016\/679) P\u00e4ivitetty: 29.11.2018 1&nbsp;Rekisterin nimi Korkeakoulujen opiskelijaksi- ja lukukausi-ilmoittautumispalvelu, OILI 2 Rekisterinpit\u00e4j\u00e4 Jyv\u00e4skyl\u00e4n ammattikorkeakoulu OyPL 207, 40101 Jyv\u00e4skyl\u00e4+358 20 743 8100Y-tunnus 1006550-2 3 Yhteyshenkil\u00f6 rekisteri\u00e4 koskevissa asioissa, yhteystiedot virka-aikana Rekisterist\u00e4 vastaavan johtaja: Vararehtori Heikki Malinen Prosessista vastaava: Opiskelijapalveluiden p\u00e4\u00e4llikk\u00f6 Kristiina Korhonen Yhteyshenkil\u00f6: Sanna Tyrv\u00e4inen, hakukoordinaattori email: etunimi.sukunimi[a]jamk.fi 4 Henkil\u00f6tietojen k\u00e4sittelyn tarkoitus Rekisterin [&hellip;]","og_url":"https:\/\/help.jamk.fi\/tietosuoja\/fi\/opiskelija-opetus\/tietosuojaseloste-oili\/","og_site_name":"Tietosuoja","article_modified_time":"2025-09-03T11:57:04+00:00","twitter_card":"summary_large_image","twitter_misc":{"Arvioitu lukuaika":"3 minuuttia"},"schema":{"@context":"https:\/\/schema.org","@graph":[{"@type":"WebPage","@id":"https:\/\/help.jamk.fi\/tietosuoja\/fi\/opiskelija-opetus\/tietosuojaseloste-oili\/","url":"https:\/\/help.jamk.fi\/tietosuoja\/fi\/opiskelija-opetus\/tietosuojaseloste-oili\/","name":"Tietosuojaseloste - Korkeakoulujen opiskelijaksi- ja lukukausi-ilmoittautumispalvelu, OILI - Tietosuoja","isPartOf":{"@id":"https:\/\/help.jamk.fi\/tietosuoja\/#website"},"datePublished":"2018-09-12T05:04:17+00:00","dateModified":"2025-09-03T11:57:04+00:00","breadcrumb":{"@id":"https:\/\/help.jamk.fi\/tietosuoja\/fi\/opiskelija-opetus\/tietosuojaseloste-oili\/#breadcrumb"},"inLanguage":"fi","potentialAction":[{"@type":"ReadAction","target":["https:\/\/help.jamk.fi\/tietosuoja\/fi\/opiskelija-opetus\/tietosuojaseloste-oili\/"]}]},{"@type":"BreadcrumbList","@id":"https:\/\/help.jamk.fi\/tietosuoja\/fi\/opiskelija-opetus\/tietosuojaseloste-oili\/#breadcrumb","itemListElement":[{"@type":"ListItem","position":1,"name":"Etusivu","item":"https:\/\/help.jamk.fi\/tietosuoja\/fi\/"},{"@type":"ListItem","position":2,"name":"Opiskelija &#8211; Opetus","item":"https:\/\/help.jamk.fi\/tietosuoja\/fi\/opiskelija-opetus\/"},{"@type":"ListItem","position":3,"name":"Tietosuojaseloste &#8211; Korkeakoulujen opiskelijaksi- ja lukukausi-ilmoittautumispalvelu, OILI"}]},{"@type":"WebSite","@id":"https:\/\/help.jamk.fi\/tietosuoja\/#website","url":"https:\/\/help.jamk.fi\/tietosuoja\/","name":"Tietosuoja","description":"","potentialAction":[{"@type":"SearchAction","target":{"@type":"EntryPoint","urlTemplate":"https:\/\/help.jamk.fi\/tietosuoja\/?s={search_term_string}"},"query-input":{"@type":"PropertyValueSpecification","valueRequired":true,"valueName":"search_term_string"}}],"inLanguage":"fi"}]}},"_links":{"self":[{"href":"https:\/\/help.jamk.fi\/tietosuoja\/wp-json\/wp\/v2\/pages\/82","targetHints":{"allow":["GET"]}}],"collection":[{"href":"https:\/\/help.jamk.fi\/tietosuoja\/wp-json\/wp\/v2\/pages"}],"about":[{"href":"https:\/\/help.jamk.fi\/tietosuoja\/wp-json\/wp\/v2\/types\/page"}],"author":[{"embeddable":true,"href":"https:\/\/help.jamk.fi\/tietosuoja\/wp-json\/wp\/v2\/users\/178"}],"replies":[{"embeddable":true,"href":"https:\/\/help.jamk.fi\/tietosuoja\/wp-json\/wp\/v2\/comments?post=82"}],"version-history":[{"count":3,"href":"https:\/\/help.jamk.fi\/tietosuoja\/wp-json\/wp\/v2\/pages\/82\/revisions"}],"predecessor-version":[{"id":1057,"href":"https:\/\/help.jamk.fi\/tietosuoja\/wp-json\/wp\/v2\/pages\/82\/revisions\/1057"}],"up":[{"embeddable":true,"href":"https:\/\/help.jamk.fi\/tietosuoja\/wp-json\/wp\/v2\/pages\/541"}],"wp:attachment":[{"href":"https:\/\/help.jamk.fi\/tietosuoja\/wp-json\/wp\/v2\/media?parent=82"}],"wp:term":[{"taxonomy":"category","embeddable":true,"href":"https:\/\/help.jamk.fi\/tietosuoja\/wp-json\/wp\/v2\/categories?post=82"},{"taxonomy":"post_tag","embeddable":true,"href":"https:\/\/help.jamk.fi\/tietosuoja\/wp-json\/wp\/v2\/tags?post=82"}],"curies":[{"name":"wp","href":"https:\/\/api.w.org\/{rel}","templated":true}]}}