{"id":878,"date":"2024-01-16T15:47:38","date_gmt":"2024-01-16T13:47:38","guid":{"rendered":"https:\/\/help.jamk.fi\/tietosuoja\/?page_id=878"},"modified":"2024-01-19T16:06:10","modified_gmt":"2024-01-19T14:06:10","slug":"projektinhallintajarjestelma-ja-tyoajanseuranta-reportronic","status":"publish","type":"page","link":"https:\/\/help.jamk.fi\/tietosuoja\/fi\/yleishallinto\/projektinhallintajarjestelma-ja-tyoajanseuranta-reportronic\/","title":{"rendered":"Projektinhallintaj\u00e4rjestelm\u00e4 ja ty\u00f6ajanseuranta (Reportronic)"},"content":{"rendered":"\n<p><\/p>\n\n\n\n<p>EU yleinen tietosuoja-asetus (2016\/679)<br>P\u00e4ivitetty 16.1.2024<\/p>\n\n\n\n<p><br><strong>1 Rekisterin nimi<\/strong><\/p>\n\n\n\n<p>Projektinhallintaj\u00e4rjestelm\u00e4 ja ty\u00f6ajanseuranta (Reportronic)<\/p>\n\n\n\n<p><strong>2 Rekisterinpit\u00e4j\u00e4<\/strong><br>Jyv\u00e4skyl\u00e4n Ammattikorkeakoulu Oy<br>PL 207, 40101 Jyv\u00e4skyl\u00e4<br>+358 20 743 8100<\/p>\n\n\n\n<p>Rekisterist\u00e4 vastaava johtaja tai prosessin omistaja:<br>Vararehtori, TKI Korkeakoulupalvelut<br>Sis\u00e4ll\u00f6llinen p\u00e4\u00e4k\u00e4ytt\u00e4j\u00e4: Suunnittelija Korkeakoulupalvelut\/tki-palvelut<br>Tekninen p\u00e4\u00e4k\u00e4ytt\u00e4j\u00e4: J\u00e4rjestelm\u00e4suunnittelija Korkeakoulupalvelut\/ict-palvelut<\/p>\n\n\n\n<p><br><strong>3 Henkil\u00f6tietojen k\u00e4sittelyn tarkoitus<\/strong><br>Henkil\u00f6tietoja k\u00e4sitell\u00e4\u00e4n palkanmaksuun, TKI-asioihin ja tutkimukseen liittyen. Rekisteri sis\u00e4lt\u00e4\u00e4 seurantatietoja Jyv\u00e4skyl\u00e4n ammattikorkeakoulun TKI-projekteista ja henkil\u00f6st\u00f6st\u00e4, yhteisty\u00f6osapuolista (organisaatiot ja yhteyshenkil\u00f6t) sek\u00e4 projektien kustannus- ja rahoitustiedoista. Lis\u00e4ksi j\u00e4rjestelm\u00e4\u00e4 k\u00e4ytet\u00e4\u00e4n henkil\u00f6st\u00f6n ty\u00f6ajanseurantaan (toteutuneiden ty\u00f6aikojen kirjaaminen), projektirahoittajille raportointia, kustannusten kohdistamista, tilastointia ja sivutoimisten palkanmaksua varten.<\/p>\n\n\n\n<p><strong>4 Rekisterin tietosis\u00e4lt\u00f6 ja rekister\u00f6ityjen ryhm\u00e4t<\/strong><br>Henkil\u00f6tietoja k\u00e4sitell\u00e4\u00e4n Jamkin henkil\u00f6tietojen k\u00e4sittelyohjeen mukaisesti.<br>Rekister\u00f6ityjen ryhm\u00e4t: Opiskelijat, Ty\u00f6ntekij\u00e4t, Yhteisty\u00f6kumppanit<br>Opiskelijat ovat rekister\u00f6ityj\u00e4 vain, jos heille tehd\u00e4\u00e4n j\u00e4rjestelm\u00e4\u00e4n erilliset tunnukset projektille teht\u00e4vien ty\u00f6tuntien kirjaukseen. Yhteisty\u00f6kumppaneista tallennetaan ensisijaisesti organisaatiotieto, tarvittaessa my\u00f6s henkil\u00f6n tiedot (nimi ja ty\u00f6teht\u00e4v\u00e4).<br>Henkil\u00f6tietoina rekisteriin voidaan tallentaa<\/p>\n\n\n\n<p>Nimi<br>Puhelinnumero<br>S\u00e4hk\u00f6postiosoite Jamk\/muu<br>Organisaatio, yksikk\u00f6<br>Toiminimike<br>Esimies<br>Henkil\u00f6numero<\/p>\n\n\n\n<p><br>Ker\u00e4tt\u00e4v\u00e4n henkil\u00f6tiedon pakollisuus voi vaihdella henkil\u00f6n roolista riippuen. Eniten pakollisia tietoja ker\u00e4t\u00e4\u00e4n henkil\u00f6st\u00f6lt\u00e4, mik\u00e4 on l\u00e4ht\u00f6kohtana yll\u00e4. Lis\u00e4ksi henkil\u00f6st\u00f6lt\u00e4 kirjataan j\u00e4rjestelm\u00e4\u00e4n j\u00e4rjestelm\u00e4n k\u00e4ytt\u00e4j\u00e4ryhm\u00e4, ty\u00f6suhteen tyyppi (htp, opettajat, p\u00e4\u00e4toiminen, sivutoiminen) sek\u00e4 htp-henkil\u00f6st\u00f6lt\u00e4 lomaoikeustieto.<\/p>\n\n\n\n<p><br><strong>5 K\u00e4sittelyperuste<\/strong><br>Jamkilla on oikeus k\u00e4sitell\u00e4 henkil\u00f6tietoja rekisterinpit\u00e4j\u00e4n\u00e4, koska k\u00e4sittely on tarpeen lakis\u00e4\u00e4teisen teht\u00e4v\u00e4n ja velvoitteen vuoksi. Projektien hallinta ja ty\u00f6ajanseuranta edellytt\u00e4\u00e4 rekisterin olemassaoloa.<\/p>\n\n\n\n<p><br><strong>6 S\u00e4\u00e4nn\u00f6nmukaiset tietol\u00e4hteet<\/strong><br>Henkil\u00f6st\u00f6n perustiedot siirtyv\u00e4t henkil\u00f6st\u00f6hallinnon j\u00e4rjestelm\u00e4st\u00e4 ja loput tiedoista yll\u00e4pidet\u00e4\u00e4n suoraan projektinhallintaj\u00e4rjestelm\u00e4ss\u00e4. Organisaatioiden (yhteisty\u00f6kumppanit) ja niiden j\u00e4senten tietoja yll\u00e4pidet\u00e4\u00e4n manuaalisesti suoraan projektinhallintaj\u00e4rjestelm\u00e4ss\u00e4. Mahdollisten opiskelijak\u00e4ytt\u00e4jien tiedot saadaan henkil\u00f6lt\u00e4 itselt\u00e4\u00e4n tai h\u00e4nen esihenkil\u00f6lt\u00e4\u00e4n ja yll\u00e4pidet\u00e4\u00e4n suoraan j\u00e4rjestelm\u00e4ss\u00e4.<br>Tietoja luovutetaan kolmansille tahoille seuraavasti: Henkil\u00f6st\u00f6n eri toimintoihin k\u00e4ytt\u00e4m\u00e4 ty\u00f6aika kalenterivuosittain, joka tilastoidaan henkil\u00f6itt\u00e4in Opetus- ja kulttuuriministeri\u00f6lle Kota-palvelun kautta. Rahoitusehtojen mukainen raportointi rahoittajaviranomaisille (ty\u00f6ajan k\u00e4ytt\u00f6).<\/p>\n\n\n\n<p><br><strong>7 S\u00e4\u00e4nn\u00f6nmukaiset tietojen luovutukset ja tietojen siirto EU:n tai Euroopan talousalueen ulkopuolelle<\/strong><br>Tietoja ei siirret\u00e4 EU:n tai ETA-alueen ulkopuolelle ja\/tai kansainv\u00e4lisille j\u00e4rjest\u00f6ille.<\/p>\n\n\n\n<p><br><strong>8 Rekisterin suojauksen periaatteet<\/strong><br>Rekisterin k\u00e4sittelyss\u00e4 noudatetaan huolellisuutta ja tietoj\u00e4rjestelmien avulla k\u00e4sitelt\u00e4v\u00e4t tiedot suojataan asianmukaisesti. Rekisterink\u00e4sittelij\u00e4 huolehtii siit\u00e4, ett\u00e4 tallennettuja tietoja sek\u00e4 k\u00e4ytt\u00f6oikeuksia ja muita henkil\u00f6tietojen turvallisuuden kannalta kriittisi\u00e4 tietoja k\u00e4sitell\u00e4\u00e4n luottamuksellisesti ja vain niiden ty\u00f6ntekij\u00f6iden toimesta, joiden ty\u00f6nkuvaan se kuuluu. Palvelimet sijaitsevat Suomessa Jamkin omassa datakeskuksessa. Liikenne palvelimelle on salattu. Tietokanta suojataan palvelimen k\u00e4ytt\u00e4j\u00e4- ja salasanatunnuksin. P\u00e4\u00e4sy tietoihin on rajoitettu k\u00e4ytt\u00e4j\u00e4oikeusryhmitt\u00e4in ty\u00f6teht\u00e4v\u00e4n mukaisesti.<\/p>\n\n\n\n<p><br><strong>9 Henkil\u00f6tietojen s\u00e4ilytt\u00e4misaika tai s\u00e4ilytt\u00e4misajan m\u00e4\u00e4ritt\u00e4miskriteerit<\/strong><br>Henkil\u00f6tiedot s\u00e4ilytet\u00e4\u00e4n j\u00e4rjestelm\u00e4ss\u00e4 toistaiseksi ty\u00f6ajan ja toiminnan raportointia ja seurantaa varten.<\/p>\n\n\n\n<p><br><strong>10 Profilointi ja automaattinen p\u00e4\u00e4t\u00f6ksenteko<\/strong><br>Rekisterin tietoja ei k\u00e4ytet\u00e4 automatisoituihin yksitt\u00e4isp\u00e4\u00e4t\u00f6ksiin eik\u00e4 profilointiin.<\/p>\n\n\n\n<p><br><strong>11 Rekister\u00f6idyn oikeudet<\/strong><br>Tietosuojavastaavasta ja rekister\u00f6idyn oikeuksista ja niiden toteuttamisesta kerrotaan Tietosuoja Jamkissa -sivulla. <\/p>\n","protected":false},"excerpt":{"rendered":"<p>EU yleinen tietosuoja-asetus (2016\/679)P\u00e4ivitetty 16.1.2024 1 Rekisterin nimi Projektinhallintaj\u00e4rjestelm\u00e4 ja ty\u00f6ajanseuranta (Reportronic) 2 Rekisterinpit\u00e4j\u00e4Jyv\u00e4skyl\u00e4n Ammattikorkeakoulu OyPL 207, 40101 Jyv\u00e4skyl\u00e4+358 20 743 8100 Rekisterist\u00e4 vastaava johtaja tai prosessin omistaja:Vararehtori, TKI KorkeakoulupalvelutSis\u00e4ll\u00f6llinen p\u00e4\u00e4k\u00e4ytt\u00e4j\u00e4: Suunnittelija Korkeakoulupalvelut\/tki-palvelutTekninen p\u00e4\u00e4k\u00e4ytt\u00e4j\u00e4: J\u00e4rjestelm\u00e4suunnittelija Korkeakoulupalvelut\/ict-palvelut 3 Henkil\u00f6tietojen k\u00e4sittelyn tarkoitusHenkil\u00f6tietoja k\u00e4sitell\u00e4\u00e4n palkanmaksuun, TKI-asioihin ja tutkimukseen liittyen. Rekisteri sis\u00e4lt\u00e4\u00e4 seurantatietoja Jyv\u00e4skyl\u00e4n ammattikorkeakoulun TKI-projekteista ja henkil\u00f6st\u00f6st\u00e4, yhteisty\u00f6osapuolista [&hellip;]<\/p>\n","protected":false},"author":178,"featured_media":0,"parent":494,"menu_order":0,"comment_status":"closed","ping_status":"closed","template":"","meta":{"_acf_changed":false,"_relevanssi_hide_post":"","_relevanssi_hide_content":"","_relevanssi_pin_for_all":"","_relevanssi_pin_keywords":"","_relevanssi_unpin_keywords":"","_relevanssi_related_keywords":"","_relevanssi_related_include_ids":"","_relevanssi_related_exclude_ids":"","_relevanssi_related_no_append":"","_relevanssi_related_not_related":"","_relevanssi_related_posts":"","_relevanssi_noindex_reason":"","footnotes":""},"categories":[],"tags":[],"class_list":["post-878","page","type-page","status-publish","hentry"],"acf":[],"yoast_head":"<!-- This site is optimized with the Yoast SEO plugin v27.3 - https:\/\/yoast.com\/product\/yoast-seo-wordpress\/ -->\n<title>Projektinhallintaj\u00e4rjestelm\u00e4 ja ty\u00f6ajanseuranta (Reportronic) - Tietosuoja<\/title>\n<meta name=\"robots\" content=\"index, follow, max-snippet:-1, max-image-preview:large, max-video-preview:-1\" \/>\n<link rel=\"canonical\" href=\"https:\/\/help.jamk.fi\/tietosuoja\/fi\/yleishallinto\/projektinhallintajarjestelma-ja-tyoajanseuranta-reportronic\/\" \/>\n<meta property=\"og:locale\" content=\"fi_FI\" \/>\n<meta property=\"og:type\" content=\"article\" \/>\n<meta property=\"og:title\" content=\"Projektinhallintaj\u00e4rjestelm\u00e4 ja ty\u00f6ajanseuranta (Reportronic) - Tietosuoja\" \/>\n<meta property=\"og:description\" content=\"EU yleinen tietosuoja-asetus (2016\/679)P\u00e4ivitetty 16.1.2024 1 Rekisterin nimi Projektinhallintaj\u00e4rjestelm\u00e4 ja ty\u00f6ajanseuranta (Reportronic) 2 Rekisterinpit\u00e4j\u00e4Jyv\u00e4skyl\u00e4n Ammattikorkeakoulu OyPL 207, 40101 Jyv\u00e4skyl\u00e4+358 20 743 8100 Rekisterist\u00e4 vastaava johtaja tai prosessin omistaja:Vararehtori, TKI KorkeakoulupalvelutSis\u00e4ll\u00f6llinen p\u00e4\u00e4k\u00e4ytt\u00e4j\u00e4: Suunnittelija Korkeakoulupalvelut\/tki-palvelutTekninen p\u00e4\u00e4k\u00e4ytt\u00e4j\u00e4: J\u00e4rjestelm\u00e4suunnittelija Korkeakoulupalvelut\/ict-palvelut 3 Henkil\u00f6tietojen k\u00e4sittelyn tarkoitusHenkil\u00f6tietoja k\u00e4sitell\u00e4\u00e4n palkanmaksuun, TKI-asioihin ja tutkimukseen liittyen. Rekisteri sis\u00e4lt\u00e4\u00e4 seurantatietoja Jyv\u00e4skyl\u00e4n ammattikorkeakoulun TKI-projekteista ja henkil\u00f6st\u00f6st\u00e4, yhteisty\u00f6osapuolista [&hellip;]\" \/>\n<meta property=\"og:url\" content=\"https:\/\/help.jamk.fi\/tietosuoja\/fi\/yleishallinto\/projektinhallintajarjestelma-ja-tyoajanseuranta-reportronic\/\" \/>\n<meta property=\"og:site_name\" content=\"Tietosuoja\" \/>\n<meta property=\"article:modified_time\" content=\"2024-01-19T14:06:10+00:00\" \/>\n<meta name=\"twitter:card\" content=\"summary_large_image\" \/>\n<meta name=\"twitter:label1\" content=\"Arvioitu lukuaika\" \/>\n\t<meta name=\"twitter:data1\" content=\"3 minuuttia\" \/>\n<script type=\"application\/ld+json\" class=\"yoast-schema-graph\">{\"@context\":\"https:\\\/\\\/schema.org\",\"@graph\":[{\"@type\":\"WebPage\",\"@id\":\"https:\\\/\\\/help.jamk.fi\\\/tietosuoja\\\/fi\\\/yleishallinto\\\/projektinhallintajarjestelma-ja-tyoajanseuranta-reportronic\\\/\",\"url\":\"https:\\\/\\\/help.jamk.fi\\\/tietosuoja\\\/fi\\\/yleishallinto\\\/projektinhallintajarjestelma-ja-tyoajanseuranta-reportronic\\\/\",\"name\":\"Projektinhallintaj\u00e4rjestelm\u00e4 ja ty\u00f6ajanseuranta (Reportronic) - Tietosuoja\",\"isPartOf\":{\"@id\":\"https:\\\/\\\/help.jamk.fi\\\/tietosuoja\\\/#website\"},\"datePublished\":\"2024-01-16T13:47:38+00:00\",\"dateModified\":\"2024-01-19T14:06:10+00:00\",\"breadcrumb\":{\"@id\":\"https:\\\/\\\/help.jamk.fi\\\/tietosuoja\\\/fi\\\/yleishallinto\\\/projektinhallintajarjestelma-ja-tyoajanseuranta-reportronic\\\/#breadcrumb\"},\"inLanguage\":\"fi\",\"potentialAction\":[{\"@type\":\"ReadAction\",\"target\":[\"https:\\\/\\\/help.jamk.fi\\\/tietosuoja\\\/fi\\\/yleishallinto\\\/projektinhallintajarjestelma-ja-tyoajanseuranta-reportronic\\\/\"]}]},{\"@type\":\"BreadcrumbList\",\"@id\":\"https:\\\/\\\/help.jamk.fi\\\/tietosuoja\\\/fi\\\/yleishallinto\\\/projektinhallintajarjestelma-ja-tyoajanseuranta-reportronic\\\/#breadcrumb\",\"itemListElement\":[{\"@type\":\"ListItem\",\"position\":1,\"name\":\"Etusivu\",\"item\":\"https:\\\/\\\/help.jamk.fi\\\/tietosuoja\\\/fi\\\/\"},{\"@type\":\"ListItem\",\"position\":2,\"name\":\"Yleishallinto\",\"item\":\"https:\\\/\\\/help.jamk.fi\\\/tietosuoja\\\/fi\\\/yleishallinto\\\/\"},{\"@type\":\"ListItem\",\"position\":3,\"name\":\"Projektinhallintaj\u00e4rjestelm\u00e4 ja ty\u00f6ajanseuranta (Reportronic)\"}]},{\"@type\":\"WebSite\",\"@id\":\"https:\\\/\\\/help.jamk.fi\\\/tietosuoja\\\/#website\",\"url\":\"https:\\\/\\\/help.jamk.fi\\\/tietosuoja\\\/\",\"name\":\"Tietosuoja\",\"description\":\"\",\"potentialAction\":[{\"@type\":\"SearchAction\",\"target\":{\"@type\":\"EntryPoint\",\"urlTemplate\":\"https:\\\/\\\/help.jamk.fi\\\/tietosuoja\\\/?s={search_term_string}\"},\"query-input\":{\"@type\":\"PropertyValueSpecification\",\"valueRequired\":true,\"valueName\":\"search_term_string\"}}],\"inLanguage\":\"fi\"}]}<\/script>\n<!-- \/ Yoast SEO plugin. -->","yoast_head_json":{"title":"Projektinhallintaj\u00e4rjestelm\u00e4 ja ty\u00f6ajanseuranta (Reportronic) - Tietosuoja","robots":{"index":"index","follow":"follow","max-snippet":"max-snippet:-1","max-image-preview":"max-image-preview:large","max-video-preview":"max-video-preview:-1"},"canonical":"https:\/\/help.jamk.fi\/tietosuoja\/fi\/yleishallinto\/projektinhallintajarjestelma-ja-tyoajanseuranta-reportronic\/","og_locale":"fi_FI","og_type":"article","og_title":"Projektinhallintaj\u00e4rjestelm\u00e4 ja ty\u00f6ajanseuranta (Reportronic) - Tietosuoja","og_description":"EU yleinen tietosuoja-asetus (2016\/679)P\u00e4ivitetty 16.1.2024 1 Rekisterin nimi Projektinhallintaj\u00e4rjestelm\u00e4 ja ty\u00f6ajanseuranta (Reportronic) 2 Rekisterinpit\u00e4j\u00e4Jyv\u00e4skyl\u00e4n Ammattikorkeakoulu OyPL 207, 40101 Jyv\u00e4skyl\u00e4+358 20 743 8100 Rekisterist\u00e4 vastaava johtaja tai prosessin omistaja:Vararehtori, TKI KorkeakoulupalvelutSis\u00e4ll\u00f6llinen p\u00e4\u00e4k\u00e4ytt\u00e4j\u00e4: Suunnittelija Korkeakoulupalvelut\/tki-palvelutTekninen p\u00e4\u00e4k\u00e4ytt\u00e4j\u00e4: J\u00e4rjestelm\u00e4suunnittelija Korkeakoulupalvelut\/ict-palvelut 3 Henkil\u00f6tietojen k\u00e4sittelyn tarkoitusHenkil\u00f6tietoja k\u00e4sitell\u00e4\u00e4n palkanmaksuun, TKI-asioihin ja tutkimukseen liittyen. Rekisteri sis\u00e4lt\u00e4\u00e4 seurantatietoja Jyv\u00e4skyl\u00e4n ammattikorkeakoulun TKI-projekteista ja henkil\u00f6st\u00f6st\u00e4, yhteisty\u00f6osapuolista [&hellip;]","og_url":"https:\/\/help.jamk.fi\/tietosuoja\/fi\/yleishallinto\/projektinhallintajarjestelma-ja-tyoajanseuranta-reportronic\/","og_site_name":"Tietosuoja","article_modified_time":"2024-01-19T14:06:10+00:00","twitter_card":"summary_large_image","twitter_misc":{"Arvioitu lukuaika":"3 minuuttia"},"schema":{"@context":"https:\/\/schema.org","@graph":[{"@type":"WebPage","@id":"https:\/\/help.jamk.fi\/tietosuoja\/fi\/yleishallinto\/projektinhallintajarjestelma-ja-tyoajanseuranta-reportronic\/","url":"https:\/\/help.jamk.fi\/tietosuoja\/fi\/yleishallinto\/projektinhallintajarjestelma-ja-tyoajanseuranta-reportronic\/","name":"Projektinhallintaj\u00e4rjestelm\u00e4 ja ty\u00f6ajanseuranta (Reportronic) - Tietosuoja","isPartOf":{"@id":"https:\/\/help.jamk.fi\/tietosuoja\/#website"},"datePublished":"2024-01-16T13:47:38+00:00","dateModified":"2024-01-19T14:06:10+00:00","breadcrumb":{"@id":"https:\/\/help.jamk.fi\/tietosuoja\/fi\/yleishallinto\/projektinhallintajarjestelma-ja-tyoajanseuranta-reportronic\/#breadcrumb"},"inLanguage":"fi","potentialAction":[{"@type":"ReadAction","target":["https:\/\/help.jamk.fi\/tietosuoja\/fi\/yleishallinto\/projektinhallintajarjestelma-ja-tyoajanseuranta-reportronic\/"]}]},{"@type":"BreadcrumbList","@id":"https:\/\/help.jamk.fi\/tietosuoja\/fi\/yleishallinto\/projektinhallintajarjestelma-ja-tyoajanseuranta-reportronic\/#breadcrumb","itemListElement":[{"@type":"ListItem","position":1,"name":"Etusivu","item":"https:\/\/help.jamk.fi\/tietosuoja\/fi\/"},{"@type":"ListItem","position":2,"name":"Yleishallinto","item":"https:\/\/help.jamk.fi\/tietosuoja\/fi\/yleishallinto\/"},{"@type":"ListItem","position":3,"name":"Projektinhallintaj\u00e4rjestelm\u00e4 ja ty\u00f6ajanseuranta (Reportronic)"}]},{"@type":"WebSite","@id":"https:\/\/help.jamk.fi\/tietosuoja\/#website","url":"https:\/\/help.jamk.fi\/tietosuoja\/","name":"Tietosuoja","description":"","potentialAction":[{"@type":"SearchAction","target":{"@type":"EntryPoint","urlTemplate":"https:\/\/help.jamk.fi\/tietosuoja\/?s={search_term_string}"},"query-input":{"@type":"PropertyValueSpecification","valueRequired":true,"valueName":"search_term_string"}}],"inLanguage":"fi"}]}},"_links":{"self":[{"href":"https:\/\/help.jamk.fi\/tietosuoja\/wp-json\/wp\/v2\/pages\/878","targetHints":{"allow":["GET"]}}],"collection":[{"href":"https:\/\/help.jamk.fi\/tietosuoja\/wp-json\/wp\/v2\/pages"}],"about":[{"href":"https:\/\/help.jamk.fi\/tietosuoja\/wp-json\/wp\/v2\/types\/page"}],"author":[{"embeddable":true,"href":"https:\/\/help.jamk.fi\/tietosuoja\/wp-json\/wp\/v2\/users\/178"}],"replies":[{"embeddable":true,"href":"https:\/\/help.jamk.fi\/tietosuoja\/wp-json\/wp\/v2\/comments?post=878"}],"version-history":[{"count":2,"href":"https:\/\/help.jamk.fi\/tietosuoja\/wp-json\/wp\/v2\/pages\/878\/revisions"}],"predecessor-version":[{"id":882,"href":"https:\/\/help.jamk.fi\/tietosuoja\/wp-json\/wp\/v2\/pages\/878\/revisions\/882"}],"up":[{"embeddable":true,"href":"https:\/\/help.jamk.fi\/tietosuoja\/wp-json\/wp\/v2\/pages\/494"}],"wp:attachment":[{"href":"https:\/\/help.jamk.fi\/tietosuoja\/wp-json\/wp\/v2\/media?parent=878"}],"wp:term":[{"taxonomy":"category","embeddable":true,"href":"https:\/\/help.jamk.fi\/tietosuoja\/wp-json\/wp\/v2\/categories?post=878"},{"taxonomy":"post_tag","embeddable":true,"href":"https:\/\/help.jamk.fi\/tietosuoja\/wp-json\/wp\/v2\/tags?post=878"}],"curies":[{"name":"wp","href":"https:\/\/api.w.org\/{rel}","templated":true}]}}