{"id":933,"date":"2024-03-08T14:45:29","date_gmt":"2024-03-08T12:45:29","guid":{"rendered":"https:\/\/help.jamk.fi\/tietosuoja\/?page_id=933"},"modified":"2024-03-08T14:45:30","modified_gmt":"2024-03-08T12:45:30","slug":"tietosuojaseloste-tiedonhallintamalli","status":"publish","type":"page","link":"https:\/\/help.jamk.fi\/tietosuoja\/fi\/yleishallinto\/tietosuojaseloste-tiedonhallintamalli\/","title":{"rendered":"Tietosuojaseloste Tiedonhallintamalli"},"content":{"rendered":"\n<p><\/p>\n\n\n\n<p><a href=\"https:\/\/eur-lex.europa.eu\/legal-content\/FI\/TXT\/?uri=uriserv:OJ.L_.2016.119.01.0001.01.FIN&amp;toc=OJ:L:2016:119:FULL\">EU yleinen tietosuoja-asetus<\/a> (2016\/679)<\/p>\n\n\n\n<p>P\u00e4ivitetty 5.3.2024<\/p>\n\n\n\n<p><strong>1 Rekisterin nimi<\/strong><\/p>\n\n\n\n<p>Tiedonhallintamalli Arter ARC<\/p>\n\n\n\n<p><strong>2 Rekisterinpit\u00e4j\u00e4<\/strong><\/p>\n\n\n\n<p>Jyv\u00e4skyl\u00e4n Ammattikorkeakoulu Oy<br>PL 207, 40101 Jyv\u00e4skyl\u00e4<br>+358 20 743 8100<\/p>\n\n\n\n<p>Palveluntarjoajan\/j\u00e4rjestelm\u00e4toimittajan tietosuojaseloste: https:\/\/www.arter.fi\/tietosuoja-ja-tietoturvapolitiikka\/<\/p>\n\n\n\n<p><strong>3 Yhteyshenkil\u00f6 rekisteri\u00e4 koskevissa asioissa<\/strong><\/p>\n\n\n\n<p>Rekisterist\u00e4 vastaava johtaja\/prosessin omistaja: hallintojohtaja, KOPA<\/p>\n\n\n\n<p>Sis\u00e4ll\u00f6llinen p\u00e4\u00e4k\u00e4ytt\u00e4j\u00e4: j\u00e4rjestelm\u00e4suunnittelija, KOPA ict-palvelut<\/p>\n\n\n\n<p>Tekninen p\u00e4\u00e4k\u00e4ytt\u00e4j\u00e4: &#8211;<\/p>\n\n\n\n<p><strong>4 Henkil\u00f6tietojen k\u00e4sittelyn tarkoitus<\/strong><\/p>\n\n\n\n<p>Henkil\u00f6tietoja k\u00e4sitell\u00e4\u00e4n Jyv\u00e4skyl\u00e4n ammattikorkeakoulun kokonaisarkkitehtuuriin, tiedonhallintamalliin sek\u00e4 projektihallinnan ja riskienhallinnan tietojen kuvaamiseen (sis\u00e4inen kehitt\u00e4minen) liittyen.<\/p>\n\n\n\n<p><strong>5 Rekisterin tietosis\u00e4lt\u00f6 ja rekister\u00f6ityjen ryhm\u00e4t<\/strong><\/p>\n\n\n\n<p>Henkil\u00f6tietoja k\u00e4sitell\u00e4\u00e4n Jamkin henkil\u00f6tietojen k\u00e4sittelyohjeen mukaisesti.<\/p>\n\n\n\n<p>Rekister\u00f6ityjen ryhm\u00e4t: Ty\u00f6ntekij\u00e4t.<\/p>\n\n\n\n<p>Henkil\u00f6tietoina rekisteriin voidaan tallentaa:<\/p>\n\n\n\n<p>&#8211; Nimi (pakollinen tieto)<\/p>\n\n\n\n<p>-S\u00e4hk\u00f6postiosoite Jamk (pakollinen tieto)<\/p>\n\n\n\n<p>-Yksikk\u00f6<\/p>\n\n\n\n<p>-Toiminimike<\/p>\n\n\n\n<p><strong>6 K\u00e4sittelyperuste<\/strong><\/p>\n\n\n\n<p>Jamkilla on oikeus k\u00e4sitell\u00e4 henkil\u00f6tietoja rekisterinpit\u00e4j\u00e4n\u00e4, koska k\u00e4sittely on tarpeen lakis\u00e4\u00e4teisen teht\u00e4v\u00e4n ja velvoitteen vuoksi. Tiedonhallinta, projektihallinta ja riskien hallinta edellytt\u00e4\u00e4 rekisterin olemassaoloa.<\/p>\n\n\n\n<p><strong>7 S\u00e4\u00e4nn\u00f6nmukaiset tietol\u00e4hteet<\/strong><\/p>\n\n\n\n<p>Henkil\u00f6st\u00f6n perustiedot saadaan k\u00e4ytt\u00e4j\u00e4hallinnasta. Projektip\u00e4\u00e4llikk\u00f6 t\u00e4ydent\u00e4\u00e4 projektisalkun tietoja.<\/p>\n\n\n\n<p><strong>8 S\u00e4\u00e4nn\u00f6nmukaiset tietojen luovutukset ja tietojen siirto EU:n tai Euroopan talousalueen ulkopuolelle<\/strong><\/p>\n\n\n\n<p>Tietoja ei siirret\u00e4 kolmansille tahoille, EU:n tai ETA-alueen ulkopuolelle ja\/tai kansainv\u00e4lisille j\u00e4rjest\u00f6ille.<\/p>\n\n\n\n<p><strong>9 Rekisterin suojauksen periaatteet<\/strong><\/p>\n\n\n\n<p>Arter ARC-j\u00e4rjestelm\u00e4\u00e4n kirjaudutaan Jamkin henkil\u00f6kohtaisella kirjautumistunnuksella. Arter ARC-j\u00e4rjestelm\u00e4ss\u00e4 henkil\u00f6tietoja suojataan asianmukaisin teknisin ja hallinnollisin toimin luvattomalta tai laittomalta k\u00e4sittelylt\u00e4 sek\u00e4 henkil\u00f6tietojen vahingoittumiselta tai h\u00e4vi\u00e4miselt\u00e4. N\u00e4it\u00e4 keinoja ovat mm. palomuurien, salaustekniikoiden ja turvallisten laitetilojen k\u00e4ytt\u00f6, asianmukainen kulunvalvonta, hallittu k\u00e4ytt\u00f6oikeuksien my\u00f6nt\u00e4minen ja niiden k\u00e4yt\u00f6n valvonta, henkil\u00f6tietojen k\u00e4sittelyyn osallistuvan henkil\u00f6st\u00f6n ohjeistaminen sek\u00e4 tietoja k\u00e4sittelevien huolellinen valinta.<\/p>\n\n\n\n<p><strong>10 Henkil\u00f6tietojen s\u00e4ilytt\u00e4misaika tai s\u00e4ilytt\u00e4misajan m\u00e4\u00e4ritt\u00e4miskriteerit<\/strong><\/p>\n\n\n\n<p>K\u00e4ytt\u00e4jien tietoja s\u00e4ilytet\u00e4\u00e4n j\u00e4rjestelm\u00e4ss\u00e4 ty\u00f6suhteen keston ajan. K\u00e4ytt\u00e4j\u00e4n ty\u00f6suhteen p\u00e4\u00e4ttyess\u00e4, poistetaan h\u00e4nen tietonsa j\u00e4rjestelm\u00e4st\u00e4. J\u00e4rjestelm\u00e4ss\u00e4 oleva k\u00e4ytt\u00e4j\u00e4tili on voimassa kuusi kuukautta viimeisimm\u00e4st\u00e4 kirjautumisesta. Mik\u00e4li k\u00e4ytt\u00e4j\u00e4 ei kirjaudu kuuden kuukauden sis\u00e4ll\u00e4, k\u00e4ytt\u00e4j\u00e4 merkit\u00e4\u00e4n automaattisesti k\u00e4yt\u00f6st\u00e4 poistetuksi.<\/p>\n\n\n\n<p><strong>11 Profilointi ja automaattinen p\u00e4\u00e4t\u00f6ksenteko<\/strong><\/p>\n\n\n\n<p>Rekisterin tietoja ei k\u00e4ytet\u00e4 automatisoituihin yksitt\u00e4isp\u00e4\u00e4t\u00f6ksiin eik\u00e4 profilointiin.<\/p>\n\n\n\n<p><strong>12 Rekister\u00f6idyn oikeudet<\/strong><\/p>\n\n\n\n<p>Tietosuojavastaavasta ja rekister\u00f6idyn oikeuksista ja niiden toteuttamisesta kerrotaan <a href=\"https:\/\/www.jamk.fi\/fi\/jamk\/tietosuoja-jamkissa\">Tietosuoja Jamkissa<\/a>-sivulla.<\/p>\n","protected":false},"excerpt":{"rendered":"<p>EU yleinen tietosuoja-asetus (2016\/679) P\u00e4ivitetty 5.3.2024 1 Rekisterin nimi Tiedonhallintamalli Arter ARC 2 Rekisterinpit\u00e4j\u00e4 Jyv\u00e4skyl\u00e4n Ammattikorkeakoulu OyPL 207, 40101 Jyv\u00e4skyl\u00e4+358 20 743 8100 Palveluntarjoajan\/j\u00e4rjestelm\u00e4toimittajan tietosuojaseloste: https:\/\/www.arter.fi\/tietosuoja-ja-tietoturvapolitiikka\/ 3 Yhteyshenkil\u00f6 rekisteri\u00e4 koskevissa asioissa Rekisterist\u00e4 vastaava johtaja\/prosessin omistaja: hallintojohtaja, KOPA Sis\u00e4ll\u00f6llinen p\u00e4\u00e4k\u00e4ytt\u00e4j\u00e4: j\u00e4rjestelm\u00e4suunnittelija, KOPA ict-palvelut Tekninen p\u00e4\u00e4k\u00e4ytt\u00e4j\u00e4: &#8211; 4 Henkil\u00f6tietojen k\u00e4sittelyn tarkoitus Henkil\u00f6tietoja k\u00e4sitell\u00e4\u00e4n Jyv\u00e4skyl\u00e4n ammattikorkeakoulun kokonaisarkkitehtuuriin, tiedonhallintamalliin [&hellip;]<\/p>\n","protected":false},"author":178,"featured_media":0,"parent":494,"menu_order":0,"comment_status":"closed","ping_status":"closed","template":"","meta":{"_acf_changed":false,"_relevanssi_hide_post":"","_relevanssi_hide_content":"","_relevanssi_pin_for_all":"","_relevanssi_pin_keywords":"","_relevanssi_unpin_keywords":"","_relevanssi_related_keywords":"","_relevanssi_related_include_ids":"","_relevanssi_related_exclude_ids":"","_relevanssi_related_no_append":"","_relevanssi_related_not_related":"","_relevanssi_related_posts":"","_relevanssi_noindex_reason":"","footnotes":""},"categories":[],"tags":[],"class_list":["post-933","page","type-page","status-publish","hentry"],"acf":[],"yoast_head":"<!-- This site is optimized with the Yoast SEO plugin v27.4 - https:\/\/yoast.com\/product\/yoast-seo-wordpress\/ -->\n<title>Tietosuojaseloste Tiedonhallintamalli - Tietosuoja<\/title>\n<meta name=\"robots\" content=\"index, follow, max-snippet:-1, max-image-preview:large, max-video-preview:-1\" \/>\n<link rel=\"canonical\" href=\"https:\/\/help.jamk.fi\/tietosuoja\/fi\/yleishallinto\/tietosuojaseloste-tiedonhallintamalli\/\" \/>\n<meta property=\"og:locale\" content=\"fi_FI\" \/>\n<meta property=\"og:type\" content=\"article\" \/>\n<meta property=\"og:title\" content=\"Tietosuojaseloste Tiedonhallintamalli - Tietosuoja\" \/>\n<meta property=\"og:description\" content=\"EU yleinen tietosuoja-asetus (2016\/679) P\u00e4ivitetty 5.3.2024 1 Rekisterin nimi Tiedonhallintamalli Arter ARC 2 Rekisterinpit\u00e4j\u00e4 Jyv\u00e4skyl\u00e4n Ammattikorkeakoulu OyPL 207, 40101 Jyv\u00e4skyl\u00e4+358 20 743 8100 Palveluntarjoajan\/j\u00e4rjestelm\u00e4toimittajan tietosuojaseloste: https:\/\/www.arter.fi\/tietosuoja-ja-tietoturvapolitiikka\/ 3 Yhteyshenkil\u00f6 rekisteri\u00e4 koskevissa asioissa Rekisterist\u00e4 vastaava johtaja\/prosessin omistaja: hallintojohtaja, KOPA Sis\u00e4ll\u00f6llinen p\u00e4\u00e4k\u00e4ytt\u00e4j\u00e4: j\u00e4rjestelm\u00e4suunnittelija, KOPA ict-palvelut Tekninen p\u00e4\u00e4k\u00e4ytt\u00e4j\u00e4: &#8211; 4 Henkil\u00f6tietojen k\u00e4sittelyn tarkoitus Henkil\u00f6tietoja k\u00e4sitell\u00e4\u00e4n Jyv\u00e4skyl\u00e4n ammattikorkeakoulun kokonaisarkkitehtuuriin, tiedonhallintamalliin [&hellip;]\" \/>\n<meta property=\"og:url\" content=\"https:\/\/help.jamk.fi\/tietosuoja\/fi\/yleishallinto\/tietosuojaseloste-tiedonhallintamalli\/\" \/>\n<meta property=\"og:site_name\" content=\"Tietosuoja\" \/>\n<meta property=\"article:modified_time\" content=\"2024-03-08T12:45:30+00:00\" \/>\n<meta name=\"twitter:card\" content=\"summary_large_image\" \/>\n<meta name=\"twitter:label1\" content=\"Arvioitu lukuaika\" \/>\n\t<meta name=\"twitter:data1\" content=\"2 minuuttia\" \/>\n<script type=\"application\/ld+json\" class=\"yoast-schema-graph\">{\"@context\":\"https:\\\/\\\/schema.org\",\"@graph\":[{\"@type\":\"WebPage\",\"@id\":\"https:\\\/\\\/help.jamk.fi\\\/tietosuoja\\\/fi\\\/yleishallinto\\\/tietosuojaseloste-tiedonhallintamalli\\\/\",\"url\":\"https:\\\/\\\/help.jamk.fi\\\/tietosuoja\\\/fi\\\/yleishallinto\\\/tietosuojaseloste-tiedonhallintamalli\\\/\",\"name\":\"Tietosuojaseloste Tiedonhallintamalli - Tietosuoja\",\"isPartOf\":{\"@id\":\"https:\\\/\\\/help.jamk.fi\\\/tietosuoja\\\/#website\"},\"datePublished\":\"2024-03-08T12:45:29+00:00\",\"dateModified\":\"2024-03-08T12:45:30+00:00\",\"breadcrumb\":{\"@id\":\"https:\\\/\\\/help.jamk.fi\\\/tietosuoja\\\/fi\\\/yleishallinto\\\/tietosuojaseloste-tiedonhallintamalli\\\/#breadcrumb\"},\"inLanguage\":\"fi\",\"potentialAction\":[{\"@type\":\"ReadAction\",\"target\":[\"https:\\\/\\\/help.jamk.fi\\\/tietosuoja\\\/fi\\\/yleishallinto\\\/tietosuojaseloste-tiedonhallintamalli\\\/\"]}]},{\"@type\":\"BreadcrumbList\",\"@id\":\"https:\\\/\\\/help.jamk.fi\\\/tietosuoja\\\/fi\\\/yleishallinto\\\/tietosuojaseloste-tiedonhallintamalli\\\/#breadcrumb\",\"itemListElement\":[{\"@type\":\"ListItem\",\"position\":1,\"name\":\"Etusivu\",\"item\":\"https:\\\/\\\/help.jamk.fi\\\/tietosuoja\\\/fi\\\/\"},{\"@type\":\"ListItem\",\"position\":2,\"name\":\"Yleishallinto\",\"item\":\"https:\\\/\\\/help.jamk.fi\\\/tietosuoja\\\/fi\\\/yleishallinto\\\/\"},{\"@type\":\"ListItem\",\"position\":3,\"name\":\"Tietosuojaseloste Tiedonhallintamalli\"}]},{\"@type\":\"WebSite\",\"@id\":\"https:\\\/\\\/help.jamk.fi\\\/tietosuoja\\\/#website\",\"url\":\"https:\\\/\\\/help.jamk.fi\\\/tietosuoja\\\/\",\"name\":\"Tietosuoja\",\"description\":\"\",\"potentialAction\":[{\"@type\":\"SearchAction\",\"target\":{\"@type\":\"EntryPoint\",\"urlTemplate\":\"https:\\\/\\\/help.jamk.fi\\\/tietosuoja\\\/?s={search_term_string}\"},\"query-input\":{\"@type\":\"PropertyValueSpecification\",\"valueRequired\":true,\"valueName\":\"search_term_string\"}}],\"inLanguage\":\"fi\"}]}<\/script>\n<!-- \/ Yoast SEO plugin. -->","yoast_head_json":{"title":"Tietosuojaseloste Tiedonhallintamalli - Tietosuoja","robots":{"index":"index","follow":"follow","max-snippet":"max-snippet:-1","max-image-preview":"max-image-preview:large","max-video-preview":"max-video-preview:-1"},"canonical":"https:\/\/help.jamk.fi\/tietosuoja\/fi\/yleishallinto\/tietosuojaseloste-tiedonhallintamalli\/","og_locale":"fi_FI","og_type":"article","og_title":"Tietosuojaseloste Tiedonhallintamalli - Tietosuoja","og_description":"EU yleinen tietosuoja-asetus (2016\/679) P\u00e4ivitetty 5.3.2024 1 Rekisterin nimi Tiedonhallintamalli Arter ARC 2 Rekisterinpit\u00e4j\u00e4 Jyv\u00e4skyl\u00e4n Ammattikorkeakoulu OyPL 207, 40101 Jyv\u00e4skyl\u00e4+358 20 743 8100 Palveluntarjoajan\/j\u00e4rjestelm\u00e4toimittajan tietosuojaseloste: https:\/\/www.arter.fi\/tietosuoja-ja-tietoturvapolitiikka\/ 3 Yhteyshenkil\u00f6 rekisteri\u00e4 koskevissa asioissa Rekisterist\u00e4 vastaava johtaja\/prosessin omistaja: hallintojohtaja, KOPA Sis\u00e4ll\u00f6llinen p\u00e4\u00e4k\u00e4ytt\u00e4j\u00e4: j\u00e4rjestelm\u00e4suunnittelija, KOPA ict-palvelut Tekninen p\u00e4\u00e4k\u00e4ytt\u00e4j\u00e4: &#8211; 4 Henkil\u00f6tietojen k\u00e4sittelyn tarkoitus Henkil\u00f6tietoja k\u00e4sitell\u00e4\u00e4n Jyv\u00e4skyl\u00e4n ammattikorkeakoulun kokonaisarkkitehtuuriin, tiedonhallintamalliin [&hellip;]","og_url":"https:\/\/help.jamk.fi\/tietosuoja\/fi\/yleishallinto\/tietosuojaseloste-tiedonhallintamalli\/","og_site_name":"Tietosuoja","article_modified_time":"2024-03-08T12:45:30+00:00","twitter_card":"summary_large_image","twitter_misc":{"Arvioitu lukuaika":"2 minuuttia"},"schema":{"@context":"https:\/\/schema.org","@graph":[{"@type":"WebPage","@id":"https:\/\/help.jamk.fi\/tietosuoja\/fi\/yleishallinto\/tietosuojaseloste-tiedonhallintamalli\/","url":"https:\/\/help.jamk.fi\/tietosuoja\/fi\/yleishallinto\/tietosuojaseloste-tiedonhallintamalli\/","name":"Tietosuojaseloste Tiedonhallintamalli - Tietosuoja","isPartOf":{"@id":"https:\/\/help.jamk.fi\/tietosuoja\/#website"},"datePublished":"2024-03-08T12:45:29+00:00","dateModified":"2024-03-08T12:45:30+00:00","breadcrumb":{"@id":"https:\/\/help.jamk.fi\/tietosuoja\/fi\/yleishallinto\/tietosuojaseloste-tiedonhallintamalli\/#breadcrumb"},"inLanguage":"fi","potentialAction":[{"@type":"ReadAction","target":["https:\/\/help.jamk.fi\/tietosuoja\/fi\/yleishallinto\/tietosuojaseloste-tiedonhallintamalli\/"]}]},{"@type":"BreadcrumbList","@id":"https:\/\/help.jamk.fi\/tietosuoja\/fi\/yleishallinto\/tietosuojaseloste-tiedonhallintamalli\/#breadcrumb","itemListElement":[{"@type":"ListItem","position":1,"name":"Etusivu","item":"https:\/\/help.jamk.fi\/tietosuoja\/fi\/"},{"@type":"ListItem","position":2,"name":"Yleishallinto","item":"https:\/\/help.jamk.fi\/tietosuoja\/fi\/yleishallinto\/"},{"@type":"ListItem","position":3,"name":"Tietosuojaseloste Tiedonhallintamalli"}]},{"@type":"WebSite","@id":"https:\/\/help.jamk.fi\/tietosuoja\/#website","url":"https:\/\/help.jamk.fi\/tietosuoja\/","name":"Tietosuoja","description":"","potentialAction":[{"@type":"SearchAction","target":{"@type":"EntryPoint","urlTemplate":"https:\/\/help.jamk.fi\/tietosuoja\/?s={search_term_string}"},"query-input":{"@type":"PropertyValueSpecification","valueRequired":true,"valueName":"search_term_string"}}],"inLanguage":"fi"}]}},"_links":{"self":[{"href":"https:\/\/help.jamk.fi\/tietosuoja\/wp-json\/wp\/v2\/pages\/933","targetHints":{"allow":["GET"]}}],"collection":[{"href":"https:\/\/help.jamk.fi\/tietosuoja\/wp-json\/wp\/v2\/pages"}],"about":[{"href":"https:\/\/help.jamk.fi\/tietosuoja\/wp-json\/wp\/v2\/types\/page"}],"author":[{"embeddable":true,"href":"https:\/\/help.jamk.fi\/tietosuoja\/wp-json\/wp\/v2\/users\/178"}],"replies":[{"embeddable":true,"href":"https:\/\/help.jamk.fi\/tietosuoja\/wp-json\/wp\/v2\/comments?post=933"}],"version-history":[{"count":1,"href":"https:\/\/help.jamk.fi\/tietosuoja\/wp-json\/wp\/v2\/pages\/933\/revisions"}],"predecessor-version":[{"id":934,"href":"https:\/\/help.jamk.fi\/tietosuoja\/wp-json\/wp\/v2\/pages\/933\/revisions\/934"}],"up":[{"embeddable":true,"href":"https:\/\/help.jamk.fi\/tietosuoja\/wp-json\/wp\/v2\/pages\/494"}],"wp:attachment":[{"href":"https:\/\/help.jamk.fi\/tietosuoja\/wp-json\/wp\/v2\/media?parent=933"}],"wp:term":[{"taxonomy":"category","embeddable":true,"href":"https:\/\/help.jamk.fi\/tietosuoja\/wp-json\/wp\/v2\/categories?post=933"},{"taxonomy":"post_tag","embeddable":true,"href":"https:\/\/help.jamk.fi\/tietosuoja\/wp-json\/wp\/v2\/tags?post=933"}],"curies":[{"name":"wp","href":"https:\/\/api.w.org\/{rel}","templated":true}]}}