{"id":94,"date":"2019-01-23T10:43:33","date_gmt":"2019-01-23T08:43:33","guid":{"rendered":"https:\/\/help.jamk.fi\/tietosuoja\/tilamyynnin-asiakasrekisteri-tietosuojaseloste\/"},"modified":"2023-12-18T12:34:49","modified_gmt":"2023-12-18T10:34:49","slug":"tilamyynnin-asiakasrekisteri-tietosuojaseloste","status":"publish","type":"page","link":"https:\/\/help.jamk.fi\/tietosuoja\/fi\/sidosryhmat\/tilamyynnin-asiakasrekisteri-tietosuojaseloste\/","title":{"rendered":"Tilamyynnin asiakasrekisteri &#8211; Tietosuojaseloste"},"content":{"rendered":"\n<p class=\"has-text-align-left\"><a href=\"https:\/\/eur-lex.europa.eu\/legal-content\/FI\/TXT\/?uri=uriserv:OJ.L_.2016.119.01.0001.01.FIN&amp;toc=OJ:L:2016:119:FULL\"> EU yleinen tietosuoja-asetus (2016\/679)<\/a><br><\/p>\n\n\n\n<p class=\"has-text-align-left\">P\u00e4ivitetty 23.1.2019, 11.12.2020<\/p>\n\n\n\n<h2 class=\"wp-block-heading\">1 Rekisterin nimi<\/h2>\n\n\n\n<p>Tilamyynnin asiakasrekisteri<\/p>\n\n\n\n<h2 class=\"wp-block-heading\">2 Rekisterinpit\u00e4j\u00e4<\/h2>\n\n\n\n<p>Jyv\u00e4skyl\u00e4n ammattikorkeakoulu Oy<\/p>\n\n\n\n<p> PL 207, 40101 Jyv\u00e4skyl\u00e4 <\/p>\n\n\n\n<p>+358 20 743 8100<\/p>\n\n\n\n<h2 class=\"wp-block-heading\">3&nbsp;Yhteyshenkil\u00f6 rekisteri\u00e4 koskevissa asioissa, yhteystiedot virka-aikana<\/h2>\n\n\n\n<ul class=\"wp-block-list\">\n<li>Rekisterist\u00e4 vastaavan johtaja: Hallintojohtaja <\/li>\n\n\n\n<li>Prosessista vastaava: Palvelup\u00e4\u00e4llikk\u00f6 <\/li>\n\n\n\n<li>Sis\u00e4ll\u00f6llinen p\u00e4\u00e4k\u00e4ytt\u00e4j\u00e4: Taru S\u00e4rkk\u00e4<\/li>\n\n\n\n<li>Tekninen p\u00e4\u00e4k\u00e4ytt\u00e4j\u00e4: Kimmo H\u00e4m\u00e4l\u00e4inen<\/li>\n<\/ul>\n\n\n\n<p>etunimi.sukunimi@jamk.fi<\/p>\n\n\n\n<h2 class=\"wp-block-heading\">4 Henkil\u00f6tietojen k\u00e4sittelyn tarkoitus<\/h2>\n\n\n\n<p>Ammattikorkeakoulun maksullisen tilamyynnin tilavarauksen j\u00e4rjest\u00e4miseksi sek\u00e4 laskutusta varten. <\/p>\n\n\n\n<h2 class=\"wp-block-heading\">5 Rekisterin tietosis\u00e4lt\u00f6<\/h2>\n\n\n\n<ul class=\"wp-block-list\">\n<li>Nimi<\/li>\n\n\n\n<li>Puhelinnumero<\/li>\n\n\n\n<li>S\u00e4hk\u00f6posti<\/li>\n\n\n\n<li>Organisaatio<\/li>\n<\/ul>\n\n\n\n<h2 class=\"wp-block-heading\">6 K\u00e4sittelyperuste<\/h2>\n\n\n\n<p>Sopimus. Kun rekister\u00f6ity on osapuolena sopimuksessa, h\u00e4nen henkil\u00f6tietojaan saa k\u00e4sitell\u00e4 sopimuksen t\u00e4yt\u00e4nt\u00f6\u00f6n panemiseksi. <\/p>\n\n\n\n<h2 class=\"wp-block-heading\">7 S\u00e4\u00e4nn\u00f6nmukaiset tietol\u00e4hteet<\/h2>\n\n\n\n<p>Tiedot saadaan henkil\u00f6lt\u00e4 itselt\u00e4\u00e4n.<\/p>\n\n\n\n<h2 class=\"wp-block-heading\">8&nbsp;S\u00e4\u00e4nn\u00f6nmukaiset tietojen luovutukset ja tietojen siirto EU:n tai Euroopan talousalueen ulkopuolelle<\/h2>\n\n\n\n<p>Tietoja ei luovuteta s\u00e4\u00e4nn\u00f6nmukaisesti kolmansille tahoille. Tietoja ei  siirret\u00e4 EU:n tai ETA-alueen ulkopuolelle eik\u00e4 kansainv\u00e4lisille  j\u00e4rjest\u00f6ille.&nbsp;Rekisterin henkil\u00f6tietojen k\u00e4sittely\u00e4&nbsp;ei ole&nbsp;ulkoistettu  toimeksiantosopimuksella <\/p>\n\n\n\n<h2 class=\"wp-block-heading\">9&nbsp;Rekisterin suojauksen periaatteet<\/h2>\n\n\n\n<p>Rekisteri ei sis\u00e4ll\u00e4 manuaalista aineistoa.<\/p>\n\n\n\n<p>Henkil\u00f6tietojen k\u00e4sittely on rajattu Jamkissa ty\u00f6teht\u00e4vien mukaisesti tietyille henkil\u00f6ille. J\u00e4rjestelm\u00e4n k\u00e4ytt\u00f6 edellytt\u00e4\u00e4 henkil\u00f6kohtaista k\u00e4ytt\u00e4j\u00e4tunnusta ja salasanaa. <\/p>\n\n\n\n<p>Kaikki palvelimet sijaitsevat lukitussa ja p\u00e4\u00e4syvalvotussa konesalissa. Palvelimille p\u00e4\u00e4sy sallitaan vain yll\u00e4pit\u00e4jille. <\/p>\n\n\n\n<h2 class=\"wp-block-heading\">10&nbsp;Henkil\u00f6tietojen s\u00e4ilytt\u00e4misaika tai s\u00e4ilytt\u00e4misajan m\u00e4\u00e4ritt\u00e4miskriteerit&nbsp;<\/h2>\n\n\n\n<p>Tiedot asiakasrekisterist\u00e4 h\u00e4vitet\u00e4\u00e4n, kun varauksesta on kulunut kaksi (2) vuotta. Tietoja voi poistaa vain sis\u00e4ll\u00f6llinen p\u00e4\u00e4k\u00e4ytt\u00e4j\u00e4. <\/p>\n\n\n\n<h2 class=\"wp-block-heading\">11 Profilointi ja automaattinen p\u00e4\u00e4t\u00f6ksenteko<\/h2>\n\n\n\n<p>Rekisterin tietoja ei k\u00e4ytet\u00e4 automatisoituihin yksitt\u00e4isp\u00e4\u00e4t\u00f6ksiin eik\u00e4&nbsp;profilointiin <\/p>\n\n\n\n<h2 class=\"wp-block-heading\">12 Rekister\u00f6idyn oikeudet<\/h2>\n\n\n\n<p>Tietosuojavastaavasta ja rekister\u00f6idyn oikeuksista ja niiden toteuttamisesta\u00a0kerrotaan <a rel=\"noreferrer noopener\" href=\"https:\/\/www.jamk.fi\/fi\/jamk\/tietosuoja-jamkissa\" target=\"_blank\">Jamkin tietosuojalausekkeessa<\/a> ja <a rel=\"noreferrer noopener\" href=\"https:\/\/www.jamk.fi\/fi\/jamk\/tietosuoja-jamkissa\" target=\"_blank\">Rekister\u00f6idyn oikeudet<\/a>-sivulla.<\/p>\n","protected":false},"excerpt":{"rendered":"<p>EU yleinen tietosuoja-asetus (2016\/679) P\u00e4ivitetty 23.1.2019, 11.12.2020 1 Rekisterin nimi Tilamyynnin asiakasrekisteri 2 Rekisterinpit\u00e4j\u00e4 Jyv\u00e4skyl\u00e4n ammattikorkeakoulu Oy PL 207, 40101 Jyv\u00e4skyl\u00e4 +358 20 743 8100 3&nbsp;Yhteyshenkil\u00f6 rekisteri\u00e4 koskevissa asioissa, yhteystiedot virka-aikana etunimi.sukunimi@jamk.fi 4 Henkil\u00f6tietojen k\u00e4sittelyn tarkoitus Ammattikorkeakoulun maksullisen tilamyynnin tilavarauksen j\u00e4rjest\u00e4miseksi sek\u00e4 laskutusta varten. 5 Rekisterin tietosis\u00e4lt\u00f6 6 K\u00e4sittelyperuste Sopimus. Kun rekister\u00f6ity on osapuolena sopimuksessa, [&hellip;]<\/p>\n","protected":false},"author":178,"featured_media":0,"parent":544,"menu_order":0,"comment_status":"closed","ping_status":"closed","template":"","meta":{"_acf_changed":false,"_relevanssi_hide_post":"","_relevanssi_hide_content":"","_relevanssi_pin_for_all":"","_relevanssi_pin_keywords":"","_relevanssi_unpin_keywords":"","_relevanssi_related_keywords":"","_relevanssi_related_include_ids":"","_relevanssi_related_exclude_ids":"","_relevanssi_related_no_append":"","_relevanssi_related_not_related":"","_relevanssi_related_posts":"","_relevanssi_noindex_reason":"","footnotes":""},"categories":[],"tags":[22,58,76],"class_list":["post-94","page","type-page","status-publish","hentry","tag-gdpr","tag-tietosuoja","tag-tietosuojaseloste"],"acf":[],"yoast_head":"<!-- This site is optimized with the Yoast SEO plugin v27.3 - https:\/\/yoast.com\/product\/yoast-seo-wordpress\/ -->\n<title>Tilamyynnin asiakasrekisteri - Tietosuojaseloste - Tietosuoja<\/title>\n<meta name=\"robots\" content=\"index, follow, max-snippet:-1, max-image-preview:large, max-video-preview:-1\" \/>\n<link rel=\"canonical\" href=\"https:\/\/help.jamk.fi\/tietosuoja\/fi\/sidosryhmat\/tilamyynnin-asiakasrekisteri-tietosuojaseloste\/\" \/>\n<meta property=\"og:locale\" content=\"fi_FI\" \/>\n<meta property=\"og:type\" content=\"article\" \/>\n<meta property=\"og:title\" content=\"Tilamyynnin asiakasrekisteri - Tietosuojaseloste - Tietosuoja\" \/>\n<meta property=\"og:description\" content=\"EU yleinen tietosuoja-asetus (2016\/679) P\u00e4ivitetty 23.1.2019, 11.12.2020 1 Rekisterin nimi Tilamyynnin asiakasrekisteri 2 Rekisterinpit\u00e4j\u00e4 Jyv\u00e4skyl\u00e4n ammattikorkeakoulu Oy PL 207, 40101 Jyv\u00e4skyl\u00e4 +358 20 743 8100 3&nbsp;Yhteyshenkil\u00f6 rekisteri\u00e4 koskevissa asioissa, yhteystiedot virka-aikana etunimi.sukunimi@jamk.fi 4 Henkil\u00f6tietojen k\u00e4sittelyn tarkoitus Ammattikorkeakoulun maksullisen tilamyynnin tilavarauksen j\u00e4rjest\u00e4miseksi sek\u00e4 laskutusta varten. 5 Rekisterin tietosis\u00e4lt\u00f6 6 K\u00e4sittelyperuste Sopimus. Kun rekister\u00f6ity on osapuolena sopimuksessa, [&hellip;]\" \/>\n<meta property=\"og:url\" content=\"https:\/\/help.jamk.fi\/tietosuoja\/fi\/sidosryhmat\/tilamyynnin-asiakasrekisteri-tietosuojaseloste\/\" \/>\n<meta property=\"og:site_name\" content=\"Tietosuoja\" \/>\n<meta property=\"article:modified_time\" content=\"2023-12-18T10:34:49+00:00\" \/>\n<meta name=\"twitter:card\" content=\"summary_large_image\" \/>\n<meta name=\"twitter:label1\" content=\"Arvioitu lukuaika\" \/>\n\t<meta name=\"twitter:data1\" content=\"1 minuutti\" \/>\n<script type=\"application\/ld+json\" class=\"yoast-schema-graph\">{\"@context\":\"https:\\\/\\\/schema.org\",\"@graph\":[{\"@type\":\"WebPage\",\"@id\":\"https:\\\/\\\/help.jamk.fi\\\/tietosuoja\\\/fi\\\/sidosryhmat\\\/tilamyynnin-asiakasrekisteri-tietosuojaseloste\\\/\",\"url\":\"https:\\\/\\\/help.jamk.fi\\\/tietosuoja\\\/fi\\\/sidosryhmat\\\/tilamyynnin-asiakasrekisteri-tietosuojaseloste\\\/\",\"name\":\"Tilamyynnin asiakasrekisteri - Tietosuojaseloste - Tietosuoja\",\"isPartOf\":{\"@id\":\"https:\\\/\\\/help.jamk.fi\\\/tietosuoja\\\/#website\"},\"datePublished\":\"2019-01-23T08:43:33+00:00\",\"dateModified\":\"2023-12-18T10:34:49+00:00\",\"breadcrumb\":{\"@id\":\"https:\\\/\\\/help.jamk.fi\\\/tietosuoja\\\/fi\\\/sidosryhmat\\\/tilamyynnin-asiakasrekisteri-tietosuojaseloste\\\/#breadcrumb\"},\"inLanguage\":\"fi\",\"potentialAction\":[{\"@type\":\"ReadAction\",\"target\":[\"https:\\\/\\\/help.jamk.fi\\\/tietosuoja\\\/fi\\\/sidosryhmat\\\/tilamyynnin-asiakasrekisteri-tietosuojaseloste\\\/\"]}]},{\"@type\":\"BreadcrumbList\",\"@id\":\"https:\\\/\\\/help.jamk.fi\\\/tietosuoja\\\/fi\\\/sidosryhmat\\\/tilamyynnin-asiakasrekisteri-tietosuojaseloste\\\/#breadcrumb\",\"itemListElement\":[{\"@type\":\"ListItem\",\"position\":1,\"name\":\"Etusivu\",\"item\":\"https:\\\/\\\/help.jamk.fi\\\/tietosuoja\\\/fi\\\/\"},{\"@type\":\"ListItem\",\"position\":2,\"name\":\"Sidosryhm\u00e4t\",\"item\":\"https:\\\/\\\/help.jamk.fi\\\/tietosuoja\\\/fi\\\/sidosryhmat\\\/\"},{\"@type\":\"ListItem\",\"position\":3,\"name\":\"Tilamyynnin asiakasrekisteri &#8211; Tietosuojaseloste\"}]},{\"@type\":\"WebSite\",\"@id\":\"https:\\\/\\\/help.jamk.fi\\\/tietosuoja\\\/#website\",\"url\":\"https:\\\/\\\/help.jamk.fi\\\/tietosuoja\\\/\",\"name\":\"Tietosuoja\",\"description\":\"\",\"potentialAction\":[{\"@type\":\"SearchAction\",\"target\":{\"@type\":\"EntryPoint\",\"urlTemplate\":\"https:\\\/\\\/help.jamk.fi\\\/tietosuoja\\\/?s={search_term_string}\"},\"query-input\":{\"@type\":\"PropertyValueSpecification\",\"valueRequired\":true,\"valueName\":\"search_term_string\"}}],\"inLanguage\":\"fi\"}]}<\/script>\n<!-- \/ Yoast SEO plugin. -->","yoast_head_json":{"title":"Tilamyynnin asiakasrekisteri - Tietosuojaseloste - Tietosuoja","robots":{"index":"index","follow":"follow","max-snippet":"max-snippet:-1","max-image-preview":"max-image-preview:large","max-video-preview":"max-video-preview:-1"},"canonical":"https:\/\/help.jamk.fi\/tietosuoja\/fi\/sidosryhmat\/tilamyynnin-asiakasrekisteri-tietosuojaseloste\/","og_locale":"fi_FI","og_type":"article","og_title":"Tilamyynnin asiakasrekisteri - Tietosuojaseloste - Tietosuoja","og_description":"EU yleinen tietosuoja-asetus (2016\/679) P\u00e4ivitetty 23.1.2019, 11.12.2020 1 Rekisterin nimi Tilamyynnin asiakasrekisteri 2 Rekisterinpit\u00e4j\u00e4 Jyv\u00e4skyl\u00e4n ammattikorkeakoulu Oy PL 207, 40101 Jyv\u00e4skyl\u00e4 +358 20 743 8100 3&nbsp;Yhteyshenkil\u00f6 rekisteri\u00e4 koskevissa asioissa, yhteystiedot virka-aikana etunimi.sukunimi@jamk.fi 4 Henkil\u00f6tietojen k\u00e4sittelyn tarkoitus Ammattikorkeakoulun maksullisen tilamyynnin tilavarauksen j\u00e4rjest\u00e4miseksi sek\u00e4 laskutusta varten. 5 Rekisterin tietosis\u00e4lt\u00f6 6 K\u00e4sittelyperuste Sopimus. Kun rekister\u00f6ity on osapuolena sopimuksessa, [&hellip;]","og_url":"https:\/\/help.jamk.fi\/tietosuoja\/fi\/sidosryhmat\/tilamyynnin-asiakasrekisteri-tietosuojaseloste\/","og_site_name":"Tietosuoja","article_modified_time":"2023-12-18T10:34:49+00:00","twitter_card":"summary_large_image","twitter_misc":{"Arvioitu lukuaika":"1 minuutti"},"schema":{"@context":"https:\/\/schema.org","@graph":[{"@type":"WebPage","@id":"https:\/\/help.jamk.fi\/tietosuoja\/fi\/sidosryhmat\/tilamyynnin-asiakasrekisteri-tietosuojaseloste\/","url":"https:\/\/help.jamk.fi\/tietosuoja\/fi\/sidosryhmat\/tilamyynnin-asiakasrekisteri-tietosuojaseloste\/","name":"Tilamyynnin asiakasrekisteri - Tietosuojaseloste - Tietosuoja","isPartOf":{"@id":"https:\/\/help.jamk.fi\/tietosuoja\/#website"},"datePublished":"2019-01-23T08:43:33+00:00","dateModified":"2023-12-18T10:34:49+00:00","breadcrumb":{"@id":"https:\/\/help.jamk.fi\/tietosuoja\/fi\/sidosryhmat\/tilamyynnin-asiakasrekisteri-tietosuojaseloste\/#breadcrumb"},"inLanguage":"fi","potentialAction":[{"@type":"ReadAction","target":["https:\/\/help.jamk.fi\/tietosuoja\/fi\/sidosryhmat\/tilamyynnin-asiakasrekisteri-tietosuojaseloste\/"]}]},{"@type":"BreadcrumbList","@id":"https:\/\/help.jamk.fi\/tietosuoja\/fi\/sidosryhmat\/tilamyynnin-asiakasrekisteri-tietosuojaseloste\/#breadcrumb","itemListElement":[{"@type":"ListItem","position":1,"name":"Etusivu","item":"https:\/\/help.jamk.fi\/tietosuoja\/fi\/"},{"@type":"ListItem","position":2,"name":"Sidosryhm\u00e4t","item":"https:\/\/help.jamk.fi\/tietosuoja\/fi\/sidosryhmat\/"},{"@type":"ListItem","position":3,"name":"Tilamyynnin asiakasrekisteri &#8211; Tietosuojaseloste"}]},{"@type":"WebSite","@id":"https:\/\/help.jamk.fi\/tietosuoja\/#website","url":"https:\/\/help.jamk.fi\/tietosuoja\/","name":"Tietosuoja","description":"","potentialAction":[{"@type":"SearchAction","target":{"@type":"EntryPoint","urlTemplate":"https:\/\/help.jamk.fi\/tietosuoja\/?s={search_term_string}"},"query-input":{"@type":"PropertyValueSpecification","valueRequired":true,"valueName":"search_term_string"}}],"inLanguage":"fi"}]}},"_links":{"self":[{"href":"https:\/\/help.jamk.fi\/tietosuoja\/wp-json\/wp\/v2\/pages\/94","targetHints":{"allow":["GET"]}}],"collection":[{"href":"https:\/\/help.jamk.fi\/tietosuoja\/wp-json\/wp\/v2\/pages"}],"about":[{"href":"https:\/\/help.jamk.fi\/tietosuoja\/wp-json\/wp\/v2\/types\/page"}],"author":[{"embeddable":true,"href":"https:\/\/help.jamk.fi\/tietosuoja\/wp-json\/wp\/v2\/users\/178"}],"replies":[{"embeddable":true,"href":"https:\/\/help.jamk.fi\/tietosuoja\/wp-json\/wp\/v2\/comments?post=94"}],"version-history":[{"count":1,"href":"https:\/\/help.jamk.fi\/tietosuoja\/wp-json\/wp\/v2\/pages\/94\/revisions"}],"predecessor-version":[{"id":396,"href":"https:\/\/help.jamk.fi\/tietosuoja\/wp-json\/wp\/v2\/pages\/94\/revisions\/396"}],"up":[{"embeddable":true,"href":"https:\/\/help.jamk.fi\/tietosuoja\/wp-json\/wp\/v2\/pages\/544"}],"wp:attachment":[{"href":"https:\/\/help.jamk.fi\/tietosuoja\/wp-json\/wp\/v2\/media?parent=94"}],"wp:term":[{"taxonomy":"category","embeddable":true,"href":"https:\/\/help.jamk.fi\/tietosuoja\/wp-json\/wp\/v2\/categories?post=94"},{"taxonomy":"post_tag","embeddable":true,"href":"https:\/\/help.jamk.fi\/tietosuoja\/wp-json\/wp\/v2\/tags?post=94"}],"curies":[{"name":"wp","href":"https:\/\/api.w.org\/{rel}","templated":true}]}}