{"id":940,"date":"2024-04-03T13:18:30","date_gmt":"2024-04-03T10:18:30","guid":{"rendered":"https:\/\/help.jamk.fi\/tietosuoja\/?page_id=940"},"modified":"2024-04-03T13:18:31","modified_gmt":"2024-04-03T10:18:31","slug":"justus-tallennuspalvelu-tietosuojaseloste","status":"publish","type":"page","link":"https:\/\/help.jamk.fi\/tietosuoja\/fi\/kirjasto\/justus-tallennuspalvelu-tietosuojaseloste\/","title":{"rendered":"Justus-tallennuspalvelu tietosuojaseloste"},"content":{"rendered":"\n<p>EU yleinen tietosuoja-asetus (2016\/679)<br>P\u00e4ivitetty 3.4.2024<\/p>\n\n\n\n<p><br><strong>1 Rekisterin nimi<\/strong><br>Justus -tallennuspalvelu<\/p>\n\n\n\n<p><br><strong>2 Rekisterinpit\u00e4j\u00e4<\/strong><br>Jyv\u00e4skyl\u00e4n ammattikorkeakoulu Oy<br>PL 207, 40101 Jyv\u00e4skyl\u00e4<br>+358 20 743 8100<\/p>\n\n\n\n<p><br><strong>3 Rekisterinpit\u00e4j\u00e4n yhteyshenkil\u00f6<\/strong><br>Rekisterist\u00e4 vastaava: TKI vararehtori<br>Prosessista vastaava: Kirjastonjohtaja <br>Rekisterin yhteyshenkil\u00f6: Informaatikko <br>etunimi.sukunimi[at]jamk.fi<br>julkaisurekisteri[at]jamk.fi<\/p>\n\n\n\n<p><br><strong>4 Rekisterinpit\u00e4j\u00e4n tietosuojavastaava<\/strong><br>Rekister\u00f6idyn oikeuksien toteuttamista koskevat pyynn\u00f6t osoitetaan rekisterinpit\u00e4j\u00e4n tietosuojavastaavalle: tietosuoja[at]jamk.fi<br>Kysy neuvoja ja ohjeita: tietosuoja[at]jamk.fi<\/p>\n\n\n\n<p><br><strong>5 Henkil\u00f6tietojen k\u00e4sittelyn tarkoitus<\/strong><br>Rekisterin k\u00e4ytt\u00f6tarkoituksena on Jyv\u00e4skyl\u00e4n ammattikorkeakoulun henkil\u00f6st\u00f6n julkaisutietojen ja -tilastojen ker\u00e4\u00e4minen ja toimittaminen opetus- ja kulttuuriministeri\u00f6n (OKM) vuosittaiseen julkaisutiedonkeruuseen. Valitut julkaisutiedot siirtyv\u00e4t automaattisesti VIRTA-julkaisutietopalveluun. Tietoja voidaan selata tiedejatutkimus.fi-palvelussa.<\/p>\n\n\n\n<p>Tietoja k\u00e4ytet\u00e4\u00e4n my\u00f6s korkeakoulun omiin tilastoihin ja raportteihin. T\u00e4m\u00e4n lis\u00e4ksi tietoja k\u00e4ytet\u00e4\u00e4n korkeakoulujen tutkimuksen rakenteen kehityksen seurannassa ja ohjauksessa sek\u00e4 yliopistojen ja ammattikorkeakoulujen perusrahoituksen jakokriteerin\u00e4. Julkaisutietojen ker\u00e4\u00e4misen tarkoituksena on my\u00f6s tuottaa tietopohjaa suomalaisen tutkimusj\u00e4rjestelm\u00e4n toiminnasta ja yhteiskunnallisesta vaikuttavuudesta. Tutkimusaktiviteettien tallennuspalveluun ei erikseen tallenneta henkil\u00f6tietoa, vaan n\u00e4m\u00e4 tiedot on tallennettu JUSTUS-palvelun tekij\u00e4tietoihin.<\/p>\n\n\n\n<p><br><strong>6 Rekisterin tietosis\u00e4lt\u00f6<\/strong><br>J\u00e4rjestelm\u00e4ss\u00e4 k\u00e4sitell\u00e4\u00e4n julkaisujen ja tutkimusaktiviteettien tekij\u00e4tietoja opetus- ja kulttuuriministeri\u00f6n ohjeistuksen mukaisesti (Tietosuoja ja henkil\u00f6tietojen k\u00e4sittely \u2013 JUSTUS palvelukuvaus ). Jyv\u00e4skyl\u00e4n ammattikorkeakoulu siirt\u00e4\u00e4 palveluun henkil\u00f6st\u00f6ns\u00e4 tiedot, joita ovat etunimi, sukunimi, s\u00e4hk\u00f6posti, organisaatiokohtainen yksil\u00f6iv\u00e4 tunniste ja alayksikk\u00f6. ORCID-tutkijatunniste tallennetaan palvelun tekij\u00e4tietoihin henkil\u00f6kunnan pyynn\u00f6st\u00e4. Muiden kuin organisaatiotekij\u00f6iden osalta JUSTUS-palveluun tallennetaan tekij\u00e4luettelosta tekij\u00e4n etu- ja sukunimi.<br><\/p>\n\n\n\n<p>Tekij\u00f6ist\u00e4 tallennettavia tietoja ovat:<br>\u2022 Etu- ja sukunimi<br>\u2022 Organisaatio<br>\u2022 Organisaation alayksikk\u00f6koodi<br>\u2022 ORCID -tutkijatunniste<br><\/p>\n\n\n\n<p>Palvelun k\u00e4ytt\u00e4j\u00e4st\u00e4, eli julkaisun tallentajasta palveluun tallennetaan:<br>\u2022 Etu- ja sukunimi<br>\u2022 Organisaatio<br>\u2022 S\u00e4hk\u00f6postiosoite<br>\u2022 Yksil\u00f6iv\u00e4 tunniste (Eduuni-ID:n uid-attribuutti)<br>\u2022 Lokitietoja palvelun k\u00e4yt\u00f6st\u00e4<br><\/p>\n\n\n\n<p>JUSTUS-palvelusssa julkaisuihin liittyvien henkil\u00f6tietojen tallennus- ja muokkausoikeudet ovat palveluun liittyneiden organisaatioiden nime\u00e4mill\u00e4 p\u00e4\u00e4k\u00e4ytt\u00e4jill\u00e4. Tutkimusaktiviteettitietoja voi muokata ainoastaan tietonsa tallentanut tekij\u00e4.<\/p>\n\n\n\n<p><br>Julkaisujen ja niiden tekij\u00f6iden tiedot n\u00e4kyv\u00e4t tiedejatutkimus.fi palvelun https:\/\/www.tiedejatutkimus.fi kautta (Laki tutkimustietovarannosta 1238\/2021).<br>Tutkimusaktiviteettien tallennuspalveluun tallennetaan aktiviteetti\u00e4 kuvailevat metatiedot (kuvaus, aika, paikka jne.). Jyv\u00e4skyl\u00e4n ammattikorkeakoulun henkil\u00f6kunta voi tallentaa julkaisutietojen lis\u00e4ksi tutkimusaktiviteettinsa metatiedot. Tutkimusaktiviteetteja ovat esimerkiksi osallistuminen kokouksen j\u00e4rjest\u00e4miseen, julkaisuja koskeva toimituskuntaty\u00f6, esitelm\u00e4n pit\u00e4minen, my\u00f6nnetty tutkimusrahoitus ja vastaavat.<\/p>\n\n\n\n<p><br><strong>7 K\u00e4sittelyperuste<\/strong><br>Tutkimusjulkaisun julkaisseella organisaatiolla on oikeus k\u00e4sitell\u00e4, luovuttaa ja julkaista julkaisusta julkisia tietoja. Jyv\u00e4skyl\u00e4n ammattikorkeakoululla on velvollisuus toimittaa OKM:lle julkaisutoimintaa koskevat tiedot ammattikorkeakoululain 45 \u00a7:n mukaisesti (Ammattikorkeakoululaki (2014\/932). Henkil\u00f6tietojen k\u00e4sittely perustuu EU:n tietosuoja-asetuksen artikla 6 kohtaan 1e. K\u00e4sittely on tarpeen yleist\u00e4 etua koskevan teht\u00e4v\u00e4n suorittamiseksi.<\/p>\n\n\n\n<p><br><strong>8 S\u00e4\u00e4nn\u00f6nmukaiset tietol\u00e4hteet<\/strong><br>Jyv\u00e4skyl\u00e4n ammattikorkeakoulu siirt\u00e4\u00e4 palveluun henkil\u00f6st\u00f6ns\u00e4 tiedot HR-j\u00e4rjestelm\u00e4st\u00e4, joita ovat etunimi, sukunimi, s\u00e4hk\u00f6posti, organisaatiokohtainen yksil\u00f6iv\u00e4 tunniste ja alayksikk\u00f6. Julkaisuja koskevat henkil\u00f6tiedot (julkaisun tekij\u00e4listan mukaiset tiedot) saadaan joko henkil\u00f6lt\u00e4 itselt\u00e4\u00e4n tai toisen henkil\u00f6n ilmoittamana. Kirjaston henkil\u00f6st\u00f6 tarkistaa tiedot ilmoituksen perusteella.<\/p>\n\n\n\n<p><br><strong>9 S\u00e4\u00e4nn\u00f6nmukaiset tietojen luovutukset ja tietojen siirto EU:n tai Euroopan talousalueen ulkopuolelle<\/strong><br>Henkil\u00f6tietoja ei siirret\u00e4 EU:n tai ETA-alueen ulkopuolelle.<\/p>\n\n\n\n<p><br><strong>10 Rekisterin suojauksen periaatteet<\/strong><br>A Manuaalinen aineisto: Rekisteri ei sis\u00e4ll\u00e4 manuaalisesti ker\u00e4tt\u00e4v\u00e4\u00e4 aineistoa.<\/p>\n\n\n\n<p>B ATK:lle talletetut tiedot:<br>JUSTUS-palveluun ja sen lis\u00e4osaan Tutkimusaktiviteettien tallennuspalveluun kirjaudutaan Eduuni-ID-tunnuksella, josta palveluun tallentuvat k\u00e4ytt\u00e4j\u00e4n nimi, tunniste (uid), s\u00e4hk\u00f6postiosoite, organisaation domain, organisaatiotunnus ja rooli. K\u00e4ytt\u00e4j\u00e4tunnus edellytt\u00e4\u00e4 k\u00e4ytt\u00e4j\u00e4n ty\u00f6s\u00e4hk\u00f6postin rekister\u00f6imist\u00e4 Eduuni-palveluun. JUSTUS -palvelun k\u00e4ytt\u00f6 edellytt\u00e4\u00e4 HAKA-tunnistuksilla kirjautumista.<\/p>\n\n\n\n<p><br>CSC -Tieteen tietotekniikan keskus Oy on velvollinen huolehtimaan valtakunnallisesti keskitetyn Justus-palvelun asianmukaisuudesta, yll\u00e4pidosta, suojaamisesta, tietoturvallisuudesta ja tietojen s\u00e4ilytt\u00e4misest\u00e4 Tilaajan lukuun. Justus-palvelussa ei ole otettu viel\u00e4 kantaa siihen, kuinka kauan tieto s\u00e4ilyy ko. palvelussa sen siirrytty\u00e4 VIRTA-palveluun.<\/p>\n\n\n\n<p><\/p>\n\n\n\n<p><strong>11 Tietojen s\u00e4ilytt\u00e4minen<\/strong><br>Julkaisuihin liittyvi\u00e4 henkil\u00f6tietoja s\u00e4ilytet\u00e4\u00e4n toistaiseksi. Julkaisutietoja koskevia k\u00e4sittelylokitietoja s\u00e4ilytet\u00e4\u00e4n viisi vuotta k\u00e4sittelyvuoden p\u00e4\u00e4ttymisest\u00e4. Tekij\u00e4tietoja koskevia k\u00e4sittelylokitietoja s\u00e4ilytet\u00e4\u00e4n kuusi kuukautta k\u00e4sittelykuukauden p\u00e4\u00e4ttymisest\u00e4.<br>Tutkimusaktiviteettitietoja s\u00e4ilytet\u00e4\u00e4n toistaiseksi. Sopimuksen p\u00e4\u00e4ttyess\u00e4 tai purkautuessa CSC poistaa tutkimusaktiviteettien tallennuspalvelusta kuuden (6) kuukauden kuluessa palvelutilauksen p\u00e4\u00e4ttymisest\u00e4 kaikki henkil\u00f6tiedot, pois lukien k\u00e4ytt\u00f6turvallisuuslokit, joita s\u00e4ilytet\u00e4\u00e4n viisi (5) kalenterivuotta k\u00e4sittelyvuoden p\u00e4\u00e4ttymisest\u00e4 tietoturvarikkomusten varalta riippumatta palvelutilauksen voimassaolosta.<\/p>\n\n\n\n<p><br><strong>12 Profilointi ja automaattinen p\u00e4\u00e4t\u00f6ksenteko<\/strong><br>Henkil\u00f6tietoihin liittyv\u00e4\u00e4 automatisoitua profilointia ei tehd\u00e4.<\/p>\n\n\n\n<p><br><strong>13 Rekister\u00f6idyn oikeudet<\/strong><br>Rekister\u00f6ityn\u00e4 sinulla on:<br>\u2022 oikeus saada informaatiota henkil\u00f6tietojen k\u00e4sittelyst\u00e4<br>\u2022 oikeus saada p\u00e4\u00e4sy tietoihin<br>\u2022 oikeus oikaista tietoja<br>\u2022 oikeus rajoittaa tietojen k\u00e4sittely\u00e4<br>\u2022 henkil\u00f6tietojen oikaisua tai k\u00e4sittelyn rajoittamista koskeva ilmoitusvelvollisuus<br>\u2022 oikeus vastustaa tietojen k\u00e4sittely\u00e4<br>\u2022 oikeus olla johtumatta automaattisen p\u00e4\u00e4t\u00f6ksenteon kohteeksi ilman lainmukaista perustetta<br>\u2022 oikeus kysy\u00e4 omien tietojesi k\u00e4sittelyst\u00e4 ja oikeuksista: tietosuoja(a)jamk.fi<br>\u2022 oikeus tehd\u00e4 valitus valvontaviranomaiselle, yhteystiedot: https:\/\/tietosuoja.fi\/yhteystiedot<\/p>\n\n\n\n<p><br><strong>14 Yleinen kuvaus Justus -palvelun teknisist\u00e4 ja hallinnollisista suojatoimista<\/strong><br>JUSTUS-julkaisutietojen tallennuspalvelussa ja Tiedejatutkimus.fi-palvelussa henkil\u00f6tietoja suojataan asianmukaisia teknisin ja hallinnollisin toimin luvattomalta tai laittomalta k\u00e4sittelylt\u00e4 sek\u00e4 henkil\u00f6tietojen vahingoittumiselta tai h\u00e4vi\u00e4miselt\u00e4. T\u00e4llaisia keinoja ovat muun muassa palomuurien, salaustekniikoiden ja turvallisten laitetilojen k\u00e4ytt\u00f6, asianmukainen kulunvalvonta, hallittu k\u00e4ytt\u00f6oikeuksien my\u00f6nt\u00e4minen ja niiden k\u00e4yt\u00f6n valvonta, henkil\u00f6tietojen k\u00e4sittelyyn osallistuvan henkil\u00f6st\u00f6n ohjeistaminen sek\u00e4 tietoja k\u00e4sittelevien huolellinen valinta.<\/p>\n","protected":false},"excerpt":{"rendered":"<p>EU yleinen tietosuoja-asetus (2016\/679)P\u00e4ivitetty 3.4.2024 1 Rekisterin nimiJustus -tallennuspalvelu 2 Rekisterinpit\u00e4j\u00e4Jyv\u00e4skyl\u00e4n ammattikorkeakoulu OyPL 207, 40101 Jyv\u00e4skyl\u00e4+358 20 743 8100 3 Rekisterinpit\u00e4j\u00e4n yhteyshenkil\u00f6Rekisterist\u00e4 vastaava: TKI vararehtoriProsessista vastaava: Kirjastonjohtaja Rekisterin yhteyshenkil\u00f6: Informaatikko etunimi.sukunimi[at]jamk.fijulkaisurekisteri[at]jamk.fi 4 Rekisterinpit\u00e4j\u00e4n tietosuojavastaavaRekister\u00f6idyn oikeuksien toteuttamista koskevat pyynn\u00f6t osoitetaan rekisterinpit\u00e4j\u00e4n tietosuojavastaavalle: tietosuoja[at]jamk.fiKysy neuvoja ja ohjeita: tietosuoja[at]jamk.fi 5 Henkil\u00f6tietojen k\u00e4sittelyn tarkoitusRekisterin k\u00e4ytt\u00f6tarkoituksena on Jyv\u00e4skyl\u00e4n ammattikorkeakoulun henkil\u00f6st\u00f6n [&hellip;]<\/p>\n","protected":false},"author":178,"featured_media":0,"parent":513,"menu_order":0,"comment_status":"closed","ping_status":"closed","template":"","meta":{"_acf_changed":false,"_relevanssi_hide_post":"","_relevanssi_hide_content":"","_relevanssi_pin_for_all":"","_relevanssi_pin_keywords":"","_relevanssi_unpin_keywords":"","_relevanssi_related_keywords":"","_relevanssi_related_include_ids":"","_relevanssi_related_exclude_ids":"","_relevanssi_related_no_append":"","_relevanssi_related_not_related":"","_relevanssi_related_posts":"","_relevanssi_noindex_reason":"","footnotes":""},"categories":[],"tags":[],"class_list":["post-940","page","type-page","status-publish","hentry"],"acf":[],"yoast_head":"<!-- This site is optimized with the Yoast SEO plugin v27.3 - https:\/\/yoast.com\/product\/yoast-seo-wordpress\/ -->\n<title>Justus-tallennuspalvelu tietosuojaseloste - Tietosuoja<\/title>\n<meta name=\"robots\" content=\"index, follow, max-snippet:-1, max-image-preview:large, max-video-preview:-1\" \/>\n<link rel=\"canonical\" href=\"https:\/\/help.jamk.fi\/tietosuoja\/fi\/kirjasto\/justus-tallennuspalvelu-tietosuojaseloste\/\" \/>\n<meta property=\"og:locale\" content=\"fi_FI\" \/>\n<meta property=\"og:type\" content=\"article\" \/>\n<meta property=\"og:title\" content=\"Justus-tallennuspalvelu tietosuojaseloste - Tietosuoja\" \/>\n<meta property=\"og:description\" content=\"EU yleinen tietosuoja-asetus (2016\/679)P\u00e4ivitetty 3.4.2024 1 Rekisterin nimiJustus -tallennuspalvelu 2 Rekisterinpit\u00e4j\u00e4Jyv\u00e4skyl\u00e4n ammattikorkeakoulu OyPL 207, 40101 Jyv\u00e4skyl\u00e4+358 20 743 8100 3 Rekisterinpit\u00e4j\u00e4n yhteyshenkil\u00f6Rekisterist\u00e4 vastaava: TKI vararehtoriProsessista vastaava: Kirjastonjohtaja Rekisterin yhteyshenkil\u00f6: Informaatikko etunimi.sukunimi[at]jamk.fijulkaisurekisteri[at]jamk.fi 4 Rekisterinpit\u00e4j\u00e4n tietosuojavastaavaRekister\u00f6idyn oikeuksien toteuttamista koskevat pyynn\u00f6t osoitetaan rekisterinpit\u00e4j\u00e4n tietosuojavastaavalle: tietosuoja[at]jamk.fiKysy neuvoja ja ohjeita: tietosuoja[at]jamk.fi 5 Henkil\u00f6tietojen k\u00e4sittelyn tarkoitusRekisterin k\u00e4ytt\u00f6tarkoituksena on Jyv\u00e4skyl\u00e4n ammattikorkeakoulun henkil\u00f6st\u00f6n [&hellip;]\" \/>\n<meta property=\"og:url\" content=\"https:\/\/help.jamk.fi\/tietosuoja\/fi\/kirjasto\/justus-tallennuspalvelu-tietosuojaseloste\/\" \/>\n<meta property=\"og:site_name\" content=\"Tietosuoja\" \/>\n<meta property=\"article:modified_time\" content=\"2024-04-03T10:18:31+00:00\" \/>\n<meta name=\"twitter:card\" content=\"summary_large_image\" \/>\n<meta name=\"twitter:label1\" content=\"Arvioitu lukuaika\" \/>\n\t<meta name=\"twitter:data1\" content=\"5 minuuttia\" \/>\n<script type=\"application\/ld+json\" class=\"yoast-schema-graph\">{\"@context\":\"https:\\\/\\\/schema.org\",\"@graph\":[{\"@type\":\"WebPage\",\"@id\":\"https:\\\/\\\/help.jamk.fi\\\/tietosuoja\\\/fi\\\/kirjasto\\\/justus-tallennuspalvelu-tietosuojaseloste\\\/\",\"url\":\"https:\\\/\\\/help.jamk.fi\\\/tietosuoja\\\/fi\\\/kirjasto\\\/justus-tallennuspalvelu-tietosuojaseloste\\\/\",\"name\":\"Justus-tallennuspalvelu tietosuojaseloste - Tietosuoja\",\"isPartOf\":{\"@id\":\"https:\\\/\\\/help.jamk.fi\\\/tietosuoja\\\/#website\"},\"datePublished\":\"2024-04-03T10:18:30+00:00\",\"dateModified\":\"2024-04-03T10:18:31+00:00\",\"breadcrumb\":{\"@id\":\"https:\\\/\\\/help.jamk.fi\\\/tietosuoja\\\/fi\\\/kirjasto\\\/justus-tallennuspalvelu-tietosuojaseloste\\\/#breadcrumb\"},\"inLanguage\":\"fi\",\"potentialAction\":[{\"@type\":\"ReadAction\",\"target\":[\"https:\\\/\\\/help.jamk.fi\\\/tietosuoja\\\/fi\\\/kirjasto\\\/justus-tallennuspalvelu-tietosuojaseloste\\\/\"]}]},{\"@type\":\"BreadcrumbList\",\"@id\":\"https:\\\/\\\/help.jamk.fi\\\/tietosuoja\\\/fi\\\/kirjasto\\\/justus-tallennuspalvelu-tietosuojaseloste\\\/#breadcrumb\",\"itemListElement\":[{\"@type\":\"ListItem\",\"position\":1,\"name\":\"Etusivu\",\"item\":\"https:\\\/\\\/help.jamk.fi\\\/tietosuoja\\\/fi\\\/\"},{\"@type\":\"ListItem\",\"position\":2,\"name\":\"Kirjasto\",\"item\":\"https:\\\/\\\/help.jamk.fi\\\/tietosuoja\\\/fi\\\/kirjasto\\\/\"},{\"@type\":\"ListItem\",\"position\":3,\"name\":\"Justus-tallennuspalvelu tietosuojaseloste\"}]},{\"@type\":\"WebSite\",\"@id\":\"https:\\\/\\\/help.jamk.fi\\\/tietosuoja\\\/#website\",\"url\":\"https:\\\/\\\/help.jamk.fi\\\/tietosuoja\\\/\",\"name\":\"Tietosuoja\",\"description\":\"\",\"potentialAction\":[{\"@type\":\"SearchAction\",\"target\":{\"@type\":\"EntryPoint\",\"urlTemplate\":\"https:\\\/\\\/help.jamk.fi\\\/tietosuoja\\\/?s={search_term_string}\"},\"query-input\":{\"@type\":\"PropertyValueSpecification\",\"valueRequired\":true,\"valueName\":\"search_term_string\"}}],\"inLanguage\":\"fi\"}]}<\/script>\n<!-- \/ Yoast SEO plugin. -->","yoast_head_json":{"title":"Justus-tallennuspalvelu tietosuojaseloste - Tietosuoja","robots":{"index":"index","follow":"follow","max-snippet":"max-snippet:-1","max-image-preview":"max-image-preview:large","max-video-preview":"max-video-preview:-1"},"canonical":"https:\/\/help.jamk.fi\/tietosuoja\/fi\/kirjasto\/justus-tallennuspalvelu-tietosuojaseloste\/","og_locale":"fi_FI","og_type":"article","og_title":"Justus-tallennuspalvelu tietosuojaseloste - Tietosuoja","og_description":"EU yleinen tietosuoja-asetus (2016\/679)P\u00e4ivitetty 3.4.2024 1 Rekisterin nimiJustus -tallennuspalvelu 2 Rekisterinpit\u00e4j\u00e4Jyv\u00e4skyl\u00e4n ammattikorkeakoulu OyPL 207, 40101 Jyv\u00e4skyl\u00e4+358 20 743 8100 3 Rekisterinpit\u00e4j\u00e4n yhteyshenkil\u00f6Rekisterist\u00e4 vastaava: TKI vararehtoriProsessista vastaava: Kirjastonjohtaja Rekisterin yhteyshenkil\u00f6: Informaatikko etunimi.sukunimi[at]jamk.fijulkaisurekisteri[at]jamk.fi 4 Rekisterinpit\u00e4j\u00e4n tietosuojavastaavaRekister\u00f6idyn oikeuksien toteuttamista koskevat pyynn\u00f6t osoitetaan rekisterinpit\u00e4j\u00e4n tietosuojavastaavalle: tietosuoja[at]jamk.fiKysy neuvoja ja ohjeita: tietosuoja[at]jamk.fi 5 Henkil\u00f6tietojen k\u00e4sittelyn tarkoitusRekisterin k\u00e4ytt\u00f6tarkoituksena on Jyv\u00e4skyl\u00e4n ammattikorkeakoulun henkil\u00f6st\u00f6n [&hellip;]","og_url":"https:\/\/help.jamk.fi\/tietosuoja\/fi\/kirjasto\/justus-tallennuspalvelu-tietosuojaseloste\/","og_site_name":"Tietosuoja","article_modified_time":"2024-04-03T10:18:31+00:00","twitter_card":"summary_large_image","twitter_misc":{"Arvioitu lukuaika":"5 minuuttia"},"schema":{"@context":"https:\/\/schema.org","@graph":[{"@type":"WebPage","@id":"https:\/\/help.jamk.fi\/tietosuoja\/fi\/kirjasto\/justus-tallennuspalvelu-tietosuojaseloste\/","url":"https:\/\/help.jamk.fi\/tietosuoja\/fi\/kirjasto\/justus-tallennuspalvelu-tietosuojaseloste\/","name":"Justus-tallennuspalvelu tietosuojaseloste - Tietosuoja","isPartOf":{"@id":"https:\/\/help.jamk.fi\/tietosuoja\/#website"},"datePublished":"2024-04-03T10:18:30+00:00","dateModified":"2024-04-03T10:18:31+00:00","breadcrumb":{"@id":"https:\/\/help.jamk.fi\/tietosuoja\/fi\/kirjasto\/justus-tallennuspalvelu-tietosuojaseloste\/#breadcrumb"},"inLanguage":"fi","potentialAction":[{"@type":"ReadAction","target":["https:\/\/help.jamk.fi\/tietosuoja\/fi\/kirjasto\/justus-tallennuspalvelu-tietosuojaseloste\/"]}]},{"@type":"BreadcrumbList","@id":"https:\/\/help.jamk.fi\/tietosuoja\/fi\/kirjasto\/justus-tallennuspalvelu-tietosuojaseloste\/#breadcrumb","itemListElement":[{"@type":"ListItem","position":1,"name":"Etusivu","item":"https:\/\/help.jamk.fi\/tietosuoja\/fi\/"},{"@type":"ListItem","position":2,"name":"Kirjasto","item":"https:\/\/help.jamk.fi\/tietosuoja\/fi\/kirjasto\/"},{"@type":"ListItem","position":3,"name":"Justus-tallennuspalvelu tietosuojaseloste"}]},{"@type":"WebSite","@id":"https:\/\/help.jamk.fi\/tietosuoja\/#website","url":"https:\/\/help.jamk.fi\/tietosuoja\/","name":"Tietosuoja","description":"","potentialAction":[{"@type":"SearchAction","target":{"@type":"EntryPoint","urlTemplate":"https:\/\/help.jamk.fi\/tietosuoja\/?s={search_term_string}"},"query-input":{"@type":"PropertyValueSpecification","valueRequired":true,"valueName":"search_term_string"}}],"inLanguage":"fi"}]}},"_links":{"self":[{"href":"https:\/\/help.jamk.fi\/tietosuoja\/wp-json\/wp\/v2\/pages\/940","targetHints":{"allow":["GET"]}}],"collection":[{"href":"https:\/\/help.jamk.fi\/tietosuoja\/wp-json\/wp\/v2\/pages"}],"about":[{"href":"https:\/\/help.jamk.fi\/tietosuoja\/wp-json\/wp\/v2\/types\/page"}],"author":[{"embeddable":true,"href":"https:\/\/help.jamk.fi\/tietosuoja\/wp-json\/wp\/v2\/users\/178"}],"replies":[{"embeddable":true,"href":"https:\/\/help.jamk.fi\/tietosuoja\/wp-json\/wp\/v2\/comments?post=940"}],"version-history":[{"count":1,"href":"https:\/\/help.jamk.fi\/tietosuoja\/wp-json\/wp\/v2\/pages\/940\/revisions"}],"predecessor-version":[{"id":941,"href":"https:\/\/help.jamk.fi\/tietosuoja\/wp-json\/wp\/v2\/pages\/940\/revisions\/941"}],"up":[{"embeddable":true,"href":"https:\/\/help.jamk.fi\/tietosuoja\/wp-json\/wp\/v2\/pages\/513"}],"wp:attachment":[{"href":"https:\/\/help.jamk.fi\/tietosuoja\/wp-json\/wp\/v2\/media?parent=940"}],"wp:term":[{"taxonomy":"category","embeddable":true,"href":"https:\/\/help.jamk.fi\/tietosuoja\/wp-json\/wp\/v2\/categories?post=940"},{"taxonomy":"post_tag","embeddable":true,"href":"https:\/\/help.jamk.fi\/tietosuoja\/wp-json\/wp\/v2\/tags?post=940"}],"curies":[{"name":"wp","href":"https:\/\/api.w.org\/{rel}","templated":true}]}}