{"id":950,"date":"2024-05-07T10:59:32","date_gmt":"2024-05-07T07:59:32","guid":{"rendered":"https:\/\/help.jamk.fi\/tietosuoja\/?page_id=950"},"modified":"2024-05-07T10:59:32","modified_gmt":"2024-05-07T07:59:32","slug":"kulunvalvonta-tietosuojaseloste","status":"publish","type":"page","link":"https:\/\/help.jamk.fi\/tietosuoja\/fi\/turvallisuus\/kulunvalvonta-tietosuojaseloste\/","title":{"rendered":"Kulunvalvonta tietosuojaseloste"},"content":{"rendered":"\n<p><strong>Tietosuojaseloste \u2013 Kulunvalvonta (JAMK)<\/strong><br><\/p>\n\n\n\n<p>EU yleinen tietosuoja-asetus (2016\/679)<br><\/p>\n\n\n\n<p><strong>1 Rekisterin nimi<\/strong><\/p>\n\n\n\n<p>Jyv\u00e4skyl\u00e4n ammattikorkeakoulun kulunvalvontaj\u00e4rjestelm\u00e4, Security Expert<br><\/p>\n\n\n\n<p><strong>2 Rekisterinpit\u00e4j\u00e4<\/strong><br>Jyv\u00e4skyl\u00e4n Ammattikorkeakoulu oy<br>PL 207, 40101 Jyv\u00e4skyl\u00e4<br>+358 20 743 8100<br><\/p>\n\n\n\n<p><strong>3 Yhteyshenkil\u00f6 rekisteri\u00e4 koskevissa asioissa, yhteystiedot virka-aikana<\/strong><\/p>\n\n\n\n<p>\u2022 Rekisterist\u00e4 vastaava johtaja: Hallintojohtaja<br>\u2022 Rekisterin yhteyshenkil\u00f6t: Sis\u00e4ll\u00f6llinen p\u00e4\u00e4k\u00e4ytt\u00e4j\u00e4 turvallisuuskoordinaattori\/vahtimestarit<br>\u2022 Tekninen p\u00e4\u00e4k\u00e4ytt\u00e4j\u00e4 j\u00e4rjestelm\u00e4suunnittelija ICT-palvelut<br>etunimi.sukunimi@jamk.fi<\/p>\n\n\n\n<p><strong>4 Henkil\u00f6tietojen k\u00e4sittelyn tarkoitus<\/strong><\/p>\n\n\n\n<p>Jamk ker\u00e4\u00e4 rekisterinpit\u00e4j\u00e4n\u00e4 henkil\u00f6st\u00f6n, opiskelijoiden ja yhteisty\u00f6kumppaneiden (kiinteist\u00f6nhoito, siivous, ravintola, urakoitsijat) henkil\u00f6tietoja kulun-valvontaj\u00e4rjestelm\u00e4\u00e4n (Schneider Electric, Security Expert), jonka toimittaja on BLC Turva. Henkil\u00f6tietojen k\u00e4sittelyn tarkoitus on kulunvalvonta (aikaohjaus, ovet, kulkualueet). Kulkuoikeusohjelmalla m\u00e4\u00e4ritell\u00e4\u00e4n mist\u00e4 ovista kulku on sallittu ja milloin kulkuoikeudet ovat voimassa. Kulunvalvontaj\u00e4rjestelm\u00e4n avulla henkil\u00f6iden kulkuoikeudet kohdistetaan tarkoituksenmukaisille alueille ja estet\u00e4\u00e4n asiaton liikkuminen ammattikorkeakoulun tiloissa.<br>Kulunvalvonnan tarkoituksena on my\u00f6s ammattikorkeakoulun yleis-, opetus- ja laitetiloissa sijaitsevaan omaisuuteen kohdistuvien rikosten ja vahingontekojen ehk\u00e4iseminen ja aiheutettujen vahinkojen vastuukysymysten selvitt\u00e4minen sek\u00e4 muiden rikkomusten est\u00e4minen ja selvitt\u00e4minen.<\/p>\n\n\n\n<p><\/p>\n\n\n\n<p><strong>5 Rekisterin tietosis\u00e4lt\u00f6<\/strong><\/p>\n\n\n\n<p><br>Kulunvalvontaan k\u00e4ytett\u00e4v\u00e4\u00e4n j\u00e4rjestelm\u00e4\u00e4n kirjautuu henkil\u00f6n yksil\u00f6imiseen ja kulkuroolin my\u00f6nt\u00e4miseen tarvittavat tiedot. Tietoja ovat: nimi, teht\u00e4v\u00e4nimike, puhelinnumero, ty\u00f6suhteen voimassaoloaika, kustannuspaikka ja esihenkil\u00f6n nimi.<\/p>\n\n\n\n<p><\/p>\n\n\n\n<p><strong>6 K\u00e4sittelyperuste<\/strong><\/p>\n\n\n\n<p><br>Lakis\u00e4\u00e4teinen velvoite<\/p>\n\n\n\n<p><strong>7 S\u00e4\u00e4nn\u00f6nmukaiset tietol\u00e4hteet<\/strong><\/p>\n\n\n\n<p>Rekister\u00f6ity\u00e4 koskevat tiedot saadaan esihenkil\u00f6lt\u00e4 ja hakijalta itselt\u00e4\u00e4n allekirjoitettavalla lomakkeella (avainhakemus).<\/p>\n\n\n\n<p><br><strong>8 S\u00e4\u00e4nn\u00f6nmukaiset tietojen luovutukset ja tietojen siirto EU:n tai Euroopan talousalueen ulkopuolelle<\/strong><br>Tietoja ei luovuteta s\u00e4\u00e4nn\u00f6nmukaisesti kolmansille tahoille. Tietoja ei siirret\u00e4 EU:n tai ETA-alueen ulkopuolelle eik\u00e4 kansainv\u00e4lisille j\u00e4rjest\u00f6ille<br>Kulunvalvontatietoja voidaan luovuttaa ammattikorkeakoulun sis\u00e4isen turvallisuuden valvonnan toteuttamiseen tai luovuttaa poliisille esitutkintamateriaaliksi.<\/p>\n\n\n\n<p><\/p>\n\n\n\n<p><strong>9 Rekisterin suojauksen periaatteet<\/strong><br>J\u00e4rjestelm\u00e4, mihin henkil\u00f6tietoja ker\u00e4t\u00e4\u00e4n, on suojattu salasanalla. Jokaiselle henkil\u00f6tietojen k\u00e4sittelyyn oikeutetulle henkil\u00f6lle on luotu oma yksil\u00f6llinen salasana, jonka k\u00e4ytt\u00f6\u00e4 on mahdollista valvoa. Avainhakemuslomakkeita s\u00e4ilytet\u00e4\u00e4n lukitussa kaapissa kulunvalvonnalla suojatuissa tiloissa.<\/p>\n\n\n\n<p><\/p>\n\n\n\n<p><strong>10 Henkil\u00f6tietojen s\u00e4ilytt\u00e4misaika tai s\u00e4ilytt\u00e4misajan m\u00e4\u00e4ritt\u00e4miskriteerit<\/strong><\/p>\n\n\n\n<p>Tietoja s\u00e4ilytet\u00e4\u00e4n j\u00e4rjestelm\u00e4ss\u00e4 henkil\u00f6n ty\u00f6suhteen keston ajan. Kulunvalvonnasta kertyv\u00e4\u00e4 tietoa s\u00e4ilytet\u00e4\u00e4n 5 vuotta viranomaisten suosituksen mukaan ja sen perusteena on rikosoikeudellinen vanhentumisaika.<br>Avaintenhallintaa varten ker\u00e4tt\u00e4vi\u00e4 avainhakemuslomakkeita s\u00e4ilytet\u00e4\u00e4n 25 vuotta, tiedonohjaussuunnitelmaan kirjattu. Lyhytaikaista hallussapitoa koskevien lomakkeiden s\u00e4ilytysaika on 6 vuotta (tweb).<\/p>\n\n\n\n<p><strong>11 Profilointi ja automaattinen p\u00e4\u00e4t\u00f6ksenteko<\/strong><br>Henkil\u00f6tietoihin liittyv\u00e4\u00e4 automatisoitua profilointia ei tehd\u00e4.<\/p>\n\n\n\n<p><strong>12 Rekister\u00f6idyn oikeudet<\/strong><\/p>\n\n\n\n<p>Lis\u00e4tietoa tietosuojavastaavasta ja rekister\u00f6idyn oikeuksista ja niiden toteuttamisesta kerrotaan Jamkin tietosuojalausekkeessa ja Rekister\u00f6idyn oikeudet-sivulla.<\/p>\n","protected":false},"excerpt":{"rendered":"<p>Tietosuojaseloste \u2013 Kulunvalvonta (JAMK) EU yleinen tietosuoja-asetus (2016\/679) 1 Rekisterin nimi Jyv\u00e4skyl\u00e4n ammattikorkeakoulun kulunvalvontaj\u00e4rjestelm\u00e4, Security Expert 2 Rekisterinpit\u00e4j\u00e4Jyv\u00e4skyl\u00e4n Ammattikorkeakoulu oyPL 207, 40101 Jyv\u00e4skyl\u00e4+358 20 743 8100 3 Yhteyshenkil\u00f6 rekisteri\u00e4 koskevissa asioissa, yhteystiedot virka-aikana \u2022 Rekisterist\u00e4 vastaava johtaja: Hallintojohtaja\u2022 Rekisterin yhteyshenkil\u00f6t: Sis\u00e4ll\u00f6llinen p\u00e4\u00e4k\u00e4ytt\u00e4j\u00e4 turvallisuuskoordinaattori\/vahtimestarit\u2022 Tekninen p\u00e4\u00e4k\u00e4ytt\u00e4j\u00e4 j\u00e4rjestelm\u00e4suunnittelija ICT-palvelutetunimi.sukunimi@jamk.fi 4 Henkil\u00f6tietojen k\u00e4sittelyn tarkoitus Jamk ker\u00e4\u00e4 rekisterinpit\u00e4j\u00e4n\u00e4 henkil\u00f6st\u00f6n, [&hellip;]<\/p>\n","protected":false},"author":178,"featured_media":0,"parent":550,"menu_order":0,"comment_status":"closed","ping_status":"closed","template":"","meta":{"_acf_changed":false,"_relevanssi_hide_post":"","_relevanssi_hide_content":"","_relevanssi_pin_for_all":"","_relevanssi_pin_keywords":"","_relevanssi_unpin_keywords":"","_relevanssi_related_keywords":"","_relevanssi_related_include_ids":"","_relevanssi_related_exclude_ids":"","_relevanssi_related_no_append":"","_relevanssi_related_not_related":"","_relevanssi_related_posts":"","_relevanssi_noindex_reason":"","footnotes":""},"categories":[],"tags":[],"class_list":["post-950","page","type-page","status-publish","hentry"],"acf":[],"yoast_head":"<!-- This site is optimized with the Yoast SEO plugin v27.3 - https:\/\/yoast.com\/product\/yoast-seo-wordpress\/ -->\n<title>Kulunvalvonta tietosuojaseloste - Tietosuoja<\/title>\n<meta name=\"robots\" content=\"index, follow, max-snippet:-1, max-image-preview:large, max-video-preview:-1\" \/>\n<link rel=\"canonical\" href=\"https:\/\/help.jamk.fi\/tietosuoja\/fi\/turvallisuus\/kulunvalvonta-tietosuojaseloste\/\" \/>\n<meta property=\"og:locale\" content=\"fi_FI\" \/>\n<meta property=\"og:type\" content=\"article\" \/>\n<meta property=\"og:title\" content=\"Kulunvalvonta tietosuojaseloste - Tietosuoja\" \/>\n<meta property=\"og:description\" content=\"Tietosuojaseloste \u2013 Kulunvalvonta (JAMK) EU yleinen tietosuoja-asetus (2016\/679) 1 Rekisterin nimi Jyv\u00e4skyl\u00e4n ammattikorkeakoulun kulunvalvontaj\u00e4rjestelm\u00e4, Security Expert 2 Rekisterinpit\u00e4j\u00e4Jyv\u00e4skyl\u00e4n Ammattikorkeakoulu oyPL 207, 40101 Jyv\u00e4skyl\u00e4+358 20 743 8100 3 Yhteyshenkil\u00f6 rekisteri\u00e4 koskevissa asioissa, yhteystiedot virka-aikana \u2022 Rekisterist\u00e4 vastaava johtaja: Hallintojohtaja\u2022 Rekisterin yhteyshenkil\u00f6t: Sis\u00e4ll\u00f6llinen p\u00e4\u00e4k\u00e4ytt\u00e4j\u00e4 turvallisuuskoordinaattori\/vahtimestarit\u2022 Tekninen p\u00e4\u00e4k\u00e4ytt\u00e4j\u00e4 j\u00e4rjestelm\u00e4suunnittelija ICT-palvelutetunimi.sukunimi@jamk.fi 4 Henkil\u00f6tietojen k\u00e4sittelyn tarkoitus Jamk ker\u00e4\u00e4 rekisterinpit\u00e4j\u00e4n\u00e4 henkil\u00f6st\u00f6n, [&hellip;]\" \/>\n<meta property=\"og:url\" content=\"https:\/\/help.jamk.fi\/tietosuoja\/fi\/turvallisuus\/kulunvalvonta-tietosuojaseloste\/\" \/>\n<meta property=\"og:site_name\" content=\"Tietosuoja\" \/>\n<meta name=\"twitter:card\" content=\"summary_large_image\" \/>\n<meta name=\"twitter:label1\" content=\"Arvioitu lukuaika\" \/>\n\t<meta name=\"twitter:data1\" content=\"3 minuuttia\" \/>\n<script type=\"application\/ld+json\" class=\"yoast-schema-graph\">{\"@context\":\"https:\\\/\\\/schema.org\",\"@graph\":[{\"@type\":\"WebPage\",\"@id\":\"https:\\\/\\\/help.jamk.fi\\\/tietosuoja\\\/fi\\\/turvallisuus\\\/kulunvalvonta-tietosuojaseloste\\\/\",\"url\":\"https:\\\/\\\/help.jamk.fi\\\/tietosuoja\\\/fi\\\/turvallisuus\\\/kulunvalvonta-tietosuojaseloste\\\/\",\"name\":\"Kulunvalvonta tietosuojaseloste - Tietosuoja\",\"isPartOf\":{\"@id\":\"https:\\\/\\\/help.jamk.fi\\\/tietosuoja\\\/#website\"},\"datePublished\":\"2024-05-07T07:59:32+00:00\",\"breadcrumb\":{\"@id\":\"https:\\\/\\\/help.jamk.fi\\\/tietosuoja\\\/fi\\\/turvallisuus\\\/kulunvalvonta-tietosuojaseloste\\\/#breadcrumb\"},\"inLanguage\":\"fi\",\"potentialAction\":[{\"@type\":\"ReadAction\",\"target\":[\"https:\\\/\\\/help.jamk.fi\\\/tietosuoja\\\/fi\\\/turvallisuus\\\/kulunvalvonta-tietosuojaseloste\\\/\"]}]},{\"@type\":\"BreadcrumbList\",\"@id\":\"https:\\\/\\\/help.jamk.fi\\\/tietosuoja\\\/fi\\\/turvallisuus\\\/kulunvalvonta-tietosuojaseloste\\\/#breadcrumb\",\"itemListElement\":[{\"@type\":\"ListItem\",\"position\":1,\"name\":\"Etusivu\",\"item\":\"https:\\\/\\\/help.jamk.fi\\\/tietosuoja\\\/fi\\\/\"},{\"@type\":\"ListItem\",\"position\":2,\"name\":\"Turvallisuus\",\"item\":\"https:\\\/\\\/help.jamk.fi\\\/tietosuoja\\\/fi\\\/turvallisuus\\\/\"},{\"@type\":\"ListItem\",\"position\":3,\"name\":\"Kulunvalvonta tietosuojaseloste\"}]},{\"@type\":\"WebSite\",\"@id\":\"https:\\\/\\\/help.jamk.fi\\\/tietosuoja\\\/#website\",\"url\":\"https:\\\/\\\/help.jamk.fi\\\/tietosuoja\\\/\",\"name\":\"Tietosuoja\",\"description\":\"\",\"potentialAction\":[{\"@type\":\"SearchAction\",\"target\":{\"@type\":\"EntryPoint\",\"urlTemplate\":\"https:\\\/\\\/help.jamk.fi\\\/tietosuoja\\\/?s={search_term_string}\"},\"query-input\":{\"@type\":\"PropertyValueSpecification\",\"valueRequired\":true,\"valueName\":\"search_term_string\"}}],\"inLanguage\":\"fi\"}]}<\/script>\n<!-- \/ Yoast SEO plugin. -->","yoast_head_json":{"title":"Kulunvalvonta tietosuojaseloste - Tietosuoja","robots":{"index":"index","follow":"follow","max-snippet":"max-snippet:-1","max-image-preview":"max-image-preview:large","max-video-preview":"max-video-preview:-1"},"canonical":"https:\/\/help.jamk.fi\/tietosuoja\/fi\/turvallisuus\/kulunvalvonta-tietosuojaseloste\/","og_locale":"fi_FI","og_type":"article","og_title":"Kulunvalvonta tietosuojaseloste - Tietosuoja","og_description":"Tietosuojaseloste \u2013 Kulunvalvonta (JAMK) EU yleinen tietosuoja-asetus (2016\/679) 1 Rekisterin nimi Jyv\u00e4skyl\u00e4n ammattikorkeakoulun kulunvalvontaj\u00e4rjestelm\u00e4, Security Expert 2 Rekisterinpit\u00e4j\u00e4Jyv\u00e4skyl\u00e4n Ammattikorkeakoulu oyPL 207, 40101 Jyv\u00e4skyl\u00e4+358 20 743 8100 3 Yhteyshenkil\u00f6 rekisteri\u00e4 koskevissa asioissa, yhteystiedot virka-aikana \u2022 Rekisterist\u00e4 vastaava johtaja: Hallintojohtaja\u2022 Rekisterin yhteyshenkil\u00f6t: Sis\u00e4ll\u00f6llinen p\u00e4\u00e4k\u00e4ytt\u00e4j\u00e4 turvallisuuskoordinaattori\/vahtimestarit\u2022 Tekninen p\u00e4\u00e4k\u00e4ytt\u00e4j\u00e4 j\u00e4rjestelm\u00e4suunnittelija ICT-palvelutetunimi.sukunimi@jamk.fi 4 Henkil\u00f6tietojen k\u00e4sittelyn tarkoitus Jamk ker\u00e4\u00e4 rekisterinpit\u00e4j\u00e4n\u00e4 henkil\u00f6st\u00f6n, [&hellip;]","og_url":"https:\/\/help.jamk.fi\/tietosuoja\/fi\/turvallisuus\/kulunvalvonta-tietosuojaseloste\/","og_site_name":"Tietosuoja","twitter_card":"summary_large_image","twitter_misc":{"Arvioitu lukuaika":"3 minuuttia"},"schema":{"@context":"https:\/\/schema.org","@graph":[{"@type":"WebPage","@id":"https:\/\/help.jamk.fi\/tietosuoja\/fi\/turvallisuus\/kulunvalvonta-tietosuojaseloste\/","url":"https:\/\/help.jamk.fi\/tietosuoja\/fi\/turvallisuus\/kulunvalvonta-tietosuojaseloste\/","name":"Kulunvalvonta tietosuojaseloste - Tietosuoja","isPartOf":{"@id":"https:\/\/help.jamk.fi\/tietosuoja\/#website"},"datePublished":"2024-05-07T07:59:32+00:00","breadcrumb":{"@id":"https:\/\/help.jamk.fi\/tietosuoja\/fi\/turvallisuus\/kulunvalvonta-tietosuojaseloste\/#breadcrumb"},"inLanguage":"fi","potentialAction":[{"@type":"ReadAction","target":["https:\/\/help.jamk.fi\/tietosuoja\/fi\/turvallisuus\/kulunvalvonta-tietosuojaseloste\/"]}]},{"@type":"BreadcrumbList","@id":"https:\/\/help.jamk.fi\/tietosuoja\/fi\/turvallisuus\/kulunvalvonta-tietosuojaseloste\/#breadcrumb","itemListElement":[{"@type":"ListItem","position":1,"name":"Etusivu","item":"https:\/\/help.jamk.fi\/tietosuoja\/fi\/"},{"@type":"ListItem","position":2,"name":"Turvallisuus","item":"https:\/\/help.jamk.fi\/tietosuoja\/fi\/turvallisuus\/"},{"@type":"ListItem","position":3,"name":"Kulunvalvonta tietosuojaseloste"}]},{"@type":"WebSite","@id":"https:\/\/help.jamk.fi\/tietosuoja\/#website","url":"https:\/\/help.jamk.fi\/tietosuoja\/","name":"Tietosuoja","description":"","potentialAction":[{"@type":"SearchAction","target":{"@type":"EntryPoint","urlTemplate":"https:\/\/help.jamk.fi\/tietosuoja\/?s={search_term_string}"},"query-input":{"@type":"PropertyValueSpecification","valueRequired":true,"valueName":"search_term_string"}}],"inLanguage":"fi"}]}},"_links":{"self":[{"href":"https:\/\/help.jamk.fi\/tietosuoja\/wp-json\/wp\/v2\/pages\/950","targetHints":{"allow":["GET"]}}],"collection":[{"href":"https:\/\/help.jamk.fi\/tietosuoja\/wp-json\/wp\/v2\/pages"}],"about":[{"href":"https:\/\/help.jamk.fi\/tietosuoja\/wp-json\/wp\/v2\/types\/page"}],"author":[{"embeddable":true,"href":"https:\/\/help.jamk.fi\/tietosuoja\/wp-json\/wp\/v2\/users\/178"}],"replies":[{"embeddable":true,"href":"https:\/\/help.jamk.fi\/tietosuoja\/wp-json\/wp\/v2\/comments?post=950"}],"version-history":[{"count":1,"href":"https:\/\/help.jamk.fi\/tietosuoja\/wp-json\/wp\/v2\/pages\/950\/revisions"}],"predecessor-version":[{"id":951,"href":"https:\/\/help.jamk.fi\/tietosuoja\/wp-json\/wp\/v2\/pages\/950\/revisions\/951"}],"up":[{"embeddable":true,"href":"https:\/\/help.jamk.fi\/tietosuoja\/wp-json\/wp\/v2\/pages\/550"}],"wp:attachment":[{"href":"https:\/\/help.jamk.fi\/tietosuoja\/wp-json\/wp\/v2\/media?parent=950"}],"wp:term":[{"taxonomy":"category","embeddable":true,"href":"https:\/\/help.jamk.fi\/tietosuoja\/wp-json\/wp\/v2\/categories?post=950"},{"taxonomy":"post_tag","embeddable":true,"href":"https:\/\/help.jamk.fi\/tietosuoja\/wp-json\/wp\/v2\/tags?post=950"}],"curies":[{"name":"wp","href":"https:\/\/api.w.org\/{rel}","templated":true}]}}