{"id":957,"date":"2024-05-14T08:33:40","date_gmt":"2024-05-14T05:33:40","guid":{"rendered":"https:\/\/help.jamk.fi\/tietosuoja\/?page_id=957"},"modified":"2024-05-14T08:33:40","modified_gmt":"2024-05-14T05:33:40","slug":"tki-osaamisen-ja-monituottajamallin-kehittaminen-sotepalveluyrityksissa-osmoks-hankkeen-tietosuojaseloste","status":"publish","type":"page","link":"https:\/\/help.jamk.fi\/tietosuoja\/fi\/tki-hankkeet\/tki-osaamisen-ja-monituottajamallin-kehittaminen-sotepalveluyrityksissa-osmoks-hankkeen-tietosuojaseloste\/","title":{"rendered":"TKI-osaamisen ja monituottajamallin kehitt\u00e4minen sotepalveluyrityksiss\u00e4\u201d (OsmoKS)-hankkeen tietosuojaseloste"},"content":{"rendered":"\n<p><strong>1 Rekisterin nimi <\/strong><\/p>\n\n\n\n<p>TKI-osaamisen ja monituottajamallin kehitt\u00e4minen sotepalveluyrityksiss\u00e4 (OsmoKS)-hankkeen henkil\u00f6rekisteri<br><\/p>\n\n\n\n<p><strong>2 Rekisterinpit\u00e4j\u00e4 <\/strong><\/p>\n\n\n\n<p>Jyv\u00e4skyl\u00e4n ammattikorkeakoulu Oy<br>PL 207, 40101 Jyv\u00e4skyl\u00e4<br>tietosuoja@jamk.fi<\/p>\n\n\n\n<p><strong>3 Yhteyshenkil\u00f6 rekisteri\u00e4 koskevissa asioissa, yhteystiedot virka-aikana<\/strong> <\/p>\n\n\n\n<p>Jaana Paltamaa, vanhempi tutkija<br>Jyv\u00e4skyl\u00e4n ammattikorkeakoulu, Hyvinvointiyksikk\u00f6<br>puh. 050 5365459<br>s\u00e4hk\u00f6posti: jaana.paltamaa@jamk.fi<\/p>\n\n\n\n<p><br><strong>4 Henkil\u00f6tietojen k\u00e4sittely ja sen tarkoitus <\/strong><\/p>\n\n\n\n<p>Hanketta toteuttavat Jyv\u00e4skyl\u00e4n ammattikorkeakoulu yhdess\u00e4 Keski-Suomen Yritt\u00e4jien kanssa. Hankkeen aikana teht\u00e4v\u00e4n kyselyn, haastattelujen ja kehitt\u00e4mistoimien aikana ker\u00e4t\u00e4\u00e4n tietoa Keski-Suomessa toimivien sotepalveluyritysten t\u00e4m\u00e4nhetkisest\u00e4 TKI-profiilista ja TKI-osaamisesta, digivalmiuksista sek\u00e4 suunnitelmista ja valmiuksista monituottajuuteen sek\u00e4 niiden kehitt\u00e4miseen.<br>Edell\u00e4 mainittujen toimenpiteiden varsinaista kohderyhm\u00e4\u00e4 ovat Keski-Suomen hyvinvointialueen sotepalveluyritykset mukaan lukien my\u00f6s ne toimijat, jotka tarjoavat monituottajamallissa ns. tukipalveluita kuten ravitsemus-, siivous-, kuljetus- ja kotitalkkaripalvelut sek\u00e4 pelastustoimen puolella samankaltaisia palveluja tuotavat yritykset.<br>Vastaamalla vapaaehtoisesti s\u00e4hk\u00f6iseen kyselyyn ja osallistumalla muihin hankkeen toimenpiteisiin osallistuja suostuu annettujen tietojen hy\u00f6dynt\u00e4miseen OsmoKS -hankkeen tutkimus- ja julkaisutoiminnassa.<br>Rekisteriss\u00e4 k\u00e4sitell\u00e4\u00e4n edell\u00e4 mainittujen kohdejoukkojen hankkeen toimenpiteisiin osallistuneiden henkil\u00f6iden henkil\u00f6tietoja. Tietojen ker\u00e4\u00e4minen tapahtuu s\u00e4hk\u00f6isesti Jamkin tarjoamalla Webropol-kyselyohjelmalla, haastatteluissa, s\u00e4hk\u00f6postitse ja puhelimitse, paperilomakkeilla sek\u00e4 osallistujalistoilla.<br>Henkil\u00f6tietoja voidaan k\u00e4sitell\u00e4 my\u00f6s hankkeisiin liittyvist\u00e4 rahoittajan seurantavelvoitteista johtuen.<br>Henkil\u00f6tietoja k\u00e4sitell\u00e4\u00e4n ja yll\u00e4pidet\u00e4\u00e4n tietosuojalains\u00e4\u00e4d\u00e4nn\u00f6n mukaisesti. Tietoja k\u00e4sittelev\u00e4t vain ne hankkeeseen nimetyt ty\u00f6ntekij\u00e4t, joille on my\u00f6nnetty p\u00e4\u00e4sy aineistoon ja joiden teht\u00e4viin henkil\u00f6tietojen k\u00e4sittely kuuluu.<\/p>\n\n\n\n<p><strong>5 Rekisterin tietosis\u00e4lt\u00f6<\/strong> <\/p>\n\n\n\n<p>Hankkeen aikana tullaan ker\u00e4\u00e4m\u00e4\u00e4n seuraavia henkil\u00f6tietoja: etunimi, sukunimi, s\u00e4hk\u00f6posti, organisaatio, toiminimike.<br><\/p>\n\n\n\n<p><strong>6 K\u00e4sittelyperuste <\/strong><\/p>\n\n\n\n<p>Rekister\u00f6idyn suostumus.<br>Hankkeen toteutus, tiedon- ja aineistonkeruu sek\u00e4 niiden hallinta.<br>Ammattikorkeakoulujen lakis\u00e4\u00e4teinen TKI-teht\u00e4v\u00e4; yleinen etu<\/p>\n\n\n\n<p><br><strong>7 S\u00e4\u00e4nn\u00f6nmukaiset tietol\u00e4hteet <\/strong><\/p>\n\n\n\n<p>Rekisteriss\u00e4 pidett\u00e4v\u00e4t tiedot saadaan s\u00e4\u00e4nn\u00f6nmukaisesti henkil\u00f6lt\u00e4 itselt\u00e4\u00e4n<\/p>\n\n\n\n<p><br><strong>8 S\u00e4\u00e4nn\u00f6nmukaiset tietojen luovutukset ja tietojen siirto EU:n tai Euroopan talousalueen ulkopuolelle <\/strong><\/p>\n\n\n\n<p>Tietoja ei luovuteta hankkeen ulkopuoliseen k\u00e4ytt\u00f6\u00f6n. Tietoja ei luovuteta EU:n tai ETA:n ulkopuolelle.<\/p>\n\n\n\n<p><br><strong>9 Rekisterin suojauksen periaatteet <\/strong><\/p>\n\n\n\n<p>Rekisterin k\u00e4sittelyss\u00e4 noudatetaan yleist\u00e4 huolellisuutta ja tietoj\u00e4rjestelmien avulla k\u00e4sitelt\u00e4v\u00e4t tiedot suojataan asianmukaisesti. K\u00e4yt\u00f6ss\u00e4 on ajanmukaiset tekniset ratkaisut, kuten palomuurit ja salaukset. Rekisterinpit\u00e4j\u00e4n palvelimet sijaitsevat lukitussa ja p\u00e4\u00e4syvalvotussa konesalissa. Palvelimille p\u00e4\u00e4sy on sallittu vain yll\u00e4pit\u00e4jille.<br>Rekisterinpit\u00e4j\u00e4 huolehtii siit\u00e4, ett\u00e4 tallennettuja tietoja sek\u00e4 k\u00e4ytt\u00f6oikeuksia ja muita henkitietojen turvallisuuden kannalta kriittisi\u00e4 tietoja k\u00e4sitell\u00e4\u00e4n luottamuksellisesti ja annettujen ohjeiden mukaan vain niiden henkil\u00f6iden toimesta, joiden ty\u00f6nkuvaan se kuuluu.<br>Kun rekisteritietoja s\u00e4ilytet\u00e4\u00e4n lnternet-palvelimilla, niiden laitteiston fyysisest\u00e4 ja digitaalisesta tietoturvasta huolehditaan asiaankuuluvasti. Tietoj\u00e4rjestelmiss\u00e4 k\u00e4sitelt\u00e4v\u00e4t tiedot ovat k\u00e4ytt\u00e4j\u00e4tunnuksen ja salasanan takana verkkoasemalla, johon on p\u00e4\u00e4sy projektin ty\u00f6ntekij\u00f6ill\u00e4.<br>Manuaalisesti ker\u00e4tty tieto tallennetaan s\u00e4hk\u00f6iseen muotoon ja tallennetaan palvelimelle (paperinen materiaali h\u00e4vitet\u00e4\u00e4n).<br>Tietoja s\u00e4ilytet\u00e4\u00e4n hankkeen p\u00e4\u00e4ttymisen j\u00e4lkeen Jamkin tietoturvaohjeistuksen mukaisesti. Vanhentuneet ja tarpeettomat tiedot h\u00e4vitet\u00e4\u00e4n luotettavalla ja asiaankuuluvalla tavalla. Henkil\u00f6tietoja s\u00e4ilytet\u00e4\u00e4n niin kauan, kun se on tarpeen t\u00e4ss\u00e4 tietosuojaselosteessa m\u00e4\u00e4riteltyjen henkil\u00f6tietojen k\u00e4sittely tarkoitusten toteuttamiseksi. Kirjanpitolain tai muun m\u00e4\u00e4r\u00e4\u00e4v\u00e4n lain velvoitteiden vuoksi tietoja voidaan joutua s\u00e4ilytt\u00e4m\u00e4\u00e4n edell\u00e4 mainittua ajanjaksoa pitemp\u00e4\u00e4n.<br>Hankkeen toimenpiteisiin liittyvist\u00e4 julkaistavista tuloksista ja raporteista (mm. kyselyt, haastattelut, tilaisuuksien osallistujaluettelot) ei voida tunnistaa yksitt\u00e4isi\u00e4 vastaajia.<\/p>\n\n\n\n<p><br><strong>10 Henkil\u00f6tietojen s\u00e4ilytt\u00e4misaika tai s\u00e4ilytt\u00e4misajan m\u00e4\u00e4ritt\u00e4miskriteerit <\/strong><\/p>\n\n\n\n<p>Rekisterinpit\u00e4j\u00e4 s\u00e4ilytt\u00e4\u00e4 henkil\u00f6tietoja omissa j\u00e4rjestelmiss\u00e4\u00e4n \/ arkistoissaan hankkeen raportoinnin vaatiman ajan 1.3.2024-30.4.2025. OsmoKS -hankkeen p\u00e4\u00e4ttymisen j\u00e4lkeen henkil\u00f6tietoja sis\u00e4lt\u00e4v\u00e4 tutkimusaineisto h\u00e4vitet\u00e4\u00e4n.<\/p>\n\n\n\n<p>Tutkimusaineisto anonymisoidaan ja arkistoidaan avoimen tieteen periaatteiden mukaisesti.<\/p>\n\n\n\n<p><br><strong>11 Profilointi ja automaattinen p\u00e4\u00e4t\u00f6ksenteko <\/strong><\/p>\n\n\n\n<p>Tiedoilla ei tehd\u00e4 automaattista p\u00e4\u00e4t\u00f6ksentekoa tai profilointia.<\/p>\n\n\n\n<p><br><strong>12 Rekister\u00f6idyn oikeudet <\/strong><\/p>\n\n\n\n<p>Rekister\u00f6idyll\u00e4 on oikeus saada tiet\u00e4\u00e4, mit\u00e4 tietoja h\u00e4nest\u00e4 on henkil\u00f6rekisteriss\u00e4 tai ettei rekisteriss\u00e4 ole h\u00e4nt\u00e4 koskevia tietoja. Tiedot on annettava h\u00e4nelle ymm\u00e4rrett\u00e4v\u00e4ss\u00e4 muodossa ja halutessaan my\u00f6s kirjallisesti.<\/p>\n\n\n\n<p><br>Rekister\u00f6idyll\u00e4 on oikeus:<\/p>\n\n\n\n<ul class=\"wp-block-list\">\n<li>tarkastaa itse\u00e4\u00e4n koskevat tiedot<\/li>\n\n\n\n<li>pyyt\u00e4\u00e4 tietojensa oikaisemista<\/li>\n\n\n\n<li>vaatia tietojensa poistamista (ei koske lakis\u00e4\u00e4teisi\u00e4 teht\u00e4vi\u00e4)<\/li>\n\n\n\n<li>vaatia henkil\u00f6tietojensa k\u00e4sittelyn rajoittamista<\/li>\n\n\n\n<li>vastustaa henkil\u00f6tietojensa k\u00e4sittely\u00e4<\/li>\n\n\n\n<li>pyyt\u00e4\u00e4 itse toimittamiensa henkil\u00f6tietojen siirt\u00e4mist\u00e4 rekisterinpit\u00e4j\u00e4lt\u00e4 toiselle<\/li>\n\n\n\n<li>peruuttaa antamansa suostumus, mik\u00e4li henkil\u00f6tietojen k\u00e4sittely perustuu suostumukseen<\/li>\n\n\n\n<li>olla joutumatta automaattisen p\u00e4\u00e4t\u00f6ksenteon kohteeksi<br>Tietojen tarkastaminen on maksutonta. K\u00e4ytt\u00e4\u00e4kseen oikeuksiaan rekister\u00f6ity voi ottaa yhteytt\u00e4 suoraan tietosuojaselosteessa mainittuun tahoon.<br>Rekister\u00f6idyll\u00e4 on oikeus tehd\u00e4 ilmoitus Tietosuojavaltuutetun toimistoon, mik\u00e4li katsoo, ett\u00e4 henkil\u00f6tietojen k\u00e4sittelyss\u00e4 ei ole noudatettu voimassa olevaa tietosuojalains\u00e4\u00e4d\u00e4nt\u00f6\u00e4.<\/li>\n<\/ul>\n","protected":false},"excerpt":{"rendered":"<p>1 Rekisterin nimi TKI-osaamisen ja monituottajamallin kehitt\u00e4minen sotepalveluyrityksiss\u00e4 (OsmoKS)-hankkeen henkil\u00f6rekisteri 2 Rekisterinpit\u00e4j\u00e4 Jyv\u00e4skyl\u00e4n ammattikorkeakoulu OyPL 207, 40101 Jyv\u00e4skyl\u00e4tietosuoja@jamk.fi 3 Yhteyshenkil\u00f6 rekisteri\u00e4 koskevissa asioissa, yhteystiedot virka-aikana Jaana Paltamaa, vanhempi tutkijaJyv\u00e4skyl\u00e4n ammattikorkeakoulu, Hyvinvointiyksikk\u00f6puh. 050 5365459s\u00e4hk\u00f6posti: jaana.paltamaa@jamk.fi 4 Henkil\u00f6tietojen k\u00e4sittely ja sen tarkoitus Hanketta toteuttavat Jyv\u00e4skyl\u00e4n ammattikorkeakoulu yhdess\u00e4 Keski-Suomen Yritt\u00e4jien kanssa. Hankkeen aikana teht\u00e4v\u00e4n kyselyn, haastattelujen ja kehitt\u00e4mistoimien [&hellip;]<\/p>\n","protected":false},"author":178,"featured_media":0,"parent":539,"menu_order":0,"comment_status":"closed","ping_status":"closed","template":"","meta":{"_acf_changed":false,"_relevanssi_hide_post":"","_relevanssi_hide_content":"","_relevanssi_pin_for_all":"","_relevanssi_pin_keywords":"","_relevanssi_unpin_keywords":"","_relevanssi_related_keywords":"","_relevanssi_related_include_ids":"","_relevanssi_related_exclude_ids":"","_relevanssi_related_no_append":"","_relevanssi_related_not_related":"","_relevanssi_related_posts":"","_relevanssi_noindex_reason":"","footnotes":""},"categories":[],"tags":[],"class_list":["post-957","page","type-page","status-publish","hentry"],"acf":[],"yoast_head":"<!-- This site is optimized with the Yoast SEO plugin v27.4 - https:\/\/yoast.com\/product\/yoast-seo-wordpress\/ -->\n<title>TKI-osaamisen ja monituottajamallin kehitt\u00e4minen sotepalveluyrityksiss\u00e4\u201d (OsmoKS)-hankkeen tietosuojaseloste - Tietosuoja<\/title>\n<meta name=\"robots\" content=\"index, follow, max-snippet:-1, max-image-preview:large, max-video-preview:-1\" \/>\n<link rel=\"canonical\" href=\"https:\/\/help.jamk.fi\/tietosuoja\/fi\/tki-hankkeet\/tki-osaamisen-ja-monituottajamallin-kehittaminen-sotepalveluyrityksissa-osmoks-hankkeen-tietosuojaseloste\/\" \/>\n<meta property=\"og:locale\" content=\"fi_FI\" \/>\n<meta property=\"og:type\" content=\"article\" \/>\n<meta property=\"og:title\" content=\"TKI-osaamisen ja monituottajamallin kehitt\u00e4minen sotepalveluyrityksiss\u00e4\u201d (OsmoKS)-hankkeen tietosuojaseloste - Tietosuoja\" \/>\n<meta property=\"og:description\" content=\"1 Rekisterin nimi TKI-osaamisen ja monituottajamallin kehitt\u00e4minen sotepalveluyrityksiss\u00e4 (OsmoKS)-hankkeen henkil\u00f6rekisteri 2 Rekisterinpit\u00e4j\u00e4 Jyv\u00e4skyl\u00e4n ammattikorkeakoulu OyPL 207, 40101 Jyv\u00e4skyl\u00e4tietosuoja@jamk.fi 3 Yhteyshenkil\u00f6 rekisteri\u00e4 koskevissa asioissa, yhteystiedot virka-aikana Jaana Paltamaa, vanhempi tutkijaJyv\u00e4skyl\u00e4n ammattikorkeakoulu, Hyvinvointiyksikk\u00f6puh. 050 5365459s\u00e4hk\u00f6posti: jaana.paltamaa@jamk.fi 4 Henkil\u00f6tietojen k\u00e4sittely ja sen tarkoitus Hanketta toteuttavat Jyv\u00e4skyl\u00e4n ammattikorkeakoulu yhdess\u00e4 Keski-Suomen Yritt\u00e4jien kanssa. Hankkeen aikana teht\u00e4v\u00e4n kyselyn, haastattelujen ja kehitt\u00e4mistoimien [&hellip;]\" \/>\n<meta property=\"og:url\" content=\"https:\/\/help.jamk.fi\/tietosuoja\/fi\/tki-hankkeet\/tki-osaamisen-ja-monituottajamallin-kehittaminen-sotepalveluyrityksissa-osmoks-hankkeen-tietosuojaseloste\/\" \/>\n<meta property=\"og:site_name\" content=\"Tietosuoja\" \/>\n<meta name=\"twitter:card\" content=\"summary_large_image\" \/>\n<meta name=\"twitter:label1\" content=\"Arvioitu lukuaika\" \/>\n\t<meta name=\"twitter:data1\" content=\"4 minuuttia\" \/>\n<script type=\"application\/ld+json\" class=\"yoast-schema-graph\">{\"@context\":\"https:\\\/\\\/schema.org\",\"@graph\":[{\"@type\":\"WebPage\",\"@id\":\"https:\\\/\\\/help.jamk.fi\\\/tietosuoja\\\/fi\\\/tki-hankkeet\\\/tki-osaamisen-ja-monituottajamallin-kehittaminen-sotepalveluyrityksissa-osmoks-hankkeen-tietosuojaseloste\\\/\",\"url\":\"https:\\\/\\\/help.jamk.fi\\\/tietosuoja\\\/fi\\\/tki-hankkeet\\\/tki-osaamisen-ja-monituottajamallin-kehittaminen-sotepalveluyrityksissa-osmoks-hankkeen-tietosuojaseloste\\\/\",\"name\":\"TKI-osaamisen ja monituottajamallin kehitt\u00e4minen sotepalveluyrityksiss\u00e4\u201d (OsmoKS)-hankkeen tietosuojaseloste - Tietosuoja\",\"isPartOf\":{\"@id\":\"https:\\\/\\\/help.jamk.fi\\\/tietosuoja\\\/#website\"},\"datePublished\":\"2024-05-14T05:33:40+00:00\",\"breadcrumb\":{\"@id\":\"https:\\\/\\\/help.jamk.fi\\\/tietosuoja\\\/fi\\\/tki-hankkeet\\\/tki-osaamisen-ja-monituottajamallin-kehittaminen-sotepalveluyrityksissa-osmoks-hankkeen-tietosuojaseloste\\\/#breadcrumb\"},\"inLanguage\":\"fi\",\"potentialAction\":[{\"@type\":\"ReadAction\",\"target\":[\"https:\\\/\\\/help.jamk.fi\\\/tietosuoja\\\/fi\\\/tki-hankkeet\\\/tki-osaamisen-ja-monituottajamallin-kehittaminen-sotepalveluyrityksissa-osmoks-hankkeen-tietosuojaseloste\\\/\"]}]},{\"@type\":\"BreadcrumbList\",\"@id\":\"https:\\\/\\\/help.jamk.fi\\\/tietosuoja\\\/fi\\\/tki-hankkeet\\\/tki-osaamisen-ja-monituottajamallin-kehittaminen-sotepalveluyrityksissa-osmoks-hankkeen-tietosuojaseloste\\\/#breadcrumb\",\"itemListElement\":[{\"@type\":\"ListItem\",\"position\":1,\"name\":\"Etusivu\",\"item\":\"https:\\\/\\\/help.jamk.fi\\\/tietosuoja\\\/fi\\\/\"},{\"@type\":\"ListItem\",\"position\":2,\"name\":\"TKI-hankkeet\",\"item\":\"https:\\\/\\\/help.jamk.fi\\\/tietosuoja\\\/fi\\\/tki-hankkeet\\\/\"},{\"@type\":\"ListItem\",\"position\":3,\"name\":\"TKI-osaamisen ja monituottajamallin kehitt\u00e4minen sotepalveluyrityksiss\u00e4\u201d (OsmoKS)-hankkeen tietosuojaseloste\"}]},{\"@type\":\"WebSite\",\"@id\":\"https:\\\/\\\/help.jamk.fi\\\/tietosuoja\\\/#website\",\"url\":\"https:\\\/\\\/help.jamk.fi\\\/tietosuoja\\\/\",\"name\":\"Tietosuoja\",\"description\":\"\",\"potentialAction\":[{\"@type\":\"SearchAction\",\"target\":{\"@type\":\"EntryPoint\",\"urlTemplate\":\"https:\\\/\\\/help.jamk.fi\\\/tietosuoja\\\/?s={search_term_string}\"},\"query-input\":{\"@type\":\"PropertyValueSpecification\",\"valueRequired\":true,\"valueName\":\"search_term_string\"}}],\"inLanguage\":\"fi\"}]}<\/script>\n<!-- \/ Yoast SEO plugin. -->","yoast_head_json":{"title":"TKI-osaamisen ja monituottajamallin kehitt\u00e4minen sotepalveluyrityksiss\u00e4\u201d (OsmoKS)-hankkeen tietosuojaseloste - Tietosuoja","robots":{"index":"index","follow":"follow","max-snippet":"max-snippet:-1","max-image-preview":"max-image-preview:large","max-video-preview":"max-video-preview:-1"},"canonical":"https:\/\/help.jamk.fi\/tietosuoja\/fi\/tki-hankkeet\/tki-osaamisen-ja-monituottajamallin-kehittaminen-sotepalveluyrityksissa-osmoks-hankkeen-tietosuojaseloste\/","og_locale":"fi_FI","og_type":"article","og_title":"TKI-osaamisen ja monituottajamallin kehitt\u00e4minen sotepalveluyrityksiss\u00e4\u201d (OsmoKS)-hankkeen tietosuojaseloste - Tietosuoja","og_description":"1 Rekisterin nimi TKI-osaamisen ja monituottajamallin kehitt\u00e4minen sotepalveluyrityksiss\u00e4 (OsmoKS)-hankkeen henkil\u00f6rekisteri 2 Rekisterinpit\u00e4j\u00e4 Jyv\u00e4skyl\u00e4n ammattikorkeakoulu OyPL 207, 40101 Jyv\u00e4skyl\u00e4tietosuoja@jamk.fi 3 Yhteyshenkil\u00f6 rekisteri\u00e4 koskevissa asioissa, yhteystiedot virka-aikana Jaana Paltamaa, vanhempi tutkijaJyv\u00e4skyl\u00e4n ammattikorkeakoulu, Hyvinvointiyksikk\u00f6puh. 050 5365459s\u00e4hk\u00f6posti: jaana.paltamaa@jamk.fi 4 Henkil\u00f6tietojen k\u00e4sittely ja sen tarkoitus Hanketta toteuttavat Jyv\u00e4skyl\u00e4n ammattikorkeakoulu yhdess\u00e4 Keski-Suomen Yritt\u00e4jien kanssa. Hankkeen aikana teht\u00e4v\u00e4n kyselyn, haastattelujen ja kehitt\u00e4mistoimien [&hellip;]","og_url":"https:\/\/help.jamk.fi\/tietosuoja\/fi\/tki-hankkeet\/tki-osaamisen-ja-monituottajamallin-kehittaminen-sotepalveluyrityksissa-osmoks-hankkeen-tietosuojaseloste\/","og_site_name":"Tietosuoja","twitter_card":"summary_large_image","twitter_misc":{"Arvioitu lukuaika":"4 minuuttia"},"schema":{"@context":"https:\/\/schema.org","@graph":[{"@type":"WebPage","@id":"https:\/\/help.jamk.fi\/tietosuoja\/fi\/tki-hankkeet\/tki-osaamisen-ja-monituottajamallin-kehittaminen-sotepalveluyrityksissa-osmoks-hankkeen-tietosuojaseloste\/","url":"https:\/\/help.jamk.fi\/tietosuoja\/fi\/tki-hankkeet\/tki-osaamisen-ja-monituottajamallin-kehittaminen-sotepalveluyrityksissa-osmoks-hankkeen-tietosuojaseloste\/","name":"TKI-osaamisen ja monituottajamallin kehitt\u00e4minen sotepalveluyrityksiss\u00e4\u201d (OsmoKS)-hankkeen tietosuojaseloste - Tietosuoja","isPartOf":{"@id":"https:\/\/help.jamk.fi\/tietosuoja\/#website"},"datePublished":"2024-05-14T05:33:40+00:00","breadcrumb":{"@id":"https:\/\/help.jamk.fi\/tietosuoja\/fi\/tki-hankkeet\/tki-osaamisen-ja-monituottajamallin-kehittaminen-sotepalveluyrityksissa-osmoks-hankkeen-tietosuojaseloste\/#breadcrumb"},"inLanguage":"fi","potentialAction":[{"@type":"ReadAction","target":["https:\/\/help.jamk.fi\/tietosuoja\/fi\/tki-hankkeet\/tki-osaamisen-ja-monituottajamallin-kehittaminen-sotepalveluyrityksissa-osmoks-hankkeen-tietosuojaseloste\/"]}]},{"@type":"BreadcrumbList","@id":"https:\/\/help.jamk.fi\/tietosuoja\/fi\/tki-hankkeet\/tki-osaamisen-ja-monituottajamallin-kehittaminen-sotepalveluyrityksissa-osmoks-hankkeen-tietosuojaseloste\/#breadcrumb","itemListElement":[{"@type":"ListItem","position":1,"name":"Etusivu","item":"https:\/\/help.jamk.fi\/tietosuoja\/fi\/"},{"@type":"ListItem","position":2,"name":"TKI-hankkeet","item":"https:\/\/help.jamk.fi\/tietosuoja\/fi\/tki-hankkeet\/"},{"@type":"ListItem","position":3,"name":"TKI-osaamisen ja monituottajamallin kehitt\u00e4minen sotepalveluyrityksiss\u00e4\u201d (OsmoKS)-hankkeen tietosuojaseloste"}]},{"@type":"WebSite","@id":"https:\/\/help.jamk.fi\/tietosuoja\/#website","url":"https:\/\/help.jamk.fi\/tietosuoja\/","name":"Tietosuoja","description":"","potentialAction":[{"@type":"SearchAction","target":{"@type":"EntryPoint","urlTemplate":"https:\/\/help.jamk.fi\/tietosuoja\/?s={search_term_string}"},"query-input":{"@type":"PropertyValueSpecification","valueRequired":true,"valueName":"search_term_string"}}],"inLanguage":"fi"}]}},"_links":{"self":[{"href":"https:\/\/help.jamk.fi\/tietosuoja\/wp-json\/wp\/v2\/pages\/957","targetHints":{"allow":["GET"]}}],"collection":[{"href":"https:\/\/help.jamk.fi\/tietosuoja\/wp-json\/wp\/v2\/pages"}],"about":[{"href":"https:\/\/help.jamk.fi\/tietosuoja\/wp-json\/wp\/v2\/types\/page"}],"author":[{"embeddable":true,"href":"https:\/\/help.jamk.fi\/tietosuoja\/wp-json\/wp\/v2\/users\/178"}],"replies":[{"embeddable":true,"href":"https:\/\/help.jamk.fi\/tietosuoja\/wp-json\/wp\/v2\/comments?post=957"}],"version-history":[{"count":1,"href":"https:\/\/help.jamk.fi\/tietosuoja\/wp-json\/wp\/v2\/pages\/957\/revisions"}],"predecessor-version":[{"id":958,"href":"https:\/\/help.jamk.fi\/tietosuoja\/wp-json\/wp\/v2\/pages\/957\/revisions\/958"}],"up":[{"embeddable":true,"href":"https:\/\/help.jamk.fi\/tietosuoja\/wp-json\/wp\/v2\/pages\/539"}],"wp:attachment":[{"href":"https:\/\/help.jamk.fi\/tietosuoja\/wp-json\/wp\/v2\/media?parent=957"}],"wp:term":[{"taxonomy":"category","embeddable":true,"href":"https:\/\/help.jamk.fi\/tietosuoja\/wp-json\/wp\/v2\/categories?post=957"},{"taxonomy":"post_tag","embeddable":true,"href":"https:\/\/help.jamk.fi\/tietosuoja\/wp-json\/wp\/v2\/tags?post=957"}],"curies":[{"name":"wp","href":"https:\/\/api.w.org\/{rel}","templated":true}]}}