{"id":976,"date":"2024-10-23T14:40:50","date_gmt":"2024-10-23T11:40:50","guid":{"rendered":"https:\/\/help.jamk.fi\/tietosuoja\/?page_id=976"},"modified":"2026-03-23T13:57:31","modified_gmt":"2026-03-23T11:57:31","slug":"peppi-maksullinen-koulutus-tietosuojaseloste-2","status":"publish","type":"page","link":"https:\/\/help.jamk.fi\/tietosuoja\/fi\/opiskelija-opetus\/peppi-maksullinen-koulutus-tietosuojaseloste-2\/","title":{"rendered":"Peppi maksullinen koulutus &#8211; tietosuojaseloste"},"content":{"rendered":"\n<p>EU -tietosuoja-asetus (2016\/679)<br>P\u00e4ivitetty 23.3.2026<\/p>\n\n\n\n<p><strong>1 Rekisterin nimi<\/strong><br>Pepin maksullinen koulutus<\/p>\n\n\n\n<p><br><strong>2 Rekisterinpit\u00e4j\u00e4<\/strong><br>Jyv\u00e4skyl\u00e4n ammattikorkeakoulu Oy<br>PL 207, 40101 Jyv\u00e4skyl\u00e4<br>+358 20 743 8100<\/p>\n\n\n\n<p><br><strong>3 Yhteyshenkil\u00f6 rekisteri\u00e4 koskevissa asioissa<\/strong> <br>Rekisterist\u00e4 vastaava johtaja: vararehtori, koulutus<br>Rekisterist\u00e4 vastaavan prosessin omistaja: p\u00e4\u00e4llikk\u00f6, koulutuspalvelut<br>Sis\u00e4ll\u00f6llinen p\u00e4\u00e4k\u00e4ytt\u00e4j\u00e4: suunnittelija, koulutuksen kehitt\u00e4mispalvelut<br>Tekninen p\u00e4\u00e4k\u00e4ytt\u00e4j\u00e4: ICT-palvelut<br>etunimi.sukunimi[a]jamk.fi<\/p>\n\n\n\n<p><br><strong>4 Henkil\u00f6tietojen k\u00e4sittely ja sen tarkoitus<\/strong><br>Henkil\u00f6tietoja ker\u00e4t\u00e4\u00e4n ja k\u00e4sitell\u00e4\u00e4n ammattikorkeakoulun jatkuvan oppimisen koulutusten opiskelijailmoittautumiseen ja maksuliikenteeseen. <\/p>\n\n\n\n<p>Opiskelijoiksi ilmoittautumisen j\u00e4lkeen Jamk k\u00e4sittelee opiskelijatietoja opiskelun j\u00e4rjest\u00e4miseksi. T\u00e4m\u00e4 on kuvattu opiskelija- ja <a href=\"https:\/\/help.jamk.fi\/tietosuoja\/fi\/opiskelija-opetus\/tietosuojaseloste-peppi\/\">opintorekisterin tietosuojaselosteessa, voit tutustua siihen t\u00e4st\u00e4.<\/a><\/p>\n\n\n\n<p><strong>5 Rekisterin tietosis\u00e4lt\u00f6<\/strong><br><\/p>\n\n\n\n<p>-Opiskelijan henkil\u00f6tiedot: sukunimi, etunimet, kutsumanimi, kansalaisuus, henkil\u00f6tunnus, syntym\u00e4aika, sukupuoli, \u00e4idinkieli ja asiointikieli. N\u00e4m\u00e4 saadaan tunnistautumispalvelusta (Suomi.fi, HAKA tai Telia Tunnistus) tai hakijalta itselt\u00e4\u00e4n.<\/p>\n\n\n\n<p>-Opiskelijan yhteystiedot: l\u00e4hiosoite, postinumero, postitoimipaikka, asuinkunta, maa, puhelinnumero ja s\u00e4hk\u00f6postiosoite. N\u00e4m\u00e4 saadaan hakijalta itselt\u00e4\u00e4n.<\/p>\n\n\n\n<p>-Hakijaprofiili: korkein suoritettu tutkinto ja p\u00e4\u00e4asiallinen toiminta ilmoittautumishetkell\u00e4. N\u00e4m\u00e4 tiedot saadaan hakijalta itselt\u00e4\u00e4n.<br><\/p>\n\n\n\n<p><strong>6 K\u00e4sittelyperuste<\/strong><br>Lakis\u00e4\u00e4teinen teht\u00e4v\u00e4\/velvoite<br>Henkil\u00f6tietojen k\u00e4sittely perustuu rekisterinpit\u00e4jien lakis\u00e4\u00e4teiseen velvollisuuteen ja julkisen vallan k\u00e4ytt\u00f6\u00f6n.<br><br><br><strong>7 S\u00e4\u00e4nn\u00f6nmukaiset tietol\u00e4hteet<\/strong><br>Henkil\u00f6tiedot saadaan p\u00e4\u00e4s\u00e4\u00e4nt\u00f6isesti rekister\u00f6idylt\u00e4 itselt\u00e4\u00e4n.<br>Osa tiedoista saadaan tunnistautumisen palveluista.<\/p>\n\n\n\n<p><br><strong>8 S\u00e4\u00e4nn\u00f6nmukaiset tietojen luovutukset ja tietojen siirto EU:n tai Euroopan talousalueen ulkopuolelle<\/strong><br>Henkil\u00f6tietoja luovutetaan Paytrail Oyj:lle maksujen v\u00e4lityst\u00e4 varten. Paytrail k\u00e4sittelee ja luovuttaa tietoja edelleen maksupalveluntarjoajille oman t<a href=\"https:\/\/www.paytrail.com\/tietosuojaseloste-paytrailin-maksupalvelu\">ietosuojaselosteensa mukaisesti (avaa tietosuojaseloste t\u00e4st\u00e4). <\/a><br><br>Hakijalla on mahdollisuus antaa suostumuksensa nimi- ja osoitetietojensa k\u00e4ytt\u00f6\u00f6n Jamkin suoramarkkinoinnissa ja koulutusmarkkinoinnissa.<\/p>\n\n\n\n<p><br><strong>9 Rekisterin suojauksen periaatteet<\/strong><br>Rekisterin tietojen k\u00e4sittelyss\u00e4 huolehditaan siit\u00e4, ettei opiskelijoiden yksityisyytt\u00e4 perusteettomasti vaaranneta. <\/p>\n\n\n\n<p>Aineisto:<br>\u2022 s\u00e4ilytet\u00e4\u00e4n ja suojataan siten, etteiv\u00e4t ulkopuoliset niit\u00e4 n\u00e4e ja siten, ettei niit\u00e4 voida vahingossa h\u00e4vitt\u00e4\u00e4, muuttaa, luovuttaa, siirt\u00e4\u00e4 tai muutoin laittomasti k\u00e4sitell\u00e4<br>\u2022 ty\u00f6ntekij\u00f6ill\u00e4 on oikeus n\u00e4hd\u00e4 vain sellaisia opiskelijaa koskevia tietoja, joita h\u00e4n ty\u00f6teht\u00e4v\u00e4ss\u00e4\u00e4n tarvitsee<br>\u2022 henkil\u00f6tietoja sis\u00e4lt\u00e4v\u00e4t asiakirjat h\u00e4vitet\u00e4\u00e4n silppuamalla tai tietosuojaj\u00e4tteen\u00e4<br>\u2022 verkko- ja palvelinlaitteet keskitetty lukittuihin Jamkin tiloihin, joihin on tiukkaan rajattu p\u00e4\u00e4sy. Verkko ja palvelimet ovat suojattu asianmukaisesti.<br>\u2022 k\u00e4ytt\u00f6oikeudet on rajattu k\u00e4ytt\u00e4j\u00e4ryhmitt\u00e4in. Tiedon n\u00e4kyvyys ja p\u00e4ivitysoikeus j\u00e4rjestelm\u00e4\u00e4n m\u00e4\u00e4r\u00e4ytyy k\u00e4ytt\u00f6oikeusrooleittain eri k\u00e4ytt\u00e4j\u00e4ryhmille.<br>\u2022 tietoihin on p\u00e4\u00e4sy vain j\u00e4rjestelm\u00e4n k\u00e4ytt\u00f6oikeudet saaneilla. K\u00e4ytt\u00f6oikeus j\u00e4rjestelm\u00e4\u00e4n m\u00e4\u00e4r\u00e4ytyy henkil\u00f6n ty\u00f6teht\u00e4vien tai opiskelustatuksen mukaan. Henkil\u00f6kuntaa sitoo ty\u00f6sopimuksessa m\u00e4\u00e4ritelty salassapitovelvollisuus.<\/p>\n\n\n\n<p><br><strong>10 Henkil\u00f6tietojen s\u00e4ilytt\u00e4misaika tai s\u00e4ilytt\u00e4misajan m\u00e4\u00e4ritt\u00e4miskriteerit<\/strong><br>Jamkin maksullisen koulutuksen opiskelija- ja opintotietorekisteriin ker\u00e4tyt henkil\u00f6tiedot s\u00e4ilytet\u00e4\u00e4n seuraavasti:<br>Opiskelija- ja opintotietorekisteriss\u00e4 olevien tietojen ja niiden s\u00e4ilytt\u00e4mist\u00e4 s\u00e4\u00e4ntelee Kansallisarkiston ammattikorkeakouluille antama m\u00e4\u00e4r\u00e4ys: Ammattikorkeakoulujen tietoj\u00e4rjestelmien tietojen pysyv\u00e4 s\u00e4ilytys yksinomaan s\u00e4hk\u00f6isess\u00e4 muodossa -m\u00e4\u00e4r\u00e4ys.<\/p>\n\n\n\n<p><br><strong>11 Profilointi ja automaattinen p\u00e4\u00e4t\u00f6ksenteko<\/strong><br>Ei, rekisterin tietoja ei k\u00e4ytet\u00e4 automatisoituihin yksitt\u00e4isp\u00e4\u00e4t\u00f6ksiin eik\u00e4 profilointiin.<\/p>\n\n\n\n<p><br><strong>12 Rekister\u00f6idyn oikeudet<\/strong><br>Lis\u00e4tietoa tietosuojasta, rekister\u00f6idyn oikeuksista ja niiden toteuttamisesta kerrotaan <a href=\"https:\/\/www.jamk.fi\/fi\/tietosuoja-jamkissa\">Tietosuoja Jamkissa -sivulla<\/a>.<\/p>\n","protected":false},"excerpt":{"rendered":"<p>EU -tietosuoja-asetus (2016\/679)P\u00e4ivitetty 23.3.2026 1 Rekisterin nimiPepin maksullinen koulutus 2 Rekisterinpit\u00e4j\u00e4Jyv\u00e4skyl\u00e4n ammattikorkeakoulu OyPL 207, 40101 Jyv\u00e4skyl\u00e4+358 20 743 8100 3 Yhteyshenkil\u00f6 rekisteri\u00e4 koskevissa asioissa Rekisterist\u00e4 vastaava johtaja: vararehtori, koulutusRekisterist\u00e4 vastaavan prosessin omistaja: p\u00e4\u00e4llikk\u00f6, koulutuspalvelutSis\u00e4ll\u00f6llinen p\u00e4\u00e4k\u00e4ytt\u00e4j\u00e4: suunnittelija, koulutuksen kehitt\u00e4mispalvelutTekninen p\u00e4\u00e4k\u00e4ytt\u00e4j\u00e4: ICT-palvelutetunimi.sukunimi[a]jamk.fi 4 Henkil\u00f6tietojen k\u00e4sittely ja sen tarkoitusHenkil\u00f6tietoja ker\u00e4t\u00e4\u00e4n ja k\u00e4sitell\u00e4\u00e4n ammattikorkeakoulun jatkuvan oppimisen koulutusten opiskelijailmoittautumiseen ja [&hellip;]<\/p>\n","protected":false},"author":178,"featured_media":0,"parent":541,"menu_order":0,"comment_status":"closed","ping_status":"closed","template":"","meta":{"_acf_changed":false,"_relevanssi_hide_post":"","_relevanssi_hide_content":"","_relevanssi_pin_for_all":"","_relevanssi_pin_keywords":"","_relevanssi_unpin_keywords":"","_relevanssi_related_keywords":"","_relevanssi_related_include_ids":"","_relevanssi_related_exclude_ids":"","_relevanssi_related_no_append":"","_relevanssi_related_not_related":"","_relevanssi_related_posts":"","_relevanssi_noindex_reason":"","footnotes":""},"categories":[],"tags":[],"class_list":["post-976","page","type-page","status-publish","hentry"],"acf":[],"yoast_head":"<!-- This site is optimized with the Yoast SEO plugin v27.3 - https:\/\/yoast.com\/product\/yoast-seo-wordpress\/ -->\n<title>Peppi maksullinen koulutus - tietosuojaseloste - Tietosuoja<\/title>\n<meta name=\"robots\" content=\"index, follow, max-snippet:-1, max-image-preview:large, max-video-preview:-1\" \/>\n<link rel=\"canonical\" href=\"https:\/\/help.jamk.fi\/tietosuoja\/fi\/opiskelija-opetus\/peppi-maksullinen-koulutus-tietosuojaseloste-2\/\" \/>\n<meta property=\"og:locale\" content=\"fi_FI\" \/>\n<meta property=\"og:type\" content=\"article\" \/>\n<meta property=\"og:title\" content=\"Peppi maksullinen koulutus - tietosuojaseloste - Tietosuoja\" \/>\n<meta property=\"og:description\" content=\"EU -tietosuoja-asetus (2016\/679)P\u00e4ivitetty 23.3.2026 1 Rekisterin nimiPepin maksullinen koulutus 2 Rekisterinpit\u00e4j\u00e4Jyv\u00e4skyl\u00e4n ammattikorkeakoulu OyPL 207, 40101 Jyv\u00e4skyl\u00e4+358 20 743 8100 3 Yhteyshenkil\u00f6 rekisteri\u00e4 koskevissa asioissa Rekisterist\u00e4 vastaava johtaja: vararehtori, koulutusRekisterist\u00e4 vastaavan prosessin omistaja: p\u00e4\u00e4llikk\u00f6, koulutuspalvelutSis\u00e4ll\u00f6llinen p\u00e4\u00e4k\u00e4ytt\u00e4j\u00e4: suunnittelija, koulutuksen kehitt\u00e4mispalvelutTekninen p\u00e4\u00e4k\u00e4ytt\u00e4j\u00e4: ICT-palvelutetunimi.sukunimi[a]jamk.fi 4 Henkil\u00f6tietojen k\u00e4sittely ja sen tarkoitusHenkil\u00f6tietoja ker\u00e4t\u00e4\u00e4n ja k\u00e4sitell\u00e4\u00e4n ammattikorkeakoulun jatkuvan oppimisen koulutusten opiskelijailmoittautumiseen ja [&hellip;]\" \/>\n<meta property=\"og:url\" content=\"https:\/\/help.jamk.fi\/tietosuoja\/fi\/opiskelija-opetus\/peppi-maksullinen-koulutus-tietosuojaseloste-2\/\" \/>\n<meta property=\"og:site_name\" content=\"Tietosuoja\" \/>\n<meta property=\"article:modified_time\" content=\"2026-03-23T11:57:31+00:00\" \/>\n<meta name=\"twitter:card\" content=\"summary_large_image\" \/>\n<meta name=\"twitter:label1\" content=\"Arvioitu lukuaika\" \/>\n\t<meta name=\"twitter:data1\" content=\"3 minuuttia\" \/>\n<script type=\"application\/ld+json\" class=\"yoast-schema-graph\">{\"@context\":\"https:\\\/\\\/schema.org\",\"@graph\":[{\"@type\":\"WebPage\",\"@id\":\"https:\\\/\\\/help.jamk.fi\\\/tietosuoja\\\/fi\\\/opiskelija-opetus\\\/peppi-maksullinen-koulutus-tietosuojaseloste-2\\\/\",\"url\":\"https:\\\/\\\/help.jamk.fi\\\/tietosuoja\\\/fi\\\/opiskelija-opetus\\\/peppi-maksullinen-koulutus-tietosuojaseloste-2\\\/\",\"name\":\"Peppi maksullinen koulutus - tietosuojaseloste - Tietosuoja\",\"isPartOf\":{\"@id\":\"https:\\\/\\\/help.jamk.fi\\\/tietosuoja\\\/#website\"},\"datePublished\":\"2024-10-23T11:40:50+00:00\",\"dateModified\":\"2026-03-23T11:57:31+00:00\",\"breadcrumb\":{\"@id\":\"https:\\\/\\\/help.jamk.fi\\\/tietosuoja\\\/fi\\\/opiskelija-opetus\\\/peppi-maksullinen-koulutus-tietosuojaseloste-2\\\/#breadcrumb\"},\"inLanguage\":\"fi\",\"potentialAction\":[{\"@type\":\"ReadAction\",\"target\":[\"https:\\\/\\\/help.jamk.fi\\\/tietosuoja\\\/fi\\\/opiskelija-opetus\\\/peppi-maksullinen-koulutus-tietosuojaseloste-2\\\/\"]}]},{\"@type\":\"BreadcrumbList\",\"@id\":\"https:\\\/\\\/help.jamk.fi\\\/tietosuoja\\\/fi\\\/opiskelija-opetus\\\/peppi-maksullinen-koulutus-tietosuojaseloste-2\\\/#breadcrumb\",\"itemListElement\":[{\"@type\":\"ListItem\",\"position\":1,\"name\":\"Etusivu\",\"item\":\"https:\\\/\\\/help.jamk.fi\\\/tietosuoja\\\/fi\\\/\"},{\"@type\":\"ListItem\",\"position\":2,\"name\":\"Opiskelija &#8211; Opetus\",\"item\":\"https:\\\/\\\/help.jamk.fi\\\/tietosuoja\\\/fi\\\/opiskelija-opetus\\\/\"},{\"@type\":\"ListItem\",\"position\":3,\"name\":\"Peppi maksullinen koulutus &#8211; tietosuojaseloste\"}]},{\"@type\":\"WebSite\",\"@id\":\"https:\\\/\\\/help.jamk.fi\\\/tietosuoja\\\/#website\",\"url\":\"https:\\\/\\\/help.jamk.fi\\\/tietosuoja\\\/\",\"name\":\"Tietosuoja\",\"description\":\"\",\"potentialAction\":[{\"@type\":\"SearchAction\",\"target\":{\"@type\":\"EntryPoint\",\"urlTemplate\":\"https:\\\/\\\/help.jamk.fi\\\/tietosuoja\\\/?s={search_term_string}\"},\"query-input\":{\"@type\":\"PropertyValueSpecification\",\"valueRequired\":true,\"valueName\":\"search_term_string\"}}],\"inLanguage\":\"fi\"}]}<\/script>\n<!-- \/ Yoast SEO plugin. -->","yoast_head_json":{"title":"Peppi maksullinen koulutus - tietosuojaseloste - Tietosuoja","robots":{"index":"index","follow":"follow","max-snippet":"max-snippet:-1","max-image-preview":"max-image-preview:large","max-video-preview":"max-video-preview:-1"},"canonical":"https:\/\/help.jamk.fi\/tietosuoja\/fi\/opiskelija-opetus\/peppi-maksullinen-koulutus-tietosuojaseloste-2\/","og_locale":"fi_FI","og_type":"article","og_title":"Peppi maksullinen koulutus - tietosuojaseloste - Tietosuoja","og_description":"EU -tietosuoja-asetus (2016\/679)P\u00e4ivitetty 23.3.2026 1 Rekisterin nimiPepin maksullinen koulutus 2 Rekisterinpit\u00e4j\u00e4Jyv\u00e4skyl\u00e4n ammattikorkeakoulu OyPL 207, 40101 Jyv\u00e4skyl\u00e4+358 20 743 8100 3 Yhteyshenkil\u00f6 rekisteri\u00e4 koskevissa asioissa Rekisterist\u00e4 vastaava johtaja: vararehtori, koulutusRekisterist\u00e4 vastaavan prosessin omistaja: p\u00e4\u00e4llikk\u00f6, koulutuspalvelutSis\u00e4ll\u00f6llinen p\u00e4\u00e4k\u00e4ytt\u00e4j\u00e4: suunnittelija, koulutuksen kehitt\u00e4mispalvelutTekninen p\u00e4\u00e4k\u00e4ytt\u00e4j\u00e4: ICT-palvelutetunimi.sukunimi[a]jamk.fi 4 Henkil\u00f6tietojen k\u00e4sittely ja sen tarkoitusHenkil\u00f6tietoja ker\u00e4t\u00e4\u00e4n ja k\u00e4sitell\u00e4\u00e4n ammattikorkeakoulun jatkuvan oppimisen koulutusten opiskelijailmoittautumiseen ja [&hellip;]","og_url":"https:\/\/help.jamk.fi\/tietosuoja\/fi\/opiskelija-opetus\/peppi-maksullinen-koulutus-tietosuojaseloste-2\/","og_site_name":"Tietosuoja","article_modified_time":"2026-03-23T11:57:31+00:00","twitter_card":"summary_large_image","twitter_misc":{"Arvioitu lukuaika":"3 minuuttia"},"schema":{"@context":"https:\/\/schema.org","@graph":[{"@type":"WebPage","@id":"https:\/\/help.jamk.fi\/tietosuoja\/fi\/opiskelija-opetus\/peppi-maksullinen-koulutus-tietosuojaseloste-2\/","url":"https:\/\/help.jamk.fi\/tietosuoja\/fi\/opiskelija-opetus\/peppi-maksullinen-koulutus-tietosuojaseloste-2\/","name":"Peppi maksullinen koulutus - tietosuojaseloste - Tietosuoja","isPartOf":{"@id":"https:\/\/help.jamk.fi\/tietosuoja\/#website"},"datePublished":"2024-10-23T11:40:50+00:00","dateModified":"2026-03-23T11:57:31+00:00","breadcrumb":{"@id":"https:\/\/help.jamk.fi\/tietosuoja\/fi\/opiskelija-opetus\/peppi-maksullinen-koulutus-tietosuojaseloste-2\/#breadcrumb"},"inLanguage":"fi","potentialAction":[{"@type":"ReadAction","target":["https:\/\/help.jamk.fi\/tietosuoja\/fi\/opiskelija-opetus\/peppi-maksullinen-koulutus-tietosuojaseloste-2\/"]}]},{"@type":"BreadcrumbList","@id":"https:\/\/help.jamk.fi\/tietosuoja\/fi\/opiskelija-opetus\/peppi-maksullinen-koulutus-tietosuojaseloste-2\/#breadcrumb","itemListElement":[{"@type":"ListItem","position":1,"name":"Etusivu","item":"https:\/\/help.jamk.fi\/tietosuoja\/fi\/"},{"@type":"ListItem","position":2,"name":"Opiskelija &#8211; Opetus","item":"https:\/\/help.jamk.fi\/tietosuoja\/fi\/opiskelija-opetus\/"},{"@type":"ListItem","position":3,"name":"Peppi maksullinen koulutus &#8211; tietosuojaseloste"}]},{"@type":"WebSite","@id":"https:\/\/help.jamk.fi\/tietosuoja\/#website","url":"https:\/\/help.jamk.fi\/tietosuoja\/","name":"Tietosuoja","description":"","potentialAction":[{"@type":"SearchAction","target":{"@type":"EntryPoint","urlTemplate":"https:\/\/help.jamk.fi\/tietosuoja\/?s={search_term_string}"},"query-input":{"@type":"PropertyValueSpecification","valueRequired":true,"valueName":"search_term_string"}}],"inLanguage":"fi"}]}},"_links":{"self":[{"href":"https:\/\/help.jamk.fi\/tietosuoja\/wp-json\/wp\/v2\/pages\/976","targetHints":{"allow":["GET"]}}],"collection":[{"href":"https:\/\/help.jamk.fi\/tietosuoja\/wp-json\/wp\/v2\/pages"}],"about":[{"href":"https:\/\/help.jamk.fi\/tietosuoja\/wp-json\/wp\/v2\/types\/page"}],"author":[{"embeddable":true,"href":"https:\/\/help.jamk.fi\/tietosuoja\/wp-json\/wp\/v2\/users\/178"}],"replies":[{"embeddable":true,"href":"https:\/\/help.jamk.fi\/tietosuoja\/wp-json\/wp\/v2\/comments?post=976"}],"version-history":[{"count":2,"href":"https:\/\/help.jamk.fi\/tietosuoja\/wp-json\/wp\/v2\/pages\/976\/revisions"}],"predecessor-version":[{"id":1125,"href":"https:\/\/help.jamk.fi\/tietosuoja\/wp-json\/wp\/v2\/pages\/976\/revisions\/1125"}],"up":[{"embeddable":true,"href":"https:\/\/help.jamk.fi\/tietosuoja\/wp-json\/wp\/v2\/pages\/541"}],"wp:attachment":[{"href":"https:\/\/help.jamk.fi\/tietosuoja\/wp-json\/wp\/v2\/media?parent=976"}],"wp:term":[{"taxonomy":"category","embeddable":true,"href":"https:\/\/help.jamk.fi\/tietosuoja\/wp-json\/wp\/v2\/categories?post=976"},{"taxonomy":"post_tag","embeddable":true,"href":"https:\/\/help.jamk.fi\/tietosuoja\/wp-json\/wp\/v2\/tags?post=976"}],"curies":[{"name":"wp","href":"https:\/\/api.w.org\/{rel}","templated":true}]}}