{"id":987,"date":"2024-12-16T10:33:25","date_gmt":"2024-12-16T08:33:25","guid":{"rendered":"https:\/\/help.jamk.fi\/tietosuoja\/?page_id=987"},"modified":"2024-12-16T10:33:25","modified_gmt":"2024-12-16T08:33:25","slug":"tietosuojaseloste-secapp","status":"publish","type":"page","link":"https:\/\/help.jamk.fi\/tietosuoja\/fi\/turvallisuus\/tietosuojaseloste-secapp\/","title":{"rendered":"Tietosuojaseloste Secapp"},"content":{"rendered":"\n<p><strong>1 Rekisterin nimi<\/strong><br>Secapp \u2013 turvallisuus- ja viestint\u00e4j\u00e4rjestelm\u00e4<br><\/p>\n\n\n\n<p><strong>2 Rekisterinpit\u00e4j\u00e4<\/strong><br>Jyv\u00e4skyl\u00e4n Ammattikorkeakoulu Oy<br>PL207, 40101 Jyv\u00e4skyl\u00e4n Ammattikorkeakoulu<br>+358 20 743 8100<\/p>\n\n\n\n<p><br><strong>3 Yhteyshenkil\u00f6t rekisteri\u00e4 koskevissa asioissa, yhteystiedot virka-aikana<\/strong><br>Rekisterin vastaavan johtajan tai prosessin omistaja: Hallintojohtaja<br>Sis\u00e4ll\u00f6llinen p\u00e4\u00e4k\u00e4ytt\u00e4j\u00e4: Turvallisuuskoordinaattori, toimitilapalvelut<br>Tekninen p\u00e4\u00e4k\u00e4ytt\u00e4j\u00e4: J\u00e4rjestelm\u00e4suunnittelija, ICT- palvelut<br><\/p>\n\n\n\n<p><strong>4 Henkil\u00f6tietojen k\u00e4sittelyn tarkoitus<\/strong><br>Secapp-j\u00e4rjestelm\u00e4\u00e4 k\u00e4ytet\u00e4\u00e4n turvallisuuteen liittyvien ryhm\u00e4h\u00e4lytysviestien l\u00e4hett\u00e4miseen ja vastaanottamiseen. Viestint\u00e4ryhmi\u00e4 ovat Jamkin henkil\u00f6kunta, opiskelijat ja ulkoiset palveluntarjoajat. J\u00e4rjestelm\u00e4st\u00e4 on tehty integraatio Tuudo-sovellukseen, mihin opiskelijat saavat turvallisuuteen liittyv\u00e4t viestit. Opiskelijoiden henkil\u00f6tietoja ei k\u00e4sitell\u00e4 Secapp-j\u00e4rjestelm\u00e4ss\u00e4.<br>J\u00e4rjestelm\u00e4ll\u00e4 on turvattu my\u00f6s tiettyjen ty\u00f6pisteiden yksinty\u00f6skentely ja asiakaspalveluty\u00f6skentely. H\u00e4lytyspainikkeet on asennettu henkil\u00f6iden puhelimiin ja tietokoneisiin, joilla he voivat h\u00e4lytt\u00e4\u00e4 paikalle vahtimestaritiimin j\u00e4seni\u00e4.<br>J\u00e4rjestelm\u00e4\u00e4 k\u00e4ytet\u00e4\u00e4n my\u00f6s valintakokeissa valintakoevalvojien ty\u00f6kaluna. He voivat Secappin v\u00e4lityksell\u00e4 pyyt\u00e4\u00e4 apua erin\u00e4isiin tilanteisiin valintakoetilassa.<br><\/p>\n\n\n\n<p><strong>5 Rekisterin tietosis\u00e4lt\u00f6<\/strong><br>Henkil\u00f6tietoja k\u00e4sitell\u00e4\u00e4n Jamkin henkil\u00f6tietojen k\u00e4sittelyohjeen mukaisesti.<br>Ker\u00e4tt\u00e4v\u00e4 tietosis\u00e4lt\u00f6:<\/p>\n\n\n\n<ul class=\"wp-block-list\">\n<li>Nimi<\/li>\n\n\n\n<li>S\u00e4hk\u00f6postiosoite<\/li>\n\n\n\n<li>Puhelinnumero<\/li>\n\n\n\n<li>Sijainti, kun h\u00e4lytyspainike on aktivoitu. Sijaintitieto n\u00e4kyy h\u00e4lytyspainikkeen painalluksesta 2 tuntia karttapohjalla. T\u00e4m\u00e4n tarkoituksena on auttaa h\u00e4lytykseen vastaavia paikallistamaan henkil\u00f6. Edell\u00e4 mainittu toiminto toimii vain, mik\u00e4li henkil\u00f6 on sallinut sijaintitietojen seurannan ja h\u00e4nelle on luotu j\u00e4rjestelm\u00e4\u00e4n h\u00e4lytyspainike.<\/li>\n<\/ul>\n\n\n\n<p><\/p>\n\n\n\n<p><strong>6 K\u00e4sittelyperuste<\/strong><br>Lakis\u00e4\u00e4teinen velvoite. Organisaation t\u00e4ytyy kyet\u00e4 tuottamaan kriisiviestint\u00e4\u00e4 henkil\u00f6st\u00f6lleen.<\/p>\n\n\n\n<p><br><strong>7 S\u00e4\u00e4nn\u00f6nmukaiset tietol\u00e4hteet<\/strong><br>Henkil\u00f6kunnan tiedot siirret\u00e4\u00e4n palkkaj\u00e4rjestelm\u00e4st\u00e4. Ulkopuolisten palveluntarjojien tiedot siirret\u00e4\u00e4n IDM:st\u00e4.<\/p>\n\n\n\n<p><\/p>\n\n\n\n<p><strong>8 S\u00e4\u00e4nn\u00f6nmukaiset tietojen luovutukset ja tietojen siirto EU:n tai Euroopan talousalueen ulkopuolelle<\/strong><br>Tietoja ei siirret\u00e4 EU:n tai ETA-alueen ulkopuolelle ja\/ tai kansainv\u00e4lisille j\u00e4rjest\u00f6ille.<\/p>\n\n\n\n<p><\/p>\n\n\n\n<p><strong>9 Rekisterin suojauksen periaatteet<\/strong><br>Palvelimet sijaitsevat palveluntarjoan tiloissa.<br>Palveluntarjoaja vastaa teknisest\u00e4 ja tietoturvallisesta suojauksesta. Palveluntarjoaja voi esimerkiksi teknisiss\u00e4 selvityksiss\u00e4 joutua k\u00e4sittelem\u00e4\u00e4n henkil\u00f6tietoja. Palveluntarjoajan henkil\u00f6st\u00f6 sitoutuu k\u00e4sittelem\u00e4\u00e4n henkil\u00f6tietoja tietoturvallisesti, luottamuksellisesti ja vain tuottaakseen palvelua.<br>Palveluntarjoajan tietosuojaseloste https:\/\/www.secapp.fi\/fi\/tietosuojaseloste\/ <\/p>\n\n\n\n<p><\/p>\n\n\n\n<p><strong>10 Henkil\u00f6tietojen s\u00e4ilytt\u00e4misaika tai s\u00e4ilytt\u00e4misajan m\u00e4\u00e4ritt\u00e4miskriteerit<\/strong><br>Palveluntarjoajan velvollisuus s\u00e4ilytt\u00e4\u00e4 tilaajan aineistoa p\u00e4\u00e4ttyy kuudenkymmenen (60) p\u00e4iv\u00e4n kuluttua sopimuksen p\u00e4\u00e4ttymisest\u00e4, jonka j\u00e4lkeen palveluntarjoajalla on velvollisuus kustannuksellaan tuhota tilaajan aineisto, ellei tilaaja ole t\u00e4t\u00e4 ennen pyyt\u00e4nyt aineiston palauttamista. Palvelussa k\u00e4ytet\u00e4\u00e4n JIT2015-sopimusehtoja.<br>Kun k\u00e4ytt\u00e4j\u00e4 poistetaan Jamkin j\u00e4rjestelmist\u00e4 h\u00e4nen k\u00e4ytt\u00e4j\u00e4tunnuksensa poistuu Secappista, jos samaa tunnusta ei ole yhdistetty mihink\u00e4\u00e4n muuhun Secappin asiakasorganisaatioon. Kaikkea tietoa ei poisteta, vaan esimerkiksi k\u00e4ytt\u00e4j\u00e4n muiden Jamkin k\u00e4ytt\u00e4jien kanssa k\u00e4ymiin ryhm\u00e4keskusteluihin j\u00e4\u00e4v\u00e4t h\u00e4nen aiemmin kirjoittamansa viestit, ja ne poistuvat tyypillisesti vasta koko asiakkuuden tietojen poiston yhteydess\u00e4.<\/p>\n\n\n\n<p><\/p>\n\n\n\n<p><strong>11 Profilointi ja automaattinen p\u00e4\u00e4t\u00f6ksenteko<\/strong><br>Ei sis\u00e4lly<\/p>\n\n\n\n<p><\/p>\n\n\n\n<p><strong>12 Rekister\u00f6idyn oikeudet<\/strong><br>Rekister\u00f6idyll\u00e4 on tietosuoja-asetuksen nojalla oikeus:<br>\u2022 Suostumuksen peruuttamiseen<br>\u2022 P\u00e4\u00e4sy omiin henkil\u00f6tietoihin<br>\u2022 Oikeus saada virheet korjatuksi<br>\u2022 Oikeus kielt\u00e4\u00e4 suoramarkkinointi<br>\u2022 Oikeus vastustaa k\u00e4sittely\u00e4<br>\u2022 Oikeus rajoittaa k\u00e4sittely\u00e4<br>\u2022 Oikeus saada tiedot siirretyksi.<\/p>\n\n\n\n<p>Rekister\u00f6idyn oikeuksien toteuttamiseksi pyydet\u00e4\u00e4n tekem\u00e4\u00e4n pyynt\u00f6 Jamkin tietosuojavastaavalle tietosuoja@jamk.fi. Jamkin tietosuojavastaavasta ja rekister\u00f6idyn oikeuksista ja niiden toteuttamisesta kerrotaan lis\u00e4\u00e4 Jamkin henkil\u00f6tietojen k\u00e4sittelyohjeessa ja yleisess\u00e4 tietosuojaselosteessa https:\/\/www.jamk.fi\/fi\/jamk\/tietosuoja-jamkissa<\/p>\n","protected":false},"excerpt":{"rendered":"<p>1 Rekisterin nimiSecapp \u2013 turvallisuus- ja viestint\u00e4j\u00e4rjestelm\u00e4 2 Rekisterinpit\u00e4j\u00e4Jyv\u00e4skyl\u00e4n Ammattikorkeakoulu OyPL207, 40101 Jyv\u00e4skyl\u00e4n Ammattikorkeakoulu+358 20 743 8100 3 Yhteyshenkil\u00f6t rekisteri\u00e4 koskevissa asioissa, yhteystiedot virka-aikanaRekisterin vastaavan johtajan tai prosessin omistaja: HallintojohtajaSis\u00e4ll\u00f6llinen p\u00e4\u00e4k\u00e4ytt\u00e4j\u00e4: Turvallisuuskoordinaattori, toimitilapalvelutTekninen p\u00e4\u00e4k\u00e4ytt\u00e4j\u00e4: J\u00e4rjestelm\u00e4suunnittelija, ICT- palvelut 4 Henkil\u00f6tietojen k\u00e4sittelyn tarkoitusSecapp-j\u00e4rjestelm\u00e4\u00e4 k\u00e4ytet\u00e4\u00e4n turvallisuuteen liittyvien ryhm\u00e4h\u00e4lytysviestien l\u00e4hett\u00e4miseen ja vastaanottamiseen. Viestint\u00e4ryhmi\u00e4 ovat Jamkin henkil\u00f6kunta, opiskelijat ja ulkoiset [&hellip;]<\/p>\n","protected":false},"author":178,"featured_media":0,"parent":550,"menu_order":0,"comment_status":"closed","ping_status":"closed","template":"","meta":{"_acf_changed":false,"_relevanssi_hide_post":"","_relevanssi_hide_content":"","_relevanssi_pin_for_all":"","_relevanssi_pin_keywords":"","_relevanssi_unpin_keywords":"","_relevanssi_related_keywords":"","_relevanssi_related_include_ids":"","_relevanssi_related_exclude_ids":"","_relevanssi_related_no_append":"","_relevanssi_related_not_related":"","_relevanssi_related_posts":"","_relevanssi_noindex_reason":"","footnotes":""},"categories":[],"tags":[],"class_list":["post-987","page","type-page","status-publish","hentry"],"acf":[],"yoast_head":"<!-- This site is optimized with the Yoast SEO plugin v27.4 - https:\/\/yoast.com\/product\/yoast-seo-wordpress\/ -->\n<title>Tietosuojaseloste Secapp - Tietosuoja<\/title>\n<meta name=\"robots\" content=\"index, follow, max-snippet:-1, max-image-preview:large, max-video-preview:-1\" \/>\n<link rel=\"canonical\" href=\"https:\/\/help.jamk.fi\/tietosuoja\/fi\/turvallisuus\/tietosuojaseloste-secapp\/\" \/>\n<meta property=\"og:locale\" content=\"fi_FI\" \/>\n<meta property=\"og:type\" content=\"article\" \/>\n<meta property=\"og:title\" content=\"Tietosuojaseloste Secapp - Tietosuoja\" \/>\n<meta property=\"og:description\" content=\"1 Rekisterin nimiSecapp \u2013 turvallisuus- ja viestint\u00e4j\u00e4rjestelm\u00e4 2 Rekisterinpit\u00e4j\u00e4Jyv\u00e4skyl\u00e4n Ammattikorkeakoulu OyPL207, 40101 Jyv\u00e4skyl\u00e4n Ammattikorkeakoulu+358 20 743 8100 3 Yhteyshenkil\u00f6t rekisteri\u00e4 koskevissa asioissa, yhteystiedot virka-aikanaRekisterin vastaavan johtajan tai prosessin omistaja: HallintojohtajaSis\u00e4ll\u00f6llinen p\u00e4\u00e4k\u00e4ytt\u00e4j\u00e4: Turvallisuuskoordinaattori, toimitilapalvelutTekninen p\u00e4\u00e4k\u00e4ytt\u00e4j\u00e4: J\u00e4rjestelm\u00e4suunnittelija, ICT- palvelut 4 Henkil\u00f6tietojen k\u00e4sittelyn tarkoitusSecapp-j\u00e4rjestelm\u00e4\u00e4 k\u00e4ytet\u00e4\u00e4n turvallisuuteen liittyvien ryhm\u00e4h\u00e4lytysviestien l\u00e4hett\u00e4miseen ja vastaanottamiseen. Viestint\u00e4ryhmi\u00e4 ovat Jamkin henkil\u00f6kunta, opiskelijat ja ulkoiset [&hellip;]\" \/>\n<meta property=\"og:url\" content=\"https:\/\/help.jamk.fi\/tietosuoja\/fi\/turvallisuus\/tietosuojaseloste-secapp\/\" \/>\n<meta property=\"og:site_name\" content=\"Tietosuoja\" \/>\n<meta name=\"twitter:card\" content=\"summary_large_image\" \/>\n<meta name=\"twitter:label1\" content=\"Arvioitu lukuaika\" \/>\n\t<meta name=\"twitter:data1\" content=\"3 minuuttia\" \/>\n<script type=\"application\/ld+json\" class=\"yoast-schema-graph\">{\"@context\":\"https:\\\/\\\/schema.org\",\"@graph\":[{\"@type\":\"WebPage\",\"@id\":\"https:\\\/\\\/help.jamk.fi\\\/tietosuoja\\\/fi\\\/turvallisuus\\\/tietosuojaseloste-secapp\\\/\",\"url\":\"https:\\\/\\\/help.jamk.fi\\\/tietosuoja\\\/fi\\\/turvallisuus\\\/tietosuojaseloste-secapp\\\/\",\"name\":\"Tietosuojaseloste Secapp - Tietosuoja\",\"isPartOf\":{\"@id\":\"https:\\\/\\\/help.jamk.fi\\\/tietosuoja\\\/#website\"},\"datePublished\":\"2024-12-16T08:33:25+00:00\",\"breadcrumb\":{\"@id\":\"https:\\\/\\\/help.jamk.fi\\\/tietosuoja\\\/fi\\\/turvallisuus\\\/tietosuojaseloste-secapp\\\/#breadcrumb\"},\"inLanguage\":\"fi\",\"potentialAction\":[{\"@type\":\"ReadAction\",\"target\":[\"https:\\\/\\\/help.jamk.fi\\\/tietosuoja\\\/fi\\\/turvallisuus\\\/tietosuojaseloste-secapp\\\/\"]}]},{\"@type\":\"BreadcrumbList\",\"@id\":\"https:\\\/\\\/help.jamk.fi\\\/tietosuoja\\\/fi\\\/turvallisuus\\\/tietosuojaseloste-secapp\\\/#breadcrumb\",\"itemListElement\":[{\"@type\":\"ListItem\",\"position\":1,\"name\":\"Etusivu\",\"item\":\"https:\\\/\\\/help.jamk.fi\\\/tietosuoja\\\/fi\\\/\"},{\"@type\":\"ListItem\",\"position\":2,\"name\":\"Turvallisuus\",\"item\":\"https:\\\/\\\/help.jamk.fi\\\/tietosuoja\\\/fi\\\/turvallisuus\\\/\"},{\"@type\":\"ListItem\",\"position\":3,\"name\":\"Tietosuojaseloste Secapp\"}]},{\"@type\":\"WebSite\",\"@id\":\"https:\\\/\\\/help.jamk.fi\\\/tietosuoja\\\/#website\",\"url\":\"https:\\\/\\\/help.jamk.fi\\\/tietosuoja\\\/\",\"name\":\"Tietosuoja\",\"description\":\"\",\"potentialAction\":[{\"@type\":\"SearchAction\",\"target\":{\"@type\":\"EntryPoint\",\"urlTemplate\":\"https:\\\/\\\/help.jamk.fi\\\/tietosuoja\\\/?s={search_term_string}\"},\"query-input\":{\"@type\":\"PropertyValueSpecification\",\"valueRequired\":true,\"valueName\":\"search_term_string\"}}],\"inLanguage\":\"fi\"}]}<\/script>\n<!-- \/ Yoast SEO plugin. -->","yoast_head_json":{"title":"Tietosuojaseloste Secapp - Tietosuoja","robots":{"index":"index","follow":"follow","max-snippet":"max-snippet:-1","max-image-preview":"max-image-preview:large","max-video-preview":"max-video-preview:-1"},"canonical":"https:\/\/help.jamk.fi\/tietosuoja\/fi\/turvallisuus\/tietosuojaseloste-secapp\/","og_locale":"fi_FI","og_type":"article","og_title":"Tietosuojaseloste Secapp - Tietosuoja","og_description":"1 Rekisterin nimiSecapp \u2013 turvallisuus- ja viestint\u00e4j\u00e4rjestelm\u00e4 2 Rekisterinpit\u00e4j\u00e4Jyv\u00e4skyl\u00e4n Ammattikorkeakoulu OyPL207, 40101 Jyv\u00e4skyl\u00e4n Ammattikorkeakoulu+358 20 743 8100 3 Yhteyshenkil\u00f6t rekisteri\u00e4 koskevissa asioissa, yhteystiedot virka-aikanaRekisterin vastaavan johtajan tai prosessin omistaja: HallintojohtajaSis\u00e4ll\u00f6llinen p\u00e4\u00e4k\u00e4ytt\u00e4j\u00e4: Turvallisuuskoordinaattori, toimitilapalvelutTekninen p\u00e4\u00e4k\u00e4ytt\u00e4j\u00e4: J\u00e4rjestelm\u00e4suunnittelija, ICT- palvelut 4 Henkil\u00f6tietojen k\u00e4sittelyn tarkoitusSecapp-j\u00e4rjestelm\u00e4\u00e4 k\u00e4ytet\u00e4\u00e4n turvallisuuteen liittyvien ryhm\u00e4h\u00e4lytysviestien l\u00e4hett\u00e4miseen ja vastaanottamiseen. Viestint\u00e4ryhmi\u00e4 ovat Jamkin henkil\u00f6kunta, opiskelijat ja ulkoiset [&hellip;]","og_url":"https:\/\/help.jamk.fi\/tietosuoja\/fi\/turvallisuus\/tietosuojaseloste-secapp\/","og_site_name":"Tietosuoja","twitter_card":"summary_large_image","twitter_misc":{"Arvioitu lukuaika":"3 minuuttia"},"schema":{"@context":"https:\/\/schema.org","@graph":[{"@type":"WebPage","@id":"https:\/\/help.jamk.fi\/tietosuoja\/fi\/turvallisuus\/tietosuojaseloste-secapp\/","url":"https:\/\/help.jamk.fi\/tietosuoja\/fi\/turvallisuus\/tietosuojaseloste-secapp\/","name":"Tietosuojaseloste Secapp - Tietosuoja","isPartOf":{"@id":"https:\/\/help.jamk.fi\/tietosuoja\/#website"},"datePublished":"2024-12-16T08:33:25+00:00","breadcrumb":{"@id":"https:\/\/help.jamk.fi\/tietosuoja\/fi\/turvallisuus\/tietosuojaseloste-secapp\/#breadcrumb"},"inLanguage":"fi","potentialAction":[{"@type":"ReadAction","target":["https:\/\/help.jamk.fi\/tietosuoja\/fi\/turvallisuus\/tietosuojaseloste-secapp\/"]}]},{"@type":"BreadcrumbList","@id":"https:\/\/help.jamk.fi\/tietosuoja\/fi\/turvallisuus\/tietosuojaseloste-secapp\/#breadcrumb","itemListElement":[{"@type":"ListItem","position":1,"name":"Etusivu","item":"https:\/\/help.jamk.fi\/tietosuoja\/fi\/"},{"@type":"ListItem","position":2,"name":"Turvallisuus","item":"https:\/\/help.jamk.fi\/tietosuoja\/fi\/turvallisuus\/"},{"@type":"ListItem","position":3,"name":"Tietosuojaseloste Secapp"}]},{"@type":"WebSite","@id":"https:\/\/help.jamk.fi\/tietosuoja\/#website","url":"https:\/\/help.jamk.fi\/tietosuoja\/","name":"Tietosuoja","description":"","potentialAction":[{"@type":"SearchAction","target":{"@type":"EntryPoint","urlTemplate":"https:\/\/help.jamk.fi\/tietosuoja\/?s={search_term_string}"},"query-input":{"@type":"PropertyValueSpecification","valueRequired":true,"valueName":"search_term_string"}}],"inLanguage":"fi"}]}},"_links":{"self":[{"href":"https:\/\/help.jamk.fi\/tietosuoja\/wp-json\/wp\/v2\/pages\/987","targetHints":{"allow":["GET"]}}],"collection":[{"href":"https:\/\/help.jamk.fi\/tietosuoja\/wp-json\/wp\/v2\/pages"}],"about":[{"href":"https:\/\/help.jamk.fi\/tietosuoja\/wp-json\/wp\/v2\/types\/page"}],"author":[{"embeddable":true,"href":"https:\/\/help.jamk.fi\/tietosuoja\/wp-json\/wp\/v2\/users\/178"}],"replies":[{"embeddable":true,"href":"https:\/\/help.jamk.fi\/tietosuoja\/wp-json\/wp\/v2\/comments?post=987"}],"version-history":[{"count":1,"href":"https:\/\/help.jamk.fi\/tietosuoja\/wp-json\/wp\/v2\/pages\/987\/revisions"}],"predecessor-version":[{"id":988,"href":"https:\/\/help.jamk.fi\/tietosuoja\/wp-json\/wp\/v2\/pages\/987\/revisions\/988"}],"up":[{"embeddable":true,"href":"https:\/\/help.jamk.fi\/tietosuoja\/wp-json\/wp\/v2\/pages\/550"}],"wp:attachment":[{"href":"https:\/\/help.jamk.fi\/tietosuoja\/wp-json\/wp\/v2\/media?parent=987"}],"wp:term":[{"taxonomy":"category","embeddable":true,"href":"https:\/\/help.jamk.fi\/tietosuoja\/wp-json\/wp\/v2\/categories?post=987"},{"taxonomy":"post_tag","embeddable":true,"href":"https:\/\/help.jamk.fi\/tietosuoja\/wp-json\/wp\/v2\/tags?post=987"}],"curies":[{"name":"wp","href":"https:\/\/api.w.org\/{rel}","templated":true}]}}