{"id":990,"date":"2024-12-16T12:14:20","date_gmt":"2024-12-16T10:14:20","guid":{"rendered":"https:\/\/help.jamk.fi\/tietosuoja\/?page_id=990"},"modified":"2024-12-16T12:14:21","modified_gmt":"2024-12-16T10:14:21","slug":"tietosuojaseloste-tilavarausjarjestelma","status":"publish","type":"page","link":"https:\/\/help.jamk.fi\/tietosuoja\/fi\/yleishallinto\/tietosuojaseloste-tilavarausjarjestelma\/","title":{"rendered":"Tietosuojaseloste tilavarausj\u00e4rjestelm\u00e4"},"content":{"rendered":"\n<p>Tietosuoja-asetus 2016\/679<\/p>\n\n\n\n<p><\/p>\n\n\n\n<p><strong>1 Rekisterinpit\u00e4j\u00e4 <\/strong><\/p>\n\n\n\n<p>Jyv\u00e4skyl\u00e4n Ammattikorkeakoulu Oy<br>PL 207, 40101 Jyv\u00e4skyl\u00e4<br>+358 20 743 8100<\/p>\n\n\n\n<p><strong>2 Rekisterinpit\u00e4j\u00e4n yhteyshenkil\u00f6t<\/strong><\/p>\n\n\n\n<p>Rekisterist\u00e4 vastaava johtaja: hallintojohtaja<br>Rekisterist\u00e4 vastaavan prosessin omistaja: palvelup\u00e4\u00e4llikk\u00f6<br>Sis\u00e4ll\u00f6llinen p\u00e4\u00e4k\u00e4ytt\u00e4j\u00e4: suunnittelija, toimitilapalvelut<br>Tekninen p\u00e4\u00e4k\u00e4ytt\u00e4j\u00e4: j\u00e4rjestelm\u00e4suunnittelija, ICT-palvelut<\/p>\n\n\n\n<p>etunimi.sukunimi@jamk.fi<\/p>\n\n\n\n<p><strong>3 Rekisterin tiedot<\/strong><\/p>\n\n\n\n<p>Jamk ker\u00e4\u00e4 rekisterinpit\u00e4j\u00e4n\u00e4 henkil\u00f6tietoja Pepin resurssien suunnitteluun ja varausj\u00e4rjestelm\u00e4\u00e4n. Palvelu on osa Pepin opintohallintoj\u00e4rjestelm\u00e4\u00e4.<\/p>\n\n\n\n<p>Tiloja varaamalla hoidetaan opetuksen j\u00e4rjest\u00e4minen sek\u00e4 muiden ammattikorkeakoulun toimintaan liittyvien tilojen varaus. Varauksia voi tehd\u00e4 kolmella eri statuksella. Opetuksen suunnitteluvaiheessa varausten tiedot n\u00e4kev\u00e4t vain lukuj\u00e4rjestyksen tekij\u00e4t ja yll\u00e4pit\u00e4j\u00e4t. Opettajat n\u00e4kev\u00e4t varaukset seuraavassa vaiheessa. Julkaistut eli valmiit varaukset n\u00e4kev\u00e4t kaikki kirjautuneet k\u00e4ytt\u00e4j\u00e4t. J\u00e4rjestelm\u00e4st\u00e4 saadaan tietoa tilojen varaamisesta sek\u00e4 siit\u00e4, kuinka eri ryhmien ja opettajien lukuj\u00e4rjestykset menev\u00e4t. Yksi\u00f6iden lukuj\u00e4rjestyssuunnittelijat tekev\u00e4t opetukseen liittyv\u00e4t varaukset. Henkil\u00f6kunnalla on rajatut varausoikeudet, samaten opiskelijoilla. J\u00e4rjestelm\u00e4\u00e4n kirjaudutaan ja oikeudet tulevat Jamkin k\u00e4ytt\u00e4j\u00e4hallinnasta.<\/p>\n\n\n\n<p>Rekisteriin ker\u00e4t\u00e4\u00e4n seuraavia tietoja:<\/p>\n\n\n\n<ul class=\"wp-block-list\">\n<li>varauksen tekij\u00e4n nimi<\/li>\n\n\n\n<li>sen nimi, kenelle varaus on tehty<\/li>\n<\/ul>\n\n\n\n<p><strong>4 Henkil\u00f6tietojen k\u00e4sittelyn tarkoitus ja perusteet, rekister\u00f6ityjen ryhm\u00e4t<\/strong><\/p>\n\n\n\n<p>K\u00e4sittelyn tarkoituksena on tilojen varaaminen ja opetuksen j\u00e4rjest\u00e4minen<\/p>\n\n\n\n<p>Jamk ker\u00e4\u00e4 ja k\u00e4sittelee rekisterinpit\u00e4j\u00e4n\u00e4 henkil\u00f6tietoja tilojen varaamiseen ja opetukseen liittyviss\u00e4 teht\u00e4viss\u00e4. Henkil\u00f6tietoja k\u00e4sitell\u00e4\u00e4n Jamkin lakis\u00e4\u00e4teisen teht\u00e4v\u00e4n (Ammattikorkeakoululaki 932\/2014) suorittamista varten sek\u00e4 oikeutetun edun (ty\u00f6suhde) nojalla. Henkil\u00f6tietoja k\u00e4sitell\u00e4\u00e4n Jamkin henkil\u00f6tietojen k\u00e4sittelyohjeen ja yleisen tietosuojaselosteen https:\/\/www.jamk.fi\/fi\/jamk\/tietosuoja-jamkissa mukaisesti.<\/p>\n\n\n\n<p>Tilojen varaamisen yhteydess\u00e4 n\u00e4kyy varauksen tehneen nimi sek\u00e4 kenelle varaus on tehty. Opetukseen liittyviss\u00e4 varauksissa n\u00e4kyy opettaja(t) ja ryhm\u00e4(t), joille varaus on tehty. Varaustiedot n\u00e4kev\u00e4t ainoastaan kirjautuneet k\u00e4ytt\u00e4j\u00e4t. Varauksia voivat tehd\u00e4 niin henkil\u00f6kunta kuin opiskelijat sek\u00e4 osa palveluntuottajista, esimerkiksi siivouspalvelut.<\/p>\n\n\n\n<p>Varauskalentereita voivat katsoa kirjautuneet k\u00e4ytt\u00e4j\u00e4t niin tilojen, henkil\u00f6iden, ryhmien sek\u00e4 toteutusten n\u00e4k\u00f6kulmasta. Varauksella n\u00e4kyv\u00e4t edell\u00e4 mainitut tiedot sek\u00e4 varauksen tekij\u00e4n nimi.<\/p>\n\n\n\n<p>Rekister\u00f6ityjen ryhm\u00e4t:<br>Jamkin ty\u00f6ntekij\u00e4t<br>Jamkin opiskelijat<br>Tiloja varaavat tai varauksia ty\u00f6teht\u00e4vien hoitamiseen tarvitsevat palveluntuottajat, esimerkiksi siivous- ja ravintolapalvelut<\/p>\n\n\n\n<p><strong>5<\/strong> <strong>Henkil\u00f6tietojen k\u00e4sittelij\u00e4t<\/strong><\/p>\n\n\n\n<p>Henkil\u00f6tietoja k\u00e4sittelev\u00e4t Jamkissa p\u00e4\u00e4k\u00e4ytt\u00e4j\u00e4t. K\u00e4ytt\u00f6oikeuksien hallinnointi on keskitetty. Palvelusta ei synny manuaalista tietoaineistoa.<\/p>\n\n\n\n<p>Henkil\u00f6tietojen k\u00e4sittely\u00e4 ei ole ulkoistettu.<\/p>\n\n\n\n<p><strong>6 Tietol\u00e4hteet<\/strong><\/p>\n\n\n\n<p>S\u00e4\u00e4nn\u00f6nmukaisena tietol\u00e4hteen\u00e4 on Azure AD -k\u00e4ytt\u00e4j\u00e4hakemisto sek\u00e4 henkil\u00f6 itse antamalla henkil\u00f6tietoja.<\/p>\n\n\n\n<ol class=\"wp-block-list\" start=\"6\"><\/ol>\n\n\n\n<p><strong>7 Henkil\u00f6tietojen s\u00e4ilytysaika<\/strong><\/p>\n\n\n\n<p>Tietoja s\u00e4ilytet\u00e4\u00e4n ty\u00f6suhteen voimassaolon ajan. Ty\u00f6suhteen p\u00e4\u00e4tytty\u00e4 p\u00e4\u00e4k\u00e4ytt\u00e4j\u00e4 poistaa kohtuullisessa ajassa ne henkil\u00f6tiedot, joita voimassa olevan lains\u00e4\u00e4d\u00e4nn\u00f6n vuoksi ei ole perusteltua s\u00e4ilytt\u00e4\u00e4.<\/p>\n\n\n\n<p><strong>8 Rekister\u00f6idyn oikeudet ja niiden toteuttaminen<\/strong><\/p>\n\n\n\n<p>Rekister\u00f6idyll\u00e4 on tietosuoja-asetuksen nojalla oikeus:<\/p>\n\n\n\n<ul class=\"wp-block-list\">\n<li>Suostumuksen peruuttamiseen<\/li>\n\n\n\n<li>P\u00e4\u00e4sy omiin henkil\u00f6tietoihin<\/li>\n\n\n\n<li>Oikeus saada virheet korjatuksi<\/li>\n\n\n\n<li>Oikeus kielt\u00e4\u00e4 suoramarkkinointi<\/li>\n\n\n\n<li>Oikeus vastustaa k\u00e4sittely\u00e4<\/li>\n\n\n\n<li>Oikeus rajoittaa k\u00e4sittely\u00e4<\/li>\n\n\n\n<li>Oikeus saada tiedot siirretyksi.<\/li>\n<\/ul>\n\n\n\n<p>Rekister\u00f6idyn oikeuksien toteuttamiseksi pyydet\u00e4\u00e4n tekem\u00e4\u00e4n pyynt\u00f6 Jamkin tietosuojavastaavalle tietosuoja@jamk.fi. Jamkin tietosuojavastaavasta ja rekister\u00f6idyn oikeuksista ja niiden toteuttamisesta kerrotaan lis\u00e4\u00e4 Jamkin henkil\u00f6tietojen k\u00e4sittelyohjeessa ja yleisess\u00e4 tietosuojaselosteessa https:\/\/www.jamk.fi\/fi\/jamk\/tietosuoja-jamkissa<\/p>\n\n\n\n<p><strong>9 Tietoturva<\/strong><\/p>\n\n\n\n<p>Ker\u00e4tt\u00e4v\u00e4 ja k\u00e4sitelt\u00e4v\u00e4 henkil\u00f6tieto pidet\u00e4\u00e4n luottamuksellisena eik\u00e4 sit\u00e4 ilmaista muille kuin sit\u00e4 ty\u00f6ss\u00e4\u00e4n tarvitseville. P\u00e4\u00e4sy henkil\u00f6tietoihin on suojattu k\u00e4ytt\u00e4j\u00e4kohtaisin tunnuksin, salasanoin ja k\u00e4ytt\u00f6oikeuksin.<\/p>\n\n\n\n<p><strong>10 Tietojensiirto<\/strong><\/p>\n\n\n\n<p>Henkil\u00f6tietoja tallennetaan vain EU- ja ETA-alueella ja k\u00e4sitell\u00e4\u00e4n vain EU- ja ETA-alueella.<\/p>\n\n\n\n<p><strong>11 Automaattinen p\u00e4\u00e4t\u00f6ksenteko ja profilointi<\/strong><\/p>\n\n\n\n<p>Rekisterin henkil\u00f6tietoihin ei kohdistu automaattista p\u00e4\u00e4t\u00f6ksentekoa eik\u00e4 profilointia.<\/p>\n","protected":false},"excerpt":{"rendered":"<p>Tietosuoja-asetus 2016\/679 1 Rekisterinpit\u00e4j\u00e4 Jyv\u00e4skyl\u00e4n Ammattikorkeakoulu OyPL 207, 40101 Jyv\u00e4skyl\u00e4+358 20 743 8100 2 Rekisterinpit\u00e4j\u00e4n yhteyshenkil\u00f6t Rekisterist\u00e4 vastaava johtaja: hallintojohtajaRekisterist\u00e4 vastaavan prosessin omistaja: palvelup\u00e4\u00e4llikk\u00f6Sis\u00e4ll\u00f6llinen p\u00e4\u00e4k\u00e4ytt\u00e4j\u00e4: suunnittelija, toimitilapalvelutTekninen p\u00e4\u00e4k\u00e4ytt\u00e4j\u00e4: j\u00e4rjestelm\u00e4suunnittelija, ICT-palvelut etunimi.sukunimi@jamk.fi 3 Rekisterin tiedot Jamk ker\u00e4\u00e4 rekisterinpit\u00e4j\u00e4n\u00e4 henkil\u00f6tietoja Pepin resurssien suunnitteluun ja varausj\u00e4rjestelm\u00e4\u00e4n. Palvelu on osa Pepin opintohallintoj\u00e4rjestelm\u00e4\u00e4. Tiloja varaamalla hoidetaan opetuksen j\u00e4rjest\u00e4minen sek\u00e4 muiden [&hellip;]<\/p>\n","protected":false},"author":178,"featured_media":0,"parent":494,"menu_order":0,"comment_status":"closed","ping_status":"closed","template":"","meta":{"_acf_changed":false,"_relevanssi_hide_post":"","_relevanssi_hide_content":"","_relevanssi_pin_for_all":"","_relevanssi_pin_keywords":"","_relevanssi_unpin_keywords":"","_relevanssi_related_keywords":"","_relevanssi_related_include_ids":"","_relevanssi_related_exclude_ids":"","_relevanssi_related_no_append":"","_relevanssi_related_not_related":"","_relevanssi_related_posts":"","_relevanssi_noindex_reason":"","footnotes":""},"categories":[],"tags":[],"class_list":["post-990","page","type-page","status-publish","hentry"],"acf":[],"yoast_head":"<!-- This site is optimized with the Yoast SEO plugin v27.4 - https:\/\/yoast.com\/product\/yoast-seo-wordpress\/ -->\n<title>Tietosuojaseloste tilavarausj\u00e4rjestelm\u00e4 - Tietosuoja<\/title>\n<meta name=\"robots\" content=\"index, follow, max-snippet:-1, max-image-preview:large, max-video-preview:-1\" \/>\n<link rel=\"canonical\" href=\"https:\/\/help.jamk.fi\/tietosuoja\/fi\/yleishallinto\/tietosuojaseloste-tilavarausjarjestelma\/\" \/>\n<meta property=\"og:locale\" content=\"fi_FI\" \/>\n<meta property=\"og:type\" content=\"article\" \/>\n<meta property=\"og:title\" content=\"Tietosuojaseloste tilavarausj\u00e4rjestelm\u00e4 - Tietosuoja\" \/>\n<meta property=\"og:description\" content=\"Tietosuoja-asetus 2016\/679 1 Rekisterinpit\u00e4j\u00e4 Jyv\u00e4skyl\u00e4n Ammattikorkeakoulu OyPL 207, 40101 Jyv\u00e4skyl\u00e4+358 20 743 8100 2 Rekisterinpit\u00e4j\u00e4n yhteyshenkil\u00f6t Rekisterist\u00e4 vastaava johtaja: hallintojohtajaRekisterist\u00e4 vastaavan prosessin omistaja: palvelup\u00e4\u00e4llikk\u00f6Sis\u00e4ll\u00f6llinen p\u00e4\u00e4k\u00e4ytt\u00e4j\u00e4: suunnittelija, toimitilapalvelutTekninen p\u00e4\u00e4k\u00e4ytt\u00e4j\u00e4: j\u00e4rjestelm\u00e4suunnittelija, ICT-palvelut etunimi.sukunimi@jamk.fi 3 Rekisterin tiedot Jamk ker\u00e4\u00e4 rekisterinpit\u00e4j\u00e4n\u00e4 henkil\u00f6tietoja Pepin resurssien suunnitteluun ja varausj\u00e4rjestelm\u00e4\u00e4n. Palvelu on osa Pepin opintohallintoj\u00e4rjestelm\u00e4\u00e4. Tiloja varaamalla hoidetaan opetuksen j\u00e4rjest\u00e4minen sek\u00e4 muiden [&hellip;]\" \/>\n<meta property=\"og:url\" content=\"https:\/\/help.jamk.fi\/tietosuoja\/fi\/yleishallinto\/tietosuojaseloste-tilavarausjarjestelma\/\" \/>\n<meta property=\"og:site_name\" content=\"Tietosuoja\" \/>\n<meta property=\"article:modified_time\" content=\"2024-12-16T10:14:21+00:00\" \/>\n<meta name=\"twitter:card\" content=\"summary_large_image\" \/>\n<meta name=\"twitter:label1\" content=\"Arvioitu lukuaika\" \/>\n\t<meta name=\"twitter:data1\" content=\"3 minuuttia\" \/>\n<script type=\"application\/ld+json\" class=\"yoast-schema-graph\">{\"@context\":\"https:\\\/\\\/schema.org\",\"@graph\":[{\"@type\":\"WebPage\",\"@id\":\"https:\\\/\\\/help.jamk.fi\\\/tietosuoja\\\/fi\\\/yleishallinto\\\/tietosuojaseloste-tilavarausjarjestelma\\\/\",\"url\":\"https:\\\/\\\/help.jamk.fi\\\/tietosuoja\\\/fi\\\/yleishallinto\\\/tietosuojaseloste-tilavarausjarjestelma\\\/\",\"name\":\"Tietosuojaseloste tilavarausj\u00e4rjestelm\u00e4 - Tietosuoja\",\"isPartOf\":{\"@id\":\"https:\\\/\\\/help.jamk.fi\\\/tietosuoja\\\/#website\"},\"datePublished\":\"2024-12-16T10:14:20+00:00\",\"dateModified\":\"2024-12-16T10:14:21+00:00\",\"breadcrumb\":{\"@id\":\"https:\\\/\\\/help.jamk.fi\\\/tietosuoja\\\/fi\\\/yleishallinto\\\/tietosuojaseloste-tilavarausjarjestelma\\\/#breadcrumb\"},\"inLanguage\":\"fi\",\"potentialAction\":[{\"@type\":\"ReadAction\",\"target\":[\"https:\\\/\\\/help.jamk.fi\\\/tietosuoja\\\/fi\\\/yleishallinto\\\/tietosuojaseloste-tilavarausjarjestelma\\\/\"]}]},{\"@type\":\"BreadcrumbList\",\"@id\":\"https:\\\/\\\/help.jamk.fi\\\/tietosuoja\\\/fi\\\/yleishallinto\\\/tietosuojaseloste-tilavarausjarjestelma\\\/#breadcrumb\",\"itemListElement\":[{\"@type\":\"ListItem\",\"position\":1,\"name\":\"Etusivu\",\"item\":\"https:\\\/\\\/help.jamk.fi\\\/tietosuoja\\\/fi\\\/\"},{\"@type\":\"ListItem\",\"position\":2,\"name\":\"Yleishallinto\",\"item\":\"https:\\\/\\\/help.jamk.fi\\\/tietosuoja\\\/fi\\\/yleishallinto\\\/\"},{\"@type\":\"ListItem\",\"position\":3,\"name\":\"Tietosuojaseloste tilavarausj\u00e4rjestelm\u00e4\"}]},{\"@type\":\"WebSite\",\"@id\":\"https:\\\/\\\/help.jamk.fi\\\/tietosuoja\\\/#website\",\"url\":\"https:\\\/\\\/help.jamk.fi\\\/tietosuoja\\\/\",\"name\":\"Tietosuoja\",\"description\":\"\",\"potentialAction\":[{\"@type\":\"SearchAction\",\"target\":{\"@type\":\"EntryPoint\",\"urlTemplate\":\"https:\\\/\\\/help.jamk.fi\\\/tietosuoja\\\/?s={search_term_string}\"},\"query-input\":{\"@type\":\"PropertyValueSpecification\",\"valueRequired\":true,\"valueName\":\"search_term_string\"}}],\"inLanguage\":\"fi\"}]}<\/script>\n<!-- \/ Yoast SEO plugin. -->","yoast_head_json":{"title":"Tietosuojaseloste tilavarausj\u00e4rjestelm\u00e4 - Tietosuoja","robots":{"index":"index","follow":"follow","max-snippet":"max-snippet:-1","max-image-preview":"max-image-preview:large","max-video-preview":"max-video-preview:-1"},"canonical":"https:\/\/help.jamk.fi\/tietosuoja\/fi\/yleishallinto\/tietosuojaseloste-tilavarausjarjestelma\/","og_locale":"fi_FI","og_type":"article","og_title":"Tietosuojaseloste tilavarausj\u00e4rjestelm\u00e4 - Tietosuoja","og_description":"Tietosuoja-asetus 2016\/679 1 Rekisterinpit\u00e4j\u00e4 Jyv\u00e4skyl\u00e4n Ammattikorkeakoulu OyPL 207, 40101 Jyv\u00e4skyl\u00e4+358 20 743 8100 2 Rekisterinpit\u00e4j\u00e4n yhteyshenkil\u00f6t Rekisterist\u00e4 vastaava johtaja: hallintojohtajaRekisterist\u00e4 vastaavan prosessin omistaja: palvelup\u00e4\u00e4llikk\u00f6Sis\u00e4ll\u00f6llinen p\u00e4\u00e4k\u00e4ytt\u00e4j\u00e4: suunnittelija, toimitilapalvelutTekninen p\u00e4\u00e4k\u00e4ytt\u00e4j\u00e4: j\u00e4rjestelm\u00e4suunnittelija, ICT-palvelut etunimi.sukunimi@jamk.fi 3 Rekisterin tiedot Jamk ker\u00e4\u00e4 rekisterinpit\u00e4j\u00e4n\u00e4 henkil\u00f6tietoja Pepin resurssien suunnitteluun ja varausj\u00e4rjestelm\u00e4\u00e4n. Palvelu on osa Pepin opintohallintoj\u00e4rjestelm\u00e4\u00e4. Tiloja varaamalla hoidetaan opetuksen j\u00e4rjest\u00e4minen sek\u00e4 muiden [&hellip;]","og_url":"https:\/\/help.jamk.fi\/tietosuoja\/fi\/yleishallinto\/tietosuojaseloste-tilavarausjarjestelma\/","og_site_name":"Tietosuoja","article_modified_time":"2024-12-16T10:14:21+00:00","twitter_card":"summary_large_image","twitter_misc":{"Arvioitu lukuaika":"3 minuuttia"},"schema":{"@context":"https:\/\/schema.org","@graph":[{"@type":"WebPage","@id":"https:\/\/help.jamk.fi\/tietosuoja\/fi\/yleishallinto\/tietosuojaseloste-tilavarausjarjestelma\/","url":"https:\/\/help.jamk.fi\/tietosuoja\/fi\/yleishallinto\/tietosuojaseloste-tilavarausjarjestelma\/","name":"Tietosuojaseloste tilavarausj\u00e4rjestelm\u00e4 - Tietosuoja","isPartOf":{"@id":"https:\/\/help.jamk.fi\/tietosuoja\/#website"},"datePublished":"2024-12-16T10:14:20+00:00","dateModified":"2024-12-16T10:14:21+00:00","breadcrumb":{"@id":"https:\/\/help.jamk.fi\/tietosuoja\/fi\/yleishallinto\/tietosuojaseloste-tilavarausjarjestelma\/#breadcrumb"},"inLanguage":"fi","potentialAction":[{"@type":"ReadAction","target":["https:\/\/help.jamk.fi\/tietosuoja\/fi\/yleishallinto\/tietosuojaseloste-tilavarausjarjestelma\/"]}]},{"@type":"BreadcrumbList","@id":"https:\/\/help.jamk.fi\/tietosuoja\/fi\/yleishallinto\/tietosuojaseloste-tilavarausjarjestelma\/#breadcrumb","itemListElement":[{"@type":"ListItem","position":1,"name":"Etusivu","item":"https:\/\/help.jamk.fi\/tietosuoja\/fi\/"},{"@type":"ListItem","position":2,"name":"Yleishallinto","item":"https:\/\/help.jamk.fi\/tietosuoja\/fi\/yleishallinto\/"},{"@type":"ListItem","position":3,"name":"Tietosuojaseloste tilavarausj\u00e4rjestelm\u00e4"}]},{"@type":"WebSite","@id":"https:\/\/help.jamk.fi\/tietosuoja\/#website","url":"https:\/\/help.jamk.fi\/tietosuoja\/","name":"Tietosuoja","description":"","potentialAction":[{"@type":"SearchAction","target":{"@type":"EntryPoint","urlTemplate":"https:\/\/help.jamk.fi\/tietosuoja\/?s={search_term_string}"},"query-input":{"@type":"PropertyValueSpecification","valueRequired":true,"valueName":"search_term_string"}}],"inLanguage":"fi"}]}},"_links":{"self":[{"href":"https:\/\/help.jamk.fi\/tietosuoja\/wp-json\/wp\/v2\/pages\/990","targetHints":{"allow":["GET"]}}],"collection":[{"href":"https:\/\/help.jamk.fi\/tietosuoja\/wp-json\/wp\/v2\/pages"}],"about":[{"href":"https:\/\/help.jamk.fi\/tietosuoja\/wp-json\/wp\/v2\/types\/page"}],"author":[{"embeddable":true,"href":"https:\/\/help.jamk.fi\/tietosuoja\/wp-json\/wp\/v2\/users\/178"}],"replies":[{"embeddable":true,"href":"https:\/\/help.jamk.fi\/tietosuoja\/wp-json\/wp\/v2\/comments?post=990"}],"version-history":[{"count":1,"href":"https:\/\/help.jamk.fi\/tietosuoja\/wp-json\/wp\/v2\/pages\/990\/revisions"}],"predecessor-version":[{"id":991,"href":"https:\/\/help.jamk.fi\/tietosuoja\/wp-json\/wp\/v2\/pages\/990\/revisions\/991"}],"up":[{"embeddable":true,"href":"https:\/\/help.jamk.fi\/tietosuoja\/wp-json\/wp\/v2\/pages\/494"}],"wp:attachment":[{"href":"https:\/\/help.jamk.fi\/tietosuoja\/wp-json\/wp\/v2\/media?parent=990"}],"wp:term":[{"taxonomy":"category","embeddable":true,"href":"https:\/\/help.jamk.fi\/tietosuoja\/wp-json\/wp\/v2\/categories?post=990"},{"taxonomy":"post_tag","embeddable":true,"href":"https:\/\/help.jamk.fi\/tietosuoja\/wp-json\/wp\/v2\/tags?post=990"}],"curies":[{"name":"wp","href":"https:\/\/api.w.org\/{rel}","templated":true}]}}